{"id":3913,"date":"2024-08-01T07:19:14","date_gmt":"2024-08-01T06:19:14","guid":{"rendered":"https:\/\/sxpowercase.com\/?post_type=product&#038;p=3913"},"modified":"2024-08-01T07:19:15","modified_gmt":"2024-08-01T06:19:15","slug":"butterfly-twist-latch-loa401","status":"publish","type":"product","link":"https:\/\/sxflightcase.com\/fr\/produit\/loquet-papillon-loa401-2\/","title":{"rendered":"Loquet \u00e0 papillon rotatif LOA401"},"content":{"rendered":"<h2>Am\u00e9liorez vos \u00e9tuis avec le syst\u00e8me de fermeture Butterfly Twist de SX<\/h2>\n<h3>S\u00e9curit\u00e9 et style sup\u00e9rieurs<\/h3>\n<p>Vous recherchez des fixations fiables et \u00e9l\u00e9gantes pour vos bo\u00eetiers ? SX propose des <strong>Loquet \u00e0 torsion papillon<\/strong>Ces loquets sont parfaits pour assurer la s\u00e9curit\u00e9 de votre \u00e9quipement. Ces loquets sont con\u00e7us pour fournir une fermeture ferme et s\u00fbre, emp\u00eachant les ouvertures accidentelles et gardant vos biens en s\u00e9curit\u00e9.<\/p>\n<h3>Prix directs d'usine pour une valeur imbattable<\/h3>\n<p>\u00c0 <a href=\"https:\/\/sxpowercase.com\/\" target=\"_blank\" rel=\"noopener\" title=\"SX\" data-wpil-monitor-id=\"616\">SX<\/a>Nous sommes convaincus de la n\u00e9cessit\u00e9 de fournir des produits de qualit\u00e9 sup\u00e9rieure \u00e0 des prix abordables. Nos services <strong>Fermetures papillon<\/strong> proviennent directement de notre usine, ce qui permet de supprimer les interm\u00e9diaires et de vous faire b\u00e9n\u00e9ficier des \u00e9conomies r\u00e9alis\u00e9es. Ce mod\u00e8le garantit que vous recevrez des loquets de qualit\u00e9 sup\u00e9rieure \u00e0 un co\u00fbt inf\u00e9rieur, ce qui en fait un excellent choix pour tous ceux qui cherchent \u00e0 am\u00e9liorer leur \u00e9quipement sans se ruiner.<\/p>\n<h3>Une qualit\u00e9 \u00e0 laquelle vous pouvez faire confiance<\/h3>\n<p>La qualit\u00e9 est au c\u0153ur de tout ce que nous faisons chez SX. La qualit\u00e9 est au c\u0153ur de tout ce que nous faisons chez SX. <strong>Fermetures papillon<\/strong> sont fabriqu\u00e9s avec des mat\u00e9riaux de haute qualit\u00e9, ce qui garantit leur durabilit\u00e9 et leur long\u00e9vit\u00e9. Chaque loquet est rigoureusement test\u00e9 pour r\u00e9pondre \u00e0 nos normes de qualit\u00e9 strictes, ce qui vous garantit un produit \u00e0 la fois fiable et robuste.<\/p>\n<h3>Des solutions personnalis\u00e9es pour r\u00e9pondre \u00e0 vos besoins<\/h3>\n<p>Nous comprenons que des projets diff\u00e9rents n\u00e9cessitent des solutions diff\u00e9rentes. C'est pourquoi SX propose des options de personnalisation pour ses produits. <strong>Fermetures papillon<\/strong>. Que vous ayez besoin d'une taille, d'une finition ou d'un mat\u00e9riau sp\u00e9cifique, nous pouvons adapter nos loquets \u00e0 vos sp\u00e9cifications exactes. Cette personnalisation vous permet d'obtenir l'ajustement parfait pour vos bo\u00eetiers, racks ou tout autre \u00e9quipement, en assurant \u00e0 la fois la s\u00e9curit\u00e9 et le style.<\/p>\n<h3>Installation facile et design \u00e9l\u00e9gant<\/h3>\n<p>SX <strong>Fermetures papillon<\/strong> sont con\u00e7us pour une installation facile, ce qui en fait un choix pratique pour n'importe quel projet. Leur design \u00e9l\u00e9gant et moderne ajoute non seulement un attrait esth\u00e9tique \u00e0 vos bo\u00eetiers, mais offre \u00e9galement des avantages pratiques, tels que la pr\u00e9vention des accrocs et la garantie d'un profil lisse. Ces loquets sont id\u00e9aux pour un large \u00e9ventail d'applications, notamment pour les \u00e9quipements audiovisuels, les instruments de musique et d'autres \u00e9quipements de valeur.<\/p>\n<h3>L&#039;avantage SX<\/h3>\n<p>Choisir SX, c'est choisir une marque qui s'engage sur la qualit\u00e9, le prix et la satisfaction du client. Notre approche directe de l'usine vous assure de recevoir les meilleurs produits. <strong>Fermetures papillon<\/strong> au prix le plus bas possible. Avec SX, vous avez la certitude d'obtenir un produit construit pour durer, adapt\u00e9 \u00e0 vos besoins et propos\u00e9 \u00e0 un prix comp\u00e9titif.<\/p>\n<h3>Prendre contact<\/h3>\n<p>Am\u00e9liorez vos bo\u00eetiers avec SX <strong>Fermetures papillon<\/strong> aujourd'hui. Nos loquets offrent la combinaison parfaite de s\u00e9curit\u00e9, de durabilit\u00e9 et de style, le tout \u00e0 un prix d'usine. Que vous ayez besoin d'un seul loquet ou d'une commande en gros, SX a ce qu'il vous faut. Contactez-nous d\u00e8s maintenant pour en savoir plus sur nos produits et nos options de personnalisation. Avec SX, vous obtenez le meilleur de la qualit\u00e9 et de la valeur, directement de la source.<\/p>\n<p>Contactez-nous maintenant :<span style=\"color: #0000ff;\"><a style=\"color: #0000ff;\" href=\"https:\/\/sxpowercase.com\/contact-us\/\">https:\/\/sxpowercase.com\/<\/a><\/span><\/p>\n<p>Catalogue de produits mat\u00e9riels :<span style=\"color: #3366ff;\"><a style=\"color: #3366ff;\" href=\"https:\/\/sxpowercase.com\/wp-content\/uploads\/2024\/07\/\u4e94\u91d1.pdf\">Catalogue d&#039;accessoires de quincaillerie<\/a><\/span><\/p>","protected":false},"excerpt":{"rendered":"<h3>S\u00fbr et \u00e9l\u00e9gant : Fermetures papillon SX<\/h3>\n<p>Am\u00e9liorez vos mallettes avec les fermetures Butterfly Twist de haute qualit\u00e9 de SX, offrant des fermetures fermes et fiables qui emp\u00eachent les ouvertures accidentelles tout en ajoutant un aspect \u00e9l\u00e9gant.<\/p>\n<h3>\u00c9conomies directes d'usine<\/h3>\n<p>Obtenez une valeur imbattable avec les prix directs d'usine de SX sur les loquets papillon. Profitez d'une qualit\u00e9 sup\u00e9rieure \u00e0 moindre co\u00fbt, en \u00e9liminant les interm\u00e9diaires pour r\u00e9aliser des \u00e9conomies maximales.<\/p>\n<h3>Personnalisable et facile \u00e0 installer<\/h3>\n<p>Les loquets Butterfly Twist de SX sont personnalisables en fonction de vos besoins. Ils sont disponibles en diff\u00e9rentes tailles, finitions et mat\u00e9riaux. Faciles \u00e0 installer, ils offrent un profil lisse et moderne, parfait pour tous les \u00e9quipements.<\/p>","protected":false},"featured_media":3788,"comment_status":"open","ping_status":"closed","template":"","meta":[],"product_brand":[],"product_cat":[61],"product_tag":[],"class_list":{"0":"post-3913","1":"product","2":"type-product","3":"status-publish","4":"has-post-thumbnail","6":"product_cat-catchother-locks","8":"first","9":"instock","10":"shipping-taxable","11":"product-type-simple"},"yoast_head":"<!-- This site is optimized with the Yoast SEO Premium plugin v27.1 (Yoast SEO v27.2) - https:\/\/yoast.com\/product\/yoast-seo-premium-wordpress\/ -->\n<title>Butterfly Twist Latch LOA401 - https:\/\/sxflightcase.com \ud83d\udc97<\/title>\n<meta name=\"description\" content=\"Butterfly twist latch, factory direct! Secure, high-quality locking solutions with a twist mechanism. Perfect for protecting equipment in flight cases and professional gear.\" \/>\n<meta name=\"robots\" content=\"index, follow, max-snippet:-1, max-image-preview:large, max-video-preview:-1\" \/>\n<link rel=\"canonical\" href=\"https:\/\/sxflightcase.com\/fr\/\u7522\u54c1\/\u8776\u5f62\u626d\u8f49\u9396\u820c-loa401\/\" \/>\n<meta property=\"og:locale\" content=\"fr_FR\" \/>\n<meta property=\"og:type\" content=\"article\" \/>\n<meta property=\"og:title\" content=\"Butterfly Twist Latch LOA401\" \/>\n<meta property=\"og:description\" content=\"Butterfly twist latch, factory direct! Secure, high-quality locking solutions with a twist mechanism. Perfect for protecting equipment in flight cases and professional gear.\" \/>\n<meta property=\"og:url\" content=\"https:\/\/sxflightcase.com\/fr\/\u7522\u54c1\/\u8776\u5f62\u626d\u8f49\u9396\u820c-loa401\/\" \/>\n<meta property=\"og:site_name\" content=\"https:\/\/sxflightcase.com\" \/>\n<meta property=\"article:publisher\" content=\"https:\/\/www.facebook.com\/profile.php?id=61560407257971\" \/>\n<meta property=\"article:modified_time\" content=\"2024-08-01T06:19:15+00:00\" \/>\n<meta property=\"og:image\" content=\"https:\/\/sxflightcase.com\/wp-content\/uploads\/2024\/07\/LOA401.jpg\" \/>\n\t<meta property=\"og:image:width\" content=\"520\" \/>\n\t<meta property=\"og:image:height\" content=\"470\" \/>\n\t<meta property=\"og:image:type\" content=\"image\/jpeg\" \/>\n<meta name=\"twitter:card\" content=\"summary_large_image\" \/>\n<meta name=\"twitter:label1\" content=\"Dur\u00e9e de lecture estim\u00e9e\" \/>\n\t<meta name=\"twitter:data1\" content=\"3 minutes\" \/>\n<script type=\"application\/ld+json\" class=\"yoast-schema-graph\">{\"@context\":\"https:\/\/schema.org\",\"@graph\":[{\"@type\":\"WebPage\",\"@id\":\"https:\/\/sxflightcase.com\/zh_hk\/\u7522\u54c1\/\u8776\u5f62\u626d\u8f49\u9396\u820c-loa401\/\",\"url\":\"https:\/\/sxflightcase.com\/zh_hk\/\u7522\u54c1\/\u8776\u5f62\u626d\u8f49\u9396\u820c-loa401\/\",\"name\":\"Butterfly Twist Latch LOA401 - https:\/\/sxflightcase.com \ud83d\udc97\",\"isPartOf\":{\"@id\":\"https:\/\/sxflightcase.com\/th\/#website\"},\"primaryImageOfPage\":{\"@id\":\"https:\/\/sxflightcase.com\/zh_hk\/\u7522\u54c1\/\u8776\u5f62\u626d\u8f49\u9396\u820c-loa401\/#primaryimage\"},\"image\":{\"@id\":\"https:\/\/sxflightcase.com\/zh_hk\/\u7522\u54c1\/\u8776\u5f62\u626d\u8f49\u9396\u820c-loa401\/#primaryimage\"},\"thumbnailUrl\":\"https:\/\/sxflightcase.com\/wp-content\/uploads\/2024\/07\/LOA401.jpg\",\"datePublished\":\"2024-08-01T06:19:14+00:00\",\"dateModified\":\"2024-08-01T06:19:15+00:00\",\"description\":\"Butterfly twist latch, factory direct! Secure, high-quality locking solutions with a twist mechanism. Perfect for protecting equipment in flight cases and professional gear.\",\"breadcrumb\":{\"@id\":\"https:\/\/sxflightcase.com\/zh_hk\/\u7522\u54c1\/\u8776\u5f62\u626d\u8f49\u9396\u820c-loa401\/#breadcrumb\"},\"inLanguage\":\"fr-FR\",\"potentialAction\":[{\"@type\":\"ReadAction\",\"target\":[\"https:\/\/sxflightcase.com\/zh_hk\/\u7522\u54c1\/\u8776\u5f62\u626d\u8f49\u9396\u820c-loa401\/\"]}]},{\"@type\":\"ImageObject\",\"inLanguage\":\"fr-FR\",\"@id\":\"https:\/\/sxflightcase.com\/zh_hk\/\u7522\u54c1\/\u8776\u5f62\u626d\u8f49\u9396\u820c-loa401\/#primaryimage\",\"url\":\"https:\/\/sxflightcase.com\/wp-content\/uploads\/2024\/07\/LOA401.jpg\",\"contentUrl\":\"https:\/\/sxflightcase.com\/wp-content\/uploads\/2024\/07\/LOA401.jpg\",\"width\":520,\"height\":470,\"caption\":\"Butterfly Twist Latch\"},{\"@type\":\"BreadcrumbList\",\"@id\":\"https:\/\/sxflightcase.com\/zh_hk\/\u7522\u54c1\/\u8776\u5f62\u626d\u8f49\u9396\u820c-loa401\/#breadcrumb\",\"itemListElement\":[{\"@type\":\"ListItem\",\"position\":1,\"name\":\"Home\",\"item\":\"https:\/\/sxflightcase.com\/\"},{\"@type\":\"ListItem\",\"position\":2,\"name\":\"\u0e2a\u0e34\u0e19\u0e04\u0e49\u0e32\",\"item\":\"https:\/\/sxflightcase.com\/th\/shop\/\"},{\"@type\":\"ListItem\",\"position\":3,\"name\":\"Butterfly Twist Latch LOA401\"}]},{\"@type\":\"WebSite\",\"@id\":\"https:\/\/sxflightcase.com\/th\/#website\",\"url\":\"https:\/\/sxflightcase.com\/th\/\",\"name\":\"sxpowercase.com\",\"description\":\"Flight Case Factory\",\"publisher\":{\"@id\":\"https:\/\/sxflightcase.com\/th\/#organization\"},\"potentialAction\":[{\"@type\":\"SearchAction\",\"target\":{\"@type\":\"EntryPoint\",\"urlTemplate\":\"https:\/\/sxflightcase.com\/th\/?s={search_term_string}\"},\"query-input\":{\"@type\":\"PropertyValueSpecification\",\"valueRequired\":true,\"valueName\":\"search_term_string\"}}],\"inLanguage\":\"fr-FR\"},{\"@type\":\"Organization\",\"@id\":\"https:\/\/sxflightcase.com\/th\/#organization\",\"name\":\"sxpowercase.com\",\"url\":\"https:\/\/sxflightcase.com\/th\/\",\"logo\":{\"@type\":\"ImageObject\",\"inLanguage\":\"fr-FR\",\"@id\":\"https:\/\/sxflightcase.com\/th\/#\/schema\/logo\/image\/\",\"url\":\"https:\/\/sxflightcase.com\/wp-content\/uploads\/2024\/04\/1713919036007.jpg\",\"contentUrl\":\"https:\/\/sxflightcase.com\/wp-content\/uploads\/2024\/04\/1713919036007.jpg\",\"width\":382,\"height\":388,\"caption\":\"sxpowercase.com\"},\"image\":{\"@id\":\"https:\/\/sxflightcase.com\/th\/#\/schema\/logo\/image\/\"},\"sameAs\":[\"https:\/\/www.facebook.com\/profile.php?id=61560407257971\"],\"numberOfEmployees\":{\"@type\":\"QuantitativeValue\",\"minValue\":\"11\",\"maxValue\":\"50\"}}]}<\/script>\n<!-- \/ Yoast SEO Premium plugin. -->","yoast_head_json":{"title":"Butterfly Twist Latch LOA401 - https:\/\/sxflightcase.com \ud83d\udc97","description":"Loquet tournant papillon, direct usine ! Solutions de verrouillage s\u00fbres et de haute qualit\u00e9 avec un m\u00e9canisme \u00e0 torsion. Parfaites pour prot\u00e9ger les \u00e9quipements dans les flight cases et le mat\u00e9riel professionnel.","robots":{"index":"index","follow":"follow","max-snippet":"max-snippet:-1","max-image-preview":"max-image-preview:large","max-video-preview":"max-video-preview:-1"},"canonical":"https:\/\/sxflightcase.com\/fr\/\u7522\u54c1\/\u8776\u5f62\u626d\u8f49\u9396\u820c-loa401\/","og_locale":"fr_FR","og_type":"article","og_title":"Butterfly Twist Latch LOA401","og_description":"Butterfly twist latch, factory direct! Secure, high-quality locking solutions with a twist mechanism. Perfect for protecting equipment in flight cases and professional gear.","og_url":"https:\/\/sxflightcase.com\/fr\/\u7522\u54c1\/\u8776\u5f62\u626d\u8f49\u9396\u820c-loa401\/","og_site_name":"https:\/\/sxflightcase.com","article_publisher":"https:\/\/www.facebook.com\/profile.php?id=61560407257971","article_modified_time":"2024-08-01T06:19:15+00:00","og_image":[{"width":520,"height":470,"url":"https:\/\/sxflightcase.com\/wp-content\/uploads\/2024\/07\/LOA401.jpg","type":"image\/jpeg"}],"twitter_card":"summary_large_image","twitter_misc":{"Dur\u00e9e de lecture estim\u00e9e":"3 minutes"},"schema":{"@context":"https:\/\/schema.org","@graph":[{"@type":"WebPage","@id":"https:\/\/sxflightcase.com\/zh_hk\/\u7522\u54c1\/\u8776\u5f62\u626d\u8f49\u9396\u820c-loa401\/","url":"https:\/\/sxflightcase.com\/zh_hk\/\u7522\u54c1\/\u8776\u5f62\u626d\u8f49\u9396\u820c-loa401\/","name":"Butterfly Twist Latch LOA401 - https:\/\/sxflightcase.com \ud83d\udc97","isPartOf":{"@id":"https:\/\/sxflightcase.com\/th\/#website"},"primaryImageOfPage":{"@id":"https:\/\/sxflightcase.com\/zh_hk\/\u7522\u54c1\/\u8776\u5f62\u626d\u8f49\u9396\u820c-loa401\/#primaryimage"},"image":{"@id":"https:\/\/sxflightcase.com\/zh_hk\/\u7522\u54c1\/\u8776\u5f62\u626d\u8f49\u9396\u820c-loa401\/#primaryimage"},"thumbnailUrl":"https:\/\/sxflightcase.com\/wp-content\/uploads\/2024\/07\/LOA401.jpg","datePublished":"2024-08-01T06:19:14+00:00","dateModified":"2024-08-01T06:19:15+00:00","description":"Loquet tournant papillon, direct usine ! Solutions de verrouillage s\u00fbres et de haute qualit\u00e9 avec un m\u00e9canisme \u00e0 torsion. Parfaites pour prot\u00e9ger les \u00e9quipements dans les flight cases et le mat\u00e9riel professionnel.","breadcrumb":{"@id":"https:\/\/sxflightcase.com\/zh_hk\/\u7522\u54c1\/\u8776\u5f62\u626d\u8f49\u9396\u820c-loa401\/#breadcrumb"},"inLanguage":"fr-FR","potentialAction":[{"@type":"ReadAction","target":["https:\/\/sxflightcase.com\/zh_hk\/\u7522\u54c1\/\u8776\u5f62\u626d\u8f49\u9396\u820c-loa401\/"]}]},{"@type":"ImageObject","inLanguage":"fr-FR","@id":"https:\/\/sxflightcase.com\/zh_hk\/\u7522\u54c1\/\u8776\u5f62\u626d\u8f49\u9396\u820c-loa401\/#primaryimage","url":"https:\/\/sxflightcase.com\/wp-content\/uploads\/2024\/07\/LOA401.jpg","contentUrl":"https:\/\/sxflightcase.com\/wp-content\/uploads\/2024\/07\/LOA401.jpg","width":520,"height":470,"caption":"Butterfly Twist Latch"},{"@type":"BreadcrumbList","@id":"https:\/\/sxflightcase.com\/zh_hk\/\u7522\u54c1\/\u8776\u5f62\u626d\u8f49\u9396\u820c-loa401\/#breadcrumb","itemListElement":[{"@type":"ListItem","position":1,"name":"Home","item":"https:\/\/sxflightcase.com\/"},{"@type":"ListItem","position":2,"name":"\u0e2a\u0e34\u0e19\u0e04\u0e49\u0e32","item":"https:\/\/sxflightcase.com\/th\/shop\/"},{"@type":"ListItem","position":3,"name":"Butterfly Twist Latch LOA401"}]},{"@type":"WebSite","@id":"https:\/\/sxflightcase.com\/th\/#website","url":"https:\/\/sxflightcase.com\/th\/","name":"sxpowercase.com","description":"Flight Case Factory","publisher":{"@id":"https:\/\/sxflightcase.com\/th\/#organization"},"potentialAction":[{"@type":"SearchAction","target":{"@type":"EntryPoint","urlTemplate":"https:\/\/sxflightcase.com\/th\/?s={search_term_string}"},"query-input":{"@type":"PropertyValueSpecification","valueRequired":true,"valueName":"search_term_string"}}],"inLanguage":"fr-FR"},{"@type":"Organization","@id":"https:\/\/sxflightcase.com\/th\/#organization","name":"sxpowercase.com","url":"https:\/\/sxflightcase.com\/th\/","logo":{"@type":"ImageObject","inLanguage":"fr-FR","@id":"https:\/\/sxflightcase.com\/th\/#\/schema\/logo\/image\/","url":"https:\/\/sxflightcase.com\/wp-content\/uploads\/2024\/04\/1713919036007.jpg","contentUrl":"https:\/\/sxflightcase.com\/wp-content\/uploads\/2024\/04\/1713919036007.jpg","width":382,"height":388,"caption":"sxpowercase.com"},"image":{"@id":"https:\/\/sxflightcase.com\/th\/#\/schema\/logo\/image\/"},"sameAs":["https:\/\/www.facebook.com\/profile.php?id=61560407257971"],"numberOfEmployees":{"@type":"QuantitativeValue","minValue":"11","maxValue":"50"}}]}},"_links":{"self":[{"href":"https:\/\/sxflightcase.com\/fr\/wp-json\/wp\/v2\/product\/3913","targetHints":{"allow":["GET"]}}],"collection":[{"href":"https:\/\/sxflightcase.com\/fr\/wp-json\/wp\/v2\/product"}],"about":[{"href":"https:\/\/sxflightcase.com\/fr\/wp-json\/wp\/v2\/types\/product"}],"replies":[{"embeddable":true,"href":"https:\/\/sxflightcase.com\/fr\/wp-json\/wp\/v2\/comments?post=3913"}],"version-history":[{"count":0,"href":"https:\/\/sxflightcase.com\/fr\/wp-json\/wp\/v2\/product\/3913\/revisions"}],"wp:featuredmedia":[{"embeddable":true,"href":"https:\/\/sxflightcase.com\/fr\/wp-json\/wp\/v2\/media\/3788"}],"wp:attachment":[{"href":"https:\/\/sxflightcase.com\/fr\/wp-json\/wp\/v2\/media?parent=3913"}],"wp:term":[{"taxonomy":"product_brand","embeddable":true,"href":"https:\/\/sxflightcase.com\/fr\/wp-json\/wp\/v2\/product_brand?post=3913"},{"taxonomy":"product_cat","embeddable":true,"href":"https:\/\/sxflightcase.com\/fr\/wp-json\/wp\/v2\/product_cat?post=3913"},{"taxonomy":"product_tag","embeddable":true,"href":"https:\/\/sxflightcase.com\/fr\/wp-json\/wp\/v2\/product_tag?post=3913"}],"curies":[{"name":"wp","href":"https:\/\/api.w.org\/{rel}","templated":true}]}}