{"id":3914,"date":"2024-08-01T07:21:03","date_gmt":"2024-08-01T06:21:03","guid":{"rendered":"https:\/\/sxpowercase.com\/?post_type=product&#038;p=3914"},"modified":"2024-08-02T07:22:56","modified_gmt":"2024-08-02T06:22:56","slug":"butterfly-twist-latch-loa402","status":"publish","type":"product","link":"https:\/\/sxflightcase.com\/fr\/produit\/loquet-papillon-loa402-2\/","title":{"rendered":"Loquet \u00e0 papillon rotatif LOA402"},"content":{"rendered":"<h2>S\u00e9curisez votre \u00e9quipement avec le loquet \u00e0 torsion papillon SX<\/h2>\n<h3>Des solutions de fixation fiables<\/h3>\n<p>Pour ceux qui ont besoin de fermetures fiables et \u00e9l\u00e9gantes pour leurs mallettes d'\u00e9quipement, SX offre la solution parfaite : <strong>Loquet \u00e0 torsion papillon<\/strong>. Ces loquets sont sp\u00e9cialement con\u00e7us pour fournir un verrouillage s\u00fbr et ferme, garantissant que votre \u00e9quipement reste prot\u00e9g\u00e9 pendant le transport ou le stockage.<\/p>\n<h3>Directement de l'usine \u00e0 vous<\/h3>\n<p>Chez SX, nous donnons la priorit\u00e9 \u00e0 la qualit\u00e9 et \u00e0 l'accessibilit\u00e9 financi\u00e8re. En offrant <strong><a href=\"https:\/\/sxpowercase.com\/product\/butterfly-twist-latch-loa401\/\" target=\"_blank\" rel=\"noopener\" data-wpil-monitor-id=\"618\">Fermetures papillon<\/a><\/strong> directement depuis notre usine, nous \u00e9liminons les co\u00fbts suppl\u00e9mentaires, ce qui vous permet de b\u00e9n\u00e9ficier d'un prix direct. Cela signifie que vous recevez des loquets de premi\u00e8re qualit\u00e9 \u00e0 une fraction du co\u00fbt, ce qui en fait un choix \u00e9conomique pour s\u00e9curiser votre mat\u00e9riel de valeur.<\/p>\n<h3>Con\u00e7u pour durer<\/h3>\n<p>Chaque <strong>Loquet \u00e0 torsion papillon<\/strong> de <a title=\"SX\" href=\"https:\/\/sxpowercase.com\/\" target=\"_blank\" rel=\"noopener\" data-wpil-monitor-id=\"617\">SX<\/a> est fabriqu\u00e9 \u00e0 partir de mat\u00e9riaux de premi\u00e8re qualit\u00e9, con\u00e7us pour r\u00e9sister \u00e0 une utilisation fr\u00e9quente et \u00e0 des conditions difficiles. Nous effectuons des tests approfondis pour nous assurer que chaque loquet r\u00e9pond \u00e0 nos exigences \u00e9lev\u00e9es en mati\u00e8re de durabilit\u00e9 et de fiabilit\u00e9. En choisissant SX, vous optez pour un loquet non seulement robuste, mais aussi con\u00e7u pour durer.<\/p>\n<h3>Personnalisation pour r\u00e9pondre \u00e0 vos besoins<\/h3>\n<p>Conscient que chaque projet a des exigences uniques, SX propose des options de personnalisation pour ses services. <strong>Fermetures papillon<\/strong>. Que vous ayez besoin de dimensions, de finitions ou de mat\u00e9riaux sp\u00e9cifiques, nous pouvons personnaliser nos produits pour r\u00e9pondre \u00e0 vos sp\u00e9cifications exactes. Cette flexibilit\u00e9 garantit que nos loquets s'adaptent parfaitement \u00e0 votre \u00e9quipement, offrant une solution sur mesure qui allie fonctionnalit\u00e9 et esth\u00e9tique.<\/p>\n<h3>Facilit\u00e9 d'utilisation et design moderne<\/h3>\n<p>SX <strong>Fermetures papillon<\/strong> sont con\u00e7us pour faciliter l'installation, ce qui en fait un choix pratique pour toutes les applications. Leur design moderne ne se contente pas de rehausser l'aspect de vos bo\u00eetiers, il offre \u00e9galement des avantages pratiques tels qu'une finition \u00e0 profil bas qui r\u00e9duit le risque d'accrochage. Id\u00e9ales pour une vari\u00e9t\u00e9 d'utilisations, y compris les flight cases et les bo\u00eetiers de protection, ces fermetures offrent \u00e0 la fois style et praticit\u00e9.<\/p>\n<h3>Pourquoi choisir SX?<\/h3>\n<p>Choisir SX, c'est opter pour une marque qui s'engage \u00e0 fournir des solutions de haute qualit\u00e9 et rentables. Nos <strong>Fermetures papillon<\/strong> offrent une valeur in\u00e9gal\u00e9e, combinant durabilit\u00e9, s\u00e9curit\u00e9 et design \u00e9l\u00e9gant. En achetant directement aupr\u00e8s de l'usine, vous b\u00e9n\u00e9ficiez du meilleur prix possible et de l'assurance d'un produit qui r\u00e9pondra \u00e0 vos attentes.<\/p>\n<h3>Contactez-nous aujourd&#039;hui<\/h3>\n<p>Am\u00e9liorez vos bo\u00eetiers d'\u00e9quipement avec SX <strong>Fermetures papillon<\/strong>. Ces loquets offrent l'\u00e9quilibre parfait entre la s\u00e9curit\u00e9 et le style, le tout \u00e0 un prix d'usine. Que vous ayez besoin d'options personnalis\u00e9es ou d'une solution standard, SX poss\u00e8de l'expertise n\u00e9cessaire pour vous fournir les loquets qui r\u00e9pondent \u00e0 vos besoins. Contactez-nous d\u00e8s aujourd'hui pour en savoir plus sur nos produits et sur la fa\u00e7on dont nous pouvons vous aider \u00e0 s\u00e9curiser votre \u00e9quipement avec les meilleurs loquets du march\u00e9. Avec SX, la qualit\u00e9 et la valeur sont toujours garanties.<\/p>\n<p>Contactez-nous maintenant :<span style=\"color: #0000ff;\"><a style=\"color: #0000ff;\" href=\"https:\/\/sxpowercase.com\/contact-us\/\">https:\/\/sxpowercase.com\/<\/a><\/span><\/p>\n<p>Catalogue de produits mat\u00e9riels :<span style=\"color: #3366ff;\"><a style=\"color: #3366ff;\" href=\"https:\/\/sxpowercase.com\/wp-content\/uploads\/2024\/07\/\u4e94\u91d1.pdf\">Catalogue d&#039;accessoires de quincaillerie<\/a><\/span><\/p>","protected":false},"excerpt":{"rendered":"<h3>S\u00fbr et \u00e9l\u00e9gant : Fermetures papillon SX<\/h3>\n<p>Am\u00e9liorez vos mallettes avec les fermetures Butterfly Twist de haute qualit\u00e9 de SX, offrant des fermetures fermes et fiables qui emp\u00eachent les ouvertures accidentelles tout en ajoutant un aspect \u00e9l\u00e9gant.<\/p>\n<h3>\u00c9conomies directes d'usine<\/h3>\n<p>Obtenez une valeur imbattable avec les prix directs d'usine de SX sur les loquets papillon. Profitez d'une qualit\u00e9 sup\u00e9rieure \u00e0 moindre co\u00fbt, en \u00e9liminant les interm\u00e9diaires pour r\u00e9aliser des \u00e9conomies maximales.<\/p>\n<h3>Personnalisable et facile \u00e0 installer<\/h3>\n<p>Les loquets Butterfly Twist de SX sont personnalisables en fonction de vos besoins. Ils sont disponibles en diff\u00e9rentes tailles, finitions et mat\u00e9riaux. Faciles \u00e0 installer, ils offrent un profil lisse et moderne, parfait pour tous les \u00e9quipements.<\/p>","protected":false},"featured_media":3789,"comment_status":"open","ping_status":"closed","template":"","meta":[],"product_brand":[],"product_cat":[61],"product_tag":[],"class_list":{"0":"post-3914","1":"product","2":"type-product","3":"status-publish","4":"has-post-thumbnail","6":"product_cat-catchother-locks","8":"first","9":"instock","10":"shipping-taxable","11":"product-type-simple"},"yoast_head":"<!-- This site is optimized with the Yoast SEO Premium plugin v27.1 (Yoast SEO v27.2) - https:\/\/yoast.com\/product\/yoast-seo-premium-wordpress\/ -->\n<title>Butterfly Twist Latch LOA402 - https:\/\/sxflightcase.com \ud83d\udc97<\/title>\n<meta name=\"description\" content=\"Butterfly twist latch, factory direct! Secure, high-quality locking solutions with a twist mechanism. Perfect for protecting equipment in flight cases and professional gear.\" \/>\n<meta name=\"robots\" content=\"index, follow, max-snippet:-1, max-image-preview:large, max-video-preview:-1\" \/>\n<link rel=\"canonical\" href=\"https:\/\/sxflightcase.com\/fr\/urun\/kelebek-bukumlu-mandal-loa402-2\/\" \/>\n<meta property=\"og:locale\" content=\"fr_FR\" \/>\n<meta property=\"og:type\" content=\"article\" \/>\n<meta property=\"og:title\" content=\"Butterfly Twist Latch LOA402\" \/>\n<meta property=\"og:description\" content=\"Butterfly twist latch, factory direct! Secure, high-quality locking solutions with a twist mechanism. Perfect for protecting equipment in flight cases and professional gear.\" \/>\n<meta property=\"og:url\" content=\"https:\/\/sxflightcase.com\/fr\/urun\/kelebek-bukumlu-mandal-loa402-2\/\" \/>\n<meta property=\"og:site_name\" content=\"https:\/\/sxflightcase.com\" \/>\n<meta property=\"article:publisher\" content=\"https:\/\/www.facebook.com\/profile.php?id=61560407257971\" \/>\n<meta property=\"article:modified_time\" content=\"2024-08-02T06:22:56+00:00\" \/>\n<meta property=\"og:image\" content=\"https:\/\/sxflightcase.com\/wp-content\/uploads\/2024\/07\/LOA402.jpg\" \/>\n\t<meta property=\"og:image:width\" content=\"520\" \/>\n\t<meta property=\"og:image:height\" content=\"449\" \/>\n\t<meta property=\"og:image:type\" content=\"image\/jpeg\" \/>\n<meta name=\"twitter:card\" content=\"summary_large_image\" \/>\n<meta name=\"twitter:label1\" content=\"Dur\u00e9e de lecture estim\u00e9e\" \/>\n\t<meta name=\"twitter:data1\" content=\"3 minutes\" \/>\n<script type=\"application\/ld+json\" class=\"yoast-schema-graph\">{\"@context\":\"https:\/\/schema.org\",\"@graph\":[{\"@type\":\"WebPage\",\"@id\":\"https:\/\/sxflightcase.com\/tr\/urun\/kelebek-bukumlu-mandal-loa402-2\/\",\"url\":\"https:\/\/sxflightcase.com\/tr\/urun\/kelebek-bukumlu-mandal-loa402-2\/\",\"name\":\"Butterfly Twist Latch LOA402 - https:\/\/sxflightcase.com \ud83d\udc97\",\"isPartOf\":{\"@id\":\"https:\/\/sxflightcase.com\/th\/#website\"},\"primaryImageOfPage\":{\"@id\":\"https:\/\/sxflightcase.com\/tr\/urun\/kelebek-bukumlu-mandal-loa402-2\/#primaryimage\"},\"image\":{\"@id\":\"https:\/\/sxflightcase.com\/tr\/urun\/kelebek-bukumlu-mandal-loa402-2\/#primaryimage\"},\"thumbnailUrl\":\"https:\/\/sxflightcase.com\/wp-content\/uploads\/2024\/07\/LOA402.jpg\",\"datePublished\":\"2024-08-01T06:21:03+00:00\",\"dateModified\":\"2024-08-02T06:22:56+00:00\",\"description\":\"Butterfly twist latch, factory direct! Secure, high-quality locking solutions with a twist mechanism. Perfect for protecting equipment in flight cases and professional gear.\",\"breadcrumb\":{\"@id\":\"https:\/\/sxflightcase.com\/tr\/urun\/kelebek-bukumlu-mandal-loa402-2\/#breadcrumb\"},\"inLanguage\":\"fr-FR\",\"potentialAction\":[{\"@type\":\"ReadAction\",\"target\":[\"https:\/\/sxflightcase.com\/tr\/urun\/kelebek-bukumlu-mandal-loa402-2\/\"]}]},{\"@type\":\"ImageObject\",\"inLanguage\":\"fr-FR\",\"@id\":\"https:\/\/sxflightcase.com\/tr\/urun\/kelebek-bukumlu-mandal-loa402-2\/#primaryimage\",\"url\":\"https:\/\/sxflightcase.com\/wp-content\/uploads\/2024\/07\/LOA402.jpg\",\"contentUrl\":\"https:\/\/sxflightcase.com\/wp-content\/uploads\/2024\/07\/LOA402.jpg\",\"width\":520,\"height\":449,\"caption\":\"Butterfly Twist Latch\"},{\"@type\":\"BreadcrumbList\",\"@id\":\"https:\/\/sxflightcase.com\/tr\/urun\/kelebek-bukumlu-mandal-loa402-2\/#breadcrumb\",\"itemListElement\":[{\"@type\":\"ListItem\",\"position\":1,\"name\":\"Home\",\"item\":\"https:\/\/sxflightcase.com\/\"},{\"@type\":\"ListItem\",\"position\":2,\"name\":\"\u0e2a\u0e34\u0e19\u0e04\u0e49\u0e32\",\"item\":\"https:\/\/sxflightcase.com\/th\/shop\/\"},{\"@type\":\"ListItem\",\"position\":3,\"name\":\"Butterfly Twist Latch LOA402\"}]},{\"@type\":\"WebSite\",\"@id\":\"https:\/\/sxflightcase.com\/th\/#website\",\"url\":\"https:\/\/sxflightcase.com\/th\/\",\"name\":\"sxpowercase.com\",\"description\":\"Flight Case Factory\",\"publisher\":{\"@id\":\"https:\/\/sxflightcase.com\/th\/#organization\"},\"potentialAction\":[{\"@type\":\"SearchAction\",\"target\":{\"@type\":\"EntryPoint\",\"urlTemplate\":\"https:\/\/sxflightcase.com\/th\/?s={search_term_string}\"},\"query-input\":{\"@type\":\"PropertyValueSpecification\",\"valueRequired\":true,\"valueName\":\"search_term_string\"}}],\"inLanguage\":\"fr-FR\"},{\"@type\":\"Organization\",\"@id\":\"https:\/\/sxflightcase.com\/th\/#organization\",\"name\":\"sxpowercase.com\",\"url\":\"https:\/\/sxflightcase.com\/th\/\",\"logo\":{\"@type\":\"ImageObject\",\"inLanguage\":\"fr-FR\",\"@id\":\"https:\/\/sxflightcase.com\/th\/#\/schema\/logo\/image\/\",\"url\":\"https:\/\/sxflightcase.com\/wp-content\/uploads\/2024\/04\/1713919036007.jpg\",\"contentUrl\":\"https:\/\/sxflightcase.com\/wp-content\/uploads\/2024\/04\/1713919036007.jpg\",\"width\":382,\"height\":388,\"caption\":\"sxpowercase.com\"},\"image\":{\"@id\":\"https:\/\/sxflightcase.com\/th\/#\/schema\/logo\/image\/\"},\"sameAs\":[\"https:\/\/www.facebook.com\/profile.php?id=61560407257971\"],\"numberOfEmployees\":{\"@type\":\"QuantitativeValue\",\"minValue\":\"11\",\"maxValue\":\"50\"}}]}<\/script>\n<!-- \/ Yoast SEO Premium plugin. -->","yoast_head_json":{"title":"Butterfly Twist Latch LOA402 - https:\/\/sxflightcase.com \ud83d\udc97","description":"Loquet tournant papillon, direct usine ! Solutions de verrouillage s\u00fbres et de haute qualit\u00e9 avec un m\u00e9canisme \u00e0 torsion. Parfaites pour prot\u00e9ger les \u00e9quipements dans les flight cases et le mat\u00e9riel professionnel.","robots":{"index":"index","follow":"follow","max-snippet":"max-snippet:-1","max-image-preview":"max-image-preview:large","max-video-preview":"max-video-preview:-1"},"canonical":"https:\/\/sxflightcase.com\/fr\/urun\/kelebek-bukumlu-mandal-loa402-2\/","og_locale":"fr_FR","og_type":"article","og_title":"Butterfly Twist Latch LOA402","og_description":"Butterfly twist latch, factory direct! Secure, high-quality locking solutions with a twist mechanism. Perfect for protecting equipment in flight cases and professional gear.","og_url":"https:\/\/sxflightcase.com\/fr\/urun\/kelebek-bukumlu-mandal-loa402-2\/","og_site_name":"https:\/\/sxflightcase.com","article_publisher":"https:\/\/www.facebook.com\/profile.php?id=61560407257971","article_modified_time":"2024-08-02T06:22:56+00:00","og_image":[{"width":520,"height":449,"url":"https:\/\/sxflightcase.com\/wp-content\/uploads\/2024\/07\/LOA402.jpg","type":"image\/jpeg"}],"twitter_card":"summary_large_image","twitter_misc":{"Dur\u00e9e de lecture estim\u00e9e":"3 minutes"},"schema":{"@context":"https:\/\/schema.org","@graph":[{"@type":"WebPage","@id":"https:\/\/sxflightcase.com\/tr\/urun\/kelebek-bukumlu-mandal-loa402-2\/","url":"https:\/\/sxflightcase.com\/tr\/urun\/kelebek-bukumlu-mandal-loa402-2\/","name":"Butterfly Twist Latch LOA402 - https:\/\/sxflightcase.com \ud83d\udc97","isPartOf":{"@id":"https:\/\/sxflightcase.com\/th\/#website"},"primaryImageOfPage":{"@id":"https:\/\/sxflightcase.com\/tr\/urun\/kelebek-bukumlu-mandal-loa402-2\/#primaryimage"},"image":{"@id":"https:\/\/sxflightcase.com\/tr\/urun\/kelebek-bukumlu-mandal-loa402-2\/#primaryimage"},"thumbnailUrl":"https:\/\/sxflightcase.com\/wp-content\/uploads\/2024\/07\/LOA402.jpg","datePublished":"2024-08-01T06:21:03+00:00","dateModified":"2024-08-02T06:22:56+00:00","description":"Loquet tournant papillon, direct usine ! Solutions de verrouillage s\u00fbres et de haute qualit\u00e9 avec un m\u00e9canisme \u00e0 torsion. Parfaites pour prot\u00e9ger les \u00e9quipements dans les flight cases et le mat\u00e9riel professionnel.","breadcrumb":{"@id":"https:\/\/sxflightcase.com\/tr\/urun\/kelebek-bukumlu-mandal-loa402-2\/#breadcrumb"},"inLanguage":"fr-FR","potentialAction":[{"@type":"ReadAction","target":["https:\/\/sxflightcase.com\/tr\/urun\/kelebek-bukumlu-mandal-loa402-2\/"]}]},{"@type":"ImageObject","inLanguage":"fr-FR","@id":"https:\/\/sxflightcase.com\/tr\/urun\/kelebek-bukumlu-mandal-loa402-2\/#primaryimage","url":"https:\/\/sxflightcase.com\/wp-content\/uploads\/2024\/07\/LOA402.jpg","contentUrl":"https:\/\/sxflightcase.com\/wp-content\/uploads\/2024\/07\/LOA402.jpg","width":520,"height":449,"caption":"Butterfly Twist Latch"},{"@type":"BreadcrumbList","@id":"https:\/\/sxflightcase.com\/tr\/urun\/kelebek-bukumlu-mandal-loa402-2\/#breadcrumb","itemListElement":[{"@type":"ListItem","position":1,"name":"Home","item":"https:\/\/sxflightcase.com\/"},{"@type":"ListItem","position":2,"name":"\u0e2a\u0e34\u0e19\u0e04\u0e49\u0e32","item":"https:\/\/sxflightcase.com\/th\/shop\/"},{"@type":"ListItem","position":3,"name":"Butterfly Twist Latch LOA402"}]},{"@type":"WebSite","@id":"https:\/\/sxflightcase.com\/th\/#website","url":"https:\/\/sxflightcase.com\/th\/","name":"sxpowercase.com","description":"Flight Case Factory","publisher":{"@id":"https:\/\/sxflightcase.com\/th\/#organization"},"potentialAction":[{"@type":"SearchAction","target":{"@type":"EntryPoint","urlTemplate":"https:\/\/sxflightcase.com\/th\/?s={search_term_string}"},"query-input":{"@type":"PropertyValueSpecification","valueRequired":true,"valueName":"search_term_string"}}],"inLanguage":"fr-FR"},{"@type":"Organization","@id":"https:\/\/sxflightcase.com\/th\/#organization","name":"sxpowercase.com","url":"https:\/\/sxflightcase.com\/th\/","logo":{"@type":"ImageObject","inLanguage":"fr-FR","@id":"https:\/\/sxflightcase.com\/th\/#\/schema\/logo\/image\/","url":"https:\/\/sxflightcase.com\/wp-content\/uploads\/2024\/04\/1713919036007.jpg","contentUrl":"https:\/\/sxflightcase.com\/wp-content\/uploads\/2024\/04\/1713919036007.jpg","width":382,"height":388,"caption":"sxpowercase.com"},"image":{"@id":"https:\/\/sxflightcase.com\/th\/#\/schema\/logo\/image\/"},"sameAs":["https:\/\/www.facebook.com\/profile.php?id=61560407257971"],"numberOfEmployees":{"@type":"QuantitativeValue","minValue":"11","maxValue":"50"}}]}},"_links":{"self":[{"href":"https:\/\/sxflightcase.com\/fr\/wp-json\/wp\/v2\/product\/3914","targetHints":{"allow":["GET"]}}],"collection":[{"href":"https:\/\/sxflightcase.com\/fr\/wp-json\/wp\/v2\/product"}],"about":[{"href":"https:\/\/sxflightcase.com\/fr\/wp-json\/wp\/v2\/types\/product"}],"replies":[{"embeddable":true,"href":"https:\/\/sxflightcase.com\/fr\/wp-json\/wp\/v2\/comments?post=3914"}],"version-history":[{"count":0,"href":"https:\/\/sxflightcase.com\/fr\/wp-json\/wp\/v2\/product\/3914\/revisions"}],"wp:featuredmedia":[{"embeddable":true,"href":"https:\/\/sxflightcase.com\/fr\/wp-json\/wp\/v2\/media\/3789"}],"wp:attachment":[{"href":"https:\/\/sxflightcase.com\/fr\/wp-json\/wp\/v2\/media?parent=3914"}],"wp:term":[{"taxonomy":"product_brand","embeddable":true,"href":"https:\/\/sxflightcase.com\/fr\/wp-json\/wp\/v2\/product_brand?post=3914"},{"taxonomy":"product_cat","embeddable":true,"href":"https:\/\/sxflightcase.com\/fr\/wp-json\/wp\/v2\/product_cat?post=3914"},{"taxonomy":"product_tag","embeddable":true,"href":"https:\/\/sxflightcase.com\/fr\/wp-json\/wp\/v2\/product_tag?post=3914"}],"curies":[{"name":"wp","href":"https:\/\/api.w.org\/{rel}","templated":true}]}}