{"id":3925,"date":"2024-08-02T07:29:17","date_gmt":"2024-08-02T06:29:17","guid":{"rendered":"https:\/\/sxpowercase.com\/?post_type=product&#038;p=3925"},"modified":"2024-08-02T07:29:38","modified_gmt":"2024-08-02T06:29:38","slug":"flight-case-latch-loa403","status":"publish","type":"product","link":"https:\/\/sxflightcase.com\/fr\/produit\/loa403-loa403-loa403-loa403-loa403-loa403-loa403-loa403-2\/","title":{"rendered":"Loquet de Flight Case LOA403"},"content":{"rendered":"<h2>SX Flight Case Latches : Des solutions s\u00fbres et abordables<\/h2>\n<h3>Des loquets de qualit\u00e9 \u00e0 des prix directs d'usine<\/h3>\n<p>Lorsqu'il s'agit de s\u00e9curiser votre \u00e9quipement de valeur, SX propose des solutions fiables et rentables. <strong>Loquet pour Flight Case<\/strong>. En nous approvisionnant directement aupr\u00e8s de l'usine, nous \u00e9liminons les majorations inutiles et vous proposons des loquets de haute qualit\u00e9 \u00e0 des prix avantageux. Cette approche vous permet d'obtenir le meilleur rapport qualit\u00e9-prix sans compromis sur la qualit\u00e9.<\/p>\n<h3>Durable et fiable<\/h3>\n<p>\u00c0 <a title=\"SX\" href=\"https:\/\/sxpowercase.com\/\" target=\"_blank\" rel=\"noopener\" data-wpil-monitor-id=\"620\">SX<\/a>Nous sommes conscients de l'importance de la durabilit\u00e9 du mat\u00e9riel d'\u00e9quipement. Nos <strong><a href=\"https:\/\/sxpowercase.com\/flight-case\/\" target=\"_blank\" rel=\"noopener\"  data-wpil-monitor-id=\"621\">\u00c9tui de transport<\/a> Loquets<\/strong> sont fabriqu\u00e9s \u00e0 partir de mat\u00e9riaux robustes, con\u00e7us pour r\u00e9sister aux rigueurs d'une utilisation fr\u00e9quente. Chaque verrou est soumis \u00e0 des contr\u00f4les de qualit\u00e9 rigoureux afin de garantir qu'il r\u00e9pond \u00e0 nos normes strictes. Avec SX, vous pouvez \u00eatre s\u00fbr que votre \u00e9quipement restera solidement fix\u00e9 pendant le transport et le stockage.<\/p>\n<h3>Personnalisation pour r\u00e9pondre \u00e0 vos besoins<\/h3>\n<p>Chaque projet est unique, tout comme les besoins de nos clients. SX propose des options de personnalisation pour ses <strong>Loquets pour Flight Case<\/strong>Vous pouvez ainsi les adapter \u00e0 vos besoins sp\u00e9cifiques. Que vous ayez besoin de tailles, de finitions ou de m\u00e9canismes de verrouillage diff\u00e9rents, notre \u00e9quipe peut r\u00e9pondre \u00e0 vos besoins. Cette personnalisation garantit un ajustement parfait de vos flight cases, am\u00e9liorant \u00e0 la fois leur fonctionnalit\u00e9 et leur apparence.<\/p>\n<h3>Installation facile et design \u00e9l\u00e9gant<\/h3>\n<p>SX <strong>Loquet pour Flight Case<\/strong>\u00a0sont con\u00e7us pour faciliter l'installation. Leur conception conviviale permet de les fixer facilement, ce qui vous fait gagner du temps et vous \u00e9pargne des efforts. En outre, ces loquets sont dot\u00e9s d'une conception \u00e9l\u00e9gante et discr\u00e8te qui, en plus d'\u00eatre esth\u00e9tique, r\u00e9duit le risque d'accrochage. Id\u00e9ales pour une vari\u00e9t\u00e9 d'applications, elles constituent une solution s\u00fbre et \u00e9l\u00e9gante pour vos flight cases.<\/p>\n<h3>Pourquoi choisir SX?<\/h3>\n<p>Choisir SX, c'est opter pour une marque qui privil\u00e9gie la qualit\u00e9 et le prix. Nos <strong>Loquet pour Flight Case<\/strong>\u00a0combinent une construction durable avec un prix d'usine, ce qui en fait un excellent choix pour tous ceux qui cherchent \u00e0 s\u00e9curiser leur \u00e9quipement sans se ruiner. SX s'engage \u00e0 satisfaire ses clients et fournit des produits fiables accompagn\u00e9s d'un service exceptionnel.<\/p>\n<h3>Prendre contact<\/h3>\n<p>S\u00e9curisez votre mat\u00e9riel avec SX <strong>Loquet pour Flight Case<\/strong>. Nos loquets offrent un \u00e9quilibre parfait entre s\u00e9curit\u00e9, durabilit\u00e9 et prix abordable, ce qui en fait un choix id\u00e9al pour les professionnels et les amateurs. Contactez-nous d\u00e8s aujourd'hui pour en savoir plus sur nos produits et sur la fa\u00e7on dont nous pouvons vous fournir les meilleurs loquets du march\u00e9. Avec SX, vous avez la garantie de produits de qualit\u00e9 \u00e0 des prix imbattables.<\/p>\n<p>les meilleurs loquets du march\u00e9. Avec SX, la qualit\u00e9 et la valeur sont toujours garanties.<\/p>\n<p>Contactez-nous maintenant :<span style=\"color: #0000ff;\"><a style=\"color: #0000ff;\" href=\"https:\/\/sxpowercase.com\/contact-us\/\">https:\/\/sxpowercase.com\/<\/a><\/span><\/p>\n<p>Catalogue de produits mat\u00e9riels :<span style=\"color: #3366ff;\"><a style=\"color: #3366ff;\" href=\"https:\/\/sxpowercase.com\/wp-content\/uploads\/2024\/07\/\u4e94\u91d1.pdf\">Catalogue d&#039;accessoires de quincaillerie<\/a><\/span><\/p>","protected":false},"excerpt":{"rendered":"<div class=\"flex flex-grow flex-col max-w-full\">\n<div class=\"min-h-[20px] text-message flex w-full flex-col items-end gap-2 whitespace-pre-wrap break-words [.text-message+&amp;]:mt-5 overflow-x-auto\" dir=\"auto\" data-message-author-role=\"assistant\" data-message-id=\"fe00e1d7-a98f-41d6-8003-ac0d4d048d2c\">\n<div class=\"flex w-full flex-col gap-1 empty:hidden first:pt-[3px]\">\n<div class=\"markdown prose w-full break-words dark:prose-invert light\">\n<h3>Secure and Affordable SX Flight Case Latches<\/h3>\n<p>Get reliable, high-quality latches at factory-direct prices. SX Flight Case Latches offer unbeatable value, securing your equipment without compromising on quality.<\/p>\n<h3>Durable and Customisable Solutions<\/h3>\n<p>Made from robust materials, SX Flight Case Latches are built to last. Customisation options are available to meet your specific needs, ensuring a perfect fit and enhanced functionality.<\/p>\n<h3>Easy Installation with Sleek Design<\/h3>\n<p>SX Flight Case Latches are easy to install and feature a sleek, low-profile design. Ideal for various applications, they provide secure and stylish closures for your flight cases.<\/p>\n<\/div>\n<\/div>\n<\/div>\n<\/div>\n","protected":false},"featured_media":3790,"comment_status":"open","ping_status":"closed","template":"","meta":[],"product_brand":[],"product_cat":[61],"product_tag":[],"class_list":{"0":"post-3925","1":"product","2":"type-product","3":"status-publish","4":"has-post-thumbnail","6":"product_cat-catchother-locks","8":"first","9":"instock","10":"shipping-taxable","11":"product-type-simple"},"yoast_head":"<!-- This site is optimized with the Yoast SEO Premium plugin v27.1 (Yoast SEO v27.2) - https:\/\/yoast.com\/product\/yoast-seo-premium-wordpress\/ -->\n<title>Flight Case Latch LOA403 - https:\/\/sxflightcase.com \ud83d\udc97<\/title>\n<meta name=\"description\" content=\"Flight case latch, factory direct! High-quality latches designed for secure and reliable closure of flight cases. Perfect for safeguarding equipment during transport, ensuring durability and ease of use.\" \/>\n<meta name=\"robots\" content=\"index, follow, max-snippet:-1, max-image-preview:large, max-video-preview:-1\" \/>\n<link rel=\"canonical\" href=\"https:\/\/sxflightcase.com\/fr\/produkt\/flightcase-verriegelung-loa403\/\" \/>\n<meta property=\"og:locale\" content=\"fr_FR\" \/>\n<meta property=\"og:type\" content=\"article\" \/>\n<meta property=\"og:title\" content=\"Flight Case Latch LOA403\" \/>\n<meta property=\"og:description\" content=\"Flight case latch, factory direct! High-quality latches designed for secure and reliable closure of flight cases. Perfect for safeguarding equipment during transport, ensuring durability and ease of use.\" \/>\n<meta property=\"og:url\" content=\"https:\/\/sxflightcase.com\/fr\/produkt\/flightcase-verriegelung-loa403\/\" \/>\n<meta property=\"og:site_name\" content=\"https:\/\/sxflightcase.com\" \/>\n<meta property=\"article:publisher\" content=\"https:\/\/www.facebook.com\/profile.php?id=61560407257971\" \/>\n<meta property=\"article:modified_time\" content=\"2024-08-02T06:29:38+00:00\" \/>\n<meta property=\"og:image\" content=\"https:\/\/sxflightcase.com\/wp-content\/uploads\/2024\/07\/LOA403.jpg\" \/>\n\t<meta property=\"og:image:width\" content=\"520\" \/>\n\t<meta property=\"og:image:height\" content=\"448\" \/>\n\t<meta property=\"og:image:type\" content=\"image\/jpeg\" \/>\n<meta name=\"twitter:card\" content=\"summary_large_image\" \/>\n<meta name=\"twitter:label1\" content=\"Dur\u00e9e de lecture estim\u00e9e\" \/>\n\t<meta name=\"twitter:data1\" content=\"3 minutes\" \/>\n<script type=\"application\/ld+json\" class=\"yoast-schema-graph\">{\"@context\":\"https:\/\/schema.org\",\"@graph\":[{\"@type\":\"WebPage\",\"@id\":\"https:\/\/sxflightcase.com\/de\/produkt\/flightcase-verriegelung-loa403\/\",\"url\":\"https:\/\/sxflightcase.com\/de\/produkt\/flightcase-verriegelung-loa403\/\",\"name\":\"Flight Case Latch LOA403 - https:\/\/sxflightcase.com \ud83d\udc97\",\"isPartOf\":{\"@id\":\"https:\/\/sxflightcase.com\/th\/#website\"},\"primaryImageOfPage\":{\"@id\":\"https:\/\/sxflightcase.com\/de\/produkt\/flightcase-verriegelung-loa403\/#primaryimage\"},\"image\":{\"@id\":\"https:\/\/sxflightcase.com\/de\/produkt\/flightcase-verriegelung-loa403\/#primaryimage\"},\"thumbnailUrl\":\"https:\/\/sxflightcase.com\/wp-content\/uploads\/2024\/07\/LOA403.jpg\",\"datePublished\":\"2024-08-02T06:29:17+00:00\",\"dateModified\":\"2024-08-02T06:29:38+00:00\",\"description\":\"Flight case latch, factory direct! High-quality latches designed for secure and reliable closure of flight cases. Perfect for safeguarding equipment during transport, ensuring durability and ease of use.\",\"breadcrumb\":{\"@id\":\"https:\/\/sxflightcase.com\/de\/produkt\/flightcase-verriegelung-loa403\/#breadcrumb\"},\"inLanguage\":\"fr-FR\",\"potentialAction\":[{\"@type\":\"ReadAction\",\"target\":[\"https:\/\/sxflightcase.com\/de\/produkt\/flightcase-verriegelung-loa403\/\"]}]},{\"@type\":\"ImageObject\",\"inLanguage\":\"fr-FR\",\"@id\":\"https:\/\/sxflightcase.com\/de\/produkt\/flightcase-verriegelung-loa403\/#primaryimage\",\"url\":\"https:\/\/sxflightcase.com\/wp-content\/uploads\/2024\/07\/LOA403.jpg\",\"contentUrl\":\"https:\/\/sxflightcase.com\/wp-content\/uploads\/2024\/07\/LOA403.jpg\",\"width\":520,\"height\":448,\"caption\":\"flight case latch\"},{\"@type\":\"BreadcrumbList\",\"@id\":\"https:\/\/sxflightcase.com\/de\/produkt\/flightcase-verriegelung-loa403\/#breadcrumb\",\"itemListElement\":[{\"@type\":\"ListItem\",\"position\":1,\"name\":\"Home\",\"item\":\"https:\/\/sxflightcase.com\/\"},{\"@type\":\"ListItem\",\"position\":2,\"name\":\"\u0e2a\u0e34\u0e19\u0e04\u0e49\u0e32\",\"item\":\"https:\/\/sxflightcase.com\/th\/shop\/\"},{\"@type\":\"ListItem\",\"position\":3,\"name\":\"Flight Case Latch LOA403\"}]},{\"@type\":\"WebSite\",\"@id\":\"https:\/\/sxflightcase.com\/th\/#website\",\"url\":\"https:\/\/sxflightcase.com\/th\/\",\"name\":\"sxpowercase.com\",\"description\":\"Flight Case Factory\",\"publisher\":{\"@id\":\"https:\/\/sxflightcase.com\/th\/#organization\"},\"potentialAction\":[{\"@type\":\"SearchAction\",\"target\":{\"@type\":\"EntryPoint\",\"urlTemplate\":\"https:\/\/sxflightcase.com\/th\/?s={search_term_string}\"},\"query-input\":{\"@type\":\"PropertyValueSpecification\",\"valueRequired\":true,\"valueName\":\"search_term_string\"}}],\"inLanguage\":\"fr-FR\"},{\"@type\":\"Organization\",\"@id\":\"https:\/\/sxflightcase.com\/th\/#organization\",\"name\":\"sxpowercase.com\",\"url\":\"https:\/\/sxflightcase.com\/th\/\",\"logo\":{\"@type\":\"ImageObject\",\"inLanguage\":\"fr-FR\",\"@id\":\"https:\/\/sxflightcase.com\/th\/#\/schema\/logo\/image\/\",\"url\":\"https:\/\/sxflightcase.com\/wp-content\/uploads\/2024\/04\/1713919036007.jpg\",\"contentUrl\":\"https:\/\/sxflightcase.com\/wp-content\/uploads\/2024\/04\/1713919036007.jpg\",\"width\":382,\"height\":388,\"caption\":\"sxpowercase.com\"},\"image\":{\"@id\":\"https:\/\/sxflightcase.com\/th\/#\/schema\/logo\/image\/\"},\"sameAs\":[\"https:\/\/www.facebook.com\/profile.php?id=61560407257971\"],\"numberOfEmployees\":{\"@type\":\"QuantitativeValue\",\"minValue\":\"11\",\"maxValue\":\"50\"}}]}<\/script>\n<!-- \/ Yoast SEO Premium plugin. -->","yoast_head_json":{"title":"Flight Case Latch LOA403 - https:\/\/sxflightcase.com \ud83d\udc97","description":"Loquet pour flight case, direct usine ! Loquets de haute qualit\u00e9 con\u00e7us pour une fermeture s\u00fbre et fiable des flight cases. Ils sont parfaits pour prot\u00e9ger l'\u00e9quipement pendant le transport et garantissent la durabilit\u00e9 et la facilit\u00e9 d'utilisation.","robots":{"index":"index","follow":"follow","max-snippet":"max-snippet:-1","max-image-preview":"max-image-preview:large","max-video-preview":"max-video-preview:-1"},"canonical":"https:\/\/sxflightcase.com\/fr\/produkt\/flightcase-verriegelung-loa403\/","og_locale":"fr_FR","og_type":"article","og_title":"Flight Case Latch LOA403","og_description":"Flight case latch, factory direct! High-quality latches designed for secure and reliable closure of flight cases. Perfect for safeguarding equipment during transport, ensuring durability and ease of use.","og_url":"https:\/\/sxflightcase.com\/fr\/produkt\/flightcase-verriegelung-loa403\/","og_site_name":"https:\/\/sxflightcase.com","article_publisher":"https:\/\/www.facebook.com\/profile.php?id=61560407257971","article_modified_time":"2024-08-02T06:29:38+00:00","og_image":[{"width":520,"height":448,"url":"https:\/\/sxflightcase.com\/wp-content\/uploads\/2024\/07\/LOA403.jpg","type":"image\/jpeg"}],"twitter_card":"summary_large_image","twitter_misc":{"Dur\u00e9e de lecture estim\u00e9e":"3 minutes"},"schema":{"@context":"https:\/\/schema.org","@graph":[{"@type":"WebPage","@id":"https:\/\/sxflightcase.com\/de\/produkt\/flightcase-verriegelung-loa403\/","url":"https:\/\/sxflightcase.com\/de\/produkt\/flightcase-verriegelung-loa403\/","name":"Flight Case Latch LOA403 - https:\/\/sxflightcase.com \ud83d\udc97","isPartOf":{"@id":"https:\/\/sxflightcase.com\/th\/#website"},"primaryImageOfPage":{"@id":"https:\/\/sxflightcase.com\/de\/produkt\/flightcase-verriegelung-loa403\/#primaryimage"},"image":{"@id":"https:\/\/sxflightcase.com\/de\/produkt\/flightcase-verriegelung-loa403\/#primaryimage"},"thumbnailUrl":"https:\/\/sxflightcase.com\/wp-content\/uploads\/2024\/07\/LOA403.jpg","datePublished":"2024-08-02T06:29:17+00:00","dateModified":"2024-08-02T06:29:38+00:00","description":"Loquet pour flight case, direct usine ! Loquets de haute qualit\u00e9 con\u00e7us pour une fermeture s\u00fbre et fiable des flight cases. Ils sont parfaits pour prot\u00e9ger l'\u00e9quipement pendant le transport et garantissent la durabilit\u00e9 et la facilit\u00e9 d'utilisation.","breadcrumb":{"@id":"https:\/\/sxflightcase.com\/de\/produkt\/flightcase-verriegelung-loa403\/#breadcrumb"},"inLanguage":"fr-FR","potentialAction":[{"@type":"ReadAction","target":["https:\/\/sxflightcase.com\/de\/produkt\/flightcase-verriegelung-loa403\/"]}]},{"@type":"ImageObject","inLanguage":"fr-FR","@id":"https:\/\/sxflightcase.com\/de\/produkt\/flightcase-verriegelung-loa403\/#primaryimage","url":"https:\/\/sxflightcase.com\/wp-content\/uploads\/2024\/07\/LOA403.jpg","contentUrl":"https:\/\/sxflightcase.com\/wp-content\/uploads\/2024\/07\/LOA403.jpg","width":520,"height":448,"caption":"flight case latch"},{"@type":"BreadcrumbList","@id":"https:\/\/sxflightcase.com\/de\/produkt\/flightcase-verriegelung-loa403\/#breadcrumb","itemListElement":[{"@type":"ListItem","position":1,"name":"Home","item":"https:\/\/sxflightcase.com\/"},{"@type":"ListItem","position":2,"name":"\u0e2a\u0e34\u0e19\u0e04\u0e49\u0e32","item":"https:\/\/sxflightcase.com\/th\/shop\/"},{"@type":"ListItem","position":3,"name":"Flight Case Latch LOA403"}]},{"@type":"WebSite","@id":"https:\/\/sxflightcase.com\/th\/#website","url":"https:\/\/sxflightcase.com\/th\/","name":"sxpowercase.com","description":"Flight Case Factory","publisher":{"@id":"https:\/\/sxflightcase.com\/th\/#organization"},"potentialAction":[{"@type":"SearchAction","target":{"@type":"EntryPoint","urlTemplate":"https:\/\/sxflightcase.com\/th\/?s={search_term_string}"},"query-input":{"@type":"PropertyValueSpecification","valueRequired":true,"valueName":"search_term_string"}}],"inLanguage":"fr-FR"},{"@type":"Organization","@id":"https:\/\/sxflightcase.com\/th\/#organization","name":"sxpowercase.com","url":"https:\/\/sxflightcase.com\/th\/","logo":{"@type":"ImageObject","inLanguage":"fr-FR","@id":"https:\/\/sxflightcase.com\/th\/#\/schema\/logo\/image\/","url":"https:\/\/sxflightcase.com\/wp-content\/uploads\/2024\/04\/1713919036007.jpg","contentUrl":"https:\/\/sxflightcase.com\/wp-content\/uploads\/2024\/04\/1713919036007.jpg","width":382,"height":388,"caption":"sxpowercase.com"},"image":{"@id":"https:\/\/sxflightcase.com\/th\/#\/schema\/logo\/image\/"},"sameAs":["https:\/\/www.facebook.com\/profile.php?id=61560407257971"],"numberOfEmployees":{"@type":"QuantitativeValue","minValue":"11","maxValue":"50"}}]}},"_links":{"self":[{"href":"https:\/\/sxflightcase.com\/fr\/wp-json\/wp\/v2\/product\/3925","targetHints":{"allow":["GET"]}}],"collection":[{"href":"https:\/\/sxflightcase.com\/fr\/wp-json\/wp\/v2\/product"}],"about":[{"href":"https:\/\/sxflightcase.com\/fr\/wp-json\/wp\/v2\/types\/product"}],"replies":[{"embeddable":true,"href":"https:\/\/sxflightcase.com\/fr\/wp-json\/wp\/v2\/comments?post=3925"}],"version-history":[{"count":0,"href":"https:\/\/sxflightcase.com\/fr\/wp-json\/wp\/v2\/product\/3925\/revisions"}],"wp:featuredmedia":[{"embeddable":true,"href":"https:\/\/sxflightcase.com\/fr\/wp-json\/wp\/v2\/media\/3790"}],"wp:attachment":[{"href":"https:\/\/sxflightcase.com\/fr\/wp-json\/wp\/v2\/media?parent=3925"}],"wp:term":[{"taxonomy":"product_brand","embeddable":true,"href":"https:\/\/sxflightcase.com\/fr\/wp-json\/wp\/v2\/product_brand?post=3925"},{"taxonomy":"product_cat","embeddable":true,"href":"https:\/\/sxflightcase.com\/fr\/wp-json\/wp\/v2\/product_cat?post=3925"},{"taxonomy":"product_tag","embeddable":true,"href":"https:\/\/sxflightcase.com\/fr\/wp-json\/wp\/v2\/product_tag?post=3925"}],"curies":[{"name":"wp","href":"https:\/\/api.w.org\/{rel}","templated":true}]}}