{"id":3959,"date":"2024-08-06T02:58:55","date_gmt":"2024-08-06T01:58:55","guid":{"rendered":"https:\/\/sxpowercase.com\/?post_type=product&#038;p=3959"},"modified":"2024-08-06T02:58:56","modified_gmt":"2024-08-06T01:58:56","slug":"road-case-latches-lob101","status":"publish","type":"product","link":"https:\/\/sxflightcase.com\/fr\/produit\/loquets-pour-caisses-de-route-lob101-2\/","title":{"rendered":"Loquets pour valises de route LOB101"},"content":{"rendered":"<h2>Fermetures fiables pour mallettes de route de SX<\/h2>\n<h3>Des prix directs en usine pour un co\u00fbt abordable<\/h3>\n<p>SX est fier de proposer <strong>Fermetures des coffres de route<\/strong> \u00e0 des prix imbattables. En nous approvisionnant directement aupr\u00e8s de notre usine de fabrication, nous \u00e9liminons les interm\u00e9diaires et vous faisons b\u00e9n\u00e9ficier des \u00e9conomies r\u00e9alis\u00e9es. Vous \u00eates ainsi assur\u00e9 de recevoir des loquets de qualit\u00e9 sup\u00e9rieure \u00e0 une fraction du prix, ce qui en fait un choix \u00e9conomique pour vos caisses d'\u00e9quipement.<\/p>\n<h3>Une assurance qualit\u00e9 \u00e0 laquelle vous pouvez faire confiance<\/h3>\n<p>Lorsqu'il s'agit de s\u00e9curiser votre mat\u00e9riel de valeur, la qualit\u00e9 est primordiale. \u00c0 l'heure actuelle, les <a href=\"https:\/\/sxpowercase.com\/\" target=\"_blank\" rel=\"noopener\" title=\"SX\" data-wpil-monitor-id=\"627\">SX<\/a>, notre <strong>Fermetures des coffres de route<\/strong> sont construits selon les normes les plus strictes, garantissant une durabilit\u00e9 et une performance \u00e0 long terme. Chaque loquet est soumis \u00e0 des tests rigoureux afin de r\u00e9pondre \u00e0 des directives strictes en mati\u00e8re d'assurance qualit\u00e9. Vous pouvez compter sur nos loquets pour assurer la s\u00e9curit\u00e9 de votre \u00e9quipement, que vous soyez en tourn\u00e9e, que vous transportiez votre mat\u00e9riel ou que vous le stockiez.<\/p>\n<h3>Des options personnalisables pour r\u00e9pondre \u00e0 vos besoins<\/h3>\n<p>Nous comprenons que chaque cas de route a des exigences uniques. C'est pourquoi SX propose des solutions personnalis\u00e9es. <strong>Fermetures des coffres de route<\/strong> pour r\u00e9pondre \u00e0 vos besoins sp\u00e9cifiques. Choisissez parmi une vari\u00e9t\u00e9 de tailles, de finitions et de m\u00e9canismes de verrouillage pour vous adapter parfaitement \u00e0 vos mallettes. Cette personnalisation garantit un ajustement s\u00fbr et un aspect professionnel, offrant \u00e0 la fois fonctionnalit\u00e9 et esth\u00e9tique.<\/p>\n<h3>Installation et fonctionnement faciles<\/h3>\n<p>SX <strong>Fermetures des coffres de route<\/strong> sont con\u00e7us pour \u00eatre faciles \u00e0 utiliser. Ils sont simples \u00e0 installer, ce qui en fait un choix pratique pour les bricoleurs et les professionnels. Leur conception conviviale permet un verrouillage rapide et s\u00fbr, garantissant ainsi la protection permanente de vos mallettes. Avec SX, vous obtenez des loquets qui sont non seulement robustes, mais aussi pratiques \u00e0 utiliser.<\/p>\n<h3>L'engagement SX<\/h3>\n<p>Chez SX, nous nous engageons \u00e0 fournir des produits de haute qualit\u00e9 \u00e0 des prix abordables. Nos <strong>Fermetures des coffres de route<\/strong> illustrent cet engagement, en offrant des performances fiables \u00e0 un faible co\u00fbt. Nous sommes fiers de fournir des produits qui r\u00e9pondent aux besoins de nos clients tout en respectant leur budget. Choisir SX, c'est choisir la qualit\u00e9, le prix et un excellent service \u00e0 la client\u00e8le.<\/p>\n<h3>S\u00e9curisez votre \u00e9quipement d\u00e8s aujourd'hui<\/h3>\n<p>Assurez la s\u00e9curit\u00e9 de votre \u00e9quipement avec SX <strong>Loquet de la valise de route<\/strong>. Contactez-nous d\u00e8s aujourd'hui pour d\u00e9couvrir notre gamme de loquets et profiter de nos prix d'usine. Avec SX, vous avez l'assurance que votre mat\u00e9riel est prot\u00e9g\u00e9 par des loquets con\u00e7us pour durer, ce qui vous assure la tranquillit\u00e9 d'esprit o\u00f9 que vous alliez.<\/p>\n<p>Contactez-nous maintenant :<span style=\"color: #0000ff;\"><a style=\"color: #0000ff;\" href=\"https:\/\/sxpowercase.com\/contact-us\/\">https:\/\/sxpowercase.com\/<\/a><\/span><\/p>\n<p>Catalogue de produits mat\u00e9riels :<span style=\"color: #3366ff;\"><a style=\"color: #3366ff;\" href=\"https:\/\/sxpowercase.com\/wp-content\/uploads\/2024\/07\/\u4e94\u91d1.pdf\">Catalogue d&#039;accessoires de quincaillerie<\/a><\/span><\/p>","protected":false},"excerpt":{"rendered":"<div class=\"flex-shrink-0 flex flex-col relative items-end\">\n<div>\n<div class=\"pt-0\">\n<div class=\"gizmo-bot-avatar flex h-8 w-8 items-center justify-center overflow-hidden rounded-full\">\n<div class=\"relative p-1 rounded-sm flex items-center justify-center bg-token-main-surface-primary text-token-text-primary h-8 w-8\"><\/div>\n<\/div>\n<\/div>\n<\/div>\n<\/div>\n<div class=\"group\/conversation-turn relative flex w-full min-w-0 flex-col agent-turn\">\n<div class=\"flex-col gap-1 md:gap-3\">\n<div class=\"flex flex-grow flex-col max-w-full\">\n<div class=\"min-h-[20px] text-message flex w-full flex-col items-end gap-2 whitespace-pre-wrap break-words [.text-message+&amp;]:mt-5 overflow-x-auto\" dir=\"auto\" data-message-author-role=\"assistant\" data-message-id=\"bb8e4fd2-91c9-4cb1-b993-7fe4fdb55f22\">\n<div class=\"flex w-full flex-col gap-1 empty:hidden first:pt-[3px]\">\n<div class=\"markdown prose w-full break-words dark:prose-invert light\">\n<h3>Affordable SX Road Case Latches<\/h3>\n<p>Get top-quality Road Case Latches at factory-direct prices from SX. We eliminate middleman costs, providing economical solutions for securing your equipment cases.<\/p>\n<h3>Reliable and Durable<\/h3>\n<p>SX Road Case Latches are rigorously tested for durability and quality. Trust our latches to keep your gear safe during tours, transport, or storage.<\/p>\n<h3>Customisable and Easy to Use<\/h3>\n<p>&amp;lt;p&gt;Choose from various sizes, finishes, and locking mechanisms with SX&#8217;s customisable Road Case Latches. Easy to install and operate, they offer both functionality and a professional look.<\/p><\/div>\n<\/div>\n<\/div>\n<\/div>\n<\/div>\n<\/div>\n","protected":false},"featured_media":3794,"comment_status":"open","ping_status":"closed","template":"","meta":[],"product_brand":[],"product_cat":[61],"product_tag":[],"class_list":{"0":"post-3959","1":"product","2":"type-product","3":"status-publish","4":"has-post-thumbnail","6":"product_cat-catchother-locks","8":"first","9":"instock","10":"shipping-taxable","11":"product-type-simple"},"yoast_head":"<!-- This site is optimized with the Yoast SEO Premium plugin v27.1 (Yoast SEO v27.2) - https:\/\/yoast.com\/product\/yoast-seo-premium-wordpress\/ -->\n<title>Road Case Latches LOB101 - https:\/\/sxflightcase.com \ud83d\udc97<\/title>\n<meta name=\"description\" content=\"Road case latches, factory direct! High-quality, durable latches for secure closure of road cases. Ideal for protecting equipment during transport, ensuring reliability and ease of use.\" \/>\n<meta name=\"robots\" content=\"index, follow, max-snippet:-1, max-image-preview:large, max-video-preview:-1\" \/>\n<link rel=\"canonical\" href=\"https:\/\/sxflightcase.com\/fr\/produit\/loquets-pour-caisses-de-route-lob101-2\/\" \/>\n<meta property=\"og:locale\" content=\"fr_FR\" \/>\n<meta property=\"og:type\" content=\"article\" \/>\n<meta property=\"og:title\" content=\"Road Case Latches LOB101\" \/>\n<meta property=\"og:description\" content=\"Road case latches, factory direct! High-quality, durable latches for secure closure of road cases. Ideal for protecting equipment during transport, ensuring reliability and ease of use.\" \/>\n<meta property=\"og:url\" content=\"https:\/\/sxflightcase.com\/fr\/produit\/loquets-pour-caisses-de-route-lob101-2\/\" \/>\n<meta property=\"og:site_name\" content=\"https:\/\/sxflightcase.com\" \/>\n<meta property=\"article:publisher\" content=\"https:\/\/www.facebook.com\/profile.php?id=61560407257971\" \/>\n<meta property=\"article:modified_time\" content=\"2024-08-06T01:58:56+00:00\" \/>\n<meta property=\"og:image\" content=\"https:\/\/sxflightcase.com\/wp-content\/uploads\/2024\/07\/LOB101-2.jpg\" \/>\n\t<meta property=\"og:image:width\" content=\"700\" \/>\n\t<meta property=\"og:image:height\" content=\"700\" \/>\n\t<meta property=\"og:image:type\" content=\"image\/jpeg\" \/>\n<meta name=\"twitter:card\" content=\"summary_large_image\" \/>\n<meta name=\"twitter:label1\" content=\"Dur\u00e9e de lecture estim\u00e9e\" \/>\n\t<meta name=\"twitter:data1\" content=\"3 minutes\" \/>\n<script type=\"application\/ld+json\" class=\"yoast-schema-graph\">{\"@context\":\"https:\/\/schema.org\",\"@graph\":[{\"@type\":\"WebPage\",\"@id\":\"https:\/\/sxflightcase.com\/product\/road-case-latches-lob101\/\",\"url\":\"https:\/\/sxflightcase.com\/product\/road-case-latches-lob101\/\",\"name\":\"Road Case Latches LOB101 - https:\/\/sxflightcase.com \ud83d\udc97\",\"isPartOf\":{\"@id\":\"https:\/\/sxflightcase.com\/th\/#website\"},\"primaryImageOfPage\":{\"@id\":\"https:\/\/sxflightcase.com\/product\/road-case-latches-lob101\/#primaryimage\"},\"image\":{\"@id\":\"https:\/\/sxflightcase.com\/product\/road-case-latches-lob101\/#primaryimage\"},\"thumbnailUrl\":\"https:\/\/sxflightcase.com\/wp-content\/uploads\/2024\/07\/LOB101-2.jpg\",\"datePublished\":\"2024-08-06T01:58:55+00:00\",\"dateModified\":\"2024-08-06T01:58:56+00:00\",\"description\":\"Road case latches, factory direct! High-quality, durable latches for secure closure of road cases. Ideal for protecting equipment during transport, ensuring reliability and ease of use.\",\"breadcrumb\":{\"@id\":\"https:\/\/sxflightcase.com\/product\/road-case-latches-lob101\/#breadcrumb\"},\"inLanguage\":\"fr-FR\",\"potentialAction\":[{\"@type\":\"ReadAction\",\"target\":[\"https:\/\/sxflightcase.com\/product\/road-case-latches-lob101\/\"]}]},{\"@type\":\"ImageObject\",\"inLanguage\":\"fr-FR\",\"@id\":\"https:\/\/sxflightcase.com\/product\/road-case-latches-lob101\/#primaryimage\",\"url\":\"https:\/\/sxflightcase.com\/wp-content\/uploads\/2024\/07\/LOB101-2.jpg\",\"contentUrl\":\"https:\/\/sxflightcase.com\/wp-content\/uploads\/2024\/07\/LOB101-2.jpg\",\"width\":700,\"height\":700,\"caption\":\"road case latches\"},{\"@type\":\"BreadcrumbList\",\"@id\":\"https:\/\/sxflightcase.com\/product\/road-case-latches-lob101\/#breadcrumb\",\"itemListElement\":[{\"@type\":\"ListItem\",\"position\":1,\"name\":\"Home\",\"item\":\"https:\/\/sxflightcase.com\/\"},{\"@type\":\"ListItem\",\"position\":2,\"name\":\"\u0e2a\u0e34\u0e19\u0e04\u0e49\u0e32\",\"item\":\"https:\/\/sxflightcase.com\/th\/shop\/\"},{\"@type\":\"ListItem\",\"position\":3,\"name\":\"Road Case Latches LOB101\"}]},{\"@type\":\"WebSite\",\"@id\":\"https:\/\/sxflightcase.com\/th\/#website\",\"url\":\"https:\/\/sxflightcase.com\/th\/\",\"name\":\"sxpowercase.com\",\"description\":\"Flight Case Factory\",\"publisher\":{\"@id\":\"https:\/\/sxflightcase.com\/th\/#organization\"},\"potentialAction\":[{\"@type\":\"SearchAction\",\"target\":{\"@type\":\"EntryPoint\",\"urlTemplate\":\"https:\/\/sxflightcase.com\/th\/?s={search_term_string}\"},\"query-input\":{\"@type\":\"PropertyValueSpecification\",\"valueRequired\":true,\"valueName\":\"search_term_string\"}}],\"inLanguage\":\"fr-FR\"},{\"@type\":\"Organization\",\"@id\":\"https:\/\/sxflightcase.com\/th\/#organization\",\"name\":\"sxpowercase.com\",\"url\":\"https:\/\/sxflightcase.com\/th\/\",\"logo\":{\"@type\":\"ImageObject\",\"inLanguage\":\"fr-FR\",\"@id\":\"https:\/\/sxflightcase.com\/th\/#\/schema\/logo\/image\/\",\"url\":\"https:\/\/sxflightcase.com\/wp-content\/uploads\/2024\/04\/1713919036007.jpg\",\"contentUrl\":\"https:\/\/sxflightcase.com\/wp-content\/uploads\/2024\/04\/1713919036007.jpg\",\"width\":382,\"height\":388,\"caption\":\"sxpowercase.com\"},\"image\":{\"@id\":\"https:\/\/sxflightcase.com\/th\/#\/schema\/logo\/image\/\"},\"sameAs\":[\"https:\/\/www.facebook.com\/profile.php?id=61560407257971\"],\"numberOfEmployees\":{\"@type\":\"QuantitativeValue\",\"minValue\":\"11\",\"maxValue\":\"50\"}}]}<\/script>\n<!-- \/ Yoast SEO Premium plugin. -->","yoast_head_json":{"title":"Road Case Latches LOB101 - https:\/\/sxflightcase.com \ud83d\udc97","description":"Loquets pour caisses routi\u00e8res, direct usine ! Loquets de haute qualit\u00e9 et durables pour une fermeture s\u00fbre des caisses de route. Id\u00e9ales pour prot\u00e9ger le mat\u00e9riel pendant le transport, elles garantissent fiabilit\u00e9 et facilit\u00e9 d'utilisation.","robots":{"index":"index","follow":"follow","max-snippet":"max-snippet:-1","max-image-preview":"max-image-preview:large","max-video-preview":"max-video-preview:-1"},"canonical":"https:\/\/sxflightcase.com\/fr\/produit\/loquets-pour-caisses-de-route-lob101-2\/","og_locale":"fr_FR","og_type":"article","og_title":"Road Case Latches LOB101","og_description":"Road case latches, factory direct! High-quality, durable latches for secure closure of road cases. Ideal for protecting equipment during transport, ensuring reliability and ease of use.","og_url":"https:\/\/sxflightcase.com\/fr\/produit\/loquets-pour-caisses-de-route-lob101-2\/","og_site_name":"https:\/\/sxflightcase.com","article_publisher":"https:\/\/www.facebook.com\/profile.php?id=61560407257971","article_modified_time":"2024-08-06T01:58:56+00:00","og_image":[{"width":700,"height":700,"url":"https:\/\/sxflightcase.com\/wp-content\/uploads\/2024\/07\/LOB101-2.jpg","type":"image\/jpeg"}],"twitter_card":"summary_large_image","twitter_misc":{"Dur\u00e9e de lecture estim\u00e9e":"3 minutes"},"schema":{"@context":"https:\/\/schema.org","@graph":[{"@type":"WebPage","@id":"https:\/\/sxflightcase.com\/product\/road-case-latches-lob101\/","url":"https:\/\/sxflightcase.com\/product\/road-case-latches-lob101\/","name":"Road Case Latches LOB101 - https:\/\/sxflightcase.com \ud83d\udc97","isPartOf":{"@id":"https:\/\/sxflightcase.com\/th\/#website"},"primaryImageOfPage":{"@id":"https:\/\/sxflightcase.com\/product\/road-case-latches-lob101\/#primaryimage"},"image":{"@id":"https:\/\/sxflightcase.com\/product\/road-case-latches-lob101\/#primaryimage"},"thumbnailUrl":"https:\/\/sxflightcase.com\/wp-content\/uploads\/2024\/07\/LOB101-2.jpg","datePublished":"2024-08-06T01:58:55+00:00","dateModified":"2024-08-06T01:58:56+00:00","description":"Loquets pour caisses routi\u00e8res, direct usine ! Loquets de haute qualit\u00e9 et durables pour une fermeture s\u00fbre des caisses de route. Id\u00e9ales pour prot\u00e9ger le mat\u00e9riel pendant le transport, elles garantissent fiabilit\u00e9 et facilit\u00e9 d'utilisation.","breadcrumb":{"@id":"https:\/\/sxflightcase.com\/product\/road-case-latches-lob101\/#breadcrumb"},"inLanguage":"fr-FR","potentialAction":[{"@type":"ReadAction","target":["https:\/\/sxflightcase.com\/product\/road-case-latches-lob101\/"]}]},{"@type":"ImageObject","inLanguage":"fr-FR","@id":"https:\/\/sxflightcase.com\/product\/road-case-latches-lob101\/#primaryimage","url":"https:\/\/sxflightcase.com\/wp-content\/uploads\/2024\/07\/LOB101-2.jpg","contentUrl":"https:\/\/sxflightcase.com\/wp-content\/uploads\/2024\/07\/LOB101-2.jpg","width":700,"height":700,"caption":"road case latches"},{"@type":"BreadcrumbList","@id":"https:\/\/sxflightcase.com\/product\/road-case-latches-lob101\/#breadcrumb","itemListElement":[{"@type":"ListItem","position":1,"name":"Home","item":"https:\/\/sxflightcase.com\/"},{"@type":"ListItem","position":2,"name":"\u0e2a\u0e34\u0e19\u0e04\u0e49\u0e32","item":"https:\/\/sxflightcase.com\/th\/shop\/"},{"@type":"ListItem","position":3,"name":"Road Case Latches LOB101"}]},{"@type":"WebSite","@id":"https:\/\/sxflightcase.com\/th\/#website","url":"https:\/\/sxflightcase.com\/th\/","name":"sxpowercase.com","description":"Flight Case Factory","publisher":{"@id":"https:\/\/sxflightcase.com\/th\/#organization"},"potentialAction":[{"@type":"SearchAction","target":{"@type":"EntryPoint","urlTemplate":"https:\/\/sxflightcase.com\/th\/?s={search_term_string}"},"query-input":{"@type":"PropertyValueSpecification","valueRequired":true,"valueName":"search_term_string"}}],"inLanguage":"fr-FR"},{"@type":"Organization","@id":"https:\/\/sxflightcase.com\/th\/#organization","name":"sxpowercase.com","url":"https:\/\/sxflightcase.com\/th\/","logo":{"@type":"ImageObject","inLanguage":"fr-FR","@id":"https:\/\/sxflightcase.com\/th\/#\/schema\/logo\/image\/","url":"https:\/\/sxflightcase.com\/wp-content\/uploads\/2024\/04\/1713919036007.jpg","contentUrl":"https:\/\/sxflightcase.com\/wp-content\/uploads\/2024\/04\/1713919036007.jpg","width":382,"height":388,"caption":"sxpowercase.com"},"image":{"@id":"https:\/\/sxflightcase.com\/th\/#\/schema\/logo\/image\/"},"sameAs":["https:\/\/www.facebook.com\/profile.php?id=61560407257971"],"numberOfEmployees":{"@type":"QuantitativeValue","minValue":"11","maxValue":"50"}}]}},"_links":{"self":[{"href":"https:\/\/sxflightcase.com\/fr\/wp-json\/wp\/v2\/product\/3959","targetHints":{"allow":["GET"]}}],"collection":[{"href":"https:\/\/sxflightcase.com\/fr\/wp-json\/wp\/v2\/product"}],"about":[{"href":"https:\/\/sxflightcase.com\/fr\/wp-json\/wp\/v2\/types\/product"}],"replies":[{"embeddable":true,"href":"https:\/\/sxflightcase.com\/fr\/wp-json\/wp\/v2\/comments?post=3959"}],"version-history":[{"count":0,"href":"https:\/\/sxflightcase.com\/fr\/wp-json\/wp\/v2\/product\/3959\/revisions"}],"wp:featuredmedia":[{"embeddable":true,"href":"https:\/\/sxflightcase.com\/fr\/wp-json\/wp\/v2\/media\/3794"}],"wp:attachment":[{"href":"https:\/\/sxflightcase.com\/fr\/wp-json\/wp\/v2\/media?parent=3959"}],"wp:term":[{"taxonomy":"product_brand","embeddable":true,"href":"https:\/\/sxflightcase.com\/fr\/wp-json\/wp\/v2\/product_brand?post=3959"},{"taxonomy":"product_cat","embeddable":true,"href":"https:\/\/sxflightcase.com\/fr\/wp-json\/wp\/v2\/product_cat?post=3959"},{"taxonomy":"product_tag","embeddable":true,"href":"https:\/\/sxflightcase.com\/fr\/wp-json\/wp\/v2\/product_tag?post=3959"}],"curies":[{"name":"wp","href":"https:\/\/api.w.org\/{rel}","templated":true}]}}