{"id":3960,"date":"2024-08-06T03:03:46","date_gmt":"2024-08-06T02:03:46","guid":{"rendered":"https:\/\/sxpowercase.com\/?post_type=product&#038;p=3960"},"modified":"2024-08-06T03:03:47","modified_gmt":"2024-08-06T02:03:47","slug":"road-case-latch-lob102","status":"publish","type":"product","link":"https:\/\/sxflightcase.com\/fr\/produit\/loquet-de-caisse-de-route-lob102\/","title":{"rendered":"Loquet pour caisse routi\u00e8re LOB102"},"content":{"rendered":"<h2>D\u00e9couvrez le loquet durable de la valise routi\u00e8re de SX<\/h2>\n<h3>Prix abordables en direct de l'usine<\/h3>\n<p>Chez SX, nous offrons <strong>Loquet de la valise de route<\/strong>\u00a0directement depuis notre usine, ce qui vous garantit les meilleurs prix possibles. En \u00e9liminant les interm\u00e9diaires, nous maintenons les co\u00fbts \u00e0 un niveau bas, en livrant des loquets de haute qualit\u00e9 \u00e0 des prix comp\u00e9titifs. Cette approche vous garantit un excellent rapport qualit\u00e9-prix sans compromis sur la qualit\u00e9.<\/p>\n<h3>Qualit\u00e9 et fiabilit\u00e9 in\u00e9gal\u00e9es<\/h3>\n<p>La s\u00e9curit\u00e9 de votre \u00e9quipement d\u00e9pend de la fiabilit\u00e9 du mat\u00e9riel utilis\u00e9. <a href=\"https:\/\/sxpowercase.com\/\" target=\"_blank\" rel=\"noopener\" title=\"SX\" data-wpil-monitor-id=\"628\">SX<\/a> <strong>Fermetures des coffres de route<\/strong> sont fabriqu\u00e9s avec pr\u00e9cision et r\u00e9pondent \u00e0 des normes strictes de contr\u00f4le de la qualit\u00e9. Chaque loquet est con\u00e7u pour r\u00e9sister aux rigueurs du voyage et \u00e0 une utilisation fr\u00e9quente, offrant une protection fiable \u00e0 votre mat\u00e9riel de valeur. Faites confiance \u00e0 SX pour des loquets qui offrent long\u00e9vit\u00e9 et solidit\u00e9.<\/p>\n<h3>Des solutions sur mesure pour r\u00e9pondre \u00e0 vos sp\u00e9cifications<\/h3>\n<p>Nous sommes conscients que chaque cas a des sp\u00e9cifications uniques, et c'est pourquoi nous offrons une vari\u00e9t\u00e9 d'options de personnalisation pour nos produits. <strong>Fermetures des coffres de route<\/strong>. Des diff\u00e9rentes tailles et finitions aux divers m\u00e9canismes de verrouillage, SX propose des solutions adapt\u00e9es \u00e0 vos besoins sp\u00e9cifiques. Nos options personnalisables garantissent un ajustement parfait et am\u00e9liorent l'aspect g\u00e9n\u00e9ral de vos bo\u00eetiers.<\/p>\n<h3>Une conception conviviale pour une utilisation facile<\/h3>\n<p>SX <strong>Fermetures des coffres de route<\/strong> sont con\u00e7us pour une installation et un fonctionnement faciles. Leur conception conviviale permet une fixation rapide et une fermeture s\u00fbre, ce qui les rend id\u00e9ales pour les professionnels comme pour les bricoleurs. La fonctionnalit\u00e9 simple garantit que vos caisses de route sont toujours s\u00e9curis\u00e9es, ce qui vous permet d'avoir l'esprit tranquille pendant le transport et le stockage.<\/p>\n<h3>La garantie SX<\/h3>\n<p>Chez SX, nous nous effor\u00e7ons d'offrir des produits qui allient qualit\u00e9 et prix abordables. Nos <strong>Fermetures des coffres de route<\/strong> ne font pas exception \u00e0 la r\u00e8gle, en proposant des solutions durables qui r\u00e9pondent \u00e0 vos besoins budg\u00e9taires. Nous nous engageons \u00e0 satisfaire nos clients et \u00e0 leur offrir ce qu'il y a de mieux en termes de produits et de services.<\/p>\n<h3>S\u00e9curisez votre mat\u00e9riel avec les fermetures SX Road Case<\/h3>\n<p>Choisir SX <strong>Fermetures des coffres de route<\/strong> pour prot\u00e9ger votre \u00e9quipement avec une s\u00e9curit\u00e9 fiable. Gr\u00e2ce \u00e0 nos prix directs et \u00e0 notre garantie de qualit\u00e9, vous pouvez prot\u00e9ger votre \u00e9quipement sans vous ruiner. Contactez-nous d\u00e8s aujourd'hui pour en savoir plus sur notre gamme de loquets et d\u00e9couvrir comment SX peut r\u00e9pondre \u00e0 vos besoins en mati\u00e8re de mat\u00e9riel pour mallettes routi\u00e8res.<\/p>\n<p>Contactez-nous maintenant :<span style=\"color: #0000ff;\"><a style=\"color: #0000ff;\" href=\"https:\/\/sxpowercase.com\/contact-us\/\">https:\/\/sxpowercase.com\/<\/a><\/span><\/p>\n<p>Catalogue de produits mat\u00e9riels :<span style=\"color: #3366ff;\"><a style=\"color: #3366ff;\" href=\"https:\/\/sxpowercase.com\/wp-content\/uploads\/2024\/07\/\u4e94\u91d1.pdf\">Catalogue d&#039;accessoires de quincaillerie<\/a><\/span><\/p>","protected":false},"excerpt":{"rendered":"<div class=\"flex-shrink-0 flex flex-col relative items-end\">\n<div>\n<div class=\"pt-0\">\n<div class=\"gizmo-bot-avatar flex h-8 w-8 items-center justify-center overflow-hidden rounded-full\">\n<div class=\"relative p-1 rounded-sm flex items-center justify-center bg-token-main-surface-primary text-token-text-primary h-8 w-8\"><\/div>\n<\/div>\n<\/div>\n<\/div>\n<\/div>\n<div class=\"group\/conversation-turn relative flex w-full min-w-0 flex-col agent-turn\">\n<div class=\"flex-col gap-1 md:gap-3\">\n<div class=\"flex flex-grow flex-col max-w-full\">\n<div class=\"min-h-[20px] text-message flex w-full flex-col items-end gap-2 whitespace-pre-wrap break-words [.text-message+&amp;]:mt-5 overflow-x-auto\" dir=\"auto\" data-message-author-role=\"assistant\" data-message-id=\"bb8e4fd2-91c9-4cb1-b993-7fe4fdb55f22\">\n<div class=\"flex w-full flex-col gap-1 empty:hidden first:pt-[3px]\">\n<div class=\"markdown prose w-full break-words dark:prose-invert light\">\n<h3>Affordable SX Road Case Latches<\/h3>\n<p>Get top-quality Road Case Latches at factory-direct prices from SX. We eliminate middleman costs, providing economical solutions for securing your equipment cases.<\/p>\n<h3>Reliable and Durable<\/h3>\n<p>SX Road Case Latches are rigorously tested for durability and quality. Trust our latches to keep your gear safe during tours, transport, or storage.<\/p>\n<h3>Customisable and Easy to Use<\/h3>\n<p>&amp;lt;p&gt;Choose from various sizes, finishes, and locking mechanisms with SX&#8217;s customisable Road Case Latches. Easy to install and operate, they offer both functionality and a professional look.<\/p>\n<\/div>\n<\/div>\n<\/div>\n<\/div>\n<\/div>\n<\/div>\n","protected":false},"featured_media":3795,"comment_status":"open","ping_status":"closed","template":"","meta":[],"product_brand":[],"product_cat":[61],"product_tag":[],"class_list":{"0":"post-3960","1":"product","2":"type-product","3":"status-publish","4":"has-post-thumbnail","6":"product_cat-catchother-locks","8":"first","9":"instock","10":"shipping-taxable","11":"product-type-simple"},"yoast_head":"<!-- This site is optimized with the Yoast SEO Premium plugin v27.1 (Yoast SEO v27.2) - https:\/\/yoast.com\/product\/yoast-seo-premium-wordpress\/ -->\n<title>Road Case Latch LOB102 - https:\/\/sxflightcase.com \ud83d\udc97<\/title>\n<meta name=\"description\" content=\"Road case latch, factory direct! High-quality, durable latches for secure closure of road cases. Ideal for protecting equipment during transport, ensuring reliability and ease of use.\" \/>\n<meta name=\"robots\" content=\"index, follow, max-snippet:-1, max-image-preview:large, max-video-preview:-1\" \/>\n<link rel=\"canonical\" href=\"https:\/\/sxflightcase.com\/fr\/\uc81c\ud488\/\ub85c\ub4dc-\ucf00\uc774\uc2a4-\ub798\uce58-lob102-2\/\" \/>\n<meta property=\"og:locale\" content=\"fr_FR\" \/>\n<meta property=\"og:type\" content=\"article\" \/>\n<meta property=\"og:title\" content=\"Road Case Latch LOB102\" \/>\n<meta property=\"og:description\" content=\"Road case latch, factory direct! High-quality, durable latches for secure closure of road cases. Ideal for protecting equipment during transport, ensuring reliability and ease of use.\" \/>\n<meta property=\"og:url\" content=\"https:\/\/sxflightcase.com\/fr\/\uc81c\ud488\/\ub85c\ub4dc-\ucf00\uc774\uc2a4-\ub798\uce58-lob102-2\/\" \/>\n<meta property=\"og:site_name\" content=\"https:\/\/sxflightcase.com\" \/>\n<meta property=\"article:publisher\" content=\"https:\/\/www.facebook.com\/profile.php?id=61560407257971\" \/>\n<meta property=\"article:modified_time\" content=\"2024-08-06T02:03:47+00:00\" \/>\n<meta property=\"og:image\" content=\"https:\/\/sxflightcase.com\/wp-content\/uploads\/2024\/07\/LOB102.jpg\" \/>\n\t<meta property=\"og:image:width\" content=\"520\" \/>\n\t<meta property=\"og:image:height\" content=\"496\" \/>\n\t<meta property=\"og:image:type\" content=\"image\/jpeg\" \/>\n<meta name=\"twitter:card\" content=\"summary_large_image\" \/>\n<meta name=\"twitter:label1\" content=\"Dur\u00e9e de lecture estim\u00e9e\" \/>\n\t<meta name=\"twitter:data1\" content=\"3 minutes\" \/>\n<script type=\"application\/ld+json\" class=\"yoast-schema-graph\">{\"@context\":\"https:\/\/schema.org\",\"@graph\":[{\"@type\":\"WebPage\",\"@id\":\"https:\/\/sxflightcase.com\/ko\/\uc81c\ud488\/\ub85c\ub4dc-\ucf00\uc774\uc2a4-\ub798\uce58-lob102-2\/\",\"url\":\"https:\/\/sxflightcase.com\/ko\/\uc81c\ud488\/\ub85c\ub4dc-\ucf00\uc774\uc2a4-\ub798\uce58-lob102-2\/\",\"name\":\"Road Case Latch LOB102 - https:\/\/sxflightcase.com \ud83d\udc97\",\"isPartOf\":{\"@id\":\"https:\/\/sxflightcase.com\/th\/#website\"},\"primaryImageOfPage\":{\"@id\":\"https:\/\/sxflightcase.com\/ko\/\uc81c\ud488\/\ub85c\ub4dc-\ucf00\uc774\uc2a4-\ub798\uce58-lob102-2\/#primaryimage\"},\"image\":{\"@id\":\"https:\/\/sxflightcase.com\/ko\/\uc81c\ud488\/\ub85c\ub4dc-\ucf00\uc774\uc2a4-\ub798\uce58-lob102-2\/#primaryimage\"},\"thumbnailUrl\":\"https:\/\/sxflightcase.com\/wp-content\/uploads\/2024\/07\/LOB102.jpg\",\"datePublished\":\"2024-08-06T02:03:46+00:00\",\"dateModified\":\"2024-08-06T02:03:47+00:00\",\"description\":\"Road case latch, factory direct! High-quality, durable latches for secure closure of road cases. Ideal for protecting equipment during transport, ensuring reliability and ease of use.\",\"breadcrumb\":{\"@id\":\"https:\/\/sxflightcase.com\/ko\/\uc81c\ud488\/\ub85c\ub4dc-\ucf00\uc774\uc2a4-\ub798\uce58-lob102-2\/#breadcrumb\"},\"inLanguage\":\"fr-FR\",\"potentialAction\":[{\"@type\":\"ReadAction\",\"target\":[\"https:\/\/sxflightcase.com\/ko\/\uc81c\ud488\/\ub85c\ub4dc-\ucf00\uc774\uc2a4-\ub798\uce58-lob102-2\/\"]}]},{\"@type\":\"ImageObject\",\"inLanguage\":\"fr-FR\",\"@id\":\"https:\/\/sxflightcase.com\/ko\/\uc81c\ud488\/\ub85c\ub4dc-\ucf00\uc774\uc2a4-\ub798\uce58-lob102-2\/#primaryimage\",\"url\":\"https:\/\/sxflightcase.com\/wp-content\/uploads\/2024\/07\/LOB102.jpg\",\"contentUrl\":\"https:\/\/sxflightcase.com\/wp-content\/uploads\/2024\/07\/LOB102.jpg\",\"width\":520,\"height\":496,\"caption\":\"road case latch\"},{\"@type\":\"BreadcrumbList\",\"@id\":\"https:\/\/sxflightcase.com\/ko\/\uc81c\ud488\/\ub85c\ub4dc-\ucf00\uc774\uc2a4-\ub798\uce58-lob102-2\/#breadcrumb\",\"itemListElement\":[{\"@type\":\"ListItem\",\"position\":1,\"name\":\"Home\",\"item\":\"https:\/\/sxflightcase.com\/\"},{\"@type\":\"ListItem\",\"position\":2,\"name\":\"\u0e2a\u0e34\u0e19\u0e04\u0e49\u0e32\",\"item\":\"https:\/\/sxflightcase.com\/th\/shop\/\"},{\"@type\":\"ListItem\",\"position\":3,\"name\":\"Road Case Latch LOB102\"}]},{\"@type\":\"WebSite\",\"@id\":\"https:\/\/sxflightcase.com\/th\/#website\",\"url\":\"https:\/\/sxflightcase.com\/th\/\",\"name\":\"sxpowercase.com\",\"description\":\"Flight Case Factory\",\"publisher\":{\"@id\":\"https:\/\/sxflightcase.com\/th\/#organization\"},\"potentialAction\":[{\"@type\":\"SearchAction\",\"target\":{\"@type\":\"EntryPoint\",\"urlTemplate\":\"https:\/\/sxflightcase.com\/th\/?s={search_term_string}\"},\"query-input\":{\"@type\":\"PropertyValueSpecification\",\"valueRequired\":true,\"valueName\":\"search_term_string\"}}],\"inLanguage\":\"fr-FR\"},{\"@type\":\"Organization\",\"@id\":\"https:\/\/sxflightcase.com\/th\/#organization\",\"name\":\"sxpowercase.com\",\"url\":\"https:\/\/sxflightcase.com\/th\/\",\"logo\":{\"@type\":\"ImageObject\",\"inLanguage\":\"fr-FR\",\"@id\":\"https:\/\/sxflightcase.com\/th\/#\/schema\/logo\/image\/\",\"url\":\"https:\/\/sxflightcase.com\/wp-content\/uploads\/2024\/04\/1713919036007.jpg\",\"contentUrl\":\"https:\/\/sxflightcase.com\/wp-content\/uploads\/2024\/04\/1713919036007.jpg\",\"width\":382,\"height\":388,\"caption\":\"sxpowercase.com\"},\"image\":{\"@id\":\"https:\/\/sxflightcase.com\/th\/#\/schema\/logo\/image\/\"},\"sameAs\":[\"https:\/\/www.facebook.com\/profile.php?id=61560407257971\"],\"numberOfEmployees\":{\"@type\":\"QuantitativeValue\",\"minValue\":\"11\",\"maxValue\":\"50\"}}]}<\/script>\n<!-- \/ Yoast SEO Premium plugin. -->","yoast_head_json":{"title":"Road Case Latch LOB102 - https:\/\/sxflightcase.com \ud83d\udc97","description":"Loquet pour caisse routi\u00e8re, direct usine ! Loquets de haute qualit\u00e9 et durables pour une fermeture s\u00fbre des caisses de route. Id\u00e9ales pour prot\u00e9ger le mat\u00e9riel pendant le transport, elles garantissent fiabilit\u00e9 et facilit\u00e9 d'utilisation.","robots":{"index":"index","follow":"follow","max-snippet":"max-snippet:-1","max-image-preview":"max-image-preview:large","max-video-preview":"max-video-preview:-1"},"canonical":"https:\/\/sxflightcase.com\/fr\/\uc81c\ud488\/\ub85c\ub4dc-\ucf00\uc774\uc2a4-\ub798\uce58-lob102-2\/","og_locale":"fr_FR","og_type":"article","og_title":"Road Case Latch LOB102","og_description":"Road case latch, factory direct! High-quality, durable latches for secure closure of road cases. Ideal for protecting equipment during transport, ensuring reliability and ease of use.","og_url":"https:\/\/sxflightcase.com\/fr\/\uc81c\ud488\/\ub85c\ub4dc-\ucf00\uc774\uc2a4-\ub798\uce58-lob102-2\/","og_site_name":"https:\/\/sxflightcase.com","article_publisher":"https:\/\/www.facebook.com\/profile.php?id=61560407257971","article_modified_time":"2024-08-06T02:03:47+00:00","og_image":[{"width":520,"height":496,"url":"https:\/\/sxflightcase.com\/wp-content\/uploads\/2024\/07\/LOB102.jpg","type":"image\/jpeg"}],"twitter_card":"summary_large_image","twitter_misc":{"Dur\u00e9e de lecture estim\u00e9e":"3 minutes"},"schema":{"@context":"https:\/\/schema.org","@graph":[{"@type":"WebPage","@id":"https:\/\/sxflightcase.com\/ko\/\uc81c\ud488\/\ub85c\ub4dc-\ucf00\uc774\uc2a4-\ub798\uce58-lob102-2\/","url":"https:\/\/sxflightcase.com\/ko\/\uc81c\ud488\/\ub85c\ub4dc-\ucf00\uc774\uc2a4-\ub798\uce58-lob102-2\/","name":"Road Case Latch LOB102 - https:\/\/sxflightcase.com \ud83d\udc97","isPartOf":{"@id":"https:\/\/sxflightcase.com\/th\/#website"},"primaryImageOfPage":{"@id":"https:\/\/sxflightcase.com\/ko\/\uc81c\ud488\/\ub85c\ub4dc-\ucf00\uc774\uc2a4-\ub798\uce58-lob102-2\/#primaryimage"},"image":{"@id":"https:\/\/sxflightcase.com\/ko\/\uc81c\ud488\/\ub85c\ub4dc-\ucf00\uc774\uc2a4-\ub798\uce58-lob102-2\/#primaryimage"},"thumbnailUrl":"https:\/\/sxflightcase.com\/wp-content\/uploads\/2024\/07\/LOB102.jpg","datePublished":"2024-08-06T02:03:46+00:00","dateModified":"2024-08-06T02:03:47+00:00","description":"Loquet pour caisse routi\u00e8re, direct usine ! Loquets de haute qualit\u00e9 et durables pour une fermeture s\u00fbre des caisses de route. Id\u00e9ales pour prot\u00e9ger le mat\u00e9riel pendant le transport, elles garantissent fiabilit\u00e9 et facilit\u00e9 d'utilisation.","breadcrumb":{"@id":"https:\/\/sxflightcase.com\/ko\/\uc81c\ud488\/\ub85c\ub4dc-\ucf00\uc774\uc2a4-\ub798\uce58-lob102-2\/#breadcrumb"},"inLanguage":"fr-FR","potentialAction":[{"@type":"ReadAction","target":["https:\/\/sxflightcase.com\/ko\/\uc81c\ud488\/\ub85c\ub4dc-\ucf00\uc774\uc2a4-\ub798\uce58-lob102-2\/"]}]},{"@type":"ImageObject","inLanguage":"fr-FR","@id":"https:\/\/sxflightcase.com\/ko\/\uc81c\ud488\/\ub85c\ub4dc-\ucf00\uc774\uc2a4-\ub798\uce58-lob102-2\/#primaryimage","url":"https:\/\/sxflightcase.com\/wp-content\/uploads\/2024\/07\/LOB102.jpg","contentUrl":"https:\/\/sxflightcase.com\/wp-content\/uploads\/2024\/07\/LOB102.jpg","width":520,"height":496,"caption":"road case latch"},{"@type":"BreadcrumbList","@id":"https:\/\/sxflightcase.com\/ko\/\uc81c\ud488\/\ub85c\ub4dc-\ucf00\uc774\uc2a4-\ub798\uce58-lob102-2\/#breadcrumb","itemListElement":[{"@type":"ListItem","position":1,"name":"Home","item":"https:\/\/sxflightcase.com\/"},{"@type":"ListItem","position":2,"name":"\u0e2a\u0e34\u0e19\u0e04\u0e49\u0e32","item":"https:\/\/sxflightcase.com\/th\/shop\/"},{"@type":"ListItem","position":3,"name":"Road Case Latch LOB102"}]},{"@type":"WebSite","@id":"https:\/\/sxflightcase.com\/th\/#website","url":"https:\/\/sxflightcase.com\/th\/","name":"sxpowercase.com","description":"Flight Case Factory","publisher":{"@id":"https:\/\/sxflightcase.com\/th\/#organization"},"potentialAction":[{"@type":"SearchAction","target":{"@type":"EntryPoint","urlTemplate":"https:\/\/sxflightcase.com\/th\/?s={search_term_string}"},"query-input":{"@type":"PropertyValueSpecification","valueRequired":true,"valueName":"search_term_string"}}],"inLanguage":"fr-FR"},{"@type":"Organization","@id":"https:\/\/sxflightcase.com\/th\/#organization","name":"sxpowercase.com","url":"https:\/\/sxflightcase.com\/th\/","logo":{"@type":"ImageObject","inLanguage":"fr-FR","@id":"https:\/\/sxflightcase.com\/th\/#\/schema\/logo\/image\/","url":"https:\/\/sxflightcase.com\/wp-content\/uploads\/2024\/04\/1713919036007.jpg","contentUrl":"https:\/\/sxflightcase.com\/wp-content\/uploads\/2024\/04\/1713919036007.jpg","width":382,"height":388,"caption":"sxpowercase.com"},"image":{"@id":"https:\/\/sxflightcase.com\/th\/#\/schema\/logo\/image\/"},"sameAs":["https:\/\/www.facebook.com\/profile.php?id=61560407257971"],"numberOfEmployees":{"@type":"QuantitativeValue","minValue":"11","maxValue":"50"}}]}},"_links":{"self":[{"href":"https:\/\/sxflightcase.com\/fr\/wp-json\/wp\/v2\/product\/3960","targetHints":{"allow":["GET"]}}],"collection":[{"href":"https:\/\/sxflightcase.com\/fr\/wp-json\/wp\/v2\/product"}],"about":[{"href":"https:\/\/sxflightcase.com\/fr\/wp-json\/wp\/v2\/types\/product"}],"replies":[{"embeddable":true,"href":"https:\/\/sxflightcase.com\/fr\/wp-json\/wp\/v2\/comments?post=3960"}],"version-history":[{"count":0,"href":"https:\/\/sxflightcase.com\/fr\/wp-json\/wp\/v2\/product\/3960\/revisions"}],"wp:featuredmedia":[{"embeddable":true,"href":"https:\/\/sxflightcase.com\/fr\/wp-json\/wp\/v2\/media\/3795"}],"wp:attachment":[{"href":"https:\/\/sxflightcase.com\/fr\/wp-json\/wp\/v2\/media?parent=3960"}],"wp:term":[{"taxonomy":"product_brand","embeddable":true,"href":"https:\/\/sxflightcase.com\/fr\/wp-json\/wp\/v2\/product_brand?post=3960"},{"taxonomy":"product_cat","embeddable":true,"href":"https:\/\/sxflightcase.com\/fr\/wp-json\/wp\/v2\/product_cat?post=3960"},{"taxonomy":"product_tag","embeddable":true,"href":"https:\/\/sxflightcase.com\/fr\/wp-json\/wp\/v2\/product_tag?post=3960"}],"curies":[{"name":"wp","href":"https:\/\/api.w.org\/{rel}","templated":true}]}}