{"id":3978,"date":"2024-08-07T07:18:55","date_gmt":"2024-08-07T06:18:55","guid":{"rendered":"https:\/\/sxpowercase.com\/?post_type=product&#038;p=3978"},"modified":"2024-08-07T07:18:57","modified_gmt":"2024-08-07T06:18:57","slug":"flight-case-butterfly-latches-loc401","status":"publish","type":"product","link":"https:\/\/sxflightcase.com\/fr\/produit\/loquets-papillon-pour-flight-case-loc401-2\/","title":{"rendered":"Loquets papillon pour flight case LOC401"},"content":{"rendered":"<h3>S\u00e9curisez votre mat\u00e9riel avec les fermetures papillon des Flight Case SX<\/h3>\n<h4>Prix direct pour l'assurance de la qualit\u00e9<\/h4>\n<p>SX est fi\u00e8re d'offrir le <strong>Loquet papillon pour Flight Case<\/strong>Ces loquets sont con\u00e7us pour offrir une s\u00e9curit\u00e9 robuste \u00e0 votre \u00e9quipement de valeur. En vendant directement depuis notre usine, nous \u00e9liminons les co\u00fbts suppl\u00e9mentaires, ce qui nous permet de proposer ces loquets de haute qualit\u00e9 \u00e0 un prix incroyablement bas. Cette approche garantit que vous recevez des produits de premi\u00e8re qualit\u00e9 sans vous ruiner.<\/p>\n<h4>Construction fiable et robuste<\/h4>\n<p>Notre <strong>Loquet papillon pour Flight Case<\/strong> est con\u00e7u pour durer, fabriqu\u00e9 \u00e0 partir de mat\u00e9riaux durables qui garantissent une fiabilit\u00e9 \u00e0 long terme. Qu'il s'agisse de prot\u00e9ger des instruments de musique, des appareils \u00e9lectroniques ou d'autres objets d\u00e9licats, ces loquets offrent une fermeture s\u00fbre qui maintient tout en place. La solidit\u00e9 et la durabilit\u00e9 de nos loquets en font la solution id\u00e9ale pour les grands voyageurs et les professionnels qui exigent le meilleur en mati\u00e8re de protection.<\/p>\n<h4>Une installation simple et des options sur mesure<\/h4>\n<p><a href=\"https:\/\/sxpowercase.com\/\" target=\"_blank\" rel=\"noopener\" title=\"SX\" data-wpil-monitor-id=\"632\">SX<\/a> facilite l'installation de notre <strong>Loquet papillon pour Flight Case<\/strong> sur vos bo\u00eetiers. La conception est conviviale, ce qui permet une installation rapide et efficace. En outre, nous proposons des services de personnalisation pour r\u00e9pondre \u00e0 vos besoins sp\u00e9cifiques. Que vous ayez besoin d'une taille unique, de finitions diff\u00e9rentes ou de caract\u00e9ristiques sp\u00e9cialis\u00e9es, nous pouvons personnaliser les loquets pour qu'ils r\u00e9pondent \u00e0 vos exigences exactes, garantissant ainsi une int\u00e9gration parfaite avec vos flight cases.<\/p>\n<h4>Des normes de qualit\u00e9 sans compromis<\/h4>\n<p>Chez SX, nous nous engageons \u00e0 fournir des produits qui r\u00e9pondent aux normes de qualit\u00e9 les plus \u00e9lev\u00e9es. Chaque <strong>Loquet papillon pour Flight Case<\/strong> est rigoureusement test\u00e9 pour s'assurer qu'il r\u00e9pond \u00e0 nos crit\u00e8res stricts en mati\u00e8re de r\u00e9sistance, de fiabilit\u00e9 et de durabilit\u00e9. L'importance que nous accordons \u00e0 l'assurance qualit\u00e9 signifie que vous pouvez faire confiance \u00e0 nos loquets pour obtenir des performances constantes et fiables, ce qui vous permet d'avoir l'esprit tranquille pendant le transport.<\/p>\n<h4>Pourquoi choisir SX?<\/h4>\n<p>SX offre plus que des produits de qualit\u00e9 ; nous fournissons une solution compl\u00e8te pour s\u00e9curiser votre \u00e9quipement. Nos produits <strong>Loquet papillon pour Flight Case<\/strong> associe un prix abordable \u00e0 une qualit\u00e9 exceptionnelle, soutenue par notre engagement en faveur de la satisfaction du client. Nous nous portons garants de nos produits, en veillant \u00e0 ce qu'ils r\u00e9pondent aux exigences des professionnels qui comptent sur un mat\u00e9riel de mallette s\u00fbr et durable.<\/p>\n<h4>Solutions personnalis\u00e9es et soutien d'experts<\/h4>\n<p>Chaque projet a des exigences uniques, et chez SX, nous sommes l\u00e0 pour y r\u00e9pondre. Notre \u00e9quipe est pr\u00eate \u00e0 vous aider \u00e0 passer des commandes personnalis\u00e9es et \u00e0 vous fournir le produit id\u00e9al. <strong>Loquet papillon pour Flight Case<\/strong> pour vos besoins. Contactez-nous d\u00e8s aujourd'hui pour discuter de vos besoins sp\u00e9cifiques et d\u00e9couvrir comment nous pouvons vous fournir des loquets de haute qualit\u00e9, en direct de l'usine, \u00e0 des prix comp\u00e9titifs. Avec SX, vous pouvez faire confiance \u00e0 la qualit\u00e9 et \u00e0 la s\u00e9curit\u00e9 de votre mat\u00e9riel de flight case, garantissant ainsi la protection de votre \u00e9quipement.<\/p>\n<p>Contactez-nous maintenant :<span style=\"color: #0000ff;\"><a style=\"color: #0000ff;\" href=\"https:\/\/sxpowercase.com\/contact-us\/\">https:\/\/sxpowercase.com\/<\/a><\/span><\/p>\n<p>Catalogue de produits mat\u00e9riels :<span style=\"color: #3366ff;\"><a style=\"color: #3366ff;\" href=\"https:\/\/sxpowercase.com\/wp-content\/uploads\/2024\/07\/\u4e94\u91d1.pdf\">Catalogue d&#039;accessoires de quincaillerie<\/a><\/span><\/p>","protected":false},"excerpt":{"rendered":"<h3>Loquets papillons abordables et de haute qualit\u00e9<\/h3>\n<p>Procurez-vous les loquets papillon pour Flight Case SX \u00e0 des prix d'usine. Nous proposons des loquets durables et abordables, sans interm\u00e9diaire, pour un rapport qualit\u00e9-prix imbattable.<\/p>\n<h3>S\u00e9curit\u00e9 robuste et fiable<\/h3>\n<p>Con\u00e7us pour un usage fr\u00e9quent et des conditions difficiles, nos loquets garantissent la s\u00e9curit\u00e9 de votre \u00e9quipement. Fabriqu\u00e9s \u00e0 partir de mat\u00e9riaux r\u00e9sistants, ils emp\u00eachent les ouvertures accidentelles et prot\u00e8gent votre mat\u00e9riel.<\/p>\n<h3>Installation facile et options personnalis\u00e9es<\/h3>\n<p>Les loquets SX sont faciles \u00e0 installer et peuvent \u00eatre personnalis\u00e9s pour r\u00e9pondre \u00e0 vos besoins. Choisissez parmi diff\u00e9rentes tailles, finitions et caract\u00e9ristiques pour une adaptation parfaite \u00e0 vos flight cases.<\/p>","protected":false},"featured_media":3798,"comment_status":"open","ping_status":"closed","template":"","meta":[],"product_brand":[],"product_cat":[61],"product_tag":[],"class_list":{"0":"post-3978","1":"product","2":"type-product","3":"status-publish","4":"has-post-thumbnail","6":"product_cat-catchother-locks","8":"first","9":"instock","10":"shipping-taxable","11":"product-type-simple"},"yoast_head":"<!-- This site is optimized with the Yoast SEO Premium plugin v27.1 (Yoast SEO v27.2) - https:\/\/yoast.com\/product\/yoast-seo-premium-wordpress\/ -->\n<title>Flight Case Butterfly Latches LOC401 - https:\/\/sxflightcase.com \ud83d\udc97<\/title>\n<meta name=\"description\" content=\"Flight case butterfly latches, factory direct! Secure, high-quality latches with a butterfly mechanism. Ideal for protecting equipment in transit, offering durability and easy access.\" \/>\n<meta name=\"robots\" content=\"index, follow, max-snippet:-1, max-image-preview:large, max-video-preview:-1\" \/>\n<link rel=\"canonical\" href=\"https:\/\/sxflightcase.com\/fr\/product\/flightcase-vlindersloten-loc401\/\" \/>\n<meta property=\"og:locale\" content=\"fr_FR\" \/>\n<meta property=\"og:type\" content=\"article\" \/>\n<meta property=\"og:title\" content=\"Flight Case Butterfly Latches LOC401\" \/>\n<meta property=\"og:description\" content=\"Flight case butterfly latches, factory direct! Secure, high-quality latches with a butterfly mechanism. Ideal for protecting equipment in transit, offering durability and easy access.\" \/>\n<meta property=\"og:url\" content=\"https:\/\/sxflightcase.com\/fr\/product\/flightcase-vlindersloten-loc401\/\" \/>\n<meta property=\"og:site_name\" content=\"https:\/\/sxflightcase.com\" \/>\n<meta property=\"article:publisher\" content=\"https:\/\/www.facebook.com\/profile.php?id=61560407257971\" \/>\n<meta property=\"article:modified_time\" content=\"2024-08-07T06:18:57+00:00\" \/>\n<meta property=\"og:image\" content=\"https:\/\/sxflightcase.com\/wp-content\/uploads\/2024\/07\/LOC401.jpg\" \/>\n\t<meta property=\"og:image:width\" content=\"700\" \/>\n\t<meta property=\"og:image:height\" content=\"700\" \/>\n\t<meta property=\"og:image:type\" content=\"image\/jpeg\" \/>\n<meta name=\"twitter:card\" content=\"summary_large_image\" \/>\n<meta name=\"twitter:label1\" content=\"Dur\u00e9e de lecture estim\u00e9e\" \/>\n\t<meta name=\"twitter:data1\" content=\"3 minutes\" \/>\n<script type=\"application\/ld+json\" class=\"yoast-schema-graph\">{\"@context\":\"https:\/\/schema.org\",\"@graph\":[{\"@type\":\"WebPage\",\"@id\":\"https:\/\/sxflightcase.com\/nl\/product\/flightcase-vlindersloten-loc401\/\",\"url\":\"https:\/\/sxflightcase.com\/nl\/product\/flightcase-vlindersloten-loc401\/\",\"name\":\"Flight Case Butterfly Latches LOC401 - https:\/\/sxflightcase.com \ud83d\udc97\",\"isPartOf\":{\"@id\":\"https:\/\/sxflightcase.com\/th\/#website\"},\"primaryImageOfPage\":{\"@id\":\"https:\/\/sxflightcase.com\/nl\/product\/flightcase-vlindersloten-loc401\/#primaryimage\"},\"image\":{\"@id\":\"https:\/\/sxflightcase.com\/nl\/product\/flightcase-vlindersloten-loc401\/#primaryimage\"},\"thumbnailUrl\":\"https:\/\/sxflightcase.com\/wp-content\/uploads\/2024\/07\/LOC401.jpg\",\"datePublished\":\"2024-08-07T06:18:55+00:00\",\"dateModified\":\"2024-08-07T06:18:57+00:00\",\"description\":\"Flight case butterfly latches, factory direct! Secure, high-quality latches with a butterfly mechanism. Ideal for protecting equipment in transit, offering durability and easy access.\",\"breadcrumb\":{\"@id\":\"https:\/\/sxflightcase.com\/nl\/product\/flightcase-vlindersloten-loc401\/#breadcrumb\"},\"inLanguage\":\"fr-FR\",\"potentialAction\":[{\"@type\":\"ReadAction\",\"target\":[\"https:\/\/sxflightcase.com\/nl\/product\/flightcase-vlindersloten-loc401\/\"]}]},{\"@type\":\"ImageObject\",\"inLanguage\":\"fr-FR\",\"@id\":\"https:\/\/sxflightcase.com\/nl\/product\/flightcase-vlindersloten-loc401\/#primaryimage\",\"url\":\"https:\/\/sxflightcase.com\/wp-content\/uploads\/2024\/07\/LOC401.jpg\",\"contentUrl\":\"https:\/\/sxflightcase.com\/wp-content\/uploads\/2024\/07\/LOC401.jpg\",\"width\":700,\"height\":700,\"caption\":\"Flight Case Butterfly Latches\"},{\"@type\":\"BreadcrumbList\",\"@id\":\"https:\/\/sxflightcase.com\/nl\/product\/flightcase-vlindersloten-loc401\/#breadcrumb\",\"itemListElement\":[{\"@type\":\"ListItem\",\"position\":1,\"name\":\"Home\",\"item\":\"https:\/\/sxflightcase.com\/\"},{\"@type\":\"ListItem\",\"position\":2,\"name\":\"\u0e2a\u0e34\u0e19\u0e04\u0e49\u0e32\",\"item\":\"https:\/\/sxflightcase.com\/th\/shop\/\"},{\"@type\":\"ListItem\",\"position\":3,\"name\":\"Flight Case Butterfly Latches LOC401\"}]},{\"@type\":\"WebSite\",\"@id\":\"https:\/\/sxflightcase.com\/th\/#website\",\"url\":\"https:\/\/sxflightcase.com\/th\/\",\"name\":\"sxpowercase.com\",\"description\":\"Flight Case Factory\",\"publisher\":{\"@id\":\"https:\/\/sxflightcase.com\/th\/#organization\"},\"potentialAction\":[{\"@type\":\"SearchAction\",\"target\":{\"@type\":\"EntryPoint\",\"urlTemplate\":\"https:\/\/sxflightcase.com\/th\/?s={search_term_string}\"},\"query-input\":{\"@type\":\"PropertyValueSpecification\",\"valueRequired\":true,\"valueName\":\"search_term_string\"}}],\"inLanguage\":\"fr-FR\"},{\"@type\":\"Organization\",\"@id\":\"https:\/\/sxflightcase.com\/th\/#organization\",\"name\":\"sxpowercase.com\",\"url\":\"https:\/\/sxflightcase.com\/th\/\",\"logo\":{\"@type\":\"ImageObject\",\"inLanguage\":\"fr-FR\",\"@id\":\"https:\/\/sxflightcase.com\/th\/#\/schema\/logo\/image\/\",\"url\":\"https:\/\/sxflightcase.com\/wp-content\/uploads\/2024\/04\/1713919036007.jpg\",\"contentUrl\":\"https:\/\/sxflightcase.com\/wp-content\/uploads\/2024\/04\/1713919036007.jpg\",\"width\":382,\"height\":388,\"caption\":\"sxpowercase.com\"},\"image\":{\"@id\":\"https:\/\/sxflightcase.com\/th\/#\/schema\/logo\/image\/\"},\"sameAs\":[\"https:\/\/www.facebook.com\/profile.php?id=61560407257971\"],\"numberOfEmployees\":{\"@type\":\"QuantitativeValue\",\"minValue\":\"11\",\"maxValue\":\"50\"}}]}<\/script>\n<!-- \/ Yoast SEO Premium plugin. -->","yoast_head_json":{"title":"Flight Case Butterfly Latches LOC401 - https:\/\/sxflightcase.com \ud83d\udc97","description":"Fermetures papillon pour flight case, directes de l'usine ! Fermetures s\u00e9curis\u00e9es de haute qualit\u00e9 avec un m\u00e9canisme papillon. Id\u00e9ales pour prot\u00e9ger les \u00e9quipements en transit, elles offrent une grande durabilit\u00e9 et un acc\u00e8s facile.","robots":{"index":"index","follow":"follow","max-snippet":"max-snippet:-1","max-image-preview":"max-image-preview:large","max-video-preview":"max-video-preview:-1"},"canonical":"https:\/\/sxflightcase.com\/fr\/product\/flightcase-vlindersloten-loc401\/","og_locale":"fr_FR","og_type":"article","og_title":"Flight Case Butterfly Latches LOC401","og_description":"Flight case butterfly latches, factory direct! Secure, high-quality latches with a butterfly mechanism. Ideal for protecting equipment in transit, offering durability and easy access.","og_url":"https:\/\/sxflightcase.com\/fr\/product\/flightcase-vlindersloten-loc401\/","og_site_name":"https:\/\/sxflightcase.com","article_publisher":"https:\/\/www.facebook.com\/profile.php?id=61560407257971","article_modified_time":"2024-08-07T06:18:57+00:00","og_image":[{"width":700,"height":700,"url":"https:\/\/sxflightcase.com\/wp-content\/uploads\/2024\/07\/LOC401.jpg","type":"image\/jpeg"}],"twitter_card":"summary_large_image","twitter_misc":{"Dur\u00e9e de lecture estim\u00e9e":"3 minutes"},"schema":{"@context":"https:\/\/schema.org","@graph":[{"@type":"WebPage","@id":"https:\/\/sxflightcase.com\/nl\/product\/flightcase-vlindersloten-loc401\/","url":"https:\/\/sxflightcase.com\/nl\/product\/flightcase-vlindersloten-loc401\/","name":"Flight Case Butterfly Latches LOC401 - https:\/\/sxflightcase.com \ud83d\udc97","isPartOf":{"@id":"https:\/\/sxflightcase.com\/th\/#website"},"primaryImageOfPage":{"@id":"https:\/\/sxflightcase.com\/nl\/product\/flightcase-vlindersloten-loc401\/#primaryimage"},"image":{"@id":"https:\/\/sxflightcase.com\/nl\/product\/flightcase-vlindersloten-loc401\/#primaryimage"},"thumbnailUrl":"https:\/\/sxflightcase.com\/wp-content\/uploads\/2024\/07\/LOC401.jpg","datePublished":"2024-08-07T06:18:55+00:00","dateModified":"2024-08-07T06:18:57+00:00","description":"Fermetures papillon pour flight case, directes de l'usine ! Fermetures s\u00e9curis\u00e9es de haute qualit\u00e9 avec un m\u00e9canisme papillon. Id\u00e9ales pour prot\u00e9ger les \u00e9quipements en transit, elles offrent une grande durabilit\u00e9 et un acc\u00e8s facile.","breadcrumb":{"@id":"https:\/\/sxflightcase.com\/nl\/product\/flightcase-vlindersloten-loc401\/#breadcrumb"},"inLanguage":"fr-FR","potentialAction":[{"@type":"ReadAction","target":["https:\/\/sxflightcase.com\/nl\/product\/flightcase-vlindersloten-loc401\/"]}]},{"@type":"ImageObject","inLanguage":"fr-FR","@id":"https:\/\/sxflightcase.com\/nl\/product\/flightcase-vlindersloten-loc401\/#primaryimage","url":"https:\/\/sxflightcase.com\/wp-content\/uploads\/2024\/07\/LOC401.jpg","contentUrl":"https:\/\/sxflightcase.com\/wp-content\/uploads\/2024\/07\/LOC401.jpg","width":700,"height":700,"caption":"Flight Case Butterfly Latches"},{"@type":"BreadcrumbList","@id":"https:\/\/sxflightcase.com\/nl\/product\/flightcase-vlindersloten-loc401\/#breadcrumb","itemListElement":[{"@type":"ListItem","position":1,"name":"Home","item":"https:\/\/sxflightcase.com\/"},{"@type":"ListItem","position":2,"name":"\u0e2a\u0e34\u0e19\u0e04\u0e49\u0e32","item":"https:\/\/sxflightcase.com\/th\/shop\/"},{"@type":"ListItem","position":3,"name":"Flight Case Butterfly Latches LOC401"}]},{"@type":"WebSite","@id":"https:\/\/sxflightcase.com\/th\/#website","url":"https:\/\/sxflightcase.com\/th\/","name":"sxpowercase.com","description":"Flight Case Factory","publisher":{"@id":"https:\/\/sxflightcase.com\/th\/#organization"},"potentialAction":[{"@type":"SearchAction","target":{"@type":"EntryPoint","urlTemplate":"https:\/\/sxflightcase.com\/th\/?s={search_term_string}"},"query-input":{"@type":"PropertyValueSpecification","valueRequired":true,"valueName":"search_term_string"}}],"inLanguage":"fr-FR"},{"@type":"Organization","@id":"https:\/\/sxflightcase.com\/th\/#organization","name":"sxpowercase.com","url":"https:\/\/sxflightcase.com\/th\/","logo":{"@type":"ImageObject","inLanguage":"fr-FR","@id":"https:\/\/sxflightcase.com\/th\/#\/schema\/logo\/image\/","url":"https:\/\/sxflightcase.com\/wp-content\/uploads\/2024\/04\/1713919036007.jpg","contentUrl":"https:\/\/sxflightcase.com\/wp-content\/uploads\/2024\/04\/1713919036007.jpg","width":382,"height":388,"caption":"sxpowercase.com"},"image":{"@id":"https:\/\/sxflightcase.com\/th\/#\/schema\/logo\/image\/"},"sameAs":["https:\/\/www.facebook.com\/profile.php?id=61560407257971"],"numberOfEmployees":{"@type":"QuantitativeValue","minValue":"11","maxValue":"50"}}]}},"_links":{"self":[{"href":"https:\/\/sxflightcase.com\/fr\/wp-json\/wp\/v2\/product\/3978","targetHints":{"allow":["GET"]}}],"collection":[{"href":"https:\/\/sxflightcase.com\/fr\/wp-json\/wp\/v2\/product"}],"about":[{"href":"https:\/\/sxflightcase.com\/fr\/wp-json\/wp\/v2\/types\/product"}],"replies":[{"embeddable":true,"href":"https:\/\/sxflightcase.com\/fr\/wp-json\/wp\/v2\/comments?post=3978"}],"version-history":[{"count":0,"href":"https:\/\/sxflightcase.com\/fr\/wp-json\/wp\/v2\/product\/3978\/revisions"}],"wp:featuredmedia":[{"embeddable":true,"href":"https:\/\/sxflightcase.com\/fr\/wp-json\/wp\/v2\/media\/3798"}],"wp:attachment":[{"href":"https:\/\/sxflightcase.com\/fr\/wp-json\/wp\/v2\/media?parent=3978"}],"wp:term":[{"taxonomy":"product_brand","embeddable":true,"href":"https:\/\/sxflightcase.com\/fr\/wp-json\/wp\/v2\/product_brand?post=3978"},{"taxonomy":"product_cat","embeddable":true,"href":"https:\/\/sxflightcase.com\/fr\/wp-json\/wp\/v2\/product_cat?post=3978"},{"taxonomy":"product_tag","embeddable":true,"href":"https:\/\/sxflightcase.com\/fr\/wp-json\/wp\/v2\/product_tag?post=3978"}],"curies":[{"name":"wp","href":"https:\/\/api.w.org\/{rel}","templated":true}]}}