{"id":3979,"date":"2024-08-07T07:30:56","date_gmt":"2024-08-07T06:30:56","guid":{"rendered":"https:\/\/sxpowercase.com\/?post_type=product&#038;p=3979"},"modified":"2024-08-07T07:30:57","modified_gmt":"2024-08-07T06:30:57","slug":"locking-butterfly-latch-loc402","status":"publish","type":"product","link":"https:\/\/sxflightcase.com\/fr\/produit\/loquet-papillon-verrouillable-loc402-2\/","title":{"rendered":"Loquet papillon verrouillable LOC402"},"content":{"rendered":"<h3>S\u00e9curisez votre mat\u00e9riel avec le loquet papillon verrouillable SX<\/h3>\n<h4>Directement de l'usine pour la qualit\u00e9 et les \u00e9conomies<\/h4>\n<p>Chez SX, nous comprenons l'importance de la s\u00e9curit\u00e9 de vos \u00e9quipements de valeur pendant le transport. Nos <strong>loquet papillon verrouillable<\/strong> est la solution id\u00e9ale pour garantir la s\u00e9curit\u00e9 de votre mat\u00e9riel. En proposant des prix directs d'usine, nous \u00e9liminons les interm\u00e9diaires, ce qui nous permet de fournir des loquets de haute qualit\u00e9 \u00e0 bas prix. Cela signifie que vous pouvez b\u00e9n\u00e9ficier d'une s\u00e9curit\u00e9 fiable sans vous ruiner.<\/p>\n<h4>Construction durable et fiable<\/h4>\n<p>Le <strong>loquet papillon verrouillable<\/strong> de <a href=\"https:\/\/sxpowercase.com\/\" target=\"_blank\" rel=\"noopener\" title=\"SX\" data-wpil-monitor-id=\"633\">SX<\/a> est con\u00e7u pour durer. Fabriqu\u00e9s \u00e0 partir de mat\u00e9riaux robustes, ces loquets sont con\u00e7us pour r\u00e9sister aux rigueurs d'une utilisation fr\u00e9quente. Que vous soyez musicien itin\u00e9rant, photographe ou professionnel de l'\u00e9v\u00e9nementiel, vous pouvez faire confiance \u00e0 nos loquets pour assurer la s\u00e9curit\u00e9 de votre \u00e9quipement. La fonction de verrouillage ajoute une couche suppl\u00e9mentaire de protection, garantissant que vos articles sont toujours en s\u00e9curit\u00e9.<\/p>\n<h4>Installation facile et options personnalis\u00e9es<\/h4>\n<p>Notre <strong>loquet papillon verrouillable<\/strong> est facile \u00e0 installer, ce qui permet \u00e0 tout le monde d'am\u00e9liorer ses flight cases. Nous proposons \u00e9galement des options de personnalisation pour r\u00e9pondre \u00e0 vos besoins sp\u00e9cifiques. Que vous ayez besoin d'une taille particuli\u00e8re, d'une finition ou de caract\u00e9ristiques suppl\u00e9mentaires, SX peut vous fournir un loquet parfaitement adapt\u00e9 \u00e0 votre mallette. La personnalisation garantit un ajustement parfait et am\u00e9liore la s\u00e9curit\u00e9 globale de votre \u00e9quipement.<\/p>\n<h4>Normes d'assurance de la qualit\u00e9<\/h4>\n<p>SX s'engage \u00e0 fournir des produits r\u00e9pondant aux normes de qualit\u00e9 les plus \u00e9lev\u00e9es. Chaque <strong>loquet papillon verrouillable<\/strong> subit des tests rigoureux pour s'assurer qu'il r\u00e9pond \u00e0 nos crit\u00e8res stricts en mati\u00e8re de r\u00e9sistance, de fiabilit\u00e9 et de durabilit\u00e9. L'importance que nous accordons \u00e0 l'assurance qualit\u00e9 garantit que nos loquets offrent des performances constantes et fiables, ce qui vous permet de transporter vos \u00e9quipements de valeur en toute tranquillit\u00e9 d'esprit.<\/p>\n<h4>Pourquoi choisir SX?<\/h4>\n<p>Choisir SX, c'est choisir la tranquillit\u00e9 d'esprit. Notre <strong>loquet papillon verrouillable<\/strong> offre une combinaison parfaite de prix abordables et de qualit\u00e9 sup\u00e9rieure. Nous sommes fiers de nos produits et veillons \u00e0 ce qu'ils r\u00e9pondent aux besoins des professionnels qui exigent un mat\u00e9riel s\u00fbr et durable pour leurs mallettes. Notre attachement \u00e0 la satisfaction de nos clients signifie que nous nous portons garants de nos produits et que nous nous assurons qu'ils r\u00e9pondent \u00e0 vos attentes.<\/p>\n<h4>Soutien d'experts et solutions personnalis\u00e9es<\/h4>\n<p>Chaque projet est unique, et SX est l\u00e0 pour fournir la solution parfaite \u00e0 vos besoins. Notre \u00e9quipe d'experts se tient \u00e0 votre disposition pour vous aider \u00e0 passer des commandes personnalis\u00e9es, vous assurant ainsi d'obtenir le produit ad\u00e9quat. <strong>loquet papillon verrouillable<\/strong> pour vos besoins sp\u00e9cifiques. Contactez-nous d\u00e8s aujourd'hui pour discuter de vos besoins et d\u00e9couvrir comment nous pouvons vous fournir des loquets de haute qualit\u00e9, fabriqu\u00e9s en usine, \u00e0 des prix comp\u00e9titifs. Avec SX, vous pouvez faire confiance \u00e0 la fiabilit\u00e9 et \u00e0 la s\u00e9curit\u00e9 du mat\u00e9riel de votre valise, et vous assurer que votre \u00e9quipement est toujours prot\u00e9g\u00e9.<\/p>\n<p>Contactez-nous maintenant :<span style=\"color: #0000ff;\"><a style=\"color: #0000ff;\" href=\"https:\/\/sxpowercase.com\/contact-us\/\">https:\/\/sxpowercase.com\/<\/a><\/span><\/p>\n<p>Catalogue de produits mat\u00e9riels :<span style=\"color: #3366ff;\"><a style=\"color: #3366ff;\" href=\"https:\/\/sxpowercase.com\/wp-content\/uploads\/2024\/07\/\u4e94\u91d1.pdf\">Catalogue d&#039;accessoires de quincaillerie<\/a><\/span><\/p>","protected":false},"excerpt":{"rendered":"<div class=\"flex max-w-full flex-col flex-grow\">\n<div class=\"min-h-[20px] text-message flex w-full flex-col items-end gap-2 whitespace-pre-wrap break-words [.text-message+&amp;]:mt-5 overflow-x-auto\" dir=\"auto\" data-message-author-role=\"assistant\" data-message-id=\"ef8d884f-9672-488c-9e51-498098491c76\">\n<div class=\"flex w-full flex-col gap-1 empty:hidden first:pt-[3px]\">\n<div class=\"markdown prose w-full break-words dark:prose-invert light\">\n<h3>Affordable, Secure Locking Butterfly Latches<\/h3>\n<p>Get high-quality locking butterfly latches from SX at factory-direct prices. Our durable latches offer reliable security for your gear without breaking the bank.<\/p>\n<h3>Durable and Customisable<\/h3>\n<p>Built to last, SX locking butterfly latches are made from robust materials and can be customised to fit your specific needs. They provide a secure closure and additional protection with their lockable feature.<\/p>\n<h3>Easy Installation and Quality Assurance<\/h3>\n<p>SX latches are easy to install and rigorously tested for strength and reliability. Trust our products to safeguard your equipment with consistent, dependable performance.<\/p>\n<\/div>\n<\/div>\n<\/div>\n<\/div>\n","protected":false},"featured_media":3799,"comment_status":"open","ping_status":"closed","template":"","meta":[],"product_brand":[],"product_cat":[61],"product_tag":[],"class_list":{"0":"post-3979","1":"product","2":"type-product","3":"status-publish","4":"has-post-thumbnail","6":"product_cat-catchother-locks","8":"first","9":"instock","10":"shipping-taxable","11":"product-type-simple"},"yoast_head":"<!-- This site is optimized with the Yoast SEO Premium plugin v27.1 (Yoast SEO v27.2) - https:\/\/yoast.com\/product\/yoast-seo-premium-wordpress\/ -->\n<title>Locking Butterfly Latch LOC402 - https:\/\/sxflightcase.com \ud83d\udc97<\/title>\n<meta name=\"description\" content=\"Locking butterfly latch, factory direct! High-quality, secure latch with a locking mechanism. Perfect for safeguarding equipment in flight cases and other professional gear.\" \/>\n<meta name=\"robots\" content=\"index, follow, max-snippet:-1, max-image-preview:large, max-video-preview:-1\" \/>\n<link rel=\"canonical\" href=\"https:\/\/sxflightcase.com\/fr\/urun\/ki\u0307li\u0307tli\u0307-kelebek-mandal-loc402-2\/\" \/>\n<meta property=\"og:locale\" content=\"fr_FR\" \/>\n<meta property=\"og:type\" content=\"article\" \/>\n<meta property=\"og:title\" content=\"Locking Butterfly Latch LOC402\" \/>\n<meta property=\"og:description\" content=\"Locking butterfly latch, factory direct! High-quality, secure latch with a locking mechanism. Perfect for safeguarding equipment in flight cases and other professional gear.\" \/>\n<meta property=\"og:url\" content=\"https:\/\/sxflightcase.com\/fr\/urun\/ki\u0307li\u0307tli\u0307-kelebek-mandal-loc402-2\/\" \/>\n<meta property=\"og:site_name\" content=\"https:\/\/sxflightcase.com\" \/>\n<meta property=\"article:publisher\" content=\"https:\/\/www.facebook.com\/profile.php?id=61560407257971\" \/>\n<meta property=\"article:modified_time\" content=\"2024-08-07T06:30:57+00:00\" \/>\n<meta property=\"og:image\" content=\"https:\/\/sxflightcase.com\/wp-content\/uploads\/2024\/07\/LOC402.jpg\" \/>\n\t<meta property=\"og:image:width\" content=\"520\" \/>\n\t<meta property=\"og:image:height\" content=\"446\" \/>\n\t<meta property=\"og:image:type\" content=\"image\/jpeg\" \/>\n<meta name=\"twitter:card\" content=\"summary_large_image\" \/>\n<meta name=\"twitter:label1\" content=\"Dur\u00e9e de lecture estim\u00e9e\" \/>\n\t<meta name=\"twitter:data1\" content=\"3 minutes\" \/>\n<script type=\"application\/ld+json\" class=\"yoast-schema-graph\">{\"@context\":\"https:\/\/schema.org\",\"@graph\":[{\"@type\":\"WebPage\",\"@id\":\"https:\/\/sxflightcase.com\/tr\/urun\/ki\u0307li\u0307tli\u0307-kelebek-mandal-loc402-2\/\",\"url\":\"https:\/\/sxflightcase.com\/tr\/urun\/ki\u0307li\u0307tli\u0307-kelebek-mandal-loc402-2\/\",\"name\":\"Locking Butterfly Latch LOC402 - https:\/\/sxflightcase.com \ud83d\udc97\",\"isPartOf\":{\"@id\":\"https:\/\/sxflightcase.com\/th\/#website\"},\"primaryImageOfPage\":{\"@id\":\"https:\/\/sxflightcase.com\/tr\/urun\/ki\u0307li\u0307tli\u0307-kelebek-mandal-loc402-2\/#primaryimage\"},\"image\":{\"@id\":\"https:\/\/sxflightcase.com\/tr\/urun\/ki\u0307li\u0307tli\u0307-kelebek-mandal-loc402-2\/#primaryimage\"},\"thumbnailUrl\":\"https:\/\/sxflightcase.com\/wp-content\/uploads\/2024\/07\/LOC402.jpg\",\"datePublished\":\"2024-08-07T06:30:56+00:00\",\"dateModified\":\"2024-08-07T06:30:57+00:00\",\"description\":\"Locking butterfly latch, factory direct! High-quality, secure latch with a locking mechanism. Perfect for safeguarding equipment in flight cases and other professional gear.\",\"breadcrumb\":{\"@id\":\"https:\/\/sxflightcase.com\/tr\/urun\/ki\u0307li\u0307tli\u0307-kelebek-mandal-loc402-2\/#breadcrumb\"},\"inLanguage\":\"fr-FR\",\"potentialAction\":[{\"@type\":\"ReadAction\",\"target\":[\"https:\/\/sxflightcase.com\/tr\/urun\/ki\u0307li\u0307tli\u0307-kelebek-mandal-loc402-2\/\"]}]},{\"@type\":\"ImageObject\",\"inLanguage\":\"fr-FR\",\"@id\":\"https:\/\/sxflightcase.com\/tr\/urun\/ki\u0307li\u0307tli\u0307-kelebek-mandal-loc402-2\/#primaryimage\",\"url\":\"https:\/\/sxflightcase.com\/wp-content\/uploads\/2024\/07\/LOC402.jpg\",\"contentUrl\":\"https:\/\/sxflightcase.com\/wp-content\/uploads\/2024\/07\/LOC402.jpg\",\"width\":520,\"height\":446,\"caption\":\"Locking Butterfly Latch\"},{\"@type\":\"BreadcrumbList\",\"@id\":\"https:\/\/sxflightcase.com\/tr\/urun\/ki\u0307li\u0307tli\u0307-kelebek-mandal-loc402-2\/#breadcrumb\",\"itemListElement\":[{\"@type\":\"ListItem\",\"position\":1,\"name\":\"Home\",\"item\":\"https:\/\/sxflightcase.com\/\"},{\"@type\":\"ListItem\",\"position\":2,\"name\":\"\u0e2a\u0e34\u0e19\u0e04\u0e49\u0e32\",\"item\":\"https:\/\/sxflightcase.com\/th\/shop\/\"},{\"@type\":\"ListItem\",\"position\":3,\"name\":\"Locking Butterfly Latch LOC402\"}]},{\"@type\":\"WebSite\",\"@id\":\"https:\/\/sxflightcase.com\/th\/#website\",\"url\":\"https:\/\/sxflightcase.com\/th\/\",\"name\":\"sxpowercase.com\",\"description\":\"Flight Case Factory\",\"publisher\":{\"@id\":\"https:\/\/sxflightcase.com\/th\/#organization\"},\"potentialAction\":[{\"@type\":\"SearchAction\",\"target\":{\"@type\":\"EntryPoint\",\"urlTemplate\":\"https:\/\/sxflightcase.com\/th\/?s={search_term_string}\"},\"query-input\":{\"@type\":\"PropertyValueSpecification\",\"valueRequired\":true,\"valueName\":\"search_term_string\"}}],\"inLanguage\":\"fr-FR\"},{\"@type\":\"Organization\",\"@id\":\"https:\/\/sxflightcase.com\/th\/#organization\",\"name\":\"sxpowercase.com\",\"url\":\"https:\/\/sxflightcase.com\/th\/\",\"logo\":{\"@type\":\"ImageObject\",\"inLanguage\":\"fr-FR\",\"@id\":\"https:\/\/sxflightcase.com\/th\/#\/schema\/logo\/image\/\",\"url\":\"https:\/\/sxflightcase.com\/wp-content\/uploads\/2024\/04\/1713919036007.jpg\",\"contentUrl\":\"https:\/\/sxflightcase.com\/wp-content\/uploads\/2024\/04\/1713919036007.jpg\",\"width\":382,\"height\":388,\"caption\":\"sxpowercase.com\"},\"image\":{\"@id\":\"https:\/\/sxflightcase.com\/th\/#\/schema\/logo\/image\/\"},\"sameAs\":[\"https:\/\/www.facebook.com\/profile.php?id=61560407257971\"],\"numberOfEmployees\":{\"@type\":\"QuantitativeValue\",\"minValue\":\"11\",\"maxValue\":\"50\"}}]}<\/script>\n<!-- \/ Yoast SEO Premium plugin. -->","yoast_head_json":{"title":"Locking Butterfly Latch LOC402 - https:\/\/sxflightcase.com \ud83d\udc97","description":"Loquet papillon verrouillable, direct usine ! Loquet de haute qualit\u00e9, s\u00fbr, avec m\u00e9canisme de verrouillage. Parfait pour prot\u00e9ger les \u00e9quipements dans les flight cases et autres \u00e9quipements professionnels.","robots":{"index":"index","follow":"follow","max-snippet":"max-snippet:-1","max-image-preview":"max-image-preview:large","max-video-preview":"max-video-preview:-1"},"canonical":"https:\/\/sxflightcase.com\/fr\/urun\/ki\u0307li\u0307tli\u0307-kelebek-mandal-loc402-2\/","og_locale":"fr_FR","og_type":"article","og_title":"Locking Butterfly Latch LOC402","og_description":"Locking butterfly latch, factory direct! High-quality, secure latch with a locking mechanism. Perfect for safeguarding equipment in flight cases and other professional gear.","og_url":"https:\/\/sxflightcase.com\/fr\/urun\/ki\u0307li\u0307tli\u0307-kelebek-mandal-loc402-2\/","og_site_name":"https:\/\/sxflightcase.com","article_publisher":"https:\/\/www.facebook.com\/profile.php?id=61560407257971","article_modified_time":"2024-08-07T06:30:57+00:00","og_image":[{"width":520,"height":446,"url":"https:\/\/sxflightcase.com\/wp-content\/uploads\/2024\/07\/LOC402.jpg","type":"image\/jpeg"}],"twitter_card":"summary_large_image","twitter_misc":{"Dur\u00e9e de lecture estim\u00e9e":"3 minutes"},"schema":{"@context":"https:\/\/schema.org","@graph":[{"@type":"WebPage","@id":"https:\/\/sxflightcase.com\/tr\/urun\/ki\u0307li\u0307tli\u0307-kelebek-mandal-loc402-2\/","url":"https:\/\/sxflightcase.com\/tr\/urun\/ki\u0307li\u0307tli\u0307-kelebek-mandal-loc402-2\/","name":"Locking Butterfly Latch LOC402 - https:\/\/sxflightcase.com \ud83d\udc97","isPartOf":{"@id":"https:\/\/sxflightcase.com\/th\/#website"},"primaryImageOfPage":{"@id":"https:\/\/sxflightcase.com\/tr\/urun\/ki\u0307li\u0307tli\u0307-kelebek-mandal-loc402-2\/#primaryimage"},"image":{"@id":"https:\/\/sxflightcase.com\/tr\/urun\/ki\u0307li\u0307tli\u0307-kelebek-mandal-loc402-2\/#primaryimage"},"thumbnailUrl":"https:\/\/sxflightcase.com\/wp-content\/uploads\/2024\/07\/LOC402.jpg","datePublished":"2024-08-07T06:30:56+00:00","dateModified":"2024-08-07T06:30:57+00:00","description":"Loquet papillon verrouillable, direct usine ! Loquet de haute qualit\u00e9, s\u00fbr, avec m\u00e9canisme de verrouillage. Parfait pour prot\u00e9ger les \u00e9quipements dans les flight cases et autres \u00e9quipements professionnels.","breadcrumb":{"@id":"https:\/\/sxflightcase.com\/tr\/urun\/ki\u0307li\u0307tli\u0307-kelebek-mandal-loc402-2\/#breadcrumb"},"inLanguage":"fr-FR","potentialAction":[{"@type":"ReadAction","target":["https:\/\/sxflightcase.com\/tr\/urun\/ki\u0307li\u0307tli\u0307-kelebek-mandal-loc402-2\/"]}]},{"@type":"ImageObject","inLanguage":"fr-FR","@id":"https:\/\/sxflightcase.com\/tr\/urun\/ki\u0307li\u0307tli\u0307-kelebek-mandal-loc402-2\/#primaryimage","url":"https:\/\/sxflightcase.com\/wp-content\/uploads\/2024\/07\/LOC402.jpg","contentUrl":"https:\/\/sxflightcase.com\/wp-content\/uploads\/2024\/07\/LOC402.jpg","width":520,"height":446,"caption":"Locking Butterfly Latch"},{"@type":"BreadcrumbList","@id":"https:\/\/sxflightcase.com\/tr\/urun\/ki\u0307li\u0307tli\u0307-kelebek-mandal-loc402-2\/#breadcrumb","itemListElement":[{"@type":"ListItem","position":1,"name":"Home","item":"https:\/\/sxflightcase.com\/"},{"@type":"ListItem","position":2,"name":"\u0e2a\u0e34\u0e19\u0e04\u0e49\u0e32","item":"https:\/\/sxflightcase.com\/th\/shop\/"},{"@type":"ListItem","position":3,"name":"Locking Butterfly Latch LOC402"}]},{"@type":"WebSite","@id":"https:\/\/sxflightcase.com\/th\/#website","url":"https:\/\/sxflightcase.com\/th\/","name":"sxpowercase.com","description":"Flight Case Factory","publisher":{"@id":"https:\/\/sxflightcase.com\/th\/#organization"},"potentialAction":[{"@type":"SearchAction","target":{"@type":"EntryPoint","urlTemplate":"https:\/\/sxflightcase.com\/th\/?s={search_term_string}"},"query-input":{"@type":"PropertyValueSpecification","valueRequired":true,"valueName":"search_term_string"}}],"inLanguage":"fr-FR"},{"@type":"Organization","@id":"https:\/\/sxflightcase.com\/th\/#organization","name":"sxpowercase.com","url":"https:\/\/sxflightcase.com\/th\/","logo":{"@type":"ImageObject","inLanguage":"fr-FR","@id":"https:\/\/sxflightcase.com\/th\/#\/schema\/logo\/image\/","url":"https:\/\/sxflightcase.com\/wp-content\/uploads\/2024\/04\/1713919036007.jpg","contentUrl":"https:\/\/sxflightcase.com\/wp-content\/uploads\/2024\/04\/1713919036007.jpg","width":382,"height":388,"caption":"sxpowercase.com"},"image":{"@id":"https:\/\/sxflightcase.com\/th\/#\/schema\/logo\/image\/"},"sameAs":["https:\/\/www.facebook.com\/profile.php?id=61560407257971"],"numberOfEmployees":{"@type":"QuantitativeValue","minValue":"11","maxValue":"50"}}]}},"_links":{"self":[{"href":"https:\/\/sxflightcase.com\/fr\/wp-json\/wp\/v2\/product\/3979","targetHints":{"allow":["GET"]}}],"collection":[{"href":"https:\/\/sxflightcase.com\/fr\/wp-json\/wp\/v2\/product"}],"about":[{"href":"https:\/\/sxflightcase.com\/fr\/wp-json\/wp\/v2\/types\/product"}],"replies":[{"embeddable":true,"href":"https:\/\/sxflightcase.com\/fr\/wp-json\/wp\/v2\/comments?post=3979"}],"version-history":[{"count":0,"href":"https:\/\/sxflightcase.com\/fr\/wp-json\/wp\/v2\/product\/3979\/revisions"}],"wp:featuredmedia":[{"embeddable":true,"href":"https:\/\/sxflightcase.com\/fr\/wp-json\/wp\/v2\/media\/3799"}],"wp:attachment":[{"href":"https:\/\/sxflightcase.com\/fr\/wp-json\/wp\/v2\/media?parent=3979"}],"wp:term":[{"taxonomy":"product_brand","embeddable":true,"href":"https:\/\/sxflightcase.com\/fr\/wp-json\/wp\/v2\/product_brand?post=3979"},{"taxonomy":"product_cat","embeddable":true,"href":"https:\/\/sxflightcase.com\/fr\/wp-json\/wp\/v2\/product_cat?post=3979"},{"taxonomy":"product_tag","embeddable":true,"href":"https:\/\/sxflightcase.com\/fr\/wp-json\/wp\/v2\/product_tag?post=3979"}],"curies":[{"name":"wp","href":"https:\/\/api.w.org\/{rel}","templated":true}]}}