{"id":3980,"date":"2024-08-07T07:33:45","date_gmt":"2024-08-07T06:33:45","guid":{"rendered":"https:\/\/sxpowercase.com\/?post_type=product&#038;p=3980"},"modified":"2024-08-07T07:33:45","modified_gmt":"2024-08-07T06:33:45","slug":"locking-butterfly-latches-lod101","status":"publish","type":"product","link":"https:\/\/sxflightcase.com\/fr\/produit\/loquets-papillons-verrouillables-lod101-2\/","title":{"rendered":"Loquets papillon verrouillables LOD101"},"content":{"rendered":"<h3>S\u00e9curisez votre mat\u00e9riel avec les loquets papillon verrouillables de SX<\/h3>\n<h4>Prix direct de l'usine pour une s\u00e9curit\u00e9 abordable<\/h4>\n<p>SX offre des services de haute qualit\u00e9 <strong>loquets papillons verrouillables<\/strong> \u00e0 des prix directs d'usine, ce qui rend la s\u00e9curisation de votre \u00e9quipement facile et abordable. En \u00e9liminant les interm\u00e9diaires, nous fournissons des loquets de premier ordre \u00e0 un prix bas, ce qui vous garantit un excellent rapport qualit\u00e9-prix sans sacrifier la qualit\u00e9.<\/p>\n<h4>Conception robuste pour une durabilit\u00e9 maximale<\/h4>\n<p>Notre <strong>loquets papillons verrouillables<\/strong> sont con\u00e7us pour r\u00e9sister aux conditions les plus difficiles. Fabriqu\u00e9s \u00e0 partir de mat\u00e9riaux de haute qualit\u00e9, ces loquets sont con\u00e7us pour durer et assurer une s\u00e9curit\u00e9 fiable \u00e0 votre mat\u00e9riel. Que vous voyagiez avec du mat\u00e9riel sensible ou que vous ayez simplement besoin de fermetures solides pour vos valises, <a href=\"https:\/\/sxpowercase.com\/\" target=\"_blank\" rel=\"noopener\" title=\"SX\" data-wpil-monitor-id=\"634\">SX<\/a> offrent la durabilit\u00e9 dont vous avez besoin.<\/p>\n<h4>Des solutions personnalis\u00e9es pour chaque besoin<\/h4>\n<p>Chez SX, nous comprenons que chaque projet a ses propres exigences. C'est pourquoi nous proposons des options de personnalisation pour nos produits. <strong>loquets papillons verrouillables<\/strong>. Des dimensions sp\u00e9cifiques aux finitions uniques, nous pouvons adapter nos produits \u00e0 vos sp\u00e9cifications exactes. Cette personnalisation garantit un ajustement parfait et une s\u00e9curit\u00e9 accrue pour vos caisses.<\/p>\n<h4>Une assurance qualit\u00e9 rigoureuse<\/h4>\n<p>La qualit\u00e9 est une priorit\u00e9 absolue chez SX. Chaque <strong>loquet papillon verrouillable<\/strong> est rigoureusement test\u00e9 pour r\u00e9pondre \u00e0 nos normes strictes. Cet engagement en faveur de l'assurance qualit\u00e9 garantit que nos loquets offrent des performances constantes et fiables. Vous pouvez faire confiance aux loquets SX pour s\u00e9curiser votre mat\u00e9riel, quelle que soit la destination de vos voyages.<\/p>\n<h4>Pourquoi choisir SX?<\/h4>\n<p>Choisir SX, c'est choisir une marque reconnue pour son engagement en faveur de la qualit\u00e9 et de la satisfaction du client. Nos <strong>loquets papillons verrouillables<\/strong> sont non seulement abordables, mais aussi exceptionnellement fiables. Nous sommes fiers de proposer des produits qui r\u00e9pondent aux besoins des professionnels qui exigent un mat\u00e9riel durable et s\u00fbr pour leurs mallettes.<\/p>\n<h4>Soutien d'experts et service sur mesure<\/h4>\n<p>SX offre plus que des produits ; nous offrons une exp\u00e9rience de service compl\u00e8te. Notre \u00e9quipe comp\u00e9tente est l\u00e0 pour r\u00e9pondre \u00e0 toutes vos questions et vous proposer des solutions personnalis\u00e9es adapt\u00e9es \u00e0 vos besoins sp\u00e9cifiques. Que vous ayez besoin d'un seul <strong>loquet papillon verrouillable<\/strong> ou une commande importante, nous sommes pr\u00eats \u00e0 vous aider.<\/p>\n<h4>S\u00e9curisez votre mat\u00e9riel en toute confiance<\/h4>\n<p>Ne faites pas de compromis sur la s\u00e9curit\u00e9 de votre \u00e9quipement. Avec le syst\u00e8me SX <strong>loquets papillons verrouillables<\/strong>Gr\u00e2ce \u00e0 notre syst\u00e8me de verrouillage, vous b\u00e9n\u00e9ficiez d'une s\u00e9curit\u00e9 de haute qualit\u00e9, abordable, facile \u00e0 installer et con\u00e7ue pour durer. Contactez-nous d\u00e8s aujourd'hui pour savoir comment nous pouvons vous aider \u00e0 s\u00e9curiser votre mat\u00e9riel gr\u00e2ce \u00e0 nos solutions de verrouillage durables et personnalisables. Faites confiance \u00e0 SX pour tous vos besoins en mat\u00e9riel de mallette et profitez de la tranquillit\u00e9 d'esprit que procure la protection de votre \u00e9quipement.<\/p>","protected":false},"excerpt":{"rendered":"<div class=\"flex max-w-full flex-col flex-grow\">\n<div class=\"min-h-[20px] text-message flex w-full flex-col items-end gap-2 whitespace-pre-wrap break-words [.text-message+&amp;]:mt-5 overflow-x-auto\" dir=\"auto\" data-message-author-role=\"assistant\" data-message-id=\"ef8d884f-9672-488c-9e51-498098491c76\">\n<div class=\"flex w-full flex-col gap-1 empty:hidden first:pt-[3px]\">\n<div class=\"markdown prose w-full break-words dark:prose-invert light\">\n<h3>Affordable, Secure Locking Butterfly Latches<\/h3>\n<p>Get high-quality locking butterfly latches from SX at factory-direct prices. Our durable latches offer reliable security for your gear without breaking the bank.<\/p>\n<h3>Durable and Customisable<\/h3>\n<p>Built to last, SX locking butterfly latches are made from robust materials and can be customised to fit your specific needs. They provide a secure closure and additional protection with their lockable feature.<\/p>\n<h3>Easy Installation and Quality Assurance<\/h3>\n<p>SX latches are easy to install and rigorously tested for strength and reliability. Trust our products to safeguard your equipment with consistent, dependable performance.<\/p>\n<\/div>\n<\/div>\n<\/div>\n<\/div>\n","protected":false},"featured_media":3800,"comment_status":"open","ping_status":"closed","template":"","meta":[],"product_brand":[],"product_cat":[61],"product_tag":[],"class_list":{"0":"post-3980","1":"product","2":"type-product","3":"status-publish","4":"has-post-thumbnail","6":"product_cat-catchother-locks","8":"first","9":"instock","10":"shipping-taxable","11":"product-type-simple"},"yoast_head":"<!-- This site is optimized with the Yoast SEO Premium plugin v27.1 (Yoast SEO v27.2) - https:\/\/yoast.com\/product\/yoast-seo-premium-wordpress\/ -->\n<title>Locking Butterfly Latches LOD101 - https:\/\/sxflightcase.com \ud83d\udc97<\/title>\n<meta name=\"description\" content=\"Locking butterfly latches, factory direct! High-quality, secure latch with a locking mechanism. Perfect for safeguarding equipment in flight cases.\" \/>\n<meta name=\"robots\" content=\"index, follow, max-snippet:-1, max-image-preview:large, max-video-preview:-1\" \/>\n<link rel=\"canonical\" href=\"https:\/\/sxflightcase.com\/fr\/produit\/loquets-papillons-verrouillables-lod101-2\/\" \/>\n<meta property=\"og:locale\" content=\"fr_FR\" \/>\n<meta property=\"og:type\" content=\"article\" \/>\n<meta property=\"og:title\" content=\"Locking Butterfly Latches LOD101\" \/>\n<meta property=\"og:description\" content=\"Locking butterfly latches, factory direct! High-quality, secure latch with a locking mechanism. Perfect for safeguarding equipment in flight cases.\" \/>\n<meta property=\"og:url\" content=\"https:\/\/sxflightcase.com\/fr\/produit\/loquets-papillons-verrouillables-lod101-2\/\" \/>\n<meta property=\"og:site_name\" content=\"https:\/\/sxflightcase.com\" \/>\n<meta property=\"article:publisher\" content=\"https:\/\/www.facebook.com\/profile.php?id=61560407257971\" \/>\n<meta property=\"og:image\" content=\"https:\/\/sxflightcase.com\/wp-content\/uploads\/2024\/07\/LOD101.jpg\" \/>\n\t<meta property=\"og:image:width\" content=\"700\" \/>\n\t<meta property=\"og:image:height\" content=\"700\" \/>\n\t<meta property=\"og:image:type\" content=\"image\/jpeg\" \/>\n<meta name=\"twitter:card\" content=\"summary_large_image\" \/>\n<meta name=\"twitter:label1\" content=\"Dur\u00e9e de lecture estim\u00e9e\" \/>\n\t<meta name=\"twitter:data1\" content=\"3 minutes\" \/>\n<script type=\"application\/ld+json\" class=\"yoast-schema-graph\">{\"@context\":\"https:\/\/schema.org\",\"@graph\":[{\"@type\":\"WebPage\",\"@id\":\"https:\/\/sxflightcase.com\/product\/locking-butterfly-latches-lod101\/\",\"url\":\"https:\/\/sxflightcase.com\/product\/locking-butterfly-latches-lod101\/\",\"name\":\"Locking Butterfly Latches LOD101 - https:\/\/sxflightcase.com \ud83d\udc97\",\"isPartOf\":{\"@id\":\"https:\/\/sxflightcase.com\/th\/#website\"},\"primaryImageOfPage\":{\"@id\":\"https:\/\/sxflightcase.com\/product\/locking-butterfly-latches-lod101\/#primaryimage\"},\"image\":{\"@id\":\"https:\/\/sxflightcase.com\/product\/locking-butterfly-latches-lod101\/#primaryimage\"},\"thumbnailUrl\":\"https:\/\/sxflightcase.com\/wp-content\/uploads\/2024\/07\/LOD101.jpg\",\"datePublished\":\"2024-08-07T06:33:45+00:00\",\"description\":\"Locking butterfly latches, factory direct! High-quality, secure latch with a locking mechanism. Perfect for safeguarding equipment in flight cases.\",\"breadcrumb\":{\"@id\":\"https:\/\/sxflightcase.com\/product\/locking-butterfly-latches-lod101\/#breadcrumb\"},\"inLanguage\":\"fr-FR\",\"potentialAction\":[{\"@type\":\"ReadAction\",\"target\":[\"https:\/\/sxflightcase.com\/product\/locking-butterfly-latches-lod101\/\"]}]},{\"@type\":\"ImageObject\",\"inLanguage\":\"fr-FR\",\"@id\":\"https:\/\/sxflightcase.com\/product\/locking-butterfly-latches-lod101\/#primaryimage\",\"url\":\"https:\/\/sxflightcase.com\/wp-content\/uploads\/2024\/07\/LOD101.jpg\",\"contentUrl\":\"https:\/\/sxflightcase.com\/wp-content\/uploads\/2024\/07\/LOD101.jpg\",\"width\":700,\"height\":700,\"caption\":\"Locking Butterfly Latches\"},{\"@type\":\"BreadcrumbList\",\"@id\":\"https:\/\/sxflightcase.com\/product\/locking-butterfly-latches-lod101\/#breadcrumb\",\"itemListElement\":[{\"@type\":\"ListItem\",\"position\":1,\"name\":\"Home\",\"item\":\"https:\/\/sxflightcase.com\/\"},{\"@type\":\"ListItem\",\"position\":2,\"name\":\"\u0e2a\u0e34\u0e19\u0e04\u0e49\u0e32\",\"item\":\"https:\/\/sxflightcase.com\/th\/shop\/\"},{\"@type\":\"ListItem\",\"position\":3,\"name\":\"Locking Butterfly Latches LOD101\"}]},{\"@type\":\"WebSite\",\"@id\":\"https:\/\/sxflightcase.com\/th\/#website\",\"url\":\"https:\/\/sxflightcase.com\/th\/\",\"name\":\"sxpowercase.com\",\"description\":\"Flight Case Factory\",\"publisher\":{\"@id\":\"https:\/\/sxflightcase.com\/th\/#organization\"},\"potentialAction\":[{\"@type\":\"SearchAction\",\"target\":{\"@type\":\"EntryPoint\",\"urlTemplate\":\"https:\/\/sxflightcase.com\/th\/?s={search_term_string}\"},\"query-input\":{\"@type\":\"PropertyValueSpecification\",\"valueRequired\":true,\"valueName\":\"search_term_string\"}}],\"inLanguage\":\"fr-FR\"},{\"@type\":\"Organization\",\"@id\":\"https:\/\/sxflightcase.com\/th\/#organization\",\"name\":\"sxpowercase.com\",\"url\":\"https:\/\/sxflightcase.com\/th\/\",\"logo\":{\"@type\":\"ImageObject\",\"inLanguage\":\"fr-FR\",\"@id\":\"https:\/\/sxflightcase.com\/th\/#\/schema\/logo\/image\/\",\"url\":\"https:\/\/sxflightcase.com\/wp-content\/uploads\/2024\/04\/1713919036007.jpg\",\"contentUrl\":\"https:\/\/sxflightcase.com\/wp-content\/uploads\/2024\/04\/1713919036007.jpg\",\"width\":382,\"height\":388,\"caption\":\"sxpowercase.com\"},\"image\":{\"@id\":\"https:\/\/sxflightcase.com\/th\/#\/schema\/logo\/image\/\"},\"sameAs\":[\"https:\/\/www.facebook.com\/profile.php?id=61560407257971\"],\"numberOfEmployees\":{\"@type\":\"QuantitativeValue\",\"minValue\":\"11\",\"maxValue\":\"50\"}}]}<\/script>\n<!-- \/ Yoast SEO Premium plugin. -->","yoast_head_json":{"title":"Locking Butterfly Latches LOD101 - https:\/\/sxflightcase.com \ud83d\udc97","description":"Loquets papillon verrouillables, direct usine ! Loquet de haute qualit\u00e9, s\u00fbr, avec m\u00e9canisme de verrouillage. Parfait pour prot\u00e9ger les \u00e9quipements dans les flight cases.","robots":{"index":"index","follow":"follow","max-snippet":"max-snippet:-1","max-image-preview":"max-image-preview:large","max-video-preview":"max-video-preview:-1"},"canonical":"https:\/\/sxflightcase.com\/fr\/produit\/loquets-papillons-verrouillables-lod101-2\/","og_locale":"fr_FR","og_type":"article","og_title":"Locking Butterfly Latches LOD101","og_description":"Locking butterfly latches, factory direct! High-quality, secure latch with a locking mechanism. Perfect for safeguarding equipment in flight cases.","og_url":"https:\/\/sxflightcase.com\/fr\/produit\/loquets-papillons-verrouillables-lod101-2\/","og_site_name":"https:\/\/sxflightcase.com","article_publisher":"https:\/\/www.facebook.com\/profile.php?id=61560407257971","og_image":[{"width":700,"height":700,"url":"https:\/\/sxflightcase.com\/wp-content\/uploads\/2024\/07\/LOD101.jpg","type":"image\/jpeg"}],"twitter_card":"summary_large_image","twitter_misc":{"Dur\u00e9e de lecture estim\u00e9e":"3 minutes"},"schema":{"@context":"https:\/\/schema.org","@graph":[{"@type":"WebPage","@id":"https:\/\/sxflightcase.com\/product\/locking-butterfly-latches-lod101\/","url":"https:\/\/sxflightcase.com\/product\/locking-butterfly-latches-lod101\/","name":"Locking Butterfly Latches LOD101 - https:\/\/sxflightcase.com \ud83d\udc97","isPartOf":{"@id":"https:\/\/sxflightcase.com\/th\/#website"},"primaryImageOfPage":{"@id":"https:\/\/sxflightcase.com\/product\/locking-butterfly-latches-lod101\/#primaryimage"},"image":{"@id":"https:\/\/sxflightcase.com\/product\/locking-butterfly-latches-lod101\/#primaryimage"},"thumbnailUrl":"https:\/\/sxflightcase.com\/wp-content\/uploads\/2024\/07\/LOD101.jpg","datePublished":"2024-08-07T06:33:45+00:00","description":"Loquets papillon verrouillables, direct usine ! Loquet de haute qualit\u00e9, s\u00fbr, avec m\u00e9canisme de verrouillage. Parfait pour prot\u00e9ger les \u00e9quipements dans les flight cases.","breadcrumb":{"@id":"https:\/\/sxflightcase.com\/product\/locking-butterfly-latches-lod101\/#breadcrumb"},"inLanguage":"fr-FR","potentialAction":[{"@type":"ReadAction","target":["https:\/\/sxflightcase.com\/product\/locking-butterfly-latches-lod101\/"]}]},{"@type":"ImageObject","inLanguage":"fr-FR","@id":"https:\/\/sxflightcase.com\/product\/locking-butterfly-latches-lod101\/#primaryimage","url":"https:\/\/sxflightcase.com\/wp-content\/uploads\/2024\/07\/LOD101.jpg","contentUrl":"https:\/\/sxflightcase.com\/wp-content\/uploads\/2024\/07\/LOD101.jpg","width":700,"height":700,"caption":"Locking Butterfly Latches"},{"@type":"BreadcrumbList","@id":"https:\/\/sxflightcase.com\/product\/locking-butterfly-latches-lod101\/#breadcrumb","itemListElement":[{"@type":"ListItem","position":1,"name":"Home","item":"https:\/\/sxflightcase.com\/"},{"@type":"ListItem","position":2,"name":"\u0e2a\u0e34\u0e19\u0e04\u0e49\u0e32","item":"https:\/\/sxflightcase.com\/th\/shop\/"},{"@type":"ListItem","position":3,"name":"Locking Butterfly Latches LOD101"}]},{"@type":"WebSite","@id":"https:\/\/sxflightcase.com\/th\/#website","url":"https:\/\/sxflightcase.com\/th\/","name":"sxpowercase.com","description":"Flight Case Factory","publisher":{"@id":"https:\/\/sxflightcase.com\/th\/#organization"},"potentialAction":[{"@type":"SearchAction","target":{"@type":"EntryPoint","urlTemplate":"https:\/\/sxflightcase.com\/th\/?s={search_term_string}"},"query-input":{"@type":"PropertyValueSpecification","valueRequired":true,"valueName":"search_term_string"}}],"inLanguage":"fr-FR"},{"@type":"Organization","@id":"https:\/\/sxflightcase.com\/th\/#organization","name":"sxpowercase.com","url":"https:\/\/sxflightcase.com\/th\/","logo":{"@type":"ImageObject","inLanguage":"fr-FR","@id":"https:\/\/sxflightcase.com\/th\/#\/schema\/logo\/image\/","url":"https:\/\/sxflightcase.com\/wp-content\/uploads\/2024\/04\/1713919036007.jpg","contentUrl":"https:\/\/sxflightcase.com\/wp-content\/uploads\/2024\/04\/1713919036007.jpg","width":382,"height":388,"caption":"sxpowercase.com"},"image":{"@id":"https:\/\/sxflightcase.com\/th\/#\/schema\/logo\/image\/"},"sameAs":["https:\/\/www.facebook.com\/profile.php?id=61560407257971"],"numberOfEmployees":{"@type":"QuantitativeValue","minValue":"11","maxValue":"50"}}]}},"_links":{"self":[{"href":"https:\/\/sxflightcase.com\/fr\/wp-json\/wp\/v2\/product\/3980","targetHints":{"allow":["GET"]}}],"collection":[{"href":"https:\/\/sxflightcase.com\/fr\/wp-json\/wp\/v2\/product"}],"about":[{"href":"https:\/\/sxflightcase.com\/fr\/wp-json\/wp\/v2\/types\/product"}],"replies":[{"embeddable":true,"href":"https:\/\/sxflightcase.com\/fr\/wp-json\/wp\/v2\/comments?post=3980"}],"version-history":[{"count":0,"href":"https:\/\/sxflightcase.com\/fr\/wp-json\/wp\/v2\/product\/3980\/revisions"}],"wp:featuredmedia":[{"embeddable":true,"href":"https:\/\/sxflightcase.com\/fr\/wp-json\/wp\/v2\/media\/3800"}],"wp:attachment":[{"href":"https:\/\/sxflightcase.com\/fr\/wp-json\/wp\/v2\/media?parent=3980"}],"wp:term":[{"taxonomy":"product_brand","embeddable":true,"href":"https:\/\/sxflightcase.com\/fr\/wp-json\/wp\/v2\/product_brand?post=3980"},{"taxonomy":"product_cat","embeddable":true,"href":"https:\/\/sxflightcase.com\/fr\/wp-json\/wp\/v2\/product_cat?post=3980"},{"taxonomy":"product_tag","embeddable":true,"href":"https:\/\/sxflightcase.com\/fr\/wp-json\/wp\/v2\/product_tag?post=3980"}],"curies":[{"name":"wp","href":"https:\/\/api.w.org\/{rel}","templated":true}]}}