{"id":4037,"date":"2024-08-08T08:56:30","date_gmt":"2024-08-08T07:56:30","guid":{"rendered":"https:\/\/sxpowercase.com\/?post_type=product&#038;p=4037"},"modified":"2024-08-08T08:56:31","modified_gmt":"2024-08-08T07:56:31","slug":"hardware-handle-haa202","status":"publish","type":"product","link":"https:\/\/sxflightcase.com\/fr\/produit\/poignee-de-quincaillerie-haa202-2\/","title":{"rendered":"Poign\u00e9e de quincaillerie HAA202"},"content":{"rendered":"<h3>Am\u00e9liorez vos projets gr\u00e2ce \u00e0 la poign\u00e9e de quincaillerie de qualit\u00e9 sup\u00e9rieure de SX<\/h3>\n<h4>Une qualit\u00e9 in\u00e9gal\u00e9e \u00e0 des prix directs d'usine<\/h4>\n<p>Chez SX, nous pensons qu'une qualit\u00e9 sup\u00e9rieure <strong>Poign\u00e9e de quincaillerie<\/strong>\u00a0ne doit pas s'accompagner d'un prix \u00e9lev\u00e9. En proposant des prix directs d'usine, nous \u00e9liminons les interm\u00e9diaires et fournissons \u00e0 nos clients des poign\u00e9es de qualit\u00e9 sup\u00e9rieure \u00e0 des co\u00fbts nettement inf\u00e9rieurs. Cette approche vous garantit une valeur exceptionnelle sans sacrifier la qualit\u00e9.<\/p>\n<h4>Une construction robuste et fiable<\/h4>\n<p>La durabilit\u00e9 est essentielle lorsqu'il s'agit de <strong>Poign\u00e9es de quincaillerie<\/strong>. <a href=\"https:\/\/sxpowercase.com\/\" target=\"_blank\" rel=\"noopener\" title=\"SX\" data-wpil-monitor-id=\"638\">SX<\/a> se consacre \u00e0 la fabrication de poign\u00e9es qui r\u00e9sistent \u00e0 l'\u00e9preuve du temps. Chaque poign\u00e9e est fabriqu\u00e9e \u00e0 partir de mat\u00e9riaux de haute qualit\u00e9, garantissant une construction robuste et des performances fiables. Nos poign\u00e9es sont con\u00e7ues pour r\u00e9sister \u00e0 un usage intensif, offrant une durabilit\u00e9 \u00e0 long terme sur laquelle vous pouvez compter.<\/p>\n<h4>Des solutions sur mesure pour vos besoins uniques<\/h4>\n<p>Chaque projet est diff\u00e9rent et SX comprend le besoin de solutions personnalis\u00e9es. Nos services <strong>Poign\u00e9es de quincaillerie<\/strong> peuvent \u00eatre adapt\u00e9s \u00e0 vos besoins sp\u00e9cifiques. Que vous ayez besoin d'une taille, d'une forme ou d'un mat\u00e9riau particulier, nous proposons des options de personnalisation pour garantir un ajustement parfait. Cette flexibilit\u00e9 garantit que nos poign\u00e9es s'int\u00e8grent parfaitement \u00e0 vos projets.<\/p>\n<h4>Assurance qualit\u00e9 sup\u00e9rieure<\/h4>\n<p>SX s'engage \u00e0 fournir des produits de haute qualit\u00e9. Nos <strong>Poign\u00e9es de quincaillerie<\/strong> sont soumis \u00e0 des contr\u00f4les de qualit\u00e9 rigoureux afin de garantir qu'ils r\u00e9pondent aux normes les plus strictes. Cet engagement en faveur de l'assurance qualit\u00e9 signifie que vous pouvez faire confiance \u00e0 nos poign\u00e9es pour obtenir des performances exceptionnelles dans n'importe quelle application.<\/p>\n<h4>Designs \u00e9l\u00e9gants et fonctionnels<\/h4>\n<p>SX allie style et fonctionnalit\u00e9 dans notre <strong>Poign\u00e9es de quincaillerie<\/strong>. Chaque poign\u00e9e est non seulement pratique et facile \u00e0 utiliser, mais elle pr\u00e9sente \u00e9galement un design attrayant qui rehausse l'aspect g\u00e9n\u00e9ral de vos projets. Avec SX, vous obtenez des poign\u00e9es aussi esth\u00e9tiques que fonctionnelles.<\/p>\n<h4>Soutien complet \u00e0 la client\u00e8le<\/h4>\n<p>Choisir SX, c'est s'associer \u00e0 une marque qui fait de votre r\u00e9ussite une priorit\u00e9. Notre \u00e9quipe d'experts est toujours pr\u00eate \u00e0 vous aider si vous avez des questions ou des pr\u00e9occupations. Que vous ayez besoin de conseils pour choisir le bon <strong>Poign\u00e9e de quincaillerie<\/strong> ou si vous avez besoin d'aide pour passer votre commande, nous sommes l\u00e0 pour vous aider \u00e0 chaque \u00e9tape.<\/p>\n<h4>Large \u00e9ventail d'applications<\/h4>\n<p>SX <strong>Poign\u00e9es de quincaillerie<\/strong> sont polyvalentes et conviennent \u00e0 un large \u00e9ventail d'applications. De l'ameublement \u00e0 l'\u00e9quipement industriel, nos poign\u00e9es constituent la solution id\u00e9ale pour tous les projets. Leur construction robuste et leurs performances fiables en font un choix id\u00e9al pour les professionnels et les bricoleurs.<\/p>\n<h4>Pourquoi choisir SX?<\/h4>\n<p>SX se distingue par son engagement en faveur de la qualit\u00e9, du prix et de la satisfaction du client. Notre <strong>Poign\u00e9es de quincaillerie<\/strong> refl\u00e8tent notre engagement envers l'excellence, en vous offrant ce qu'il y a de mieux en mati\u00e8re de conception, de durabilit\u00e9 et de fonctionnalit\u00e9. En choisissant SX, vous investissez dans des produits qui augmentent la valeur et la performance de vos projets.<\/p>\n<h4>Contactez SX d\u00e8s aujourd&#039;hui<\/h4>\n<p>D\u00e9couvrez notre vaste gamme de <strong>Poign\u00e9es de quincaillerie<\/strong> et d\u00e9couvrez comment SX peut r\u00e9pondre \u00e0 tous vos besoins en mati\u00e8re de manutention gr\u00e2ce \u00e0 des solutions de haute qualit\u00e9, abordables et personnalisables. Faites confiance \u00e0 SX pour des prix directs, une qualit\u00e9 garantie et un service exceptionnel adapt\u00e9 \u00e0 vos besoins. Contactez-nous d\u00e8s aujourd'hui pour trouver les poign\u00e9es parfaites pour votre prochain projet.<\/p>\n<p>Contactez-nous maintenant :<span style=\"color: #0000ff;\"><a style=\"color: #0000ff;\" href=\"https:\/\/sxpowercase.com\/contact-us\/\">https:\/\/sxpowercase.com\/<\/a><\/span><\/p>\n<p>Catalogue de produits mat\u00e9riels :<span style=\"color: #3366ff;\"><a style=\"color: #3366ff;\" href=\"https:\/\/sxpowercase.com\/wp-content\/uploads\/2024\/07\/\u4e94\u91d1.pdf\">Catalogue d&#039;accessoires de quincaillerie<\/a><\/span><\/p>","protected":false},"excerpt":{"rendered":"<h3>Poign\u00e9es de quincaillerie SX : La qualit\u00e9 \u00e0 des prix directs d'usine<\/h3>\n<p>Obtenez des poign\u00e9es de quincaillerie de qualit\u00e9 sup\u00e9rieure sans le prix \u00e9lev\u00e9. Nos prix directs d'usine garantissent une valeur exceptionnelle sans compromis sur la qualit\u00e9.<\/p>\n<h3>Des solutions durables et personnalisables<\/h3>\n<p>Les poign\u00e9es SX Hardware sont fabriqu\u00e9es \u00e0 partir de mat\u00e9riaux de haute qualit\u00e9 pour une construction robuste et des performances fiables. Personnalisez-les pour r\u00e9pondre aux besoins sp\u00e9cifiques de votre projet.<\/p>\n<h3>\u00c9l\u00e9gant, fonctionnel et soutenu<\/h3>\n<p>Nos poign\u00e9es allient style et fonctionnalit\u00e9, et b\u00e9n\u00e9ficient d'une assistance client\u00e8le compl\u00e8te. Id\u00e9ales pour diverses applications, elles am\u00e9liorent \u00e0 la fois l'aspect et les performances de vos projets.<\/p>","protected":false},"featured_media":4024,"comment_status":"open","ping_status":"closed","template":"","meta":[],"product_brand":[],"product_cat":[62],"product_tag":[],"class_list":{"0":"post-4037","1":"product","2":"type-product","3":"status-publish","4":"has-post-thumbnail","6":"product_cat-handles","8":"first","9":"instock","10":"shipping-taxable","11":"product-type-simple"},"yoast_head":"<!-- This site is optimized with the Yoast SEO Premium plugin v27.1 (Yoast SEO v27.2) - https:\/\/yoast.com\/product\/yoast-seo-premium-wordpress\/ -->\n<title>Hardware Handle HAA202 - https:\/\/sxflightcase.com \ud83d\udc97<\/title>\n<meta name=\"description\" content=\"Hardware handle, factory direct! High-quality, durable handles for various applications. Ideal for cabinets, cases, and equipment, ensuring reliable and comfortable use.\" \/>\n<meta name=\"robots\" content=\"index, follow, max-snippet:-1, max-image-preview:large, max-video-preview:-1\" \/>\n<link rel=\"canonical\" href=\"https:\/\/sxflightcase.com\/fr\/\u0645\u0646\u062a\u062c\/\u0645\u0642\u0628\u0636-\u0627\u0644\u0623\u062c\u0647\u0632\u0629-haa202-2\/\" \/>\n<meta property=\"og:locale\" content=\"fr_FR\" \/>\n<meta property=\"og:type\" content=\"article\" \/>\n<meta property=\"og:title\" content=\"Hardware Handle HAA202\" \/>\n<meta property=\"og:description\" content=\"Hardware handle, factory direct! High-quality, durable handles for various applications. Ideal for cabinets, cases, and equipment, ensuring reliable and comfortable use.\" \/>\n<meta property=\"og:url\" content=\"https:\/\/sxflightcase.com\/fr\/\u0645\u0646\u062a\u062c\/\u0645\u0642\u0628\u0636-\u0627\u0644\u0623\u062c\u0647\u0632\u0629-haa202-2\/\" \/>\n<meta property=\"og:site_name\" content=\"https:\/\/sxflightcase.com\" \/>\n<meta property=\"article:publisher\" content=\"https:\/\/www.facebook.com\/profile.php?id=61560407257971\" \/>\n<meta property=\"article:modified_time\" content=\"2024-08-08T07:56:31+00:00\" \/>\n<meta property=\"og:image\" content=\"https:\/\/sxflightcase.com\/wp-content\/uploads\/2024\/08\/HAA202.jpg\" \/>\n\t<meta property=\"og:image:width\" content=\"700\" \/>\n\t<meta property=\"og:image:height\" content=\"700\" \/>\n\t<meta property=\"og:image:type\" content=\"image\/jpeg\" \/>\n<meta name=\"twitter:card\" content=\"summary_large_image\" \/>\n<meta name=\"twitter:label1\" content=\"Dur\u00e9e de lecture estim\u00e9e\" \/>\n\t<meta name=\"twitter:data1\" content=\"3 minutes\" \/>\n<script type=\"application\/ld+json\" class=\"yoast-schema-graph\">{\"@context\":\"https:\/\/schema.org\",\"@graph\":[{\"@type\":\"WebPage\",\"@id\":\"https:\/\/sxflightcase.com\/ary\/\u0645\u0646\u062a\u062c\/\u0645\u0642\u0628\u0636-\u0627\u0644\u0623\u062c\u0647\u0632\u0629-haa202-2\/\",\"url\":\"https:\/\/sxflightcase.com\/ary\/\u0645\u0646\u062a\u062c\/\u0645\u0642\u0628\u0636-\u0627\u0644\u0623\u062c\u0647\u0632\u0629-haa202-2\/\",\"name\":\"Hardware Handle HAA202 - https:\/\/sxflightcase.com \ud83d\udc97\",\"isPartOf\":{\"@id\":\"https:\/\/sxflightcase.com\/th\/#website\"},\"primaryImageOfPage\":{\"@id\":\"https:\/\/sxflightcase.com\/ary\/\u0645\u0646\u062a\u062c\/\u0645\u0642\u0628\u0636-\u0627\u0644\u0623\u062c\u0647\u0632\u0629-haa202-2\/#primaryimage\"},\"image\":{\"@id\":\"https:\/\/sxflightcase.com\/ary\/\u0645\u0646\u062a\u062c\/\u0645\u0642\u0628\u0636-\u0627\u0644\u0623\u062c\u0647\u0632\u0629-haa202-2\/#primaryimage\"},\"thumbnailUrl\":\"https:\/\/sxflightcase.com\/wp-content\/uploads\/2024\/08\/HAA202.jpg\",\"datePublished\":\"2024-08-08T07:56:30+00:00\",\"dateModified\":\"2024-08-08T07:56:31+00:00\",\"description\":\"Hardware handle, factory direct! High-quality, durable handles for various applications. Ideal for cabinets, cases, and equipment, ensuring reliable and comfortable use.\",\"breadcrumb\":{\"@id\":\"https:\/\/sxflightcase.com\/ary\/\u0645\u0646\u062a\u062c\/\u0645\u0642\u0628\u0636-\u0627\u0644\u0623\u062c\u0647\u0632\u0629-haa202-2\/#breadcrumb\"},\"inLanguage\":\"fr-FR\",\"potentialAction\":[{\"@type\":\"ReadAction\",\"target\":[\"https:\/\/sxflightcase.com\/ary\/\u0645\u0646\u062a\u062c\/\u0645\u0642\u0628\u0636-\u0627\u0644\u0623\u062c\u0647\u0632\u0629-haa202-2\/\"]}]},{\"@type\":\"ImageObject\",\"inLanguage\":\"fr-FR\",\"@id\":\"https:\/\/sxflightcase.com\/ary\/\u0645\u0646\u062a\u062c\/\u0645\u0642\u0628\u0636-\u0627\u0644\u0623\u062c\u0647\u0632\u0629-haa202-2\/#primaryimage\",\"url\":\"https:\/\/sxflightcase.com\/wp-content\/uploads\/2024\/08\/HAA202.jpg\",\"contentUrl\":\"https:\/\/sxflightcase.com\/wp-content\/uploads\/2024\/08\/HAA202.jpg\",\"width\":700,\"height\":700,\"caption\":\"hardware handle\"},{\"@type\":\"BreadcrumbList\",\"@id\":\"https:\/\/sxflightcase.com\/ary\/\u0645\u0646\u062a\u062c\/\u0645\u0642\u0628\u0636-\u0627\u0644\u0623\u062c\u0647\u0632\u0629-haa202-2\/#breadcrumb\",\"itemListElement\":[{\"@type\":\"ListItem\",\"position\":1,\"name\":\"Home\",\"item\":\"https:\/\/sxflightcase.com\/\"},{\"@type\":\"ListItem\",\"position\":2,\"name\":\"\u0e2a\u0e34\u0e19\u0e04\u0e49\u0e32\",\"item\":\"https:\/\/sxflightcase.com\/th\/shop\/\"},{\"@type\":\"ListItem\",\"position\":3,\"name\":\"Hardware Handle HAA202\"}]},{\"@type\":\"WebSite\",\"@id\":\"https:\/\/sxflightcase.com\/th\/#website\",\"url\":\"https:\/\/sxflightcase.com\/th\/\",\"name\":\"sxpowercase.com\",\"description\":\"Flight Case Factory\",\"publisher\":{\"@id\":\"https:\/\/sxflightcase.com\/th\/#organization\"},\"potentialAction\":[{\"@type\":\"SearchAction\",\"target\":{\"@type\":\"EntryPoint\",\"urlTemplate\":\"https:\/\/sxflightcase.com\/th\/?s={search_term_string}\"},\"query-input\":{\"@type\":\"PropertyValueSpecification\",\"valueRequired\":true,\"valueName\":\"search_term_string\"}}],\"inLanguage\":\"fr-FR\"},{\"@type\":\"Organization\",\"@id\":\"https:\/\/sxflightcase.com\/th\/#organization\",\"name\":\"sxpowercase.com\",\"url\":\"https:\/\/sxflightcase.com\/th\/\",\"logo\":{\"@type\":\"ImageObject\",\"inLanguage\":\"fr-FR\",\"@id\":\"https:\/\/sxflightcase.com\/th\/#\/schema\/logo\/image\/\",\"url\":\"https:\/\/sxflightcase.com\/wp-content\/uploads\/2024\/04\/1713919036007.jpg\",\"contentUrl\":\"https:\/\/sxflightcase.com\/wp-content\/uploads\/2024\/04\/1713919036007.jpg\",\"width\":382,\"height\":388,\"caption\":\"sxpowercase.com\"},\"image\":{\"@id\":\"https:\/\/sxflightcase.com\/th\/#\/schema\/logo\/image\/\"},\"sameAs\":[\"https:\/\/www.facebook.com\/profile.php?id=61560407257971\"],\"numberOfEmployees\":{\"@type\":\"QuantitativeValue\",\"minValue\":\"11\",\"maxValue\":\"50\"}}]}<\/script>\n<!-- \/ Yoast SEO Premium plugin. -->","yoast_head_json":{"title":"Hardware Handle HAA202 - https:\/\/sxflightcase.com \ud83d\udc97","description":"Poign\u00e9e de quincaillerie, direct usine ! Poign\u00e9es de haute qualit\u00e9 et durables pour diverses applications. Id\u00e9ales pour les armoires, les caisses et les \u00e9quipements, elles garantissent une utilisation fiable et confortable.","robots":{"index":"index","follow":"follow","max-snippet":"max-snippet:-1","max-image-preview":"max-image-preview:large","max-video-preview":"max-video-preview:-1"},"canonical":"https:\/\/sxflightcase.com\/fr\/\u0645\u0646\u062a\u062c\/\u0645\u0642\u0628\u0636-\u0627\u0644\u0623\u062c\u0647\u0632\u0629-haa202-2\/","og_locale":"fr_FR","og_type":"article","og_title":"Hardware Handle HAA202","og_description":"Hardware handle, factory direct! High-quality, durable handles for various applications. Ideal for cabinets, cases, and equipment, ensuring reliable and comfortable use.","og_url":"https:\/\/sxflightcase.com\/fr\/\u0645\u0646\u062a\u062c\/\u0645\u0642\u0628\u0636-\u0627\u0644\u0623\u062c\u0647\u0632\u0629-haa202-2\/","og_site_name":"https:\/\/sxflightcase.com","article_publisher":"https:\/\/www.facebook.com\/profile.php?id=61560407257971","article_modified_time":"2024-08-08T07:56:31+00:00","og_image":[{"width":700,"height":700,"url":"https:\/\/sxflightcase.com\/wp-content\/uploads\/2024\/08\/HAA202.jpg","type":"image\/jpeg"}],"twitter_card":"summary_large_image","twitter_misc":{"Dur\u00e9e de lecture estim\u00e9e":"3 minutes"},"schema":{"@context":"https:\/\/schema.org","@graph":[{"@type":"WebPage","@id":"https:\/\/sxflightcase.com\/ary\/\u0645\u0646\u062a\u062c\/\u0645\u0642\u0628\u0636-\u0627\u0644\u0623\u062c\u0647\u0632\u0629-haa202-2\/","url":"https:\/\/sxflightcase.com\/ary\/\u0645\u0646\u062a\u062c\/\u0645\u0642\u0628\u0636-\u0627\u0644\u0623\u062c\u0647\u0632\u0629-haa202-2\/","name":"Hardware Handle HAA202 - https:\/\/sxflightcase.com \ud83d\udc97","isPartOf":{"@id":"https:\/\/sxflightcase.com\/th\/#website"},"primaryImageOfPage":{"@id":"https:\/\/sxflightcase.com\/ary\/\u0645\u0646\u062a\u062c\/\u0645\u0642\u0628\u0636-\u0627\u0644\u0623\u062c\u0647\u0632\u0629-haa202-2\/#primaryimage"},"image":{"@id":"https:\/\/sxflightcase.com\/ary\/\u0645\u0646\u062a\u062c\/\u0645\u0642\u0628\u0636-\u0627\u0644\u0623\u062c\u0647\u0632\u0629-haa202-2\/#primaryimage"},"thumbnailUrl":"https:\/\/sxflightcase.com\/wp-content\/uploads\/2024\/08\/HAA202.jpg","datePublished":"2024-08-08T07:56:30+00:00","dateModified":"2024-08-08T07:56:31+00:00","description":"Poign\u00e9e de quincaillerie, direct usine ! Poign\u00e9es de haute qualit\u00e9 et durables pour diverses applications. Id\u00e9ales pour les armoires, les caisses et les \u00e9quipements, elles garantissent une utilisation fiable et confortable.","breadcrumb":{"@id":"https:\/\/sxflightcase.com\/ary\/\u0645\u0646\u062a\u062c\/\u0645\u0642\u0628\u0636-\u0627\u0644\u0623\u062c\u0647\u0632\u0629-haa202-2\/#breadcrumb"},"inLanguage":"fr-FR","potentialAction":[{"@type":"ReadAction","target":["https:\/\/sxflightcase.com\/ary\/\u0645\u0646\u062a\u062c\/\u0645\u0642\u0628\u0636-\u0627\u0644\u0623\u062c\u0647\u0632\u0629-haa202-2\/"]}]},{"@type":"ImageObject","inLanguage":"fr-FR","@id":"https:\/\/sxflightcase.com\/ary\/\u0645\u0646\u062a\u062c\/\u0645\u0642\u0628\u0636-\u0627\u0644\u0623\u062c\u0647\u0632\u0629-haa202-2\/#primaryimage","url":"https:\/\/sxflightcase.com\/wp-content\/uploads\/2024\/08\/HAA202.jpg","contentUrl":"https:\/\/sxflightcase.com\/wp-content\/uploads\/2024\/08\/HAA202.jpg","width":700,"height":700,"caption":"hardware handle"},{"@type":"BreadcrumbList","@id":"https:\/\/sxflightcase.com\/ary\/\u0645\u0646\u062a\u062c\/\u0645\u0642\u0628\u0636-\u0627\u0644\u0623\u062c\u0647\u0632\u0629-haa202-2\/#breadcrumb","itemListElement":[{"@type":"ListItem","position":1,"name":"Home","item":"https:\/\/sxflightcase.com\/"},{"@type":"ListItem","position":2,"name":"\u0e2a\u0e34\u0e19\u0e04\u0e49\u0e32","item":"https:\/\/sxflightcase.com\/th\/shop\/"},{"@type":"ListItem","position":3,"name":"Hardware Handle HAA202"}]},{"@type":"WebSite","@id":"https:\/\/sxflightcase.com\/th\/#website","url":"https:\/\/sxflightcase.com\/th\/","name":"sxpowercase.com","description":"Flight Case Factory","publisher":{"@id":"https:\/\/sxflightcase.com\/th\/#organization"},"potentialAction":[{"@type":"SearchAction","target":{"@type":"EntryPoint","urlTemplate":"https:\/\/sxflightcase.com\/th\/?s={search_term_string}"},"query-input":{"@type":"PropertyValueSpecification","valueRequired":true,"valueName":"search_term_string"}}],"inLanguage":"fr-FR"},{"@type":"Organization","@id":"https:\/\/sxflightcase.com\/th\/#organization","name":"sxpowercase.com","url":"https:\/\/sxflightcase.com\/th\/","logo":{"@type":"ImageObject","inLanguage":"fr-FR","@id":"https:\/\/sxflightcase.com\/th\/#\/schema\/logo\/image\/","url":"https:\/\/sxflightcase.com\/wp-content\/uploads\/2024\/04\/1713919036007.jpg","contentUrl":"https:\/\/sxflightcase.com\/wp-content\/uploads\/2024\/04\/1713919036007.jpg","width":382,"height":388,"caption":"sxpowercase.com"},"image":{"@id":"https:\/\/sxflightcase.com\/th\/#\/schema\/logo\/image\/"},"sameAs":["https:\/\/www.facebook.com\/profile.php?id=61560407257971"],"numberOfEmployees":{"@type":"QuantitativeValue","minValue":"11","maxValue":"50"}}]}},"_links":{"self":[{"href":"https:\/\/sxflightcase.com\/fr\/wp-json\/wp\/v2\/product\/4037","targetHints":{"allow":["GET"]}}],"collection":[{"href":"https:\/\/sxflightcase.com\/fr\/wp-json\/wp\/v2\/product"}],"about":[{"href":"https:\/\/sxflightcase.com\/fr\/wp-json\/wp\/v2\/types\/product"}],"replies":[{"embeddable":true,"href":"https:\/\/sxflightcase.com\/fr\/wp-json\/wp\/v2\/comments?post=4037"}],"version-history":[{"count":0,"href":"https:\/\/sxflightcase.com\/fr\/wp-json\/wp\/v2\/product\/4037\/revisions"}],"wp:featuredmedia":[{"embeddable":true,"href":"https:\/\/sxflightcase.com\/fr\/wp-json\/wp\/v2\/media\/4024"}],"wp:attachment":[{"href":"https:\/\/sxflightcase.com\/fr\/wp-json\/wp\/v2\/media?parent=4037"}],"wp:term":[{"taxonomy":"product_brand","embeddable":true,"href":"https:\/\/sxflightcase.com\/fr\/wp-json\/wp\/v2\/product_brand?post=4037"},{"taxonomy":"product_cat","embeddable":true,"href":"https:\/\/sxflightcase.com\/fr\/wp-json\/wp\/v2\/product_cat?post=4037"},{"taxonomy":"product_tag","embeddable":true,"href":"https:\/\/sxflightcase.com\/fr\/wp-json\/wp\/v2\/product_tag?post=4037"}],"curies":[{"name":"wp","href":"https:\/\/api.w.org\/{rel}","templated":true}]}}