{"id":4038,"date":"2024-08-08T09:06:31","date_gmt":"2024-08-08T08:06:31","guid":{"rendered":"https:\/\/sxpowercase.com\/?post_type=product&#038;p=4038"},"modified":"2024-08-08T09:06:32","modified_gmt":"2024-08-08T08:06:32","slug":"accessories-recessed-handle-haa203","status":"publish","type":"product","link":"https:\/\/sxflightcase.com\/fr\/produit\/accessoires-poignee-encastree-haa203-2\/","title":{"rendered":"Accessoires Poign\u00e9e encastr\u00e9e HAA203"},"content":{"rendered":"<h3>D\u00e9couvrez les accessoires haut de gamme de SX Poign\u00e9e encastr\u00e9e<\/h3>\n<h4>Des prix directs pour une valeur imbattable<\/h4>\n<p>Chez SX, nous pensons que le mat\u00e9riel de haute qualit\u00e9 doit \u00eatre accessible \u00e0 tous. Nos <strong>Accessoires Poign\u00e9e encastr\u00e9e<\/strong> est propos\u00e9 \u00e0 des prix directs d'usine, ce qui vous garantit des produits de premi\u00e8re qualit\u00e9 \u00e0 des prix abordables. En \u00e9liminant les interm\u00e9diaires, nous vous faisons b\u00e9n\u00e9ficier directement des \u00e9conomies r\u00e9alis\u00e9es.<\/p>\n<h4>Construit pour durer avec des mat\u00e9riaux de qualit\u00e9 sup\u00e9rieure<\/h4>\n<p>La durabilit\u00e9 est au c\u0153ur de la philosophie de conception de SX. Nos <strong>Accessoires Poign\u00e9e encastr\u00e9e<\/strong> est fabriqu\u00e9 \u00e0 partir de mat\u00e9riaux de haute qualit\u00e9, garantissant des performances durables. Nos poign\u00e9es peuvent ainsi r\u00e9sister aux rigueurs d'une utilisation quotidienne, ce qui en fait un choix fiable pour n'importe quel projet.<\/p>\n<h4>Personnalisable pour r\u00e9pondre \u00e0 vos besoins<\/h4>\n<p>Chaque projet a des exigences uniques, et <a href=\"https:\/\/sxpowercase.com\/\" target=\"_blank\" rel=\"noopener\" title=\"SX\" data-wpil-monitor-id=\"639\">SX<\/a> comprend ce besoin de personnalisation. Nos <strong>Accessoires Poign\u00e9e encastr\u00e9e<\/strong> peuvent \u00eatre adapt\u00e9es \u00e0 vos besoins sp\u00e9cifiques, qu'il s'agisse de la taille, de la forme ou de la finition. Cette flexibilit\u00e9 vous permet d'int\u00e9grer nos poign\u00e9es de mani\u00e8re transparente dans vos conceptions.<\/p>\n<h4>Engagement en faveur de l'assurance qualit\u00e9<\/h4>\n<p>SX s'attache \u00e0 fournir des produits de la plus haute qualit\u00e9. Chaque <strong>Accessoires Poign\u00e9e encastr\u00e9e<\/strong> est soumis \u00e0 des processus rigoureux de contr\u00f4le de la qualit\u00e9 afin de s'assurer qu'il r\u00e9pond \u00e0 nos normes strictes. Cet engagement en faveur de l'excellence garantit que vous recevez un produit en lequel vous pouvez avoir confiance.<\/p>\n<h4>Design \u00e9pur\u00e9 et fonctionnel<\/h4>\n<p>SX <strong>Accessoires Poign\u00e9e encastr\u00e9e<\/strong> allie un design \u00e9l\u00e9gant \u00e0 une fonctionnalit\u00e9 pratique. Nos poign\u00e9es sont non seulement faciles \u00e0 utiliser, mais elles rehaussent \u00e9galement l'attrait esth\u00e9tique de vos projets. Avec SX, vous obtenez une quincaillerie \u00e0 la fois \u00e9l\u00e9gante et efficace.<\/p>\n<h4>Assistance client exceptionnelle<\/h4>\n<p>Choisir SX, c'est s'assurer le soutien d'une \u00e9quipe qui s'engage pour votre r\u00e9ussite. Notre \u00e9quipe d'assistance \u00e0 la client\u00e8le est toujours disponible pour r\u00e9pondre \u00e0 vos questions. Que vous ayez besoin de conseils sur la s\u00e9lection des produits ou d'aide pour passer votre commande, nous sommes l\u00e0 pour vous aider \u00e0 chaque \u00e9tape.<\/p>\n<h4>Applications polyvalentes<\/h4>\n<p>Le <strong>Accessoires Poign\u00e9e encastr\u00e9e<\/strong> Les poign\u00e9es de SX sont polyvalentes et conviennent \u00e0 diverses applications. Des flight cases aux \u00e9quipements industriels, nos poign\u00e9es sont con\u00e7ues pour r\u00e9pondre aux exigences de diff\u00e9rents projets. Leur construction robuste et leurs performances fiables les rendent id\u00e9ales pour les professionnels et les bricoleurs.<\/p>\n<h4>Pourquoi SX se d\u00e9marque<\/h4>\n<p>SX se distingue par son engagement en faveur de la qualit\u00e9, de l'accessibilit\u00e9 financi\u00e8re et de la satisfaction du client. Nos services <strong>Accessoires Poign\u00e9e encastr\u00e9e<\/strong> illustre notre engagement \u00e0 offrir ce qu'il y a de mieux en mati\u00e8re de conception, de durabilit\u00e9 et de fonctionnalit\u00e9. En choisissant SX, vous investissez dans des produits qui augmentent la valeur et la performance de vos projets.<\/p>\n<h4>Contactez SX d\u00e8s aujourd&#039;hui<\/h4>\n<p>D\u00e9couvrez notre gamme de <strong>Accessoires Poign\u00e9e encastr\u00e9e<\/strong> et voyez comment SX peut vous fournir la solution parfaite pour vos besoins en mati\u00e8re de poign\u00e9es. Avec des prix directs d'usine, une qualit\u00e9 garantie et des options personnalisables, SX est votre source de r\u00e9f\u00e9rence pour la quincaillerie de qualit\u00e9 sup\u00e9rieure. Contactez-nous d\u00e8s aujourd'hui et d\u00e9couvrez la diff\u00e9rence que SX peut faire pour votre prochain projet.<\/p>\n<p>Contactez-nous maintenant :<span style=\"color: #0000ff;\"><a style=\"color: #0000ff;\" href=\"https:\/\/sxpowercase.com\/contact-us\/\">https:\/\/sxpowercase.com\/<\/a><\/span><\/p>\n<p>Catalogue de produits mat\u00e9riels :<span style=\"color: #3366ff;\"><a style=\"color: #3366ff;\" href=\"https:\/\/sxpowercase.com\/wp-content\/uploads\/2024\/07\/\u4e94\u91d1.pdf\">Catalogue d&#039;accessoires de quincaillerie<\/a><\/span><\/p>","protected":false},"excerpt":{"rendered":"<h3>Poign\u00e9e encastr\u00e9e SX Accessories : Qualit\u00e9 sup\u00e9rieure \u00e0 des prix directs d'usine<\/h3>\n<p>Obtenez de la quincaillerie de premi\u00e8re qualit\u00e9 \u00e0 des prix abordables gr\u00e2ce aux prix d'usine de SX. Notre poign\u00e9e encastr\u00e9e pour accessoires offre une valeur exceptionnelle sans compromis sur la qualit\u00e9.<\/p>\n<h3>Durable, personnalisable et \u00e9l\u00e9gant<\/h3>\n<p>Fabriqu\u00e9e \u00e0 partir de mat\u00e9riaux de haute qualit\u00e9, la poign\u00e9e encastr\u00e9e Accessoires SX est con\u00e7ue pour durer et peut \u00eatre personnalis\u00e9e pour r\u00e9pondre \u00e0 vos besoins sp\u00e9cifiques. Son design \u00e9pur\u00e9 am\u00e9liore \u00e0 la fois la fonctionnalit\u00e9 et l'esth\u00e9tique.<\/p>\n<h3>Faites confiance \u00e0 SX pour des solutions polyvalentes<\/h3>\n<p>La poign\u00e9e encastr\u00e9e des accessoires SX est id\u00e9ale pour diverses applications et b\u00e9n\u00e9ficie d'une assurance qualit\u00e9 rigoureuse et d'une assistance client\u00e8le exceptionnelle. Am\u00e9liorez vos projets avec nos poign\u00e9es fiables et \u00e9l\u00e9gantes.<\/p>","protected":false},"featured_media":4025,"comment_status":"open","ping_status":"closed","template":"","meta":[],"product_brand":[],"product_cat":[62],"product_tag":[],"class_list":{"0":"post-4038","1":"product","2":"type-product","3":"status-publish","4":"has-post-thumbnail","6":"product_cat-handles","8":"first","9":"instock","10":"shipping-taxable","11":"product-type-simple"},"yoast_head":"<!-- This site is optimized with the Yoast SEO Premium plugin v27.1 (Yoast SEO v27.2) - https:\/\/yoast.com\/product\/yoast-seo-premium-wordpress\/ -->\n<title>Accessories Recessed Handle HAA203 - https:\/\/sxflightcase.com \ud83d\udc97<\/title>\n<meta name=\"description\" content=\"Accessories recessed handle, factory direct! High-quality, durable handles designed for flush mounting. Ideal for flight cases, cabinets, and equipment, ensuring secure and comfortable use.\" \/>\n<meta name=\"robots\" content=\"index, follow, max-snippet:-1, max-image-preview:large, max-video-preview:-1\" \/>\n<link rel=\"canonical\" href=\"https:\/\/sxflightcase.com\/fr\/termek\/tartozekok-sullyesztett-fogantyu-haa203\/\" \/>\n<meta property=\"og:locale\" content=\"fr_FR\" \/>\n<meta property=\"og:type\" content=\"article\" \/>\n<meta property=\"og:title\" content=\"Accessories Recessed Handle HAA203\" \/>\n<meta property=\"og:description\" content=\"Accessories recessed handle, factory direct! High-quality, durable handles designed for flush mounting. Ideal for flight cases, cabinets, and equipment, ensuring secure and comfortable use.\" \/>\n<meta property=\"og:url\" content=\"https:\/\/sxflightcase.com\/fr\/termek\/tartozekok-sullyesztett-fogantyu-haa203\/\" \/>\n<meta property=\"og:site_name\" content=\"https:\/\/sxflightcase.com\" \/>\n<meta property=\"article:publisher\" content=\"https:\/\/www.facebook.com\/profile.php?id=61560407257971\" \/>\n<meta property=\"article:modified_time\" content=\"2024-08-08T08:06:32+00:00\" \/>\n<meta property=\"og:image\" content=\"https:\/\/sxflightcase.com\/wp-content\/uploads\/2024\/08\/HAA203.jpg\" \/>\n\t<meta property=\"og:image:width\" content=\"700\" \/>\n\t<meta property=\"og:image:height\" content=\"700\" \/>\n\t<meta property=\"og:image:type\" content=\"image\/jpeg\" \/>\n<meta name=\"twitter:card\" content=\"summary_large_image\" \/>\n<meta name=\"twitter:label1\" content=\"Dur\u00e9e de lecture estim\u00e9e\" \/>\n\t<meta name=\"twitter:data1\" content=\"3 minutes\" \/>\n<script type=\"application\/ld+json\" class=\"yoast-schema-graph\">{\"@context\":\"https:\/\/schema.org\",\"@graph\":[{\"@type\":\"WebPage\",\"@id\":\"https:\/\/sxflightcase.com\/hu\/termek\/tartozekok-sullyesztett-fogantyu-haa203\/\",\"url\":\"https:\/\/sxflightcase.com\/hu\/termek\/tartozekok-sullyesztett-fogantyu-haa203\/\",\"name\":\"Accessories Recessed Handle HAA203 - https:\/\/sxflightcase.com \ud83d\udc97\",\"isPartOf\":{\"@id\":\"https:\/\/sxflightcase.com\/th\/#website\"},\"primaryImageOfPage\":{\"@id\":\"https:\/\/sxflightcase.com\/hu\/termek\/tartozekok-sullyesztett-fogantyu-haa203\/#primaryimage\"},\"image\":{\"@id\":\"https:\/\/sxflightcase.com\/hu\/termek\/tartozekok-sullyesztett-fogantyu-haa203\/#primaryimage\"},\"thumbnailUrl\":\"https:\/\/sxflightcase.com\/wp-content\/uploads\/2024\/08\/HAA203.jpg\",\"datePublished\":\"2024-08-08T08:06:31+00:00\",\"dateModified\":\"2024-08-08T08:06:32+00:00\",\"description\":\"Accessories recessed handle, factory direct! High-quality, durable handles designed for flush mounting. Ideal for flight cases, cabinets, and equipment, ensuring secure and comfortable use.\",\"breadcrumb\":{\"@id\":\"https:\/\/sxflightcase.com\/hu\/termek\/tartozekok-sullyesztett-fogantyu-haa203\/#breadcrumb\"},\"inLanguage\":\"fr-FR\",\"potentialAction\":[{\"@type\":\"ReadAction\",\"target\":[\"https:\/\/sxflightcase.com\/hu\/termek\/tartozekok-sullyesztett-fogantyu-haa203\/\"]}]},{\"@type\":\"ImageObject\",\"inLanguage\":\"fr-FR\",\"@id\":\"https:\/\/sxflightcase.com\/hu\/termek\/tartozekok-sullyesztett-fogantyu-haa203\/#primaryimage\",\"url\":\"https:\/\/sxflightcase.com\/wp-content\/uploads\/2024\/08\/HAA203.jpg\",\"contentUrl\":\"https:\/\/sxflightcase.com\/wp-content\/uploads\/2024\/08\/HAA203.jpg\",\"width\":700,\"height\":700,\"caption\":\"Accessories Recessed Handle\"},{\"@type\":\"BreadcrumbList\",\"@id\":\"https:\/\/sxflightcase.com\/hu\/termek\/tartozekok-sullyesztett-fogantyu-haa203\/#breadcrumb\",\"itemListElement\":[{\"@type\":\"ListItem\",\"position\":1,\"name\":\"Home\",\"item\":\"https:\/\/sxflightcase.com\/\"},{\"@type\":\"ListItem\",\"position\":2,\"name\":\"\u0e2a\u0e34\u0e19\u0e04\u0e49\u0e32\",\"item\":\"https:\/\/sxflightcase.com\/th\/shop\/\"},{\"@type\":\"ListItem\",\"position\":3,\"name\":\"Accessories Recessed Handle HAA203\"}]},{\"@type\":\"WebSite\",\"@id\":\"https:\/\/sxflightcase.com\/th\/#website\",\"url\":\"https:\/\/sxflightcase.com\/th\/\",\"name\":\"sxpowercase.com\",\"description\":\"Flight Case Factory\",\"publisher\":{\"@id\":\"https:\/\/sxflightcase.com\/th\/#organization\"},\"potentialAction\":[{\"@type\":\"SearchAction\",\"target\":{\"@type\":\"EntryPoint\",\"urlTemplate\":\"https:\/\/sxflightcase.com\/th\/?s={search_term_string}\"},\"query-input\":{\"@type\":\"PropertyValueSpecification\",\"valueRequired\":true,\"valueName\":\"search_term_string\"}}],\"inLanguage\":\"fr-FR\"},{\"@type\":\"Organization\",\"@id\":\"https:\/\/sxflightcase.com\/th\/#organization\",\"name\":\"sxpowercase.com\",\"url\":\"https:\/\/sxflightcase.com\/th\/\",\"logo\":{\"@type\":\"ImageObject\",\"inLanguage\":\"fr-FR\",\"@id\":\"https:\/\/sxflightcase.com\/th\/#\/schema\/logo\/image\/\",\"url\":\"https:\/\/sxflightcase.com\/wp-content\/uploads\/2024\/04\/1713919036007.jpg\",\"contentUrl\":\"https:\/\/sxflightcase.com\/wp-content\/uploads\/2024\/04\/1713919036007.jpg\",\"width\":382,\"height\":388,\"caption\":\"sxpowercase.com\"},\"image\":{\"@id\":\"https:\/\/sxflightcase.com\/th\/#\/schema\/logo\/image\/\"},\"sameAs\":[\"https:\/\/www.facebook.com\/profile.php?id=61560407257971\"],\"numberOfEmployees\":{\"@type\":\"QuantitativeValue\",\"minValue\":\"11\",\"maxValue\":\"50\"}}]}<\/script>\n<!-- \/ Yoast SEO Premium plugin. -->","yoast_head_json":{"title":"Accessories Recessed Handle HAA203 - https:\/\/sxflightcase.com \ud83d\udc97","description":"Accessoires poign\u00e9e encastr\u00e9e, direct usine ! Poign\u00e9es de haute qualit\u00e9, durables, con\u00e7ues pour un montage encastr\u00e9. Id\u00e9ales pour les flight cases, les armoires et les \u00e9quipements, elles garantissent une utilisation s\u00fbre et confortable.","robots":{"index":"index","follow":"follow","max-snippet":"max-snippet:-1","max-image-preview":"max-image-preview:large","max-video-preview":"max-video-preview:-1"},"canonical":"https:\/\/sxflightcase.com\/fr\/termek\/tartozekok-sullyesztett-fogantyu-haa203\/","og_locale":"fr_FR","og_type":"article","og_title":"Accessories Recessed Handle HAA203","og_description":"Accessories recessed handle, factory direct! High-quality, durable handles designed for flush mounting. Ideal for flight cases, cabinets, and equipment, ensuring secure and comfortable use.","og_url":"https:\/\/sxflightcase.com\/fr\/termek\/tartozekok-sullyesztett-fogantyu-haa203\/","og_site_name":"https:\/\/sxflightcase.com","article_publisher":"https:\/\/www.facebook.com\/profile.php?id=61560407257971","article_modified_time":"2024-08-08T08:06:32+00:00","og_image":[{"width":700,"height":700,"url":"https:\/\/sxflightcase.com\/wp-content\/uploads\/2024\/08\/HAA203.jpg","type":"image\/jpeg"}],"twitter_card":"summary_large_image","twitter_misc":{"Dur\u00e9e de lecture estim\u00e9e":"3 minutes"},"schema":{"@context":"https:\/\/schema.org","@graph":[{"@type":"WebPage","@id":"https:\/\/sxflightcase.com\/hu\/termek\/tartozekok-sullyesztett-fogantyu-haa203\/","url":"https:\/\/sxflightcase.com\/hu\/termek\/tartozekok-sullyesztett-fogantyu-haa203\/","name":"Accessories Recessed Handle HAA203 - https:\/\/sxflightcase.com \ud83d\udc97","isPartOf":{"@id":"https:\/\/sxflightcase.com\/th\/#website"},"primaryImageOfPage":{"@id":"https:\/\/sxflightcase.com\/hu\/termek\/tartozekok-sullyesztett-fogantyu-haa203\/#primaryimage"},"image":{"@id":"https:\/\/sxflightcase.com\/hu\/termek\/tartozekok-sullyesztett-fogantyu-haa203\/#primaryimage"},"thumbnailUrl":"https:\/\/sxflightcase.com\/wp-content\/uploads\/2024\/08\/HAA203.jpg","datePublished":"2024-08-08T08:06:31+00:00","dateModified":"2024-08-08T08:06:32+00:00","description":"Accessoires poign\u00e9e encastr\u00e9e, direct usine ! Poign\u00e9es de haute qualit\u00e9, durables, con\u00e7ues pour un montage encastr\u00e9. Id\u00e9ales pour les flight cases, les armoires et les \u00e9quipements, elles garantissent une utilisation s\u00fbre et confortable.","breadcrumb":{"@id":"https:\/\/sxflightcase.com\/hu\/termek\/tartozekok-sullyesztett-fogantyu-haa203\/#breadcrumb"},"inLanguage":"fr-FR","potentialAction":[{"@type":"ReadAction","target":["https:\/\/sxflightcase.com\/hu\/termek\/tartozekok-sullyesztett-fogantyu-haa203\/"]}]},{"@type":"ImageObject","inLanguage":"fr-FR","@id":"https:\/\/sxflightcase.com\/hu\/termek\/tartozekok-sullyesztett-fogantyu-haa203\/#primaryimage","url":"https:\/\/sxflightcase.com\/wp-content\/uploads\/2024\/08\/HAA203.jpg","contentUrl":"https:\/\/sxflightcase.com\/wp-content\/uploads\/2024\/08\/HAA203.jpg","width":700,"height":700,"caption":"Accessories Recessed Handle"},{"@type":"BreadcrumbList","@id":"https:\/\/sxflightcase.com\/hu\/termek\/tartozekok-sullyesztett-fogantyu-haa203\/#breadcrumb","itemListElement":[{"@type":"ListItem","position":1,"name":"Home","item":"https:\/\/sxflightcase.com\/"},{"@type":"ListItem","position":2,"name":"\u0e2a\u0e34\u0e19\u0e04\u0e49\u0e32","item":"https:\/\/sxflightcase.com\/th\/shop\/"},{"@type":"ListItem","position":3,"name":"Accessories Recessed Handle HAA203"}]},{"@type":"WebSite","@id":"https:\/\/sxflightcase.com\/th\/#website","url":"https:\/\/sxflightcase.com\/th\/","name":"sxpowercase.com","description":"Flight Case Factory","publisher":{"@id":"https:\/\/sxflightcase.com\/th\/#organization"},"potentialAction":[{"@type":"SearchAction","target":{"@type":"EntryPoint","urlTemplate":"https:\/\/sxflightcase.com\/th\/?s={search_term_string}"},"query-input":{"@type":"PropertyValueSpecification","valueRequired":true,"valueName":"search_term_string"}}],"inLanguage":"fr-FR"},{"@type":"Organization","@id":"https:\/\/sxflightcase.com\/th\/#organization","name":"sxpowercase.com","url":"https:\/\/sxflightcase.com\/th\/","logo":{"@type":"ImageObject","inLanguage":"fr-FR","@id":"https:\/\/sxflightcase.com\/th\/#\/schema\/logo\/image\/","url":"https:\/\/sxflightcase.com\/wp-content\/uploads\/2024\/04\/1713919036007.jpg","contentUrl":"https:\/\/sxflightcase.com\/wp-content\/uploads\/2024\/04\/1713919036007.jpg","width":382,"height":388,"caption":"sxpowercase.com"},"image":{"@id":"https:\/\/sxflightcase.com\/th\/#\/schema\/logo\/image\/"},"sameAs":["https:\/\/www.facebook.com\/profile.php?id=61560407257971"],"numberOfEmployees":{"@type":"QuantitativeValue","minValue":"11","maxValue":"50"}}]}},"_links":{"self":[{"href":"https:\/\/sxflightcase.com\/fr\/wp-json\/wp\/v2\/product\/4038","targetHints":{"allow":["GET"]}}],"collection":[{"href":"https:\/\/sxflightcase.com\/fr\/wp-json\/wp\/v2\/product"}],"about":[{"href":"https:\/\/sxflightcase.com\/fr\/wp-json\/wp\/v2\/types\/product"}],"replies":[{"embeddable":true,"href":"https:\/\/sxflightcase.com\/fr\/wp-json\/wp\/v2\/comments?post=4038"}],"version-history":[{"count":0,"href":"https:\/\/sxflightcase.com\/fr\/wp-json\/wp\/v2\/product\/4038\/revisions"}],"wp:featuredmedia":[{"embeddable":true,"href":"https:\/\/sxflightcase.com\/fr\/wp-json\/wp\/v2\/media\/4025"}],"wp:attachment":[{"href":"https:\/\/sxflightcase.com\/fr\/wp-json\/wp\/v2\/media?parent=4038"}],"wp:term":[{"taxonomy":"product_brand","embeddable":true,"href":"https:\/\/sxflightcase.com\/fr\/wp-json\/wp\/v2\/product_brand?post=4038"},{"taxonomy":"product_cat","embeddable":true,"href":"https:\/\/sxflightcase.com\/fr\/wp-json\/wp\/v2\/product_cat?post=4038"},{"taxonomy":"product_tag","embeddable":true,"href":"https:\/\/sxflightcase.com\/fr\/wp-json\/wp\/v2\/product_tag?post=4038"}],"curies":[{"name":"wp","href":"https:\/\/api.w.org\/{rel}","templated":true}]}}