{"id":4046,"date":"2024-08-09T07:02:19","date_gmt":"2024-08-09T06:02:19","guid":{"rendered":"https:\/\/sxpowercase.com\/?post_type=product&#038;p=4046"},"modified":"2024-08-09T07:02:20","modified_gmt":"2024-08-09T06:02:20","slug":"equipment-case-handles-haa204","status":"publish","type":"product","link":"https:\/\/sxflightcase.com\/fr\/produit\/poignees-de-mallettes-dequipement-haa204-2\/","title":{"rendered":"Poign\u00e9es pour valises d&#039;\u00e9quipement HAA204"},"content":{"rendered":"<h3>Poign\u00e9es de manutention pour \u00e9quipements fiables par SX<\/h3>\n<h4>Haute qualit\u00e9 \u00e0 des prix directs d'usine<\/h4>\n<p>Lorsqu'il s'agit de s\u00e9curiser et de transporter votre \u00e9quipement de valeur, la bonne poign\u00e9e fait toute la diff\u00e9rence. SX offre <strong>Poign\u00e9es de mallettes d'\u00e9quipement<\/strong> qui sont non seulement durables et fiables, mais qui sont \u00e9galement propos\u00e9s \u00e0 des prix d'usine. Cela vous garantit une qualit\u00e9 sup\u00e9rieure sans le prix \u00e9lev\u00e9, ce qui fait de SX le choix intelligent pour tous vos besoins en mat\u00e9riel.<\/p>\n<h4>Construit pour durer<\/h4>\n<p><a href=\"https:\/\/sxpowercase.com\/\" target=\"_blank\" rel=\"noopener\" title=\"SX\" data-wpil-monitor-id=\"643\">SX<\/a> sait que les caisses d'\u00e9quipement sont souvent expos\u00e9es \u00e0 des conditions difficiles. C'est pourquoi notre <strong>Poign\u00e9es de mallettes d'\u00e9quipement<\/strong> sont fabriqu\u00e9es \u00e0 partir de mat\u00e9riaux de haute qualit\u00e9, ce qui leur permet de r\u00e9sister aux exigences d'une utilisation fr\u00e9quente et d'environnements difficiles. Gr\u00e2ce \u00e0 nos poign\u00e9es, vous pouvez \u00eatre s\u00fbr que vos mallettes seront plus faciles \u00e0 transporter et qu'elles dureront plus longtemps.<\/p>\n<h4>Personnalis\u00e9 en fonction de vos sp\u00e9cifications<\/h4>\n<p>Chaque projet est unique et SX propose des options de personnalisation pour r\u00e9pondre \u00e0 vos besoins sp\u00e9cifiques. Que vous ayez besoin de poign\u00e9es d'une taille, d'un style ou d'une finition particuli\u00e8re, notre \u00e9quipe est pr\u00eate \u00e0 vous aider \u00e0 cr\u00e9er la solution parfaite. Avec SX, vous obtenez <strong>Poign\u00e9es de mallettes d'\u00e9quipement<\/strong> qui sont con\u00e7us pour s'int\u00e9grer parfaitement \u00e0 votre design.<\/p>\n<h4>Qualit\u00e9 garantie<\/h4>\n<p>Chez SX, la qualit\u00e9 n'est jamais compromise. Chacun de nos <strong>Poign\u00e9es de mallettes d'\u00e9quipement<\/strong> subissent des tests rigoureux et des processus de contr\u00f4le de la qualit\u00e9 pour s'assurer qu'ils r\u00e9pondent aux normes les plus \u00e9lev\u00e9es. Ce souci du d\u00e9tail garantit que chaque poign\u00e9e que vous recevez est con\u00e7ue pour durer et fonctionne parfaitement, pour votre plus grande tranquillit\u00e9 d'esprit.<\/p>\n<h4>Le design \u00e9pur\u00e9 au service de la fonctionnalit\u00e9<\/h4>\n<p>SX allie un design \u00e9l\u00e9gant et moderne \u00e0 la fonctionnalit\u00e9 pratique dont vous avez besoin dans le cadre de votre activit\u00e9 professionnelle. <strong>Poign\u00e9es de mallettes d'\u00e9quipement<\/strong>. Nos poign\u00e9es sont non seulement solides et confortables, mais elles conf\u00e8rent \u00e9galement un aspect professionnel \u00e0 vos mallettes. Avec SX, vous obtenez le meilleur des deux mondes : le style et la substance.<\/p>\n<h4>Un service \u00e0 la client\u00e8le exceptionnel<\/h4>\n<p>Choisir SX, c'est choisir un partenaire engag\u00e9 dans votre r\u00e9ussite. Notre \u00e9quipe de service \u00e0 la client\u00e8le se consacre \u00e0 l'assistance et au soutien, depuis la s\u00e9lection des produits jusqu'au service apr\u00e8s-vente. Nous sommes l\u00e0 pour veiller \u00e0 ce que votre exp\u00e9rience avec SX soit harmonieuse et satisfaisante.<\/p>\n<h4>Applications polyvalentes<\/h4>\n<p>Notre <strong>Poign\u00e9es de mallettes d'\u00e9quipement<\/strong> sont polyvalentes et conviennent \u00e0 un large \u00e9ventail d'applications. Qu'il s'agisse d'\u00e9quiper une mallette professionnelle pour du mat\u00e9riel audio, des instruments m\u00e9dicaux ou des outils, les poign\u00e9es SX offrent la durabilit\u00e9 et la fiabilit\u00e9 dont vous avez besoin. Elles constituent le choix id\u00e9al pour un usage professionnel et personnel.<\/p>\n<h4>Pourquoi choisir SX?<\/h4>\n<p>SX est un leader dans la fourniture de mat\u00e9riel de haute qualit\u00e9 \u00e0 des prix comp\u00e9titifs. Nos <strong>Poign\u00e9es de mallettes d'\u00e9quipement<\/strong> refl\u00e8tent notre engagement en faveur de l'excellence, en vous offrant ce qu'il y a de mieux en termes de durabilit\u00e9, de design et de prix. Choisir SX, c'est choisir une marque qui comprend vos besoins et vous propose des produits qui d\u00e9passent vos attentes.<\/p>\n<h4>Prenez contact d\u00e8s aujourd'hui<\/h4>\n<p>Explorez la gamme des <strong>Poign\u00e9es de mallettes d'\u00e9quipement<\/strong> D\u00e9couvrez comment nous pouvons vous aider \u00e0 am\u00e9liorer la fonctionnalit\u00e9 et l'apparence de vos mallettes d'\u00e9quipement. Avec des prix imbattables, une qualit\u00e9 garantie et des options de personnalisation, SX est votre source privil\u00e9gi\u00e9e pour tous vos besoins en mati\u00e8re de poign\u00e9es de mallettes. Contactez-nous d\u00e8s aujourd'hui pour en savoir plus ou pour passer votre commande.<\/p>\n<p>Contactez-nous maintenant :<span style=\"color: #0000ff;\"><a style=\"color: #0000ff;\" href=\"https:\/\/sxpowercase.com\/contact-us\/\">https:\/\/sxpowercase.com\/<\/a><\/span><\/p>\n<p>Catalogue de produits mat\u00e9riels :<span style=\"color: #3366ff;\"><a style=\"color: #3366ff;\" href=\"https:\/\/sxpowercase.com\/wp-content\/uploads\/2024\/07\/\u4e94\u91d1.pdf\">Catalogue d&#039;accessoires de quincaillerie<\/a><\/span><\/p>","protected":false},"excerpt":{"rendered":"<div class=\"flex-shrink-0 flex flex-col relative items-end\">\n<div>\n<div class=\"pt-0\">\n<div class=\"gizmo-bot-avatar flex h-8 w-8 items-center justify-center overflow-hidden rounded-full\">\n<div class=\"relative p-1 rounded-sm flex items-center justify-center bg-token-main-surface-primary text-token-text-primary h-8 w-8\"><\/div>\n<\/div>\n<\/div>\n<\/div>\n<\/div>\n<div class=\"group\/conversation-turn relative flex w-full min-w-0 flex-col agent-turn\">\n<div class=\"flex-col gap-1 md:gap-3\">\n<div class=\"flex max-w-full flex-col flex-grow\">\n<div class=\"min-h-[20px] text-message flex w-full flex-col items-end gap-2 whitespace-pre-wrap break-words [.text-message+&amp;]:mt-5 overflow-x-auto\" dir=\"auto\" data-message-author-role=\"assistant\" data-message-id=\"95f91648-79a0-44b0-bae4-6fca00aa0a90\">\n<div class=\"flex w-full flex-col gap-1 empty:hidden first:pt-[3px]\">\n<div class=\"markdown prose w-full break-words dark:prose-invert light\">\n<h3>Premium Equipment Case Handles by SX: Factory-Direct Prices<\/h3>\n<p>Get durable, high-quality Equipment Case Handles at affordable, factory-direct prices. SX ensures you receive top-tier hardware without the hefty cost.<\/p>\n<h3>Customised Durability for Tough Conditions<\/h3>\n<p>SX&#8217;s Equipment Case Handles are crafted from high-grade materials to withstand frequent use and harsh environments. Customisation options ensure a perfect fit for your specific needs.<\/p>\n<h3>Sleek, Functional, and Reliable<\/h3>\n<p>SX combines modern design with practical functionality. Our handles offer a comfortable grip, robust performance, and a professional look\u2014ideal for any equipment case.<\/p>\n<\/div>\n<\/div>\n<\/div>\n<\/div>\n<\/div>\n<\/div>\n","protected":false},"featured_media":4026,"comment_status":"open","ping_status":"closed","template":"","meta":[],"product_brand":[],"product_cat":[62],"product_tag":[],"class_list":{"0":"post-4046","1":"product","2":"type-product","3":"status-publish","4":"has-post-thumbnail","6":"product_cat-handles","8":"first","9":"instock","10":"shipping-taxable","11":"product-type-simple"},"yoast_head":"<!-- This site is optimized with the Yoast SEO Premium plugin v27.1 (Yoast SEO v27.2) - https:\/\/yoast.com\/product\/yoast-seo-premium-wordpress\/ -->\n<title>Equipment Case Handles HAA204 - https:\/\/sxflightcase.com \ud83d\udc97<\/title>\n<meta name=\"description\" content=\"Equipment case handles, factory direct! High-quality, durable handles designed for secure and comfortable transport of equipment cases. Ideal for professional and industrial use.\" \/>\n<meta name=\"robots\" content=\"index, follow, max-snippet:-1, max-image-preview:large, max-video-preview:-1\" \/>\n<link rel=\"canonical\" href=\"https:\/\/sxflightcase.com\/fr\/prodotto\/maniglie-delle-valigie-per-attrezzature-haa204-2\/\" \/>\n<meta property=\"og:locale\" content=\"fr_FR\" \/>\n<meta property=\"og:type\" content=\"article\" \/>\n<meta property=\"og:title\" content=\"Equipment Case Handles HAA204\" \/>\n<meta property=\"og:description\" content=\"Equipment case handles, factory direct! High-quality, durable handles designed for secure and comfortable transport of equipment cases. Ideal for professional and industrial use.\" \/>\n<meta property=\"og:url\" content=\"https:\/\/sxflightcase.com\/fr\/prodotto\/maniglie-delle-valigie-per-attrezzature-haa204-2\/\" \/>\n<meta property=\"og:site_name\" content=\"https:\/\/sxflightcase.com\" \/>\n<meta property=\"article:publisher\" content=\"https:\/\/www.facebook.com\/profile.php?id=61560407257971\" \/>\n<meta property=\"article:modified_time\" content=\"2024-08-09T06:02:20+00:00\" \/>\n<meta property=\"og:image\" content=\"https:\/\/sxflightcase.com\/wp-content\/uploads\/2024\/08\/HAA204.jpg\" \/>\n\t<meta property=\"og:image:width\" content=\"700\" \/>\n\t<meta property=\"og:image:height\" content=\"700\" \/>\n\t<meta property=\"og:image:type\" content=\"image\/jpeg\" \/>\n<meta name=\"twitter:card\" content=\"summary_large_image\" \/>\n<meta name=\"twitter:label1\" content=\"Dur\u00e9e de lecture estim\u00e9e\" \/>\n\t<meta name=\"twitter:data1\" content=\"3 minutes\" \/>\n<script type=\"application\/ld+json\" class=\"yoast-schema-graph\">{\"@context\":\"https:\/\/schema.org\",\"@graph\":[{\"@type\":\"WebPage\",\"@id\":\"https:\/\/sxflightcase.com\/it\/prodotto\/maniglie-delle-valigie-per-attrezzature-haa204-2\/\",\"url\":\"https:\/\/sxflightcase.com\/it\/prodotto\/maniglie-delle-valigie-per-attrezzature-haa204-2\/\",\"name\":\"Equipment Case Handles HAA204 - https:\/\/sxflightcase.com \ud83d\udc97\",\"isPartOf\":{\"@id\":\"https:\/\/sxflightcase.com\/th\/#website\"},\"primaryImageOfPage\":{\"@id\":\"https:\/\/sxflightcase.com\/it\/prodotto\/maniglie-delle-valigie-per-attrezzature-haa204-2\/#primaryimage\"},\"image\":{\"@id\":\"https:\/\/sxflightcase.com\/it\/prodotto\/maniglie-delle-valigie-per-attrezzature-haa204-2\/#primaryimage\"},\"thumbnailUrl\":\"https:\/\/sxflightcase.com\/wp-content\/uploads\/2024\/08\/HAA204.jpg\",\"datePublished\":\"2024-08-09T06:02:19+00:00\",\"dateModified\":\"2024-08-09T06:02:20+00:00\",\"description\":\"Equipment case handles, factory direct! High-quality, durable handles designed for secure and comfortable transport of equipment cases. Ideal for professional and industrial use.\",\"breadcrumb\":{\"@id\":\"https:\/\/sxflightcase.com\/it\/prodotto\/maniglie-delle-valigie-per-attrezzature-haa204-2\/#breadcrumb\"},\"inLanguage\":\"fr-FR\",\"potentialAction\":[{\"@type\":\"ReadAction\",\"target\":[\"https:\/\/sxflightcase.com\/it\/prodotto\/maniglie-delle-valigie-per-attrezzature-haa204-2\/\"]}]},{\"@type\":\"ImageObject\",\"inLanguage\":\"fr-FR\",\"@id\":\"https:\/\/sxflightcase.com\/it\/prodotto\/maniglie-delle-valigie-per-attrezzature-haa204-2\/#primaryimage\",\"url\":\"https:\/\/sxflightcase.com\/wp-content\/uploads\/2024\/08\/HAA204.jpg\",\"contentUrl\":\"https:\/\/sxflightcase.com\/wp-content\/uploads\/2024\/08\/HAA204.jpg\",\"width\":700,\"height\":700,\"caption\":\"Equipment Case handles\"},{\"@type\":\"BreadcrumbList\",\"@id\":\"https:\/\/sxflightcase.com\/it\/prodotto\/maniglie-delle-valigie-per-attrezzature-haa204-2\/#breadcrumb\",\"itemListElement\":[{\"@type\":\"ListItem\",\"position\":1,\"name\":\"Home\",\"item\":\"https:\/\/sxflightcase.com\/\"},{\"@type\":\"ListItem\",\"position\":2,\"name\":\"\u0e2a\u0e34\u0e19\u0e04\u0e49\u0e32\",\"item\":\"https:\/\/sxflightcase.com\/th\/shop\/\"},{\"@type\":\"ListItem\",\"position\":3,\"name\":\"Equipment Case Handles HAA204\"}]},{\"@type\":\"WebSite\",\"@id\":\"https:\/\/sxflightcase.com\/th\/#website\",\"url\":\"https:\/\/sxflightcase.com\/th\/\",\"name\":\"sxpowercase.com\",\"description\":\"Flight Case Factory\",\"publisher\":{\"@id\":\"https:\/\/sxflightcase.com\/th\/#organization\"},\"potentialAction\":[{\"@type\":\"SearchAction\",\"target\":{\"@type\":\"EntryPoint\",\"urlTemplate\":\"https:\/\/sxflightcase.com\/th\/?s={search_term_string}\"},\"query-input\":{\"@type\":\"PropertyValueSpecification\",\"valueRequired\":true,\"valueName\":\"search_term_string\"}}],\"inLanguage\":\"fr-FR\"},{\"@type\":\"Organization\",\"@id\":\"https:\/\/sxflightcase.com\/th\/#organization\",\"name\":\"sxpowercase.com\",\"url\":\"https:\/\/sxflightcase.com\/th\/\",\"logo\":{\"@type\":\"ImageObject\",\"inLanguage\":\"fr-FR\",\"@id\":\"https:\/\/sxflightcase.com\/th\/#\/schema\/logo\/image\/\",\"url\":\"https:\/\/sxflightcase.com\/wp-content\/uploads\/2024\/04\/1713919036007.jpg\",\"contentUrl\":\"https:\/\/sxflightcase.com\/wp-content\/uploads\/2024\/04\/1713919036007.jpg\",\"width\":382,\"height\":388,\"caption\":\"sxpowercase.com\"},\"image\":{\"@id\":\"https:\/\/sxflightcase.com\/th\/#\/schema\/logo\/image\/\"},\"sameAs\":[\"https:\/\/www.facebook.com\/profile.php?id=61560407257971\"],\"numberOfEmployees\":{\"@type\":\"QuantitativeValue\",\"minValue\":\"11\",\"maxValue\":\"50\"}}]}<\/script>\n<!-- \/ Yoast SEO Premium plugin. -->","yoast_head_json":{"title":"Equipment Case Handles HAA204 - https:\/\/sxflightcase.com \ud83d\udc97","description":"Poign\u00e9es pour mallettes d'\u00e9quipement, directes de l'usine ! Poign\u00e9es durables de haute qualit\u00e9, con\u00e7ues pour un transport s\u00fbr et confortable des mallettes d'\u00e9quipement. Id\u00e9ales pour un usage professionnel et industriel.","robots":{"index":"index","follow":"follow","max-snippet":"max-snippet:-1","max-image-preview":"max-image-preview:large","max-video-preview":"max-video-preview:-1"},"canonical":"https:\/\/sxflightcase.com\/fr\/prodotto\/maniglie-delle-valigie-per-attrezzature-haa204-2\/","og_locale":"fr_FR","og_type":"article","og_title":"Equipment Case Handles HAA204","og_description":"Equipment case handles, factory direct! High-quality, durable handles designed for secure and comfortable transport of equipment cases. Ideal for professional and industrial use.","og_url":"https:\/\/sxflightcase.com\/fr\/prodotto\/maniglie-delle-valigie-per-attrezzature-haa204-2\/","og_site_name":"https:\/\/sxflightcase.com","article_publisher":"https:\/\/www.facebook.com\/profile.php?id=61560407257971","article_modified_time":"2024-08-09T06:02:20+00:00","og_image":[{"width":700,"height":700,"url":"https:\/\/sxflightcase.com\/wp-content\/uploads\/2024\/08\/HAA204.jpg","type":"image\/jpeg"}],"twitter_card":"summary_large_image","twitter_misc":{"Dur\u00e9e de lecture estim\u00e9e":"3 minutes"},"schema":{"@context":"https:\/\/schema.org","@graph":[{"@type":"WebPage","@id":"https:\/\/sxflightcase.com\/it\/prodotto\/maniglie-delle-valigie-per-attrezzature-haa204-2\/","url":"https:\/\/sxflightcase.com\/it\/prodotto\/maniglie-delle-valigie-per-attrezzature-haa204-2\/","name":"Equipment Case Handles HAA204 - https:\/\/sxflightcase.com \ud83d\udc97","isPartOf":{"@id":"https:\/\/sxflightcase.com\/th\/#website"},"primaryImageOfPage":{"@id":"https:\/\/sxflightcase.com\/it\/prodotto\/maniglie-delle-valigie-per-attrezzature-haa204-2\/#primaryimage"},"image":{"@id":"https:\/\/sxflightcase.com\/it\/prodotto\/maniglie-delle-valigie-per-attrezzature-haa204-2\/#primaryimage"},"thumbnailUrl":"https:\/\/sxflightcase.com\/wp-content\/uploads\/2024\/08\/HAA204.jpg","datePublished":"2024-08-09T06:02:19+00:00","dateModified":"2024-08-09T06:02:20+00:00","description":"Poign\u00e9es pour mallettes d'\u00e9quipement, directes de l'usine ! Poign\u00e9es durables de haute qualit\u00e9, con\u00e7ues pour un transport s\u00fbr et confortable des mallettes d'\u00e9quipement. Id\u00e9ales pour un usage professionnel et industriel.","breadcrumb":{"@id":"https:\/\/sxflightcase.com\/it\/prodotto\/maniglie-delle-valigie-per-attrezzature-haa204-2\/#breadcrumb"},"inLanguage":"fr-FR","potentialAction":[{"@type":"ReadAction","target":["https:\/\/sxflightcase.com\/it\/prodotto\/maniglie-delle-valigie-per-attrezzature-haa204-2\/"]}]},{"@type":"ImageObject","inLanguage":"fr-FR","@id":"https:\/\/sxflightcase.com\/it\/prodotto\/maniglie-delle-valigie-per-attrezzature-haa204-2\/#primaryimage","url":"https:\/\/sxflightcase.com\/wp-content\/uploads\/2024\/08\/HAA204.jpg","contentUrl":"https:\/\/sxflightcase.com\/wp-content\/uploads\/2024\/08\/HAA204.jpg","width":700,"height":700,"caption":"Equipment Case handles"},{"@type":"BreadcrumbList","@id":"https:\/\/sxflightcase.com\/it\/prodotto\/maniglie-delle-valigie-per-attrezzature-haa204-2\/#breadcrumb","itemListElement":[{"@type":"ListItem","position":1,"name":"Home","item":"https:\/\/sxflightcase.com\/"},{"@type":"ListItem","position":2,"name":"\u0e2a\u0e34\u0e19\u0e04\u0e49\u0e32","item":"https:\/\/sxflightcase.com\/th\/shop\/"},{"@type":"ListItem","position":3,"name":"Equipment Case Handles HAA204"}]},{"@type":"WebSite","@id":"https:\/\/sxflightcase.com\/th\/#website","url":"https:\/\/sxflightcase.com\/th\/","name":"sxpowercase.com","description":"Flight Case Factory","publisher":{"@id":"https:\/\/sxflightcase.com\/th\/#organization"},"potentialAction":[{"@type":"SearchAction","target":{"@type":"EntryPoint","urlTemplate":"https:\/\/sxflightcase.com\/th\/?s={search_term_string}"},"query-input":{"@type":"PropertyValueSpecification","valueRequired":true,"valueName":"search_term_string"}}],"inLanguage":"fr-FR"},{"@type":"Organization","@id":"https:\/\/sxflightcase.com\/th\/#organization","name":"sxpowercase.com","url":"https:\/\/sxflightcase.com\/th\/","logo":{"@type":"ImageObject","inLanguage":"fr-FR","@id":"https:\/\/sxflightcase.com\/th\/#\/schema\/logo\/image\/","url":"https:\/\/sxflightcase.com\/wp-content\/uploads\/2024\/04\/1713919036007.jpg","contentUrl":"https:\/\/sxflightcase.com\/wp-content\/uploads\/2024\/04\/1713919036007.jpg","width":382,"height":388,"caption":"sxpowercase.com"},"image":{"@id":"https:\/\/sxflightcase.com\/th\/#\/schema\/logo\/image\/"},"sameAs":["https:\/\/www.facebook.com\/profile.php?id=61560407257971"],"numberOfEmployees":{"@type":"QuantitativeValue","minValue":"11","maxValue":"50"}}]}},"_links":{"self":[{"href":"https:\/\/sxflightcase.com\/fr\/wp-json\/wp\/v2\/product\/4046","targetHints":{"allow":["GET"]}}],"collection":[{"href":"https:\/\/sxflightcase.com\/fr\/wp-json\/wp\/v2\/product"}],"about":[{"href":"https:\/\/sxflightcase.com\/fr\/wp-json\/wp\/v2\/types\/product"}],"replies":[{"embeddable":true,"href":"https:\/\/sxflightcase.com\/fr\/wp-json\/wp\/v2\/comments?post=4046"}],"version-history":[{"count":0,"href":"https:\/\/sxflightcase.com\/fr\/wp-json\/wp\/v2\/product\/4046\/revisions"}],"wp:featuredmedia":[{"embeddable":true,"href":"https:\/\/sxflightcase.com\/fr\/wp-json\/wp\/v2\/media\/4026"}],"wp:attachment":[{"href":"https:\/\/sxflightcase.com\/fr\/wp-json\/wp\/v2\/media?parent=4046"}],"wp:term":[{"taxonomy":"product_brand","embeddable":true,"href":"https:\/\/sxflightcase.com\/fr\/wp-json\/wp\/v2\/product_brand?post=4046"},{"taxonomy":"product_cat","embeddable":true,"href":"https:\/\/sxflightcase.com\/fr\/wp-json\/wp\/v2\/product_cat?post=4046"},{"taxonomy":"product_tag","embeddable":true,"href":"https:\/\/sxflightcase.com\/fr\/wp-json\/wp\/v2\/product_tag?post=4046"}],"curies":[{"name":"wp","href":"https:\/\/api.w.org\/{rel}","templated":true}]}}