{"id":4048,"date":"2024-08-09T07:33:19","date_gmt":"2024-08-09T06:33:19","guid":{"rendered":"https:\/\/sxpowercase.com\/?post_type=product&#038;p=4048"},"modified":"2024-08-09T07:33:20","modified_gmt":"2024-08-09T06:33:20","slug":"case-handle-hac201","status":"publish","type":"product","link":"https:\/\/sxflightcase.com\/fr\/produit\/dossier-poignee-hac201-2\/","title":{"rendered":"Poign\u00e9e de valise HAC201"},"content":{"rendered":"<h3>Poign\u00e9e de valise SX : Durable, abordable et personnalisable<\/h3>\n<h4>Une solidit\u00e9 et une durabilit\u00e9 auxquelles vous pouvez faire confiance<\/h4>\n<p>Lorsqu'il s'agit de traiter vos dossiers, la fiabilit\u00e9 est essentielle. Le syst\u00e8me SX <strong>Poign\u00e9es de la mallette<\/strong> sont con\u00e7ues pour \u00eatre r\u00e9sistantes et durables, ce qui garantit que vos mallettes sont faciles \u00e0 transporter et con\u00e7ues pour durer. Gr\u00e2ce \u00e0 nos poign\u00e9es, vous pouvez transporter votre \u00e9quipement de valeur en toute confiance, en sachant que votre prise est assur\u00e9e.<\/p>\n<h4>Des prix directs pour une valeur maximale<\/h4>\n<p>\u00c0 <a href=\"https:\/\/sxpowercase.com\/\" target=\"_blank\" rel=\"noopener\" title=\"SX\" data-wpil-monitor-id=\"645\">SX<\/a>Nous pensons que la qualit\u00e9 ne doit pas avoir un prix \u00e9lev\u00e9. C'est pourquoi nous proposons nos <strong>Poign\u00e9es de la mallette<\/strong> \u00e0 des prix d'usine. En supprimant les interm\u00e9diaires, nous pouvons vous fournir des produits de premi\u00e8re qualit\u00e9 \u00e0 des prix comp\u00e9titifs, ce qui vous permet de respecter votre budget sans faire de compromis sur la qualit\u00e9.<\/p>\n<h4>Personnalisation pour r\u00e9pondre \u00e0 vos besoins<\/h4>\n<p>Chaque cas est unique, tout comme les besoins de nos clients. SX propose des options de personnalisation pour ses <strong>Poign\u00e9es de la mallette<\/strong> pour s'assurer qu'ils r\u00e9pondent \u00e0 vos besoins sp\u00e9cifiques. Que vous ayez besoin d'une taille, d'une forme ou d'une finition particuli\u00e8re, nous avons ce qu'il vous faut. Nos poign\u00e9es personnalis\u00e9es sont con\u00e7ues pour s'int\u00e9grer parfaitement \u00e0 vos mallettes, offrant \u00e0 la fois fonctionnalit\u00e9 et aspect professionnel.<\/p>\n<h4>L'assurance qualit\u00e9 pour la tranquillit\u00e9 d'esprit<\/h4>\n<p>Chez SX, la qualit\u00e9 est notre priorit\u00e9. Tous nos <strong>Poign\u00e9es de la mallette<\/strong> sont fabriqu\u00e9s selon des processus de contr\u00f4le de la qualit\u00e9 stricts afin de garantir qu'ils r\u00e9pondent aux normes les plus strictes. Vous pouvez \u00eatre s\u00fbr que chaque poign\u00e9e est robuste, agr\u00e9able \u00e0 tenir et capable de r\u00e9sister \u00e0 une utilisation intensive.<\/p>\n<h4>Applications polyvalentes<\/h4>\n<p>SX <strong>Poign\u00e9es de la mallette<\/strong> sont polyvalentes et id\u00e9ales pour une grande vari\u00e9t\u00e9 de valises, y compris les valises de vol, les valises de route et les valises sur mesure. Quelle que soit l'application, nos poign\u00e9es offrent la r\u00e9sistance et la fiabilit\u00e9 n\u00e9cessaires pour transporter votre \u00e9quipement en toute s\u00e9curit\u00e9.<\/p>\n<h4>Pourquoi choisir SX?<\/h4>\n<p>Choisir SX, c'est choisir une marque qui comprend l'importance de la qualit\u00e9, du prix et de la satisfaction du client. Nos services <strong>Poign\u00e9es de la mallette<\/strong> t\u00e9moignent de notre engagement en faveur de l'excellence et offrent un \u00e9quilibre difficile \u00e0 atteindre entre durabilit\u00e9 et rentabilit\u00e9.<\/p>\n<h4>Prenez contact d\u00e8s aujourd'hui<\/h4>\n<p>Am\u00e9liorez vos bo\u00eetiers avec SX <strong>Poign\u00e9es de la mallette<\/strong> et d\u00e9couvrez le m\u00e9lange parfait de solidit\u00e9, de qualit\u00e9 et d'accessibilit\u00e9. Avec des prix directs d'usine, des options de personnalisation et une satisfaction garantie, SX est votre source d'approvisionnement pour tous vos besoins en mat\u00e9riel de coffret. Contactez-nous d\u00e8s maintenant pour en savoir plus ou pour passer votre commande.<\/p>\n<p>Contactez-nous maintenant :<span style=\"color: #0000ff;\"><a style=\"color: #0000ff;\" href=\"https:\/\/sxpowercase.com\/contact-us\/\">https:\/\/sxpowercase.com\/<\/a><\/span><\/p>\n<p>Catalogue de produits mat\u00e9riels :<span style=\"color: #3366ff;\"><a style=\"color: #3366ff;\" href=\"https:\/\/sxpowercase.com\/wp-content\/uploads\/2024\/07\/\u4e94\u91d1.pdf\">Catalogue d&#039;accessoires de quincaillerie<\/a><\/span><\/p>","protected":false},"excerpt":{"rendered":"<div class=\"flex max-w-full flex-col flex-grow\">\n<div class=\"min-h-[20px] text-message flex w-full flex-col items-end gap-2 whitespace-pre-wrap break-words [.text-message+&amp;]:mt-5 overflow-x-auto\" dir=\"auto\" data-message-author-role=\"assistant\" data-message-id=\"3d1beaa6-59bb-49bb-83ca-7845599ea91c\">\n<div class=\"flex w-full flex-col gap-1 empty:hidden first:pt-[3px]\">\n<div class=\"markdown prose w-full break-words dark:prose-invert light\">\n<h3>SX Case Handles: Durable and Cost-Effective<\/h3>\n<p>Engineered for strength and reliability, SX Case Handles ensure secure transportation of your valuable equipment at factory-direct prices.<\/p>\n<h3>Customised Handles for a Perfect Fit<\/h3>\n<p>SX offers customisation options to meet your specific needs, providing handles that seamlessly integrate with your cases for both functionality and a professional appearance.<\/p>\n<h3>Quality You Can Trust<\/h3>\n<p>With rigorous quality control, SX Case Handles guarantee durability and comfort, making them ideal for various applications, from flight cases to road cases.<\/p>\n<\/div>\n<\/div>\n<\/div>\n<\/div>\n","protected":false},"featured_media":4030,"comment_status":"open","ping_status":"closed","template":"","meta":[],"product_brand":[],"product_cat":[62],"product_tag":[],"class_list":{"0":"post-4048","1":"product","2":"type-product","3":"status-publish","4":"has-post-thumbnail","6":"product_cat-handles","8":"first","9":"instock","10":"shipping-taxable","11":"product-type-simple"},"yoast_head":"<!-- This site is optimized with the Yoast SEO Premium plugin v27.1 (Yoast SEO v27.2) - https:\/\/yoast.com\/product\/yoast-seo-premium-wordpress\/ -->\n<title>Case Handle HAC201 - https:\/\/sxflightcase.com \ud83d\udc97<\/title>\n<meta name=\"description\" content=\"Case handle, factory direct! High-quality, durable handles designed for secure and comfortable transport of cases. Perfect for professional and industrial applications.\" \/>\n<meta name=\"robots\" content=\"index, follow, max-snippet:-1, max-image-preview:large, max-video-preview:-1\" \/>\n<link rel=\"canonical\" href=\"https:\/\/sxflightcase.com\/fr\/produit\/dossier-poignee-hac201-2\/\" \/>\n<meta property=\"og:locale\" content=\"fr_FR\" \/>\n<meta property=\"og:type\" content=\"article\" \/>\n<meta property=\"og:title\" content=\"Case Handle HAC201\" \/>\n<meta property=\"og:description\" content=\"Case handle, factory direct! High-quality, durable handles designed for secure and comfortable transport of cases. Perfect for professional and industrial applications.\" \/>\n<meta property=\"og:url\" content=\"https:\/\/sxflightcase.com\/fr\/produit\/dossier-poignee-hac201-2\/\" \/>\n<meta property=\"og:site_name\" content=\"https:\/\/sxflightcase.com\" \/>\n<meta property=\"article:publisher\" content=\"https:\/\/www.facebook.com\/profile.php?id=61560407257971\" \/>\n<meta property=\"article:modified_time\" content=\"2024-08-09T06:33:20+00:00\" \/>\n<meta property=\"og:image\" content=\"https:\/\/sxflightcase.com\/wp-content\/uploads\/2024\/08\/HAC201.jpg\" \/>\n\t<meta property=\"og:image:width\" content=\"700\" \/>\n\t<meta property=\"og:image:height\" content=\"700\" \/>\n\t<meta property=\"og:image:type\" content=\"image\/jpeg\" \/>\n<meta name=\"twitter:card\" content=\"summary_large_image\" \/>\n<meta name=\"twitter:label1\" content=\"Dur\u00e9e de lecture estim\u00e9e\" \/>\n\t<meta name=\"twitter:data1\" content=\"3 minutes\" \/>\n<script type=\"application\/ld+json\" class=\"yoast-schema-graph\">{\"@context\":\"https:\/\/schema.org\",\"@graph\":[{\"@type\":\"WebPage\",\"@id\":\"https:\/\/sxflightcase.com\/product\/case-handle-hac201\/\",\"url\":\"https:\/\/sxflightcase.com\/product\/case-handle-hac201\/\",\"name\":\"Case Handle HAC201 - https:\/\/sxflightcase.com \ud83d\udc97\",\"isPartOf\":{\"@id\":\"https:\/\/sxflightcase.com\/th\/#website\"},\"primaryImageOfPage\":{\"@id\":\"https:\/\/sxflightcase.com\/product\/case-handle-hac201\/#primaryimage\"},\"image\":{\"@id\":\"https:\/\/sxflightcase.com\/product\/case-handle-hac201\/#primaryimage\"},\"thumbnailUrl\":\"https:\/\/sxflightcase.com\/wp-content\/uploads\/2024\/08\/HAC201.jpg\",\"datePublished\":\"2024-08-09T06:33:19+00:00\",\"dateModified\":\"2024-08-09T06:33:20+00:00\",\"description\":\"Case handle, factory direct! High-quality, durable handles designed for secure and comfortable transport of cases. Perfect for professional and industrial applications.\",\"breadcrumb\":{\"@id\":\"https:\/\/sxflightcase.com\/product\/case-handle-hac201\/#breadcrumb\"},\"inLanguage\":\"fr-FR\",\"potentialAction\":[{\"@type\":\"ReadAction\",\"target\":[\"https:\/\/sxflightcase.com\/product\/case-handle-hac201\/\"]}]},{\"@type\":\"ImageObject\",\"inLanguage\":\"fr-FR\",\"@id\":\"https:\/\/sxflightcase.com\/product\/case-handle-hac201\/#primaryimage\",\"url\":\"https:\/\/sxflightcase.com\/wp-content\/uploads\/2024\/08\/HAC201.jpg\",\"contentUrl\":\"https:\/\/sxflightcase.com\/wp-content\/uploads\/2024\/08\/HAC201.jpg\",\"width\":700,\"height\":700,\"caption\":\"Case Handle\"},{\"@type\":\"BreadcrumbList\",\"@id\":\"https:\/\/sxflightcase.com\/product\/case-handle-hac201\/#breadcrumb\",\"itemListElement\":[{\"@type\":\"ListItem\",\"position\":1,\"name\":\"Home\",\"item\":\"https:\/\/sxflightcase.com\/\"},{\"@type\":\"ListItem\",\"position\":2,\"name\":\"\u0e2a\u0e34\u0e19\u0e04\u0e49\u0e32\",\"item\":\"https:\/\/sxflightcase.com\/th\/shop\/\"},{\"@type\":\"ListItem\",\"position\":3,\"name\":\"Case Handle HAC201\"}]},{\"@type\":\"WebSite\",\"@id\":\"https:\/\/sxflightcase.com\/th\/#website\",\"url\":\"https:\/\/sxflightcase.com\/th\/\",\"name\":\"sxpowercase.com\",\"description\":\"Flight Case Factory\",\"publisher\":{\"@id\":\"https:\/\/sxflightcase.com\/th\/#organization\"},\"potentialAction\":[{\"@type\":\"SearchAction\",\"target\":{\"@type\":\"EntryPoint\",\"urlTemplate\":\"https:\/\/sxflightcase.com\/th\/?s={search_term_string}\"},\"query-input\":{\"@type\":\"PropertyValueSpecification\",\"valueRequired\":true,\"valueName\":\"search_term_string\"}}],\"inLanguage\":\"fr-FR\"},{\"@type\":\"Organization\",\"@id\":\"https:\/\/sxflightcase.com\/th\/#organization\",\"name\":\"sxpowercase.com\",\"url\":\"https:\/\/sxflightcase.com\/th\/\",\"logo\":{\"@type\":\"ImageObject\",\"inLanguage\":\"fr-FR\",\"@id\":\"https:\/\/sxflightcase.com\/th\/#\/schema\/logo\/image\/\",\"url\":\"https:\/\/sxflightcase.com\/wp-content\/uploads\/2024\/04\/1713919036007.jpg\",\"contentUrl\":\"https:\/\/sxflightcase.com\/wp-content\/uploads\/2024\/04\/1713919036007.jpg\",\"width\":382,\"height\":388,\"caption\":\"sxpowercase.com\"},\"image\":{\"@id\":\"https:\/\/sxflightcase.com\/th\/#\/schema\/logo\/image\/\"},\"sameAs\":[\"https:\/\/www.facebook.com\/profile.php?id=61560407257971\"],\"numberOfEmployees\":{\"@type\":\"QuantitativeValue\",\"minValue\":\"11\",\"maxValue\":\"50\"}}]}<\/script>\n<!-- \/ Yoast SEO Premium plugin. -->","yoast_head_json":{"title":"Case Handle HAC201 - https:\/\/sxflightcase.com \ud83d\udc97","description":"Poign\u00e9e de valise, direct usine ! Poign\u00e9es durables de haute qualit\u00e9 con\u00e7ues pour un transport s\u00fbr et confortable des mallettes. Parfaites pour les applications professionnelles et industrielles.","robots":{"index":"index","follow":"follow","max-snippet":"max-snippet:-1","max-image-preview":"max-image-preview:large","max-video-preview":"max-video-preview:-1"},"canonical":"https:\/\/sxflightcase.com\/fr\/produit\/dossier-poignee-hac201-2\/","og_locale":"fr_FR","og_type":"article","og_title":"Case Handle HAC201","og_description":"Case handle, factory direct! High-quality, durable handles designed for secure and comfortable transport of cases. Perfect for professional and industrial applications.","og_url":"https:\/\/sxflightcase.com\/fr\/produit\/dossier-poignee-hac201-2\/","og_site_name":"https:\/\/sxflightcase.com","article_publisher":"https:\/\/www.facebook.com\/profile.php?id=61560407257971","article_modified_time":"2024-08-09T06:33:20+00:00","og_image":[{"width":700,"height":700,"url":"https:\/\/sxflightcase.com\/wp-content\/uploads\/2024\/08\/HAC201.jpg","type":"image\/jpeg"}],"twitter_card":"summary_large_image","twitter_misc":{"Dur\u00e9e de lecture estim\u00e9e":"3 minutes"},"schema":{"@context":"https:\/\/schema.org","@graph":[{"@type":"WebPage","@id":"https:\/\/sxflightcase.com\/product\/case-handle-hac201\/","url":"https:\/\/sxflightcase.com\/product\/case-handle-hac201\/","name":"Case Handle HAC201 - https:\/\/sxflightcase.com \ud83d\udc97","isPartOf":{"@id":"https:\/\/sxflightcase.com\/th\/#website"},"primaryImageOfPage":{"@id":"https:\/\/sxflightcase.com\/product\/case-handle-hac201\/#primaryimage"},"image":{"@id":"https:\/\/sxflightcase.com\/product\/case-handle-hac201\/#primaryimage"},"thumbnailUrl":"https:\/\/sxflightcase.com\/wp-content\/uploads\/2024\/08\/HAC201.jpg","datePublished":"2024-08-09T06:33:19+00:00","dateModified":"2024-08-09T06:33:20+00:00","description":"Poign\u00e9e de valise, direct usine ! Poign\u00e9es durables de haute qualit\u00e9 con\u00e7ues pour un transport s\u00fbr et confortable des mallettes. Parfaites pour les applications professionnelles et industrielles.","breadcrumb":{"@id":"https:\/\/sxflightcase.com\/product\/case-handle-hac201\/#breadcrumb"},"inLanguage":"fr-FR","potentialAction":[{"@type":"ReadAction","target":["https:\/\/sxflightcase.com\/product\/case-handle-hac201\/"]}]},{"@type":"ImageObject","inLanguage":"fr-FR","@id":"https:\/\/sxflightcase.com\/product\/case-handle-hac201\/#primaryimage","url":"https:\/\/sxflightcase.com\/wp-content\/uploads\/2024\/08\/HAC201.jpg","contentUrl":"https:\/\/sxflightcase.com\/wp-content\/uploads\/2024\/08\/HAC201.jpg","width":700,"height":700,"caption":"Case Handle"},{"@type":"BreadcrumbList","@id":"https:\/\/sxflightcase.com\/product\/case-handle-hac201\/#breadcrumb","itemListElement":[{"@type":"ListItem","position":1,"name":"Home","item":"https:\/\/sxflightcase.com\/"},{"@type":"ListItem","position":2,"name":"\u0e2a\u0e34\u0e19\u0e04\u0e49\u0e32","item":"https:\/\/sxflightcase.com\/th\/shop\/"},{"@type":"ListItem","position":3,"name":"Case Handle HAC201"}]},{"@type":"WebSite","@id":"https:\/\/sxflightcase.com\/th\/#website","url":"https:\/\/sxflightcase.com\/th\/","name":"sxpowercase.com","description":"Flight Case Factory","publisher":{"@id":"https:\/\/sxflightcase.com\/th\/#organization"},"potentialAction":[{"@type":"SearchAction","target":{"@type":"EntryPoint","urlTemplate":"https:\/\/sxflightcase.com\/th\/?s={search_term_string}"},"query-input":{"@type":"PropertyValueSpecification","valueRequired":true,"valueName":"search_term_string"}}],"inLanguage":"fr-FR"},{"@type":"Organization","@id":"https:\/\/sxflightcase.com\/th\/#organization","name":"sxpowercase.com","url":"https:\/\/sxflightcase.com\/th\/","logo":{"@type":"ImageObject","inLanguage":"fr-FR","@id":"https:\/\/sxflightcase.com\/th\/#\/schema\/logo\/image\/","url":"https:\/\/sxflightcase.com\/wp-content\/uploads\/2024\/04\/1713919036007.jpg","contentUrl":"https:\/\/sxflightcase.com\/wp-content\/uploads\/2024\/04\/1713919036007.jpg","width":382,"height":388,"caption":"sxpowercase.com"},"image":{"@id":"https:\/\/sxflightcase.com\/th\/#\/schema\/logo\/image\/"},"sameAs":["https:\/\/www.facebook.com\/profile.php?id=61560407257971"],"numberOfEmployees":{"@type":"QuantitativeValue","minValue":"11","maxValue":"50"}}]}},"_links":{"self":[{"href":"https:\/\/sxflightcase.com\/fr\/wp-json\/wp\/v2\/product\/4048","targetHints":{"allow":["GET"]}}],"collection":[{"href":"https:\/\/sxflightcase.com\/fr\/wp-json\/wp\/v2\/product"}],"about":[{"href":"https:\/\/sxflightcase.com\/fr\/wp-json\/wp\/v2\/types\/product"}],"replies":[{"embeddable":true,"href":"https:\/\/sxflightcase.com\/fr\/wp-json\/wp\/v2\/comments?post=4048"}],"version-history":[{"count":0,"href":"https:\/\/sxflightcase.com\/fr\/wp-json\/wp\/v2\/product\/4048\/revisions"}],"wp:featuredmedia":[{"embeddable":true,"href":"https:\/\/sxflightcase.com\/fr\/wp-json\/wp\/v2\/media\/4030"}],"wp:attachment":[{"href":"https:\/\/sxflightcase.com\/fr\/wp-json\/wp\/v2\/media?parent=4048"}],"wp:term":[{"taxonomy":"product_brand","embeddable":true,"href":"https:\/\/sxflightcase.com\/fr\/wp-json\/wp\/v2\/product_brand?post=4048"},{"taxonomy":"product_cat","embeddable":true,"href":"https:\/\/sxflightcase.com\/fr\/wp-json\/wp\/v2\/product_cat?post=4048"},{"taxonomy":"product_tag","embeddable":true,"href":"https:\/\/sxflightcase.com\/fr\/wp-json\/wp\/v2\/product_tag?post=4048"}],"curies":[{"name":"wp","href":"https:\/\/api.w.org\/{rel}","templated":true}]}}