{"id":4056,"date":"2024-08-10T07:20:26","date_gmt":"2024-08-10T06:20:26","guid":{"rendered":"https:\/\/sxpowercase.com\/?post_type=product&#038;p=4056"},"modified":"2024-08-10T07:20:27","modified_gmt":"2024-08-10T06:20:27","slug":"flight-case-metal-handle-hae01","status":"publish","type":"product","link":"https:\/\/sxflightcase.com\/fr\/produit\/flight-case-poignee-metallique-hae01-2\/","title":{"rendered":"Poign\u00e9e en m\u00e9tal pour Flight Case HAE01"},"content":{"rendered":"<h3>SX Flight Case Poign\u00e9e en m\u00e9tal : Solidit\u00e9 et valeur combin\u00e9es<\/h3>\n<h4>Con\u00e7u pour durer<\/h4>\n<p>Lorsqu'il s'agit de la durabilit\u00e9 et de la fiabilit\u00e9 de vos flight cases, la poign\u00e9e que vous choisissez fait toute la diff\u00e9rence. La poign\u00e9e <strong>Flight Case Poign\u00e9e en m\u00e9tal<\/strong> Les poign\u00e9es SX sont con\u00e7ues pour offrir une r\u00e9sistance et un soutien maximums, afin que votre valise puisse r\u00e9sister aux rigueurs du voyage et du transport. Fabriqu\u00e9es en m\u00e9tal de haute qualit\u00e9, ces poign\u00e9es sont con\u00e7ues pour durer, vous garantissant la s\u00e9curit\u00e9 de votre mat\u00e9riel.<\/p>\n<h4>En direct de l'usine<\/h4>\n<p>\u00c0 <a href=\"https:\/\/sxpowercase.com\/\" target=\"_blank\" rel=\"noopener\" title=\"SX\" data-wpil-monitor-id=\"647\">SX<\/a>Nous sommes convaincus qu'il est possible d'offrir des produits de qualit\u00e9 sup\u00e9rieure sans pour autant en payer le prix. C'est pourquoi notre <strong>Flight Case Poign\u00e9es m\u00e9talliques<\/strong> sont disponibles en direct de l'usine, ce qui nous permet de vous faire b\u00e9n\u00e9ficier des \u00e9conomies r\u00e9alis\u00e9es. En supprimant les interm\u00e9diaires, nous pouvons offrir ces poign\u00e9es de haute qualit\u00e9 \u00e0 des prix difficiles \u00e0 battre. Vous obtenez une qualit\u00e9 sup\u00e9rieure sans vous ruiner.<\/p>\n<h4>Une qualit\u00e9 \u00e0 laquelle vous pouvez faire confiance<\/h4>\n<p>L'assurance qualit\u00e9 est la pierre angulaire de la marque SX. Chaque <strong>Flight Case Poign\u00e9e en m\u00e9tal<\/strong> est rigoureusement test\u00e9e pour r\u00e9pondre aux normes les plus strictes en mati\u00e8re de durabilit\u00e9 et de performance. Que vous transportiez des \u00e9quipements d\u00e9licats ou des outils robustes, vous pouvez \u00eatre s\u00fbr que les poign\u00e9es SX fonctionneront parfaitement, garantissant ainsi la s\u00e9curit\u00e9 de votre valise tout au long de son voyage.<\/p>\n<h4>Personnalisable en fonction de vos besoins<\/h4>\n<p>Chaque flight case a ses propres exigences, et chez SX, nous comprenons qu'une taille unique ne convient pas \u00e0 tous. C'est pourquoi nous proposons des options de personnalisation pour nos flight cases. <strong>Flight Case Poign\u00e9es m\u00e9talliques<\/strong>. Que vous ayez besoin d'une taille, d'une finition ou d'un style de montage sp\u00e9cifique, nous pouvons adapter nos poign\u00e9es \u00e0 vos sp\u00e9cifications exactes. Cela garantit non seulement le bon fonctionnement de votre mallette, mais aussi son aspect coh\u00e9sif et professionnel.<\/p>\n<h4>Parfait pour diverses applications<\/h4>\n<p>Le <strong>Flight Case Poign\u00e9e en m\u00e9tal<\/strong> SX est suffisamment polyvalent pour \u00eatre utilis\u00e9 dans une large gamme d'applications. Qu'il s'agisse d'\u00e9quipements audio professionnels ou d'appareils \u00e9lectroniques sensibles, ces poign\u00e9es sont con\u00e7ues pour offrir \u00e0 la fois confort et durabilit\u00e9. Leur construction robuste les rend id\u00e9ales pour les cas lourds qui n\u00e9cessitent une manipulation fiable.<\/p>\n<h4>Pourquoi choisir SX?<\/h4>\n<p>Choisir SX, c'est choisir une marque qui accorde de l'importance \u00e0 la qualit\u00e9, au prix et \u00e0 la satisfaction du client. Notre <strong>Flight Case Poign\u00e9es m\u00e9talliques<\/strong> t\u00e9moignent de notre engagement \u00e0 fournir des produits qui non seulement r\u00e9pondent aux attentes, mais les d\u00e9passent. Avec SX, vous n'achetez pas seulement une poign\u00e9e, vous investissez dans la s\u00e9curit\u00e9 et la long\u00e9vit\u00e9 de votre \u00e9quipement.<\/p>\n<h4>Contactez-nous aujourd&#039;hui<\/h4>\n<p>Am\u00e9liorez vos flight cases avec SX <strong>Flight Case Poign\u00e9es m\u00e9talliques<\/strong> et profitez d'un m\u00e9lange parfait de solidit\u00e9, de durabilit\u00e9 et de rentabilit\u00e9. Que vous ayez besoin de poign\u00e9es pour une seule caisse ou que vous souhaitiez passer une commande en gros, SX est l\u00e0 pour r\u00e9pondre \u00e0 vos besoins. Contactez-nous d\u00e8s aujourd'hui pour en savoir plus sur nos produits ou pour passer votre commande.<\/p>\n<p>Contactez-nous maintenant :<span style=\"color: #0000ff;\"><a style=\"color: #0000ff;\" href=\"https:\/\/sxpowercase.com\/contact-us\/\">https:\/\/sxpowercase.com\/<\/a><\/span><\/p>\n<p>Catalogue de produits mat\u00e9riels :<span style=\"color: #3366ff;\"><a style=\"color: #3366ff;\" href=\"https:\/\/sxpowercase.com\/wp-content\/uploads\/2024\/07\/\u4e94\u91d1.pdf\">Catalogue d&#039;accessoires de quincaillerie<\/a><\/span><\/p>","protected":false},"excerpt":{"rendered":"<h3>SX Flight Case Poign\u00e9e en m\u00e9tal : Con\u00e7ue pour durer<\/h3>\n<p>Con\u00e7ues pour r\u00e9sister aux rigueurs du voyage, les poign\u00e9es m\u00e9talliques des Flight Case SX offrent une r\u00e9sistance et une fiabilit\u00e9 maximales, garantissant la s\u00e9curit\u00e9 de votre \u00e9quipement.<\/p>\n<h3>Des prix directs pour une qualit\u00e9 sup\u00e9rieure<\/h3>\n<p>Profitez des poign\u00e9es m\u00e9talliques de qualit\u00e9 sup\u00e9rieure pour Flight Case de SX \u00e0 des prix imbattables, offrant une durabilit\u00e9 de premier ordre sans le co\u00fbt \u00e9lev\u00e9.<\/p>\n<h3>Des solutions personnalis\u00e9es pour chaque cas<\/h3>\n<p>Adaptez vos poign\u00e9es m\u00e9talliques SX Flight Case \u00e0 vos besoins sp\u00e9cifiques gr\u00e2ce aux options de personnalisation, garantissant un ajustement parfait et un aspect professionnel pour toute application.<\/p>","protected":false},"featured_media":4032,"comment_status":"open","ping_status":"closed","template":"","meta":[],"product_brand":[],"product_cat":[62],"product_tag":[],"class_list":{"0":"post-4056","1":"product","2":"type-product","3":"status-publish","4":"has-post-thumbnail","6":"product_cat-handles","8":"first","9":"instock","10":"shipping-taxable","11":"product-type-simple"},"yoast_head":"<!-- This site is optimized with the Yoast SEO Premium plugin v27.1 (Yoast SEO v27.2) - https:\/\/yoast.com\/product\/yoast-seo-premium-wordpress\/ -->\n<title>Flight Case Metal Handle HAE01 - https:\/\/sxflightcase.com \ud83d\udc97<\/title>\n<meta name=\"description\" content=\"Flight case metal handle, factory direct! Durable and secure, this high-quality handle is designed for easy transport of flight cases. Perfect for professionals needing reliable equipment.\" \/>\n<meta name=\"robots\" content=\"index, follow, max-snippet:-1, max-image-preview:large, max-video-preview:-1\" \/>\n<link rel=\"canonical\" href=\"https:\/\/sxflightcase.com\/fr\/produit\/flight-case-poignee-metallique-hae01-2\/\" \/>\n<meta property=\"og:locale\" content=\"fr_FR\" \/>\n<meta property=\"og:type\" content=\"article\" \/>\n<meta property=\"og:title\" content=\"Flight Case Metal Handle HAE01\" \/>\n<meta property=\"og:description\" content=\"Flight case metal handle, factory direct! Durable and secure, this high-quality handle is designed for easy transport of flight cases. Perfect for professionals needing reliable equipment.\" \/>\n<meta property=\"og:url\" content=\"https:\/\/sxflightcase.com\/fr\/produit\/flight-case-poignee-metallique-hae01-2\/\" \/>\n<meta property=\"og:site_name\" content=\"https:\/\/sxflightcase.com\" \/>\n<meta property=\"article:publisher\" content=\"https:\/\/www.facebook.com\/profile.php?id=61560407257971\" \/>\n<meta property=\"article:modified_time\" content=\"2024-08-10T06:20:27+00:00\" \/>\n<meta property=\"og:image\" content=\"https:\/\/sxflightcase.com\/wp-content\/uploads\/2024\/08\/HAE01.jpg\" \/>\n\t<meta property=\"og:image:width\" content=\"700\" \/>\n\t<meta property=\"og:image:height\" content=\"700\" \/>\n\t<meta property=\"og:image:type\" content=\"image\/jpeg\" \/>\n<meta name=\"twitter:card\" content=\"summary_large_image\" \/>\n<meta name=\"twitter:label1\" content=\"Dur\u00e9e de lecture estim\u00e9e\" \/>\n\t<meta name=\"twitter:data1\" content=\"3 minutes\" \/>\n<script type=\"application\/ld+json\" class=\"yoast-schema-graph\">{\"@context\":\"https:\/\/schema.org\",\"@graph\":[{\"@type\":\"WebPage\",\"@id\":\"https:\/\/sxflightcase.com\/product\/flight-case-metal-handle-hae01\/\",\"url\":\"https:\/\/sxflightcase.com\/product\/flight-case-metal-handle-hae01\/\",\"name\":\"Flight Case Metal Handle HAE01 - https:\/\/sxflightcase.com \ud83d\udc97\",\"isPartOf\":{\"@id\":\"https:\/\/sxflightcase.com\/th\/#website\"},\"primaryImageOfPage\":{\"@id\":\"https:\/\/sxflightcase.com\/product\/flight-case-metal-handle-hae01\/#primaryimage\"},\"image\":{\"@id\":\"https:\/\/sxflightcase.com\/product\/flight-case-metal-handle-hae01\/#primaryimage\"},\"thumbnailUrl\":\"https:\/\/sxflightcase.com\/wp-content\/uploads\/2024\/08\/HAE01.jpg\",\"datePublished\":\"2024-08-10T06:20:26+00:00\",\"dateModified\":\"2024-08-10T06:20:27+00:00\",\"description\":\"Flight case metal handle, factory direct! Durable and secure, this high-quality handle is designed for easy transport of flight cases. Perfect for professionals needing reliable equipment.\",\"breadcrumb\":{\"@id\":\"https:\/\/sxflightcase.com\/product\/flight-case-metal-handle-hae01\/#breadcrumb\"},\"inLanguage\":\"fr-FR\",\"potentialAction\":[{\"@type\":\"ReadAction\",\"target\":[\"https:\/\/sxflightcase.com\/product\/flight-case-metal-handle-hae01\/\"]}]},{\"@type\":\"ImageObject\",\"inLanguage\":\"fr-FR\",\"@id\":\"https:\/\/sxflightcase.com\/product\/flight-case-metal-handle-hae01\/#primaryimage\",\"url\":\"https:\/\/sxflightcase.com\/wp-content\/uploads\/2024\/08\/HAE01.jpg\",\"contentUrl\":\"https:\/\/sxflightcase.com\/wp-content\/uploads\/2024\/08\/HAE01.jpg\",\"width\":700,\"height\":700,\"caption\":\"Flight Case Metal Handle\"},{\"@type\":\"BreadcrumbList\",\"@id\":\"https:\/\/sxflightcase.com\/product\/flight-case-metal-handle-hae01\/#breadcrumb\",\"itemListElement\":[{\"@type\":\"ListItem\",\"position\":1,\"name\":\"Home\",\"item\":\"https:\/\/sxflightcase.com\/\"},{\"@type\":\"ListItem\",\"position\":2,\"name\":\"\u0e2a\u0e34\u0e19\u0e04\u0e49\u0e32\",\"item\":\"https:\/\/sxflightcase.com\/th\/shop\/\"},{\"@type\":\"ListItem\",\"position\":3,\"name\":\"Flight Case Metal Handle HAE01\"}]},{\"@type\":\"WebSite\",\"@id\":\"https:\/\/sxflightcase.com\/th\/#website\",\"url\":\"https:\/\/sxflightcase.com\/th\/\",\"name\":\"sxpowercase.com\",\"description\":\"Flight Case Factory\",\"publisher\":{\"@id\":\"https:\/\/sxflightcase.com\/th\/#organization\"},\"potentialAction\":[{\"@type\":\"SearchAction\",\"target\":{\"@type\":\"EntryPoint\",\"urlTemplate\":\"https:\/\/sxflightcase.com\/th\/?s={search_term_string}\"},\"query-input\":{\"@type\":\"PropertyValueSpecification\",\"valueRequired\":true,\"valueName\":\"search_term_string\"}}],\"inLanguage\":\"fr-FR\"},{\"@type\":\"Organization\",\"@id\":\"https:\/\/sxflightcase.com\/th\/#organization\",\"name\":\"sxpowercase.com\",\"url\":\"https:\/\/sxflightcase.com\/th\/\",\"logo\":{\"@type\":\"ImageObject\",\"inLanguage\":\"fr-FR\",\"@id\":\"https:\/\/sxflightcase.com\/th\/#\/schema\/logo\/image\/\",\"url\":\"https:\/\/sxflightcase.com\/wp-content\/uploads\/2024\/04\/1713919036007.jpg\",\"contentUrl\":\"https:\/\/sxflightcase.com\/wp-content\/uploads\/2024\/04\/1713919036007.jpg\",\"width\":382,\"height\":388,\"caption\":\"sxpowercase.com\"},\"image\":{\"@id\":\"https:\/\/sxflightcase.com\/th\/#\/schema\/logo\/image\/\"},\"sameAs\":[\"https:\/\/www.facebook.com\/profile.php?id=61560407257971\"],\"numberOfEmployees\":{\"@type\":\"QuantitativeValue\",\"minValue\":\"11\",\"maxValue\":\"50\"}}]}<\/script>\n<!-- \/ Yoast SEO Premium plugin. -->","yoast_head_json":{"title":"Flight Case Metal Handle HAE01 - https:\/\/sxflightcase.com \ud83d\udc97","description":"Poign\u00e9e m\u00e9tallique pour flight case, direct usine ! Durable et s\u00fbre, cette poign\u00e9e de haute qualit\u00e9 est con\u00e7ue pour faciliter le transport des flight cases. Elle est id\u00e9ale pour les professionnels qui ont besoin d'un \u00e9quipement fiable.","robots":{"index":"index","follow":"follow","max-snippet":"max-snippet:-1","max-image-preview":"max-image-preview:large","max-video-preview":"max-video-preview:-1"},"canonical":"https:\/\/sxflightcase.com\/fr\/produit\/flight-case-poignee-metallique-hae01-2\/","og_locale":"fr_FR","og_type":"article","og_title":"Flight Case Metal Handle HAE01","og_description":"Flight case metal handle, factory direct! Durable and secure, this high-quality handle is designed for easy transport of flight cases. Perfect for professionals needing reliable equipment.","og_url":"https:\/\/sxflightcase.com\/fr\/produit\/flight-case-poignee-metallique-hae01-2\/","og_site_name":"https:\/\/sxflightcase.com","article_publisher":"https:\/\/www.facebook.com\/profile.php?id=61560407257971","article_modified_time":"2024-08-10T06:20:27+00:00","og_image":[{"width":700,"height":700,"url":"https:\/\/sxflightcase.com\/wp-content\/uploads\/2024\/08\/HAE01.jpg","type":"image\/jpeg"}],"twitter_card":"summary_large_image","twitter_misc":{"Dur\u00e9e de lecture estim\u00e9e":"3 minutes"},"schema":{"@context":"https:\/\/schema.org","@graph":[{"@type":"WebPage","@id":"https:\/\/sxflightcase.com\/product\/flight-case-metal-handle-hae01\/","url":"https:\/\/sxflightcase.com\/product\/flight-case-metal-handle-hae01\/","name":"Flight Case Metal Handle HAE01 - https:\/\/sxflightcase.com \ud83d\udc97","isPartOf":{"@id":"https:\/\/sxflightcase.com\/th\/#website"},"primaryImageOfPage":{"@id":"https:\/\/sxflightcase.com\/product\/flight-case-metal-handle-hae01\/#primaryimage"},"image":{"@id":"https:\/\/sxflightcase.com\/product\/flight-case-metal-handle-hae01\/#primaryimage"},"thumbnailUrl":"https:\/\/sxflightcase.com\/wp-content\/uploads\/2024\/08\/HAE01.jpg","datePublished":"2024-08-10T06:20:26+00:00","dateModified":"2024-08-10T06:20:27+00:00","description":"Poign\u00e9e m\u00e9tallique pour flight case, direct usine ! Durable et s\u00fbre, cette poign\u00e9e de haute qualit\u00e9 est con\u00e7ue pour faciliter le transport des flight cases. Elle est id\u00e9ale pour les professionnels qui ont besoin d'un \u00e9quipement fiable.","breadcrumb":{"@id":"https:\/\/sxflightcase.com\/product\/flight-case-metal-handle-hae01\/#breadcrumb"},"inLanguage":"fr-FR","potentialAction":[{"@type":"ReadAction","target":["https:\/\/sxflightcase.com\/product\/flight-case-metal-handle-hae01\/"]}]},{"@type":"ImageObject","inLanguage":"fr-FR","@id":"https:\/\/sxflightcase.com\/product\/flight-case-metal-handle-hae01\/#primaryimage","url":"https:\/\/sxflightcase.com\/wp-content\/uploads\/2024\/08\/HAE01.jpg","contentUrl":"https:\/\/sxflightcase.com\/wp-content\/uploads\/2024\/08\/HAE01.jpg","width":700,"height":700,"caption":"Flight Case Metal Handle"},{"@type":"BreadcrumbList","@id":"https:\/\/sxflightcase.com\/product\/flight-case-metal-handle-hae01\/#breadcrumb","itemListElement":[{"@type":"ListItem","position":1,"name":"Home","item":"https:\/\/sxflightcase.com\/"},{"@type":"ListItem","position":2,"name":"\u0e2a\u0e34\u0e19\u0e04\u0e49\u0e32","item":"https:\/\/sxflightcase.com\/th\/shop\/"},{"@type":"ListItem","position":3,"name":"Flight Case Metal Handle HAE01"}]},{"@type":"WebSite","@id":"https:\/\/sxflightcase.com\/th\/#website","url":"https:\/\/sxflightcase.com\/th\/","name":"sxpowercase.com","description":"Flight Case Factory","publisher":{"@id":"https:\/\/sxflightcase.com\/th\/#organization"},"potentialAction":[{"@type":"SearchAction","target":{"@type":"EntryPoint","urlTemplate":"https:\/\/sxflightcase.com\/th\/?s={search_term_string}"},"query-input":{"@type":"PropertyValueSpecification","valueRequired":true,"valueName":"search_term_string"}}],"inLanguage":"fr-FR"},{"@type":"Organization","@id":"https:\/\/sxflightcase.com\/th\/#organization","name":"sxpowercase.com","url":"https:\/\/sxflightcase.com\/th\/","logo":{"@type":"ImageObject","inLanguage":"fr-FR","@id":"https:\/\/sxflightcase.com\/th\/#\/schema\/logo\/image\/","url":"https:\/\/sxflightcase.com\/wp-content\/uploads\/2024\/04\/1713919036007.jpg","contentUrl":"https:\/\/sxflightcase.com\/wp-content\/uploads\/2024\/04\/1713919036007.jpg","width":382,"height":388,"caption":"sxpowercase.com"},"image":{"@id":"https:\/\/sxflightcase.com\/th\/#\/schema\/logo\/image\/"},"sameAs":["https:\/\/www.facebook.com\/profile.php?id=61560407257971"],"numberOfEmployees":{"@type":"QuantitativeValue","minValue":"11","maxValue":"50"}}]}},"_links":{"self":[{"href":"https:\/\/sxflightcase.com\/fr\/wp-json\/wp\/v2\/product\/4056","targetHints":{"allow":["GET"]}}],"collection":[{"href":"https:\/\/sxflightcase.com\/fr\/wp-json\/wp\/v2\/product"}],"about":[{"href":"https:\/\/sxflightcase.com\/fr\/wp-json\/wp\/v2\/types\/product"}],"replies":[{"embeddable":true,"href":"https:\/\/sxflightcase.com\/fr\/wp-json\/wp\/v2\/comments?post=4056"}],"version-history":[{"count":0,"href":"https:\/\/sxflightcase.com\/fr\/wp-json\/wp\/v2\/product\/4056\/revisions"}],"wp:featuredmedia":[{"embeddable":true,"href":"https:\/\/sxflightcase.com\/fr\/wp-json\/wp\/v2\/media\/4032"}],"wp:attachment":[{"href":"https:\/\/sxflightcase.com\/fr\/wp-json\/wp\/v2\/media?parent=4056"}],"wp:term":[{"taxonomy":"product_brand","embeddable":true,"href":"https:\/\/sxflightcase.com\/fr\/wp-json\/wp\/v2\/product_brand?post=4056"},{"taxonomy":"product_cat","embeddable":true,"href":"https:\/\/sxflightcase.com\/fr\/wp-json\/wp\/v2\/product_cat?post=4056"},{"taxonomy":"product_tag","embeddable":true,"href":"https:\/\/sxflightcase.com\/fr\/wp-json\/wp\/v2\/product_tag?post=4056"}],"curies":[{"name":"wp","href":"https:\/\/api.w.org\/{rel}","templated":true}]}}