{"id":4057,"date":"2024-08-10T07:25:24","date_gmt":"2024-08-10T06:25:24","guid":{"rendered":"https:\/\/sxpowercase.com\/?post_type=product&#038;p=4057"},"modified":"2024-08-10T07:25:25","modified_gmt":"2024-08-10T06:25:25","slug":"cabinet-handles-haf01","status":"publish","type":"product","link":"https:\/\/sxflightcase.com\/fr\/produit\/poignees-darmoire-haf01-2\/","title":{"rendered":"Poign\u00e9es d&#039;armoire HAF01"},"content":{"rendered":"<h3>\u00c9levez votre espace avec les poign\u00e9es d'armoire SX<\/h3>\n<h4>Un savoir-faire de qualit\u00e9 \u00e0 des prix directs d'usine<\/h4>\n<p>Lorsqu'il s'agit de trouver le <strong>Poign\u00e9es d'armoires<\/strong> pour votre maison ou votre espace de travail, la qualit\u00e9 et le prix sont essentiels. Chez SX, nous proposons une large gamme de poign\u00e9es con\u00e7ues pour s'int\u00e9grer \u00e0 n'importe quel d\u00e9cor tout en offrant une durabilit\u00e9 exceptionnelle. Notre approche directe vous assure de recevoir des produits de premi\u00e8re qualit\u00e9 \u00e0 des prix imbattables. Que vous r\u00e9noviez votre cuisine ou que vous mettiez \u00e0 jour vos armoires de bureau, <a href=\"https:\/\/sxpowercase.com\/\" target=\"_blank\" rel=\"noopener\" title=\"SX\" data-wpil-monitor-id=\"648\">SX<\/a> <strong>Poign\u00e9es d'armoires<\/strong> offrir le meilleur rapport qualit\u00e9-prix sans faire de compromis sur la qualit\u00e9.<\/p>\n<h4>Con\u00e7u pour durer<\/h4>\n<p>Chaque SX <strong>Poign\u00e9e d'armoire<\/strong> sont fabriqu\u00e9es avec pr\u00e9cision et souci du d\u00e9tail. Fabriqu\u00e9es \u00e0 partir de mat\u00e9riaux de haute qualit\u00e9, ces poign\u00e9es sont con\u00e7ues pour r\u00e9sister \u00e0 un usage quotidien tout en conservant leur aspect \u00e9l\u00e9gant. Que vous pr\u00e9f\u00e9riez un design moderne et minimaliste ou un aspect plus traditionnel, nos poign\u00e9es sont con\u00e7ues pour durer, offrant \u00e0 la fois style et solidit\u00e9. Avec SX, vous pouvez \u00eatre s\u00fbr que votre investissement dans une quincaillerie de qualit\u00e9 r\u00e9sistera \u00e0 l'\u00e9preuve du temps.<\/p>\n<h4>Une polyvalence qui s'adapte \u00e0 tous les contextes<\/h4>\n<p>SX <strong>Poign\u00e9es d'armoires<\/strong> ne se limitent pas aux cuisines et aux salles de bains. Gr\u00e2ce \u00e0 leur conception polyvalente, elles conviennent \u00e0 un grand nombre d'applications, des armoires de chambre aux unit\u00e9s de rangement de bureau. Quel que soit l'endroit o\u00f9 elles sont install\u00e9es, nos poign\u00e9es am\u00e9liorent \u00e0 la fois la fonctionnalit\u00e9 et l'esth\u00e9tique. Leur conception ergonomique garantit une prise en main confortable, ce qui facilite les t\u00e2ches quotidiennes tout en ajoutant une touche d'\u00e9l\u00e9gance \u00e0 votre espace.<\/p>\n<h4>Solutions personnalis\u00e9es<\/h4>\n<p>Chez SX, nous comprenons que chaque projet a des exigences uniques. C'est pourquoi nous proposons des options de personnalisation pour nos produits. <strong>Poign\u00e9es d'armoires<\/strong>. Que vous ayez besoin d'une taille, d'une finition ou d'un style sp\u00e9cifique, nous pouvons adapter nos produits \u00e0 vos besoins exacts. La personnalisation garantit que vos poign\u00e9es non seulement s'adaptent parfaitement, mais aussi qu'elles compl\u00e8tent le design g\u00e9n\u00e9ral de vos armoires. Laissez SX vous aider \u00e0 cr\u00e9er un style coh\u00e9rent et raffin\u00e9 dans votre maison ou votre bureau.<\/p>\n<h4>Directement du fabricant<\/h4>\n<p>En achetant directement aupr\u00e8s du fabricant, vous supprimez les interm\u00e9diaires et vous vous assurez de recevoir la meilleure qualit\u00e9 possible. <strong>Poign\u00e9es d'armoires<\/strong> au prix le plus bas possible. SX s'engage \u00e0 fournir des produits qui allient durabilit\u00e9, style et prix abordable. Notre approche d'usine directe signifie que vous obtenez une quincaillerie de qualit\u00e9 sup\u00e9rieure sans la majoration que l'on trouve g\u00e9n\u00e9ralement dans les magasins de d\u00e9tail.<\/p>\n<h4>Pourquoi choisir SX?<\/h4>\n<p>Choisir SX, c'est choisir une marque qui privil\u00e9gie la qualit\u00e9, la satisfaction du client et la valeur. Notre <strong>Poign\u00e9es d'armoires<\/strong> sont le m\u00e9lange parfait de la forme et de la fonction, con\u00e7us pour am\u00e9liorer l'apparence et l'utilisation de vos armoires. Avec SX, vous n'achetez pas seulement de la quincaillerie, vous investissez dans un produit qui am\u00e9liorera votre espace pendant des ann\u00e9es.<\/p>\n<h4>Prenez contact d\u00e8s aujourd'hui<\/h4>\n<p>Am\u00e9liorez vos armoires avec SX <strong>Poign\u00e9es d'armoires<\/strong> et faites l'exp\u00e9rience de la diff\u00e9rence que peuvent faire un travail de qualit\u00e9 et un prix d'usine. Contactez-nous d\u00e8s aujourd'hui pour en savoir plus sur notre gamme de produits ou pour passer votre commande. Laissez SX \u00eatre votre partenaire de confiance pour tous vos besoins en mati\u00e8re d'\u00e9b\u00e9nisterie.<\/p>\n<p>Contactez-nous maintenant :<span style=\"color: #0000ff;\"><a style=\"color: #0000ff;\" href=\"https:\/\/sxpowercase.com\/contact-us\/\">https:\/\/sxpowercase.com\/<\/a><\/span><\/p>\n<p>Catalogue de produits mat\u00e9riels :<span style=\"color: #3366ff;\"><a style=\"color: #3366ff;\" href=\"https:\/\/sxpowercase.com\/wp-content\/uploads\/2024\/07\/\u4e94\u91d1.pdf\">Catalogue d&#039;accessoires de quincaillerie<\/a><\/span><\/p>","protected":false},"excerpt":{"rendered":"<div class=\"flex max-w-full flex-col flex-grow\">\n<div class=\"min-h-[20px] text-message flex w-full flex-col items-end gap-2 whitespace-pre-wrap break-words [.text-message+&amp;]:mt-5 overflow-x-auto\" dir=\"auto\" data-message-author-role=\"assistant\" data-message-id=\"f9b15d2b-76c9-4191-8e5c-4ce629a7c529\">\n<div class=\"flex w-full flex-col gap-1 empty:hidden first:pt-[3px]\">\n<div class=\"markdown prose w-full break-words dark:prose-invert light\">\n<h3>SX Cabinet Handles: Style Meets Durability<\/h3>\n<p>Enhance your space with SX Cabinet Handles, crafted with precision and designed to last. Perfect for any decor, they offer both strength and elegance.<\/p>\n<h3>Factory-Direct Pricing for Unmatched Value<\/h3>\n<p>Get top-quality Cabinet Handles at unbeatable prices with SX\u2019s factory-direct approach, ensuring you receive exceptional value without the retail markup.<\/p>\n<h3>Customisable Solutions for Every Space<\/h3>\n<p>SX offers tailored Cabinet Handles to fit your exact needs, providing the perfect blend of form and function for your home or office cabinetry.<\/p>\n<\/div>\n<\/div>\n<\/div>\n<\/div>\n","protected":false},"featured_media":4033,"comment_status":"open","ping_status":"closed","template":"","meta":[],"product_brand":[],"product_cat":[62],"product_tag":[],"class_list":{"0":"post-4057","1":"product","2":"type-product","3":"status-publish","4":"has-post-thumbnail","6":"product_cat-handles","8":"first","9":"instock","10":"shipping-taxable","11":"product-type-simple"},"yoast_head":"<!-- This site is optimized with the Yoast SEO Premium plugin v27.1 (Yoast SEO v27.2) - https:\/\/yoast.com\/product\/yoast-seo-premium-wordpress\/ -->\n<title>Cabinet Handles HAF01 - https:\/\/sxflightcase.com \ud83d\udc97<\/title>\n<meta name=\"description\" content=\"Cabinet handles, factory direct! High-quality, durable handles designed for secure and stylish cabinet access. Ideal for kitchens, offices, and other furniture applications.\" \/>\n<meta name=\"robots\" content=\"index, follow, max-snippet:-1, max-image-preview:large, max-video-preview:-1\" \/>\n<link rel=\"canonical\" href=\"https:\/\/sxflightcase.com\/fr\/producto\/tiradores-de-armario-haf01-2\/\" \/>\n<meta property=\"og:locale\" content=\"fr_FR\" \/>\n<meta property=\"og:type\" content=\"article\" \/>\n<meta property=\"og:title\" content=\"Cabinet Handles HAF01\" \/>\n<meta property=\"og:description\" content=\"Cabinet handles, factory direct! High-quality, durable handles designed for secure and stylish cabinet access. Ideal for kitchens, offices, and other furniture applications.\" \/>\n<meta property=\"og:url\" content=\"https:\/\/sxflightcase.com\/fr\/producto\/tiradores-de-armario-haf01-2\/\" \/>\n<meta property=\"og:site_name\" content=\"https:\/\/sxflightcase.com\" \/>\n<meta property=\"article:publisher\" content=\"https:\/\/www.facebook.com\/profile.php?id=61560407257971\" \/>\n<meta property=\"article:modified_time\" content=\"2024-08-10T06:25:25+00:00\" \/>\n<meta property=\"og:image\" content=\"https:\/\/sxflightcase.com\/wp-content\/uploads\/2024\/08\/HAF01.jpg\" \/>\n\t<meta property=\"og:image:width\" content=\"700\" \/>\n\t<meta property=\"og:image:height\" content=\"700\" \/>\n\t<meta property=\"og:image:type\" content=\"image\/jpeg\" \/>\n<meta name=\"twitter:card\" content=\"summary_large_image\" \/>\n<meta name=\"twitter:label1\" content=\"Dur\u00e9e de lecture estim\u00e9e\" \/>\n\t<meta name=\"twitter:data1\" content=\"3 minutes\" \/>\n<script type=\"application\/ld+json\" class=\"yoast-schema-graph\">{\"@context\":\"https:\/\/schema.org\",\"@graph\":[{\"@type\":\"WebPage\",\"@id\":\"https:\/\/sxflightcase.com\/es_es\/producto\/tiradores-de-armario-haf01-2\/\",\"url\":\"https:\/\/sxflightcase.com\/es_es\/producto\/tiradores-de-armario-haf01-2\/\",\"name\":\"Cabinet Handles HAF01 - https:\/\/sxflightcase.com \ud83d\udc97\",\"isPartOf\":{\"@id\":\"https:\/\/sxflightcase.com\/th\/#website\"},\"primaryImageOfPage\":{\"@id\":\"https:\/\/sxflightcase.com\/es_es\/producto\/tiradores-de-armario-haf01-2\/#primaryimage\"},\"image\":{\"@id\":\"https:\/\/sxflightcase.com\/es_es\/producto\/tiradores-de-armario-haf01-2\/#primaryimage\"},\"thumbnailUrl\":\"https:\/\/sxflightcase.com\/wp-content\/uploads\/2024\/08\/HAF01.jpg\",\"datePublished\":\"2024-08-10T06:25:24+00:00\",\"dateModified\":\"2024-08-10T06:25:25+00:00\",\"description\":\"Cabinet handles, factory direct! High-quality, durable handles designed for secure and stylish cabinet access. Ideal for kitchens, offices, and other furniture applications.\",\"breadcrumb\":{\"@id\":\"https:\/\/sxflightcase.com\/es_es\/producto\/tiradores-de-armario-haf01-2\/#breadcrumb\"},\"inLanguage\":\"fr-FR\",\"potentialAction\":[{\"@type\":\"ReadAction\",\"target\":[\"https:\/\/sxflightcase.com\/es_es\/producto\/tiradores-de-armario-haf01-2\/\"]}]},{\"@type\":\"ImageObject\",\"inLanguage\":\"fr-FR\",\"@id\":\"https:\/\/sxflightcase.com\/es_es\/producto\/tiradores-de-armario-haf01-2\/#primaryimage\",\"url\":\"https:\/\/sxflightcase.com\/wp-content\/uploads\/2024\/08\/HAF01.jpg\",\"contentUrl\":\"https:\/\/sxflightcase.com\/wp-content\/uploads\/2024\/08\/HAF01.jpg\",\"width\":700,\"height\":700,\"caption\":\"Cabinet Handles\"},{\"@type\":\"BreadcrumbList\",\"@id\":\"https:\/\/sxflightcase.com\/es_es\/producto\/tiradores-de-armario-haf01-2\/#breadcrumb\",\"itemListElement\":[{\"@type\":\"ListItem\",\"position\":1,\"name\":\"Home\",\"item\":\"https:\/\/sxflightcase.com\/\"},{\"@type\":\"ListItem\",\"position\":2,\"name\":\"\u0e2a\u0e34\u0e19\u0e04\u0e49\u0e32\",\"item\":\"https:\/\/sxflightcase.com\/th\/shop\/\"},{\"@type\":\"ListItem\",\"position\":3,\"name\":\"Cabinet Handles HAF01\"}]},{\"@type\":\"WebSite\",\"@id\":\"https:\/\/sxflightcase.com\/th\/#website\",\"url\":\"https:\/\/sxflightcase.com\/th\/\",\"name\":\"sxpowercase.com\",\"description\":\"Flight Case Factory\",\"publisher\":{\"@id\":\"https:\/\/sxflightcase.com\/th\/#organization\"},\"potentialAction\":[{\"@type\":\"SearchAction\",\"target\":{\"@type\":\"EntryPoint\",\"urlTemplate\":\"https:\/\/sxflightcase.com\/th\/?s={search_term_string}\"},\"query-input\":{\"@type\":\"PropertyValueSpecification\",\"valueRequired\":true,\"valueName\":\"search_term_string\"}}],\"inLanguage\":\"fr-FR\"},{\"@type\":\"Organization\",\"@id\":\"https:\/\/sxflightcase.com\/th\/#organization\",\"name\":\"sxpowercase.com\",\"url\":\"https:\/\/sxflightcase.com\/th\/\",\"logo\":{\"@type\":\"ImageObject\",\"inLanguage\":\"fr-FR\",\"@id\":\"https:\/\/sxflightcase.com\/th\/#\/schema\/logo\/image\/\",\"url\":\"https:\/\/sxflightcase.com\/wp-content\/uploads\/2024\/04\/1713919036007.jpg\",\"contentUrl\":\"https:\/\/sxflightcase.com\/wp-content\/uploads\/2024\/04\/1713919036007.jpg\",\"width\":382,\"height\":388,\"caption\":\"sxpowercase.com\"},\"image\":{\"@id\":\"https:\/\/sxflightcase.com\/th\/#\/schema\/logo\/image\/\"},\"sameAs\":[\"https:\/\/www.facebook.com\/profile.php?id=61560407257971\"],\"numberOfEmployees\":{\"@type\":\"QuantitativeValue\",\"minValue\":\"11\",\"maxValue\":\"50\"}}]}<\/script>\n<!-- \/ Yoast SEO Premium plugin. -->","yoast_head_json":{"title":"Cabinet Handles HAF01 - https:\/\/sxflightcase.com \ud83d\udc97","description":"Poign\u00e9es d'armoires, en direct de l'usine ! Poign\u00e9es de haute qualit\u00e9, durables, con\u00e7ues pour un acc\u00e8s s\u00e9curis\u00e9 et \u00e9l\u00e9gant aux armoires. Id\u00e9ales pour les cuisines, les bureaux et autres applications d'ameublement.","robots":{"index":"index","follow":"follow","max-snippet":"max-snippet:-1","max-image-preview":"max-image-preview:large","max-video-preview":"max-video-preview:-1"},"canonical":"https:\/\/sxflightcase.com\/fr\/producto\/tiradores-de-armario-haf01-2\/","og_locale":"fr_FR","og_type":"article","og_title":"Cabinet Handles HAF01","og_description":"Cabinet handles, factory direct! High-quality, durable handles designed for secure and stylish cabinet access. Ideal for kitchens, offices, and other furniture applications.","og_url":"https:\/\/sxflightcase.com\/fr\/producto\/tiradores-de-armario-haf01-2\/","og_site_name":"https:\/\/sxflightcase.com","article_publisher":"https:\/\/www.facebook.com\/profile.php?id=61560407257971","article_modified_time":"2024-08-10T06:25:25+00:00","og_image":[{"width":700,"height":700,"url":"https:\/\/sxflightcase.com\/wp-content\/uploads\/2024\/08\/HAF01.jpg","type":"image\/jpeg"}],"twitter_card":"summary_large_image","twitter_misc":{"Dur\u00e9e de lecture estim\u00e9e":"3 minutes"},"schema":{"@context":"https:\/\/schema.org","@graph":[{"@type":"WebPage","@id":"https:\/\/sxflightcase.com\/es_es\/producto\/tiradores-de-armario-haf01-2\/","url":"https:\/\/sxflightcase.com\/es_es\/producto\/tiradores-de-armario-haf01-2\/","name":"Cabinet Handles HAF01 - https:\/\/sxflightcase.com \ud83d\udc97","isPartOf":{"@id":"https:\/\/sxflightcase.com\/th\/#website"},"primaryImageOfPage":{"@id":"https:\/\/sxflightcase.com\/es_es\/producto\/tiradores-de-armario-haf01-2\/#primaryimage"},"image":{"@id":"https:\/\/sxflightcase.com\/es_es\/producto\/tiradores-de-armario-haf01-2\/#primaryimage"},"thumbnailUrl":"https:\/\/sxflightcase.com\/wp-content\/uploads\/2024\/08\/HAF01.jpg","datePublished":"2024-08-10T06:25:24+00:00","dateModified":"2024-08-10T06:25:25+00:00","description":"Poign\u00e9es d'armoires, en direct de l'usine ! Poign\u00e9es de haute qualit\u00e9, durables, con\u00e7ues pour un acc\u00e8s s\u00e9curis\u00e9 et \u00e9l\u00e9gant aux armoires. Id\u00e9ales pour les cuisines, les bureaux et autres applications d'ameublement.","breadcrumb":{"@id":"https:\/\/sxflightcase.com\/es_es\/producto\/tiradores-de-armario-haf01-2\/#breadcrumb"},"inLanguage":"fr-FR","potentialAction":[{"@type":"ReadAction","target":["https:\/\/sxflightcase.com\/es_es\/producto\/tiradores-de-armario-haf01-2\/"]}]},{"@type":"ImageObject","inLanguage":"fr-FR","@id":"https:\/\/sxflightcase.com\/es_es\/producto\/tiradores-de-armario-haf01-2\/#primaryimage","url":"https:\/\/sxflightcase.com\/wp-content\/uploads\/2024\/08\/HAF01.jpg","contentUrl":"https:\/\/sxflightcase.com\/wp-content\/uploads\/2024\/08\/HAF01.jpg","width":700,"height":700,"caption":"Cabinet Handles"},{"@type":"BreadcrumbList","@id":"https:\/\/sxflightcase.com\/es_es\/producto\/tiradores-de-armario-haf01-2\/#breadcrumb","itemListElement":[{"@type":"ListItem","position":1,"name":"Home","item":"https:\/\/sxflightcase.com\/"},{"@type":"ListItem","position":2,"name":"\u0e2a\u0e34\u0e19\u0e04\u0e49\u0e32","item":"https:\/\/sxflightcase.com\/th\/shop\/"},{"@type":"ListItem","position":3,"name":"Cabinet Handles HAF01"}]},{"@type":"WebSite","@id":"https:\/\/sxflightcase.com\/th\/#website","url":"https:\/\/sxflightcase.com\/th\/","name":"sxpowercase.com","description":"Flight Case Factory","publisher":{"@id":"https:\/\/sxflightcase.com\/th\/#organization"},"potentialAction":[{"@type":"SearchAction","target":{"@type":"EntryPoint","urlTemplate":"https:\/\/sxflightcase.com\/th\/?s={search_term_string}"},"query-input":{"@type":"PropertyValueSpecification","valueRequired":true,"valueName":"search_term_string"}}],"inLanguage":"fr-FR"},{"@type":"Organization","@id":"https:\/\/sxflightcase.com\/th\/#organization","name":"sxpowercase.com","url":"https:\/\/sxflightcase.com\/th\/","logo":{"@type":"ImageObject","inLanguage":"fr-FR","@id":"https:\/\/sxflightcase.com\/th\/#\/schema\/logo\/image\/","url":"https:\/\/sxflightcase.com\/wp-content\/uploads\/2024\/04\/1713919036007.jpg","contentUrl":"https:\/\/sxflightcase.com\/wp-content\/uploads\/2024\/04\/1713919036007.jpg","width":382,"height":388,"caption":"sxpowercase.com"},"image":{"@id":"https:\/\/sxflightcase.com\/th\/#\/schema\/logo\/image\/"},"sameAs":["https:\/\/www.facebook.com\/profile.php?id=61560407257971"],"numberOfEmployees":{"@type":"QuantitativeValue","minValue":"11","maxValue":"50"}}]}},"_links":{"self":[{"href":"https:\/\/sxflightcase.com\/fr\/wp-json\/wp\/v2\/product\/4057","targetHints":{"allow":["GET"]}}],"collection":[{"href":"https:\/\/sxflightcase.com\/fr\/wp-json\/wp\/v2\/product"}],"about":[{"href":"https:\/\/sxflightcase.com\/fr\/wp-json\/wp\/v2\/types\/product"}],"replies":[{"embeddable":true,"href":"https:\/\/sxflightcase.com\/fr\/wp-json\/wp\/v2\/comments?post=4057"}],"version-history":[{"count":0,"href":"https:\/\/sxflightcase.com\/fr\/wp-json\/wp\/v2\/product\/4057\/revisions"}],"wp:featuredmedia":[{"embeddable":true,"href":"https:\/\/sxflightcase.com\/fr\/wp-json\/wp\/v2\/media\/4033"}],"wp:attachment":[{"href":"https:\/\/sxflightcase.com\/fr\/wp-json\/wp\/v2\/media?parent=4057"}],"wp:term":[{"taxonomy":"product_brand","embeddable":true,"href":"https:\/\/sxflightcase.com\/fr\/wp-json\/wp\/v2\/product_brand?post=4057"},{"taxonomy":"product_cat","embeddable":true,"href":"https:\/\/sxflightcase.com\/fr\/wp-json\/wp\/v2\/product_cat?post=4057"},{"taxonomy":"product_tag","embeddable":true,"href":"https:\/\/sxflightcase.com\/fr\/wp-json\/wp\/v2\/product_tag?post=4057"}],"curies":[{"name":"wp","href":"https:\/\/api.w.org\/{rel}","templated":true}]}}