{"id":4058,"date":"2024-08-10T07:33:07","date_gmt":"2024-08-10T06:33:07","guid":{"rendered":"https:\/\/sxpowercase.com\/?post_type=product&#038;p=4058"},"modified":"2024-08-10T07:33:08","modified_gmt":"2024-08-10T06:33:08","slug":"spring-loaded-case-handle-hag01","status":"publish","type":"product","link":"https:\/\/sxflightcase.com\/fr\/produit\/poignee-de-caisse-a-ressort-hag01-2\/","title":{"rendered":"Poign\u00e9e de valise \u00e0 ressort HAG01"},"content":{"rendered":"<h3>Am\u00e9liorez la durabilit\u00e9 avec la poign\u00e9e \u00e0 ressort de la mallette SX<\/h3>\n<h4>Une qualit\u00e9 imbattable \u00e0 des prix directs d'usine<\/h4>\n<p>Chez SX, nous savons que vos mallettes doivent r\u00e9sister aux exigences d'un voyage constant et d'une utilisation intensive. C'est pourquoi nos <strong>Poign\u00e9e de mallette \u00e0 ressort<\/strong>\u00a0sont con\u00e7ues pour offrir une durabilit\u00e9 et une fiabilit\u00e9 in\u00e9gal\u00e9es. Gr\u00e2ce \u00e0 notre approche d'usine directe, vous obtenez des poign\u00e9es de premier ordre sans la majoration du prix de d\u00e9tail. Qu'il s'agisse d'\u00e9quiper des caisses de route, des bo\u00eetes \u00e0 outils ou des bo\u00eetiers sur mesure, <a href=\"https:\/\/sxpowercase.com\/\" target=\"_blank\" rel=\"noopener\" title=\"SX\" data-wpil-monitor-id=\"649\">SX<\/a> offre la solution id\u00e9ale \u00e0 un prix adapt\u00e9 \u00e0 votre budget.<\/p>\n<h4>Con\u00e7u pour la solidit\u00e9 et le confort<\/h4>\n<p>SX <strong>Poign\u00e9es de caisse \u00e0 ressort<\/strong> sont fabriqu\u00e9s \u00e0 partir de mat\u00e9riaux de haute qualit\u00e9, ce qui leur permet de r\u00e9sister aux rigueurs d'une manipulation fr\u00e9quente. La conception \u00e0 ressort maintient la poign\u00e9e au ras de la mallette lorsqu'elle n'est pas utilis\u00e9e, ce qui \u00e9vite les accrochages accidentels et conf\u00e8re \u00e0 la mallette une apparence \u00e9l\u00e9gante et compacte. Cette caract\u00e9ristique est particuli\u00e8rement utile pour les mallettes qui sont souvent empil\u00e9es ou transport\u00e9es, car elle r\u00e9duit le risque d'endommagement de la poign\u00e9e et de la mallette elle-m\u00eame.<\/p>\n<h4>Une conception polyvalente pour toutes les applications<\/h4>\n<p>Notre <strong>Poign\u00e9es de caisse \u00e0 ressort<\/strong> sont polyvalentes, ce qui les rend id\u00e9ales pour une large gamme d'applications. Que vous travailliez dans l'industrie du divertissement, que vous manipuliez des \u00e9quipements lourds ou que vous ayez simplement besoin de poign\u00e9es fiables pour vos solutions de stockage, SX a ce qu'il vous faut. Ces poign\u00e9es sont faciles \u00e0 installer et offrent une prise confortable, ce qui permet de transporter les charges les plus lourdes de la mani\u00e8re la plus ais\u00e9e possible.<\/p>\n<h4>Personnalisation pour vos besoins sp\u00e9cifiques<\/h4>\n<p>SX sait que chaque cas est unique. C'est pourquoi nous proposons des options de personnalisation pour nos produits. <strong>Poign\u00e9es de caisse \u00e0 ressort<\/strong>. Que vous ayez besoin d'une taille sp\u00e9cifique, d'une finition ou de caract\u00e9ristiques suppl\u00e9mentaires, nous pouvons adapter nos poign\u00e9es \u00e0 vos besoins exacts. Ainsi, vos mallettes ne sont pas seulement performantes, elles sont aussi tr\u00e8s esth\u00e9tiques et offrent une finition professionnelle qui refl\u00e8te la qualit\u00e9 de votre travail.<\/p>\n<h4>Directement du fabricant pour une valeur maximale<\/h4>\n<p>En achetant directement aupr\u00e8s de SX, vous obtenez le meilleur rapport qualit\u00e9-prix possible. Nous \u00e9liminons les interm\u00e9diaires, ce qui vous \u00e9vite de payer des prix de d\u00e9tail exag\u00e9r\u00e9s. Nos <strong>Poign\u00e9es de caisse \u00e0 ressort<\/strong> sont propos\u00e9s \u00e0 des prix comp\u00e9titifs sans compromis sur la qualit\u00e9, ce qui en fait le choix id\u00e9al pour les professionnels qui ont besoin d'un mat\u00e9riel fiable \u00e0 un prix abordable.<\/p>\n<h4>Pourquoi choisir SX?<\/h4>\n<p>Choisir SX, c'est choisir une marque qui privil\u00e9gie la durabilit\u00e9, la fonctionnalit\u00e9 et la satisfaction du client. Nos <strong>Poign\u00e9es de caisse \u00e0 ressort<\/strong> sont con\u00e7us pour r\u00e9pondre aux normes les plus strictes, garantissant ainsi les performances dont vous avez besoin jour apr\u00e8s jour. Que vous soyez un fabricant, un revendeur ou un utilisateur final, vous pouvez faire confiance \u00e0 SX pour vous fournir du mat\u00e9riel qui r\u00e9siste aux conditions les plus difficiles.<\/p>\n<h4>Contactez-nous aujourd&#039;hui<\/h4>\n<p>Pr\u00eat \u00e0 am\u00e9liorer vos bo\u00eetiers avec SX <strong>Poign\u00e9es de caisse \u00e0 ressort<\/strong>? Contactez-nous d\u00e8s aujourd'hui pour en savoir plus sur nos produits ou pour passer une commande. Avec SX, vous n'achetez pas seulement des poign\u00e9es, vous investissez dans la qualit\u00e9, la fiabilit\u00e9 et la tranquillit\u00e9 d'esprit. Laissez-nous vous aider \u00e0 trouver la solution parfaite pour vos besoins.<\/p>\n<p>Contactez-nous maintenant :<span style=\"color: #0000ff;\"><a style=\"color: #0000ff;\" href=\"https:\/\/sxpowercase.com\/contact-us\/\">https:\/\/sxpowercase.com\/<\/a><\/span><\/p>\n<p>Catalogue de produits mat\u00e9riels :<span style=\"color: #3366ff;\"><a style=\"color: #3366ff;\" href=\"https:\/\/sxpowercase.com\/wp-content\/uploads\/2024\/07\/\u4e94\u91d1.pdf\">Catalogue d&#039;accessoires de quincaillerie<\/a><\/span><\/p>","protected":false},"excerpt":{"rendered":"<div class=\"flex max-w-full flex-col flex-grow\">\n<div class=\"min-h-[20px] text-message flex w-full flex-col items-end gap-2 whitespace-pre-wrap break-words [.text-message+&amp;]:mt-5 overflow-x-auto\" dir=\"auto\" data-message-author-role=\"assistant\" data-message-id=\"98c59072-ec4c-4d12-b471-b61ebf5e6bc9\">\n<div class=\"flex w-full flex-col gap-1 empty:hidden first:pt-[3px]\">\n<div class=\"markdown prose w-full break-words dark:prose-invert light\">\n<h3>SX Spring Loaded Case Handles: Durable and Reliable<\/h3>\n<p>Ensure your cases stand up to heavy use with SX Spring Loaded Case Handles, designed for strength and comfort. Perfect for any application.<\/p>\n<h3>Factory-Direct Pricing for Maximum Value<\/h3>\n<p>Get top-quality Spring Loaded Case Handles without the retail markup. SX offers unbeatable value with durable, high-performance hardware at factory-direct prices.<\/p>\n<h3>Customisable Solutions for Every Need<\/h3>\n<p>SX provides tailored Spring Loaded Case Handles to meet your specific requirements, ensuring your cases look professional and perform flawlessly.<\/p>\n<\/div>\n<\/div>\n<\/div>\n<\/div>\n","protected":false},"featured_media":4034,"comment_status":"open","ping_status":"closed","template":"","meta":[],"product_brand":[],"product_cat":[62],"product_tag":[],"class_list":{"0":"post-4058","1":"product","2":"type-product","3":"status-publish","4":"has-post-thumbnail","6":"product_cat-handles","8":"first","9":"instock","10":"shipping-taxable","11":"product-type-simple"},"yoast_head":"<!-- This site is optimized with the Yoast SEO Premium plugin v27.1 (Yoast SEO v27.2) - https:\/\/yoast.com\/product\/yoast-seo-premium-wordpress\/ -->\n<title>Spring Loaded Case Handle HAG01 - https:\/\/sxflightcase.com \ud83d\udc97<\/title>\n<meta name=\"description\" content=\"Spring-loaded case handle, factory direct! High-quality, durable handles designed for secure and comfortable transport with a retractable feature. Perfect for professional and industrial cases.\" \/>\n<meta name=\"robots\" content=\"index, follow, max-snippet:-1, max-image-preview:large, max-video-preview:-1\" \/>\n<link rel=\"canonical\" href=\"https:\/\/sxflightcase.com\/fr\/produk\/pegangan-kasing-bermuatan-pegas-hag01-2\/\" \/>\n<meta property=\"og:locale\" content=\"fr_FR\" \/>\n<meta property=\"og:type\" content=\"article\" \/>\n<meta property=\"og:title\" content=\"Spring Loaded Case Handle HAG01\" \/>\n<meta property=\"og:description\" content=\"Spring-loaded case handle, factory direct! High-quality, durable handles designed for secure and comfortable transport with a retractable feature. Perfect for professional and industrial cases.\" \/>\n<meta property=\"og:url\" content=\"https:\/\/sxflightcase.com\/fr\/produk\/pegangan-kasing-bermuatan-pegas-hag01-2\/\" \/>\n<meta property=\"og:site_name\" content=\"https:\/\/sxflightcase.com\" \/>\n<meta property=\"article:publisher\" content=\"https:\/\/www.facebook.com\/profile.php?id=61560407257971\" \/>\n<meta property=\"article:modified_time\" content=\"2024-08-10T06:33:08+00:00\" \/>\n<meta property=\"og:image\" content=\"https:\/\/sxflightcase.com\/wp-content\/uploads\/2024\/08\/HAG01.jpg\" \/>\n\t<meta property=\"og:image:width\" content=\"700\" \/>\n\t<meta property=\"og:image:height\" content=\"700\" \/>\n\t<meta property=\"og:image:type\" content=\"image\/jpeg\" \/>\n<meta name=\"twitter:card\" content=\"summary_large_image\" \/>\n<meta name=\"twitter:label1\" content=\"Dur\u00e9e de lecture estim\u00e9e\" \/>\n\t<meta name=\"twitter:data1\" content=\"3 minutes\" \/>\n<script type=\"application\/ld+json\" class=\"yoast-schema-graph\">{\"@context\":\"https:\/\/schema.org\",\"@graph\":[{\"@type\":\"WebPage\",\"@id\":\"https:\/\/sxflightcase.com\/id\/produk\/pegangan-kasing-bermuatan-pegas-hag01-2\/\",\"url\":\"https:\/\/sxflightcase.com\/id\/produk\/pegangan-kasing-bermuatan-pegas-hag01-2\/\",\"name\":\"Spring Loaded Case Handle HAG01 - https:\/\/sxflightcase.com \ud83d\udc97\",\"isPartOf\":{\"@id\":\"https:\/\/sxflightcase.com\/th\/#website\"},\"primaryImageOfPage\":{\"@id\":\"https:\/\/sxflightcase.com\/id\/produk\/pegangan-kasing-bermuatan-pegas-hag01-2\/#primaryimage\"},\"image\":{\"@id\":\"https:\/\/sxflightcase.com\/id\/produk\/pegangan-kasing-bermuatan-pegas-hag01-2\/#primaryimage\"},\"thumbnailUrl\":\"https:\/\/sxflightcase.com\/wp-content\/uploads\/2024\/08\/HAG01.jpg\",\"datePublished\":\"2024-08-10T06:33:07+00:00\",\"dateModified\":\"2024-08-10T06:33:08+00:00\",\"description\":\"Spring-loaded case handle, factory direct! High-quality, durable handles designed for secure and comfortable transport with a retractable feature. Perfect for professional and industrial cases.\",\"breadcrumb\":{\"@id\":\"https:\/\/sxflightcase.com\/id\/produk\/pegangan-kasing-bermuatan-pegas-hag01-2\/#breadcrumb\"},\"inLanguage\":\"fr-FR\",\"potentialAction\":[{\"@type\":\"ReadAction\",\"target\":[\"https:\/\/sxflightcase.com\/id\/produk\/pegangan-kasing-bermuatan-pegas-hag01-2\/\"]}]},{\"@type\":\"ImageObject\",\"inLanguage\":\"fr-FR\",\"@id\":\"https:\/\/sxflightcase.com\/id\/produk\/pegangan-kasing-bermuatan-pegas-hag01-2\/#primaryimage\",\"url\":\"https:\/\/sxflightcase.com\/wp-content\/uploads\/2024\/08\/HAG01.jpg\",\"contentUrl\":\"https:\/\/sxflightcase.com\/wp-content\/uploads\/2024\/08\/HAG01.jpg\",\"width\":700,\"height\":700,\"caption\":\"Spring Loaded Case Handle\"},{\"@type\":\"BreadcrumbList\",\"@id\":\"https:\/\/sxflightcase.com\/id\/produk\/pegangan-kasing-bermuatan-pegas-hag01-2\/#breadcrumb\",\"itemListElement\":[{\"@type\":\"ListItem\",\"position\":1,\"name\":\"Home\",\"item\":\"https:\/\/sxflightcase.com\/\"},{\"@type\":\"ListItem\",\"position\":2,\"name\":\"\u0e2a\u0e34\u0e19\u0e04\u0e49\u0e32\",\"item\":\"https:\/\/sxflightcase.com\/th\/shop\/\"},{\"@type\":\"ListItem\",\"position\":3,\"name\":\"Spring Loaded Case Handle HAG01\"}]},{\"@type\":\"WebSite\",\"@id\":\"https:\/\/sxflightcase.com\/th\/#website\",\"url\":\"https:\/\/sxflightcase.com\/th\/\",\"name\":\"sxpowercase.com\",\"description\":\"Flight Case Factory\",\"publisher\":{\"@id\":\"https:\/\/sxflightcase.com\/th\/#organization\"},\"potentialAction\":[{\"@type\":\"SearchAction\",\"target\":{\"@type\":\"EntryPoint\",\"urlTemplate\":\"https:\/\/sxflightcase.com\/th\/?s={search_term_string}\"},\"query-input\":{\"@type\":\"PropertyValueSpecification\",\"valueRequired\":true,\"valueName\":\"search_term_string\"}}],\"inLanguage\":\"fr-FR\"},{\"@type\":\"Organization\",\"@id\":\"https:\/\/sxflightcase.com\/th\/#organization\",\"name\":\"sxpowercase.com\",\"url\":\"https:\/\/sxflightcase.com\/th\/\",\"logo\":{\"@type\":\"ImageObject\",\"inLanguage\":\"fr-FR\",\"@id\":\"https:\/\/sxflightcase.com\/th\/#\/schema\/logo\/image\/\",\"url\":\"https:\/\/sxflightcase.com\/wp-content\/uploads\/2024\/04\/1713919036007.jpg\",\"contentUrl\":\"https:\/\/sxflightcase.com\/wp-content\/uploads\/2024\/04\/1713919036007.jpg\",\"width\":382,\"height\":388,\"caption\":\"sxpowercase.com\"},\"image\":{\"@id\":\"https:\/\/sxflightcase.com\/th\/#\/schema\/logo\/image\/\"},\"sameAs\":[\"https:\/\/www.facebook.com\/profile.php?id=61560407257971\"],\"numberOfEmployees\":{\"@type\":\"QuantitativeValue\",\"minValue\":\"11\",\"maxValue\":\"50\"}}]}<\/script>\n<!-- \/ Yoast SEO Premium plugin. -->","yoast_head_json":{"title":"Spring Loaded Case Handle HAG01 - https:\/\/sxflightcase.com \ud83d\udc97","description":"Poign\u00e9e de valise \u00e0 ressort, direct usine ! Poign\u00e9es de haute qualit\u00e9, durables, con\u00e7ues pour un transport s\u00fbr et confortable, avec une fonction r\u00e9tractable. Parfaites pour les mallettes professionnelles et industrielles.","robots":{"index":"index","follow":"follow","max-snippet":"max-snippet:-1","max-image-preview":"max-image-preview:large","max-video-preview":"max-video-preview:-1"},"canonical":"https:\/\/sxflightcase.com\/fr\/produk\/pegangan-kasing-bermuatan-pegas-hag01-2\/","og_locale":"fr_FR","og_type":"article","og_title":"Spring Loaded Case Handle HAG01","og_description":"Spring-loaded case handle, factory direct! High-quality, durable handles designed for secure and comfortable transport with a retractable feature. Perfect for professional and industrial cases.","og_url":"https:\/\/sxflightcase.com\/fr\/produk\/pegangan-kasing-bermuatan-pegas-hag01-2\/","og_site_name":"https:\/\/sxflightcase.com","article_publisher":"https:\/\/www.facebook.com\/profile.php?id=61560407257971","article_modified_time":"2024-08-10T06:33:08+00:00","og_image":[{"width":700,"height":700,"url":"https:\/\/sxflightcase.com\/wp-content\/uploads\/2024\/08\/HAG01.jpg","type":"image\/jpeg"}],"twitter_card":"summary_large_image","twitter_misc":{"Dur\u00e9e de lecture estim\u00e9e":"3 minutes"},"schema":{"@context":"https:\/\/schema.org","@graph":[{"@type":"WebPage","@id":"https:\/\/sxflightcase.com\/id\/produk\/pegangan-kasing-bermuatan-pegas-hag01-2\/","url":"https:\/\/sxflightcase.com\/id\/produk\/pegangan-kasing-bermuatan-pegas-hag01-2\/","name":"Spring Loaded Case Handle HAG01 - https:\/\/sxflightcase.com \ud83d\udc97","isPartOf":{"@id":"https:\/\/sxflightcase.com\/th\/#website"},"primaryImageOfPage":{"@id":"https:\/\/sxflightcase.com\/id\/produk\/pegangan-kasing-bermuatan-pegas-hag01-2\/#primaryimage"},"image":{"@id":"https:\/\/sxflightcase.com\/id\/produk\/pegangan-kasing-bermuatan-pegas-hag01-2\/#primaryimage"},"thumbnailUrl":"https:\/\/sxflightcase.com\/wp-content\/uploads\/2024\/08\/HAG01.jpg","datePublished":"2024-08-10T06:33:07+00:00","dateModified":"2024-08-10T06:33:08+00:00","description":"Poign\u00e9e de valise \u00e0 ressort, direct usine ! Poign\u00e9es de haute qualit\u00e9, durables, con\u00e7ues pour un transport s\u00fbr et confortable, avec une fonction r\u00e9tractable. Parfaites pour les mallettes professionnelles et industrielles.","breadcrumb":{"@id":"https:\/\/sxflightcase.com\/id\/produk\/pegangan-kasing-bermuatan-pegas-hag01-2\/#breadcrumb"},"inLanguage":"fr-FR","potentialAction":[{"@type":"ReadAction","target":["https:\/\/sxflightcase.com\/id\/produk\/pegangan-kasing-bermuatan-pegas-hag01-2\/"]}]},{"@type":"ImageObject","inLanguage":"fr-FR","@id":"https:\/\/sxflightcase.com\/id\/produk\/pegangan-kasing-bermuatan-pegas-hag01-2\/#primaryimage","url":"https:\/\/sxflightcase.com\/wp-content\/uploads\/2024\/08\/HAG01.jpg","contentUrl":"https:\/\/sxflightcase.com\/wp-content\/uploads\/2024\/08\/HAG01.jpg","width":700,"height":700,"caption":"Spring Loaded Case Handle"},{"@type":"BreadcrumbList","@id":"https:\/\/sxflightcase.com\/id\/produk\/pegangan-kasing-bermuatan-pegas-hag01-2\/#breadcrumb","itemListElement":[{"@type":"ListItem","position":1,"name":"Home","item":"https:\/\/sxflightcase.com\/"},{"@type":"ListItem","position":2,"name":"\u0e2a\u0e34\u0e19\u0e04\u0e49\u0e32","item":"https:\/\/sxflightcase.com\/th\/shop\/"},{"@type":"ListItem","position":3,"name":"Spring Loaded Case Handle HAG01"}]},{"@type":"WebSite","@id":"https:\/\/sxflightcase.com\/th\/#website","url":"https:\/\/sxflightcase.com\/th\/","name":"sxpowercase.com","description":"Flight Case Factory","publisher":{"@id":"https:\/\/sxflightcase.com\/th\/#organization"},"potentialAction":[{"@type":"SearchAction","target":{"@type":"EntryPoint","urlTemplate":"https:\/\/sxflightcase.com\/th\/?s={search_term_string}"},"query-input":{"@type":"PropertyValueSpecification","valueRequired":true,"valueName":"search_term_string"}}],"inLanguage":"fr-FR"},{"@type":"Organization","@id":"https:\/\/sxflightcase.com\/th\/#organization","name":"sxpowercase.com","url":"https:\/\/sxflightcase.com\/th\/","logo":{"@type":"ImageObject","inLanguage":"fr-FR","@id":"https:\/\/sxflightcase.com\/th\/#\/schema\/logo\/image\/","url":"https:\/\/sxflightcase.com\/wp-content\/uploads\/2024\/04\/1713919036007.jpg","contentUrl":"https:\/\/sxflightcase.com\/wp-content\/uploads\/2024\/04\/1713919036007.jpg","width":382,"height":388,"caption":"sxpowercase.com"},"image":{"@id":"https:\/\/sxflightcase.com\/th\/#\/schema\/logo\/image\/"},"sameAs":["https:\/\/www.facebook.com\/profile.php?id=61560407257971"],"numberOfEmployees":{"@type":"QuantitativeValue","minValue":"11","maxValue":"50"}}]}},"_links":{"self":[{"href":"https:\/\/sxflightcase.com\/fr\/wp-json\/wp\/v2\/product\/4058","targetHints":{"allow":["GET"]}}],"collection":[{"href":"https:\/\/sxflightcase.com\/fr\/wp-json\/wp\/v2\/product"}],"about":[{"href":"https:\/\/sxflightcase.com\/fr\/wp-json\/wp\/v2\/types\/product"}],"replies":[{"embeddable":true,"href":"https:\/\/sxflightcase.com\/fr\/wp-json\/wp\/v2\/comments?post=4058"}],"version-history":[{"count":0,"href":"https:\/\/sxflightcase.com\/fr\/wp-json\/wp\/v2\/product\/4058\/revisions"}],"wp:featuredmedia":[{"embeddable":true,"href":"https:\/\/sxflightcase.com\/fr\/wp-json\/wp\/v2\/media\/4034"}],"wp:attachment":[{"href":"https:\/\/sxflightcase.com\/fr\/wp-json\/wp\/v2\/media?parent=4058"}],"wp:term":[{"taxonomy":"product_brand","embeddable":true,"href":"https:\/\/sxflightcase.com\/fr\/wp-json\/wp\/v2\/product_brand?post=4058"},{"taxonomy":"product_cat","embeddable":true,"href":"https:\/\/sxflightcase.com\/fr\/wp-json\/wp\/v2\/product_cat?post=4058"},{"taxonomy":"product_tag","embeddable":true,"href":"https:\/\/sxflightcase.com\/fr\/wp-json\/wp\/v2\/product_tag?post=4058"}],"curies":[{"name":"wp","href":"https:\/\/api.w.org\/{rel}","templated":true}]}}