{"id":4072,"date":"2024-08-13T08:04:07","date_gmt":"2024-08-13T07:04:07","guid":{"rendered":"https:\/\/sxpowercase.com\/?post_type=product&#038;p=4072"},"modified":"2024-08-13T08:04:08","modified_gmt":"2024-08-13T07:04:08","slug":"ball-corner-coa101","status":"publish","type":"product","link":"https:\/\/sxflightcase.com\/fr\/produit\/coin-boule-coa101-2\/","title":{"rendered":"Coin de boule COA101"},"content":{"rendered":"<h3>Am\u00e9liorez la protection de votre \u00e9quipement avec le SX Ball Corner<\/h3>\n<h4>Coin de balle de premi\u00e8re qualit\u00e9 \u00e0 des prix directs d'usine<\/h4>\n<p>Chez SX, nous comprenons l'importance de prot\u00e9ger votre \u00e9quipement de valeur. C'est pourquoi nous proposons des <strong>Coin de la balle<\/strong>\u00a0qui sont \u00e0 la fois durables et abordables. En achetant directement aupr\u00e8s du fabricant, vous pouvez b\u00e9n\u00e9ficier de produits de premier ordre \u00e0 des prix directs d'usine, ce qui vous garantit le meilleur rapport qualit\u00e9-prix sans compromis sur la qualit\u00e9.<\/p>\n<h4>Construit pour une protection maximale<\/h4>\n<p><a href=\"https:\/\/sxpowercase.com\/\" target=\"_blank\" rel=\"noopener\" title=\"SX\" data-wpil-monitor-id=\"654\">SX<\/a> <strong>Coins de la balle<\/strong> sont con\u00e7us pour prot\u00e9ger votre \u00e9quipement de l'usure due au transport quotidien. Fabriqu\u00e9s \u00e0 partir de mat\u00e9riaux robustes et fiables, ces coins constituent une barri\u00e8re protectrice qui absorbe les chocs et pr\u00e9vient les dommages. Que vous soyez sur la route ou que vous stockiez votre mat\u00e9riel, les coins SX Ball garantissent que vos mallettes restent en parfait \u00e9tat, r\u00e9duisant ainsi le risque de r\u00e9parations ou de remplacements co\u00fbteux.<\/p>\n<h4>Polyvalence pour toutes les applications<\/h4>\n<p>Notre <strong>Coins de la balle<\/strong> sont polyvalents et peuvent \u00eatre utilis\u00e9s sur diff\u00e9rents types de bo\u00eetiers, y compris les flight cases, les road cases et les bo\u00eetiers sur mesure. Leur conception universelle les rend faciles \u00e0 installer, offrant un ajustement parfait qui ajoute \u00e0 la fois de la solidit\u00e9 et du style \u00e0 vos bo\u00eetiers. Les coins SX Ball Corners ne sont pas seulement fonctionnels, ils am\u00e9liorent \u00e9galement l'aspect professionnel de votre \u00e9quipement, vous donnant une tranquillit\u00e9 d'esprit et une apparence soign\u00e9e.<\/p>\n<h4>Personnalisation pour r\u00e9pondre \u00e0 vos besoins<\/h4>\n<p>Chez SX, nous savons que chaque pi\u00e8ce d'\u00e9quipement est unique, c'est pourquoi nous proposons des solutions personnalis\u00e9es. <strong>Coins de la balle<\/strong>. Que vous ayez besoin d'une taille sp\u00e9cifique, d'une finition ou de caract\u00e9ristiques suppl\u00e9mentaires, notre \u00e9quipe est pr\u00eate \u00e0 adapter nos produits pour r\u00e9pondre \u00e0 vos besoins exacts. Cette flexibilit\u00e9 garantit que vos mallettes ne sont pas seulement prot\u00e9g\u00e9es, mais qu'elles r\u00e9pondent \u00e9galement aux besoins esth\u00e9tiques et fonctionnels de votre marque.<\/p>\n<h4>Qualit\u00e9 et durabilit\u00e9 sans compromis<\/h4>\n<p>Choisir SX, c'est choisir une marque synonyme de qualit\u00e9 et de durabilit\u00e9. Nos <strong>Coins de la balle<\/strong> sont fabriqu\u00e9s selon les normes les plus strictes, ce qui leur permet de r\u00e9sister aux conditions les plus difficiles. Chaque coin est rigoureusement test\u00e9 pour s'assurer qu'il r\u00e9pond aux exigences des voyages fr\u00e9quents et de l'utilisation intensive, de sorte que vous pouvez \u00eatre s\u00fbr que votre \u00e9quipement est toujours bien prot\u00e9g\u00e9.<\/p>\n<h4>Directement du fabricant pour une valeur imbattable<\/h4>\n<p>En \u00e9liminant les interm\u00e9diaires, SX offre <strong>Coins de la balle<\/strong> \u00e0 des prix imbattables. Cela vous permet d'investir dans une protection de haute qualit\u00e9 sans grever votre budget. Notre engagement \u00e0 fournir une valeur exceptionnelle fait de SX le choix id\u00e9al pour tous ceux qui cherchent \u00e0 prot\u00e9ger leur \u00e9quipement avec du mat\u00e9riel de premi\u00e8re qualit\u00e9.<\/p>\n<h4>Contactez SX pour vos besoins en coins \u00e0 balles personnalis\u00e9s<\/h4>\n<p>Pr\u00eat \u00e0 am\u00e9liorer vos bo\u00eetiers avec SX <strong>Coins de la balle<\/strong>? Contactez notre \u00e9quipe d\u00e8s aujourd'hui pour en savoir plus sur nos produits, nos options de personnalisation ou pour passer une commande. Avec SX, vous n'achetez pas seulement un produit, vous investissez dans une protection durable et une valeur imbattable. Faites confiance \u00e0 SX pour vous offrir la qualit\u00e9 dont vous avez besoin \u00e0 un prix abordable.<\/p>\n<p>Contactez-nous maintenant :<span style=\"color: #0000ff;\"><a style=\"color: #0000ff;\" href=\"https:\/\/sxpowercase.com\/contact-us\/\">https:\/\/sxpowercase.com\/<\/a><\/span><\/p>\n<p>Catalogue de produits mat\u00e9riels :<span style=\"color: #3366ff;\"><a style=\"color: #3366ff;\" href=\"https:\/\/sxpowercase.com\/wp-content\/uploads\/2024\/07\/\u4e94\u91d1.pdf\">Catalogue d&#039;accessoires de quincaillerie<\/a><\/span><\/p>","protected":false},"excerpt":{"rendered":"<div class=\"flex-shrink-0 flex flex-col relative items-end\">\n<div>\n<div class=\"pt-0\">\n<div class=\"gizmo-bot-avatar flex h-8 w-8 items-center justify-center overflow-hidden rounded-full\">\n<div class=\"relative p-1 rounded-sm flex items-center justify-center bg-token-main-surface-primary text-token-text-primary h-8 w-8\"><\/div>\n<\/div>\n<\/div>\n<\/div>\n<\/div>\n<div class=\"group\/conversation-turn relative flex w-full min-w-0 flex-col agent-turn\">\n<div class=\"flex-col gap-1 md:gap-3\">\n<div class=\"flex max-w-full flex-col flex-grow\">\n<div class=\"min-h-[20px] text-message flex w-full flex-col items-end gap-2 whitespace-pre-wrap break-words [.text-message+&amp;]:mt-5 overflow-x-auto\" dir=\"auto\" data-message-author-role=\"assistant\" data-message-id=\"b29a6103-f839-4253-a036-2dd738e6bae2\">\n<div class=\"flex w-full flex-col gap-1 empty:hidden first:pt-[3px]\">\n<div class=\"markdown prose w-full break-words dark:prose-invert light\">\n<h3>SX Ball Corners: Ultimate Protection for Your Equipment<\/h3>\n<p>Safeguard your gear with SX Ball Corners, designed for maximum durability. Enjoy premium quality at factory-direct prices, ensuring top value for your investment.<\/p>\n<h3>Customizable Ball Corners for All Case Types<\/h3>\n<p>SX Ball Corners offer versatility and a snug fit for various cases, with customization options to meet your unique needs\u2014combining strength with a polished, professional look.<\/p>\n<h3>Trust SX for Quality and Affordability<\/h3>\n<p>Choose SX Ball Corners for reliable protection that withstands heavy use, all at unbeatable factory-direct prices. Protect your equipment without stretching your budget.<\/p>\n<\/div>\n<\/div>\n<\/div>\n<\/div>\n<\/div>\n<\/div>\n","protected":false},"featured_media":4073,"comment_status":"open","ping_status":"closed","template":"","meta":[],"product_brand":[],"product_cat":[63],"product_tag":[],"class_list":{"0":"post-4072","1":"product","2":"type-product","3":"status-publish","4":"has-post-thumbnail","6":"product_cat-corners","8":"first","9":"instock","10":"shipping-taxable","11":"product-type-simple"},"yoast_head":"<!-- This site is optimized with the Yoast SEO Premium plugin v27.1 (Yoast SEO v27.2) - https:\/\/yoast.com\/product\/yoast-seo-premium-wordpress\/ -->\n<title>Ball Corner COA101 - https:\/\/sxflightcase.com \ud83d\udc97<\/title>\n<meta name=\"description\" content=\"Ball corner, factory direct! High-quality protection for flight case edges, preventing damage during transport. Durable and reliable for long-lasting equipment safety.\" \/>\n<meta name=\"robots\" content=\"index, follow, max-snippet:-1, max-image-preview:large, max-video-preview:-1\" \/>\n<link rel=\"canonical\" href=\"https:\/\/sxflightcase.com\/fr\/produto\/canto-de-bola-coa101\/\" \/>\n<meta property=\"og:locale\" content=\"fr_FR\" \/>\n<meta property=\"og:type\" content=\"article\" \/>\n<meta property=\"og:title\" content=\"Ball Corner COA101\" \/>\n<meta property=\"og:description\" content=\"Ball corner, factory direct! High-quality protection for flight case edges, preventing damage during transport. Durable and reliable for long-lasting equipment safety.\" \/>\n<meta property=\"og:url\" content=\"https:\/\/sxflightcase.com\/fr\/produto\/canto-de-bola-coa101\/\" \/>\n<meta property=\"og:site_name\" content=\"https:\/\/sxflightcase.com\" \/>\n<meta property=\"article:publisher\" content=\"https:\/\/www.facebook.com\/profile.php?id=61560407257971\" \/>\n<meta property=\"article:modified_time\" content=\"2024-08-13T07:04:08+00:00\" \/>\n<meta property=\"og:image\" content=\"https:\/\/sxflightcase.com\/wp-content\/uploads\/2024\/08\/COA101.jpg\" \/>\n\t<meta property=\"og:image:width\" content=\"520\" \/>\n\t<meta property=\"og:image:height\" content=\"541\" \/>\n\t<meta property=\"og:image:type\" content=\"image\/jpeg\" \/>\n<meta name=\"twitter:card\" content=\"summary_large_image\" \/>\n<meta name=\"twitter:label1\" content=\"Dur\u00e9e de lecture estim\u00e9e\" \/>\n\t<meta name=\"twitter:data1\" content=\"3 minutes\" \/>\n<script type=\"application\/ld+json\" class=\"yoast-schema-graph\">{\"@context\":\"https:\/\/schema.org\",\"@graph\":[{\"@type\":\"WebPage\",\"@id\":\"https:\/\/sxflightcase.com\/pt\/produto\/canto-de-bola-coa101\/\",\"url\":\"https:\/\/sxflightcase.com\/pt\/produto\/canto-de-bola-coa101\/\",\"name\":\"Ball Corner COA101 - https:\/\/sxflightcase.com \ud83d\udc97\",\"isPartOf\":{\"@id\":\"https:\/\/sxflightcase.com\/th\/#website\"},\"primaryImageOfPage\":{\"@id\":\"https:\/\/sxflightcase.com\/pt\/produto\/canto-de-bola-coa101\/#primaryimage\"},\"image\":{\"@id\":\"https:\/\/sxflightcase.com\/pt\/produto\/canto-de-bola-coa101\/#primaryimage\"},\"thumbnailUrl\":\"https:\/\/sxflightcase.com\/wp-content\/uploads\/2024\/08\/COA101.jpg\",\"datePublished\":\"2024-08-13T07:04:07+00:00\",\"dateModified\":\"2024-08-13T07:04:08+00:00\",\"description\":\"Ball corner, factory direct! High-quality protection for flight case edges, preventing damage during transport. Durable and reliable for long-lasting equipment safety.\",\"breadcrumb\":{\"@id\":\"https:\/\/sxflightcase.com\/pt\/produto\/canto-de-bola-coa101\/#breadcrumb\"},\"inLanguage\":\"fr-FR\",\"potentialAction\":[{\"@type\":\"ReadAction\",\"target\":[\"https:\/\/sxflightcase.com\/pt\/produto\/canto-de-bola-coa101\/\"]}]},{\"@type\":\"ImageObject\",\"inLanguage\":\"fr-FR\",\"@id\":\"https:\/\/sxflightcase.com\/pt\/produto\/canto-de-bola-coa101\/#primaryimage\",\"url\":\"https:\/\/sxflightcase.com\/wp-content\/uploads\/2024\/08\/COA101.jpg\",\"contentUrl\":\"https:\/\/sxflightcase.com\/wp-content\/uploads\/2024\/08\/COA101.jpg\",\"width\":520,\"height\":541,\"caption\":\"COA101\"},{\"@type\":\"BreadcrumbList\",\"@id\":\"https:\/\/sxflightcase.com\/pt\/produto\/canto-de-bola-coa101\/#breadcrumb\",\"itemListElement\":[{\"@type\":\"ListItem\",\"position\":1,\"name\":\"Home\",\"item\":\"https:\/\/sxflightcase.com\/\"},{\"@type\":\"ListItem\",\"position\":2,\"name\":\"\u0e2a\u0e34\u0e19\u0e04\u0e49\u0e32\",\"item\":\"https:\/\/sxflightcase.com\/th\/shop\/\"},{\"@type\":\"ListItem\",\"position\":3,\"name\":\"Ball Corner COA101\"}]},{\"@type\":\"WebSite\",\"@id\":\"https:\/\/sxflightcase.com\/th\/#website\",\"url\":\"https:\/\/sxflightcase.com\/th\/\",\"name\":\"sxpowercase.com\",\"description\":\"Flight Case Factory\",\"publisher\":{\"@id\":\"https:\/\/sxflightcase.com\/th\/#organization\"},\"potentialAction\":[{\"@type\":\"SearchAction\",\"target\":{\"@type\":\"EntryPoint\",\"urlTemplate\":\"https:\/\/sxflightcase.com\/th\/?s={search_term_string}\"},\"query-input\":{\"@type\":\"PropertyValueSpecification\",\"valueRequired\":true,\"valueName\":\"search_term_string\"}}],\"inLanguage\":\"fr-FR\"},{\"@type\":\"Organization\",\"@id\":\"https:\/\/sxflightcase.com\/th\/#organization\",\"name\":\"sxpowercase.com\",\"url\":\"https:\/\/sxflightcase.com\/th\/\",\"logo\":{\"@type\":\"ImageObject\",\"inLanguage\":\"fr-FR\",\"@id\":\"https:\/\/sxflightcase.com\/th\/#\/schema\/logo\/image\/\",\"url\":\"https:\/\/sxflightcase.com\/wp-content\/uploads\/2024\/04\/1713919036007.jpg\",\"contentUrl\":\"https:\/\/sxflightcase.com\/wp-content\/uploads\/2024\/04\/1713919036007.jpg\",\"width\":382,\"height\":388,\"caption\":\"sxpowercase.com\"},\"image\":{\"@id\":\"https:\/\/sxflightcase.com\/th\/#\/schema\/logo\/image\/\"},\"sameAs\":[\"https:\/\/www.facebook.com\/profile.php?id=61560407257971\"],\"numberOfEmployees\":{\"@type\":\"QuantitativeValue\",\"minValue\":\"11\",\"maxValue\":\"50\"}}]}<\/script>\n<!-- \/ Yoast SEO Premium plugin. -->","yoast_head_json":{"title":"Ball Corner COA101 - https:\/\/sxflightcase.com \ud83d\udc97","description":"Ball corner, direct usine ! Protection de haute qualit\u00e9 pour les bords du flight case, \u00e9vitant les dommages pendant le transport. Durable et fiable pour une s\u00e9curit\u00e9 durable de l'\u00e9quipement.","robots":{"index":"index","follow":"follow","max-snippet":"max-snippet:-1","max-image-preview":"max-image-preview:large","max-video-preview":"max-video-preview:-1"},"canonical":"https:\/\/sxflightcase.com\/fr\/produto\/canto-de-bola-coa101\/","og_locale":"fr_FR","og_type":"article","og_title":"Ball Corner COA101","og_description":"Ball corner, factory direct! High-quality protection for flight case edges, preventing damage during transport. Durable and reliable for long-lasting equipment safety.","og_url":"https:\/\/sxflightcase.com\/fr\/produto\/canto-de-bola-coa101\/","og_site_name":"https:\/\/sxflightcase.com","article_publisher":"https:\/\/www.facebook.com\/profile.php?id=61560407257971","article_modified_time":"2024-08-13T07:04:08+00:00","og_image":[{"width":520,"height":541,"url":"https:\/\/sxflightcase.com\/wp-content\/uploads\/2024\/08\/COA101.jpg","type":"image\/jpeg"}],"twitter_card":"summary_large_image","twitter_misc":{"Dur\u00e9e de lecture estim\u00e9e":"3 minutes"},"schema":{"@context":"https:\/\/schema.org","@graph":[{"@type":"WebPage","@id":"https:\/\/sxflightcase.com\/pt\/produto\/canto-de-bola-coa101\/","url":"https:\/\/sxflightcase.com\/pt\/produto\/canto-de-bola-coa101\/","name":"Ball Corner COA101 - https:\/\/sxflightcase.com \ud83d\udc97","isPartOf":{"@id":"https:\/\/sxflightcase.com\/th\/#website"},"primaryImageOfPage":{"@id":"https:\/\/sxflightcase.com\/pt\/produto\/canto-de-bola-coa101\/#primaryimage"},"image":{"@id":"https:\/\/sxflightcase.com\/pt\/produto\/canto-de-bola-coa101\/#primaryimage"},"thumbnailUrl":"https:\/\/sxflightcase.com\/wp-content\/uploads\/2024\/08\/COA101.jpg","datePublished":"2024-08-13T07:04:07+00:00","dateModified":"2024-08-13T07:04:08+00:00","description":"Ball corner, direct usine ! Protection de haute qualit\u00e9 pour les bords du flight case, \u00e9vitant les dommages pendant le transport. Durable et fiable pour une s\u00e9curit\u00e9 durable de l'\u00e9quipement.","breadcrumb":{"@id":"https:\/\/sxflightcase.com\/pt\/produto\/canto-de-bola-coa101\/#breadcrumb"},"inLanguage":"fr-FR","potentialAction":[{"@type":"ReadAction","target":["https:\/\/sxflightcase.com\/pt\/produto\/canto-de-bola-coa101\/"]}]},{"@type":"ImageObject","inLanguage":"fr-FR","@id":"https:\/\/sxflightcase.com\/pt\/produto\/canto-de-bola-coa101\/#primaryimage","url":"https:\/\/sxflightcase.com\/wp-content\/uploads\/2024\/08\/COA101.jpg","contentUrl":"https:\/\/sxflightcase.com\/wp-content\/uploads\/2024\/08\/COA101.jpg","width":520,"height":541,"caption":"COA101"},{"@type":"BreadcrumbList","@id":"https:\/\/sxflightcase.com\/pt\/produto\/canto-de-bola-coa101\/#breadcrumb","itemListElement":[{"@type":"ListItem","position":1,"name":"Home","item":"https:\/\/sxflightcase.com\/"},{"@type":"ListItem","position":2,"name":"\u0e2a\u0e34\u0e19\u0e04\u0e49\u0e32","item":"https:\/\/sxflightcase.com\/th\/shop\/"},{"@type":"ListItem","position":3,"name":"Ball Corner COA101"}]},{"@type":"WebSite","@id":"https:\/\/sxflightcase.com\/th\/#website","url":"https:\/\/sxflightcase.com\/th\/","name":"sxpowercase.com","description":"Flight Case Factory","publisher":{"@id":"https:\/\/sxflightcase.com\/th\/#organization"},"potentialAction":[{"@type":"SearchAction","target":{"@type":"EntryPoint","urlTemplate":"https:\/\/sxflightcase.com\/th\/?s={search_term_string}"},"query-input":{"@type":"PropertyValueSpecification","valueRequired":true,"valueName":"search_term_string"}}],"inLanguage":"fr-FR"},{"@type":"Organization","@id":"https:\/\/sxflightcase.com\/th\/#organization","name":"sxpowercase.com","url":"https:\/\/sxflightcase.com\/th\/","logo":{"@type":"ImageObject","inLanguage":"fr-FR","@id":"https:\/\/sxflightcase.com\/th\/#\/schema\/logo\/image\/","url":"https:\/\/sxflightcase.com\/wp-content\/uploads\/2024\/04\/1713919036007.jpg","contentUrl":"https:\/\/sxflightcase.com\/wp-content\/uploads\/2024\/04\/1713919036007.jpg","width":382,"height":388,"caption":"sxpowercase.com"},"image":{"@id":"https:\/\/sxflightcase.com\/th\/#\/schema\/logo\/image\/"},"sameAs":["https:\/\/www.facebook.com\/profile.php?id=61560407257971"],"numberOfEmployees":{"@type":"QuantitativeValue","minValue":"11","maxValue":"50"}}]}},"_links":{"self":[{"href":"https:\/\/sxflightcase.com\/fr\/wp-json\/wp\/v2\/product\/4072","targetHints":{"allow":["GET"]}}],"collection":[{"href":"https:\/\/sxflightcase.com\/fr\/wp-json\/wp\/v2\/product"}],"about":[{"href":"https:\/\/sxflightcase.com\/fr\/wp-json\/wp\/v2\/types\/product"}],"replies":[{"embeddable":true,"href":"https:\/\/sxflightcase.com\/fr\/wp-json\/wp\/v2\/comments?post=4072"}],"version-history":[{"count":0,"href":"https:\/\/sxflightcase.com\/fr\/wp-json\/wp\/v2\/product\/4072\/revisions"}],"wp:featuredmedia":[{"embeddable":true,"href":"https:\/\/sxflightcase.com\/fr\/wp-json\/wp\/v2\/media\/4073"}],"wp:attachment":[{"href":"https:\/\/sxflightcase.com\/fr\/wp-json\/wp\/v2\/media?parent=4072"}],"wp:term":[{"taxonomy":"product_brand","embeddable":true,"href":"https:\/\/sxflightcase.com\/fr\/wp-json\/wp\/v2\/product_brand?post=4072"},{"taxonomy":"product_cat","embeddable":true,"href":"https:\/\/sxflightcase.com\/fr\/wp-json\/wp\/v2\/product_cat?post=4072"},{"taxonomy":"product_tag","embeddable":true,"href":"https:\/\/sxflightcase.com\/fr\/wp-json\/wp\/v2\/product_tag?post=4072"}],"curies":[{"name":"wp","href":"https:\/\/api.w.org\/{rel}","templated":true}]}}