{"id":4098,"date":"2024-08-13T08:06:50","date_gmt":"2024-08-13T07:06:50","guid":{"rendered":"https:\/\/sxpowercase.com\/?post_type=product&#038;p=4098"},"modified":"2024-08-13T08:06:51","modified_gmt":"2024-08-13T07:06:51","slug":"ball-corner-coa102","status":"publish","type":"product","link":"https:\/\/sxflightcase.com\/fr\/produit\/coin-boule-coa102-2\/","title":{"rendered":"Coin de boule COA102"},"content":{"rendered":"<h3>Prot\u00e9gez votre mat\u00e9riel avec le SX Ball Corner<\/h3>\n<h4>Coins de bille de qualit\u00e9 \u00e0 un prix direct d'usine<\/h4>\n<p>Lorsqu'il s'agit de prot\u00e9ger votre \u00e9quipement de valeur, SX offre la meilleure solution gr\u00e2ce \u00e0 ses produits de haute qualit\u00e9. <strong>Coin de la balle<\/strong>. Fabriqu\u00e9s dans un souci de pr\u00e9cision et de durabilit\u00e9, nos coins \u00e0 balles sont disponibles \u00e0 des prix imbattables, en direct de l'usine. Vous b\u00e9n\u00e9ficiez ainsi d'une protection de premier ordre sans vous ruiner.<\/p>\n<h4>Une protection robuste pour votre \u00e9quipement<\/h4>\n<p><a href=\"https:\/\/sxpowercase.com\/\" target=\"_blank\" rel=\"noopener\" title=\"SX\" data-wpil-monitor-id=\"655\">SX<\/a> <strong>Coins de la balle<\/strong> sont con\u00e7us pour offrir une protection robuste \u00e0 votre mat\u00e9riel. Fabriqu\u00e9s \u00e0 partir de mat\u00e9riaux durables, ces coins sont con\u00e7us pour absorber les chocs, \u00e9vitant ainsi d'endommager vos valises pendant le transport ou le stockage. Que vous soyez en tourn\u00e9e ou que vous stockiez votre \u00e9quipement, nos coins \u00e0 billes vous permettent de conserver votre mat\u00e9riel en parfait \u00e9tat, en minimisant l'usure et la d\u00e9t\u00e9rioration.<\/p>\n<h4>Adapt\u00e9 \u00e0 diff\u00e9rents types de cas<\/h4>\n<p>Notre <strong>Coins de la balle<\/strong> sont suffisamment polyvalents pour \u00eatre utilis\u00e9s sur une large gamme de valises, y compris les flight cases, les road cases et les valises personnalis\u00e9es. Avec un ajustement universel, ils sont faciles \u00e0 installer et ajoutent une couche de durabilit\u00e9 et de style \u00e0 vos valises. Les coins SX Ball Corners ne se contentent pas de prot\u00e9ger, ils am\u00e9liorent \u00e9galement l'aspect g\u00e9n\u00e9ral de vos mallettes, leur donnant un aspect professionnel et fiable.<\/p>\n<h4>Personnalisable pour r\u00e9pondre \u00e0 vos besoins<\/h4>\n<p>Chez SX, nous reconnaissons que chaque \u00e9quipement est unique, c'est pourquoi nous offrons des services personnalis\u00e9s. <strong>Coins de la balle<\/strong>. Que vous souhaitiez des dimensions, des finitions ou des caract\u00e9ristiques suppl\u00e9mentaires sp\u00e9cifiques, nous pouvons adapter nos produits \u00e0 vos besoins. Cette personnalisation garantit que vos mallettes ne sont pas seulement prot\u00e9g\u00e9es, mais qu'elles sont \u00e9galement conformes \u00e0 l'identit\u00e9 de votre marque et \u00e0 vos exigences sp\u00e9cifiques.<\/p>\n<h4>Une durabilit\u00e9 sur laquelle vous pouvez compter<\/h4>\n<p>Choisir SX, c'est choisir la fiabilit\u00e9. Notre <strong>Coins de la balle<\/strong> sont con\u00e7us pour r\u00e9sister aux rigueurs d'une utilisation fr\u00e9quente et des voyages. Chaque coin est soumis \u00e0 des contr\u00f4les de qualit\u00e9 rigoureux afin de garantir qu'il r\u00e9pond aux normes \u00e9lev\u00e9es qui font la r\u00e9putation de SX. Avec nos coins \u00e0 billes, vous pouvez \u00eatre s\u00fbr que votre mat\u00e9riel est prot\u00e9g\u00e9 contre les chocs et les coups li\u00e9s \u00e0 l'utilisation quotidienne.<\/p>\n<h4>Une valeur exceptionnelle avec des prix d'usine<\/h4>\n<p>En achetant directement aupr\u00e8s de SX, vous b\u00e9n\u00e9ficiez de nos prix d'usine, ce qui vous permet d'obtenir le meilleur rapport qualit\u00e9-prix. Notre engagement en faveur d'un prix abordable ne compromet pas la qualit\u00e9 de nos produits. Avec SX, vous pouvez prot\u00e9ger votre \u00e9quipement avec des coins \u00e0 bille de haute qualit\u00e9 sans d\u00e9passer votre budget.<\/p>\n<h4>Contactez SX d\u00e8s aujourd'hui<\/h4>\n<p>Am\u00e9liorez la protection de votre \u00e9quipement avec SX <strong>Coins de la balle<\/strong>. Contactez-nous d\u00e8s aujourd'hui pour en savoir plus sur nos produits, nos options de personnalisation ou pour passer votre commande. Chez SX, nous offrons une protection de qualit\u00e9 \u00e0 un prix adapt\u00e9 \u00e0 votre budget, en veillant \u00e0 ce que votre mat\u00e9riel reste en s\u00e9curit\u00e9. Faites confiance \u00e0 SX pour prot\u00e9ger votre \u00e9quipement, peu importe o\u00f9 votre voyage vous m\u00e8ne.<\/p>\n<p>Contactez-nous maintenant :<span style=\"color: #0000ff;\"><a style=\"color: #0000ff;\" href=\"https:\/\/sxpowercase.com\/contact-us\/\">https:\/\/sxpowercase.com\/<\/a><\/span><\/p>\n<p>Catalogue de produits mat\u00e9riels :<span style=\"color: #3366ff;\"><a style=\"color: #3366ff;\" href=\"https:\/\/sxpowercase.com\/wp-content\/uploads\/2024\/07\/\u4e94\u91d1.pdf\">Catalogue d&#039;accessoires de quincaillerie<\/a><\/span><\/p>","protected":false},"excerpt":{"rendered":"<div class=\"flex-shrink-0 flex flex-col relative items-end\">\n<div>\n<div class=\"pt-0\">\n<div class=\"gizmo-bot-avatar flex h-8 w-8 items-center justify-center overflow-hidden rounded-full\">\n<div class=\"relative p-1 rounded-sm flex items-center justify-center bg-token-main-surface-primary text-token-text-primary h-8 w-8\"><\/div>\n<\/div>\n<\/div>\n<\/div>\n<\/div>\n<div class=\"group\/conversation-turn relative flex w-full min-w-0 flex-col agent-turn\">\n<div class=\"flex-col gap-1 md:gap-3\">\n<div class=\"flex max-w-full flex-col flex-grow\">\n<div class=\"min-h-[20px] text-message flex w-full flex-col items-end gap-2 whitespace-pre-wrap break-words [.text-message+&amp;]:mt-5 overflow-x-auto\" dir=\"auto\" data-message-author-role=\"assistant\" data-message-id=\"b29a6103-f839-4253-a036-2dd738e6bae2\">\n<div class=\"flex w-full flex-col gap-1 empty:hidden first:pt-[3px]\">\n<div class=\"markdown prose w-full break-words dark:prose-invert light\">\n<h3>SX Ball Corners: Ultimate Protection for Your Equipment<\/h3>\n<p>Safeguard your gear with SX Ball Corners, designed for maximum durability. Enjoy premium quality at factory-direct prices, ensuring top value for your investment.<\/p>\n<h3>Customizable Ball Corners for All Case Types<\/h3>\n<p>SX Ball Corners offer versatility and a snug fit for various cases, with customization options to meet your unique needs\u2014combining strength with a polished, professional look.<\/p>\n<h3>Trust SX for Quality and Affordability<\/h3>\n<p>Choose SX Ball Corners for reliable protection that withstands heavy use, all at unbeatable factory-direct prices. Protect your equipment without stretching your budget.<\/p>\n<\/div>\n<\/div>\n<\/div>\n<\/div>\n<\/div>\n<\/div>\n","protected":false},"featured_media":4074,"comment_status":"open","ping_status":"closed","template":"","meta":[],"product_brand":[],"product_cat":[63],"product_tag":[],"class_list":{"0":"post-4098","1":"product","2":"type-product","3":"status-publish","4":"has-post-thumbnail","6":"product_cat-corners","8":"first","9":"instock","10":"shipping-taxable","11":"product-type-simple"},"yoast_head":"<!-- This site is optimized with the Yoast SEO Premium plugin v27.1 (Yoast SEO v27.2) - https:\/\/yoast.com\/product\/yoast-seo-premium-wordpress\/ -->\n<title>Ball Corner COA102 - https:\/\/sxflightcase.com \ud83d\udc97<\/title>\n<meta name=\"description\" content=\"Ball corner, factory direct! High-quality protection for flight case edges, preventing damage during transport. Durable and reliable for long-lasting equipment safety.\" \/>\n<meta name=\"robots\" content=\"index, follow, max-snippet:-1, max-image-preview:large, max-video-preview:-1\" \/>\n<link rel=\"canonical\" href=\"https:\/\/sxflightcase.com\/fr\/produit\/coin-boule-coa102-2\/\" \/>\n<meta property=\"og:locale\" content=\"fr_FR\" \/>\n<meta property=\"og:type\" content=\"article\" \/>\n<meta property=\"og:title\" content=\"Ball Corner COA102\" \/>\n<meta property=\"og:description\" content=\"Ball corner, factory direct! High-quality protection for flight case edges, preventing damage during transport. Durable and reliable for long-lasting equipment safety.\" \/>\n<meta property=\"og:url\" content=\"https:\/\/sxflightcase.com\/fr\/produit\/coin-boule-coa102-2\/\" \/>\n<meta property=\"og:site_name\" content=\"https:\/\/sxflightcase.com\" \/>\n<meta property=\"article:publisher\" content=\"https:\/\/www.facebook.com\/profile.php?id=61560407257971\" \/>\n<meta property=\"article:modified_time\" content=\"2024-08-13T07:06:51+00:00\" \/>\n<meta property=\"og:image\" content=\"https:\/\/sxflightcase.com\/wp-content\/uploads\/2024\/08\/COA102.jpg\" \/>\n\t<meta property=\"og:image:width\" content=\"650\" \/>\n\t<meta property=\"og:image:height\" content=\"564\" \/>\n\t<meta property=\"og:image:type\" content=\"image\/jpeg\" \/>\n<meta name=\"twitter:card\" content=\"summary_large_image\" \/>\n<meta name=\"twitter:label1\" content=\"Dur\u00e9e de lecture estim\u00e9e\" \/>\n\t<meta name=\"twitter:data1\" content=\"3 minutes\" \/>\n<script type=\"application\/ld+json\" class=\"yoast-schema-graph\">{\"@context\":\"https:\/\/schema.org\",\"@graph\":[{\"@type\":\"WebPage\",\"@id\":\"https:\/\/sxflightcase.com\/fr\/produit\/coin-boule-coa102-2\/\",\"url\":\"https:\/\/sxflightcase.com\/fr\/produit\/coin-boule-coa102-2\/\",\"name\":\"Ball Corner COA102 - https:\/\/sxflightcase.com \ud83d\udc97\",\"isPartOf\":{\"@id\":\"https:\/\/sxflightcase.com\/th\/#website\"},\"primaryImageOfPage\":{\"@id\":\"https:\/\/sxflightcase.com\/fr\/produit\/coin-boule-coa102-2\/#primaryimage\"},\"image\":{\"@id\":\"https:\/\/sxflightcase.com\/fr\/produit\/coin-boule-coa102-2\/#primaryimage\"},\"thumbnailUrl\":\"https:\/\/sxflightcase.com\/wp-content\/uploads\/2024\/08\/COA102.jpg\",\"datePublished\":\"2024-08-13T07:06:50+00:00\",\"dateModified\":\"2024-08-13T07:06:51+00:00\",\"description\":\"Ball corner, factory direct! High-quality protection for flight case edges, preventing damage during transport. Durable and reliable for long-lasting equipment safety.\",\"breadcrumb\":{\"@id\":\"https:\/\/sxflightcase.com\/fr\/produit\/coin-boule-coa102-2\/#breadcrumb\"},\"inLanguage\":\"fr-FR\",\"potentialAction\":[{\"@type\":\"ReadAction\",\"target\":[\"https:\/\/sxflightcase.com\/fr\/produit\/coin-boule-coa102-2\/\"]}]},{\"@type\":\"ImageObject\",\"inLanguage\":\"fr-FR\",\"@id\":\"https:\/\/sxflightcase.com\/fr\/produit\/coin-boule-coa102-2\/#primaryimage\",\"url\":\"https:\/\/sxflightcase.com\/wp-content\/uploads\/2024\/08\/COA102.jpg\",\"contentUrl\":\"https:\/\/sxflightcase.com\/wp-content\/uploads\/2024\/08\/COA102.jpg\",\"width\":650,\"height\":564,\"caption\":\"Ball Corner\"},{\"@type\":\"BreadcrumbList\",\"@id\":\"https:\/\/sxflightcase.com\/fr\/produit\/coin-boule-coa102-2\/#breadcrumb\",\"itemListElement\":[{\"@type\":\"ListItem\",\"position\":1,\"name\":\"Home\",\"item\":\"https:\/\/sxflightcase.com\/\"},{\"@type\":\"ListItem\",\"position\":2,\"name\":\"\u0e2a\u0e34\u0e19\u0e04\u0e49\u0e32\",\"item\":\"https:\/\/sxflightcase.com\/th\/shop\/\"},{\"@type\":\"ListItem\",\"position\":3,\"name\":\"Ball Corner COA102\"}]},{\"@type\":\"WebSite\",\"@id\":\"https:\/\/sxflightcase.com\/th\/#website\",\"url\":\"https:\/\/sxflightcase.com\/th\/\",\"name\":\"sxpowercase.com\",\"description\":\"Flight Case Factory\",\"publisher\":{\"@id\":\"https:\/\/sxflightcase.com\/th\/#organization\"},\"potentialAction\":[{\"@type\":\"SearchAction\",\"target\":{\"@type\":\"EntryPoint\",\"urlTemplate\":\"https:\/\/sxflightcase.com\/th\/?s={search_term_string}\"},\"query-input\":{\"@type\":\"PropertyValueSpecification\",\"valueRequired\":true,\"valueName\":\"search_term_string\"}}],\"inLanguage\":\"fr-FR\"},{\"@type\":\"Organization\",\"@id\":\"https:\/\/sxflightcase.com\/th\/#organization\",\"name\":\"sxpowercase.com\",\"url\":\"https:\/\/sxflightcase.com\/th\/\",\"logo\":{\"@type\":\"ImageObject\",\"inLanguage\":\"fr-FR\",\"@id\":\"https:\/\/sxflightcase.com\/th\/#\/schema\/logo\/image\/\",\"url\":\"https:\/\/sxflightcase.com\/wp-content\/uploads\/2024\/04\/1713919036007.jpg\",\"contentUrl\":\"https:\/\/sxflightcase.com\/wp-content\/uploads\/2024\/04\/1713919036007.jpg\",\"width\":382,\"height\":388,\"caption\":\"sxpowercase.com\"},\"image\":{\"@id\":\"https:\/\/sxflightcase.com\/th\/#\/schema\/logo\/image\/\"},\"sameAs\":[\"https:\/\/www.facebook.com\/profile.php?id=61560407257971\"],\"numberOfEmployees\":{\"@type\":\"QuantitativeValue\",\"minValue\":\"11\",\"maxValue\":\"50\"}}]}<\/script>\n<!-- \/ Yoast SEO Premium plugin. -->","yoast_head_json":{"title":"Ball Corner COA102 - https:\/\/sxflightcase.com \ud83d\udc97","description":"Ball corner, direct usine ! Protection de haute qualit\u00e9 pour les bords du flight case, \u00e9vitant les dommages pendant le transport. Durable et fiable pour une s\u00e9curit\u00e9 durable de l'\u00e9quipement.","robots":{"index":"index","follow":"follow","max-snippet":"max-snippet:-1","max-image-preview":"max-image-preview:large","max-video-preview":"max-video-preview:-1"},"canonical":"https:\/\/sxflightcase.com\/fr\/produit\/coin-boule-coa102-2\/","og_locale":"fr_FR","og_type":"article","og_title":"Ball Corner COA102","og_description":"Ball corner, factory direct! High-quality protection for flight case edges, preventing damage during transport. Durable and reliable for long-lasting equipment safety.","og_url":"https:\/\/sxflightcase.com\/fr\/produit\/coin-boule-coa102-2\/","og_site_name":"https:\/\/sxflightcase.com","article_publisher":"https:\/\/www.facebook.com\/profile.php?id=61560407257971","article_modified_time":"2024-08-13T07:06:51+00:00","og_image":[{"width":650,"height":564,"url":"https:\/\/sxflightcase.com\/wp-content\/uploads\/2024\/08\/COA102.jpg","type":"image\/jpeg"}],"twitter_card":"summary_large_image","twitter_misc":{"Dur\u00e9e de lecture estim\u00e9e":"3 minutes"},"schema":{"@context":"https:\/\/schema.org","@graph":[{"@type":"WebPage","@id":"https:\/\/sxflightcase.com\/fr\/produit\/coin-boule-coa102-2\/","url":"https:\/\/sxflightcase.com\/fr\/produit\/coin-boule-coa102-2\/","name":"Ball Corner COA102 - https:\/\/sxflightcase.com \ud83d\udc97","isPartOf":{"@id":"https:\/\/sxflightcase.com\/th\/#website"},"primaryImageOfPage":{"@id":"https:\/\/sxflightcase.com\/fr\/produit\/coin-boule-coa102-2\/#primaryimage"},"image":{"@id":"https:\/\/sxflightcase.com\/fr\/produit\/coin-boule-coa102-2\/#primaryimage"},"thumbnailUrl":"https:\/\/sxflightcase.com\/wp-content\/uploads\/2024\/08\/COA102.jpg","datePublished":"2024-08-13T07:06:50+00:00","dateModified":"2024-08-13T07:06:51+00:00","description":"Ball corner, direct usine ! Protection de haute qualit\u00e9 pour les bords du flight case, \u00e9vitant les dommages pendant le transport. Durable et fiable pour une s\u00e9curit\u00e9 durable de l'\u00e9quipement.","breadcrumb":{"@id":"https:\/\/sxflightcase.com\/fr\/produit\/coin-boule-coa102-2\/#breadcrumb"},"inLanguage":"fr-FR","potentialAction":[{"@type":"ReadAction","target":["https:\/\/sxflightcase.com\/fr\/produit\/coin-boule-coa102-2\/"]}]},{"@type":"ImageObject","inLanguage":"fr-FR","@id":"https:\/\/sxflightcase.com\/fr\/produit\/coin-boule-coa102-2\/#primaryimage","url":"https:\/\/sxflightcase.com\/wp-content\/uploads\/2024\/08\/COA102.jpg","contentUrl":"https:\/\/sxflightcase.com\/wp-content\/uploads\/2024\/08\/COA102.jpg","width":650,"height":564,"caption":"Ball Corner"},{"@type":"BreadcrumbList","@id":"https:\/\/sxflightcase.com\/fr\/produit\/coin-boule-coa102-2\/#breadcrumb","itemListElement":[{"@type":"ListItem","position":1,"name":"Home","item":"https:\/\/sxflightcase.com\/"},{"@type":"ListItem","position":2,"name":"\u0e2a\u0e34\u0e19\u0e04\u0e49\u0e32","item":"https:\/\/sxflightcase.com\/th\/shop\/"},{"@type":"ListItem","position":3,"name":"Ball Corner COA102"}]},{"@type":"WebSite","@id":"https:\/\/sxflightcase.com\/th\/#website","url":"https:\/\/sxflightcase.com\/th\/","name":"sxpowercase.com","description":"Flight Case Factory","publisher":{"@id":"https:\/\/sxflightcase.com\/th\/#organization"},"potentialAction":[{"@type":"SearchAction","target":{"@type":"EntryPoint","urlTemplate":"https:\/\/sxflightcase.com\/th\/?s={search_term_string}"},"query-input":{"@type":"PropertyValueSpecification","valueRequired":true,"valueName":"search_term_string"}}],"inLanguage":"fr-FR"},{"@type":"Organization","@id":"https:\/\/sxflightcase.com\/th\/#organization","name":"sxpowercase.com","url":"https:\/\/sxflightcase.com\/th\/","logo":{"@type":"ImageObject","inLanguage":"fr-FR","@id":"https:\/\/sxflightcase.com\/th\/#\/schema\/logo\/image\/","url":"https:\/\/sxflightcase.com\/wp-content\/uploads\/2024\/04\/1713919036007.jpg","contentUrl":"https:\/\/sxflightcase.com\/wp-content\/uploads\/2024\/04\/1713919036007.jpg","width":382,"height":388,"caption":"sxpowercase.com"},"image":{"@id":"https:\/\/sxflightcase.com\/th\/#\/schema\/logo\/image\/"},"sameAs":["https:\/\/www.facebook.com\/profile.php?id=61560407257971"],"numberOfEmployees":{"@type":"QuantitativeValue","minValue":"11","maxValue":"50"}}]}},"_links":{"self":[{"href":"https:\/\/sxflightcase.com\/fr\/wp-json\/wp\/v2\/product\/4098","targetHints":{"allow":["GET"]}}],"collection":[{"href":"https:\/\/sxflightcase.com\/fr\/wp-json\/wp\/v2\/product"}],"about":[{"href":"https:\/\/sxflightcase.com\/fr\/wp-json\/wp\/v2\/types\/product"}],"replies":[{"embeddable":true,"href":"https:\/\/sxflightcase.com\/fr\/wp-json\/wp\/v2\/comments?post=4098"}],"version-history":[{"count":0,"href":"https:\/\/sxflightcase.com\/fr\/wp-json\/wp\/v2\/product\/4098\/revisions"}],"wp:featuredmedia":[{"embeddable":true,"href":"https:\/\/sxflightcase.com\/fr\/wp-json\/wp\/v2\/media\/4074"}],"wp:attachment":[{"href":"https:\/\/sxflightcase.com\/fr\/wp-json\/wp\/v2\/media?parent=4098"}],"wp:term":[{"taxonomy":"product_brand","embeddable":true,"href":"https:\/\/sxflightcase.com\/fr\/wp-json\/wp\/v2\/product_brand?post=4098"},{"taxonomy":"product_cat","embeddable":true,"href":"https:\/\/sxflightcase.com\/fr\/wp-json\/wp\/v2\/product_cat?post=4098"},{"taxonomy":"product_tag","embeddable":true,"href":"https:\/\/sxflightcase.com\/fr\/wp-json\/wp\/v2\/product_tag?post=4098"}],"curies":[{"name":"wp","href":"https:\/\/api.w.org\/{rel}","templated":true}]}}