{"id":4099,"date":"2024-08-13T08:16:18","date_gmt":"2024-08-13T07:16:18","guid":{"rendered":"https:\/\/sxpowercase.com\/?post_type=product&#038;p=4099"},"modified":"2024-08-13T08:16:19","modified_gmt":"2024-08-13T07:16:19","slug":"ball-corners-coa103","status":"publish","type":"product","link":"https:\/\/sxflightcase.com\/fr\/produit\/coins-a-billes-coa103-2\/","title":{"rendered":"Coins de la balle COA103"},"content":{"rendered":"<h3>Renforcez vos \u00e9tuis avec les coins de la boule SX<\/h3>\n<h4>Une qualit\u00e9 abordable en provenance directe de l'usine<\/h4>\n<p>Lorsqu'il s'agit de s\u00e9curiser votre \u00e9quipement de valeur, SX offre des services fiables de protection de l'environnement. <strong>Coins de la balle<\/strong> qui offrent une protection solide \u00e0 des prix imbattables. Notre approche directe vous garantit des produits de qualit\u00e9 sup\u00e9rieure sans avoir \u00e0 payer la marge des interm\u00e9diaires. Avec SX, vous investissez dans une protection durable \u00e0 un prix abordable.<\/p>\n<h4>Une protection renforc\u00e9e pour chaque voyage<\/h4>\n<p><a href=\"https:\/\/sxpowercase.com\/\" target=\"_blank\" rel=\"noopener\" title=\"SX\" data-wpil-monitor-id=\"656\">SX<\/a> <strong>Coins de la balle<\/strong> sont con\u00e7us pour prot\u00e9ger vos valises contre les chocs, garantissant ainsi la s\u00e9curit\u00e9 de votre mat\u00e9riel pendant le transport. Que vous soyez en tourn\u00e9e, que vous exp\u00e9diiez votre mat\u00e9riel ou que vous le stockiez simplement, nos coins sph\u00e9riques absorbent les chocs et r\u00e9duisent le risque de dommages. Ce niveau de protection est essentiel pour maintenir l'int\u00e9grit\u00e9 de vos mallettes, prolonger leur dur\u00e9e de vie et vous faire \u00e9conomiser de l'argent \u00e0 long terme.<\/p>\n<h4>Polyvalence pour tous les types de cas<\/h4>\n<p>Notre <strong>Coins de la balle<\/strong> sont con\u00e7us pour s'adapter \u00e0 un large \u00e9ventail de types de mallettes, des flight cases aux road cases. Ils sont faciles \u00e0 installer et offrent un ajustement universel qui am\u00e9liore \u00e0 la fois la fonctionnalit\u00e9 et l'apparence de vos mallettes. En choisissant SX, vous ne prot\u00e9gez pas seulement votre \u00e9quipement, mais vous am\u00e9liorez \u00e9galement l'aspect g\u00e9n\u00e9ral de vos mallettes, en leur donnant une finition professionnelle et soign\u00e9e.<\/p>\n<h4>Options de personnalisation pour des besoins uniques<\/h4>\n<p>Chez SX, nous comprenons qu'il n'y a pas deux cas identiques. C'est pourquoi nous proposons des <strong>Coins de la balle<\/strong> pour r\u00e9pondre \u00e0 vos besoins sp\u00e9cifiques. Que vous ayez besoin d'une taille, d'une finition ou d'un mat\u00e9riau unique, SX est en mesure de le faire. Cette flexibilit\u00e9 garantit que vos mallettes sont parfaitement adapt\u00e9es \u00e0 vos besoins, ce qui vous donne la tranquillit\u00e9 d'esprit de savoir que votre \u00e9quipement est bien prot\u00e9g\u00e9 et conforme \u00e0 l'image de votre marque.<\/p>\n<h4>Con\u00e7u pour durer<\/h4>\n<p>SX <strong>Coins de la balle<\/strong> sont fabriqu\u00e9s \u00e0 partir de mat\u00e9riaux de haute qualit\u00e9, ce qui leur permet de r\u00e9sister aux exigences d'une utilisation fr\u00e9quente. Chaque coin de balle est rigoureusement test\u00e9 pour r\u00e9pondre \u00e0 nos normes de qualit\u00e9 strictes, de sorte que vous pouvez \u00eatre s\u00fbr que vos \u00e9tuis seront bien prot\u00e9g\u00e9s pour les ann\u00e9es \u00e0 venir. Notre engagement envers la qualit\u00e9 signifie qu'avec SX, vous n'achetez pas seulement un produit - vous faites un investissement dans la durabilit\u00e9.<\/p>\n<h4>Une valeur exceptionnelle avec des prix directs d'usine<\/h4>\n<p>En choisissant SX, vous b\u00e9n\u00e9ficiez d'une tarification directe, ce qui nous permet d'offrir des produits de haute qualit\u00e9. <strong>Coins de la balle<\/strong> \u00e0 des prix comp\u00e9titifs. Nous supprimons les interm\u00e9diaires pour vous offrir le meilleur rapport qualit\u00e9-prix possible, sans faire de compromis sur la qualit\u00e9. La protection de votre \u00e9quipement n'a pas besoin d'\u00eatre co\u00fbteuse - avec SX, elle est \u00e0 la fois abordable et efficace.<\/p>\n<h4>Contactez SX pour vos besoins en mati\u00e8re de coins \u00e0 balles<\/h4>\n<p>Am\u00e9liorez la protection de votre \u00e9quipement d\u00e8s aujourd'hui avec SX <strong>Coins de la balle<\/strong>. Contactez-nous pour d\u00e9couvrir notre gamme de produits, discuter des options de personnalisation ou passer une commande. Chez SX, nous nous engageons \u00e0 fournir la meilleure qualit\u00e9 aux prix les plus bas, en veillant \u00e0 ce que votre \u00e9quipement reste en s\u00e9curit\u00e9. Faites confiance \u00e0 SX pour assurer la protection que votre \u00e9quipement m\u00e9rite, \u00e0 chaque \u00e9tape du processus.<\/p>\n<p>Contactez-nous maintenant :<span style=\"color: #0000ff;\"><a style=\"color: #0000ff;\" href=\"https:\/\/sxpowercase.com\/contact-us\/\">https:\/\/sxpowercase.com\/<\/a><\/span><\/p>\n<p>Catalogue de produits mat\u00e9riels :<span style=\"color: #3366ff;\"><a style=\"color: #3366ff;\" href=\"https:\/\/sxpowercase.com\/wp-content\/uploads\/2024\/07\/\u4e94\u91d1.pdf\">Catalogue d&#039;accessoires de quincaillerie<\/a><\/span><\/p>","protected":false},"excerpt":{"rendered":"<div class=\"flex max-w-full flex-col flex-grow\">\n<div class=\"min-h-[20px] text-message flex w-full flex-col items-end gap-2 whitespace-pre-wrap break-words [.text-message+&amp;]:mt-5 overflow-x-auto\" dir=\"auto\" data-message-author-role=\"assistant\" data-message-id=\"1774b494-5ec3-4508-82fb-a8a2af9f1cd3\">\n<div class=\"flex w-full flex-col gap-1 empty:hidden first:pt-[3px]\">\n<div class=\"markdown prose w-full break-words dark:prose-invert light\">\n<h3>SX Ball Corners: Affordable, Factory-Direct Protection<\/h3>\n<p>Get robust protection for your cases with SX Ball Corners. Enjoy high-quality products at factory-direct prices, ensuring top value without extra costs.<\/p>\n<h3>Customizable Ball Corners for All Cases<\/h3>\n<p>SX offers versatile Ball Corners designed to fit any case type. Customize size, finish, or material to perfectly match your equipment and brand\u2019s needs.<\/p>\n<h3>Durable Protection for Every Journey<\/h3>\n<p>Made from high-quality materials, SX Ball Corners are built to withstand frequent use and impact, ensuring your equipment stays safe during transport.<\/p>\n<\/div>\n<\/div>\n<\/div>\n<\/div>\n<div class=\"mt-1 flex gap-3 empty:hidden -ml-2\">\n<div class=\"items-center justify-start rounded-xl p-1 flex\">\n<div class=\"flex items-center\"><\/div>\n<\/div>\n<\/div>\n","protected":false},"featured_media":4075,"comment_status":"open","ping_status":"closed","template":"","meta":[],"product_brand":[],"product_cat":[63],"product_tag":[],"class_list":{"0":"post-4099","1":"product","2":"type-product","3":"status-publish","4":"has-post-thumbnail","6":"product_cat-corners","8":"first","9":"instock","10":"shipping-taxable","11":"product-type-simple"},"yoast_head":"<!-- This site is optimized with the Yoast SEO Premium plugin v27.1 (Yoast SEO v27.2) - https:\/\/yoast.com\/product\/yoast-seo-premium-wordpress\/ -->\n<title>Ball Corners COA103 - https:\/\/sxflightcase.com \ud83d\udc97<\/title>\n<meta name=\"description\" content=\"Ball corners, factory direct! High-quality protection for flight case edges, preventing damage during transport. Durable and reliable for long-lasting equipment safety.\" \/>\n<meta name=\"robots\" content=\"index, follow, max-snippet:-1, max-image-preview:large, max-video-preview:-1\" \/>\n<link rel=\"canonical\" href=\"https:\/\/sxflightcase.com\/fr\/produkt\/ballecken-coa103-2\/\" \/>\n<meta property=\"og:locale\" content=\"fr_FR\" \/>\n<meta property=\"og:type\" content=\"article\" \/>\n<meta property=\"og:title\" content=\"Ball Corners COA103\" \/>\n<meta property=\"og:description\" content=\"Ball corners, factory direct! High-quality protection for flight case edges, preventing damage during transport. Durable and reliable for long-lasting equipment safety.\" \/>\n<meta property=\"og:url\" content=\"https:\/\/sxflightcase.com\/fr\/produkt\/ballecken-coa103-2\/\" \/>\n<meta property=\"og:site_name\" content=\"https:\/\/sxflightcase.com\" \/>\n<meta property=\"article:publisher\" content=\"https:\/\/www.facebook.com\/profile.php?id=61560407257971\" \/>\n<meta property=\"article:modified_time\" content=\"2024-08-13T07:16:19+00:00\" \/>\n<meta property=\"og:image\" content=\"https:\/\/sxflightcase.com\/wp-content\/uploads\/2024\/08\/COA103.jpg\" \/>\n\t<meta property=\"og:image:width\" content=\"650\" \/>\n\t<meta property=\"og:image:height\" content=\"625\" \/>\n\t<meta property=\"og:image:type\" content=\"image\/jpeg\" \/>\n<meta name=\"twitter:card\" content=\"summary_large_image\" \/>\n<meta name=\"twitter:label1\" content=\"Dur\u00e9e de lecture estim\u00e9e\" \/>\n\t<meta name=\"twitter:data1\" content=\"3 minutes\" \/>\n<script type=\"application\/ld+json\" class=\"yoast-schema-graph\">{\"@context\":\"https:\/\/schema.org\",\"@graph\":[{\"@type\":\"WebPage\",\"@id\":\"https:\/\/sxflightcase.com\/de\/produkt\/ballecken-coa103-2\/\",\"url\":\"https:\/\/sxflightcase.com\/de\/produkt\/ballecken-coa103-2\/\",\"name\":\"Ball Corners COA103 - https:\/\/sxflightcase.com \ud83d\udc97\",\"isPartOf\":{\"@id\":\"https:\/\/sxflightcase.com\/th\/#website\"},\"primaryImageOfPage\":{\"@id\":\"https:\/\/sxflightcase.com\/de\/produkt\/ballecken-coa103-2\/#primaryimage\"},\"image\":{\"@id\":\"https:\/\/sxflightcase.com\/de\/produkt\/ballecken-coa103-2\/#primaryimage\"},\"thumbnailUrl\":\"https:\/\/sxflightcase.com\/wp-content\/uploads\/2024\/08\/COA103.jpg\",\"datePublished\":\"2024-08-13T07:16:18+00:00\",\"dateModified\":\"2024-08-13T07:16:19+00:00\",\"description\":\"Ball corners, factory direct! High-quality protection for flight case edges, preventing damage during transport. Durable and reliable for long-lasting equipment safety.\",\"breadcrumb\":{\"@id\":\"https:\/\/sxflightcase.com\/de\/produkt\/ballecken-coa103-2\/#breadcrumb\"},\"inLanguage\":\"fr-FR\",\"potentialAction\":[{\"@type\":\"ReadAction\",\"target\":[\"https:\/\/sxflightcase.com\/de\/produkt\/ballecken-coa103-2\/\"]}]},{\"@type\":\"ImageObject\",\"inLanguage\":\"fr-FR\",\"@id\":\"https:\/\/sxflightcase.com\/de\/produkt\/ballecken-coa103-2\/#primaryimage\",\"url\":\"https:\/\/sxflightcase.com\/wp-content\/uploads\/2024\/08\/COA103.jpg\",\"contentUrl\":\"https:\/\/sxflightcase.com\/wp-content\/uploads\/2024\/08\/COA103.jpg\",\"width\":650,\"height\":625,\"caption\":\"Ball Corners\"},{\"@type\":\"BreadcrumbList\",\"@id\":\"https:\/\/sxflightcase.com\/de\/produkt\/ballecken-coa103-2\/#breadcrumb\",\"itemListElement\":[{\"@type\":\"ListItem\",\"position\":1,\"name\":\"Home\",\"item\":\"https:\/\/sxflightcase.com\/\"},{\"@type\":\"ListItem\",\"position\":2,\"name\":\"\u0e2a\u0e34\u0e19\u0e04\u0e49\u0e32\",\"item\":\"https:\/\/sxflightcase.com\/th\/shop\/\"},{\"@type\":\"ListItem\",\"position\":3,\"name\":\"Ball Corners COA103\"}]},{\"@type\":\"WebSite\",\"@id\":\"https:\/\/sxflightcase.com\/th\/#website\",\"url\":\"https:\/\/sxflightcase.com\/th\/\",\"name\":\"sxpowercase.com\",\"description\":\"Flight Case Factory\",\"publisher\":{\"@id\":\"https:\/\/sxflightcase.com\/th\/#organization\"},\"potentialAction\":[{\"@type\":\"SearchAction\",\"target\":{\"@type\":\"EntryPoint\",\"urlTemplate\":\"https:\/\/sxflightcase.com\/th\/?s={search_term_string}\"},\"query-input\":{\"@type\":\"PropertyValueSpecification\",\"valueRequired\":true,\"valueName\":\"search_term_string\"}}],\"inLanguage\":\"fr-FR\"},{\"@type\":\"Organization\",\"@id\":\"https:\/\/sxflightcase.com\/th\/#organization\",\"name\":\"sxpowercase.com\",\"url\":\"https:\/\/sxflightcase.com\/th\/\",\"logo\":{\"@type\":\"ImageObject\",\"inLanguage\":\"fr-FR\",\"@id\":\"https:\/\/sxflightcase.com\/th\/#\/schema\/logo\/image\/\",\"url\":\"https:\/\/sxflightcase.com\/wp-content\/uploads\/2024\/04\/1713919036007.jpg\",\"contentUrl\":\"https:\/\/sxflightcase.com\/wp-content\/uploads\/2024\/04\/1713919036007.jpg\",\"width\":382,\"height\":388,\"caption\":\"sxpowercase.com\"},\"image\":{\"@id\":\"https:\/\/sxflightcase.com\/th\/#\/schema\/logo\/image\/\"},\"sameAs\":[\"https:\/\/www.facebook.com\/profile.php?id=61560407257971\"],\"numberOfEmployees\":{\"@type\":\"QuantitativeValue\",\"minValue\":\"11\",\"maxValue\":\"50\"}}]}<\/script>\n<!-- \/ Yoast SEO Premium plugin. -->","yoast_head_json":{"title":"Ball Corners COA103 - https:\/\/sxflightcase.com \ud83d\udc97","description":"Coins \u00e0 billes, en direct de l'usine ! Protection de haute qualit\u00e9 pour les bords des flight cases, \u00e9vitant les dommages pendant le transport. Durable et fiable pour une s\u00e9curit\u00e9 durable de l'\u00e9quipement.","robots":{"index":"index","follow":"follow","max-snippet":"max-snippet:-1","max-image-preview":"max-image-preview:large","max-video-preview":"max-video-preview:-1"},"canonical":"https:\/\/sxflightcase.com\/fr\/produkt\/ballecken-coa103-2\/","og_locale":"fr_FR","og_type":"article","og_title":"Ball Corners COA103","og_description":"Ball corners, factory direct! High-quality protection for flight case edges, preventing damage during transport. Durable and reliable for long-lasting equipment safety.","og_url":"https:\/\/sxflightcase.com\/fr\/produkt\/ballecken-coa103-2\/","og_site_name":"https:\/\/sxflightcase.com","article_publisher":"https:\/\/www.facebook.com\/profile.php?id=61560407257971","article_modified_time":"2024-08-13T07:16:19+00:00","og_image":[{"width":650,"height":625,"url":"https:\/\/sxflightcase.com\/wp-content\/uploads\/2024\/08\/COA103.jpg","type":"image\/jpeg"}],"twitter_card":"summary_large_image","twitter_misc":{"Dur\u00e9e de lecture estim\u00e9e":"3 minutes"},"schema":{"@context":"https:\/\/schema.org","@graph":[{"@type":"WebPage","@id":"https:\/\/sxflightcase.com\/de\/produkt\/ballecken-coa103-2\/","url":"https:\/\/sxflightcase.com\/de\/produkt\/ballecken-coa103-2\/","name":"Ball Corners COA103 - https:\/\/sxflightcase.com \ud83d\udc97","isPartOf":{"@id":"https:\/\/sxflightcase.com\/th\/#website"},"primaryImageOfPage":{"@id":"https:\/\/sxflightcase.com\/de\/produkt\/ballecken-coa103-2\/#primaryimage"},"image":{"@id":"https:\/\/sxflightcase.com\/de\/produkt\/ballecken-coa103-2\/#primaryimage"},"thumbnailUrl":"https:\/\/sxflightcase.com\/wp-content\/uploads\/2024\/08\/COA103.jpg","datePublished":"2024-08-13T07:16:18+00:00","dateModified":"2024-08-13T07:16:19+00:00","description":"Coins \u00e0 billes, en direct de l'usine ! Protection de haute qualit\u00e9 pour les bords des flight cases, \u00e9vitant les dommages pendant le transport. Durable et fiable pour une s\u00e9curit\u00e9 durable de l'\u00e9quipement.","breadcrumb":{"@id":"https:\/\/sxflightcase.com\/de\/produkt\/ballecken-coa103-2\/#breadcrumb"},"inLanguage":"fr-FR","potentialAction":[{"@type":"ReadAction","target":["https:\/\/sxflightcase.com\/de\/produkt\/ballecken-coa103-2\/"]}]},{"@type":"ImageObject","inLanguage":"fr-FR","@id":"https:\/\/sxflightcase.com\/de\/produkt\/ballecken-coa103-2\/#primaryimage","url":"https:\/\/sxflightcase.com\/wp-content\/uploads\/2024\/08\/COA103.jpg","contentUrl":"https:\/\/sxflightcase.com\/wp-content\/uploads\/2024\/08\/COA103.jpg","width":650,"height":625,"caption":"Ball Corners"},{"@type":"BreadcrumbList","@id":"https:\/\/sxflightcase.com\/de\/produkt\/ballecken-coa103-2\/#breadcrumb","itemListElement":[{"@type":"ListItem","position":1,"name":"Home","item":"https:\/\/sxflightcase.com\/"},{"@type":"ListItem","position":2,"name":"\u0e2a\u0e34\u0e19\u0e04\u0e49\u0e32","item":"https:\/\/sxflightcase.com\/th\/shop\/"},{"@type":"ListItem","position":3,"name":"Ball Corners COA103"}]},{"@type":"WebSite","@id":"https:\/\/sxflightcase.com\/th\/#website","url":"https:\/\/sxflightcase.com\/th\/","name":"sxpowercase.com","description":"Flight Case Factory","publisher":{"@id":"https:\/\/sxflightcase.com\/th\/#organization"},"potentialAction":[{"@type":"SearchAction","target":{"@type":"EntryPoint","urlTemplate":"https:\/\/sxflightcase.com\/th\/?s={search_term_string}"},"query-input":{"@type":"PropertyValueSpecification","valueRequired":true,"valueName":"search_term_string"}}],"inLanguage":"fr-FR"},{"@type":"Organization","@id":"https:\/\/sxflightcase.com\/th\/#organization","name":"sxpowercase.com","url":"https:\/\/sxflightcase.com\/th\/","logo":{"@type":"ImageObject","inLanguage":"fr-FR","@id":"https:\/\/sxflightcase.com\/th\/#\/schema\/logo\/image\/","url":"https:\/\/sxflightcase.com\/wp-content\/uploads\/2024\/04\/1713919036007.jpg","contentUrl":"https:\/\/sxflightcase.com\/wp-content\/uploads\/2024\/04\/1713919036007.jpg","width":382,"height":388,"caption":"sxpowercase.com"},"image":{"@id":"https:\/\/sxflightcase.com\/th\/#\/schema\/logo\/image\/"},"sameAs":["https:\/\/www.facebook.com\/profile.php?id=61560407257971"],"numberOfEmployees":{"@type":"QuantitativeValue","minValue":"11","maxValue":"50"}}]}},"_links":{"self":[{"href":"https:\/\/sxflightcase.com\/fr\/wp-json\/wp\/v2\/product\/4099","targetHints":{"allow":["GET"]}}],"collection":[{"href":"https:\/\/sxflightcase.com\/fr\/wp-json\/wp\/v2\/product"}],"about":[{"href":"https:\/\/sxflightcase.com\/fr\/wp-json\/wp\/v2\/types\/product"}],"replies":[{"embeddable":true,"href":"https:\/\/sxflightcase.com\/fr\/wp-json\/wp\/v2\/comments?post=4099"}],"version-history":[{"count":0,"href":"https:\/\/sxflightcase.com\/fr\/wp-json\/wp\/v2\/product\/4099\/revisions"}],"wp:featuredmedia":[{"embeddable":true,"href":"https:\/\/sxflightcase.com\/fr\/wp-json\/wp\/v2\/media\/4075"}],"wp:attachment":[{"href":"https:\/\/sxflightcase.com\/fr\/wp-json\/wp\/v2\/media?parent=4099"}],"wp:term":[{"taxonomy":"product_brand","embeddable":true,"href":"https:\/\/sxflightcase.com\/fr\/wp-json\/wp\/v2\/product_brand?post=4099"},{"taxonomy":"product_cat","embeddable":true,"href":"https:\/\/sxflightcase.com\/fr\/wp-json\/wp\/v2\/product_cat?post=4099"},{"taxonomy":"product_tag","embeddable":true,"href":"https:\/\/sxflightcase.com\/fr\/wp-json\/wp\/v2\/product_tag?post=4099"}],"curies":[{"name":"wp","href":"https:\/\/api.w.org\/{rel}","templated":true}]}}