{"id":4109,"date":"2024-08-14T09:10:09","date_gmt":"2024-08-14T08:10:09","guid":{"rendered":"https:\/\/sxpowercase.com\/?post_type=product&#038;p=4109"},"modified":"2024-08-14T09:10:09","modified_gmt":"2024-08-14T08:10:09","slug":"flight-case-ball-corner-coa105","status":"publish","type":"product","link":"https:\/\/sxflightcase.com\/fr\/produit\/flight-case-ball-corner-coa105-2\/","title":{"rendered":"Flight Case Ball Corner COA105"},"content":{"rendered":"<h3>SX Flight Case Ball Corner : Prot\u00e9gez votre mat\u00e9riel en toute confiance<\/h3>\n<h4>Protection sup\u00e9rieure avec SX<\/h4>\n<p>Lors du transport d'\u00e9quipements de valeur, la durabilit\u00e9 de votre flight case est cruciale. C'est pourquoi SX propose <strong>Flight Case Ball Corner<\/strong>\u00a0qui sont con\u00e7us pour offrir une protection sup\u00e9rieure. Ces composants essentiels sont con\u00e7us pour absorber les chocs et prot\u00e9ger les bords de vos \u00e9tuis contre les dommages. Avec <a href=\"https:\/\/sxpowercase.com\/\" target=\"_blank\" rel=\"noopener\" title=\"SX\" data-wpil-monitor-id=\"659\">SX<\/a>Vous b\u00e9n\u00e9ficiez d'une qualit\u00e9 et d'une fiabilit\u00e9 \u00e0 des prix d'usine.<\/p>\n<h4>Con\u00e7u pour durer<\/h4>\n<p>Notre <strong>Coins de billes pour Flight Case<\/strong> sont fabriqu\u00e9s \u00e0 partir de mat\u00e9riaux de haute qualit\u00e9, ce qui leur permet de r\u00e9sister aux conditions les plus difficiles. Que votre valise soit en tourn\u00e9e ou stock\u00e9e, les coins sph\u00e9riques SX offrent la durabilit\u00e9 n\u00e9cessaire pour garder votre mat\u00e9riel en s\u00e9curit\u00e9. L'assurance qualit\u00e9 est notre priorit\u00e9, et chaque produit est soumis \u00e0 des tests rigoureux pour r\u00e9pondre \u00e0 nos exigences \u00e9lev\u00e9es.<\/p>\n<h4>Installation facile, protection maximale<\/h4>\n<p>SX <strong>Coins de billes pour Flight Case<\/strong> sont con\u00e7us pour une installation rapide et facile. Ils sont compatibles avec une large gamme de flight cases, ce qui en fait un choix polyvalent pour diverses applications. En renfor\u00e7ant les coins de vos mallettes, vous ajoutez une couche de protection suppl\u00e9mentaire, garantissant ainsi que votre \u00e9quipement reste en parfait \u00e9tat.<\/p>\n<h4>Des solutions personnalis\u00e9es pour vos besoins uniques<\/h4>\n<p>Chez SX, nous comprenons que chaque cas est unique, c'est pourquoi nous proposons des options de personnalisation pour nos services d'information. <strong>Coins de billes pour Flight Case<\/strong>. Que vous ayez besoin d'une taille, d'une finition ou d'un mat\u00e9riau sp\u00e9cifique, nous pouvons adapter nos produits \u00e0 vos besoins exacts. SX s'engage \u00e0 fournir des solutions qui non seulement prot\u00e8gent mais aussi am\u00e9liorent l'apparence de vos caisses.<\/p>\n<h4>\u00c9conomies directes \u00e0 l'usine<\/h4>\n<p>En choisissant SX, vous b\u00e9n\u00e9ficiez de prix d'usine, ce qui signifie que vous obtenez des produits de qualit\u00e9 sup\u00e9rieure. <strong>Coins de billes pour Flight Case<\/strong> sans majoration. Nous croyons qu'il faut offrir des solutions abordables sans faire de compromis sur la qualit\u00e9. Cette approche vous permet de prot\u00e9ger votre mat\u00e9riel sans d\u00e9passer votre budget.<\/p>\n<h4>La confiance des professionnels<\/h4>\n<p>SX est un nom de confiance dans l'industrie, r\u00e9put\u00e9 pour la fiabilit\u00e9 et la durabilit\u00e9 de ses produits. Nos <strong>Coins de billes pour Flight Case<\/strong> sont privil\u00e9gi\u00e9s par les professionnels qui exigent ce qu'il y a de mieux en mati\u00e8re de protection et de performance. En choisissant SX, vous investissez dans des composants con\u00e7us pour durer.<\/p>\n<h4>Contactez-nous aujourd&#039;hui<\/h4>\n<p>Pr\u00eat \u00e0 moderniser votre flight case avec un produit durable et abordable <strong>Coins de billes pour Flight Case<\/strong>? Contactez SX d\u00e8s aujourd'hui pour en savoir plus sur nos produits, nos options de personnalisation et pour passer votre commande. Avec SX, vous pouvez \u00eatre s\u00fbr que votre \u00e9quipement est bien prot\u00e9g\u00e9, gr\u00e2ce \u00e0 notre engagement en mati\u00e8re de qualit\u00e9 et de satisfaction de la client\u00e8le.<\/p>\n<p>Contactez-nous maintenant :<span style=\"color: #0000ff;\"><a style=\"color: #0000ff;\" href=\"https:\/\/sxpowercase.com\/contact-us\/\">https:\/\/sxpowercase.com\/<\/a><\/span><\/p>\n<p>Catalogue de produits mat\u00e9riels :<span style=\"color: #3366ff;\"><a style=\"color: #3366ff;\" href=\"https:\/\/sxpowercase.com\/wp-content\/uploads\/2024\/07\/\u4e94\u91d1.pdf\">Catalogue d&#039;accessoires de quincaillerie<\/a><\/span><\/p>","protected":false},"excerpt":{"rendered":"<h3>SX Flight Case Ball Corners : Une protection de premier ordre \u00e0 des prix directs d'usine<\/h3>\n<p>Assurez-vous que votre \u00e9quipement reste en s\u00e9curit\u00e9 avec les coins \u00e0 billes SX Flight Case, con\u00e7us pour absorber les chocs et prot\u00e9ger les bords de votre valise. Profitez d'une protection de qualit\u00e9 sup\u00e9rieure sans vous ruiner.<\/p>\n<h3>Durable et facile \u00e0 installer<\/h3>\n<p>Les SX Ball Corners sont fabriqu\u00e9s \u00e0 partir de mat\u00e9riaux de haute qualit\u00e9 pour une durabilit\u00e9 durable. Leur facilit\u00e9 d'installation en fait un choix polyvalent pour renforcer n'importe quel flight case.<\/p>\n<h3>Personnalisable pour chaque cas<\/h3>\n<p>SX propose des coins \u00e0 billes personnalisables pour r\u00e9pondre \u00e0 vos besoins sp\u00e9cifiques, garantissant que votre flight case est \u00e0 la fois prot\u00e9g\u00e9 et esth\u00e9tiquement align\u00e9 avec votre marque.<\/p>","protected":false},"featured_media":4077,"comment_status":"open","ping_status":"closed","template":"","meta":[],"product_brand":[],"product_cat":[63],"product_tag":[],"class_list":{"0":"post-4109","1":"product","2":"type-product","3":"status-publish","4":"has-post-thumbnail","6":"product_cat-corners","8":"first","9":"instock","10":"shipping-taxable","11":"product-type-simple"},"yoast_head":"<!-- This site is optimized with the Yoast SEO Premium plugin v27.1 (Yoast SEO v27.2) - https:\/\/yoast.com\/product\/yoast-seo-premium-wordpress\/ -->\n<title>Flight Case Ball Corner COA105 - https:\/\/sxflightcase.com \ud83d\udc97<\/title>\n<meta name=\"description\" content=\"Flight case ball corner, factory direct! Durable protection for case edges, preventing damage during transport. High-quality and reliable for long-lasting equipment safety.\" \/>\n<meta name=\"robots\" content=\"index, follow, max-snippet:-1, max-image-preview:large, max-video-preview:-1\" \/>\n<link rel=\"canonical\" href=\"https:\/\/sxflightcase.com\/fr\/produkt\/flight-case-kuglehjorne-coa105-2\/\" \/>\n<meta property=\"og:locale\" content=\"fr_FR\" \/>\n<meta property=\"og:type\" content=\"article\" \/>\n<meta property=\"og:title\" content=\"Flight Case Ball Corner COA105\" \/>\n<meta property=\"og:description\" content=\"Flight case ball corner, factory direct! Durable protection for case edges, preventing damage during transport. High-quality and reliable for long-lasting equipment safety.\" \/>\n<meta property=\"og:url\" content=\"https:\/\/sxflightcase.com\/fr\/produkt\/flight-case-kuglehjorne-coa105-2\/\" \/>\n<meta property=\"og:site_name\" content=\"https:\/\/sxflightcase.com\" \/>\n<meta property=\"article:publisher\" content=\"https:\/\/www.facebook.com\/profile.php?id=61560407257971\" \/>\n<meta property=\"og:image\" content=\"https:\/\/sxflightcase.com\/wp-content\/uploads\/2024\/08\/COA105.jpg\" \/>\n\t<meta property=\"og:image:width\" content=\"520\" \/>\n\t<meta property=\"og:image:height\" content=\"520\" \/>\n\t<meta property=\"og:image:type\" content=\"image\/jpeg\" \/>\n<meta name=\"twitter:card\" content=\"summary_large_image\" \/>\n<meta name=\"twitter:label1\" content=\"Dur\u00e9e de lecture estim\u00e9e\" \/>\n\t<meta name=\"twitter:data1\" content=\"3 minutes\" \/>\n<script type=\"application\/ld+json\" class=\"yoast-schema-graph\">{\"@context\":\"https:\/\/schema.org\",\"@graph\":[{\"@type\":\"WebPage\",\"@id\":\"https:\/\/sxflightcase.com\/da\/produkt\/flight-case-kuglehjorne-coa105-2\/\",\"url\":\"https:\/\/sxflightcase.com\/da\/produkt\/flight-case-kuglehjorne-coa105-2\/\",\"name\":\"Flight Case Ball Corner COA105 - https:\/\/sxflightcase.com \ud83d\udc97\",\"isPartOf\":{\"@id\":\"https:\/\/sxflightcase.com\/th\/#website\"},\"primaryImageOfPage\":{\"@id\":\"https:\/\/sxflightcase.com\/da\/produkt\/flight-case-kuglehjorne-coa105-2\/#primaryimage\"},\"image\":{\"@id\":\"https:\/\/sxflightcase.com\/da\/produkt\/flight-case-kuglehjorne-coa105-2\/#primaryimage\"},\"thumbnailUrl\":\"https:\/\/sxflightcase.com\/wp-content\/uploads\/2024\/08\/COA105.jpg\",\"datePublished\":\"2024-08-14T08:10:09+00:00\",\"description\":\"Flight case ball corner, factory direct! Durable protection for case edges, preventing damage during transport. High-quality and reliable for long-lasting equipment safety.\",\"breadcrumb\":{\"@id\":\"https:\/\/sxflightcase.com\/da\/produkt\/flight-case-kuglehjorne-coa105-2\/#breadcrumb\"},\"inLanguage\":\"fr-FR\",\"potentialAction\":[{\"@type\":\"ReadAction\",\"target\":[\"https:\/\/sxflightcase.com\/da\/produkt\/flight-case-kuglehjorne-coa105-2\/\"]}]},{\"@type\":\"ImageObject\",\"inLanguage\":\"fr-FR\",\"@id\":\"https:\/\/sxflightcase.com\/da\/produkt\/flight-case-kuglehjorne-coa105-2\/#primaryimage\",\"url\":\"https:\/\/sxflightcase.com\/wp-content\/uploads\/2024\/08\/COA105.jpg\",\"contentUrl\":\"https:\/\/sxflightcase.com\/wp-content\/uploads\/2024\/08\/COA105.jpg\",\"width\":520,\"height\":520,\"caption\":\"Flight Case Ball Corner\"},{\"@type\":\"BreadcrumbList\",\"@id\":\"https:\/\/sxflightcase.com\/da\/produkt\/flight-case-kuglehjorne-coa105-2\/#breadcrumb\",\"itemListElement\":[{\"@type\":\"ListItem\",\"position\":1,\"name\":\"Home\",\"item\":\"https:\/\/sxflightcase.com\/\"},{\"@type\":\"ListItem\",\"position\":2,\"name\":\"\u0e2a\u0e34\u0e19\u0e04\u0e49\u0e32\",\"item\":\"https:\/\/sxflightcase.com\/th\/shop\/\"},{\"@type\":\"ListItem\",\"position\":3,\"name\":\"Flight Case Ball Corner COA105\"}]},{\"@type\":\"WebSite\",\"@id\":\"https:\/\/sxflightcase.com\/th\/#website\",\"url\":\"https:\/\/sxflightcase.com\/th\/\",\"name\":\"sxpowercase.com\",\"description\":\"Flight Case Factory\",\"publisher\":{\"@id\":\"https:\/\/sxflightcase.com\/th\/#organization\"},\"potentialAction\":[{\"@type\":\"SearchAction\",\"target\":{\"@type\":\"EntryPoint\",\"urlTemplate\":\"https:\/\/sxflightcase.com\/th\/?s={search_term_string}\"},\"query-input\":{\"@type\":\"PropertyValueSpecification\",\"valueRequired\":true,\"valueName\":\"search_term_string\"}}],\"inLanguage\":\"fr-FR\"},{\"@type\":\"Organization\",\"@id\":\"https:\/\/sxflightcase.com\/th\/#organization\",\"name\":\"sxpowercase.com\",\"url\":\"https:\/\/sxflightcase.com\/th\/\",\"logo\":{\"@type\":\"ImageObject\",\"inLanguage\":\"fr-FR\",\"@id\":\"https:\/\/sxflightcase.com\/th\/#\/schema\/logo\/image\/\",\"url\":\"https:\/\/sxflightcase.com\/wp-content\/uploads\/2024\/04\/1713919036007.jpg\",\"contentUrl\":\"https:\/\/sxflightcase.com\/wp-content\/uploads\/2024\/04\/1713919036007.jpg\",\"width\":382,\"height\":388,\"caption\":\"sxpowercase.com\"},\"image\":{\"@id\":\"https:\/\/sxflightcase.com\/th\/#\/schema\/logo\/image\/\"},\"sameAs\":[\"https:\/\/www.facebook.com\/profile.php?id=61560407257971\"],\"numberOfEmployees\":{\"@type\":\"QuantitativeValue\",\"minValue\":\"11\",\"maxValue\":\"50\"}}]}<\/script>\n<!-- \/ Yoast SEO Premium plugin. -->","yoast_head_json":{"title":"Flight Case Ball Corner COA105 - https:\/\/sxflightcase.com \ud83d\udc97","description":"Flight case ball corner, direct usine ! Protection durable des bords de la valise, \u00e9vitant les dommages pendant le transport. Haute qualit\u00e9 et fiabilit\u00e9 pour une s\u00e9curit\u00e9 durable de l'\u00e9quipement.","robots":{"index":"index","follow":"follow","max-snippet":"max-snippet:-1","max-image-preview":"max-image-preview:large","max-video-preview":"max-video-preview:-1"},"canonical":"https:\/\/sxflightcase.com\/fr\/produkt\/flight-case-kuglehjorne-coa105-2\/","og_locale":"fr_FR","og_type":"article","og_title":"Flight Case Ball Corner COA105","og_description":"Flight case ball corner, factory direct! Durable protection for case edges, preventing damage during transport. High-quality and reliable for long-lasting equipment safety.","og_url":"https:\/\/sxflightcase.com\/fr\/produkt\/flight-case-kuglehjorne-coa105-2\/","og_site_name":"https:\/\/sxflightcase.com","article_publisher":"https:\/\/www.facebook.com\/profile.php?id=61560407257971","og_image":[{"width":520,"height":520,"url":"https:\/\/sxflightcase.com\/wp-content\/uploads\/2024\/08\/COA105.jpg","type":"image\/jpeg"}],"twitter_card":"summary_large_image","twitter_misc":{"Dur\u00e9e de lecture estim\u00e9e":"3 minutes"},"schema":{"@context":"https:\/\/schema.org","@graph":[{"@type":"WebPage","@id":"https:\/\/sxflightcase.com\/da\/produkt\/flight-case-kuglehjorne-coa105-2\/","url":"https:\/\/sxflightcase.com\/da\/produkt\/flight-case-kuglehjorne-coa105-2\/","name":"Flight Case Ball Corner COA105 - https:\/\/sxflightcase.com \ud83d\udc97","isPartOf":{"@id":"https:\/\/sxflightcase.com\/th\/#website"},"primaryImageOfPage":{"@id":"https:\/\/sxflightcase.com\/da\/produkt\/flight-case-kuglehjorne-coa105-2\/#primaryimage"},"image":{"@id":"https:\/\/sxflightcase.com\/da\/produkt\/flight-case-kuglehjorne-coa105-2\/#primaryimage"},"thumbnailUrl":"https:\/\/sxflightcase.com\/wp-content\/uploads\/2024\/08\/COA105.jpg","datePublished":"2024-08-14T08:10:09+00:00","description":"Flight case ball corner, direct usine ! Protection durable des bords de la valise, \u00e9vitant les dommages pendant le transport. Haute qualit\u00e9 et fiabilit\u00e9 pour une s\u00e9curit\u00e9 durable de l'\u00e9quipement.","breadcrumb":{"@id":"https:\/\/sxflightcase.com\/da\/produkt\/flight-case-kuglehjorne-coa105-2\/#breadcrumb"},"inLanguage":"fr-FR","potentialAction":[{"@type":"ReadAction","target":["https:\/\/sxflightcase.com\/da\/produkt\/flight-case-kuglehjorne-coa105-2\/"]}]},{"@type":"ImageObject","inLanguage":"fr-FR","@id":"https:\/\/sxflightcase.com\/da\/produkt\/flight-case-kuglehjorne-coa105-2\/#primaryimage","url":"https:\/\/sxflightcase.com\/wp-content\/uploads\/2024\/08\/COA105.jpg","contentUrl":"https:\/\/sxflightcase.com\/wp-content\/uploads\/2024\/08\/COA105.jpg","width":520,"height":520,"caption":"Flight Case Ball Corner"},{"@type":"BreadcrumbList","@id":"https:\/\/sxflightcase.com\/da\/produkt\/flight-case-kuglehjorne-coa105-2\/#breadcrumb","itemListElement":[{"@type":"ListItem","position":1,"name":"Home","item":"https:\/\/sxflightcase.com\/"},{"@type":"ListItem","position":2,"name":"\u0e2a\u0e34\u0e19\u0e04\u0e49\u0e32","item":"https:\/\/sxflightcase.com\/th\/shop\/"},{"@type":"ListItem","position":3,"name":"Flight Case Ball Corner COA105"}]},{"@type":"WebSite","@id":"https:\/\/sxflightcase.com\/th\/#website","url":"https:\/\/sxflightcase.com\/th\/","name":"sxpowercase.com","description":"Flight Case Factory","publisher":{"@id":"https:\/\/sxflightcase.com\/th\/#organization"},"potentialAction":[{"@type":"SearchAction","target":{"@type":"EntryPoint","urlTemplate":"https:\/\/sxflightcase.com\/th\/?s={search_term_string}"},"query-input":{"@type":"PropertyValueSpecification","valueRequired":true,"valueName":"search_term_string"}}],"inLanguage":"fr-FR"},{"@type":"Organization","@id":"https:\/\/sxflightcase.com\/th\/#organization","name":"sxpowercase.com","url":"https:\/\/sxflightcase.com\/th\/","logo":{"@type":"ImageObject","inLanguage":"fr-FR","@id":"https:\/\/sxflightcase.com\/th\/#\/schema\/logo\/image\/","url":"https:\/\/sxflightcase.com\/wp-content\/uploads\/2024\/04\/1713919036007.jpg","contentUrl":"https:\/\/sxflightcase.com\/wp-content\/uploads\/2024\/04\/1713919036007.jpg","width":382,"height":388,"caption":"sxpowercase.com"},"image":{"@id":"https:\/\/sxflightcase.com\/th\/#\/schema\/logo\/image\/"},"sameAs":["https:\/\/www.facebook.com\/profile.php?id=61560407257971"],"numberOfEmployees":{"@type":"QuantitativeValue","minValue":"11","maxValue":"50"}}]}},"_links":{"self":[{"href":"https:\/\/sxflightcase.com\/fr\/wp-json\/wp\/v2\/product\/4109","targetHints":{"allow":["GET"]}}],"collection":[{"href":"https:\/\/sxflightcase.com\/fr\/wp-json\/wp\/v2\/product"}],"about":[{"href":"https:\/\/sxflightcase.com\/fr\/wp-json\/wp\/v2\/types\/product"}],"replies":[{"embeddable":true,"href":"https:\/\/sxflightcase.com\/fr\/wp-json\/wp\/v2\/comments?post=4109"}],"version-history":[{"count":0,"href":"https:\/\/sxflightcase.com\/fr\/wp-json\/wp\/v2\/product\/4109\/revisions"}],"wp:featuredmedia":[{"embeddable":true,"href":"https:\/\/sxflightcase.com\/fr\/wp-json\/wp\/v2\/media\/4077"}],"wp:attachment":[{"href":"https:\/\/sxflightcase.com\/fr\/wp-json\/wp\/v2\/media?parent=4109"}],"wp:term":[{"taxonomy":"product_brand","embeddable":true,"href":"https:\/\/sxflightcase.com\/fr\/wp-json\/wp\/v2\/product_brand?post=4109"},{"taxonomy":"product_cat","embeddable":true,"href":"https:\/\/sxflightcase.com\/fr\/wp-json\/wp\/v2\/product_cat?post=4109"},{"taxonomy":"product_tag","embeddable":true,"href":"https:\/\/sxflightcase.com\/fr\/wp-json\/wp\/v2\/product_tag?post=4109"}],"curies":[{"name":"wp","href":"https:\/\/api.w.org\/{rel}","templated":true}]}}