{"id":4111,"date":"2024-08-14T09:34:10","date_gmt":"2024-08-14T08:34:10","guid":{"rendered":"https:\/\/sxpowercase.com\/?post_type=product&#038;p=4111"},"modified":"2024-08-14T09:34:11","modified_gmt":"2024-08-14T08:34:11","slug":"flight-case-ball-corners-coa107","status":"publish","type":"product","link":"https:\/\/sxflightcase.com\/fr\/produit\/flight-case-ball-corners-coa107-2\/","title":{"rendered":"Coins de boules pour Flight Case COA107"},"content":{"rendered":"<h3>S\u00e9curisez votre \u00e9quipement avec les coins \u00e0 balles SX Flight Case<\/h3>\n<h4>Protection maximale de votre mat\u00e9riel<\/h4>\n<p>Lorsque vous transportez des \u00e9quipements sensibles, la derni\u00e8re chose dont vous avez besoin est d'endommager votre valise ou son contenu. C'est l\u00e0 que SX's <strong>Coins de billes pour Flight Case<\/strong> se pr\u00e9sentent. Ces coins robustes sont con\u00e7us pour absorber les chocs, offrant ainsi une protection sup\u00e9rieure \u00e0 votre \u00e9quipement pendant le transport. Avec <a href=\"https:\/\/sxpowercase.com\/\" target=\"_blank\" rel=\"noopener\" title=\"SX\" data-wpil-monitor-id=\"661\">SX<\/a>Avec les produits de la gamme \"B\", vous b\u00e9n\u00e9ficiez d'une qualit\u00e9 directe de l'usine \u00e0 laquelle vous pouvez faire confiance, le tout \u00e0 un prix comp\u00e9titif.<\/p>\n<h4>Con\u00e7u pour durer<\/h4>\n<p>Notre <strong>Coins de billes pour Flight Case<\/strong> sont fabriqu\u00e9s \u00e0 partir de mat\u00e9riaux de haute qualit\u00e9 afin de garantir leur long\u00e9vit\u00e9 et leur durabilit\u00e9. Que vos valises soient fr\u00e9quemment sur la route ou stock\u00e9es pendant de longues p\u00e9riodes, ces coins \u00e0 billes r\u00e9sisteront \u00e0 l'\u00e9preuve du temps. SX s'engage \u00e0 fournir des produits qui offrent des performances exceptionnelles, quelles que soient les conditions.<\/p>\n<h4>Facile \u00e0 installer, pr\u00eat \u00e0 l'emploi<\/h4>\n<p>SX <strong>Coins de billes pour Flight Case<\/strong> sont con\u00e7us pour une installation simple et s'adaptent parfaitement \u00e0 de nombreux types de bo\u00eetiers. Cette compatibilit\u00e9 universelle facilite la mise \u00e0 niveau de vos bo\u00eetiers existants ou leur int\u00e9gration dans de nouvelles constructions. Avec un design \u00e9l\u00e9gant, ces coins sph\u00e9riques ajoutent \u00e0 la fois de la fonctionnalit\u00e9 et de l'esth\u00e9tique \u00e0 vos bo\u00eetiers.<\/p>\n<h4>Des solutions personnalis\u00e9es pour des besoins uniques<\/h4>\n<p>SX sait que des projets diff\u00e9rents n\u00e9cessitent des solutions diff\u00e9rentes. C'est pourquoi nous proposons des options de personnalisation pour nos produits. <strong>Coins de billes pour Flight Case<\/strong>. Que vous ayez besoin d'une taille, d'une forme ou d'une finition sp\u00e9cifique, SX peut adapter ses produits \u00e0 vos besoins pr\u00e9cis. Notre engagement en faveur de la flexibilit\u00e9 vous permet d'obtenir exactement ce dont vous avez besoin.<\/p>\n<h4>Une qualit\u00e9 abordable<\/h4>\n<p>Chez SX, nous sommes convaincus qu'il est possible d'offrir des produits de premi\u00e8re qualit\u00e9 sans avoir \u00e0 payer le prix fort. En fabriquant et en vendant directement, nous pouvons offrir <strong>Coins de billes pour Flight Case<\/strong> \u00e0 des prix d\u00e9fiant toute concurrence. Cette approche directe vous permet de b\u00e9n\u00e9ficier d'un mat\u00e9riel de haute qualit\u00e9 pour une fraction du prix, ce qui vous permet de respecter votre budget.<\/p>\n<h4>La confiance des professionnels<\/h4>\n<p>SX's <strong>Flight Case Ball Corner<\/strong>\u00a0sont un choix de confiance pour les professionnels qui exigent ce qu'il y a de mieux en mati\u00e8re de quincaillerie pour mallettes. Connus pour leur fiabilit\u00e9 et leur solidit\u00e9, ces coins sont devenus un \u00e9l\u00e9ment essentiel de l'industrie. Choisir SX, c'est choisir la qualit\u00e9, soutenue par une marque qui donne la priorit\u00e9 \u00e0 votre satisfaction.<\/p>\n<h4>Contactez-nous aujourd&#039;hui<\/h4>\n<p>Si vous \u00eates pr\u00eat \u00e0 am\u00e9liorer vos flight cases avec SX <strong>Flight Case Ball Corner<\/strong>contactez-nous d\u00e8s aujourd'hui. Notre \u00e9quipe est l\u00e0 pour vous aider \u00e0 trouver la solution parfaite pour vos besoins. Avec SX, vous investissez dans la protection, la durabilit\u00e9 et la tranquillit\u00e9 d'esprit, le tout \u00e0 un prix que vous appr\u00e9cierez.<\/p>\n<p>Contactez-nous maintenant :<span style=\"color: #0000ff;\"><a style=\"color: #0000ff;\" href=\"https:\/\/sxpowercase.com\/contact-us\/\">https:\/\/sxpowercase.com\/<\/a><\/span><\/p>\n<p>Catalogue de produits mat\u00e9riels :<span style=\"color: #3366ff;\"><a style=\"color: #3366ff;\" href=\"https:\/\/sxpowercase.com\/wp-content\/uploads\/2024\/07\/\u4e94\u91d1.pdf\">Catalogue d&#039;accessoires de quincaillerie<\/a><\/span><\/p>","protected":false},"excerpt":{"rendered":"<h3>SX Flight Case Ball Corners : Protection imbattable<\/h3>\n<p>Prot\u00e9gez votre \u00e9quipement avec les robustes coins \u00e0 billes des Flight Case SX, con\u00e7us pour absorber les chocs et pr\u00e9venir les dommages pendant le transport. B\u00e9n\u00e9ficiez d'une protection de premier ordre \u00e0 un prix comp\u00e9titif.<\/p>\n<h3>Durable et facile \u00e0 installer<\/h3>\n<p>Les coins SX Ball sont fabriqu\u00e9s \u00e0 partir de mat\u00e9riaux de haute qualit\u00e9 pour une durabilit\u00e9 \u00e0 long terme. Ils sont faciles \u00e0 installer et s'adaptent parfaitement \u00e0 diff\u00e9rents types d'\u00e9tuis, am\u00e9liorant \u00e0 la fois la protection et le style.<\/p>\n<h3>Des solutions personnalisables \u00e0 des prix directs d'usine<\/h3>\n<p>SX propose des coins \u00e0 billes personnalisables pour r\u00e9pondre \u00e0 vos besoins sp\u00e9cifiques, vous garantissant ainsi une protection de haute qualit\u00e9 et sur mesure, sans le prix \u00e9lev\u00e9 d'une telle protection.<\/p>","protected":false},"featured_media":4079,"comment_status":"open","ping_status":"closed","template":"","meta":[],"product_brand":[],"product_cat":[63],"product_tag":[],"class_list":{"0":"post-4111","1":"product","2":"type-product","3":"status-publish","4":"has-post-thumbnail","6":"product_cat-corners","8":"first","9":"instock","10":"shipping-taxable","11":"product-type-simple"},"yoast_head":"<!-- This site is optimized with the Yoast SEO Premium plugin v27.1 (Yoast SEO v27.2) - https:\/\/yoast.com\/product\/yoast-seo-premium-wordpress\/ -->\n<title>Flight Case Ball Corners COA107 - https:\/\/sxflightcase.com \ud83d\udc97<\/title>\n<meta name=\"description\" content=\"Flight case ball corners, factory direct! Durable protection for case edges, preventing damage during transport. High-quality and reliable for long-lasting equipment safety.\" \/>\n<meta name=\"robots\" content=\"index, follow, max-snippet:-1, max-image-preview:large, max-video-preview:-1\" \/>\n<link rel=\"canonical\" href=\"https:\/\/sxflightcase.com\/fr\/\u4ea7\u54c1\/\u98de\u884c\u7bb1\u7403\u89d2-coa107\/\" \/>\n<meta property=\"og:locale\" content=\"fr_FR\" \/>\n<meta property=\"og:type\" content=\"article\" \/>\n<meta property=\"og:title\" content=\"Flight Case Ball Corners COA107\" \/>\n<meta property=\"og:description\" content=\"Flight case ball corners, factory direct! Durable protection for case edges, preventing damage during transport. High-quality and reliable for long-lasting equipment safety.\" \/>\n<meta property=\"og:url\" content=\"https:\/\/sxflightcase.com\/fr\/\u4ea7\u54c1\/\u98de\u884c\u7bb1\u7403\u89d2-coa107\/\" \/>\n<meta property=\"og:site_name\" content=\"https:\/\/sxflightcase.com\" \/>\n<meta property=\"article:publisher\" content=\"https:\/\/www.facebook.com\/profile.php?id=61560407257971\" \/>\n<meta property=\"article:modified_time\" content=\"2024-08-14T08:34:11+00:00\" \/>\n<meta property=\"og:image\" content=\"https:\/\/sxflightcase.com\/wp-content\/uploads\/2024\/08\/COA107.jpg\" \/>\n\t<meta property=\"og:image:width\" content=\"520\" \/>\n\t<meta property=\"og:image:height\" content=\"520\" \/>\n\t<meta property=\"og:image:type\" content=\"image\/jpeg\" \/>\n<meta name=\"twitter:card\" content=\"summary_large_image\" \/>\n<meta name=\"twitter:label1\" content=\"Dur\u00e9e de lecture estim\u00e9e\" \/>\n\t<meta name=\"twitter:data1\" content=\"3 minutes\" \/>\n<script type=\"application\/ld+json\" class=\"yoast-schema-graph\">{\"@context\":\"https:\/\/schema.org\",\"@graph\":[{\"@type\":\"WebPage\",\"@id\":\"https:\/\/sxflightcase.com\/zh\/\u4ea7\u54c1\/\u98de\u884c\u7bb1\u7403\u89d2-coa107\/\",\"url\":\"https:\/\/sxflightcase.com\/zh\/\u4ea7\u54c1\/\u98de\u884c\u7bb1\u7403\u89d2-coa107\/\",\"name\":\"Flight Case Ball Corners COA107 - https:\/\/sxflightcase.com \ud83d\udc97\",\"isPartOf\":{\"@id\":\"https:\/\/sxflightcase.com\/th\/#website\"},\"primaryImageOfPage\":{\"@id\":\"https:\/\/sxflightcase.com\/zh\/\u4ea7\u54c1\/\u98de\u884c\u7bb1\u7403\u89d2-coa107\/#primaryimage\"},\"image\":{\"@id\":\"https:\/\/sxflightcase.com\/zh\/\u4ea7\u54c1\/\u98de\u884c\u7bb1\u7403\u89d2-coa107\/#primaryimage\"},\"thumbnailUrl\":\"https:\/\/sxflightcase.com\/wp-content\/uploads\/2024\/08\/COA107.jpg\",\"datePublished\":\"2024-08-14T08:34:10+00:00\",\"dateModified\":\"2024-08-14T08:34:11+00:00\",\"description\":\"Flight case ball corners, factory direct! Durable protection for case edges, preventing damage during transport. High-quality and reliable for long-lasting equipment safety.\",\"breadcrumb\":{\"@id\":\"https:\/\/sxflightcase.com\/zh\/\u4ea7\u54c1\/\u98de\u884c\u7bb1\u7403\u89d2-coa107\/#breadcrumb\"},\"inLanguage\":\"fr-FR\",\"potentialAction\":[{\"@type\":\"ReadAction\",\"target\":[\"https:\/\/sxflightcase.com\/zh\/\u4ea7\u54c1\/\u98de\u884c\u7bb1\u7403\u89d2-coa107\/\"]}]},{\"@type\":\"ImageObject\",\"inLanguage\":\"fr-FR\",\"@id\":\"https:\/\/sxflightcase.com\/zh\/\u4ea7\u54c1\/\u98de\u884c\u7bb1\u7403\u89d2-coa107\/#primaryimage\",\"url\":\"https:\/\/sxflightcase.com\/wp-content\/uploads\/2024\/08\/COA107.jpg\",\"contentUrl\":\"https:\/\/sxflightcase.com\/wp-content\/uploads\/2024\/08\/COA107.jpg\",\"width\":520,\"height\":520,\"caption\":\"Flight Case Ball Corners\"},{\"@type\":\"BreadcrumbList\",\"@id\":\"https:\/\/sxflightcase.com\/zh\/\u4ea7\u54c1\/\u98de\u884c\u7bb1\u7403\u89d2-coa107\/#breadcrumb\",\"itemListElement\":[{\"@type\":\"ListItem\",\"position\":1,\"name\":\"Home\",\"item\":\"https:\/\/sxflightcase.com\/\"},{\"@type\":\"ListItem\",\"position\":2,\"name\":\"\u0e2a\u0e34\u0e19\u0e04\u0e49\u0e32\",\"item\":\"https:\/\/sxflightcase.com\/th\/shop\/\"},{\"@type\":\"ListItem\",\"position\":3,\"name\":\"Flight Case Ball Corners COA107\"}]},{\"@type\":\"WebSite\",\"@id\":\"https:\/\/sxflightcase.com\/th\/#website\",\"url\":\"https:\/\/sxflightcase.com\/th\/\",\"name\":\"sxpowercase.com\",\"description\":\"Flight Case Factory\",\"publisher\":{\"@id\":\"https:\/\/sxflightcase.com\/th\/#organization\"},\"potentialAction\":[{\"@type\":\"SearchAction\",\"target\":{\"@type\":\"EntryPoint\",\"urlTemplate\":\"https:\/\/sxflightcase.com\/th\/?s={search_term_string}\"},\"query-input\":{\"@type\":\"PropertyValueSpecification\",\"valueRequired\":true,\"valueName\":\"search_term_string\"}}],\"inLanguage\":\"fr-FR\"},{\"@type\":\"Organization\",\"@id\":\"https:\/\/sxflightcase.com\/th\/#organization\",\"name\":\"sxpowercase.com\",\"url\":\"https:\/\/sxflightcase.com\/th\/\",\"logo\":{\"@type\":\"ImageObject\",\"inLanguage\":\"fr-FR\",\"@id\":\"https:\/\/sxflightcase.com\/th\/#\/schema\/logo\/image\/\",\"url\":\"https:\/\/sxflightcase.com\/wp-content\/uploads\/2024\/04\/1713919036007.jpg\",\"contentUrl\":\"https:\/\/sxflightcase.com\/wp-content\/uploads\/2024\/04\/1713919036007.jpg\",\"width\":382,\"height\":388,\"caption\":\"sxpowercase.com\"},\"image\":{\"@id\":\"https:\/\/sxflightcase.com\/th\/#\/schema\/logo\/image\/\"},\"sameAs\":[\"https:\/\/www.facebook.com\/profile.php?id=61560407257971\"],\"numberOfEmployees\":{\"@type\":\"QuantitativeValue\",\"minValue\":\"11\",\"maxValue\":\"50\"}}]}<\/script>\n<!-- \/ Yoast SEO Premium plugin. -->","yoast_head_json":{"title":"Flight Case Ball Corners COA107 - https:\/\/sxflightcase.com \ud83d\udc97","description":"Coins \u00e0 billes pour flight case, direct usine ! Protection durable des bords de la valise, \u00e9vitant les dommages pendant le transport. Haute qualit\u00e9 et fiabilit\u00e9 pour une s\u00e9curit\u00e9 durable de l'\u00e9quipement.","robots":{"index":"index","follow":"follow","max-snippet":"max-snippet:-1","max-image-preview":"max-image-preview:large","max-video-preview":"max-video-preview:-1"},"canonical":"https:\/\/sxflightcase.com\/fr\/\u4ea7\u54c1\/\u98de\u884c\u7bb1\u7403\u89d2-coa107\/","og_locale":"fr_FR","og_type":"article","og_title":"Flight Case Ball Corners COA107","og_description":"Flight case ball corners, factory direct! Durable protection for case edges, preventing damage during transport. High-quality and reliable for long-lasting equipment safety.","og_url":"https:\/\/sxflightcase.com\/fr\/\u4ea7\u54c1\/\u98de\u884c\u7bb1\u7403\u89d2-coa107\/","og_site_name":"https:\/\/sxflightcase.com","article_publisher":"https:\/\/www.facebook.com\/profile.php?id=61560407257971","article_modified_time":"2024-08-14T08:34:11+00:00","og_image":[{"width":520,"height":520,"url":"https:\/\/sxflightcase.com\/wp-content\/uploads\/2024\/08\/COA107.jpg","type":"image\/jpeg"}],"twitter_card":"summary_large_image","twitter_misc":{"Dur\u00e9e de lecture estim\u00e9e":"3 minutes"},"schema":{"@context":"https:\/\/schema.org","@graph":[{"@type":"WebPage","@id":"https:\/\/sxflightcase.com\/zh\/\u4ea7\u54c1\/\u98de\u884c\u7bb1\u7403\u89d2-coa107\/","url":"https:\/\/sxflightcase.com\/zh\/\u4ea7\u54c1\/\u98de\u884c\u7bb1\u7403\u89d2-coa107\/","name":"Flight Case Ball Corners COA107 - https:\/\/sxflightcase.com \ud83d\udc97","isPartOf":{"@id":"https:\/\/sxflightcase.com\/th\/#website"},"primaryImageOfPage":{"@id":"https:\/\/sxflightcase.com\/zh\/\u4ea7\u54c1\/\u98de\u884c\u7bb1\u7403\u89d2-coa107\/#primaryimage"},"image":{"@id":"https:\/\/sxflightcase.com\/zh\/\u4ea7\u54c1\/\u98de\u884c\u7bb1\u7403\u89d2-coa107\/#primaryimage"},"thumbnailUrl":"https:\/\/sxflightcase.com\/wp-content\/uploads\/2024\/08\/COA107.jpg","datePublished":"2024-08-14T08:34:10+00:00","dateModified":"2024-08-14T08:34:11+00:00","description":"Coins \u00e0 billes pour flight case, direct usine ! Protection durable des bords de la valise, \u00e9vitant les dommages pendant le transport. Haute qualit\u00e9 et fiabilit\u00e9 pour une s\u00e9curit\u00e9 durable de l'\u00e9quipement.","breadcrumb":{"@id":"https:\/\/sxflightcase.com\/zh\/\u4ea7\u54c1\/\u98de\u884c\u7bb1\u7403\u89d2-coa107\/#breadcrumb"},"inLanguage":"fr-FR","potentialAction":[{"@type":"ReadAction","target":["https:\/\/sxflightcase.com\/zh\/\u4ea7\u54c1\/\u98de\u884c\u7bb1\u7403\u89d2-coa107\/"]}]},{"@type":"ImageObject","inLanguage":"fr-FR","@id":"https:\/\/sxflightcase.com\/zh\/\u4ea7\u54c1\/\u98de\u884c\u7bb1\u7403\u89d2-coa107\/#primaryimage","url":"https:\/\/sxflightcase.com\/wp-content\/uploads\/2024\/08\/COA107.jpg","contentUrl":"https:\/\/sxflightcase.com\/wp-content\/uploads\/2024\/08\/COA107.jpg","width":520,"height":520,"caption":"Flight Case Ball Corners"},{"@type":"BreadcrumbList","@id":"https:\/\/sxflightcase.com\/zh\/\u4ea7\u54c1\/\u98de\u884c\u7bb1\u7403\u89d2-coa107\/#breadcrumb","itemListElement":[{"@type":"ListItem","position":1,"name":"Home","item":"https:\/\/sxflightcase.com\/"},{"@type":"ListItem","position":2,"name":"\u0e2a\u0e34\u0e19\u0e04\u0e49\u0e32","item":"https:\/\/sxflightcase.com\/th\/shop\/"},{"@type":"ListItem","position":3,"name":"Flight Case Ball Corners COA107"}]},{"@type":"WebSite","@id":"https:\/\/sxflightcase.com\/th\/#website","url":"https:\/\/sxflightcase.com\/th\/","name":"sxpowercase.com","description":"Flight Case Factory","publisher":{"@id":"https:\/\/sxflightcase.com\/th\/#organization"},"potentialAction":[{"@type":"SearchAction","target":{"@type":"EntryPoint","urlTemplate":"https:\/\/sxflightcase.com\/th\/?s={search_term_string}"},"query-input":{"@type":"PropertyValueSpecification","valueRequired":true,"valueName":"search_term_string"}}],"inLanguage":"fr-FR"},{"@type":"Organization","@id":"https:\/\/sxflightcase.com\/th\/#organization","name":"sxpowercase.com","url":"https:\/\/sxflightcase.com\/th\/","logo":{"@type":"ImageObject","inLanguage":"fr-FR","@id":"https:\/\/sxflightcase.com\/th\/#\/schema\/logo\/image\/","url":"https:\/\/sxflightcase.com\/wp-content\/uploads\/2024\/04\/1713919036007.jpg","contentUrl":"https:\/\/sxflightcase.com\/wp-content\/uploads\/2024\/04\/1713919036007.jpg","width":382,"height":388,"caption":"sxpowercase.com"},"image":{"@id":"https:\/\/sxflightcase.com\/th\/#\/schema\/logo\/image\/"},"sameAs":["https:\/\/www.facebook.com\/profile.php?id=61560407257971"],"numberOfEmployees":{"@type":"QuantitativeValue","minValue":"11","maxValue":"50"}}]}},"_links":{"self":[{"href":"https:\/\/sxflightcase.com\/fr\/wp-json\/wp\/v2\/product\/4111","targetHints":{"allow":["GET"]}}],"collection":[{"href":"https:\/\/sxflightcase.com\/fr\/wp-json\/wp\/v2\/product"}],"about":[{"href":"https:\/\/sxflightcase.com\/fr\/wp-json\/wp\/v2\/types\/product"}],"replies":[{"embeddable":true,"href":"https:\/\/sxflightcase.com\/fr\/wp-json\/wp\/v2\/comments?post=4111"}],"version-history":[{"count":0,"href":"https:\/\/sxflightcase.com\/fr\/wp-json\/wp\/v2\/product\/4111\/revisions"}],"wp:featuredmedia":[{"embeddable":true,"href":"https:\/\/sxflightcase.com\/fr\/wp-json\/wp\/v2\/media\/4079"}],"wp:attachment":[{"href":"https:\/\/sxflightcase.com\/fr\/wp-json\/wp\/v2\/media?parent=4111"}],"wp:term":[{"taxonomy":"product_brand","embeddable":true,"href":"https:\/\/sxflightcase.com\/fr\/wp-json\/wp\/v2\/product_brand?post=4111"},{"taxonomy":"product_cat","embeddable":true,"href":"https:\/\/sxflightcase.com\/fr\/wp-json\/wp\/v2\/product_cat?post=4111"},{"taxonomy":"product_tag","embeddable":true,"href":"https:\/\/sxflightcase.com\/fr\/wp-json\/wp\/v2\/product_tag?post=4111"}],"curies":[{"name":"wp","href":"https:\/\/api.w.org\/{rel}","templated":true}]}}