{"id":4120,"date":"2024-08-15T07:54:59","date_gmt":"2024-08-15T06:54:59","guid":{"rendered":"https:\/\/sxpowercase.com\/?post_type=product&#038;p=4120"},"modified":"2024-08-15T07:55:00","modified_gmt":"2024-08-15T06:55:00","slug":"flight-case-corner-coa108","status":"publish","type":"product","link":"https:\/\/sxflightcase.com\/fr\/produit\/flight-case-corner-coa108-2\/","title":{"rendered":"Coin de Flight Case COA108"},"content":{"rendered":"<h3>S\u00e9curisez votre mat\u00e9riel avec SX Flight Case Corner<\/h3>\n<h4>Protection ultime pour votre \u00e9quipement<\/h4>\n<p>Lorsqu'il s'agit de prot\u00e9ger votre mat\u00e9riel de valeur, le <strong>Coin du Flight Case<\/strong>\u00a0de SX offrent une protection imbattable. Ces coins sont con\u00e7us pour r\u00e9sister \u00e0 des conditions difficiles tout en garantissant la s\u00e9curit\u00e9 de votre \u00e9quipement pendant le transport. Chez SX, nous nous effor\u00e7ons de fournir des produits de qualit\u00e9 en direct de l'usine, ce qui nous permet d'offrir des produits de qualit\u00e9 sup\u00e9rieure. <strong>Coin du Flight Case<\/strong>\u00a0\u00e0 des prix bas sans compromis sur la durabilit\u00e9.<\/p>\n<h4>Construit pour la durabilit\u00e9 et la fiabilit\u00e9<\/h4>\n<p>Fabriqu\u00e9 \u00e0 partir de mat\u00e9riaux de haute qualit\u00e9, <a href=\"https:\/\/sxpowercase.com\/\" target=\"_blank\" rel=\"noopener\" title=\"SX\" data-wpil-monitor-id=\"665\">SX<\/a> <strong>Coins du Flight Case<\/strong> sont con\u00e7us pour r\u00e9sister \u00e0 une usure importante. Que vous soyez constamment sur la route ou que vous ayez besoin de solutions de stockage \u00e0 long terme, ces coins aident \u00e0 pr\u00e9venir les dommages caus\u00e9s par les chocs \u00e0 vos flight cases. SX est fier de fournir des produits fiables et abordables qui r\u00e9pondent aux normes les plus \u00e9lev\u00e9es de l'industrie.<\/p>\n<h4>Facilit\u00e9 d'installation et polyvalence<\/h4>\n<p>Notre <strong>Coins du Flight Case<\/strong> sont faciles \u00e0 installer et compatibles avec une large gamme de bo\u00eetiers. Que vous construisiez de nouveaux bo\u00eetiers ou que vous am\u00e9lioriez des bo\u00eetiers existants, ces coins s'int\u00e8grent parfaitement, am\u00e9liorant \u00e0 la fois l'aspect et la fonction de vos bo\u00eetiers. Avec SX, vous pouvez vous attendre \u00e0 un processus d'installation en douceur et \u00e0 un ajustement parfait \u00e0 chaque fois.<\/p>\n<h4>Des solutions personnalis\u00e9es pour chaque besoin<\/h4>\n<p>Chez SX, nous comprenons que chaque projet a des besoins uniques. C'est pourquoi nos <strong>Coins du Flight Case<\/strong> sont dot\u00e9s d'options personnalisables pour r\u00e9pondre \u00e0 diverses exigences. Que vous ayez besoin d'une forme, d'une taille ou d'une finition sp\u00e9cifique, SX propose des solutions sur mesure qui correspondent \u00e0 vos pr\u00e9f\u00e9rences. Obtenez exactement ce dont vous avez besoin sans faire de compromis sur la qualit\u00e9 ou le co\u00fbt.<\/p>\n<h4>Valeur exceptionnelle<\/h4>\n<p>Notre approche directe de l'usine nous permet d'offrir des produits de qualit\u00e9 sup\u00e9rieure. <strong>Coins du Flight Case<\/strong> \u00e0 des prix tr\u00e8s comp\u00e9titifs. SX s'engage \u00e0 fournir une qualit\u00e9 digne de confiance \u00e0 un prix raisonnable. Nous nous effor\u00e7ons de fournir des produits qui ne sont pas seulement con\u00e7us pour durer, mais qui sont \u00e9galement rentables pour les projets de petite et de grande envergure.<\/p>\n<h4>Des professionnels du monde entier lui font confiance<\/h4>\n<p>SX <strong>Coins du Flight Case<\/strong> Les coins SX sont reconnus par les professionnels de tous les secteurs d'activit\u00e9 qui comptent sur la s\u00e9curit\u00e9 de leur \u00e9quipement et sur le fait qu'il soit pr\u00eat \u00e0 fonctionner. Qu'il s'agisse de mat\u00e9riel audiovisuel, d'instruments de musique ou d'autres \u00e9quipements d\u00e9licats, les coins SX sont con\u00e7us pour prot\u00e9ger ce qui compte le plus. Choisir SX, c'est choisir une marque reconnue pour sa fiabilit\u00e9 et la satisfaction de ses clients.<\/p>\n<h4>Prenez contact d\u00e8s aujourd'hui<\/h4>\n<p>Pr\u00eat \u00e0 am\u00e9liorer vos dossiers avec SX <strong>Coins du Flight Case<\/strong>? Contactez-nous d\u00e8s aujourd'hui pour d\u00e9couvrir la solution parfaite pour vos besoins. Avec SX, vous choisissez une marque qui allie qualit\u00e9, prix abordable et savoir-faire d'expert pour offrir le meilleur en mati\u00e8re de mat\u00e9riel de protection.<\/p>\n<p>Contactez-nous maintenant :<span style=\"color: #0000ff;\"><a style=\"color: #0000ff;\" href=\"https:\/\/sxpowercase.com\/contact-us\/\">https:\/\/sxpowercase.com\/<\/a><\/span><\/p>\n<p>Catalogue de produits mat\u00e9riels :<span style=\"color: #3366ff;\"><a style=\"color: #3366ff;\" href=\"https:\/\/sxpowercase.com\/wp-content\/uploads\/2024\/07\/\u4e94\u91d1.pdf\">Catalogue d&#039;accessoires de quincaillerie<\/a><\/span><\/p>","protected":false},"excerpt":{"rendered":"<h3>Coins du Flight Case SX : Protection ultime du mat\u00e9riel<\/h3>\n<p>Prot\u00e9gez votre \u00e9quipement de valeur avec les coins SX Flight Case, con\u00e7us pour des conditions difficiles et pour garder votre \u00e9quipement en s\u00e9curit\u00e9 pendant le transport. Obtenez la qualit\u00e9 d'un produit d'usine \u00e0 des prix abordables.<\/p>\n<h3>Durable et facile \u00e0 installer<\/h3>\n<p>Les coins pour Flight Case SX sont fabriqu\u00e9s \u00e0 partir de mat\u00e9riaux de haute qualit\u00e9 pour une durabilit\u00e9 fiable. Ils sont faciles \u00e0 installer et compatibles avec une large gamme d'\u00e9tuis, offrant une int\u00e9gration transparente et une protection accrue.<\/p>\n<h3>Des solutions personnalis\u00e9es \u00e0 des prix comp\u00e9titifs<\/h3>\n<p>SX propose des coins de Flight Case personnalisables et adapt\u00e9s \u00e0 vos besoins. B\u00e9n\u00e9ficiez d'une qualit\u00e9 sup\u00e9rieure et d'un savoir-faire d'expert sans grever votre budget, et b\u00e9n\u00e9ficiez de la confiance des professionnels du monde entier.<\/p>","protected":false},"featured_media":4081,"comment_status":"open","ping_status":"closed","template":"","meta":[],"product_brand":[],"product_cat":[63],"product_tag":[],"class_list":{"0":"post-4120","1":"product","2":"type-product","3":"status-publish","4":"has-post-thumbnail","6":"product_cat-corners","8":"first","9":"instock","10":"shipping-taxable","11":"product-type-simple"},"yoast_head":"<!-- This site is optimized with the Yoast SEO Premium plugin v27.1 (Yoast SEO v27.2) - https:\/\/yoast.com\/product\/yoast-seo-premium-wordpress\/ -->\n<title>Flight Case Corner COA108 - https:\/\/sxflightcase.com \ud83d\udc97<\/title>\n<meta name=\"description\" content=\"Flight case corner, factory direct! High-quality, durable protection for case edges, ensuring long-lasting reliability during transport. Ideal for safeguarding your equipment.\" \/>\n<meta name=\"robots\" content=\"index, follow, max-snippet:-1, max-image-preview:large, max-video-preview:-1\" \/>\n<link rel=\"canonical\" href=\"https:\/\/sxflightcase.com\/fr\/produk\/sudut-kotak-penerbangan-coa108\/\" \/>\n<meta property=\"og:locale\" content=\"fr_FR\" \/>\n<meta property=\"og:type\" content=\"article\" \/>\n<meta property=\"og:title\" content=\"Flight Case Corner COA108\" \/>\n<meta property=\"og:description\" content=\"Flight case corner, factory direct! High-quality, durable protection for case edges, ensuring long-lasting reliability during transport. Ideal for safeguarding your equipment.\" \/>\n<meta property=\"og:url\" content=\"https:\/\/sxflightcase.com\/fr\/produk\/sudut-kotak-penerbangan-coa108\/\" \/>\n<meta property=\"og:site_name\" content=\"https:\/\/sxflightcase.com\" \/>\n<meta property=\"article:publisher\" content=\"https:\/\/www.facebook.com\/profile.php?id=61560407257971\" \/>\n<meta property=\"article:modified_time\" content=\"2024-08-15T06:55:00+00:00\" \/>\n<meta property=\"og:image\" content=\"https:\/\/sxflightcase.com\/wp-content\/uploads\/2024\/08\/COA109.jpg\" \/>\n\t<meta property=\"og:image:width\" content=\"520\" \/>\n\t<meta property=\"og:image:height\" content=\"520\" \/>\n\t<meta property=\"og:image:type\" content=\"image\/jpeg\" \/>\n<meta name=\"twitter:card\" content=\"summary_large_image\" \/>\n<meta name=\"twitter:label1\" content=\"Dur\u00e9e de lecture estim\u00e9e\" \/>\n\t<meta name=\"twitter:data1\" content=\"3 minutes\" \/>\n<script type=\"application\/ld+json\" class=\"yoast-schema-graph\">{\"@context\":\"https:\/\/schema.org\",\"@graph\":[{\"@type\":\"WebPage\",\"@id\":\"https:\/\/sxflightcase.com\/id\/produk\/sudut-kotak-penerbangan-coa108\/\",\"url\":\"https:\/\/sxflightcase.com\/id\/produk\/sudut-kotak-penerbangan-coa108\/\",\"name\":\"Flight Case Corner COA108 - https:\/\/sxflightcase.com \ud83d\udc97\",\"isPartOf\":{\"@id\":\"https:\/\/sxflightcase.com\/th\/#website\"},\"primaryImageOfPage\":{\"@id\":\"https:\/\/sxflightcase.com\/id\/produk\/sudut-kotak-penerbangan-coa108\/#primaryimage\"},\"image\":{\"@id\":\"https:\/\/sxflightcase.com\/id\/produk\/sudut-kotak-penerbangan-coa108\/#primaryimage\"},\"thumbnailUrl\":\"https:\/\/sxflightcase.com\/wp-content\/uploads\/2024\/08\/COA109.jpg\",\"datePublished\":\"2024-08-15T06:54:59+00:00\",\"dateModified\":\"2024-08-15T06:55:00+00:00\",\"description\":\"Flight case corner, factory direct! High-quality, durable protection for case edges, ensuring long-lasting reliability during transport. Ideal for safeguarding your equipment.\",\"breadcrumb\":{\"@id\":\"https:\/\/sxflightcase.com\/id\/produk\/sudut-kotak-penerbangan-coa108\/#breadcrumb\"},\"inLanguage\":\"fr-FR\",\"potentialAction\":[{\"@type\":\"ReadAction\",\"target\":[\"https:\/\/sxflightcase.com\/id\/produk\/sudut-kotak-penerbangan-coa108\/\"]}]},{\"@type\":\"ImageObject\",\"inLanguage\":\"fr-FR\",\"@id\":\"https:\/\/sxflightcase.com\/id\/produk\/sudut-kotak-penerbangan-coa108\/#primaryimage\",\"url\":\"https:\/\/sxflightcase.com\/wp-content\/uploads\/2024\/08\/COA109.jpg\",\"contentUrl\":\"https:\/\/sxflightcase.com\/wp-content\/uploads\/2024\/08\/COA109.jpg\",\"width\":520,\"height\":520,\"caption\":\"Flight Case Corner\"},{\"@type\":\"BreadcrumbList\",\"@id\":\"https:\/\/sxflightcase.com\/id\/produk\/sudut-kotak-penerbangan-coa108\/#breadcrumb\",\"itemListElement\":[{\"@type\":\"ListItem\",\"position\":1,\"name\":\"Home\",\"item\":\"https:\/\/sxflightcase.com\/\"},{\"@type\":\"ListItem\",\"position\":2,\"name\":\"\u0e2a\u0e34\u0e19\u0e04\u0e49\u0e32\",\"item\":\"https:\/\/sxflightcase.com\/th\/shop\/\"},{\"@type\":\"ListItem\",\"position\":3,\"name\":\"Flight Case Corner COA108\"}]},{\"@type\":\"WebSite\",\"@id\":\"https:\/\/sxflightcase.com\/th\/#website\",\"url\":\"https:\/\/sxflightcase.com\/th\/\",\"name\":\"sxpowercase.com\",\"description\":\"Flight Case Factory\",\"publisher\":{\"@id\":\"https:\/\/sxflightcase.com\/th\/#organization\"},\"potentialAction\":[{\"@type\":\"SearchAction\",\"target\":{\"@type\":\"EntryPoint\",\"urlTemplate\":\"https:\/\/sxflightcase.com\/th\/?s={search_term_string}\"},\"query-input\":{\"@type\":\"PropertyValueSpecification\",\"valueRequired\":true,\"valueName\":\"search_term_string\"}}],\"inLanguage\":\"fr-FR\"},{\"@type\":\"Organization\",\"@id\":\"https:\/\/sxflightcase.com\/th\/#organization\",\"name\":\"sxpowercase.com\",\"url\":\"https:\/\/sxflightcase.com\/th\/\",\"logo\":{\"@type\":\"ImageObject\",\"inLanguage\":\"fr-FR\",\"@id\":\"https:\/\/sxflightcase.com\/th\/#\/schema\/logo\/image\/\",\"url\":\"https:\/\/sxflightcase.com\/wp-content\/uploads\/2024\/04\/1713919036007.jpg\",\"contentUrl\":\"https:\/\/sxflightcase.com\/wp-content\/uploads\/2024\/04\/1713919036007.jpg\",\"width\":382,\"height\":388,\"caption\":\"sxpowercase.com\"},\"image\":{\"@id\":\"https:\/\/sxflightcase.com\/th\/#\/schema\/logo\/image\/\"},\"sameAs\":[\"https:\/\/www.facebook.com\/profile.php?id=61560407257971\"],\"numberOfEmployees\":{\"@type\":\"QuantitativeValue\",\"minValue\":\"11\",\"maxValue\":\"50\"}}]}<\/script>\n<!-- \/ Yoast SEO Premium plugin. -->","yoast_head_json":{"title":"Flight Case Corner COA108 - https:\/\/sxflightcase.com \ud83d\udc97","description":"Coin de flight case, direct usine ! Protection de haute qualit\u00e9 et durable des bords de la valise, garantissant une fiabilit\u00e9 \u00e0 long terme pendant le transport. Id\u00e9al pour prot\u00e9ger votre \u00e9quipement.","robots":{"index":"index","follow":"follow","max-snippet":"max-snippet:-1","max-image-preview":"max-image-preview:large","max-video-preview":"max-video-preview:-1"},"canonical":"https:\/\/sxflightcase.com\/fr\/produk\/sudut-kotak-penerbangan-coa108\/","og_locale":"fr_FR","og_type":"article","og_title":"Flight Case Corner COA108","og_description":"Flight case corner, factory direct! High-quality, durable protection for case edges, ensuring long-lasting reliability during transport. Ideal for safeguarding your equipment.","og_url":"https:\/\/sxflightcase.com\/fr\/produk\/sudut-kotak-penerbangan-coa108\/","og_site_name":"https:\/\/sxflightcase.com","article_publisher":"https:\/\/www.facebook.com\/profile.php?id=61560407257971","article_modified_time":"2024-08-15T06:55:00+00:00","og_image":[{"width":520,"height":520,"url":"https:\/\/sxflightcase.com\/wp-content\/uploads\/2024\/08\/COA109.jpg","type":"image\/jpeg"}],"twitter_card":"summary_large_image","twitter_misc":{"Dur\u00e9e de lecture estim\u00e9e":"3 minutes"},"schema":{"@context":"https:\/\/schema.org","@graph":[{"@type":"WebPage","@id":"https:\/\/sxflightcase.com\/id\/produk\/sudut-kotak-penerbangan-coa108\/","url":"https:\/\/sxflightcase.com\/id\/produk\/sudut-kotak-penerbangan-coa108\/","name":"Flight Case Corner COA108 - https:\/\/sxflightcase.com \ud83d\udc97","isPartOf":{"@id":"https:\/\/sxflightcase.com\/th\/#website"},"primaryImageOfPage":{"@id":"https:\/\/sxflightcase.com\/id\/produk\/sudut-kotak-penerbangan-coa108\/#primaryimage"},"image":{"@id":"https:\/\/sxflightcase.com\/id\/produk\/sudut-kotak-penerbangan-coa108\/#primaryimage"},"thumbnailUrl":"https:\/\/sxflightcase.com\/wp-content\/uploads\/2024\/08\/COA109.jpg","datePublished":"2024-08-15T06:54:59+00:00","dateModified":"2024-08-15T06:55:00+00:00","description":"Coin de flight case, direct usine ! Protection de haute qualit\u00e9 et durable des bords de la valise, garantissant une fiabilit\u00e9 \u00e0 long terme pendant le transport. Id\u00e9al pour prot\u00e9ger votre \u00e9quipement.","breadcrumb":{"@id":"https:\/\/sxflightcase.com\/id\/produk\/sudut-kotak-penerbangan-coa108\/#breadcrumb"},"inLanguage":"fr-FR","potentialAction":[{"@type":"ReadAction","target":["https:\/\/sxflightcase.com\/id\/produk\/sudut-kotak-penerbangan-coa108\/"]}]},{"@type":"ImageObject","inLanguage":"fr-FR","@id":"https:\/\/sxflightcase.com\/id\/produk\/sudut-kotak-penerbangan-coa108\/#primaryimage","url":"https:\/\/sxflightcase.com\/wp-content\/uploads\/2024\/08\/COA109.jpg","contentUrl":"https:\/\/sxflightcase.com\/wp-content\/uploads\/2024\/08\/COA109.jpg","width":520,"height":520,"caption":"Flight Case Corner"},{"@type":"BreadcrumbList","@id":"https:\/\/sxflightcase.com\/id\/produk\/sudut-kotak-penerbangan-coa108\/#breadcrumb","itemListElement":[{"@type":"ListItem","position":1,"name":"Home","item":"https:\/\/sxflightcase.com\/"},{"@type":"ListItem","position":2,"name":"\u0e2a\u0e34\u0e19\u0e04\u0e49\u0e32","item":"https:\/\/sxflightcase.com\/th\/shop\/"},{"@type":"ListItem","position":3,"name":"Flight Case Corner COA108"}]},{"@type":"WebSite","@id":"https:\/\/sxflightcase.com\/th\/#website","url":"https:\/\/sxflightcase.com\/th\/","name":"sxpowercase.com","description":"Flight Case Factory","publisher":{"@id":"https:\/\/sxflightcase.com\/th\/#organization"},"potentialAction":[{"@type":"SearchAction","target":{"@type":"EntryPoint","urlTemplate":"https:\/\/sxflightcase.com\/th\/?s={search_term_string}"},"query-input":{"@type":"PropertyValueSpecification","valueRequired":true,"valueName":"search_term_string"}}],"inLanguage":"fr-FR"},{"@type":"Organization","@id":"https:\/\/sxflightcase.com\/th\/#organization","name":"sxpowercase.com","url":"https:\/\/sxflightcase.com\/th\/","logo":{"@type":"ImageObject","inLanguage":"fr-FR","@id":"https:\/\/sxflightcase.com\/th\/#\/schema\/logo\/image\/","url":"https:\/\/sxflightcase.com\/wp-content\/uploads\/2024\/04\/1713919036007.jpg","contentUrl":"https:\/\/sxflightcase.com\/wp-content\/uploads\/2024\/04\/1713919036007.jpg","width":382,"height":388,"caption":"sxpowercase.com"},"image":{"@id":"https:\/\/sxflightcase.com\/th\/#\/schema\/logo\/image\/"},"sameAs":["https:\/\/www.facebook.com\/profile.php?id=61560407257971"],"numberOfEmployees":{"@type":"QuantitativeValue","minValue":"11","maxValue":"50"}}]}},"_links":{"self":[{"href":"https:\/\/sxflightcase.com\/fr\/wp-json\/wp\/v2\/product\/4120","targetHints":{"allow":["GET"]}}],"collection":[{"href":"https:\/\/sxflightcase.com\/fr\/wp-json\/wp\/v2\/product"}],"about":[{"href":"https:\/\/sxflightcase.com\/fr\/wp-json\/wp\/v2\/types\/product"}],"replies":[{"embeddable":true,"href":"https:\/\/sxflightcase.com\/fr\/wp-json\/wp\/v2\/comments?post=4120"}],"version-history":[{"count":0,"href":"https:\/\/sxflightcase.com\/fr\/wp-json\/wp\/v2\/product\/4120\/revisions"}],"wp:featuredmedia":[{"embeddable":true,"href":"https:\/\/sxflightcase.com\/fr\/wp-json\/wp\/v2\/media\/4081"}],"wp:attachment":[{"href":"https:\/\/sxflightcase.com\/fr\/wp-json\/wp\/v2\/media?parent=4120"}],"wp:term":[{"taxonomy":"product_brand","embeddable":true,"href":"https:\/\/sxflightcase.com\/fr\/wp-json\/wp\/v2\/product_brand?post=4120"},{"taxonomy":"product_cat","embeddable":true,"href":"https:\/\/sxflightcase.com\/fr\/wp-json\/wp\/v2\/product_cat?post=4120"},{"taxonomy":"product_tag","embeddable":true,"href":"https:\/\/sxflightcase.com\/fr\/wp-json\/wp\/v2\/product_tag?post=4120"}],"curies":[{"name":"wp","href":"https:\/\/api.w.org\/{rel}","templated":true}]}}