{"id":4124,"date":"2024-08-15T08:08:32","date_gmt":"2024-08-15T07:08:32","guid":{"rendered":"https:\/\/sxpowercase.com\/?post_type=product&#038;p=4124"},"modified":"2024-08-15T08:08:33","modified_gmt":"2024-08-15T07:08:33","slug":"flight-case-corners-coa202","status":"publish","type":"product","link":"https:\/\/sxflightcase.com\/fr\/produit\/coins-pour-flight-case-coa202-2\/","title":{"rendered":"Coins de Flight Case COA202"},"content":{"rendered":"<h3>Protection fiable avec les coins du Flight Case SX<\/h3>\n<h4>L'ultime d\u00e9fense pour votre \u00e9quipement<\/h4>\n<p>Lorsque vous transportez du mat\u00e9riel de valeur, vous avez besoin d'une protection solide. SX <strong>Coins du Flight Case<\/strong> offrent un blindage durable qui prot\u00e8ge votre \u00e9quipement des chocs et des manipulations brutales. Con\u00e7us pour \u00eatre robustes et fiables, ces coins garantissent que vos bo\u00eetiers r\u00e9sistent \u00e0 une utilisation constante tout en conservant leur qualit\u00e9. De plus, gr\u00e2ce au prix direct de SX, vous b\u00e9n\u00e9ficiez de performances haut de gamme \u00e0 moindre co\u00fbt.<\/p>\n<h4>Con\u00e7u pour les environnements difficiles<\/h4>\n<p><a href=\"https:\/\/sxpowercase.com\/\" target=\"_blank\" rel=\"noopener\" title=\"SX\" data-wpil-monitor-id=\"668\">SX<\/a> <strong>Coins du Flight Case<\/strong> sont fabriqu\u00e9s \u00e0 partir de mat\u00e9riaux de premi\u00e8re qualit\u00e9 con\u00e7us pour durer, m\u00eame dans les conditions les plus difficiles. Que vous soyez en tourn\u00e9e ou que vous exp\u00e9diiez du mat\u00e9riel sensible, ces coins offrent une protection renforc\u00e9e. Notre souci de qualit\u00e9 garantit un produit fiable \u00e0 un prix abordable, ce qui vous permet de r\u00e9duire vos co\u00fbts globaux \u00e0 long terme.<\/p>\n<h4>Installation sans faille pour tous les cas<\/h4>\n<p>SX's <strong>Coins du Flight Case<\/strong> sont con\u00e7us pour une installation facile et un ajustement pr\u00e9cis, ce qui les rend adapt\u00e9s \u00e0 tous les types de bo\u00eetiers. Qu'il s'agisse de moderniser d'anciens bo\u00eetiers ou d'en construire de nouveaux, nos coins sont polyvalents et faciles \u00e0 utiliser. En choisissant SX, vous vous assurez d'une meilleure durabilit\u00e9 et d'une finition attrayante sans d\u00e9penser trop d'argent.<\/p>\n<h4>Des solutions personnalis\u00e9es pour r\u00e9pondre \u00e0 vos besoins<\/h4>\n<p>Chaque cas a ses propres exigences, et SX propose des options personnalisables pour nos clients. <strong>Coins du Flight Case<\/strong>. Que vous ayez besoin de dimensions, de formes ou de finitions diff\u00e9rentes, nos coins sont adaptables pour r\u00e9pondre \u00e0 vos besoins sp\u00e9cifiques. Avec SX, vous obtenez des solutions sur mesure \u00e0 des prix adapt\u00e9s \u00e0 votre budget.<\/p>\n<h4>Une qualit\u00e9 sans compromis \u00e0 un prix bas<\/h4>\n<p>SX associe des normes de fabrication de premier ordre \u00e0 des prix avantageux, ce qui vous permet de b\u00e9n\u00e9ficier des avantages suivants <strong>Coins du Flight Case<\/strong> qui ne font aucun compromis sur la qualit\u00e9. Notre approche directe signifie que vous obtenez des composants durables \u00e0 des prix qui ne vous ruineront pas. Que vous ayez besoin d'une commande unique ou de quantit\u00e9s importantes, SX vous offre le m\u00e9lange parfait de qualit\u00e9 et d'accessibilit\u00e9.<\/p>\n<h4>Les professionnels du monde entier lui font confiance<\/h4>\n<p>Les professionnels de l'industrie font confiance \u00e0 SX pour la fiabilit\u00e9 et la robustesse de ses produits. <strong>Coins du Flight Case<\/strong>. Qu'il s'agisse de prot\u00e9ger des \u00e9quipements audiovisuels d\u00e9licats, des installations d'\u00e9clairage ou d'autres outils pr\u00e9cieux, nos coins offrent une durabilit\u00e9 \u00e0 long terme. SX est le choix de confiance lorsque vous avez besoin d'une protection d'\u00e9quipement \u00e0 la fois fiable et \u00e9conomique.<\/p>\n<h4>Contacter SX pour des solutions personnalis\u00e9es<\/h4>\n<p>\u00c0 la recherche d'un produit durable et abordable <strong>Coin du Flight Case<\/strong>? Contactez SX d\u00e8s aujourd'hui pour d\u00e9couvrir notre large gamme d'options personnalisables et nos prix comp\u00e9titifs. En tant que marque engag\u00e9e dans la qualit\u00e9 et la satisfaction du client, SX est votre meilleur choix pour s\u00e9curiser votre \u00e9quipement tout en respectant votre budget.<\/p>\n<p>Contactez-nous maintenant :<span style=\"color: #0000ff;\"><a style=\"color: #0000ff;\" href=\"https:\/\/sxpowercase.com\/contact-us\/\">https:\/\/sxpowercase.com\/<\/a><\/span><\/p>\n<p>Catalogue de produits mat\u00e9riels :<span style=\"color: #3366ff;\"><a style=\"color: #3366ff;\" href=\"https:\/\/sxpowercase.com\/wp-content\/uploads\/2024\/07\/\u4e94\u91d1.pdf\">Catalogue d&#039;accessoires de quincaillerie<\/a><\/span><\/p>","protected":false},"excerpt":{"rendered":"<h3>Coins du Flight Case SX : Protection sup\u00e9rieure du mat\u00e9riel<\/h3>\n<p>Prot\u00e9gez votre \u00e9quipement fragile avec les coins des Flight Case SX, con\u00e7us pour r\u00e9sister aux chocs, aux chutes et \u00e0 l'usure quotidienne. Obtenez une qualit\u00e9 sup\u00e9rieure \u00e0 des prix directs d'usine, garantissant une protection fiable sans co\u00fbts excessifs.<\/p>\n<h3>Installation facile, performances \u00e9lev\u00e9es<\/h3>\n<p>Les coins de Flight Case SX sont con\u00e7us pour une utilisation intensive et une application sans effort. Qu'il s'agisse de moderniser de vieilles caisses ou d'en assembler de nouvelles, ces coins renforcent la solidit\u00e9 et offrent un aspect poli.<\/p>\n<h3>Des solutions personnalis\u00e9es \u00e0 des prix abordables<\/h3>\n<p>SX propose des coins de Flight Case personnalisables, adapt\u00e9s \u00e0 vos besoins exacts, alliant polyvalence et prix abordable. Les professionnels du monde entier font confiance \u00e0 SX, qui offre une qualit\u00e9 sur laquelle vous pouvez compter.<\/p>","protected":false},"featured_media":4084,"comment_status":"open","ping_status":"closed","template":"","meta":[],"product_brand":[],"product_cat":[63],"product_tag":[],"class_list":{"0":"post-4124","1":"product","2":"type-product","3":"status-publish","4":"has-post-thumbnail","6":"product_cat-corners","8":"first","9":"instock","10":"shipping-taxable","11":"product-type-simple"},"yoast_head":"<!-- This site is optimized with the Yoast SEO Premium plugin v27.1 (Yoast SEO v27.2) - https:\/\/yoast.com\/product\/yoast-seo-premium-wordpress\/ -->\n<title>Flight Case Corners COA202 - https:\/\/sxflightcase.com \ud83d\udc97<\/title>\n<meta name=\"description\" content=\"Flight case corners, factory direct! High-quality, durable edge protection for flight cases. Prevents damage during transport and ensures long-lasting reliability for your equipment.\" \/>\n<meta name=\"robots\" content=\"index, follow, max-snippet:-1, max-image-preview:large, max-video-preview:-1\" \/>\n<link rel=\"canonical\" href=\"https:\/\/sxflightcase.com\/fr\/produit\/coins-pour-flight-case-coa202-2\/\" \/>\n<meta property=\"og:locale\" content=\"fr_FR\" \/>\n<meta property=\"og:type\" content=\"article\" \/>\n<meta property=\"og:title\" content=\"Flight Case Corners COA202\" \/>\n<meta property=\"og:description\" content=\"Flight case corners, factory direct! High-quality, durable edge protection for flight cases. Prevents damage during transport and ensures long-lasting reliability for your equipment.\" \/>\n<meta property=\"og:url\" content=\"https:\/\/sxflightcase.com\/fr\/produit\/coins-pour-flight-case-coa202-2\/\" \/>\n<meta property=\"og:site_name\" content=\"https:\/\/sxflightcase.com\" \/>\n<meta property=\"article:publisher\" content=\"https:\/\/www.facebook.com\/profile.php?id=61560407257971\" \/>\n<meta property=\"article:modified_time\" content=\"2024-08-15T07:08:33+00:00\" \/>\n<meta property=\"og:image\" content=\"https:\/\/sxflightcase.com\/wp-content\/uploads\/2024\/08\/COA202.jpg\" \/>\n\t<meta property=\"og:image:width\" content=\"455\" \/>\n\t<meta property=\"og:image:height\" content=\"422\" \/>\n\t<meta property=\"og:image:type\" content=\"image\/jpeg\" \/>\n<meta name=\"twitter:card\" content=\"summary_large_image\" \/>\n<meta name=\"twitter:label1\" content=\"Dur\u00e9e de lecture estim\u00e9e\" \/>\n\t<meta name=\"twitter:data1\" content=\"3 minutes\" \/>\n<script type=\"application\/ld+json\" class=\"yoast-schema-graph\">{\"@context\":\"https:\/\/schema.org\",\"@graph\":[{\"@type\":\"WebPage\",\"@id\":\"https:\/\/sxflightcase.com\/product\/flight-case-corners-coa202\/\",\"url\":\"https:\/\/sxflightcase.com\/product\/flight-case-corners-coa202\/\",\"name\":\"Flight Case Corners COA202 - https:\/\/sxflightcase.com \ud83d\udc97\",\"isPartOf\":{\"@id\":\"https:\/\/sxflightcase.com\/th\/#website\"},\"primaryImageOfPage\":{\"@id\":\"https:\/\/sxflightcase.com\/product\/flight-case-corners-coa202\/#primaryimage\"},\"image\":{\"@id\":\"https:\/\/sxflightcase.com\/product\/flight-case-corners-coa202\/#primaryimage\"},\"thumbnailUrl\":\"https:\/\/sxflightcase.com\/wp-content\/uploads\/2024\/08\/COA202.jpg\",\"datePublished\":\"2024-08-15T07:08:32+00:00\",\"dateModified\":\"2024-08-15T07:08:33+00:00\",\"description\":\"Flight case corners, factory direct! High-quality, durable edge protection for flight cases. Prevents damage during transport and ensures long-lasting reliability for your equipment.\",\"breadcrumb\":{\"@id\":\"https:\/\/sxflightcase.com\/product\/flight-case-corners-coa202\/#breadcrumb\"},\"inLanguage\":\"fr-FR\",\"potentialAction\":[{\"@type\":\"ReadAction\",\"target\":[\"https:\/\/sxflightcase.com\/product\/flight-case-corners-coa202\/\"]}]},{\"@type\":\"ImageObject\",\"inLanguage\":\"fr-FR\",\"@id\":\"https:\/\/sxflightcase.com\/product\/flight-case-corners-coa202\/#primaryimage\",\"url\":\"https:\/\/sxflightcase.com\/wp-content\/uploads\/2024\/08\/COA202.jpg\",\"contentUrl\":\"https:\/\/sxflightcase.com\/wp-content\/uploads\/2024\/08\/COA202.jpg\",\"width\":455,\"height\":422,\"caption\":\"Flight Case Corners\"},{\"@type\":\"BreadcrumbList\",\"@id\":\"https:\/\/sxflightcase.com\/product\/flight-case-corners-coa202\/#breadcrumb\",\"itemListElement\":[{\"@type\":\"ListItem\",\"position\":1,\"name\":\"Home\",\"item\":\"https:\/\/sxflightcase.com\/\"},{\"@type\":\"ListItem\",\"position\":2,\"name\":\"\u0e2a\u0e34\u0e19\u0e04\u0e49\u0e32\",\"item\":\"https:\/\/sxflightcase.com\/th\/shop\/\"},{\"@type\":\"ListItem\",\"position\":3,\"name\":\"Flight Case Corners COA202\"}]},{\"@type\":\"WebSite\",\"@id\":\"https:\/\/sxflightcase.com\/th\/#website\",\"url\":\"https:\/\/sxflightcase.com\/th\/\",\"name\":\"sxpowercase.com\",\"description\":\"Flight Case Factory\",\"publisher\":{\"@id\":\"https:\/\/sxflightcase.com\/th\/#organization\"},\"potentialAction\":[{\"@type\":\"SearchAction\",\"target\":{\"@type\":\"EntryPoint\",\"urlTemplate\":\"https:\/\/sxflightcase.com\/th\/?s={search_term_string}\"},\"query-input\":{\"@type\":\"PropertyValueSpecification\",\"valueRequired\":true,\"valueName\":\"search_term_string\"}}],\"inLanguage\":\"fr-FR\"},{\"@type\":\"Organization\",\"@id\":\"https:\/\/sxflightcase.com\/th\/#organization\",\"name\":\"sxpowercase.com\",\"url\":\"https:\/\/sxflightcase.com\/th\/\",\"logo\":{\"@type\":\"ImageObject\",\"inLanguage\":\"fr-FR\",\"@id\":\"https:\/\/sxflightcase.com\/th\/#\/schema\/logo\/image\/\",\"url\":\"https:\/\/sxflightcase.com\/wp-content\/uploads\/2024\/04\/1713919036007.jpg\",\"contentUrl\":\"https:\/\/sxflightcase.com\/wp-content\/uploads\/2024\/04\/1713919036007.jpg\",\"width\":382,\"height\":388,\"caption\":\"sxpowercase.com\"},\"image\":{\"@id\":\"https:\/\/sxflightcase.com\/th\/#\/schema\/logo\/image\/\"},\"sameAs\":[\"https:\/\/www.facebook.com\/profile.php?id=61560407257971\"],\"numberOfEmployees\":{\"@type\":\"QuantitativeValue\",\"minValue\":\"11\",\"maxValue\":\"50\"}}]}<\/script>\n<!-- \/ Yoast SEO Premium plugin. -->","yoast_head_json":{"title":"Flight Case Corners COA202 - https:\/\/sxflightcase.com \ud83d\udc97","description":"Coins pour flight cases, direct usine ! Protection de haute qualit\u00e9 et durable des bords des flight cases. Pr\u00e9vient les dommages pendant le transport et garantit la fiabilit\u00e9 \u00e0 long terme de votre \u00e9quipement.","robots":{"index":"index","follow":"follow","max-snippet":"max-snippet:-1","max-image-preview":"max-image-preview:large","max-video-preview":"max-video-preview:-1"},"canonical":"https:\/\/sxflightcase.com\/fr\/produit\/coins-pour-flight-case-coa202-2\/","og_locale":"fr_FR","og_type":"article","og_title":"Flight Case Corners COA202","og_description":"Flight case corners, factory direct! High-quality, durable edge protection for flight cases. Prevents damage during transport and ensures long-lasting reliability for your equipment.","og_url":"https:\/\/sxflightcase.com\/fr\/produit\/coins-pour-flight-case-coa202-2\/","og_site_name":"https:\/\/sxflightcase.com","article_publisher":"https:\/\/www.facebook.com\/profile.php?id=61560407257971","article_modified_time":"2024-08-15T07:08:33+00:00","og_image":[{"width":455,"height":422,"url":"https:\/\/sxflightcase.com\/wp-content\/uploads\/2024\/08\/COA202.jpg","type":"image\/jpeg"}],"twitter_card":"summary_large_image","twitter_misc":{"Dur\u00e9e de lecture estim\u00e9e":"3 minutes"},"schema":{"@context":"https:\/\/schema.org","@graph":[{"@type":"WebPage","@id":"https:\/\/sxflightcase.com\/product\/flight-case-corners-coa202\/","url":"https:\/\/sxflightcase.com\/product\/flight-case-corners-coa202\/","name":"Flight Case Corners COA202 - https:\/\/sxflightcase.com \ud83d\udc97","isPartOf":{"@id":"https:\/\/sxflightcase.com\/th\/#website"},"primaryImageOfPage":{"@id":"https:\/\/sxflightcase.com\/product\/flight-case-corners-coa202\/#primaryimage"},"image":{"@id":"https:\/\/sxflightcase.com\/product\/flight-case-corners-coa202\/#primaryimage"},"thumbnailUrl":"https:\/\/sxflightcase.com\/wp-content\/uploads\/2024\/08\/COA202.jpg","datePublished":"2024-08-15T07:08:32+00:00","dateModified":"2024-08-15T07:08:33+00:00","description":"Coins pour flight cases, direct usine ! Protection de haute qualit\u00e9 et durable des bords des flight cases. Pr\u00e9vient les dommages pendant le transport et garantit la fiabilit\u00e9 \u00e0 long terme de votre \u00e9quipement.","breadcrumb":{"@id":"https:\/\/sxflightcase.com\/product\/flight-case-corners-coa202\/#breadcrumb"},"inLanguage":"fr-FR","potentialAction":[{"@type":"ReadAction","target":["https:\/\/sxflightcase.com\/product\/flight-case-corners-coa202\/"]}]},{"@type":"ImageObject","inLanguage":"fr-FR","@id":"https:\/\/sxflightcase.com\/product\/flight-case-corners-coa202\/#primaryimage","url":"https:\/\/sxflightcase.com\/wp-content\/uploads\/2024\/08\/COA202.jpg","contentUrl":"https:\/\/sxflightcase.com\/wp-content\/uploads\/2024\/08\/COA202.jpg","width":455,"height":422,"caption":"Flight Case Corners"},{"@type":"BreadcrumbList","@id":"https:\/\/sxflightcase.com\/product\/flight-case-corners-coa202\/#breadcrumb","itemListElement":[{"@type":"ListItem","position":1,"name":"Home","item":"https:\/\/sxflightcase.com\/"},{"@type":"ListItem","position":2,"name":"\u0e2a\u0e34\u0e19\u0e04\u0e49\u0e32","item":"https:\/\/sxflightcase.com\/th\/shop\/"},{"@type":"ListItem","position":3,"name":"Flight Case Corners COA202"}]},{"@type":"WebSite","@id":"https:\/\/sxflightcase.com\/th\/#website","url":"https:\/\/sxflightcase.com\/th\/","name":"sxpowercase.com","description":"Flight Case Factory","publisher":{"@id":"https:\/\/sxflightcase.com\/th\/#organization"},"potentialAction":[{"@type":"SearchAction","target":{"@type":"EntryPoint","urlTemplate":"https:\/\/sxflightcase.com\/th\/?s={search_term_string}"},"query-input":{"@type":"PropertyValueSpecification","valueRequired":true,"valueName":"search_term_string"}}],"inLanguage":"fr-FR"},{"@type":"Organization","@id":"https:\/\/sxflightcase.com\/th\/#organization","name":"sxpowercase.com","url":"https:\/\/sxflightcase.com\/th\/","logo":{"@type":"ImageObject","inLanguage":"fr-FR","@id":"https:\/\/sxflightcase.com\/th\/#\/schema\/logo\/image\/","url":"https:\/\/sxflightcase.com\/wp-content\/uploads\/2024\/04\/1713919036007.jpg","contentUrl":"https:\/\/sxflightcase.com\/wp-content\/uploads\/2024\/04\/1713919036007.jpg","width":382,"height":388,"caption":"sxpowercase.com"},"image":{"@id":"https:\/\/sxflightcase.com\/th\/#\/schema\/logo\/image\/"},"sameAs":["https:\/\/www.facebook.com\/profile.php?id=61560407257971"],"numberOfEmployees":{"@type":"QuantitativeValue","minValue":"11","maxValue":"50"}}]}},"_links":{"self":[{"href":"https:\/\/sxflightcase.com\/fr\/wp-json\/wp\/v2\/product\/4124","targetHints":{"allow":["GET"]}}],"collection":[{"href":"https:\/\/sxflightcase.com\/fr\/wp-json\/wp\/v2\/product"}],"about":[{"href":"https:\/\/sxflightcase.com\/fr\/wp-json\/wp\/v2\/types\/product"}],"replies":[{"embeddable":true,"href":"https:\/\/sxflightcase.com\/fr\/wp-json\/wp\/v2\/comments?post=4124"}],"version-history":[{"count":0,"href":"https:\/\/sxflightcase.com\/fr\/wp-json\/wp\/v2\/product\/4124\/revisions"}],"wp:featuredmedia":[{"embeddable":true,"href":"https:\/\/sxflightcase.com\/fr\/wp-json\/wp\/v2\/media\/4084"}],"wp:attachment":[{"href":"https:\/\/sxflightcase.com\/fr\/wp-json\/wp\/v2\/media?parent=4124"}],"wp:term":[{"taxonomy":"product_brand","embeddable":true,"href":"https:\/\/sxflightcase.com\/fr\/wp-json\/wp\/v2\/product_brand?post=4124"},{"taxonomy":"product_cat","embeddable":true,"href":"https:\/\/sxflightcase.com\/fr\/wp-json\/wp\/v2\/product_cat?post=4124"},{"taxonomy":"product_tag","embeddable":true,"href":"https:\/\/sxflightcase.com\/fr\/wp-json\/wp\/v2\/product_tag?post=4124"}],"curies":[{"name":"wp","href":"https:\/\/api.w.org\/{rel}","templated":true}]}}