{"id":4133,"date":"2024-08-16T08:34:13","date_gmt":"2024-08-16T07:34:13","guid":{"rendered":"https:\/\/sxpowercase.com\/?post_type=product&#038;p=4133"},"modified":"2024-08-16T08:34:14","modified_gmt":"2024-08-16T07:34:14","slug":"flight-case-corner-protectors-coa203","status":"publish","type":"product","link":"https:\/\/sxflightcase.com\/fr\/produit\/protecteurs-de-coin-pour-flight-case-coa203\/","title":{"rendered":"Protections d&#039;angle pour flight case COA203"},"content":{"rendered":"<h3>Prot\u00e8ge-coins durables pour Flight Case de SX<\/h3>\n<h4>Renforcer la s\u00e9curit\u00e9 des \u00e9quipements gr\u00e2ce \u00e0 une protection fiable<\/h4>\n<p>Lorsqu'il s'agit de prot\u00e9ger votre \u00e9quipement de valeur, la qualit\u00e9 est importante. SX <strong>Prot\u00e8ge-coins pour Flight Case<\/strong> sont con\u00e7us pour offrir \u00e0 vos mallettes la protection durable dont elles ont besoin pendant le transport et le stockage. Ces protections d'angle sont fabriqu\u00e9es \u00e0 partir de mat\u00e9riaux de haute qualit\u00e9, garantissant que votre mat\u00e9riel reste \u00e0 l'abri des chocs, des chutes et des conditions difficiles. Gr\u00e2ce au prix direct usine de SX, vous pouvez investir dans une protection de premi\u00e8re qualit\u00e9 \u00e0 un prix \u00e9tonnamment bas.<\/p>\n<h4>Con\u00e7u pour des performances \u00e9lev\u00e9es<\/h4>\n<p><a href=\"https:\/\/sxpowercase.com\/\" target=\"_blank\" rel=\"noopener\" title=\"SX\" data-wpil-monitor-id=\"669\">SX<\/a> <strong>Prot\u00e8ge-coins pour Flight Case<\/strong> sont con\u00e7us pour r\u00e9sister aux environnements exigeants, ce qui les rend id\u00e9aux pour les professionnels en d\u00e9placement. Qu'il s'agisse de musiciens en tourn\u00e9e ou de techniciens audiovisuels, nos protecteurs offrent une protection constante et fiable. Fabriqu\u00e9s selon des normes rigoureuses, ces protecteurs offrent une qualit\u00e9 \u00e0 laquelle vous pouvez vous fier, sans gonfler vos co\u00fbts.<\/p>\n<h4>Installation facile pour une utilisation polyvalente<\/h4>\n<p>Notre <strong>Prot\u00e8ge-coins pour Flight Case<\/strong> sont con\u00e7us pour une installation sans probl\u00e8me et s'adaptent parfaitement \u00e0 diff\u00e9rents types de bo\u00eetiers. Qu'il s'agisse d'am\u00e9liorer vos flight cases actuels ou d'en assembler de nouveaux, les protecteurs de SX s'adaptent parfaitement. Gr\u00e2ce \u00e0 leur conception de pr\u00e9cision et \u00e0 leur grande durabilit\u00e9, vous pouvez compter sur eux pour am\u00e9liorer \u00e0 la fois la fonction et l'apparence de vos bo\u00eetiers.<\/p>\n<h4>Des solutions abordables et personnalisables<\/h4>\n<p>Chez SX, nous comprenons que chaque cas a des besoins diff\u00e9rents. C'est pourquoi nous proposons une gamme d'outils d'aide \u00e0 la d\u00e9cision personnalisables. <strong>Prot\u00e8ge-coins pour Flight Case<\/strong> pour r\u00e9pondre \u00e0 vos besoins sp\u00e9cifiques. Gr\u00e2ce aux options de taille, de forme et de finition, vous pouvez adapter vos protections de coin \u00e0 votre mat\u00e9riel. Notre approche directe de l'usine garantit que ces solutions sont disponibles \u00e0 des prix adapt\u00e9s \u00e0 votre budget.<\/p>\n<h4>Une qualit\u00e9 fiable, garantie<\/h4>\n<p>Lorsque vous choisissez SX <strong>Prot\u00e8ge-coins pour Flight Case<\/strong>vous investissez dans une qualit\u00e9 qui est faite pour durer. Nous combinons des techniques de fabrication avanc\u00e9es avec des contr\u00f4les de qualit\u00e9 rigoureux pour garantir que nos produits r\u00e9pondent aux normes les plus strictes. Vous avez la certitude que vos \u00e9tuis resteront prot\u00e9g\u00e9s et, gr\u00e2ce \u00e0 nos prix comp\u00e9titifs, vous n'aurez pas \u00e0 d\u00e9penser trop.<\/p>\n<h4>Le choix du professionnel<\/h4>\n<p>Les professionnels de tous les secteurs d'activit\u00e9 font confiance \u00e0 SX pour une protection fiable et rentable. Nos <strong>Prot\u00e8ge-coins pour Flight Case<\/strong>\u00a0sont utilis\u00e9s par les \u00e9quipes \u00e9v\u00e9nementielles, les \u00e9quipes logistiques et les professionnels de la production dans le monde entier. Avec SX, vous choisissez une marque connue pour sa qualit\u00e9, sa durabilit\u00e9 et son rapport qualit\u00e9-prix imbattable.<\/p>\n<h4>Connectez-vous avec SX pour obtenir les meilleures offres<\/h4>\n<p>\u00c0 la recherche d'un produit durable et abordable <strong>Prot\u00e8ge-coins pour Flight Case<\/strong>? Contactez SX d\u00e8s aujourd'hui pour d\u00e9couvrir notre gamme de produits. En tant que marque de confiance dans le domaine des flight cases, SX est votre source privil\u00e9gi\u00e9e pour des solutions qui prot\u00e8gent votre \u00e9quipement tout en restant dans les limites de votre budget.<\/p>\n<p>Contactez-nous maintenant :<span style=\"color: #0000ff;\"><a style=\"color: #0000ff;\" href=\"https:\/\/sxpowercase.com\/contact-us\/\">https:\/\/sxpowercase.com\/<\/a><\/span><\/p>\n<p>Catalogue de produits mat\u00e9riels :<span style=\"color: #3366ff;\"><a style=\"color: #3366ff;\" href=\"https:\/\/sxpowercase.com\/wp-content\/uploads\/2024\/07\/\u4e94\u91d1.pdf\">Catalogue d&#039;accessoires de quincaillerie<\/a><\/span><\/p>","protected":false},"excerpt":{"rendered":"<h3>Prot\u00e8ge-coins pour Flight Case SX : Protection de l'\u00e9quipement de premi\u00e8re qualit\u00e9<\/h3>\n<p>Prot\u00e9gez votre \u00e9quipement avec les protections durables de coins de Flight Case de SX. Fabriqu\u00e9s \u00e0 partir de mat\u00e9riaux de haute qualit\u00e9, ils offrent une r\u00e9sistance aux chocs et une protection fiable pendant le transport \u00e0 des prix d'usine.<\/p>\n<h3>Robuste, facile \u00e0 installer<\/h3>\n<p>Les corni\u00e8res de protection SX sont con\u00e7ues pour les environnements exigeants et offrent une installation rapide pour tous les types de bo\u00eetiers. Ils offrent \u00e0 la fois des performances robustes et une finition \u00e9l\u00e9gante pour vos bo\u00eetiers.<\/p>\n<h3>Des solutions personnalisables et abordables<\/h3>\n<p>Adaptez les protections de coin de Flight Case SX \u00e0 vos besoins gr\u00e2ce aux options personnalisables de taille et de finition. B\u00e9n\u00e9ficiez d'une protection de premier ordre sans vous ruiner, \u00e0 laquelle les professionnels du monde entier font confiance.<\/p>","protected":false},"featured_media":4085,"comment_status":"open","ping_status":"closed","template":"","meta":[],"product_brand":[],"product_cat":[63],"product_tag":[],"class_list":{"0":"post-4133","1":"product","2":"type-product","3":"status-publish","4":"has-post-thumbnail","6":"product_cat-corners","8":"first","9":"instock","10":"shipping-taxable","11":"product-type-simple"},"yoast_head":"<!-- This site is optimized with the Yoast SEO Premium plugin v27.1 (Yoast SEO v27.2) - https:\/\/yoast.com\/product\/yoast-seo-premium-wordpress\/ -->\n<title>Flight Case Corner Protectors COA203 - https:\/\/sxflightcase.com \ud83d\udc97<\/title>\n<meta name=\"description\" content=\"Flight case corner protectors, factory direct! Durable and high-quality edge protection for flight cases, ensuring reliable equipment safety during transport. Ideal for long-lasting use.\" \/>\n<meta name=\"robots\" content=\"index, follow, max-snippet:-1, max-image-preview:large, max-video-preview:-1\" \/>\n<link rel=\"canonical\" href=\"https:\/\/sxflightcase.com\/fr\/\uc81c\ud488\/\ud50c\ub77c\uc774\ud2b8-\ucf00\uc774\uc2a4-\ucf54\ub108-\ud504\ub85c\ud14d\ud130-coa203-2\/\" \/>\n<meta property=\"og:locale\" content=\"fr_FR\" \/>\n<meta property=\"og:type\" content=\"article\" \/>\n<meta property=\"og:title\" content=\"Flight Case Corner Protectors COA203\" \/>\n<meta property=\"og:description\" content=\"Flight case corner protectors, factory direct! Durable and high-quality edge protection for flight cases, ensuring reliable equipment safety during transport. Ideal for long-lasting use.\" \/>\n<meta property=\"og:url\" content=\"https:\/\/sxflightcase.com\/fr\/\uc81c\ud488\/\ud50c\ub77c\uc774\ud2b8-\ucf00\uc774\uc2a4-\ucf54\ub108-\ud504\ub85c\ud14d\ud130-coa203-2\/\" \/>\n<meta property=\"og:site_name\" content=\"https:\/\/sxflightcase.com\" \/>\n<meta property=\"article:publisher\" content=\"https:\/\/www.facebook.com\/profile.php?id=61560407257971\" \/>\n<meta property=\"article:modified_time\" content=\"2024-08-16T07:34:14+00:00\" \/>\n<meta property=\"og:image\" content=\"https:\/\/sxflightcase.com\/wp-content\/uploads\/2024\/08\/COA203.jpg\" \/>\n\t<meta property=\"og:image:width\" content=\"489\" \/>\n\t<meta property=\"og:image:height\" content=\"480\" \/>\n\t<meta property=\"og:image:type\" content=\"image\/jpeg\" \/>\n<meta name=\"twitter:card\" content=\"summary_large_image\" \/>\n<meta name=\"twitter:label1\" content=\"Dur\u00e9e de lecture estim\u00e9e\" \/>\n\t<meta name=\"twitter:data1\" content=\"3 minutes\" \/>\n<script type=\"application\/ld+json\" class=\"yoast-schema-graph\">{\"@context\":\"https:\/\/schema.org\",\"@graph\":[{\"@type\":\"WebPage\",\"@id\":\"https:\/\/sxflightcase.com\/ko\/\uc81c\ud488\/\ud50c\ub77c\uc774\ud2b8-\ucf00\uc774\uc2a4-\ucf54\ub108-\ud504\ub85c\ud14d\ud130-coa203-2\/\",\"url\":\"https:\/\/sxflightcase.com\/ko\/\uc81c\ud488\/\ud50c\ub77c\uc774\ud2b8-\ucf00\uc774\uc2a4-\ucf54\ub108-\ud504\ub85c\ud14d\ud130-coa203-2\/\",\"name\":\"Flight Case Corner Protectors COA203 - https:\/\/sxflightcase.com \ud83d\udc97\",\"isPartOf\":{\"@id\":\"https:\/\/sxflightcase.com\/th\/#website\"},\"primaryImageOfPage\":{\"@id\":\"https:\/\/sxflightcase.com\/ko\/\uc81c\ud488\/\ud50c\ub77c\uc774\ud2b8-\ucf00\uc774\uc2a4-\ucf54\ub108-\ud504\ub85c\ud14d\ud130-coa203-2\/#primaryimage\"},\"image\":{\"@id\":\"https:\/\/sxflightcase.com\/ko\/\uc81c\ud488\/\ud50c\ub77c\uc774\ud2b8-\ucf00\uc774\uc2a4-\ucf54\ub108-\ud504\ub85c\ud14d\ud130-coa203-2\/#primaryimage\"},\"thumbnailUrl\":\"https:\/\/sxflightcase.com\/wp-content\/uploads\/2024\/08\/COA203.jpg\",\"datePublished\":\"2024-08-16T07:34:13+00:00\",\"dateModified\":\"2024-08-16T07:34:14+00:00\",\"description\":\"Flight case corner protectors, factory direct! Durable and high-quality edge protection for flight cases, ensuring reliable equipment safety during transport. Ideal for long-lasting use.\",\"breadcrumb\":{\"@id\":\"https:\/\/sxflightcase.com\/ko\/\uc81c\ud488\/\ud50c\ub77c\uc774\ud2b8-\ucf00\uc774\uc2a4-\ucf54\ub108-\ud504\ub85c\ud14d\ud130-coa203-2\/#breadcrumb\"},\"inLanguage\":\"fr-FR\",\"potentialAction\":[{\"@type\":\"ReadAction\",\"target\":[\"https:\/\/sxflightcase.com\/ko\/\uc81c\ud488\/\ud50c\ub77c\uc774\ud2b8-\ucf00\uc774\uc2a4-\ucf54\ub108-\ud504\ub85c\ud14d\ud130-coa203-2\/\"]}]},{\"@type\":\"ImageObject\",\"inLanguage\":\"fr-FR\",\"@id\":\"https:\/\/sxflightcase.com\/ko\/\uc81c\ud488\/\ud50c\ub77c\uc774\ud2b8-\ucf00\uc774\uc2a4-\ucf54\ub108-\ud504\ub85c\ud14d\ud130-coa203-2\/#primaryimage\",\"url\":\"https:\/\/sxflightcase.com\/wp-content\/uploads\/2024\/08\/COA203.jpg\",\"contentUrl\":\"https:\/\/sxflightcase.com\/wp-content\/uploads\/2024\/08\/COA203.jpg\",\"width\":489,\"height\":480,\"caption\":\"Flight Case Corner Protectors\"},{\"@type\":\"BreadcrumbList\",\"@id\":\"https:\/\/sxflightcase.com\/ko\/\uc81c\ud488\/\ud50c\ub77c\uc774\ud2b8-\ucf00\uc774\uc2a4-\ucf54\ub108-\ud504\ub85c\ud14d\ud130-coa203-2\/#breadcrumb\",\"itemListElement\":[{\"@type\":\"ListItem\",\"position\":1,\"name\":\"Home\",\"item\":\"https:\/\/sxflightcase.com\/\"},{\"@type\":\"ListItem\",\"position\":2,\"name\":\"\u0e2a\u0e34\u0e19\u0e04\u0e49\u0e32\",\"item\":\"https:\/\/sxflightcase.com\/th\/shop\/\"},{\"@type\":\"ListItem\",\"position\":3,\"name\":\"Flight Case Corner Protectors COA203\"}]},{\"@type\":\"WebSite\",\"@id\":\"https:\/\/sxflightcase.com\/th\/#website\",\"url\":\"https:\/\/sxflightcase.com\/th\/\",\"name\":\"sxpowercase.com\",\"description\":\"Flight Case Factory\",\"publisher\":{\"@id\":\"https:\/\/sxflightcase.com\/th\/#organization\"},\"potentialAction\":[{\"@type\":\"SearchAction\",\"target\":{\"@type\":\"EntryPoint\",\"urlTemplate\":\"https:\/\/sxflightcase.com\/th\/?s={search_term_string}\"},\"query-input\":{\"@type\":\"PropertyValueSpecification\",\"valueRequired\":true,\"valueName\":\"search_term_string\"}}],\"inLanguage\":\"fr-FR\"},{\"@type\":\"Organization\",\"@id\":\"https:\/\/sxflightcase.com\/th\/#organization\",\"name\":\"sxpowercase.com\",\"url\":\"https:\/\/sxflightcase.com\/th\/\",\"logo\":{\"@type\":\"ImageObject\",\"inLanguage\":\"fr-FR\",\"@id\":\"https:\/\/sxflightcase.com\/th\/#\/schema\/logo\/image\/\",\"url\":\"https:\/\/sxflightcase.com\/wp-content\/uploads\/2024\/04\/1713919036007.jpg\",\"contentUrl\":\"https:\/\/sxflightcase.com\/wp-content\/uploads\/2024\/04\/1713919036007.jpg\",\"width\":382,\"height\":388,\"caption\":\"sxpowercase.com\"},\"image\":{\"@id\":\"https:\/\/sxflightcase.com\/th\/#\/schema\/logo\/image\/\"},\"sameAs\":[\"https:\/\/www.facebook.com\/profile.php?id=61560407257971\"],\"numberOfEmployees\":{\"@type\":\"QuantitativeValue\",\"minValue\":\"11\",\"maxValue\":\"50\"}}]}<\/script>\n<!-- \/ Yoast SEO Premium plugin. -->","yoast_head_json":{"title":"Flight Case Corner Protectors COA203 - https:\/\/sxflightcase.com \ud83d\udc97","description":"Prot\u00e8ge-coins pour flight cases, direct usine ! Protection durable et de haute qualit\u00e9 des bords des flight cases, garantissant la s\u00e9curit\u00e9 de l'\u00e9quipement pendant le transport. Id\u00e9al pour une utilisation durable.","robots":{"index":"index","follow":"follow","max-snippet":"max-snippet:-1","max-image-preview":"max-image-preview:large","max-video-preview":"max-video-preview:-1"},"canonical":"https:\/\/sxflightcase.com\/fr\/\uc81c\ud488\/\ud50c\ub77c\uc774\ud2b8-\ucf00\uc774\uc2a4-\ucf54\ub108-\ud504\ub85c\ud14d\ud130-coa203-2\/","og_locale":"fr_FR","og_type":"article","og_title":"Flight Case Corner Protectors COA203","og_description":"Flight case corner protectors, factory direct! Durable and high-quality edge protection for flight cases, ensuring reliable equipment safety during transport. Ideal for long-lasting use.","og_url":"https:\/\/sxflightcase.com\/fr\/\uc81c\ud488\/\ud50c\ub77c\uc774\ud2b8-\ucf00\uc774\uc2a4-\ucf54\ub108-\ud504\ub85c\ud14d\ud130-coa203-2\/","og_site_name":"https:\/\/sxflightcase.com","article_publisher":"https:\/\/www.facebook.com\/profile.php?id=61560407257971","article_modified_time":"2024-08-16T07:34:14+00:00","og_image":[{"width":489,"height":480,"url":"https:\/\/sxflightcase.com\/wp-content\/uploads\/2024\/08\/COA203.jpg","type":"image\/jpeg"}],"twitter_card":"summary_large_image","twitter_misc":{"Dur\u00e9e de lecture estim\u00e9e":"3 minutes"},"schema":{"@context":"https:\/\/schema.org","@graph":[{"@type":"WebPage","@id":"https:\/\/sxflightcase.com\/ko\/\uc81c\ud488\/\ud50c\ub77c\uc774\ud2b8-\ucf00\uc774\uc2a4-\ucf54\ub108-\ud504\ub85c\ud14d\ud130-coa203-2\/","url":"https:\/\/sxflightcase.com\/ko\/\uc81c\ud488\/\ud50c\ub77c\uc774\ud2b8-\ucf00\uc774\uc2a4-\ucf54\ub108-\ud504\ub85c\ud14d\ud130-coa203-2\/","name":"Flight Case Corner Protectors COA203 - https:\/\/sxflightcase.com \ud83d\udc97","isPartOf":{"@id":"https:\/\/sxflightcase.com\/th\/#website"},"primaryImageOfPage":{"@id":"https:\/\/sxflightcase.com\/ko\/\uc81c\ud488\/\ud50c\ub77c\uc774\ud2b8-\ucf00\uc774\uc2a4-\ucf54\ub108-\ud504\ub85c\ud14d\ud130-coa203-2\/#primaryimage"},"image":{"@id":"https:\/\/sxflightcase.com\/ko\/\uc81c\ud488\/\ud50c\ub77c\uc774\ud2b8-\ucf00\uc774\uc2a4-\ucf54\ub108-\ud504\ub85c\ud14d\ud130-coa203-2\/#primaryimage"},"thumbnailUrl":"https:\/\/sxflightcase.com\/wp-content\/uploads\/2024\/08\/COA203.jpg","datePublished":"2024-08-16T07:34:13+00:00","dateModified":"2024-08-16T07:34:14+00:00","description":"Prot\u00e8ge-coins pour flight cases, direct usine ! Protection durable et de haute qualit\u00e9 des bords des flight cases, garantissant la s\u00e9curit\u00e9 de l'\u00e9quipement pendant le transport. Id\u00e9al pour une utilisation durable.","breadcrumb":{"@id":"https:\/\/sxflightcase.com\/ko\/\uc81c\ud488\/\ud50c\ub77c\uc774\ud2b8-\ucf00\uc774\uc2a4-\ucf54\ub108-\ud504\ub85c\ud14d\ud130-coa203-2\/#breadcrumb"},"inLanguage":"fr-FR","potentialAction":[{"@type":"ReadAction","target":["https:\/\/sxflightcase.com\/ko\/\uc81c\ud488\/\ud50c\ub77c\uc774\ud2b8-\ucf00\uc774\uc2a4-\ucf54\ub108-\ud504\ub85c\ud14d\ud130-coa203-2\/"]}]},{"@type":"ImageObject","inLanguage":"fr-FR","@id":"https:\/\/sxflightcase.com\/ko\/\uc81c\ud488\/\ud50c\ub77c\uc774\ud2b8-\ucf00\uc774\uc2a4-\ucf54\ub108-\ud504\ub85c\ud14d\ud130-coa203-2\/#primaryimage","url":"https:\/\/sxflightcase.com\/wp-content\/uploads\/2024\/08\/COA203.jpg","contentUrl":"https:\/\/sxflightcase.com\/wp-content\/uploads\/2024\/08\/COA203.jpg","width":489,"height":480,"caption":"Flight Case Corner Protectors"},{"@type":"BreadcrumbList","@id":"https:\/\/sxflightcase.com\/ko\/\uc81c\ud488\/\ud50c\ub77c\uc774\ud2b8-\ucf00\uc774\uc2a4-\ucf54\ub108-\ud504\ub85c\ud14d\ud130-coa203-2\/#breadcrumb","itemListElement":[{"@type":"ListItem","position":1,"name":"Home","item":"https:\/\/sxflightcase.com\/"},{"@type":"ListItem","position":2,"name":"\u0e2a\u0e34\u0e19\u0e04\u0e49\u0e32","item":"https:\/\/sxflightcase.com\/th\/shop\/"},{"@type":"ListItem","position":3,"name":"Flight Case Corner Protectors COA203"}]},{"@type":"WebSite","@id":"https:\/\/sxflightcase.com\/th\/#website","url":"https:\/\/sxflightcase.com\/th\/","name":"sxpowercase.com","description":"Flight Case Factory","publisher":{"@id":"https:\/\/sxflightcase.com\/th\/#organization"},"potentialAction":[{"@type":"SearchAction","target":{"@type":"EntryPoint","urlTemplate":"https:\/\/sxflightcase.com\/th\/?s={search_term_string}"},"query-input":{"@type":"PropertyValueSpecification","valueRequired":true,"valueName":"search_term_string"}}],"inLanguage":"fr-FR"},{"@type":"Organization","@id":"https:\/\/sxflightcase.com\/th\/#organization","name":"sxpowercase.com","url":"https:\/\/sxflightcase.com\/th\/","logo":{"@type":"ImageObject","inLanguage":"fr-FR","@id":"https:\/\/sxflightcase.com\/th\/#\/schema\/logo\/image\/","url":"https:\/\/sxflightcase.com\/wp-content\/uploads\/2024\/04\/1713919036007.jpg","contentUrl":"https:\/\/sxflightcase.com\/wp-content\/uploads\/2024\/04\/1713919036007.jpg","width":382,"height":388,"caption":"sxpowercase.com"},"image":{"@id":"https:\/\/sxflightcase.com\/th\/#\/schema\/logo\/image\/"},"sameAs":["https:\/\/www.facebook.com\/profile.php?id=61560407257971"],"numberOfEmployees":{"@type":"QuantitativeValue","minValue":"11","maxValue":"50"}}]}},"_links":{"self":[{"href":"https:\/\/sxflightcase.com\/fr\/wp-json\/wp\/v2\/product\/4133","targetHints":{"allow":["GET"]}}],"collection":[{"href":"https:\/\/sxflightcase.com\/fr\/wp-json\/wp\/v2\/product"}],"about":[{"href":"https:\/\/sxflightcase.com\/fr\/wp-json\/wp\/v2\/types\/product"}],"replies":[{"embeddable":true,"href":"https:\/\/sxflightcase.com\/fr\/wp-json\/wp\/v2\/comments?post=4133"}],"version-history":[{"count":0,"href":"https:\/\/sxflightcase.com\/fr\/wp-json\/wp\/v2\/product\/4133\/revisions"}],"wp:featuredmedia":[{"embeddable":true,"href":"https:\/\/sxflightcase.com\/fr\/wp-json\/wp\/v2\/media\/4085"}],"wp:attachment":[{"href":"https:\/\/sxflightcase.com\/fr\/wp-json\/wp\/v2\/media?parent=4133"}],"wp:term":[{"taxonomy":"product_brand","embeddable":true,"href":"https:\/\/sxflightcase.com\/fr\/wp-json\/wp\/v2\/product_brand?post=4133"},{"taxonomy":"product_cat","embeddable":true,"href":"https:\/\/sxflightcase.com\/fr\/wp-json\/wp\/v2\/product_cat?post=4133"},{"taxonomy":"product_tag","embeddable":true,"href":"https:\/\/sxflightcase.com\/fr\/wp-json\/wp\/v2\/product_tag?post=4133"}],"curies":[{"name":"wp","href":"https:\/\/api.w.org\/{rel}","templated":true}]}}