{"id":4136,"date":"2024-08-16T08:36:34","date_gmt":"2024-08-16T07:36:34","guid":{"rendered":"https:\/\/sxpowercase.com\/?post_type=product&#038;p=4136"},"modified":"2024-08-16T08:36:35","modified_gmt":"2024-08-16T07:36:35","slug":"flight-case-corner-protectors-coa204","status":"publish","type":"product","link":"https:\/\/sxflightcase.com\/fr\/produit\/protecteurs-de-coin-pour-flight-case-coa204-2\/","title":{"rendered":"Protections d&#039;angle pour flight case COA204"},"content":{"rendered":"<h3>Prot\u00e8ge-coins de haute qualit\u00e9 pour Flight Case par SX<\/h3>\n<h4>Une protection fiable pour votre mat\u00e9riel<\/h4>\n<p>Lors du transport d'\u00e9quipements de valeur, il est essentiel de disposer d'une protection fiable. SX <strong>Prot\u00e8ge-coins pour Flight Case<\/strong> sont con\u00e7us pour offrir une durabilit\u00e9 et une s\u00e9curit\u00e9 accrues \u00e0 vos \u00e9tuis. Fabriqu\u00e9s \u00e0 partir de mat\u00e9riaux tr\u00e8s r\u00e9sistants, ces prot\u00e8ge-coins offrent une protection suppl\u00e9mentaire contre les chutes, les chocs et les manipulations brutales. En choisissant <a href=\"https:\/\/sxpowercase.com\/\" target=\"_blank\" rel=\"noopener\" title=\"SX\" data-wpil-monitor-id=\"670\">SX<\/a>Vous b\u00e9n\u00e9ficiez de prix d'usine sans compromis sur la qualit\u00e9.<\/p>\n<h4>Con\u00e7u pour les conditions difficiles<\/h4>\n<p>SX <strong>Prot\u00e8ge-coins pour Flight Case<\/strong> sont con\u00e7us pour r\u00e9sister \u00e0 une utilisation intensive dans des environnements exigeants. Que vous soyez sur la route avec un groupe en tourn\u00e9e ou que vous g\u00e9riez l'organisation d'un \u00e9v\u00e9nement, ces protections garantissent la s\u00e9curit\u00e9 de votre mat\u00e9riel. Con\u00e7us pour r\u00e9pondre aux normes professionnelles, nos protecteurs allient robustesse et prix abordable, offrant ainsi un excellent rapport qualit\u00e9-prix pour votre investissement.<\/p>\n<h4>Facile \u00e0 installer et polyvalent<\/h4>\n<p>Notre <strong>Prot\u00e8ge-coins pour Flight Case<\/strong> sont faciles \u00e0 installer et compatibles avec un large \u00e9ventail de types de bo\u00eetiers. Que vous mettiez \u00e0 niveau des bo\u00eetiers existants ou que vous en construisiez de nouveaux, SX propose des solutions polyvalentes qui s'int\u00e8grent parfaitement. Con\u00e7us avec pr\u00e9cision, nos prot\u00e8ge-coins am\u00e9liorent \u00e0 la fois la protection et l'aspect g\u00e9n\u00e9ral de vos bo\u00eetiers.<\/p>\n<h4>Personnalisable et rentable<\/h4>\n<p>Chez SX, nous savons qu'il n'y a pas de taille unique. C'est pourquoi nous proposons des <strong>Prot\u00e8ge-coins pour Flight Case<\/strong> pour r\u00e9pondre \u00e0 vos besoins uniques. Que vous ayez besoin de tailles, de formes ou de finitions sp\u00e9cifiques, nous avons ce qu'il vous faut, \u00e0 des prix comp\u00e9titifs. En traitant directement avec notre usine, vous b\u00e9n\u00e9ficiez de co\u00fbts r\u00e9duits sans sacrifier la qualit\u00e9.<\/p>\n<h4>Une qualit\u00e9 sur laquelle vous pouvez compter<\/h4>\n<p>SX s'engage \u00e0 fournir des produits auxquels vous pouvez faire confiance. Nos produits <strong>Prot\u00e8ge-coins pour Flight Case<\/strong> sont fabriqu\u00e9s avec une attention m\u00e9ticuleuse aux d\u00e9tails, ce qui garantit des performances et une durabilit\u00e9 constantes. Des tests rigoureux et un contr\u00f4le de la qualit\u00e9 garantissent que chaque pi\u00e8ce r\u00e9pond aux normes \u00e9lev\u00e9es que les professionnels attendent. Avec SX, vous b\u00e9n\u00e9ficiez d'une protection durable \u00e0 un prix abordable.<\/p>\n<h4>Pr\u00e9f\u00e9r\u00e9 par les experts de l'industrie<\/h4>\n<p>SX <strong>Prot\u00e8ge-coins pour Flight Case<\/strong>\u00a0sont utilis\u00e9s par des professionnels de divers secteurs, de la gestion d'\u00e9v\u00e9nements \u00e0 la radiodiffusion. Nos produits sont choisis par ceux qui exigent la fiabilit\u00e9 et la valeur de chaque composant. Que vous ayez besoin de commandes en gros ou d'une personnalisation sp\u00e9cifique, SX est votre partenaire fiable pour tous vos besoins en mat\u00e9riel de flight case.<\/p>\n<h4>Contact SX pour de bonnes affaires<\/h4>\n<p>Pour les primes <strong>Prot\u00e8ge-coins pour Flight Case<\/strong>\u00a0SX est le partenaire id\u00e9al pour tous ceux qui souhaitent b\u00e9n\u00e9ficier d'une protection de qualit\u00e9 \u00e0 un prix abordable. Notre vaste s\u00e9lection de mat\u00e9riel est con\u00e7ue pour offrir une protection de premier ordre \u00e0 des prix d'usine. Contactez-nous d\u00e8s aujourd'hui pour d\u00e9couvrir comment SX peut vous aider \u00e0 assurer la s\u00e9curit\u00e9 de votre \u00e9quipement, peu importe o\u00f9 votre travail vous m\u00e8ne.<\/p>\n<p>Contactez-nous maintenant :<span style=\"color: #0000ff;\"><a style=\"color: #0000ff;\" href=\"https:\/\/sxpowercase.com\/contact-us\/\">https:\/\/sxpowercase.com\/<\/a><\/span><\/p>\n<p>Catalogue de produits mat\u00e9riels :<span style=\"color: #3366ff;\"><a style=\"color: #3366ff;\" href=\"https:\/\/sxpowercase.com\/wp-content\/uploads\/2024\/07\/\u4e94\u91d1.pdf\">Catalogue d&#039;accessoires de quincaillerie<\/a><\/span><\/p>","protected":false},"excerpt":{"rendered":"<h3>Prot\u00e8ge-coins pour Flight Case SX : Protection de l'\u00e9quipement de premi\u00e8re qualit\u00e9<\/h3>\n<p>Prot\u00e9gez votre \u00e9quipement avec les protections durables de coins de Flight Case de SX. Fabriqu\u00e9s \u00e0 partir de mat\u00e9riaux de haute qualit\u00e9, ils offrent une r\u00e9sistance aux chocs et une protection fiable pendant le transport \u00e0 des prix d'usine.<\/p>\n<h3>Robuste, facile \u00e0 installer<\/h3>\n<p>Les corni\u00e8res de protection SX sont con\u00e7ues pour les environnements exigeants et offrent une installation rapide pour tous les types de bo\u00eetiers. Ils offrent \u00e0 la fois des performances robustes et une finition \u00e9l\u00e9gante pour vos bo\u00eetiers.<\/p>\n<h3>Des solutions personnalisables et abordables<\/h3>\n<p>Adaptez les protections de coin de Flight Case SX \u00e0 vos besoins gr\u00e2ce aux options personnalisables de taille et de finition. B\u00e9n\u00e9ficiez d'une protection de premier ordre sans vous ruiner, \u00e0 laquelle les professionnels du monde entier font confiance.<\/p>","protected":false},"featured_media":4086,"comment_status":"open","ping_status":"closed","template":"","meta":[],"product_brand":[],"product_cat":[63],"product_tag":[],"class_list":{"0":"post-4136","1":"product","2":"type-product","3":"status-publish","4":"has-post-thumbnail","6":"product_cat-corners","8":"first","9":"instock","10":"shipping-taxable","11":"product-type-simple"},"yoast_head":"<!-- This site is optimized with the Yoast SEO Premium plugin v27.1 (Yoast SEO v27.2) - https:\/\/yoast.com\/product\/yoast-seo-premium-wordpress\/ -->\n<title>Flight Case Corner Protectors COA204 - https:\/\/sxflightcase.com \ud83d\udc97<\/title>\n<meta name=\"description\" content=\"Flight case corner protectors, factory direct! Durable and high-quality edge protection for flight cases, ensuring reliable equipment safety during transport. Ideal for long-lasting use.\" \/>\n<meta name=\"robots\" content=\"index, follow, max-snippet:-1, max-image-preview:large, max-video-preview:-1\" \/>\n<link rel=\"canonical\" href=\"https:\/\/sxflightcase.com\/fr\/producto\/protectores-de-esquinas-para-flightcases-coa204-2\/\" \/>\n<meta property=\"og:locale\" content=\"fr_FR\" \/>\n<meta property=\"og:type\" content=\"article\" \/>\n<meta property=\"og:title\" content=\"Flight Case Corner Protectors COA204\" \/>\n<meta property=\"og:description\" content=\"Flight case corner protectors, factory direct! Durable and high-quality edge protection for flight cases, ensuring reliable equipment safety during transport. Ideal for long-lasting use.\" \/>\n<meta property=\"og:url\" content=\"https:\/\/sxflightcase.com\/fr\/producto\/protectores-de-esquinas-para-flightcases-coa204-2\/\" \/>\n<meta property=\"og:site_name\" content=\"https:\/\/sxflightcase.com\" \/>\n<meta property=\"article:publisher\" content=\"https:\/\/www.facebook.com\/profile.php?id=61560407257971\" \/>\n<meta property=\"article:modified_time\" content=\"2024-08-16T07:36:35+00:00\" \/>\n<meta property=\"og:image\" content=\"https:\/\/sxflightcase.com\/wp-content\/uploads\/2024\/08\/COA204.jpg\" \/>\n\t<meta property=\"og:image:width\" content=\"520\" \/>\n\t<meta property=\"og:image:height\" content=\"561\" \/>\n\t<meta property=\"og:image:type\" content=\"image\/jpeg\" \/>\n<meta name=\"twitter:card\" content=\"summary_large_image\" \/>\n<meta name=\"twitter:label1\" content=\"Dur\u00e9e de lecture estim\u00e9e\" \/>\n\t<meta name=\"twitter:data1\" content=\"3 minutes\" \/>\n<script type=\"application\/ld+json\" class=\"yoast-schema-graph\">{\"@context\":\"https:\/\/schema.org\",\"@graph\":[{\"@type\":\"WebPage\",\"@id\":\"https:\/\/sxflightcase.com\/es_es\/producto\/protectores-de-esquinas-para-flightcases-coa204-2\/\",\"url\":\"https:\/\/sxflightcase.com\/es_es\/producto\/protectores-de-esquinas-para-flightcases-coa204-2\/\",\"name\":\"Flight Case Corner Protectors COA204 - https:\/\/sxflightcase.com \ud83d\udc97\",\"isPartOf\":{\"@id\":\"https:\/\/sxflightcase.com\/th\/#website\"},\"primaryImageOfPage\":{\"@id\":\"https:\/\/sxflightcase.com\/es_es\/producto\/protectores-de-esquinas-para-flightcases-coa204-2\/#primaryimage\"},\"image\":{\"@id\":\"https:\/\/sxflightcase.com\/es_es\/producto\/protectores-de-esquinas-para-flightcases-coa204-2\/#primaryimage\"},\"thumbnailUrl\":\"https:\/\/sxflightcase.com\/wp-content\/uploads\/2024\/08\/COA204.jpg\",\"datePublished\":\"2024-08-16T07:36:34+00:00\",\"dateModified\":\"2024-08-16T07:36:35+00:00\",\"description\":\"Flight case corner protectors, factory direct! Durable and high-quality edge protection for flight cases, ensuring reliable equipment safety during transport. Ideal for long-lasting use.\",\"breadcrumb\":{\"@id\":\"https:\/\/sxflightcase.com\/es_es\/producto\/protectores-de-esquinas-para-flightcases-coa204-2\/#breadcrumb\"},\"inLanguage\":\"fr-FR\",\"potentialAction\":[{\"@type\":\"ReadAction\",\"target\":[\"https:\/\/sxflightcase.com\/es_es\/producto\/protectores-de-esquinas-para-flightcases-coa204-2\/\"]}]},{\"@type\":\"ImageObject\",\"inLanguage\":\"fr-FR\",\"@id\":\"https:\/\/sxflightcase.com\/es_es\/producto\/protectores-de-esquinas-para-flightcases-coa204-2\/#primaryimage\",\"url\":\"https:\/\/sxflightcase.com\/wp-content\/uploads\/2024\/08\/COA204.jpg\",\"contentUrl\":\"https:\/\/sxflightcase.com\/wp-content\/uploads\/2024\/08\/COA204.jpg\",\"width\":520,\"height\":561,\"caption\":\"Flight Case Corner Protectors\"},{\"@type\":\"BreadcrumbList\",\"@id\":\"https:\/\/sxflightcase.com\/es_es\/producto\/protectores-de-esquinas-para-flightcases-coa204-2\/#breadcrumb\",\"itemListElement\":[{\"@type\":\"ListItem\",\"position\":1,\"name\":\"Home\",\"item\":\"https:\/\/sxflightcase.com\/\"},{\"@type\":\"ListItem\",\"position\":2,\"name\":\"\u0e2a\u0e34\u0e19\u0e04\u0e49\u0e32\",\"item\":\"https:\/\/sxflightcase.com\/th\/shop\/\"},{\"@type\":\"ListItem\",\"position\":3,\"name\":\"Flight Case Corner Protectors COA204\"}]},{\"@type\":\"WebSite\",\"@id\":\"https:\/\/sxflightcase.com\/th\/#website\",\"url\":\"https:\/\/sxflightcase.com\/th\/\",\"name\":\"sxpowercase.com\",\"description\":\"Flight Case Factory\",\"publisher\":{\"@id\":\"https:\/\/sxflightcase.com\/th\/#organization\"},\"potentialAction\":[{\"@type\":\"SearchAction\",\"target\":{\"@type\":\"EntryPoint\",\"urlTemplate\":\"https:\/\/sxflightcase.com\/th\/?s={search_term_string}\"},\"query-input\":{\"@type\":\"PropertyValueSpecification\",\"valueRequired\":true,\"valueName\":\"search_term_string\"}}],\"inLanguage\":\"fr-FR\"},{\"@type\":\"Organization\",\"@id\":\"https:\/\/sxflightcase.com\/th\/#organization\",\"name\":\"sxpowercase.com\",\"url\":\"https:\/\/sxflightcase.com\/th\/\",\"logo\":{\"@type\":\"ImageObject\",\"inLanguage\":\"fr-FR\",\"@id\":\"https:\/\/sxflightcase.com\/th\/#\/schema\/logo\/image\/\",\"url\":\"https:\/\/sxflightcase.com\/wp-content\/uploads\/2024\/04\/1713919036007.jpg\",\"contentUrl\":\"https:\/\/sxflightcase.com\/wp-content\/uploads\/2024\/04\/1713919036007.jpg\",\"width\":382,\"height\":388,\"caption\":\"sxpowercase.com\"},\"image\":{\"@id\":\"https:\/\/sxflightcase.com\/th\/#\/schema\/logo\/image\/\"},\"sameAs\":[\"https:\/\/www.facebook.com\/profile.php?id=61560407257971\"],\"numberOfEmployees\":{\"@type\":\"QuantitativeValue\",\"minValue\":\"11\",\"maxValue\":\"50\"}}]}<\/script>\n<!-- \/ Yoast SEO Premium plugin. -->","yoast_head_json":{"title":"Flight Case Corner Protectors COA204 - https:\/\/sxflightcase.com \ud83d\udc97","description":"Prot\u00e8ge-coins pour flight cases, direct usine ! Protection durable et de haute qualit\u00e9 des bords des flight cases, garantissant la s\u00e9curit\u00e9 de l'\u00e9quipement pendant le transport. Id\u00e9al pour une utilisation durable.","robots":{"index":"index","follow":"follow","max-snippet":"max-snippet:-1","max-image-preview":"max-image-preview:large","max-video-preview":"max-video-preview:-1"},"canonical":"https:\/\/sxflightcase.com\/fr\/producto\/protectores-de-esquinas-para-flightcases-coa204-2\/","og_locale":"fr_FR","og_type":"article","og_title":"Flight Case Corner Protectors COA204","og_description":"Flight case corner protectors, factory direct! Durable and high-quality edge protection for flight cases, ensuring reliable equipment safety during transport. Ideal for long-lasting use.","og_url":"https:\/\/sxflightcase.com\/fr\/producto\/protectores-de-esquinas-para-flightcases-coa204-2\/","og_site_name":"https:\/\/sxflightcase.com","article_publisher":"https:\/\/www.facebook.com\/profile.php?id=61560407257971","article_modified_time":"2024-08-16T07:36:35+00:00","og_image":[{"width":520,"height":561,"url":"https:\/\/sxflightcase.com\/wp-content\/uploads\/2024\/08\/COA204.jpg","type":"image\/jpeg"}],"twitter_card":"summary_large_image","twitter_misc":{"Dur\u00e9e de lecture estim\u00e9e":"3 minutes"},"schema":{"@context":"https:\/\/schema.org","@graph":[{"@type":"WebPage","@id":"https:\/\/sxflightcase.com\/es_es\/producto\/protectores-de-esquinas-para-flightcases-coa204-2\/","url":"https:\/\/sxflightcase.com\/es_es\/producto\/protectores-de-esquinas-para-flightcases-coa204-2\/","name":"Flight Case Corner Protectors COA204 - https:\/\/sxflightcase.com \ud83d\udc97","isPartOf":{"@id":"https:\/\/sxflightcase.com\/th\/#website"},"primaryImageOfPage":{"@id":"https:\/\/sxflightcase.com\/es_es\/producto\/protectores-de-esquinas-para-flightcases-coa204-2\/#primaryimage"},"image":{"@id":"https:\/\/sxflightcase.com\/es_es\/producto\/protectores-de-esquinas-para-flightcases-coa204-2\/#primaryimage"},"thumbnailUrl":"https:\/\/sxflightcase.com\/wp-content\/uploads\/2024\/08\/COA204.jpg","datePublished":"2024-08-16T07:36:34+00:00","dateModified":"2024-08-16T07:36:35+00:00","description":"Prot\u00e8ge-coins pour flight cases, direct usine ! Protection durable et de haute qualit\u00e9 des bords des flight cases, garantissant la s\u00e9curit\u00e9 de l'\u00e9quipement pendant le transport. Id\u00e9al pour une utilisation durable.","breadcrumb":{"@id":"https:\/\/sxflightcase.com\/es_es\/producto\/protectores-de-esquinas-para-flightcases-coa204-2\/#breadcrumb"},"inLanguage":"fr-FR","potentialAction":[{"@type":"ReadAction","target":["https:\/\/sxflightcase.com\/es_es\/producto\/protectores-de-esquinas-para-flightcases-coa204-2\/"]}]},{"@type":"ImageObject","inLanguage":"fr-FR","@id":"https:\/\/sxflightcase.com\/es_es\/producto\/protectores-de-esquinas-para-flightcases-coa204-2\/#primaryimage","url":"https:\/\/sxflightcase.com\/wp-content\/uploads\/2024\/08\/COA204.jpg","contentUrl":"https:\/\/sxflightcase.com\/wp-content\/uploads\/2024\/08\/COA204.jpg","width":520,"height":561,"caption":"Flight Case Corner Protectors"},{"@type":"BreadcrumbList","@id":"https:\/\/sxflightcase.com\/es_es\/producto\/protectores-de-esquinas-para-flightcases-coa204-2\/#breadcrumb","itemListElement":[{"@type":"ListItem","position":1,"name":"Home","item":"https:\/\/sxflightcase.com\/"},{"@type":"ListItem","position":2,"name":"\u0e2a\u0e34\u0e19\u0e04\u0e49\u0e32","item":"https:\/\/sxflightcase.com\/th\/shop\/"},{"@type":"ListItem","position":3,"name":"Flight Case Corner Protectors COA204"}]},{"@type":"WebSite","@id":"https:\/\/sxflightcase.com\/th\/#website","url":"https:\/\/sxflightcase.com\/th\/","name":"sxpowercase.com","description":"Flight Case Factory","publisher":{"@id":"https:\/\/sxflightcase.com\/th\/#organization"},"potentialAction":[{"@type":"SearchAction","target":{"@type":"EntryPoint","urlTemplate":"https:\/\/sxflightcase.com\/th\/?s={search_term_string}"},"query-input":{"@type":"PropertyValueSpecification","valueRequired":true,"valueName":"search_term_string"}}],"inLanguage":"fr-FR"},{"@type":"Organization","@id":"https:\/\/sxflightcase.com\/th\/#organization","name":"sxpowercase.com","url":"https:\/\/sxflightcase.com\/th\/","logo":{"@type":"ImageObject","inLanguage":"fr-FR","@id":"https:\/\/sxflightcase.com\/th\/#\/schema\/logo\/image\/","url":"https:\/\/sxflightcase.com\/wp-content\/uploads\/2024\/04\/1713919036007.jpg","contentUrl":"https:\/\/sxflightcase.com\/wp-content\/uploads\/2024\/04\/1713919036007.jpg","width":382,"height":388,"caption":"sxpowercase.com"},"image":{"@id":"https:\/\/sxflightcase.com\/th\/#\/schema\/logo\/image\/"},"sameAs":["https:\/\/www.facebook.com\/profile.php?id=61560407257971"],"numberOfEmployees":{"@type":"QuantitativeValue","minValue":"11","maxValue":"50"}}]}},"_links":{"self":[{"href":"https:\/\/sxflightcase.com\/fr\/wp-json\/wp\/v2\/product\/4136","targetHints":{"allow":["GET"]}}],"collection":[{"href":"https:\/\/sxflightcase.com\/fr\/wp-json\/wp\/v2\/product"}],"about":[{"href":"https:\/\/sxflightcase.com\/fr\/wp-json\/wp\/v2\/types\/product"}],"replies":[{"embeddable":true,"href":"https:\/\/sxflightcase.com\/fr\/wp-json\/wp\/v2\/comments?post=4136"}],"version-history":[{"count":0,"href":"https:\/\/sxflightcase.com\/fr\/wp-json\/wp\/v2\/product\/4136\/revisions"}],"wp:featuredmedia":[{"embeddable":true,"href":"https:\/\/sxflightcase.com\/fr\/wp-json\/wp\/v2\/media\/4086"}],"wp:attachment":[{"href":"https:\/\/sxflightcase.com\/fr\/wp-json\/wp\/v2\/media?parent=4136"}],"wp:term":[{"taxonomy":"product_brand","embeddable":true,"href":"https:\/\/sxflightcase.com\/fr\/wp-json\/wp\/v2\/product_brand?post=4136"},{"taxonomy":"product_cat","embeddable":true,"href":"https:\/\/sxflightcase.com\/fr\/wp-json\/wp\/v2\/product_cat?post=4136"},{"taxonomy":"product_tag","embeddable":true,"href":"https:\/\/sxflightcase.com\/fr\/wp-json\/wp\/v2\/product_tag?post=4136"}],"curies":[{"name":"wp","href":"https:\/\/api.w.org\/{rel}","templated":true}]}}