{"id":4137,"date":"2024-08-16T08:42:52","date_gmt":"2024-08-16T07:42:52","guid":{"rendered":"https:\/\/sxpowercase.com\/?post_type=product&#038;p=4137"},"modified":"2024-08-16T08:43:20","modified_gmt":"2024-08-16T07:43:20","slug":"flight-case-corner-protector-coa205","status":"publish","type":"product","link":"https:\/\/sxflightcase.com\/fr\/produit\/protecteur-dangle-pour-flight-case-coa205-2\/","title":{"rendered":"Protection d&#039;angle pour flight case COA205"},"content":{"rendered":"<h3>SX Flight Case Corner Protector : Protection ultime du mat\u00e9riel<\/h3>\n<h4>Une d\u00e9fense fiable pour votre \u00e9quipement<\/h4>\n<p>Lorsqu'il s'agit de prot\u00e9ger votre mat\u00e9riel de valeur, faites confiance \u00e0 SX's <strong>Prot\u00e8ge-coins pour Flight Case<\/strong>\u00a0pour offrir une protection exceptionnelle. Ces protections sont sp\u00e9cialement con\u00e7ues pour absorber les chocs et pr\u00e9venir les dommages pendant le transport. En choisissant SX, vous investissez dans une qualit\u00e9 de premier ordre \u00e0 des prix d'usine, ce qui vous permet de conserver votre \u00e9quipement en parfait \u00e9tat.<\/p>\n<h4>Con\u00e7u pour durer<\/h4>\n<p><a title=\"SX\" href=\"https:\/\/sxpowercase.com\/\" target=\"_blank\" rel=\"noopener\" data-wpil-monitor-id=\"671\">SX<\/a> <strong>Prot\u00e8ge-coins pour Flight Case<\/strong>\u00a0sont fabriqu\u00e9s \u00e0 partir de mat\u00e9riaux de haute qualit\u00e9 qui garantissent une durabilit\u00e9 \u00e0 long terme. Que votre mat\u00e9riel soit charg\u00e9, d\u00e9charg\u00e9 ou manipul\u00e9 brutalement, ces protections sont con\u00e7ues pour r\u00e9sister \u00e0 tout. Elles constituent une barri\u00e8re solide contre l'usure due \u00e0 une utilisation fr\u00e9quente, ce qui les rend id\u00e9ales pour les professionnels qui exigent de la fiabilit\u00e9.<\/p>\n<h4>Int\u00e9gration facile dans tous les cas<\/h4>\n<p>Quel que soit le type de flight case que vous utilisez, SX <strong>Prot\u00e8ge-coins pour Flight Case<\/strong>\u00a0offrent un ajustement parfait. Leur conception universelle permet de les installer facilement sur une grande vari\u00e9t\u00e9 de mallettes, am\u00e9liorant ainsi leur fonctionnalit\u00e9 et leur apparence. Avec SX, vous b\u00e9n\u00e9ficiez du meilleur des deux mondes : prix abordable et polyvalence, tout en assurant une protection maximale de votre mat\u00e9riel.<\/p>\n<h4>Options personnalisables disponibles<\/h4>\n<p>Chez SX, nous comprenons que chaque professionnel a des besoins uniques. C'est pourquoi nos <strong>Prot\u00e8ge-coins pour Flight Case<\/strong>\u00a0sont disponibles en options personnalisables pour r\u00e9pondre \u00e0 vos besoins sp\u00e9cifiques. Des diff\u00e9rentes tailles aux finitions uniques, SX fournit des solutions qui s'alignent sur vos sp\u00e9cifications exactes, tout en maintenant des co\u00fbts bas gr\u00e2ce \u00e0 nos prix directs d'usine.<\/p>\n<h4>Qualit\u00e9 et performance test\u00e9es<\/h4>\n<p>L'assurance qualit\u00e9 est au c\u0153ur de toutes les activit\u00e9s de SX. Notre <strong>Prot\u00e8ge-coins pour Flight Case<\/strong> sont soumis \u00e0 des tests rigoureux pour s'assurer qu'ils r\u00e9pondent aux normes industrielles les plus strictes. Cet engagement envers la qualit\u00e9 signifie que vous pouvez faire confiance \u00e0 SX pour prot\u00e9ger votre \u00e9quipement, en sachant que chaque protecteur est fabriqu\u00e9 avec pr\u00e9cision et soin.<\/p>\n<h4>La confiance des professionnels<\/h4>\n<p>SX est la marque de choix pour les experts de l'industrie qui ont besoin de mat\u00e9riel fiable. Notre <strong>Prot\u00e8ge-coins pour Flight Case<\/strong> sont largement utilis\u00e9s dans divers secteurs, notamment les \u00e9v\u00e9nements en direct, la radiodiffusion et les tourn\u00e9es. Les professionnels font confiance \u00e0 SX pour leur fournir des solutions durables et de haute qualit\u00e9 qui garantissent la s\u00e9curit\u00e9 de leur \u00e9quipement pendant le transport.<\/p>\n<h4>Une protection abordable pour votre mat\u00e9riel<\/h4>\n<p>SX offre <strong>Prot\u00e8ge-coins pour Flight Case<\/strong> \u00e0 des prix comp\u00e9titifs, ce qui vous permet de prot\u00e9ger votre mat\u00e9riel sans vous ruiner. Notre approche directe au consommateur garantit que vous recevez des produits de qualit\u00e9 sup\u00e9rieure au prix le plus bas possible. Contactez SX d\u00e8s aujourd'hui pour en savoir plus sur la fa\u00e7on dont notre mat\u00e9riel de flight case peut vous fournir la protection dont vous avez besoin, \u00e0 des prix que vous appr\u00e9cierez.<\/p>\n<p>Contactez-nous maintenant :<span style=\"color: #0000ff;\"><a style=\"color: #0000ff;\" href=\"https:\/\/sxpowercase.com\/contact-us\/\">https:\/\/sxpowercase.com\/<\/a><\/span><\/p>\n<p>Catalogue de produits mat\u00e9riels :<span style=\"color: #3366ff;\"><a style=\"color: #3366ff;\" href=\"https:\/\/sxpowercase.com\/wp-content\/uploads\/2024\/07\/\u4e94\u91d1.pdf\">Catalogue d&#039;accessoires de quincaillerie<\/a><\/span><\/p>","protected":false},"excerpt":{"rendered":"<h3>Prot\u00e8ge-coins pour Flight Case SX : Protection fiable de l'\u00e9quipement<\/h3>\n<p>Prot\u00e9gez votre \u00e9quipement avec les protections d'angle pour Flight Case de SX. Con\u00e7us pour absorber les chocs et pr\u00e9venir les dommages, ils offrent une protection de premier ordre \u00e0 des prix d'usine, garantissant la s\u00e9curit\u00e9 de votre mat\u00e9riel pendant le transport.<\/p>\n<h3>Durable et facile \u00e0 installer<\/h3>\n<p>Fabriqu\u00e9s \u00e0 partir de mat\u00e9riaux de haute qualit\u00e9, les prot\u00e8ge-coins SX sont con\u00e7us pour une utilisation durable. Leur conception universelle permet de les int\u00e9grer facilement \u00e0 n'importe quel flight case, offrant une protection robuste et un look \u00e9l\u00e9gant.<\/p>\n<h3>Options personnalisables selon vos besoins<\/h3>\n<p>SX propose des protections d'angle pour Flight Case personnalisables dans diff\u00e9rentes tailles et finitions. Obtenez des solutions sur mesure qui r\u00e9pondent \u00e0 vos besoins sp\u00e9cifiques sans faire de compromis sur le prix, en faisant confiance aux professionnels du monde entier.<\/p>","protected":false},"featured_media":4087,"comment_status":"open","ping_status":"closed","template":"","meta":[],"product_brand":[],"product_cat":[63],"product_tag":[],"class_list":{"0":"post-4137","1":"product","2":"type-product","3":"status-publish","4":"has-post-thumbnail","6":"product_cat-corners","8":"first","9":"instock","10":"shipping-taxable","11":"product-type-simple"},"yoast_head":"<!-- This site is optimized with the Yoast SEO Premium plugin v27.1 (Yoast SEO v27.2) - https:\/\/yoast.com\/product\/yoast-seo-premium-wordpress\/ -->\n<title>Flight Case Corner Protector COA205 - https:\/\/sxflightcase.com \ud83d\udc97<\/title>\n<meta name=\"description\" content=\"Flight case corner protector, factory direct! High-quality, durable edge protection for flight cases. Safeguards equipment from impact during transport, ensuring long-lasting reliability.\" \/>\n<meta name=\"robots\" content=\"index, follow, max-snippet:-1, max-image-preview:large, max-video-preview:-1\" \/>\n<link rel=\"canonical\" href=\"https:\/\/sxflightcase.com\/fr\/produit\/protecteur-dangle-pour-flight-case-coa205-2\/\" \/>\n<meta property=\"og:locale\" content=\"fr_FR\" \/>\n<meta property=\"og:type\" content=\"article\" \/>\n<meta property=\"og:title\" content=\"Flight Case Corner Protector COA205\" \/>\n<meta property=\"og:description\" content=\"Flight case corner protector, factory direct! High-quality, durable edge protection for flight cases. Safeguards equipment from impact during transport, ensuring long-lasting reliability.\" \/>\n<meta property=\"og:url\" content=\"https:\/\/sxflightcase.com\/fr\/produit\/protecteur-dangle-pour-flight-case-coa205-2\/\" \/>\n<meta property=\"og:site_name\" content=\"https:\/\/sxflightcase.com\" \/>\n<meta property=\"article:publisher\" content=\"https:\/\/www.facebook.com\/profile.php?id=61560407257971\" \/>\n<meta property=\"article:modified_time\" content=\"2024-08-16T07:43:20+00:00\" \/>\n<meta property=\"og:image\" content=\"https:\/\/sxflightcase.com\/wp-content\/uploads\/2024\/08\/COA205.jpg\" \/>\n\t<meta property=\"og:image:width\" content=\"508\" \/>\n\t<meta property=\"og:image:height\" content=\"508\" \/>\n\t<meta property=\"og:image:type\" content=\"image\/jpeg\" \/>\n<meta name=\"twitter:card\" content=\"summary_large_image\" \/>\n<meta name=\"twitter:label1\" content=\"Dur\u00e9e de lecture estim\u00e9e\" \/>\n\t<meta name=\"twitter:data1\" content=\"3 minutes\" \/>\n<script type=\"application\/ld+json\" class=\"yoast-schema-graph\">{\"@context\":\"https:\/\/schema.org\",\"@graph\":[{\"@type\":\"WebPage\",\"@id\":\"https:\/\/sxflightcase.com\/product\/flight-case-corner-protector-coa205\/\",\"url\":\"https:\/\/sxflightcase.com\/product\/flight-case-corner-protector-coa205\/\",\"name\":\"Flight Case Corner Protector COA205 - https:\/\/sxflightcase.com \ud83d\udc97\",\"isPartOf\":{\"@id\":\"https:\/\/sxflightcase.com\/th\/#website\"},\"primaryImageOfPage\":{\"@id\":\"https:\/\/sxflightcase.com\/product\/flight-case-corner-protector-coa205\/#primaryimage\"},\"image\":{\"@id\":\"https:\/\/sxflightcase.com\/product\/flight-case-corner-protector-coa205\/#primaryimage\"},\"thumbnailUrl\":\"https:\/\/sxflightcase.com\/wp-content\/uploads\/2024\/08\/COA205.jpg\",\"datePublished\":\"2024-08-16T07:42:52+00:00\",\"dateModified\":\"2024-08-16T07:43:20+00:00\",\"description\":\"Flight case corner protector, factory direct! High-quality, durable edge protection for flight cases. Safeguards equipment from impact during transport, ensuring long-lasting reliability.\",\"breadcrumb\":{\"@id\":\"https:\/\/sxflightcase.com\/product\/flight-case-corner-protector-coa205\/#breadcrumb\"},\"inLanguage\":\"fr-FR\",\"potentialAction\":[{\"@type\":\"ReadAction\",\"target\":[\"https:\/\/sxflightcase.com\/product\/flight-case-corner-protector-coa205\/\"]}]},{\"@type\":\"ImageObject\",\"inLanguage\":\"fr-FR\",\"@id\":\"https:\/\/sxflightcase.com\/product\/flight-case-corner-protector-coa205\/#primaryimage\",\"url\":\"https:\/\/sxflightcase.com\/wp-content\/uploads\/2024\/08\/COA205.jpg\",\"contentUrl\":\"https:\/\/sxflightcase.com\/wp-content\/uploads\/2024\/08\/COA205.jpg\",\"width\":508,\"height\":508,\"caption\":\"Flight Case Corner Protector\"},{\"@type\":\"BreadcrumbList\",\"@id\":\"https:\/\/sxflightcase.com\/product\/flight-case-corner-protector-coa205\/#breadcrumb\",\"itemListElement\":[{\"@type\":\"ListItem\",\"position\":1,\"name\":\"Home\",\"item\":\"https:\/\/sxflightcase.com\/\"},{\"@type\":\"ListItem\",\"position\":2,\"name\":\"\u0e2a\u0e34\u0e19\u0e04\u0e49\u0e32\",\"item\":\"https:\/\/sxflightcase.com\/th\/shop\/\"},{\"@type\":\"ListItem\",\"position\":3,\"name\":\"Flight Case Corner Protector COA205\"}]},{\"@type\":\"WebSite\",\"@id\":\"https:\/\/sxflightcase.com\/th\/#website\",\"url\":\"https:\/\/sxflightcase.com\/th\/\",\"name\":\"sxpowercase.com\",\"description\":\"Flight Case Factory\",\"publisher\":{\"@id\":\"https:\/\/sxflightcase.com\/th\/#organization\"},\"potentialAction\":[{\"@type\":\"SearchAction\",\"target\":{\"@type\":\"EntryPoint\",\"urlTemplate\":\"https:\/\/sxflightcase.com\/th\/?s={search_term_string}\"},\"query-input\":{\"@type\":\"PropertyValueSpecification\",\"valueRequired\":true,\"valueName\":\"search_term_string\"}}],\"inLanguage\":\"fr-FR\"},{\"@type\":\"Organization\",\"@id\":\"https:\/\/sxflightcase.com\/th\/#organization\",\"name\":\"sxpowercase.com\",\"url\":\"https:\/\/sxflightcase.com\/th\/\",\"logo\":{\"@type\":\"ImageObject\",\"inLanguage\":\"fr-FR\",\"@id\":\"https:\/\/sxflightcase.com\/th\/#\/schema\/logo\/image\/\",\"url\":\"https:\/\/sxflightcase.com\/wp-content\/uploads\/2024\/04\/1713919036007.jpg\",\"contentUrl\":\"https:\/\/sxflightcase.com\/wp-content\/uploads\/2024\/04\/1713919036007.jpg\",\"width\":382,\"height\":388,\"caption\":\"sxpowercase.com\"},\"image\":{\"@id\":\"https:\/\/sxflightcase.com\/th\/#\/schema\/logo\/image\/\"},\"sameAs\":[\"https:\/\/www.facebook.com\/profile.php?id=61560407257971\"],\"numberOfEmployees\":{\"@type\":\"QuantitativeValue\",\"minValue\":\"11\",\"maxValue\":\"50\"}}]}<\/script>\n<!-- \/ Yoast SEO Premium plugin. -->","yoast_head_json":{"title":"Flight Case Corner Protector COA205 - https:\/\/sxflightcase.com \ud83d\udc97","description":"Prot\u00e8ge-coins pour flight cases, direct usine ! Protection de haute qualit\u00e9 et durable des bords des flight cases. Prot\u00e8ge l'\u00e9quipement contre les chocs pendant le transport et garantit une fiabilit\u00e9 \u00e0 long terme.","robots":{"index":"index","follow":"follow","max-snippet":"max-snippet:-1","max-image-preview":"max-image-preview:large","max-video-preview":"max-video-preview:-1"},"canonical":"https:\/\/sxflightcase.com\/fr\/produit\/protecteur-dangle-pour-flight-case-coa205-2\/","og_locale":"fr_FR","og_type":"article","og_title":"Flight Case Corner Protector COA205","og_description":"Flight case corner protector, factory direct! High-quality, durable edge protection for flight cases. Safeguards equipment from impact during transport, ensuring long-lasting reliability.","og_url":"https:\/\/sxflightcase.com\/fr\/produit\/protecteur-dangle-pour-flight-case-coa205-2\/","og_site_name":"https:\/\/sxflightcase.com","article_publisher":"https:\/\/www.facebook.com\/profile.php?id=61560407257971","article_modified_time":"2024-08-16T07:43:20+00:00","og_image":[{"width":508,"height":508,"url":"https:\/\/sxflightcase.com\/wp-content\/uploads\/2024\/08\/COA205.jpg","type":"image\/jpeg"}],"twitter_card":"summary_large_image","twitter_misc":{"Dur\u00e9e de lecture estim\u00e9e":"3 minutes"},"schema":{"@context":"https:\/\/schema.org","@graph":[{"@type":"WebPage","@id":"https:\/\/sxflightcase.com\/product\/flight-case-corner-protector-coa205\/","url":"https:\/\/sxflightcase.com\/product\/flight-case-corner-protector-coa205\/","name":"Flight Case Corner Protector COA205 - https:\/\/sxflightcase.com \ud83d\udc97","isPartOf":{"@id":"https:\/\/sxflightcase.com\/th\/#website"},"primaryImageOfPage":{"@id":"https:\/\/sxflightcase.com\/product\/flight-case-corner-protector-coa205\/#primaryimage"},"image":{"@id":"https:\/\/sxflightcase.com\/product\/flight-case-corner-protector-coa205\/#primaryimage"},"thumbnailUrl":"https:\/\/sxflightcase.com\/wp-content\/uploads\/2024\/08\/COA205.jpg","datePublished":"2024-08-16T07:42:52+00:00","dateModified":"2024-08-16T07:43:20+00:00","description":"Prot\u00e8ge-coins pour flight cases, direct usine ! Protection de haute qualit\u00e9 et durable des bords des flight cases. Prot\u00e8ge l'\u00e9quipement contre les chocs pendant le transport et garantit une fiabilit\u00e9 \u00e0 long terme.","breadcrumb":{"@id":"https:\/\/sxflightcase.com\/product\/flight-case-corner-protector-coa205\/#breadcrumb"},"inLanguage":"fr-FR","potentialAction":[{"@type":"ReadAction","target":["https:\/\/sxflightcase.com\/product\/flight-case-corner-protector-coa205\/"]}]},{"@type":"ImageObject","inLanguage":"fr-FR","@id":"https:\/\/sxflightcase.com\/product\/flight-case-corner-protector-coa205\/#primaryimage","url":"https:\/\/sxflightcase.com\/wp-content\/uploads\/2024\/08\/COA205.jpg","contentUrl":"https:\/\/sxflightcase.com\/wp-content\/uploads\/2024\/08\/COA205.jpg","width":508,"height":508,"caption":"Flight Case Corner Protector"},{"@type":"BreadcrumbList","@id":"https:\/\/sxflightcase.com\/product\/flight-case-corner-protector-coa205\/#breadcrumb","itemListElement":[{"@type":"ListItem","position":1,"name":"Home","item":"https:\/\/sxflightcase.com\/"},{"@type":"ListItem","position":2,"name":"\u0e2a\u0e34\u0e19\u0e04\u0e49\u0e32","item":"https:\/\/sxflightcase.com\/th\/shop\/"},{"@type":"ListItem","position":3,"name":"Flight Case Corner Protector COA205"}]},{"@type":"WebSite","@id":"https:\/\/sxflightcase.com\/th\/#website","url":"https:\/\/sxflightcase.com\/th\/","name":"sxpowercase.com","description":"Flight Case Factory","publisher":{"@id":"https:\/\/sxflightcase.com\/th\/#organization"},"potentialAction":[{"@type":"SearchAction","target":{"@type":"EntryPoint","urlTemplate":"https:\/\/sxflightcase.com\/th\/?s={search_term_string}"},"query-input":{"@type":"PropertyValueSpecification","valueRequired":true,"valueName":"search_term_string"}}],"inLanguage":"fr-FR"},{"@type":"Organization","@id":"https:\/\/sxflightcase.com\/th\/#organization","name":"sxpowercase.com","url":"https:\/\/sxflightcase.com\/th\/","logo":{"@type":"ImageObject","inLanguage":"fr-FR","@id":"https:\/\/sxflightcase.com\/th\/#\/schema\/logo\/image\/","url":"https:\/\/sxflightcase.com\/wp-content\/uploads\/2024\/04\/1713919036007.jpg","contentUrl":"https:\/\/sxflightcase.com\/wp-content\/uploads\/2024\/04\/1713919036007.jpg","width":382,"height":388,"caption":"sxpowercase.com"},"image":{"@id":"https:\/\/sxflightcase.com\/th\/#\/schema\/logo\/image\/"},"sameAs":["https:\/\/www.facebook.com\/profile.php?id=61560407257971"],"numberOfEmployees":{"@type":"QuantitativeValue","minValue":"11","maxValue":"50"}}]}},"_links":{"self":[{"href":"https:\/\/sxflightcase.com\/fr\/wp-json\/wp\/v2\/product\/4137","targetHints":{"allow":["GET"]}}],"collection":[{"href":"https:\/\/sxflightcase.com\/fr\/wp-json\/wp\/v2\/product"}],"about":[{"href":"https:\/\/sxflightcase.com\/fr\/wp-json\/wp\/v2\/types\/product"}],"replies":[{"embeddable":true,"href":"https:\/\/sxflightcase.com\/fr\/wp-json\/wp\/v2\/comments?post=4137"}],"version-history":[{"count":0,"href":"https:\/\/sxflightcase.com\/fr\/wp-json\/wp\/v2\/product\/4137\/revisions"}],"wp:featuredmedia":[{"embeddable":true,"href":"https:\/\/sxflightcase.com\/fr\/wp-json\/wp\/v2\/media\/4087"}],"wp:attachment":[{"href":"https:\/\/sxflightcase.com\/fr\/wp-json\/wp\/v2\/media?parent=4137"}],"wp:term":[{"taxonomy":"product_brand","embeddable":true,"href":"https:\/\/sxflightcase.com\/fr\/wp-json\/wp\/v2\/product_brand?post=4137"},{"taxonomy":"product_cat","embeddable":true,"href":"https:\/\/sxflightcase.com\/fr\/wp-json\/wp\/v2\/product_cat?post=4137"},{"taxonomy":"product_tag","embeddable":true,"href":"https:\/\/sxflightcase.com\/fr\/wp-json\/wp\/v2\/product_tag?post=4137"}],"curies":[{"name":"wp","href":"https:\/\/api.w.org\/{rel}","templated":true}]}}