{"id":4138,"date":"2024-08-16T08:45:16","date_gmt":"2024-08-16T07:45:16","guid":{"rendered":"https:\/\/sxpowercase.com\/?post_type=product&#038;p=4138"},"modified":"2024-08-16T08:45:17","modified_gmt":"2024-08-16T07:45:17","slug":"flight-case-corner-protector-coa301","status":"publish","type":"product","link":"https:\/\/sxflightcase.com\/fr\/produit\/protecteur-dangle-pour-flight-case-coa301-2\/","title":{"rendered":"Protection d&#039;angle pour flight case COA301"},"content":{"rendered":"<h3>Prot\u00e8ge-coins pour Flight Case SX : Protection durable et abordable<\/h3>\n<h4>Une protection de haute qualit\u00e9 pour votre \u00e9quipement<\/h4>\n<p>Lorsqu'il s'agit de s\u00e9curiser votre mat\u00e9riel pendant le transport, SX <strong>Prot\u00e8ge-coins pour Flight Case<\/strong>\u00a0sont le choix ultime. Con\u00e7us pour pr\u00e9venir les bosses, les rayures et les dommages dus aux chocs, ces prot\u00e8ge-coins offrent une protection solide tout en garantissant que votre \u00e9quipement reste intact. Avec SX, vous b\u00e9n\u00e9ficiez d'un produit haut de gamme soutenu par une assurance qualit\u00e9 et un prix direct usine.<\/p>\n<h4>Con\u00e7u pour les environnements difficiles<\/h4>\n<p>Fabriqu\u00e9 \u00e0 partir de mat\u00e9riaux robustes et r\u00e9sistants aux chocs, <a href=\"https:\/\/sxpowercase.com\/\" target=\"_blank\" rel=\"noopener\" title=\"SX\" data-wpil-monitor-id=\"672\">SX<\/a> <strong>Prot\u00e8ge-coins pour Flight Case<\/strong> sont con\u00e7us pour r\u00e9sister aux conditions difficiles. Que vous transportiez des \u00e9quipements audio d\u00e9licats ou des \u00e9clairages lourds, nos protections d'angle offrent des performances fiables qui r\u00e9sistent \u00e0 une utilisation r\u00e9p\u00e9t\u00e9e. Prot\u00e9gez votre investissement gr\u00e2ce \u00e0 la qualit\u00e9 sup\u00e9rieure de SX tout en maintenant des co\u00fbts bas.<\/p>\n<h4>Compatibilit\u00e9 sans faille<\/h4>\n<p>SX <strong>Prot\u00e8ge-coins pour Flight Case<\/strong> sont con\u00e7us pour s'int\u00e9grer harmonieusement \u00e0 diff\u00e9rents mod\u00e8les d'\u00e9tuis. Leur conception universelle garantit que, quel que soit le style ou la taille de votre \u00e9tui, ces protections s'y adapteront parfaitement. Ils augmentent non seulement la long\u00e9vit\u00e9 de vos \u00e9tuis, mais am\u00e9liorent \u00e9galement leur apparence, offrant \u00e0 la fois fonction et style.<\/p>\n<h4>Personnalisation pour r\u00e9pondre \u00e0 vos besoins<\/h4>\n<p>Chez SX, nous reconnaissons que des applications diff\u00e9rentes n\u00e9cessitent des solutions diff\u00e9rentes. Nos <strong>Prot\u00e8ge-coins pour Flight Case<\/strong> sont dot\u00e9s d'options personnalisables, depuis le choix des mat\u00e9riaux jusqu'aux finitions des couleurs. Cela vous permet d'adapter vos protections \u00e0 vos besoins sp\u00e9cifiques, garantissant ainsi une correspondance parfaite avec votre \u00e9quipement tout en b\u00e9n\u00e9ficiant de nos bas prix d'usine.<\/p>\n<h4>Fiabilit\u00e9 test\u00e9e<\/h4>\n<p>Chaque produit SX est soumis \u00e0 des processus de contr\u00f4le de la qualit\u00e9 stricts, et notre <strong>Prot\u00e8ge-coins pour Flight Case<\/strong> ne font pas exception. Chaque protecteur est rigoureusement test\u00e9 en termes de r\u00e9sistance, de durabilit\u00e9 et de performance, ce qui garantit que vous recevez un produit qui r\u00e9pond aux normes professionnelles. Avec SX, vous pouvez avoir l'esprit tranquille en sachant que votre \u00e9quipement est entre de bonnes mains.<\/p>\n<h4>Les professionnels lui font largement confiance<\/h4>\n<p>SX est reconnu dans l'industrie pour ses solutions fiables et rentables. Les professionnels des tourn\u00e9es, de la production et de la gestion d'\u00e9v\u00e9nements choisissent SX <strong>Prot\u00e8ge-coins pour Flight Case<\/strong> pour prot\u00e9ger leur mat\u00e9riel de valeur. Notre souci de fournir des produits durables et abordables a fait de nous un choix privil\u00e9gi\u00e9 sur le march\u00e9.<\/p>\n<h4>L&#039;excellence \u00e0 prix abordable<\/h4>\n<p>Il n'est pas n\u00e9cessaire de faire des compromis sur la qualit\u00e9 ou de d\u00e9penser une fortune pour obtenir une protection fiable. Le mod\u00e8le de SX, qui s'adresse directement aux consommateurs, garantit que vous recevrez des produits de haute qualit\u00e9. <strong>Prot\u00e8ge-coins pour Flight Case<\/strong> \u00e0 des prix imbattables. Contactez SX d\u00e8s aujourd'hui et d\u00e9couvrez comment nos solutions peuvent fournir une protection sup\u00e9rieure \u00e0 votre \u00e9quipement \u00e0 une fraction du co\u00fbt.<\/p>\n<p>Contactez-nous maintenant :<span style=\"color: #0000ff;\"><a style=\"color: #0000ff;\" href=\"https:\/\/sxpowercase.com\/contact-us\/\">https:\/\/sxpowercase.com\/<\/a><\/span><\/p>\n<p>Catalogue de produits mat\u00e9riels :<span style=\"color: #3366ff;\"><a style=\"color: #3366ff;\" href=\"https:\/\/sxpowercase.com\/wp-content\/uploads\/2024\/07\/\u4e94\u91d1.pdf\">Catalogue d&#039;accessoires de quincaillerie<\/a><\/span><\/p>","protected":false},"excerpt":{"rendered":"<h3>Prot\u00e8ge-coins pour Flight Case SX : Protection fiable de l'\u00e9quipement<\/h3>\n<p>Prot\u00e9gez votre \u00e9quipement avec les protections d'angle pour Flight Case de SX. Con\u00e7us pour absorber les chocs et pr\u00e9venir les dommages, ils offrent une protection de premier ordre \u00e0 des prix d'usine, garantissant la s\u00e9curit\u00e9 de votre mat\u00e9riel pendant le transport.<\/p>\n<h3>Durable et facile \u00e0 installer<\/h3>\n<p>Fabriqu\u00e9s \u00e0 partir de mat\u00e9riaux de haute qualit\u00e9, les prot\u00e8ge-coins SX sont con\u00e7us pour une utilisation durable. Leur conception universelle permet de les int\u00e9grer facilement \u00e0 n'importe quel flight case, offrant une protection robuste et un look \u00e9l\u00e9gant.<\/p>\n<h3>Options personnalisables selon vos besoins<\/h3>\n<p>SX propose des protections d'angle pour Flight Case personnalisables dans diff\u00e9rentes tailles et finitions. Obtenez des solutions sur mesure qui r\u00e9pondent \u00e0 vos besoins sp\u00e9cifiques sans faire de compromis sur le prix, en faisant confiance aux professionnels du monde entier.<\/p>","protected":false},"featured_media":4088,"comment_status":"open","ping_status":"closed","template":"","meta":[],"product_brand":[],"product_cat":[63],"product_tag":[],"class_list":{"0":"post-4138","1":"product","2":"type-product","3":"status-publish","4":"has-post-thumbnail","6":"product_cat-corners","8":"first","9":"instock","10":"shipping-taxable","11":"product-type-simple"},"yoast_head":"<!-- This site is optimized with the Yoast SEO Premium plugin v27.1 (Yoast SEO v27.2) - https:\/\/yoast.com\/product\/yoast-seo-premium-wordpress\/ -->\n<title>Flight Case Corner Protector COA301 - https:\/\/sxflightcase.com \ud83d\udc97<\/title>\n<meta name=\"description\" content=\"Flight case corner protector, factory direct! High-quality, durable edge protection for flight cases. Safeguards equipment from impact during transport, ensuring long-lasting reliability.\" \/>\n<meta name=\"robots\" content=\"index, follow, max-snippet:-1, max-image-preview:large, max-video-preview:-1\" \/>\n<link rel=\"canonical\" href=\"https:\/\/sxflightcase.com\/fr\/produit\/protecteur-dangle-pour-flight-case-coa301-2\/\" \/>\n<meta property=\"og:locale\" content=\"fr_FR\" \/>\n<meta property=\"og:type\" content=\"article\" \/>\n<meta property=\"og:title\" content=\"Flight Case Corner Protector COA301\" \/>\n<meta property=\"og:description\" content=\"Flight case corner protector, factory direct! High-quality, durable edge protection for flight cases. Safeguards equipment from impact during transport, ensuring long-lasting reliability.\" \/>\n<meta property=\"og:url\" content=\"https:\/\/sxflightcase.com\/fr\/produit\/protecteur-dangle-pour-flight-case-coa301-2\/\" \/>\n<meta property=\"og:site_name\" content=\"https:\/\/sxflightcase.com\" \/>\n<meta property=\"article:publisher\" content=\"https:\/\/www.facebook.com\/profile.php?id=61560407257971\" \/>\n<meta property=\"article:modified_time\" content=\"2024-08-16T07:45:17+00:00\" \/>\n<meta property=\"og:image\" content=\"https:\/\/sxflightcase.com\/wp-content\/uploads\/2024\/08\/COA301.jpg\" \/>\n\t<meta property=\"og:image:width\" content=\"253\" \/>\n\t<meta property=\"og:image:height\" content=\"235\" \/>\n\t<meta property=\"og:image:type\" content=\"image\/jpeg\" \/>\n<meta name=\"twitter:card\" content=\"summary_large_image\" \/>\n<meta name=\"twitter:label1\" content=\"Dur\u00e9e de lecture estim\u00e9e\" \/>\n\t<meta name=\"twitter:data1\" content=\"3 minutes\" \/>\n<script type=\"application\/ld+json\" class=\"yoast-schema-graph\">{\"@context\":\"https:\/\/schema.org\",\"@graph\":[{\"@type\":\"WebPage\",\"@id\":\"https:\/\/sxflightcase.com\/product\/flight-case-corner-protector-coa301\/\",\"url\":\"https:\/\/sxflightcase.com\/product\/flight-case-corner-protector-coa301\/\",\"name\":\"Flight Case Corner Protector COA301 - https:\/\/sxflightcase.com \ud83d\udc97\",\"isPartOf\":{\"@id\":\"https:\/\/sxflightcase.com\/th\/#website\"},\"primaryImageOfPage\":{\"@id\":\"https:\/\/sxflightcase.com\/product\/flight-case-corner-protector-coa301\/#primaryimage\"},\"image\":{\"@id\":\"https:\/\/sxflightcase.com\/product\/flight-case-corner-protector-coa301\/#primaryimage\"},\"thumbnailUrl\":\"https:\/\/sxflightcase.com\/wp-content\/uploads\/2024\/08\/COA301.jpg\",\"datePublished\":\"2024-08-16T07:45:16+00:00\",\"dateModified\":\"2024-08-16T07:45:17+00:00\",\"description\":\"Flight case corner protector, factory direct! High-quality, durable edge protection for flight cases. Safeguards equipment from impact during transport, ensuring long-lasting reliability.\",\"breadcrumb\":{\"@id\":\"https:\/\/sxflightcase.com\/product\/flight-case-corner-protector-coa301\/#breadcrumb\"},\"inLanguage\":\"fr-FR\",\"potentialAction\":[{\"@type\":\"ReadAction\",\"target\":[\"https:\/\/sxflightcase.com\/product\/flight-case-corner-protector-coa301\/\"]}]},{\"@type\":\"ImageObject\",\"inLanguage\":\"fr-FR\",\"@id\":\"https:\/\/sxflightcase.com\/product\/flight-case-corner-protector-coa301\/#primaryimage\",\"url\":\"https:\/\/sxflightcase.com\/wp-content\/uploads\/2024\/08\/COA301.jpg\",\"contentUrl\":\"https:\/\/sxflightcase.com\/wp-content\/uploads\/2024\/08\/COA301.jpg\",\"width\":253,\"height\":235,\"caption\":\"Flight Case Corner Protector\"},{\"@type\":\"BreadcrumbList\",\"@id\":\"https:\/\/sxflightcase.com\/product\/flight-case-corner-protector-coa301\/#breadcrumb\",\"itemListElement\":[{\"@type\":\"ListItem\",\"position\":1,\"name\":\"Home\",\"item\":\"https:\/\/sxflightcase.com\/\"},{\"@type\":\"ListItem\",\"position\":2,\"name\":\"\u0e2a\u0e34\u0e19\u0e04\u0e49\u0e32\",\"item\":\"https:\/\/sxflightcase.com\/th\/shop\/\"},{\"@type\":\"ListItem\",\"position\":3,\"name\":\"Flight Case Corner Protector COA301\"}]},{\"@type\":\"WebSite\",\"@id\":\"https:\/\/sxflightcase.com\/th\/#website\",\"url\":\"https:\/\/sxflightcase.com\/th\/\",\"name\":\"sxpowercase.com\",\"description\":\"Flight Case Factory\",\"publisher\":{\"@id\":\"https:\/\/sxflightcase.com\/th\/#organization\"},\"potentialAction\":[{\"@type\":\"SearchAction\",\"target\":{\"@type\":\"EntryPoint\",\"urlTemplate\":\"https:\/\/sxflightcase.com\/th\/?s={search_term_string}\"},\"query-input\":{\"@type\":\"PropertyValueSpecification\",\"valueRequired\":true,\"valueName\":\"search_term_string\"}}],\"inLanguage\":\"fr-FR\"},{\"@type\":\"Organization\",\"@id\":\"https:\/\/sxflightcase.com\/th\/#organization\",\"name\":\"sxpowercase.com\",\"url\":\"https:\/\/sxflightcase.com\/th\/\",\"logo\":{\"@type\":\"ImageObject\",\"inLanguage\":\"fr-FR\",\"@id\":\"https:\/\/sxflightcase.com\/th\/#\/schema\/logo\/image\/\",\"url\":\"https:\/\/sxflightcase.com\/wp-content\/uploads\/2024\/04\/1713919036007.jpg\",\"contentUrl\":\"https:\/\/sxflightcase.com\/wp-content\/uploads\/2024\/04\/1713919036007.jpg\",\"width\":382,\"height\":388,\"caption\":\"sxpowercase.com\"},\"image\":{\"@id\":\"https:\/\/sxflightcase.com\/th\/#\/schema\/logo\/image\/\"},\"sameAs\":[\"https:\/\/www.facebook.com\/profile.php?id=61560407257971\"],\"numberOfEmployees\":{\"@type\":\"QuantitativeValue\",\"minValue\":\"11\",\"maxValue\":\"50\"}}]}<\/script>\n<!-- \/ Yoast SEO Premium plugin. -->","yoast_head_json":{"title":"Flight Case Corner Protector COA301 - https:\/\/sxflightcase.com \ud83d\udc97","description":"Prot\u00e8ge-coins pour flight cases, direct usine ! Protection de haute qualit\u00e9 et durable des bords des flight cases. Prot\u00e8ge l'\u00e9quipement contre les chocs pendant le transport et garantit une fiabilit\u00e9 \u00e0 long terme.","robots":{"index":"index","follow":"follow","max-snippet":"max-snippet:-1","max-image-preview":"max-image-preview:large","max-video-preview":"max-video-preview:-1"},"canonical":"https:\/\/sxflightcase.com\/fr\/produit\/protecteur-dangle-pour-flight-case-coa301-2\/","og_locale":"fr_FR","og_type":"article","og_title":"Flight Case Corner Protector COA301","og_description":"Flight case corner protector, factory direct! High-quality, durable edge protection for flight cases. Safeguards equipment from impact during transport, ensuring long-lasting reliability.","og_url":"https:\/\/sxflightcase.com\/fr\/produit\/protecteur-dangle-pour-flight-case-coa301-2\/","og_site_name":"https:\/\/sxflightcase.com","article_publisher":"https:\/\/www.facebook.com\/profile.php?id=61560407257971","article_modified_time":"2024-08-16T07:45:17+00:00","og_image":[{"width":253,"height":235,"url":"https:\/\/sxflightcase.com\/wp-content\/uploads\/2024\/08\/COA301.jpg","type":"image\/jpeg"}],"twitter_card":"summary_large_image","twitter_misc":{"Dur\u00e9e de lecture estim\u00e9e":"3 minutes"},"schema":{"@context":"https:\/\/schema.org","@graph":[{"@type":"WebPage","@id":"https:\/\/sxflightcase.com\/product\/flight-case-corner-protector-coa301\/","url":"https:\/\/sxflightcase.com\/product\/flight-case-corner-protector-coa301\/","name":"Flight Case Corner Protector COA301 - https:\/\/sxflightcase.com \ud83d\udc97","isPartOf":{"@id":"https:\/\/sxflightcase.com\/th\/#website"},"primaryImageOfPage":{"@id":"https:\/\/sxflightcase.com\/product\/flight-case-corner-protector-coa301\/#primaryimage"},"image":{"@id":"https:\/\/sxflightcase.com\/product\/flight-case-corner-protector-coa301\/#primaryimage"},"thumbnailUrl":"https:\/\/sxflightcase.com\/wp-content\/uploads\/2024\/08\/COA301.jpg","datePublished":"2024-08-16T07:45:16+00:00","dateModified":"2024-08-16T07:45:17+00:00","description":"Prot\u00e8ge-coins pour flight cases, direct usine ! Protection de haute qualit\u00e9 et durable des bords des flight cases. Prot\u00e8ge l'\u00e9quipement contre les chocs pendant le transport et garantit une fiabilit\u00e9 \u00e0 long terme.","breadcrumb":{"@id":"https:\/\/sxflightcase.com\/product\/flight-case-corner-protector-coa301\/#breadcrumb"},"inLanguage":"fr-FR","potentialAction":[{"@type":"ReadAction","target":["https:\/\/sxflightcase.com\/product\/flight-case-corner-protector-coa301\/"]}]},{"@type":"ImageObject","inLanguage":"fr-FR","@id":"https:\/\/sxflightcase.com\/product\/flight-case-corner-protector-coa301\/#primaryimage","url":"https:\/\/sxflightcase.com\/wp-content\/uploads\/2024\/08\/COA301.jpg","contentUrl":"https:\/\/sxflightcase.com\/wp-content\/uploads\/2024\/08\/COA301.jpg","width":253,"height":235,"caption":"Flight Case Corner Protector"},{"@type":"BreadcrumbList","@id":"https:\/\/sxflightcase.com\/product\/flight-case-corner-protector-coa301\/#breadcrumb","itemListElement":[{"@type":"ListItem","position":1,"name":"Home","item":"https:\/\/sxflightcase.com\/"},{"@type":"ListItem","position":2,"name":"\u0e2a\u0e34\u0e19\u0e04\u0e49\u0e32","item":"https:\/\/sxflightcase.com\/th\/shop\/"},{"@type":"ListItem","position":3,"name":"Flight Case Corner Protector COA301"}]},{"@type":"WebSite","@id":"https:\/\/sxflightcase.com\/th\/#website","url":"https:\/\/sxflightcase.com\/th\/","name":"sxpowercase.com","description":"Flight Case Factory","publisher":{"@id":"https:\/\/sxflightcase.com\/th\/#organization"},"potentialAction":[{"@type":"SearchAction","target":{"@type":"EntryPoint","urlTemplate":"https:\/\/sxflightcase.com\/th\/?s={search_term_string}"},"query-input":{"@type":"PropertyValueSpecification","valueRequired":true,"valueName":"search_term_string"}}],"inLanguage":"fr-FR"},{"@type":"Organization","@id":"https:\/\/sxflightcase.com\/th\/#organization","name":"sxpowercase.com","url":"https:\/\/sxflightcase.com\/th\/","logo":{"@type":"ImageObject","inLanguage":"fr-FR","@id":"https:\/\/sxflightcase.com\/th\/#\/schema\/logo\/image\/","url":"https:\/\/sxflightcase.com\/wp-content\/uploads\/2024\/04\/1713919036007.jpg","contentUrl":"https:\/\/sxflightcase.com\/wp-content\/uploads\/2024\/04\/1713919036007.jpg","width":382,"height":388,"caption":"sxpowercase.com"},"image":{"@id":"https:\/\/sxflightcase.com\/th\/#\/schema\/logo\/image\/"},"sameAs":["https:\/\/www.facebook.com\/profile.php?id=61560407257971"],"numberOfEmployees":{"@type":"QuantitativeValue","minValue":"11","maxValue":"50"}}]}},"_links":{"self":[{"href":"https:\/\/sxflightcase.com\/fr\/wp-json\/wp\/v2\/product\/4138","targetHints":{"allow":["GET"]}}],"collection":[{"href":"https:\/\/sxflightcase.com\/fr\/wp-json\/wp\/v2\/product"}],"about":[{"href":"https:\/\/sxflightcase.com\/fr\/wp-json\/wp\/v2\/types\/product"}],"replies":[{"embeddable":true,"href":"https:\/\/sxflightcase.com\/fr\/wp-json\/wp\/v2\/comments?post=4138"}],"version-history":[{"count":0,"href":"https:\/\/sxflightcase.com\/fr\/wp-json\/wp\/v2\/product\/4138\/revisions"}],"wp:featuredmedia":[{"embeddable":true,"href":"https:\/\/sxflightcase.com\/fr\/wp-json\/wp\/v2\/media\/4088"}],"wp:attachment":[{"href":"https:\/\/sxflightcase.com\/fr\/wp-json\/wp\/v2\/media?parent=4138"}],"wp:term":[{"taxonomy":"product_brand","embeddable":true,"href":"https:\/\/sxflightcase.com\/fr\/wp-json\/wp\/v2\/product_brand?post=4138"},{"taxonomy":"product_cat","embeddable":true,"href":"https:\/\/sxflightcase.com\/fr\/wp-json\/wp\/v2\/product_cat?post=4138"},{"taxonomy":"product_tag","embeddable":true,"href":"https:\/\/sxflightcase.com\/fr\/wp-json\/wp\/v2\/product_tag?post=4138"}],"curies":[{"name":"wp","href":"https:\/\/api.w.org\/{rel}","templated":true}]}}