{"id":4144,"date":"2024-08-20T07:44:04","date_gmt":"2024-08-20T06:44:04","guid":{"rendered":"https:\/\/sxpowercase.com\/?post_type=product&#038;p=4144"},"modified":"2024-08-20T07:44:05","modified_gmt":"2024-08-20T06:44:05","slug":"road-case-corner-cob401","status":"publish","type":"product","link":"https:\/\/sxflightcase.com\/fr\/produit\/coin-de-la-valise-routiere-cob401-2\/","title":{"rendered":"Coin de valise de route COB401"},"content":{"rendered":"<h3>Le coin des mallettes SX Road : Une protection essentielle pour votre mat\u00e9riel<\/h3>\n<h4>Une protection robuste pour votre \u00e9quipement de valeur<\/h4>\n<p>Lorsqu'il s'agit de prot\u00e9ger votre mat\u00e9riel pendant le transport, le <strong>SX <span style=\"color: #3366ff;\"><a style=\"color: #3366ff;\" href=\"https:\/\/sxpowercase.com\/product\/road-case-corner-coa302\/\">Coin de l'affaire des routes<\/a><\/span><\/strong> est la solution id\u00e9ale. Ces protections de coin robustes sont con\u00e7ues pour absorber les chocs, \u00e9vitant ainsi d'endommager votre valise et son pr\u00e9cieux contenu. Que vous soyez sur la route ou dans un entrep\u00f4t, ils garantissent la s\u00e9curit\u00e9 de votre \u00e9quipement.<\/p>\n<h4>Une construction durable pour des environnements difficiles<\/h4>\n<p><a href=\"https:\/\/sxpowercase.com\/\" target=\"_blank\" rel=\"noopener\" title=\"SX\" data-wpil-monitor-id=\"674\">SX<\/a> comprend les exigences d'une utilisation professionnelle, c'est pourquoi notre <strong>Coins de l'\u00e9tui routier<\/strong> sont fabriqu\u00e9s \u00e0 partir de mat\u00e9riaux robustes et durables. Ils sont con\u00e7us pour r\u00e9sister \u00e0 des manipulations r\u00e9p\u00e9t\u00e9es, \u00e0 des transports brutaux et \u00e0 des environnements difficiles. Nos prix directs d'usine signifient que vous obtenez une haute qualit\u00e9 \u00e0 un co\u00fbt abordable, ce qui fait de SX le choix intelligent pour des composants de bo\u00eetiers fiables.<\/p>\n<h4>Installation facile et compatibilit\u00e9 parfaite<\/h4>\n<p>Notre <strong>Coins de l'\u00e9tui routier<\/strong> sont con\u00e7us avec pr\u00e9cision pour s'adapter \u00e0 la plupart des caisses de route standard. Gr\u00e2ce \u00e0 une installation simple, ils am\u00e9liorent \u00e0 la fois la protection et l'apparence. SX s'attache \u00e0 fournir des produits qui offrent un ajustement parfait, une protection sup\u00e9rieure et une valeur exceptionnelle.<\/p>\n<h4>Personnalisation pour des besoins sp\u00e9cifiques<\/h4>\n<p>Des projets diff\u00e9rents exigent des solutions diff\u00e9rentes. C'est pourquoi SX propose des options personnalisables pour ses produits. <strong>Coins de l'\u00e9tui routier<\/strong>. Choisissez la taille, le mat\u00e9riau et la finition qui correspondent \u00e0 vos besoins en mati\u00e8re d'\u00e9tui et de protection, tout en b\u00e9n\u00e9ficiant des avantages de l'assurance qualit\u00e9 et des \u00e9conomies r\u00e9alis\u00e9es en usine.<\/p>\n<h4>Des performances reconnues dans tous les secteurs d'activit\u00e9<\/h4>\n<p>Les professionnels du spectacle, de la production et de l'organisation d'\u00e9v\u00e9nements font confiance \u00e0 SX pour obtenir une qualit\u00e9 sur laquelle ils peuvent compter. Nos services <strong>Coins de l'\u00e9tui routier<\/strong> sont un choix privil\u00e9gi\u00e9 pour leur protection robuste et leur prix \u00e9conomique. Avec SX, vous obtenez des composants construits pour durer, con\u00e7us pour une utilisation r\u00e9elle et disponibles \u00e0 des prix imbattables.<\/p>\n<h4>L'excellence \u00e0 un prix abordable gr\u00e2ce \u00e0 la tarification d'usine<\/h4>\n<p>Chez SX, nous combinons qualit\u00e9 et rentabilit\u00e9. Nos <strong>Coins de l'\u00e9tui routier<\/strong> sont disponibles \u00e0 des tarifs directs du fabricant, ce qui vous permet de b\u00e9n\u00e9ficier d'un excellent rapport qualit\u00e9-prix. Nous vous permettons d'\u00e9quiper facilement vos bo\u00eetiers de composants durables et protecteurs sans grever votre budget.<\/p>\n<h4>Une qualit\u00e9 sup\u00e9rieure \u00e0 des prix comp\u00e9titifs<\/h4>\n<p>Choisir SX, c'est opter pour des produits qui concilient qualit\u00e9, durabilit\u00e9 et prix abordable. Nos produits <strong>Coins de l'\u00e9tui routier<\/strong> sont con\u00e7ues pour r\u00e9pondre aux besoins des professionnels qui exigent \u00e0 la fois performance et valeur. Contactez SX d\u00e8s aujourd'hui pour en savoir plus sur la fa\u00e7on dont nos solutions de protection peuvent r\u00e9pondre \u00e0 vos besoins en mati\u00e8re de transport routier.<\/p>\n<p>Contactez-nous maintenant :<span style=\"color: #0000ff;\"><a style=\"color: #0000ff;\" href=\"https:\/\/sxpowercase.com\/contact-us\/\">https:\/\/sxpowercase.com\/<\/a><\/span><\/p>\n<p>Catalogue de produits mat\u00e9riels :<span style=\"color: #3366ff;\"><a style=\"color: #3366ff;\" href=\"https:\/\/sxpowercase.com\/wp-content\/uploads\/2024\/07\/\u4e94\u91d1.pdf\">Catalogue d&#039;accessoires de quincaillerie<\/a><\/span><\/p>","protected":false},"excerpt":{"rendered":"<h3>Coins de la valise SX Road Case : Protection ultime pour votre mat\u00e9riel<\/h3>\n<p>Veillez \u00e0 ce que votre \u00e9quipement reste en s\u00e9curit\u00e9 avec les coins pour mallettes SX Road. Con\u00e7us pour r\u00e9sister aux chocs, ces prot\u00e8ge-coins offrent une durabilit\u00e9 de premier ordre \u00e0 des prix d'usine, ce qui les rend parfaits pour une utilisation professionnelle.<\/p>\n<h3>Construction robuste pour des performances durables<\/h3>\n<p>Les coins des valises de route SX sont fabriqu\u00e9s \u00e0 partir de mat\u00e9riaux robustes pour r\u00e9sister aux conditions difficiles. Que ce soit pour les tourn\u00e9es ou les \u00e9v\u00e9nements, faites confiance \u00e0 SX pour une protection fiable qui ne co\u00fbte pas les yeux de la t\u00eate.<\/p>\n<h3>Options personnalisables pour un ajustement parfait<\/h3>\n<p>Personnalisez vos coins d'\u00e9tuis SX Road Case avec des tailles et des mat\u00e9riaux personnalisables. Obtenez la protection exacte dont vous avez besoin en combinant qualit\u00e9 et prix.<\/p>","protected":false},"featured_media":4090,"comment_status":"open","ping_status":"closed","template":"","meta":[],"product_brand":[],"product_cat":[63],"product_tag":[],"class_list":{"0":"post-4144","1":"product","2":"type-product","3":"status-publish","4":"has-post-thumbnail","6":"product_cat-corners","8":"first","9":"instock","10":"shipping-taxable","11":"product-type-simple"},"yoast_head":"<!-- This site is optimized with the Yoast SEO Premium plugin v27.1 (Yoast SEO v27.2) - https:\/\/yoast.com\/product\/yoast-seo-premium-wordpress\/ -->\n<title>Road Case Corner COB401 - https:\/\/sxflightcase.com \ud83d\udc97<\/title>\n<meta name=\"description\" content=\"Road case corner, factory direct! Durable, high-quality protection for case edges. Prevents damage during transport, ensuring long-lasting reliability for your equipment. Ideal for heavy-duty use.\" \/>\n<meta name=\"robots\" content=\"index, follow, max-snippet:-1, max-image-preview:large, max-video-preview:-1\" \/>\n<link rel=\"canonical\" href=\"https:\/\/sxflightcase.com\/fr\/\u88fd\u54c1\/\u30ed\u30fc\u30c9\u30b1\u30fc\u30b9\u30b3\u30fc\u30ca\u30fc-cob401-2\/\" \/>\n<meta property=\"og:locale\" content=\"fr_FR\" \/>\n<meta property=\"og:type\" content=\"article\" \/>\n<meta property=\"og:title\" content=\"Road Case Corner COB401\" \/>\n<meta property=\"og:description\" content=\"Road case corner, factory direct! Durable, high-quality protection for case edges. Prevents damage during transport, ensuring long-lasting reliability for your equipment. Ideal for heavy-duty use.\" \/>\n<meta property=\"og:url\" content=\"https:\/\/sxflightcase.com\/fr\/\u88fd\u54c1\/\u30ed\u30fc\u30c9\u30b1\u30fc\u30b9\u30b3\u30fc\u30ca\u30fc-cob401-2\/\" \/>\n<meta property=\"og:site_name\" content=\"https:\/\/sxflightcase.com\" \/>\n<meta property=\"article:publisher\" content=\"https:\/\/www.facebook.com\/profile.php?id=61560407257971\" \/>\n<meta property=\"article:modified_time\" content=\"2024-08-20T06:44:05+00:00\" \/>\n<meta property=\"og:image\" content=\"https:\/\/sxflightcase.com\/wp-content\/uploads\/2024\/08\/COB401.jpg\" \/>\n\t<meta property=\"og:image:width\" content=\"700\" \/>\n\t<meta property=\"og:image:height\" content=\"700\" \/>\n\t<meta property=\"og:image:type\" content=\"image\/jpeg\" \/>\n<meta name=\"twitter:card\" content=\"summary_large_image\" \/>\n<meta name=\"twitter:label1\" content=\"Dur\u00e9e de lecture estim\u00e9e\" \/>\n\t<meta name=\"twitter:data1\" content=\"3 minutes\" \/>\n<script type=\"application\/ld+json\" class=\"yoast-schema-graph\">{\"@context\":\"https:\/\/schema.org\",\"@graph\":[{\"@type\":\"WebPage\",\"@id\":\"https:\/\/sxflightcase.com\/ja\/\u88fd\u54c1\/\u30ed\u30fc\u30c9\u30b1\u30fc\u30b9\u30b3\u30fc\u30ca\u30fc-cob401-2\/\",\"url\":\"https:\/\/sxflightcase.com\/ja\/\u88fd\u54c1\/\u30ed\u30fc\u30c9\u30b1\u30fc\u30b9\u30b3\u30fc\u30ca\u30fc-cob401-2\/\",\"name\":\"Road Case Corner COB401 - https:\/\/sxflightcase.com \ud83d\udc97\",\"isPartOf\":{\"@id\":\"https:\/\/sxflightcase.com\/th\/#website\"},\"primaryImageOfPage\":{\"@id\":\"https:\/\/sxflightcase.com\/ja\/\u88fd\u54c1\/\u30ed\u30fc\u30c9\u30b1\u30fc\u30b9\u30b3\u30fc\u30ca\u30fc-cob401-2\/#primaryimage\"},\"image\":{\"@id\":\"https:\/\/sxflightcase.com\/ja\/\u88fd\u54c1\/\u30ed\u30fc\u30c9\u30b1\u30fc\u30b9\u30b3\u30fc\u30ca\u30fc-cob401-2\/#primaryimage\"},\"thumbnailUrl\":\"https:\/\/sxflightcase.com\/wp-content\/uploads\/2024\/08\/COB401.jpg\",\"datePublished\":\"2024-08-20T06:44:04+00:00\",\"dateModified\":\"2024-08-20T06:44:05+00:00\",\"description\":\"Road case corner, factory direct! Durable, high-quality protection for case edges. Prevents damage during transport, ensuring long-lasting reliability for your equipment. Ideal for heavy-duty use.\",\"breadcrumb\":{\"@id\":\"https:\/\/sxflightcase.com\/ja\/\u88fd\u54c1\/\u30ed\u30fc\u30c9\u30b1\u30fc\u30b9\u30b3\u30fc\u30ca\u30fc-cob401-2\/#breadcrumb\"},\"inLanguage\":\"fr-FR\",\"potentialAction\":[{\"@type\":\"ReadAction\",\"target\":[\"https:\/\/sxflightcase.com\/ja\/\u88fd\u54c1\/\u30ed\u30fc\u30c9\u30b1\u30fc\u30b9\u30b3\u30fc\u30ca\u30fc-cob401-2\/\"]}]},{\"@type\":\"ImageObject\",\"inLanguage\":\"fr-FR\",\"@id\":\"https:\/\/sxflightcase.com\/ja\/\u88fd\u54c1\/\u30ed\u30fc\u30c9\u30b1\u30fc\u30b9\u30b3\u30fc\u30ca\u30fc-cob401-2\/#primaryimage\",\"url\":\"https:\/\/sxflightcase.com\/wp-content\/uploads\/2024\/08\/COB401.jpg\",\"contentUrl\":\"https:\/\/sxflightcase.com\/wp-content\/uploads\/2024\/08\/COB401.jpg\",\"width\":700,\"height\":700,\"caption\":\"Road Case Corner\"},{\"@type\":\"BreadcrumbList\",\"@id\":\"https:\/\/sxflightcase.com\/ja\/\u88fd\u54c1\/\u30ed\u30fc\u30c9\u30b1\u30fc\u30b9\u30b3\u30fc\u30ca\u30fc-cob401-2\/#breadcrumb\",\"itemListElement\":[{\"@type\":\"ListItem\",\"position\":1,\"name\":\"Home\",\"item\":\"https:\/\/sxflightcase.com\/\"},{\"@type\":\"ListItem\",\"position\":2,\"name\":\"\u0e2a\u0e34\u0e19\u0e04\u0e49\u0e32\",\"item\":\"https:\/\/sxflightcase.com\/th\/shop\/\"},{\"@type\":\"ListItem\",\"position\":3,\"name\":\"Road Case Corner COB401\"}]},{\"@type\":\"WebSite\",\"@id\":\"https:\/\/sxflightcase.com\/th\/#website\",\"url\":\"https:\/\/sxflightcase.com\/th\/\",\"name\":\"sxpowercase.com\",\"description\":\"Flight Case Factory\",\"publisher\":{\"@id\":\"https:\/\/sxflightcase.com\/th\/#organization\"},\"potentialAction\":[{\"@type\":\"SearchAction\",\"target\":{\"@type\":\"EntryPoint\",\"urlTemplate\":\"https:\/\/sxflightcase.com\/th\/?s={search_term_string}\"},\"query-input\":{\"@type\":\"PropertyValueSpecification\",\"valueRequired\":true,\"valueName\":\"search_term_string\"}}],\"inLanguage\":\"fr-FR\"},{\"@type\":\"Organization\",\"@id\":\"https:\/\/sxflightcase.com\/th\/#organization\",\"name\":\"sxpowercase.com\",\"url\":\"https:\/\/sxflightcase.com\/th\/\",\"logo\":{\"@type\":\"ImageObject\",\"inLanguage\":\"fr-FR\",\"@id\":\"https:\/\/sxflightcase.com\/th\/#\/schema\/logo\/image\/\",\"url\":\"https:\/\/sxflightcase.com\/wp-content\/uploads\/2024\/04\/1713919036007.jpg\",\"contentUrl\":\"https:\/\/sxflightcase.com\/wp-content\/uploads\/2024\/04\/1713919036007.jpg\",\"width\":382,\"height\":388,\"caption\":\"sxpowercase.com\"},\"image\":{\"@id\":\"https:\/\/sxflightcase.com\/th\/#\/schema\/logo\/image\/\"},\"sameAs\":[\"https:\/\/www.facebook.com\/profile.php?id=61560407257971\"],\"numberOfEmployees\":{\"@type\":\"QuantitativeValue\",\"minValue\":\"11\",\"maxValue\":\"50\"}}]}<\/script>\n<!-- \/ Yoast SEO Premium plugin. -->","yoast_head_json":{"title":"Road Case Corner COB401 - https:\/\/sxflightcase.com \ud83d\udc97","description":"Coin d'\u00e9tui routier, direct usine ! Protection durable et de haute qualit\u00e9 pour les bords de la valise. Pr\u00e9vient les dommages pendant le transport et garantit la fiabilit\u00e9 \u00e0 long terme de votre \u00e9quipement. Id\u00e9al pour une utilisation intensive.","robots":{"index":"index","follow":"follow","max-snippet":"max-snippet:-1","max-image-preview":"max-image-preview:large","max-video-preview":"max-video-preview:-1"},"canonical":"https:\/\/sxflightcase.com\/fr\/\u88fd\u54c1\/\u30ed\u30fc\u30c9\u30b1\u30fc\u30b9\u30b3\u30fc\u30ca\u30fc-cob401-2\/","og_locale":"fr_FR","og_type":"article","og_title":"Road Case Corner COB401","og_description":"Road case corner, factory direct! Durable, high-quality protection for case edges. Prevents damage during transport, ensuring long-lasting reliability for your equipment. Ideal for heavy-duty use.","og_url":"https:\/\/sxflightcase.com\/fr\/\u88fd\u54c1\/\u30ed\u30fc\u30c9\u30b1\u30fc\u30b9\u30b3\u30fc\u30ca\u30fc-cob401-2\/","og_site_name":"https:\/\/sxflightcase.com","article_publisher":"https:\/\/www.facebook.com\/profile.php?id=61560407257971","article_modified_time":"2024-08-20T06:44:05+00:00","og_image":[{"width":700,"height":700,"url":"https:\/\/sxflightcase.com\/wp-content\/uploads\/2024\/08\/COB401.jpg","type":"image\/jpeg"}],"twitter_card":"summary_large_image","twitter_misc":{"Dur\u00e9e de lecture estim\u00e9e":"3 minutes"},"schema":{"@context":"https:\/\/schema.org","@graph":[{"@type":"WebPage","@id":"https:\/\/sxflightcase.com\/ja\/\u88fd\u54c1\/\u30ed\u30fc\u30c9\u30b1\u30fc\u30b9\u30b3\u30fc\u30ca\u30fc-cob401-2\/","url":"https:\/\/sxflightcase.com\/ja\/\u88fd\u54c1\/\u30ed\u30fc\u30c9\u30b1\u30fc\u30b9\u30b3\u30fc\u30ca\u30fc-cob401-2\/","name":"Road Case Corner COB401 - https:\/\/sxflightcase.com \ud83d\udc97","isPartOf":{"@id":"https:\/\/sxflightcase.com\/th\/#website"},"primaryImageOfPage":{"@id":"https:\/\/sxflightcase.com\/ja\/\u88fd\u54c1\/\u30ed\u30fc\u30c9\u30b1\u30fc\u30b9\u30b3\u30fc\u30ca\u30fc-cob401-2\/#primaryimage"},"image":{"@id":"https:\/\/sxflightcase.com\/ja\/\u88fd\u54c1\/\u30ed\u30fc\u30c9\u30b1\u30fc\u30b9\u30b3\u30fc\u30ca\u30fc-cob401-2\/#primaryimage"},"thumbnailUrl":"https:\/\/sxflightcase.com\/wp-content\/uploads\/2024\/08\/COB401.jpg","datePublished":"2024-08-20T06:44:04+00:00","dateModified":"2024-08-20T06:44:05+00:00","description":"Coin d'\u00e9tui routier, direct usine ! Protection durable et de haute qualit\u00e9 pour les bords de la valise. Pr\u00e9vient les dommages pendant le transport et garantit la fiabilit\u00e9 \u00e0 long terme de votre \u00e9quipement. Id\u00e9al pour une utilisation intensive.","breadcrumb":{"@id":"https:\/\/sxflightcase.com\/ja\/\u88fd\u54c1\/\u30ed\u30fc\u30c9\u30b1\u30fc\u30b9\u30b3\u30fc\u30ca\u30fc-cob401-2\/#breadcrumb"},"inLanguage":"fr-FR","potentialAction":[{"@type":"ReadAction","target":["https:\/\/sxflightcase.com\/ja\/\u88fd\u54c1\/\u30ed\u30fc\u30c9\u30b1\u30fc\u30b9\u30b3\u30fc\u30ca\u30fc-cob401-2\/"]}]},{"@type":"ImageObject","inLanguage":"fr-FR","@id":"https:\/\/sxflightcase.com\/ja\/\u88fd\u54c1\/\u30ed\u30fc\u30c9\u30b1\u30fc\u30b9\u30b3\u30fc\u30ca\u30fc-cob401-2\/#primaryimage","url":"https:\/\/sxflightcase.com\/wp-content\/uploads\/2024\/08\/COB401.jpg","contentUrl":"https:\/\/sxflightcase.com\/wp-content\/uploads\/2024\/08\/COB401.jpg","width":700,"height":700,"caption":"Road Case Corner"},{"@type":"BreadcrumbList","@id":"https:\/\/sxflightcase.com\/ja\/\u88fd\u54c1\/\u30ed\u30fc\u30c9\u30b1\u30fc\u30b9\u30b3\u30fc\u30ca\u30fc-cob401-2\/#breadcrumb","itemListElement":[{"@type":"ListItem","position":1,"name":"Home","item":"https:\/\/sxflightcase.com\/"},{"@type":"ListItem","position":2,"name":"\u0e2a\u0e34\u0e19\u0e04\u0e49\u0e32","item":"https:\/\/sxflightcase.com\/th\/shop\/"},{"@type":"ListItem","position":3,"name":"Road Case Corner COB401"}]},{"@type":"WebSite","@id":"https:\/\/sxflightcase.com\/th\/#website","url":"https:\/\/sxflightcase.com\/th\/","name":"sxpowercase.com","description":"Flight Case Factory","publisher":{"@id":"https:\/\/sxflightcase.com\/th\/#organization"},"potentialAction":[{"@type":"SearchAction","target":{"@type":"EntryPoint","urlTemplate":"https:\/\/sxflightcase.com\/th\/?s={search_term_string}"},"query-input":{"@type":"PropertyValueSpecification","valueRequired":true,"valueName":"search_term_string"}}],"inLanguage":"fr-FR"},{"@type":"Organization","@id":"https:\/\/sxflightcase.com\/th\/#organization","name":"sxpowercase.com","url":"https:\/\/sxflightcase.com\/th\/","logo":{"@type":"ImageObject","inLanguage":"fr-FR","@id":"https:\/\/sxflightcase.com\/th\/#\/schema\/logo\/image\/","url":"https:\/\/sxflightcase.com\/wp-content\/uploads\/2024\/04\/1713919036007.jpg","contentUrl":"https:\/\/sxflightcase.com\/wp-content\/uploads\/2024\/04\/1713919036007.jpg","width":382,"height":388,"caption":"sxpowercase.com"},"image":{"@id":"https:\/\/sxflightcase.com\/th\/#\/schema\/logo\/image\/"},"sameAs":["https:\/\/www.facebook.com\/profile.php?id=61560407257971"],"numberOfEmployees":{"@type":"QuantitativeValue","minValue":"11","maxValue":"50"}}]}},"_links":{"self":[{"href":"https:\/\/sxflightcase.com\/fr\/wp-json\/wp\/v2\/product\/4144","targetHints":{"allow":["GET"]}}],"collection":[{"href":"https:\/\/sxflightcase.com\/fr\/wp-json\/wp\/v2\/product"}],"about":[{"href":"https:\/\/sxflightcase.com\/fr\/wp-json\/wp\/v2\/types\/product"}],"replies":[{"embeddable":true,"href":"https:\/\/sxflightcase.com\/fr\/wp-json\/wp\/v2\/comments?post=4144"}],"version-history":[{"count":0,"href":"https:\/\/sxflightcase.com\/fr\/wp-json\/wp\/v2\/product\/4144\/revisions"}],"wp:featuredmedia":[{"embeddable":true,"href":"https:\/\/sxflightcase.com\/fr\/wp-json\/wp\/v2\/media\/4090"}],"wp:attachment":[{"href":"https:\/\/sxflightcase.com\/fr\/wp-json\/wp\/v2\/media?parent=4144"}],"wp:term":[{"taxonomy":"product_brand","embeddable":true,"href":"https:\/\/sxflightcase.com\/fr\/wp-json\/wp\/v2\/product_brand?post=4144"},{"taxonomy":"product_cat","embeddable":true,"href":"https:\/\/sxflightcase.com\/fr\/wp-json\/wp\/v2\/product_cat?post=4144"},{"taxonomy":"product_tag","embeddable":true,"href":"https:\/\/sxflightcase.com\/fr\/wp-json\/wp\/v2\/product_tag?post=4144"}],"curies":[{"name":"wp","href":"https:\/\/api.w.org\/{rel}","templated":true}]}}