{"id":4146,"date":"2024-08-20T07:50:17","date_gmt":"2024-08-20T06:50:17","guid":{"rendered":"https:\/\/sxpowercase.com\/?post_type=product&#038;p=4146"},"modified":"2024-08-20T07:54:35","modified_gmt":"2024-08-20T06:54:35","slug":"road-case-corner-protectors-coc501","status":"publish","type":"product","link":"https:\/\/sxflightcase.com\/fr\/produit\/road-case-coins-protecteurs-coc501-2\/","title":{"rendered":"Protecteurs d&#039;angle Road Case COC501"},"content":{"rendered":"<h3>Renforcez la protection avec les protections d'angle SX Road Case<\/h3>\n<h4>Une d\u00e9fense fiable pour votre mat\u00e9riel<\/h4>\n<p>Lorsque votre \u00e9quipement doit voyager, la protection est essentielle. SX offre <strong>Protections d'angle pour caisses de route<\/strong> qui sont con\u00e7us pour prot\u00e9ger vos mallettes contre les chocs violents du transport. Ces protections d'angle agissent comme une premi\u00e8re ligne de d\u00e9fense, garantissant que votre pr\u00e9cieux mat\u00e9riel reste \u00e0 l'abri des chocs, des chutes et des manipulations brutales.<\/p>\n<h4>Construit pour durer avec une qualit\u00e9 sup\u00e9rieure<\/h4>\n<p><a title=\"SX\" href=\"https:\/\/sxpowercase.com\/\" target=\"_blank\" rel=\"noopener\" data-wpil-monitor-id=\"675\">SX<\/a> sait que la durabilit\u00e9 est indispensable dans les environnements professionnels. C'est pourquoi nos <strong>Protections d'angle pour caisses de route<\/strong> sont fabriqu\u00e9s \u00e0 partir de mat\u00e9riaux de haute qualit\u00e9 et r\u00e9sistants aux chocs. Ils sont con\u00e7us pour r\u00e9sister aux exigences d'une utilisation constante, vous offrant une protection durable \u00e0 un prix abordable. Avec SX, vous b\u00e9n\u00e9ficiez d'un prix direct usine, alliant qualit\u00e9 et prix abordable \u00e0 chaque achat.<\/p>\n<h4>Facile \u00e0 installer et universellement compatible<\/h4>\n<p>Notre <strong>Protections d'angle pour caisses de route<\/strong> sont con\u00e7us pour une installation facile, ce qui en fait un choix pratique pour les professionnels qui ont besoin de mettre \u00e0 niveau ou d'entretenir leurs mallettes. Ils sont compatibles avec un large \u00e9ventail de tailles et de types d'\u00e9tuis, ce qui vous permet d'obtenir la protection dont vous avez besoin sans probl\u00e8me. L'engagement de SX en mati\u00e8re de qualit\u00e9 garantit que ces protections ne s'adaptent pas seulement parfaitement, mais qu'elles offrent \u00e9galement une durabilit\u00e9 accrue.<\/p>\n<h4>Des solutions personnalisables pour des besoins uniques<\/h4>\n<p>Chez SX, nous savons que chaque cas a des exigences diff\u00e9rentes. C'est pourquoi nous proposons des options personnalisables pour nos <strong>Protections d'angle pour caisses de route<\/strong>. Que vous ayez besoin de mat\u00e9riaux, de tailles ou de finitions sp\u00e9cifiques, SX peut concevoir une solution r\u00e9pondant \u00e0 vos sp\u00e9cifications exactes, tout en maintenant les co\u00fbts \u00e0 un niveau bas gr\u00e2ce \u00e0 notre mod\u00e8le de fabrication directe.<\/p>\n<h4>Des professionnels de tous les secteurs d'activit\u00e9 font confiance \u00e0 l'entreprise<\/h4>\n<p>SX's <strong>Prot\u00e8ge-coins Road Case<\/strong>\u00a0Les professionnels de la musique, du cin\u00e9ma et de l'\u00e9v\u00e9nementiel font confiance \u00e0 nos produits. Ils comptent sur nos produits pour assurer la protection et la long\u00e9vit\u00e9 de leur \u00e9quipement. Avec SX, vous choisissez une marque qui valorise la qualit\u00e9, l'accessibilit\u00e9 et la fiabilit\u00e9.<\/p>\n<h4>Des prix comp\u00e9titifs avec une assurance qualit\u00e9<\/h4>\n<p>SX offre <strong>Prot\u00e8ge-coins Road Case<\/strong>\u00a0\u00e0 des prix comp\u00e9titifs, gr\u00e2ce \u00e0 notre approche d'usine directe. Cela signifie que vous obtenez des composants de haute qualit\u00e9 sans majoration, ce qui vous permet de prot\u00e9ger vos bo\u00eetiers tout en restant dans les limites de votre budget. SX s'assure que chaque produit r\u00e9pond \u00e0 des normes rigoureuses, ce qui vous garantit la tranquillit\u00e9 d'esprit \u00e0 chaque achat.<\/p>\n<h4>Une protection maximale \u00e0 un co\u00fbt minimal<\/h4>\n<p>Lorsqu'il s'agit de prot\u00e9ger votre \u00e9quipement de valeur, SX's <a href=\"https:\/\/sxpowercase.com\/product\/road-case-corner-cob401\/\"><strong>Protections d'angle pour caisses de route<\/strong><\/a> offrent un \u00e9quilibre parfait entre la qualit\u00e9 et le prix. Faites confiance \u00e0 SX pour vous fournir des produits qui r\u00e9sistent aux rigueurs d'une utilisation professionnelle, offrant une protection sup\u00e9rieure \u00e0 un prix difficile \u00e0 battre. Contactez-nous d\u00e8s aujourd'hui pour d\u00e9couvrir comment nos protections de coin peuvent am\u00e9liorer la durabilit\u00e9 de vos caisses de route.<\/p>\n<p>Contactez-nous maintenant :<span style=\"color: #0000ff;\"><a style=\"color: #0000ff;\" href=\"https:\/\/sxpowercase.com\/contact-us\/\">https:\/\/sxpowercase.com\/<\/a><\/span><\/p>\n<p>Catalogue de produits mat\u00e9riels :<span style=\"color: #3366ff;\"><a style=\"color: #3366ff;\" href=\"https:\/\/sxpowercase.com\/wp-content\/uploads\/2024\/07\/\u4e94\u91d1.pdf\">Catalogue d&#039;accessoires de quincaillerie<\/a><\/span><\/p>","protected":false},"excerpt":{"rendered":"<div class=\"flex max-w-full flex-col flex-grow\">\n<div class=\"\">\n<p>&nbsp;<\/p>\n<div class=\"flex w-full flex-col gap-1 empty:hidden first:pt-[3px]\">\n<div class=\"markdown prose w-full break-words dark:prose-invert light\">\n<h3>SX Road Case Corner Protectors: Ultimate Gear Defense<\/h3>\n<p>Safeguard your equipment during transport with SX Road Case Corner Protectors, designed to absorb harsh impacts and prevent damage. Get superior protection at factory-direct prices.<\/p>\n<h3>Built for Professional Durability<\/h3>\n<p>SX Corner Protectors are made from impact-resistant materials, ensuring your cases stay secure even with constant use. Enjoy long-lasting reliability without overspending.<\/p>\n<h3>Customizable Protection, Perfect Fit<\/h3>\n<p>SX offers customizable corner protectors to meet your specific needs. Easy to install and universally compatible, they provide tailored solutions for various case sizes and styles.<\/p>\n<\/div>\n<\/div>\n<\/div>\n<\/div>\n","protected":false},"featured_media":4091,"comment_status":"open","ping_status":"closed","template":"","meta":[],"product_brand":[],"product_cat":[63],"product_tag":[],"class_list":{"0":"post-4146","1":"product","2":"type-product","3":"status-publish","4":"has-post-thumbnail","6":"product_cat-corners","8":"first","9":"instock","10":"shipping-taxable","11":"product-type-simple"},"yoast_head":"<!-- This site is optimized with the Yoast SEO Premium plugin v27.1 (Yoast SEO v27.2) - https:\/\/yoast.com\/product\/yoast-seo-premium-wordpress\/ -->\n<title>Road Case Corner Protectors COC501 - https:\/\/sxflightcase.com \ud83d\udc97<\/title>\n<meta name=\"description\" content=\"Road case corner protectors, factory direct! High-quality, durable protection for case edges. Safeguards equipment during transport, ensuring long-lasting reliability for heavy-duty use.\" \/>\n<meta name=\"robots\" content=\"index, follow, max-snippet:-1, max-image-preview:large, max-video-preview:-1\" \/>\n<link rel=\"canonical\" href=\"https:\/\/sxflightcase.com\/fr\/\u0645\u0646\u062a\u062c\/\u0648\u0627\u0642\u064a\u0627\u062a-\u0632\u0648\u0627\u064a\u0627-\u062d\u0642\u064a\u0628\u0629-\u0627\u0644\u0637\u0631\u064a\u0642-coc501\/\" \/>\n<meta property=\"og:locale\" content=\"fr_FR\" \/>\n<meta property=\"og:type\" content=\"article\" \/>\n<meta property=\"og:title\" content=\"Road Case Corner Protectors COC501\" \/>\n<meta property=\"og:description\" content=\"Road case corner protectors, factory direct! High-quality, durable protection for case edges. Safeguards equipment during transport, ensuring long-lasting reliability for heavy-duty use.\" \/>\n<meta property=\"og:url\" content=\"https:\/\/sxflightcase.com\/fr\/\u0645\u0646\u062a\u062c\/\u0648\u0627\u0642\u064a\u0627\u062a-\u0632\u0648\u0627\u064a\u0627-\u062d\u0642\u064a\u0628\u0629-\u0627\u0644\u0637\u0631\u064a\u0642-coc501\/\" \/>\n<meta property=\"og:site_name\" content=\"https:\/\/sxflightcase.com\" \/>\n<meta property=\"article:publisher\" content=\"https:\/\/www.facebook.com\/profile.php?id=61560407257971\" \/>\n<meta property=\"article:modified_time\" content=\"2024-08-20T06:54:35+00:00\" \/>\n<meta property=\"og:image\" content=\"https:\/\/sxflightcase.com\/wp-content\/uploads\/2024\/08\/COC501.jpg\" \/>\n\t<meta property=\"og:image:width\" content=\"491\" \/>\n\t<meta property=\"og:image:height\" content=\"486\" \/>\n\t<meta property=\"og:image:type\" content=\"image\/jpeg\" \/>\n<meta name=\"twitter:card\" content=\"summary_large_image\" \/>\n<meta name=\"twitter:label1\" content=\"Dur\u00e9e de lecture estim\u00e9e\" \/>\n\t<meta name=\"twitter:data1\" content=\"3 minutes\" \/>\n<script type=\"application\/ld+json\" class=\"yoast-schema-graph\">{\"@context\":\"https:\/\/schema.org\",\"@graph\":[{\"@type\":\"WebPage\",\"@id\":\"https:\/\/sxflightcase.com\/ar\/\u0645\u0646\u062a\u062c\/\u0648\u0627\u0642\u064a\u0627\u062a-\u0632\u0648\u0627\u064a\u0627-\u062d\u0642\u064a\u0628\u0629-\u0627\u0644\u0637\u0631\u064a\u0642-coc501\/\",\"url\":\"https:\/\/sxflightcase.com\/ar\/\u0645\u0646\u062a\u062c\/\u0648\u0627\u0642\u064a\u0627\u062a-\u0632\u0648\u0627\u064a\u0627-\u062d\u0642\u064a\u0628\u0629-\u0627\u0644\u0637\u0631\u064a\u0642-coc501\/\",\"name\":\"Road Case Corner Protectors COC501 - https:\/\/sxflightcase.com \ud83d\udc97\",\"isPartOf\":{\"@id\":\"https:\/\/sxflightcase.com\/th\/#website\"},\"primaryImageOfPage\":{\"@id\":\"https:\/\/sxflightcase.com\/ar\/\u0645\u0646\u062a\u062c\/\u0648\u0627\u0642\u064a\u0627\u062a-\u0632\u0648\u0627\u064a\u0627-\u062d\u0642\u064a\u0628\u0629-\u0627\u0644\u0637\u0631\u064a\u0642-coc501\/#primaryimage\"},\"image\":{\"@id\":\"https:\/\/sxflightcase.com\/ar\/\u0645\u0646\u062a\u062c\/\u0648\u0627\u0642\u064a\u0627\u062a-\u0632\u0648\u0627\u064a\u0627-\u062d\u0642\u064a\u0628\u0629-\u0627\u0644\u0637\u0631\u064a\u0642-coc501\/#primaryimage\"},\"thumbnailUrl\":\"https:\/\/sxflightcase.com\/wp-content\/uploads\/2024\/08\/COC501.jpg\",\"datePublished\":\"2024-08-20T06:50:17+00:00\",\"dateModified\":\"2024-08-20T06:54:35+00:00\",\"description\":\"Road case corner protectors, factory direct! High-quality, durable protection for case edges. Safeguards equipment during transport, ensuring long-lasting reliability for heavy-duty use.\",\"breadcrumb\":{\"@id\":\"https:\/\/sxflightcase.com\/ar\/\u0645\u0646\u062a\u062c\/\u0648\u0627\u0642\u064a\u0627\u062a-\u0632\u0648\u0627\u064a\u0627-\u062d\u0642\u064a\u0628\u0629-\u0627\u0644\u0637\u0631\u064a\u0642-coc501\/#breadcrumb\"},\"inLanguage\":\"fr-FR\",\"potentialAction\":[{\"@type\":\"ReadAction\",\"target\":[\"https:\/\/sxflightcase.com\/ar\/\u0645\u0646\u062a\u062c\/\u0648\u0627\u0642\u064a\u0627\u062a-\u0632\u0648\u0627\u064a\u0627-\u062d\u0642\u064a\u0628\u0629-\u0627\u0644\u0637\u0631\u064a\u0642-coc501\/\"]}]},{\"@type\":\"ImageObject\",\"inLanguage\":\"fr-FR\",\"@id\":\"https:\/\/sxflightcase.com\/ar\/\u0645\u0646\u062a\u062c\/\u0648\u0627\u0642\u064a\u0627\u062a-\u0632\u0648\u0627\u064a\u0627-\u062d\u0642\u064a\u0628\u0629-\u0627\u0644\u0637\u0631\u064a\u0642-coc501\/#primaryimage\",\"url\":\"https:\/\/sxflightcase.com\/wp-content\/uploads\/2024\/08\/COC501.jpg\",\"contentUrl\":\"https:\/\/sxflightcase.com\/wp-content\/uploads\/2024\/08\/COC501.jpg\",\"width\":491,\"height\":486,\"caption\":\"Road Case Corner Protectors\"},{\"@type\":\"BreadcrumbList\",\"@id\":\"https:\/\/sxflightcase.com\/ar\/\u0645\u0646\u062a\u062c\/\u0648\u0627\u0642\u064a\u0627\u062a-\u0632\u0648\u0627\u064a\u0627-\u062d\u0642\u064a\u0628\u0629-\u0627\u0644\u0637\u0631\u064a\u0642-coc501\/#breadcrumb\",\"itemListElement\":[{\"@type\":\"ListItem\",\"position\":1,\"name\":\"Home\",\"item\":\"https:\/\/sxflightcase.com\/\"},{\"@type\":\"ListItem\",\"position\":2,\"name\":\"\u0e2a\u0e34\u0e19\u0e04\u0e49\u0e32\",\"item\":\"https:\/\/sxflightcase.com\/th\/shop\/\"},{\"@type\":\"ListItem\",\"position\":3,\"name\":\"Road Case Corner Protectors COC501\"}]},{\"@type\":\"WebSite\",\"@id\":\"https:\/\/sxflightcase.com\/th\/#website\",\"url\":\"https:\/\/sxflightcase.com\/th\/\",\"name\":\"sxpowercase.com\",\"description\":\"Flight Case Factory\",\"publisher\":{\"@id\":\"https:\/\/sxflightcase.com\/th\/#organization\"},\"potentialAction\":[{\"@type\":\"SearchAction\",\"target\":{\"@type\":\"EntryPoint\",\"urlTemplate\":\"https:\/\/sxflightcase.com\/th\/?s={search_term_string}\"},\"query-input\":{\"@type\":\"PropertyValueSpecification\",\"valueRequired\":true,\"valueName\":\"search_term_string\"}}],\"inLanguage\":\"fr-FR\"},{\"@type\":\"Organization\",\"@id\":\"https:\/\/sxflightcase.com\/th\/#organization\",\"name\":\"sxpowercase.com\",\"url\":\"https:\/\/sxflightcase.com\/th\/\",\"logo\":{\"@type\":\"ImageObject\",\"inLanguage\":\"fr-FR\",\"@id\":\"https:\/\/sxflightcase.com\/th\/#\/schema\/logo\/image\/\",\"url\":\"https:\/\/sxflightcase.com\/wp-content\/uploads\/2024\/04\/1713919036007.jpg\",\"contentUrl\":\"https:\/\/sxflightcase.com\/wp-content\/uploads\/2024\/04\/1713919036007.jpg\",\"width\":382,\"height\":388,\"caption\":\"sxpowercase.com\"},\"image\":{\"@id\":\"https:\/\/sxflightcase.com\/th\/#\/schema\/logo\/image\/\"},\"sameAs\":[\"https:\/\/www.facebook.com\/profile.php?id=61560407257971\"],\"numberOfEmployees\":{\"@type\":\"QuantitativeValue\",\"minValue\":\"11\",\"maxValue\":\"50\"}}]}<\/script>\n<!-- \/ Yoast SEO Premium plugin. -->","yoast_head_json":{"title":"Road Case Corner Protectors COC501 - https:\/\/sxflightcase.com \ud83d\udc97","description":"Prot\u00e8ge-coins pour \u00e9tuis de route, en direct de l'usine ! Protection durable et de haute qualit\u00e9 pour les bords de la valise. Prot\u00e8gent l'\u00e9quipement pendant le transport et garantissent une fiabilit\u00e9 \u00e0 long terme pour une utilisation intensive.","robots":{"index":"index","follow":"follow","max-snippet":"max-snippet:-1","max-image-preview":"max-image-preview:large","max-video-preview":"max-video-preview:-1"},"canonical":"https:\/\/sxflightcase.com\/fr\/\u0645\u0646\u062a\u062c\/\u0648\u0627\u0642\u064a\u0627\u062a-\u0632\u0648\u0627\u064a\u0627-\u062d\u0642\u064a\u0628\u0629-\u0627\u0644\u0637\u0631\u064a\u0642-coc501\/","og_locale":"fr_FR","og_type":"article","og_title":"Road Case Corner Protectors COC501","og_description":"Road case corner protectors, factory direct! High-quality, durable protection for case edges. Safeguards equipment during transport, ensuring long-lasting reliability for heavy-duty use.","og_url":"https:\/\/sxflightcase.com\/fr\/\u0645\u0646\u062a\u062c\/\u0648\u0627\u0642\u064a\u0627\u062a-\u0632\u0648\u0627\u064a\u0627-\u062d\u0642\u064a\u0628\u0629-\u0627\u0644\u0637\u0631\u064a\u0642-coc501\/","og_site_name":"https:\/\/sxflightcase.com","article_publisher":"https:\/\/www.facebook.com\/profile.php?id=61560407257971","article_modified_time":"2024-08-20T06:54:35+00:00","og_image":[{"width":491,"height":486,"url":"https:\/\/sxflightcase.com\/wp-content\/uploads\/2024\/08\/COC501.jpg","type":"image\/jpeg"}],"twitter_card":"summary_large_image","twitter_misc":{"Dur\u00e9e de lecture estim\u00e9e":"3 minutes"},"schema":{"@context":"https:\/\/schema.org","@graph":[{"@type":"WebPage","@id":"https:\/\/sxflightcase.com\/ar\/\u0645\u0646\u062a\u062c\/\u0648\u0627\u0642\u064a\u0627\u062a-\u0632\u0648\u0627\u064a\u0627-\u062d\u0642\u064a\u0628\u0629-\u0627\u0644\u0637\u0631\u064a\u0642-coc501\/","url":"https:\/\/sxflightcase.com\/ar\/\u0645\u0646\u062a\u062c\/\u0648\u0627\u0642\u064a\u0627\u062a-\u0632\u0648\u0627\u064a\u0627-\u062d\u0642\u064a\u0628\u0629-\u0627\u0644\u0637\u0631\u064a\u0642-coc501\/","name":"Road Case Corner Protectors COC501 - https:\/\/sxflightcase.com \ud83d\udc97","isPartOf":{"@id":"https:\/\/sxflightcase.com\/th\/#website"},"primaryImageOfPage":{"@id":"https:\/\/sxflightcase.com\/ar\/\u0645\u0646\u062a\u062c\/\u0648\u0627\u0642\u064a\u0627\u062a-\u0632\u0648\u0627\u064a\u0627-\u062d\u0642\u064a\u0628\u0629-\u0627\u0644\u0637\u0631\u064a\u0642-coc501\/#primaryimage"},"image":{"@id":"https:\/\/sxflightcase.com\/ar\/\u0645\u0646\u062a\u062c\/\u0648\u0627\u0642\u064a\u0627\u062a-\u0632\u0648\u0627\u064a\u0627-\u062d\u0642\u064a\u0628\u0629-\u0627\u0644\u0637\u0631\u064a\u0642-coc501\/#primaryimage"},"thumbnailUrl":"https:\/\/sxflightcase.com\/wp-content\/uploads\/2024\/08\/COC501.jpg","datePublished":"2024-08-20T06:50:17+00:00","dateModified":"2024-08-20T06:54:35+00:00","description":"Prot\u00e8ge-coins pour \u00e9tuis de route, en direct de l'usine ! Protection durable et de haute qualit\u00e9 pour les bords de la valise. Prot\u00e8gent l'\u00e9quipement pendant le transport et garantissent une fiabilit\u00e9 \u00e0 long terme pour une utilisation intensive.","breadcrumb":{"@id":"https:\/\/sxflightcase.com\/ar\/\u0645\u0646\u062a\u062c\/\u0648\u0627\u0642\u064a\u0627\u062a-\u0632\u0648\u0627\u064a\u0627-\u062d\u0642\u064a\u0628\u0629-\u0627\u0644\u0637\u0631\u064a\u0642-coc501\/#breadcrumb"},"inLanguage":"fr-FR","potentialAction":[{"@type":"ReadAction","target":["https:\/\/sxflightcase.com\/ar\/\u0645\u0646\u062a\u062c\/\u0648\u0627\u0642\u064a\u0627\u062a-\u0632\u0648\u0627\u064a\u0627-\u062d\u0642\u064a\u0628\u0629-\u0627\u0644\u0637\u0631\u064a\u0642-coc501\/"]}]},{"@type":"ImageObject","inLanguage":"fr-FR","@id":"https:\/\/sxflightcase.com\/ar\/\u0645\u0646\u062a\u062c\/\u0648\u0627\u0642\u064a\u0627\u062a-\u0632\u0648\u0627\u064a\u0627-\u062d\u0642\u064a\u0628\u0629-\u0627\u0644\u0637\u0631\u064a\u0642-coc501\/#primaryimage","url":"https:\/\/sxflightcase.com\/wp-content\/uploads\/2024\/08\/COC501.jpg","contentUrl":"https:\/\/sxflightcase.com\/wp-content\/uploads\/2024\/08\/COC501.jpg","width":491,"height":486,"caption":"Road Case Corner Protectors"},{"@type":"BreadcrumbList","@id":"https:\/\/sxflightcase.com\/ar\/\u0645\u0646\u062a\u062c\/\u0648\u0627\u0642\u064a\u0627\u062a-\u0632\u0648\u0627\u064a\u0627-\u062d\u0642\u064a\u0628\u0629-\u0627\u0644\u0637\u0631\u064a\u0642-coc501\/#breadcrumb","itemListElement":[{"@type":"ListItem","position":1,"name":"Home","item":"https:\/\/sxflightcase.com\/"},{"@type":"ListItem","position":2,"name":"\u0e2a\u0e34\u0e19\u0e04\u0e49\u0e32","item":"https:\/\/sxflightcase.com\/th\/shop\/"},{"@type":"ListItem","position":3,"name":"Road Case Corner Protectors COC501"}]},{"@type":"WebSite","@id":"https:\/\/sxflightcase.com\/th\/#website","url":"https:\/\/sxflightcase.com\/th\/","name":"sxpowercase.com","description":"Flight Case Factory","publisher":{"@id":"https:\/\/sxflightcase.com\/th\/#organization"},"potentialAction":[{"@type":"SearchAction","target":{"@type":"EntryPoint","urlTemplate":"https:\/\/sxflightcase.com\/th\/?s={search_term_string}"},"query-input":{"@type":"PropertyValueSpecification","valueRequired":true,"valueName":"search_term_string"}}],"inLanguage":"fr-FR"},{"@type":"Organization","@id":"https:\/\/sxflightcase.com\/th\/#organization","name":"sxpowercase.com","url":"https:\/\/sxflightcase.com\/th\/","logo":{"@type":"ImageObject","inLanguage":"fr-FR","@id":"https:\/\/sxflightcase.com\/th\/#\/schema\/logo\/image\/","url":"https:\/\/sxflightcase.com\/wp-content\/uploads\/2024\/04\/1713919036007.jpg","contentUrl":"https:\/\/sxflightcase.com\/wp-content\/uploads\/2024\/04\/1713919036007.jpg","width":382,"height":388,"caption":"sxpowercase.com"},"image":{"@id":"https:\/\/sxflightcase.com\/th\/#\/schema\/logo\/image\/"},"sameAs":["https:\/\/www.facebook.com\/profile.php?id=61560407257971"],"numberOfEmployees":{"@type":"QuantitativeValue","minValue":"11","maxValue":"50"}}]}},"_links":{"self":[{"href":"https:\/\/sxflightcase.com\/fr\/wp-json\/wp\/v2\/product\/4146","targetHints":{"allow":["GET"]}}],"collection":[{"href":"https:\/\/sxflightcase.com\/fr\/wp-json\/wp\/v2\/product"}],"about":[{"href":"https:\/\/sxflightcase.com\/fr\/wp-json\/wp\/v2\/types\/product"}],"replies":[{"embeddable":true,"href":"https:\/\/sxflightcase.com\/fr\/wp-json\/wp\/v2\/comments?post=4146"}],"version-history":[{"count":0,"href":"https:\/\/sxflightcase.com\/fr\/wp-json\/wp\/v2\/product\/4146\/revisions"}],"wp:featuredmedia":[{"embeddable":true,"href":"https:\/\/sxflightcase.com\/fr\/wp-json\/wp\/v2\/media\/4091"}],"wp:attachment":[{"href":"https:\/\/sxflightcase.com\/fr\/wp-json\/wp\/v2\/media?parent=4146"}],"wp:term":[{"taxonomy":"product_brand","embeddable":true,"href":"https:\/\/sxflightcase.com\/fr\/wp-json\/wp\/v2\/product_brand?post=4146"},{"taxonomy":"product_cat","embeddable":true,"href":"https:\/\/sxflightcase.com\/fr\/wp-json\/wp\/v2\/product_cat?post=4146"},{"taxonomy":"product_tag","embeddable":true,"href":"https:\/\/sxflightcase.com\/fr\/wp-json\/wp\/v2\/product_tag?post=4146"}],"curies":[{"name":"wp","href":"https:\/\/api.w.org\/{rel}","templated":true}]}}