{"id":4158,"date":"2024-08-21T07:24:43","date_gmt":"2024-08-21T06:24:43","guid":{"rendered":"https:\/\/sxpowercase.com\/?post_type=product&#038;p=4158"},"modified":"2024-08-21T07:24:44","modified_gmt":"2024-08-21T06:24:44","slug":"metal-corner-protector-coc601","status":"publish","type":"product","link":"https:\/\/sxflightcase.com\/fr\/produit\/protecteur-dangle-metallique-coc601-2\/","title":{"rendered":"Protecteur d&#039;angle en m\u00e9tal COC601"},"content":{"rendered":"<h3>Protection fiable gr\u00e2ce \u00e0 la corni\u00e8re m\u00e9tallique SX<\/h3>\n<h4>Des protections essentielles pour votre \u00e9quipement<\/h4>\n<p>Pour les professionnels qui ont besoin d'une protection fiable de leur \u00e9quipement, le SX <span style=\"color: #3366ff;\"><a style=\"color: #3366ff;\" href=\"https:\/\/sxpowercase.com\/product\/road-case-corner-protectors-coc502\/\"><strong>Prot\u00e8ge-coins en m\u00e9tal<\/strong><\/a><\/span> est un excellent choix. Con\u00e7us pour prot\u00e9ger les flight cases et les road cases des chocs, ces prot\u00e8ge-coins am\u00e9liorent la durabilit\u00e9 et la long\u00e9vit\u00e9. En optant pour SX, vous choisissez la qualit\u00e9 \u00e0 un prix d'usine, ce qui vous garantit le meilleur rapport qualit\u00e9-prix.<\/p>\n<h4>Con\u00e7u pour durer dans des environnements difficiles<\/h4>\n<p>SX's <strong>Prot\u00e8ge-coins en m\u00e9tal<\/strong> sont fabriqu\u00e9s \u00e0 partir de mat\u00e9riaux de premi\u00e8re qualit\u00e9 con\u00e7us pour r\u00e9sister \u00e0 une manipulation brutale, \u00e0 une utilisation intensive et \u00e0 des conditions difficiles. Qu'il s'agisse de transporter du mat\u00e9riel \u00e0 l'autre bout de la ville ou du monde, ces protections offrent une d\u00e9fense de premier ordre contre les bosses, les rayures et autres dommages. Leur conception robuste est synonyme de fiabilit\u00e9 \u00e0 long terme \u00e0 un prix avantageux.<\/p>\n<h4>Une installation simple pour une protection maximale<\/h4>\n<p>Le <a href=\"https:\/\/sxpowercase.com\/\" target=\"_blank\" rel=\"noopener\" title=\"SX\" data-wpil-monitor-id=\"679\">SX<\/a> <strong>Prot\u00e8ge-coins en m\u00e9tal<\/strong> est facile \u00e0 installer, ce qui simplifie l'ajout d'une protection \u00e0 vos bo\u00eetiers existants ou nouveaux. Compatibles avec une large gamme de types et de tailles de bo\u00eetiers, ces protecteurs offrent une grande flexibilit\u00e9 pour diverses applications. Chez SX, nous nous effor\u00e7ons de fournir des solutions de haute qualit\u00e9, peu co\u00fbteuses et faciles \u00e0 mettre en \u0153uvre, tout en garantissant la s\u00e9curit\u00e9 de votre \u00e9quipement.<\/p>\n<h4>Personnalisable pour r\u00e9pondre \u00e0 vos besoins<\/h4>\n<p>Chaque installation est unique et SX comprend le besoin de solutions sur mesure. Nos <strong>Prot\u00e8ge-coins en m\u00e9tal<\/strong> peuvent \u00eatre personnalis\u00e9s en termes de taille, de finition et de sp\u00e9cifications pour r\u00e9pondre \u00e0 vos besoins sp\u00e9cifiques. En proposant des options en direct de l'usine, SX offre des personnalisations qui n'ont pas un prix \u00e9lev\u00e9, ce qui vous permet d'obtenir exactement ce dont vous avez besoin sans faire de compromis sur la qualit\u00e9.<\/p>\n<h4>Des professionnels de tous les secteurs d'activit\u00e9 font confiance \u00e0 l'entreprise<\/h4>\n<p>SX <strong>Prot\u00e8ge-coins en m\u00e9tal<\/strong> Les professionnels des secteurs du divertissement, de la musique et de l'audiovisuel font confiance \u00e0 la fiabilit\u00e9 de leur protection. En prot\u00e9geant les mallettes contre les dommages, ils garantissent que le mat\u00e9riel de valeur arrive toujours dans un \u00e9tat impeccable. L'engagement de SX en mati\u00e8re de qualit\u00e9 et de prix direct usine signifie que vous obtenez un produit qui offre \u00e0 la fois valeur et performance.<\/p>\n<h4>Qualit\u00e9 et prix abordables combin\u00e9s<\/h4>\n<p>Lors du choix de SX's <strong>Prot\u00e8ge-coins en m\u00e9tal<\/strong>Gr\u00e2ce \u00e0 notre approche de vente directe, vous n'investissez pas seulement dans la protection, mais aussi dans la qualit\u00e9. Gr\u00e2ce \u00e0 notre approche de vente directe depuis l'usine, vous b\u00e9n\u00e9ficiez d'\u00e9conomies significatives sans sacrifier la fiabilit\u00e9. Chaque protecteur est rigoureusement test\u00e9 pour sa durabilit\u00e9, ce qui vous permet d'avoir confiance en ses performances tout en maintenant les co\u00fbts \u00e0 un niveau bas.<\/p>\n<h4>Le choix intelligent pour une protection rentable<\/h4>\n<p>SX <strong>Prot\u00e8ge-coins en m\u00e9tal<\/strong> offrent une protection fiable et \u00e9conomique pour vos bo\u00eetiers, ce qui en fait un choix judicieux pour les professionnels et les entreprises. Alliant durabilit\u00e9, facilit\u00e9 d'installation et prix abordable, ces protections vous aident \u00e0 prot\u00e9ger vos investissements sans vous ruiner. Faites confiance \u00e0 SX pour des solutions de qualit\u00e9 sup\u00e9rieure et \u00e9conomiques adapt\u00e9es \u00e0 vos besoins.<\/p>\n<p>Contactez-nous maintenant :<span style=\"color: #0000ff;\"><a style=\"color: #0000ff;\" href=\"https:\/\/sxpowercase.com\/contact-us\/\">https:\/\/sxpowercase.com\/<\/a><\/span><\/p>\n<p>Catalogue de produits mat\u00e9riels :<span style=\"color: #3366ff;\"><a style=\"color: #3366ff;\" href=\"https:\/\/sxpowercase.com\/wp-content\/uploads\/2024\/07\/\u4e94\u91d1.pdf\">Catalogue d&#039;accessoires de quincaillerie<\/a><\/span><\/p>","protected":false},"excerpt":{"rendered":"<div class=\"flex max-w-full flex-col flex-grow\">\n<div class=\"min-h-[20px] text-message flex w-full flex-col items-end gap-2 break-words [.text-message+&amp;]:mt-5 overflow-x-auto whitespace-pre-wrap\" dir=\"auto\" data-message-author-role=\"assistant\" data-message-id=\"1065a7ee-4302-4017-b1b0-786dd3af75a9\">\n<div class=\"flex w-full flex-col gap-1 empty:hidden first:pt-[3px]\">\n<div class=\"markdown prose w-full break-words dark:prose-invert light\">\n<h3>SX Metal Corner Protector: Essential Defense for Your Gear<\/h3>\n<p>Protect your equipment from impacts with SX Metal Corner Protectors, offering top-tier durability and factory-direct pricing for unbeatable value.<\/p>\n<h3>Built for Tough Conditions<\/h3>\n<p>Engineered from premium materials, SX Metal Corner Protectors withstand rough handling and heavy use, ensuring your cases stay intact in any environment.<\/p>\n<h3>Customizable and Easy to Install<\/h3>\n<p>SX provides customizable options to fit your unique needs, with quick installation and universal compatibility that make upgrading your cases effortless.<\/p>\n<\/div>\n<\/div>\n<\/div>\n<\/div>\n","protected":false},"featured_media":4093,"comment_status":"open","ping_status":"closed","template":"","meta":[],"product_brand":[],"product_cat":[63],"product_tag":[],"class_list":{"0":"post-4158","1":"product","2":"type-product","3":"status-publish","4":"has-post-thumbnail","6":"product_cat-corners","8":"first","9":"instock","10":"shipping-taxable","11":"product-type-simple"},"yoast_head":"<!-- This site is optimized with the Yoast SEO Premium plugin v27.1 (Yoast SEO v27.2) - https:\/\/yoast.com\/product\/yoast-seo-premium-wordpress\/ -->\n<title>Metal Corner Protector COC601 - https:\/\/sxflightcase.com \ud83d\udc97<\/title>\n<meta name=\"description\" content=\"Metal corner protector, factory direct! High-quality, durable protection for case edges. Ideal for safeguarding against impact during transport, ensuring long-lasting reliability and safety.\" \/>\n<meta name=\"robots\" content=\"index, follow, max-snippet:-1, max-image-preview:large, max-video-preview:-1\" \/>\n<link rel=\"canonical\" href=\"https:\/\/sxflightcase.com\/fr\/produit\/protecteur-dangle-metallique-coc601-2\/\" \/>\n<meta property=\"og:locale\" content=\"fr_FR\" \/>\n<meta property=\"og:type\" content=\"article\" \/>\n<meta property=\"og:title\" content=\"Metal Corner Protector COC601\" \/>\n<meta property=\"og:description\" content=\"Metal corner protector, factory direct! High-quality, durable protection for case edges. Ideal for safeguarding against impact during transport, ensuring long-lasting reliability and safety.\" \/>\n<meta property=\"og:url\" content=\"https:\/\/sxflightcase.com\/fr\/produit\/protecteur-dangle-metallique-coc601-2\/\" \/>\n<meta property=\"og:site_name\" content=\"https:\/\/sxflightcase.com\" \/>\n<meta property=\"article:publisher\" content=\"https:\/\/www.facebook.com\/profile.php?id=61560407257971\" \/>\n<meta property=\"article:modified_time\" content=\"2024-08-21T06:24:44+00:00\" \/>\n<meta property=\"og:image\" content=\"https:\/\/sxflightcase.com\/wp-content\/uploads\/2024\/08\/COC601.jpg\" \/>\n\t<meta property=\"og:image:width\" content=\"520\" \/>\n\t<meta property=\"og:image:height\" content=\"529\" \/>\n\t<meta property=\"og:image:type\" content=\"image\/jpeg\" \/>\n<meta name=\"twitter:card\" content=\"summary_large_image\" \/>\n<meta name=\"twitter:label1\" content=\"Dur\u00e9e de lecture estim\u00e9e\" \/>\n\t<meta name=\"twitter:data1\" content=\"3 minutes\" \/>\n<script type=\"application\/ld+json\" class=\"yoast-schema-graph\">{\"@context\":\"https:\/\/schema.org\",\"@graph\":[{\"@type\":\"WebPage\",\"@id\":\"https:\/\/sxflightcase.com\/product\/metal-corner-protector-coc601\/\",\"url\":\"https:\/\/sxflightcase.com\/product\/metal-corner-protector-coc601\/\",\"name\":\"Metal Corner Protector COC601 - https:\/\/sxflightcase.com \ud83d\udc97\",\"isPartOf\":{\"@id\":\"https:\/\/sxflightcase.com\/th\/#website\"},\"primaryImageOfPage\":{\"@id\":\"https:\/\/sxflightcase.com\/product\/metal-corner-protector-coc601\/#primaryimage\"},\"image\":{\"@id\":\"https:\/\/sxflightcase.com\/product\/metal-corner-protector-coc601\/#primaryimage\"},\"thumbnailUrl\":\"https:\/\/sxflightcase.com\/wp-content\/uploads\/2024\/08\/COC601.jpg\",\"datePublished\":\"2024-08-21T06:24:43+00:00\",\"dateModified\":\"2024-08-21T06:24:44+00:00\",\"description\":\"Metal corner protector, factory direct! High-quality, durable protection for case edges. Ideal for safeguarding against impact during transport, ensuring long-lasting reliability and safety.\",\"breadcrumb\":{\"@id\":\"https:\/\/sxflightcase.com\/product\/metal-corner-protector-coc601\/#breadcrumb\"},\"inLanguage\":\"fr-FR\",\"potentialAction\":[{\"@type\":\"ReadAction\",\"target\":[\"https:\/\/sxflightcase.com\/product\/metal-corner-protector-coc601\/\"]}]},{\"@type\":\"ImageObject\",\"inLanguage\":\"fr-FR\",\"@id\":\"https:\/\/sxflightcase.com\/product\/metal-corner-protector-coc601\/#primaryimage\",\"url\":\"https:\/\/sxflightcase.com\/wp-content\/uploads\/2024\/08\/COC601.jpg\",\"contentUrl\":\"https:\/\/sxflightcase.com\/wp-content\/uploads\/2024\/08\/COC601.jpg\",\"width\":520,\"height\":529,\"caption\":\"Metal Corner Protector\"},{\"@type\":\"BreadcrumbList\",\"@id\":\"https:\/\/sxflightcase.com\/product\/metal-corner-protector-coc601\/#breadcrumb\",\"itemListElement\":[{\"@type\":\"ListItem\",\"position\":1,\"name\":\"Home\",\"item\":\"https:\/\/sxflightcase.com\/\"},{\"@type\":\"ListItem\",\"position\":2,\"name\":\"\u0e2a\u0e34\u0e19\u0e04\u0e49\u0e32\",\"item\":\"https:\/\/sxflightcase.com\/th\/shop\/\"},{\"@type\":\"ListItem\",\"position\":3,\"name\":\"Metal Corner Protector COC601\"}]},{\"@type\":\"WebSite\",\"@id\":\"https:\/\/sxflightcase.com\/th\/#website\",\"url\":\"https:\/\/sxflightcase.com\/th\/\",\"name\":\"sxpowercase.com\",\"description\":\"Flight Case Factory\",\"publisher\":{\"@id\":\"https:\/\/sxflightcase.com\/th\/#organization\"},\"potentialAction\":[{\"@type\":\"SearchAction\",\"target\":{\"@type\":\"EntryPoint\",\"urlTemplate\":\"https:\/\/sxflightcase.com\/th\/?s={search_term_string}\"},\"query-input\":{\"@type\":\"PropertyValueSpecification\",\"valueRequired\":true,\"valueName\":\"search_term_string\"}}],\"inLanguage\":\"fr-FR\"},{\"@type\":\"Organization\",\"@id\":\"https:\/\/sxflightcase.com\/th\/#organization\",\"name\":\"sxpowercase.com\",\"url\":\"https:\/\/sxflightcase.com\/th\/\",\"logo\":{\"@type\":\"ImageObject\",\"inLanguage\":\"fr-FR\",\"@id\":\"https:\/\/sxflightcase.com\/th\/#\/schema\/logo\/image\/\",\"url\":\"https:\/\/sxflightcase.com\/wp-content\/uploads\/2024\/04\/1713919036007.jpg\",\"contentUrl\":\"https:\/\/sxflightcase.com\/wp-content\/uploads\/2024\/04\/1713919036007.jpg\",\"width\":382,\"height\":388,\"caption\":\"sxpowercase.com\"},\"image\":{\"@id\":\"https:\/\/sxflightcase.com\/th\/#\/schema\/logo\/image\/\"},\"sameAs\":[\"https:\/\/www.facebook.com\/profile.php?id=61560407257971\"],\"numberOfEmployees\":{\"@type\":\"QuantitativeValue\",\"minValue\":\"11\",\"maxValue\":\"50\"}}]}<\/script>\n<!-- \/ Yoast SEO Premium plugin. -->","yoast_head_json":{"title":"Metal Corner Protector COC601 - https:\/\/sxflightcase.com \ud83d\udc97","description":"Prot\u00e8ge-coins en m\u00e9tal, direct usine ! Protection durable et de haute qualit\u00e9 pour les bords de l'\u00e9tui. Id\u00e9ale pour \u00e9viter les chocs pendant le transport, elle garantit une fiabilit\u00e9 et une s\u00e9curit\u00e9 durables.","robots":{"index":"index","follow":"follow","max-snippet":"max-snippet:-1","max-image-preview":"max-image-preview:large","max-video-preview":"max-video-preview:-1"},"canonical":"https:\/\/sxflightcase.com\/fr\/produit\/protecteur-dangle-metallique-coc601-2\/","og_locale":"fr_FR","og_type":"article","og_title":"Metal Corner Protector COC601","og_description":"Metal corner protector, factory direct! High-quality, durable protection for case edges. Ideal for safeguarding against impact during transport, ensuring long-lasting reliability and safety.","og_url":"https:\/\/sxflightcase.com\/fr\/produit\/protecteur-dangle-metallique-coc601-2\/","og_site_name":"https:\/\/sxflightcase.com","article_publisher":"https:\/\/www.facebook.com\/profile.php?id=61560407257971","article_modified_time":"2024-08-21T06:24:44+00:00","og_image":[{"width":520,"height":529,"url":"https:\/\/sxflightcase.com\/wp-content\/uploads\/2024\/08\/COC601.jpg","type":"image\/jpeg"}],"twitter_card":"summary_large_image","twitter_misc":{"Dur\u00e9e de lecture estim\u00e9e":"3 minutes"},"schema":{"@context":"https:\/\/schema.org","@graph":[{"@type":"WebPage","@id":"https:\/\/sxflightcase.com\/product\/metal-corner-protector-coc601\/","url":"https:\/\/sxflightcase.com\/product\/metal-corner-protector-coc601\/","name":"Metal Corner Protector COC601 - https:\/\/sxflightcase.com \ud83d\udc97","isPartOf":{"@id":"https:\/\/sxflightcase.com\/th\/#website"},"primaryImageOfPage":{"@id":"https:\/\/sxflightcase.com\/product\/metal-corner-protector-coc601\/#primaryimage"},"image":{"@id":"https:\/\/sxflightcase.com\/product\/metal-corner-protector-coc601\/#primaryimage"},"thumbnailUrl":"https:\/\/sxflightcase.com\/wp-content\/uploads\/2024\/08\/COC601.jpg","datePublished":"2024-08-21T06:24:43+00:00","dateModified":"2024-08-21T06:24:44+00:00","description":"Prot\u00e8ge-coins en m\u00e9tal, direct usine ! Protection durable et de haute qualit\u00e9 pour les bords de l'\u00e9tui. Id\u00e9ale pour \u00e9viter les chocs pendant le transport, elle garantit une fiabilit\u00e9 et une s\u00e9curit\u00e9 durables.","breadcrumb":{"@id":"https:\/\/sxflightcase.com\/product\/metal-corner-protector-coc601\/#breadcrumb"},"inLanguage":"fr-FR","potentialAction":[{"@type":"ReadAction","target":["https:\/\/sxflightcase.com\/product\/metal-corner-protector-coc601\/"]}]},{"@type":"ImageObject","inLanguage":"fr-FR","@id":"https:\/\/sxflightcase.com\/product\/metal-corner-protector-coc601\/#primaryimage","url":"https:\/\/sxflightcase.com\/wp-content\/uploads\/2024\/08\/COC601.jpg","contentUrl":"https:\/\/sxflightcase.com\/wp-content\/uploads\/2024\/08\/COC601.jpg","width":520,"height":529,"caption":"Metal Corner Protector"},{"@type":"BreadcrumbList","@id":"https:\/\/sxflightcase.com\/product\/metal-corner-protector-coc601\/#breadcrumb","itemListElement":[{"@type":"ListItem","position":1,"name":"Home","item":"https:\/\/sxflightcase.com\/"},{"@type":"ListItem","position":2,"name":"\u0e2a\u0e34\u0e19\u0e04\u0e49\u0e32","item":"https:\/\/sxflightcase.com\/th\/shop\/"},{"@type":"ListItem","position":3,"name":"Metal Corner Protector COC601"}]},{"@type":"WebSite","@id":"https:\/\/sxflightcase.com\/th\/#website","url":"https:\/\/sxflightcase.com\/th\/","name":"sxpowercase.com","description":"Flight Case Factory","publisher":{"@id":"https:\/\/sxflightcase.com\/th\/#organization"},"potentialAction":[{"@type":"SearchAction","target":{"@type":"EntryPoint","urlTemplate":"https:\/\/sxflightcase.com\/th\/?s={search_term_string}"},"query-input":{"@type":"PropertyValueSpecification","valueRequired":true,"valueName":"search_term_string"}}],"inLanguage":"fr-FR"},{"@type":"Organization","@id":"https:\/\/sxflightcase.com\/th\/#organization","name":"sxpowercase.com","url":"https:\/\/sxflightcase.com\/th\/","logo":{"@type":"ImageObject","inLanguage":"fr-FR","@id":"https:\/\/sxflightcase.com\/th\/#\/schema\/logo\/image\/","url":"https:\/\/sxflightcase.com\/wp-content\/uploads\/2024\/04\/1713919036007.jpg","contentUrl":"https:\/\/sxflightcase.com\/wp-content\/uploads\/2024\/04\/1713919036007.jpg","width":382,"height":388,"caption":"sxpowercase.com"},"image":{"@id":"https:\/\/sxflightcase.com\/th\/#\/schema\/logo\/image\/"},"sameAs":["https:\/\/www.facebook.com\/profile.php?id=61560407257971"],"numberOfEmployees":{"@type":"QuantitativeValue","minValue":"11","maxValue":"50"}}]}},"_links":{"self":[{"href":"https:\/\/sxflightcase.com\/fr\/wp-json\/wp\/v2\/product\/4158","targetHints":{"allow":["GET"]}}],"collection":[{"href":"https:\/\/sxflightcase.com\/fr\/wp-json\/wp\/v2\/product"}],"about":[{"href":"https:\/\/sxflightcase.com\/fr\/wp-json\/wp\/v2\/types\/product"}],"replies":[{"embeddable":true,"href":"https:\/\/sxflightcase.com\/fr\/wp-json\/wp\/v2\/comments?post=4158"}],"version-history":[{"count":0,"href":"https:\/\/sxflightcase.com\/fr\/wp-json\/wp\/v2\/product\/4158\/revisions"}],"wp:featuredmedia":[{"embeddable":true,"href":"https:\/\/sxflightcase.com\/fr\/wp-json\/wp\/v2\/media\/4093"}],"wp:attachment":[{"href":"https:\/\/sxflightcase.com\/fr\/wp-json\/wp\/v2\/media?parent=4158"}],"wp:term":[{"taxonomy":"product_brand","embeddable":true,"href":"https:\/\/sxflightcase.com\/fr\/wp-json\/wp\/v2\/product_brand?post=4158"},{"taxonomy":"product_cat","embeddable":true,"href":"https:\/\/sxflightcase.com\/fr\/wp-json\/wp\/v2\/product_cat?post=4158"},{"taxonomy":"product_tag","embeddable":true,"href":"https:\/\/sxflightcase.com\/fr\/wp-json\/wp\/v2\/product_tag?post=4158"}],"curies":[{"name":"wp","href":"https:\/\/api.w.org\/{rel}","templated":true}]}}