{"id":4159,"date":"2024-08-21T07:29:02","date_gmt":"2024-08-21T06:29:02","guid":{"rendered":"https:\/\/sxpowercase.com\/?post_type=product&#038;p=4159"},"modified":"2024-08-21T07:43:43","modified_gmt":"2024-08-21T06:43:43","slug":"metal-corner-protector-coc602","status":"publish","type":"product","link":"https:\/\/sxflightcase.com\/fr\/produit\/protecteur-dangle-en-metal-coc602-2\/","title":{"rendered":"Protecteur d&#039;angle en m\u00e9tal COC602"},"content":{"rendered":"<h3>Prot\u00e8ge-coins en m\u00e9tal SX durable pour une protection sup\u00e9rieure de l'\u00e9tui<\/h3>\n<h4>Une d\u00e9fense fiable pour votre mat\u00e9riel<\/h4>\n<p>Lorsque vous transportez des \u00e9quipements de valeur, la derni\u00e8re chose que vous souhaitez est que vos caisses soient endommag\u00e9es. Le syst\u00e8me SX <span style=\"color: #3366ff;\"><a style=\"color: #3366ff;\" href=\"https:\/\/sxpowercase.com\/product\/metal-corner-protector-coc601\/\"><strong>Prot\u00e8ge-coins en m\u00e9tal<\/strong><\/a><\/span> est con\u00e7u pour offrir une protection de premier ordre, garantissant que vos flight cases et road cases restent intacts m\u00eame dans des environnements difficiles. Avec SX, vous b\u00e9n\u00e9ficiez d'un prix direct usine qui vous offre une valeur imbattable sans compromis sur la qualit\u00e9.<\/p>\n<h4>Construit pour la solidit\u00e9 et la durabilit\u00e9<\/h4>\n<p>Le <a title=\"SX\" href=\"https:\/\/sxpowercase.com\/\" target=\"_blank\" rel=\"noopener\" data-wpil-monitor-id=\"680\">SX<\/a> <strong>Prot\u00e8ge-coins en m\u00e9tal<\/strong> sont fabriqu\u00e9s \u00e0 partir de mat\u00e9riaux de haute qualit\u00e9 qui r\u00e9sistent aux chocs, aux rayures et \u00e0 l'usure. Ces protections sont con\u00e7ues pour r\u00e9sister aux manipulations brutales et offrent une protection maximale \u00e0 un prix avantageux. Que vous exp\u00e9diiez du mat\u00e9riel \u00e0 l'autre bout du pays ou \u00e0 l'occasion de diff\u00e9rents \u00e9v\u00e9nements, ces prot\u00e8ge-coins garantissent que vos bo\u00eetiers restent intacts, prolongeant ainsi leur dur\u00e9e de vie.<\/p>\n<h4>Facile \u00e0 installer, pr\u00eat \u00e0 prot\u00e9ger<\/h4>\n<p>SX's <strong>Prot\u00e8ge-coins en m\u00e9tal<\/strong> sont faciles \u00e0 installer, ce qui en fait un ajout facile \u00e0 n'importe quelle mallette. Leur conception polyvalente s'adapte \u00e0 diff\u00e9rents types de mallettes, offrant ainsi une grande flexibilit\u00e9 pour diff\u00e9rentes applications. En achetant directement aupr\u00e8s du fabricant, vous b\u00e9n\u00e9ficiez de produits de haute qualit\u00e9, peu co\u00fbteux, \u00e0 la fois efficaces et durables.<\/p>\n<h4>Adapt\u00e9 \u00e0 vos besoins<\/h4>\n<p>Chez SX, nous comprenons que chaque cas a des exigences uniques. C'est pourquoi notre <strong>Prot\u00e8ge-coins en m\u00e9tal<\/strong> peuvent \u00eatre personnalis\u00e9s en fonction de vos sp\u00e9cifications, ce qui garantit une adaptation parfaite \u00e0 vos bo\u00eetiers. Que vous ayez besoin d'une taille ou d'une finition sp\u00e9cifique, nos options de fabrication directe rendent les solutions personnalis\u00e9es abordables et accessibles.<\/p>\n<h4>La confiance des experts de l'industrie<\/h4>\n<p>Les professionnels des secteurs du divertissement, de la production audiovisuelle et de la logistique font confiance \u00e0 SX pour une protection fiable de leurs mallettes. Nos <strong>Prot\u00e8ge-coins en m\u00e9tal<\/strong> sont con\u00e7ues pour r\u00e9sister aux exigences d'un transport fr\u00e9quent, offrant tranquillit\u00e9 d'esprit et fiabilit\u00e9. SX est une marque sur laquelle vous pouvez compter, car elle s'efforce d'offrir des performances \u00e9lev\u00e9es \u00e0 un prix d'usine.<\/p>\n<h4>Une protection de haute qualit\u00e9 \u00e0 des prix abordables<\/h4>\n<p>Choisir SX, c'est choisir une marque qui allie qualit\u00e9 et prix abordable. Nos <strong>Prot\u00e8ge-coins en m\u00e9tal<\/strong> sont soumis \u00e0 des tests rigoureux de r\u00e9sistance et de durabilit\u00e9, ce qui garantit qu'ils r\u00e9pondent aux normes les plus strictes tout en restant abordables. Gr\u00e2ce \u00e0 notre approche de vente directe, vous b\u00e9n\u00e9ficiez d'une excellente protection pour vos bo\u00eetiers sans payer trop cher.<\/p>\n<h4>Rentable et durable<\/h4>\n<p>La protection de vos dossiers ne doit pas \u00eatre co\u00fbteuse. SX <strong>Prot\u00e8ge-coins en m\u00e9tal<\/strong> offrent une d\u00e9fense durable \u00e0 un prix comp\u00e9titif. Avec une installation facile et des performances fiables, ils constituent une solution rentable pour la protection de votre \u00e9quipement de valeur. Faites confiance \u00e0 SX pour des produits de qualit\u00e9 qui offrent \u00e0 la fois valeur et fiabilit\u00e9.<\/p>\n<p>Contactez-nous maintenant :<span style=\"color: #0000ff;\"><a style=\"color: #0000ff;\" href=\"https:\/\/sxpowercase.com\/contact-us\/\">https:\/\/sxpowercase.com\/<\/a><\/span><\/p>\n<p>Catalogue de produits mat\u00e9riels :<span style=\"color: #3366ff;\"><a style=\"color: #3366ff;\" href=\"https:\/\/sxpowercase.com\/wp-content\/uploads\/2024\/07\/\u4e94\u91d1.pdf\">Catalogue d&#039;accessoires de quincaillerie<\/a><\/span><\/p>","protected":false},"excerpt":{"rendered":"<div class=\"flex max-w-full flex-col flex-grow\">\n<div class=\"min-h-[20px] text-message flex w-full flex-col items-end gap-2 break-words [.text-message+&amp;]:mt-5 overflow-x-auto whitespace-pre-wrap\" dir=\"auto\" data-message-author-role=\"assistant\" data-message-id=\"1065a7ee-4302-4017-b1b0-786dd3af75a9\">\n<div class=\"flex w-full flex-col gap-1 empty:hidden first:pt-[3px]\">\n<div class=\"markdown prose w-full break-words dark:prose-invert light\">\n<h3>SX Metal Corner Protector: Essential Defense for Your Gear<\/h3>\n<p>Protect your equipment from impacts with SX Metal Corner Protectors, offering top-tier durability and factory-direct pricing for unbeatable value.<\/p>\n<h3>Built for Tough Conditions<\/h3>\n<p>Engineered from premium materials, SX Metal Corner Protectors withstand rough handling and heavy use, ensuring your cases stay intact in any environment.<\/p>\n<h3>Customizable and Easy to Install<\/h3>\n<p>SX provides customizable options to fit your unique needs, with quick installation and universal compatibility that make upgrading your cases effortless.<\/p>\n<\/div>\n<\/div>\n<\/div>\n<\/div>\n","protected":false},"featured_media":4094,"comment_status":"open","ping_status":"closed","template":"","meta":[],"product_brand":[],"product_cat":[63],"product_tag":[],"class_list":{"0":"post-4159","1":"product","2":"type-product","3":"status-publish","4":"has-post-thumbnail","6":"product_cat-corners","8":"first","9":"instock","10":"shipping-taxable","11":"product-type-simple"},"yoast_head":"<!-- This site is optimized with the Yoast SEO Premium plugin v27.1 (Yoast SEO v27.2) - https:\/\/yoast.com\/product\/yoast-seo-premium-wordpress\/ -->\n<title>Metal Corner Protector COC602 - https:\/\/sxflightcase.com \ud83d\udc97<\/title>\n<meta name=\"description\" content=\"Metal corner protector, factory direct! High-quality, durable protection for case edges. Ideal for safeguarding against impact during transport, ensuring long-lasting reliability and safety.\" \/>\n<meta name=\"robots\" content=\"index, follow, max-snippet:-1, max-image-preview:large, max-video-preview:-1\" \/>\n<link rel=\"canonical\" href=\"https:\/\/sxflightcase.com\/fr\/san-pham\/metal-corner-protector-coc602\/\" \/>\n<meta property=\"og:locale\" content=\"fr_FR\" \/>\n<meta property=\"og:type\" content=\"article\" \/>\n<meta property=\"og:title\" content=\"Metal Corner Protector COC602\" \/>\n<meta property=\"og:description\" content=\"Metal corner protector, factory direct! High-quality, durable protection for case edges. Ideal for safeguarding against impact during transport, ensuring long-lasting reliability and safety.\" \/>\n<meta property=\"og:url\" content=\"https:\/\/sxflightcase.com\/fr\/san-pham\/metal-corner-protector-coc602\/\" \/>\n<meta property=\"og:site_name\" content=\"https:\/\/sxflightcase.com\" \/>\n<meta property=\"article:publisher\" content=\"https:\/\/www.facebook.com\/profile.php?id=61560407257971\" \/>\n<meta property=\"article:modified_time\" content=\"2024-08-21T06:43:43+00:00\" \/>\n<meta property=\"og:image\" content=\"https:\/\/sxflightcase.com\/wp-content\/uploads\/2024\/08\/COC602.jpg\" \/>\n\t<meta property=\"og:image:width\" content=\"520\" \/>\n\t<meta property=\"og:image:height\" content=\"558\" \/>\n\t<meta property=\"og:image:type\" content=\"image\/jpeg\" \/>\n<meta name=\"twitter:card\" content=\"summary_large_image\" \/>\n<meta name=\"twitter:label1\" content=\"Dur\u00e9e de lecture estim\u00e9e\" \/>\n\t<meta name=\"twitter:data1\" content=\"3 minutes\" \/>\n<script type=\"application\/ld+json\" class=\"yoast-schema-graph\">{\"@context\":\"https:\/\/schema.org\",\"@graph\":[{\"@type\":\"WebPage\",\"@id\":\"https:\/\/sxflightcase.com\/vi\/san-pham\/metal-corner-protector-coc602\/\",\"url\":\"https:\/\/sxflightcase.com\/vi\/san-pham\/metal-corner-protector-coc602\/\",\"name\":\"Metal Corner Protector COC602 - https:\/\/sxflightcase.com \ud83d\udc97\",\"isPartOf\":{\"@id\":\"https:\/\/sxflightcase.com\/th\/#website\"},\"primaryImageOfPage\":{\"@id\":\"https:\/\/sxflightcase.com\/vi\/san-pham\/metal-corner-protector-coc602\/#primaryimage\"},\"image\":{\"@id\":\"https:\/\/sxflightcase.com\/vi\/san-pham\/metal-corner-protector-coc602\/#primaryimage\"},\"thumbnailUrl\":\"https:\/\/sxflightcase.com\/wp-content\/uploads\/2024\/08\/COC602.jpg\",\"datePublished\":\"2024-08-21T06:29:02+00:00\",\"dateModified\":\"2024-08-21T06:43:43+00:00\",\"description\":\"Metal corner protector, factory direct! High-quality, durable protection for case edges. Ideal for safeguarding against impact during transport, ensuring long-lasting reliability and safety.\",\"breadcrumb\":{\"@id\":\"https:\/\/sxflightcase.com\/vi\/san-pham\/metal-corner-protector-coc602\/#breadcrumb\"},\"inLanguage\":\"fr-FR\",\"potentialAction\":[{\"@type\":\"ReadAction\",\"target\":[\"https:\/\/sxflightcase.com\/vi\/san-pham\/metal-corner-protector-coc602\/\"]}]},{\"@type\":\"ImageObject\",\"inLanguage\":\"fr-FR\",\"@id\":\"https:\/\/sxflightcase.com\/vi\/san-pham\/metal-corner-protector-coc602\/#primaryimage\",\"url\":\"https:\/\/sxflightcase.com\/wp-content\/uploads\/2024\/08\/COC602.jpg\",\"contentUrl\":\"https:\/\/sxflightcase.com\/wp-content\/uploads\/2024\/08\/COC602.jpg\",\"width\":520,\"height\":558,\"caption\":\"Metal Corner Protector\"},{\"@type\":\"BreadcrumbList\",\"@id\":\"https:\/\/sxflightcase.com\/vi\/san-pham\/metal-corner-protector-coc602\/#breadcrumb\",\"itemListElement\":[{\"@type\":\"ListItem\",\"position\":1,\"name\":\"Home\",\"item\":\"https:\/\/sxflightcase.com\/\"},{\"@type\":\"ListItem\",\"position\":2,\"name\":\"\u0e2a\u0e34\u0e19\u0e04\u0e49\u0e32\",\"item\":\"https:\/\/sxflightcase.com\/th\/shop\/\"},{\"@type\":\"ListItem\",\"position\":3,\"name\":\"Metal Corner Protector COC602\"}]},{\"@type\":\"WebSite\",\"@id\":\"https:\/\/sxflightcase.com\/th\/#website\",\"url\":\"https:\/\/sxflightcase.com\/th\/\",\"name\":\"sxpowercase.com\",\"description\":\"Flight Case Factory\",\"publisher\":{\"@id\":\"https:\/\/sxflightcase.com\/th\/#organization\"},\"potentialAction\":[{\"@type\":\"SearchAction\",\"target\":{\"@type\":\"EntryPoint\",\"urlTemplate\":\"https:\/\/sxflightcase.com\/th\/?s={search_term_string}\"},\"query-input\":{\"@type\":\"PropertyValueSpecification\",\"valueRequired\":true,\"valueName\":\"search_term_string\"}}],\"inLanguage\":\"fr-FR\"},{\"@type\":\"Organization\",\"@id\":\"https:\/\/sxflightcase.com\/th\/#organization\",\"name\":\"sxpowercase.com\",\"url\":\"https:\/\/sxflightcase.com\/th\/\",\"logo\":{\"@type\":\"ImageObject\",\"inLanguage\":\"fr-FR\",\"@id\":\"https:\/\/sxflightcase.com\/th\/#\/schema\/logo\/image\/\",\"url\":\"https:\/\/sxflightcase.com\/wp-content\/uploads\/2024\/04\/1713919036007.jpg\",\"contentUrl\":\"https:\/\/sxflightcase.com\/wp-content\/uploads\/2024\/04\/1713919036007.jpg\",\"width\":382,\"height\":388,\"caption\":\"sxpowercase.com\"},\"image\":{\"@id\":\"https:\/\/sxflightcase.com\/th\/#\/schema\/logo\/image\/\"},\"sameAs\":[\"https:\/\/www.facebook.com\/profile.php?id=61560407257971\"],\"numberOfEmployees\":{\"@type\":\"QuantitativeValue\",\"minValue\":\"11\",\"maxValue\":\"50\"}}]}<\/script>\n<!-- \/ Yoast SEO Premium plugin. -->","yoast_head_json":{"title":"Metal Corner Protector COC602 - https:\/\/sxflightcase.com \ud83d\udc97","description":"Prot\u00e8ge-coins en m\u00e9tal, direct usine ! Protection durable et de haute qualit\u00e9 pour les bords de l'\u00e9tui. Id\u00e9ale pour \u00e9viter les chocs pendant le transport, elle garantit une fiabilit\u00e9 et une s\u00e9curit\u00e9 durables.","robots":{"index":"index","follow":"follow","max-snippet":"max-snippet:-1","max-image-preview":"max-image-preview:large","max-video-preview":"max-video-preview:-1"},"canonical":"https:\/\/sxflightcase.com\/fr\/san-pham\/metal-corner-protector-coc602\/","og_locale":"fr_FR","og_type":"article","og_title":"Metal Corner Protector COC602","og_description":"Metal corner protector, factory direct! High-quality, durable protection for case edges. Ideal for safeguarding against impact during transport, ensuring long-lasting reliability and safety.","og_url":"https:\/\/sxflightcase.com\/fr\/san-pham\/metal-corner-protector-coc602\/","og_site_name":"https:\/\/sxflightcase.com","article_publisher":"https:\/\/www.facebook.com\/profile.php?id=61560407257971","article_modified_time":"2024-08-21T06:43:43+00:00","og_image":[{"width":520,"height":558,"url":"https:\/\/sxflightcase.com\/wp-content\/uploads\/2024\/08\/COC602.jpg","type":"image\/jpeg"}],"twitter_card":"summary_large_image","twitter_misc":{"Dur\u00e9e de lecture estim\u00e9e":"3 minutes"},"schema":{"@context":"https:\/\/schema.org","@graph":[{"@type":"WebPage","@id":"https:\/\/sxflightcase.com\/vi\/san-pham\/metal-corner-protector-coc602\/","url":"https:\/\/sxflightcase.com\/vi\/san-pham\/metal-corner-protector-coc602\/","name":"Metal Corner Protector COC602 - https:\/\/sxflightcase.com \ud83d\udc97","isPartOf":{"@id":"https:\/\/sxflightcase.com\/th\/#website"},"primaryImageOfPage":{"@id":"https:\/\/sxflightcase.com\/vi\/san-pham\/metal-corner-protector-coc602\/#primaryimage"},"image":{"@id":"https:\/\/sxflightcase.com\/vi\/san-pham\/metal-corner-protector-coc602\/#primaryimage"},"thumbnailUrl":"https:\/\/sxflightcase.com\/wp-content\/uploads\/2024\/08\/COC602.jpg","datePublished":"2024-08-21T06:29:02+00:00","dateModified":"2024-08-21T06:43:43+00:00","description":"Prot\u00e8ge-coins en m\u00e9tal, direct usine ! Protection durable et de haute qualit\u00e9 pour les bords de l'\u00e9tui. Id\u00e9ale pour \u00e9viter les chocs pendant le transport, elle garantit une fiabilit\u00e9 et une s\u00e9curit\u00e9 durables.","breadcrumb":{"@id":"https:\/\/sxflightcase.com\/vi\/san-pham\/metal-corner-protector-coc602\/#breadcrumb"},"inLanguage":"fr-FR","potentialAction":[{"@type":"ReadAction","target":["https:\/\/sxflightcase.com\/vi\/san-pham\/metal-corner-protector-coc602\/"]}]},{"@type":"ImageObject","inLanguage":"fr-FR","@id":"https:\/\/sxflightcase.com\/vi\/san-pham\/metal-corner-protector-coc602\/#primaryimage","url":"https:\/\/sxflightcase.com\/wp-content\/uploads\/2024\/08\/COC602.jpg","contentUrl":"https:\/\/sxflightcase.com\/wp-content\/uploads\/2024\/08\/COC602.jpg","width":520,"height":558,"caption":"Metal Corner Protector"},{"@type":"BreadcrumbList","@id":"https:\/\/sxflightcase.com\/vi\/san-pham\/metal-corner-protector-coc602\/#breadcrumb","itemListElement":[{"@type":"ListItem","position":1,"name":"Home","item":"https:\/\/sxflightcase.com\/"},{"@type":"ListItem","position":2,"name":"\u0e2a\u0e34\u0e19\u0e04\u0e49\u0e32","item":"https:\/\/sxflightcase.com\/th\/shop\/"},{"@type":"ListItem","position":3,"name":"Metal Corner Protector COC602"}]},{"@type":"WebSite","@id":"https:\/\/sxflightcase.com\/th\/#website","url":"https:\/\/sxflightcase.com\/th\/","name":"sxpowercase.com","description":"Flight Case Factory","publisher":{"@id":"https:\/\/sxflightcase.com\/th\/#organization"},"potentialAction":[{"@type":"SearchAction","target":{"@type":"EntryPoint","urlTemplate":"https:\/\/sxflightcase.com\/th\/?s={search_term_string}"},"query-input":{"@type":"PropertyValueSpecification","valueRequired":true,"valueName":"search_term_string"}}],"inLanguage":"fr-FR"},{"@type":"Organization","@id":"https:\/\/sxflightcase.com\/th\/#organization","name":"sxpowercase.com","url":"https:\/\/sxflightcase.com\/th\/","logo":{"@type":"ImageObject","inLanguage":"fr-FR","@id":"https:\/\/sxflightcase.com\/th\/#\/schema\/logo\/image\/","url":"https:\/\/sxflightcase.com\/wp-content\/uploads\/2024\/04\/1713919036007.jpg","contentUrl":"https:\/\/sxflightcase.com\/wp-content\/uploads\/2024\/04\/1713919036007.jpg","width":382,"height":388,"caption":"sxpowercase.com"},"image":{"@id":"https:\/\/sxflightcase.com\/th\/#\/schema\/logo\/image\/"},"sameAs":["https:\/\/www.facebook.com\/profile.php?id=61560407257971"],"numberOfEmployees":{"@type":"QuantitativeValue","minValue":"11","maxValue":"50"}}]}},"_links":{"self":[{"href":"https:\/\/sxflightcase.com\/fr\/wp-json\/wp\/v2\/product\/4159","targetHints":{"allow":["GET"]}}],"collection":[{"href":"https:\/\/sxflightcase.com\/fr\/wp-json\/wp\/v2\/product"}],"about":[{"href":"https:\/\/sxflightcase.com\/fr\/wp-json\/wp\/v2\/types\/product"}],"replies":[{"embeddable":true,"href":"https:\/\/sxflightcase.com\/fr\/wp-json\/wp\/v2\/comments?post=4159"}],"version-history":[{"count":0,"href":"https:\/\/sxflightcase.com\/fr\/wp-json\/wp\/v2\/product\/4159\/revisions"}],"wp:featuredmedia":[{"embeddable":true,"href":"https:\/\/sxflightcase.com\/fr\/wp-json\/wp\/v2\/media\/4094"}],"wp:attachment":[{"href":"https:\/\/sxflightcase.com\/fr\/wp-json\/wp\/v2\/media?parent=4159"}],"wp:term":[{"taxonomy":"product_brand","embeddable":true,"href":"https:\/\/sxflightcase.com\/fr\/wp-json\/wp\/v2\/product_brand?post=4159"},{"taxonomy":"product_cat","embeddable":true,"href":"https:\/\/sxflightcase.com\/fr\/wp-json\/wp\/v2\/product_cat?post=4159"},{"taxonomy":"product_tag","embeddable":true,"href":"https:\/\/sxflightcase.com\/fr\/wp-json\/wp\/v2\/product_tag?post=4159"}],"curies":[{"name":"wp","href":"https:\/\/api.w.org\/{rel}","templated":true}]}}