{"id":4160,"date":"2024-08-21T07:45:28","date_gmt":"2024-08-21T06:45:28","guid":{"rendered":"https:\/\/sxpowercase.com\/?post_type=product&#038;p=4160"},"modified":"2024-08-21T07:45:29","modified_gmt":"2024-08-21T06:45:29","slug":"metal-corner-protectors-coc701","status":"publish","type":"product","link":"https:\/\/sxflightcase.com\/fr\/produit\/protecteurs-dangle-metalliques-coc701-2\/","title":{"rendered":"Protecteurs d&#039;angle en m\u00e9tal COC701"},"content":{"rendered":"<h3>Protection Premium avec les corni\u00e8res m\u00e9talliques SX<\/h3>\n<h4>Prot\u00e9gez votre \u00e9quipement en toute confiance<\/h4>\n<p>Votre \u00e9quipement m\u00e9rite la meilleure protection, et SX <span style=\"color: #3366ff;\"><a style=\"color: #3366ff;\" href=\"https:\/\/sxpowercase.com\/product\/metal-corner-protector-coc602\/\"><strong>Prot\u00e8ge-coins en m\u00e9tal<\/strong><\/a><\/span> sont con\u00e7us pour r\u00e9pondre \u00e0 cette exigence. Con\u00e7us pour prot\u00e9ger vos flight cases et road cases contre les dommages, ces protecteurs garantissent la s\u00e9curit\u00e9 de votre mat\u00e9riel pendant le transport. Avec des prix directs d'usine, SX offre une qualit\u00e9 sup\u00e9rieure \u00e0 une fraction du co\u00fbt.<\/p>\n<h4>Une force et une r\u00e9sistance exceptionnelles<\/h4>\n<p>Fabriqu\u00e9 \u00e0 partir de mat\u00e9riaux durables, <a href=\"https:\/\/sxpowercase.com\/\" target=\"_blank\" rel=\"noopener\" title=\"SX\" data-wpil-monitor-id=\"681\">SX<\/a> <strong>Prot\u00e8ge-coins en m\u00e9tal<\/strong> sont con\u00e7us pour r\u00e9sister aux chocs violents et aux manipulations brutales. Ces protections sont non seulement robustes, mais aussi r\u00e9sistantes aux rayures et \u00e0 l'usure, offrant ainsi une protection durable \u00e0 vos bo\u00eetiers. En choisissant SX, vous investissez dans une d\u00e9fense fiable qui prot\u00e8ge votre \u00e9quipement, tout en b\u00e9n\u00e9ficiant d'un prix abordable.<\/p>\n<h4>Installation simple pour une utilisation imm\u00e9diate<\/h4>\n<p>Installation de SX <strong>Prot\u00e8ge-coins en m\u00e9tal<\/strong> est rapide et facile, ce qui vous permet de renforcer vos mallettes sans probl\u00e8me. Ces protections sont con\u00e7ues pour s'adapter \u00e0 divers types de mallettes, ce qui en fait un choix polyvalent pour les professionnels de diff\u00e9rents secteurs. Gr\u00e2ce au prix direct de l'usine, vous b\u00e9n\u00e9ficiez d'une protection de haute qualit\u00e9 \u00e0 un prix avantageux.<\/p>\n<h4>Des solutions personnalis\u00e9es pour des besoins uniques<\/h4>\n<p>Chaque cas est unique et SX comprend l'importance des solutions sur mesure. Nos services <strong>Prot\u00e8ge-coins en m\u00e9tal<\/strong> peuvent \u00eatre personnalis\u00e9s pour r\u00e9pondre \u00e0 vos besoins sp\u00e9cifiques, garantissant un ajustement parfait et une protection optimale. En achetant directement aupr\u00e8s de SX, vous pouvez acc\u00e9der \u00e0 ces options personnalis\u00e9es \u00e0 un prix abordable, sans sacrifier la qualit\u00e9.<\/p>\n<h4>Des professionnels du monde entier lui font confiance<\/h4>\n<p>SX est un nom de confiance pour les professionnels qui exigent ce qu'il y a de mieux pour leur \u00e9quipement. Nos <strong>Prot\u00e8ge-coins en m\u00e9tal<\/strong> Les experts des secteurs du divertissement, de la logistique et de la production audiovisuelle font confiance \u00e0 SX pour s\u00e9curiser leurs mallettes. En mettant l'accent sur la durabilit\u00e9 et la rentabilit\u00e9, SX fournit des produits qui r\u00e9pondent aux normes de performance les plus \u00e9lev\u00e9es.<\/p>\n<h4>Une d\u00e9fense abordable et de qualit\u00e9<\/h4>\n<p>La protection de votre \u00e9quipement de valeur ne doit pas vous co\u00fbter cher. SX <strong>Prot\u00e8ge-coins en m\u00e9tal<\/strong> offrent une protection de haute qualit\u00e9 \u00e0 un prix qui ne gr\u00e8vera pas votre budget. Gr\u00e2ce \u00e0 ses ventes directes, SX vous garantit des produits durables et efficaces sans majoration de prix, ce qui vous permet d'obtenir un excellent rapport qualit\u00e9-prix pour votre investissement.<\/p>\n<h4>Protection durable et rentable<\/h4>\n<p>SX <strong>Prot\u00e8ge-coins en m\u00e9tal<\/strong>\u00a0sont con\u00e7ues pour durer, ce qui vous permet d'avoir l'esprit tranquille en sachant que vos bo\u00eetiers sont bien prot\u00e9g\u00e9s pendant le transport. Ces protections constituent un excellent choix pour tous ceux qui recherchent une protection fiable \u00e0 moindre co\u00fbt. Avec SX, vous obtenez l'\u00e9quilibre parfait entre la qualit\u00e9, la durabilit\u00e9 et le prix.<\/p>\n<p>Contactez-nous maintenant :<span style=\"color: #0000ff;\"><a style=\"color: #0000ff;\" href=\"https:\/\/sxpowercase.com\/contact-us\/\">https:\/\/sxpowercase.com\/<\/a><\/span><\/p>\n<p>Catalogue de produits mat\u00e9riels :<span style=\"color: #3366ff;\"><a style=\"color: #3366ff;\" href=\"https:\/\/sxpowercase.com\/wp-content\/uploads\/2024\/07\/\u4e94\u91d1.pdf\">Catalogue d&#039;accessoires de quincaillerie<\/a><\/span><\/p>","protected":false},"excerpt":{"rendered":"<h3>Prot\u00e8ge-coins m\u00e9talliques SX : Une d\u00e9fense de premier ordre pour votre \u00e9quipement<\/h3>\n<p>Assurez-vous que votre \u00e9quipement reste en s\u00e9curit\u00e9 pendant le transport avec les corni\u00e8res m\u00e9talliques SX, con\u00e7ues pour fournir une protection de premier ordre \u00e0 des prix d'usine.<\/p>\n<h3>Protection durable et r\u00e9sistante<\/h3>\n<p>Fabriqu\u00e9s \u00e0 partir de mat\u00e9riaux de haute qualit\u00e9, les prot\u00e8ge-coins m\u00e9talliques SX offrent une r\u00e9sistance exceptionnelle aux chocs et \u00e0 l'usure, assurant ainsi une d\u00e9fense fiable et durable.<\/p>\n<h3>Personnalisable et facile \u00e0 installer<\/h3>\n<p>SX propose des protections d'angle personnalisables, faciles \u00e0 installer, qui s'adaptent \u00e0 diff\u00e9rents types de bo\u00eetiers tout en offrant une protection abordable et de haute qualit\u00e9, adapt\u00e9e \u00e0 vos besoins.<\/p>","protected":false},"featured_media":4095,"comment_status":"open","ping_status":"closed","template":"","meta":[],"product_brand":[],"product_cat":[63],"product_tag":[],"class_list":{"0":"post-4160","1":"product","2":"type-product","3":"status-publish","4":"has-post-thumbnail","6":"product_cat-corners","8":"first","9":"instock","10":"shipping-taxable","11":"product-type-simple"},"yoast_head":"<!-- This site is optimized with the Yoast SEO Premium plugin v27.1 (Yoast SEO v27.2) - https:\/\/yoast.com\/product\/yoast-seo-premium-wordpress\/ -->\n<title>Metal Corner Protectors COC701 - https:\/\/sxflightcase.com \ud83d\udc97<\/title>\n<meta name=\"description\" content=\"Metal corner protectors, factory direct! High-quality, durable protection for case edges. Ideal for safeguarding against impact during transport\" \/>\n<meta name=\"robots\" content=\"index, follow, max-snippet:-1, max-image-preview:large, max-video-preview:-1\" \/>\n<link rel=\"canonical\" href=\"https:\/\/sxflightcase.com\/fr\/produit\/protecteurs-dangle-metalliques-coc701-2\/\" \/>\n<meta property=\"og:locale\" content=\"fr_FR\" \/>\n<meta property=\"og:type\" content=\"article\" \/>\n<meta property=\"og:title\" content=\"Metal Corner Protectors COC701\" \/>\n<meta property=\"og:description\" content=\"Metal corner protectors, factory direct! High-quality, durable protection for case edges. Ideal for safeguarding against impact during transport\" \/>\n<meta property=\"og:url\" content=\"https:\/\/sxflightcase.com\/fr\/produit\/protecteurs-dangle-metalliques-coc701-2\/\" \/>\n<meta property=\"og:site_name\" content=\"https:\/\/sxflightcase.com\" \/>\n<meta property=\"article:publisher\" content=\"https:\/\/www.facebook.com\/profile.php?id=61560407257971\" \/>\n<meta property=\"article:modified_time\" content=\"2024-08-21T06:45:29+00:00\" \/>\n<meta property=\"og:image\" content=\"https:\/\/sxflightcase.com\/wp-content\/uploads\/2024\/08\/COC701.jpg\" \/>\n\t<meta property=\"og:image:width\" content=\"520\" \/>\n\t<meta property=\"og:image:height\" content=\"520\" \/>\n\t<meta property=\"og:image:type\" content=\"image\/jpeg\" \/>\n<meta name=\"twitter:card\" content=\"summary_large_image\" \/>\n<meta name=\"twitter:label1\" content=\"Dur\u00e9e de lecture estim\u00e9e\" \/>\n\t<meta name=\"twitter:data1\" content=\"3 minutes\" \/>\n<script type=\"application\/ld+json\" class=\"yoast-schema-graph\">{\"@context\":\"https:\/\/schema.org\",\"@graph\":[{\"@type\":\"WebPage\",\"@id\":\"https:\/\/sxflightcase.com\/product\/metal-corner-protectors-coc701\/\",\"url\":\"https:\/\/sxflightcase.com\/product\/metal-corner-protectors-coc701\/\",\"name\":\"Metal Corner Protectors COC701 - https:\/\/sxflightcase.com \ud83d\udc97\",\"isPartOf\":{\"@id\":\"https:\/\/sxflightcase.com\/th\/#website\"},\"primaryImageOfPage\":{\"@id\":\"https:\/\/sxflightcase.com\/product\/metal-corner-protectors-coc701\/#primaryimage\"},\"image\":{\"@id\":\"https:\/\/sxflightcase.com\/product\/metal-corner-protectors-coc701\/#primaryimage\"},\"thumbnailUrl\":\"https:\/\/sxflightcase.com\/wp-content\/uploads\/2024\/08\/COC701.jpg\",\"datePublished\":\"2024-08-21T06:45:28+00:00\",\"dateModified\":\"2024-08-21T06:45:29+00:00\",\"description\":\"Metal corner protectors, factory direct! High-quality, durable protection for case edges. Ideal for safeguarding against impact during transport\",\"breadcrumb\":{\"@id\":\"https:\/\/sxflightcase.com\/product\/metal-corner-protectors-coc701\/#breadcrumb\"},\"inLanguage\":\"fr-FR\",\"potentialAction\":[{\"@type\":\"ReadAction\",\"target\":[\"https:\/\/sxflightcase.com\/product\/metal-corner-protectors-coc701\/\"]}]},{\"@type\":\"ImageObject\",\"inLanguage\":\"fr-FR\",\"@id\":\"https:\/\/sxflightcase.com\/product\/metal-corner-protectors-coc701\/#primaryimage\",\"url\":\"https:\/\/sxflightcase.com\/wp-content\/uploads\/2024\/08\/COC701.jpg\",\"contentUrl\":\"https:\/\/sxflightcase.com\/wp-content\/uploads\/2024\/08\/COC701.jpg\",\"width\":520,\"height\":520,\"caption\":\"Metal Corner Protectors\"},{\"@type\":\"BreadcrumbList\",\"@id\":\"https:\/\/sxflightcase.com\/product\/metal-corner-protectors-coc701\/#breadcrumb\",\"itemListElement\":[{\"@type\":\"ListItem\",\"position\":1,\"name\":\"Home\",\"item\":\"https:\/\/sxflightcase.com\/\"},{\"@type\":\"ListItem\",\"position\":2,\"name\":\"\u0e2a\u0e34\u0e19\u0e04\u0e49\u0e32\",\"item\":\"https:\/\/sxflightcase.com\/th\/shop\/\"},{\"@type\":\"ListItem\",\"position\":3,\"name\":\"Metal Corner Protectors COC701\"}]},{\"@type\":\"WebSite\",\"@id\":\"https:\/\/sxflightcase.com\/th\/#website\",\"url\":\"https:\/\/sxflightcase.com\/th\/\",\"name\":\"sxpowercase.com\",\"description\":\"Flight Case Factory\",\"publisher\":{\"@id\":\"https:\/\/sxflightcase.com\/th\/#organization\"},\"potentialAction\":[{\"@type\":\"SearchAction\",\"target\":{\"@type\":\"EntryPoint\",\"urlTemplate\":\"https:\/\/sxflightcase.com\/th\/?s={search_term_string}\"},\"query-input\":{\"@type\":\"PropertyValueSpecification\",\"valueRequired\":true,\"valueName\":\"search_term_string\"}}],\"inLanguage\":\"fr-FR\"},{\"@type\":\"Organization\",\"@id\":\"https:\/\/sxflightcase.com\/th\/#organization\",\"name\":\"sxpowercase.com\",\"url\":\"https:\/\/sxflightcase.com\/th\/\",\"logo\":{\"@type\":\"ImageObject\",\"inLanguage\":\"fr-FR\",\"@id\":\"https:\/\/sxflightcase.com\/th\/#\/schema\/logo\/image\/\",\"url\":\"https:\/\/sxflightcase.com\/wp-content\/uploads\/2024\/04\/1713919036007.jpg\",\"contentUrl\":\"https:\/\/sxflightcase.com\/wp-content\/uploads\/2024\/04\/1713919036007.jpg\",\"width\":382,\"height\":388,\"caption\":\"sxpowercase.com\"},\"image\":{\"@id\":\"https:\/\/sxflightcase.com\/th\/#\/schema\/logo\/image\/\"},\"sameAs\":[\"https:\/\/www.facebook.com\/profile.php?id=61560407257971\"],\"numberOfEmployees\":{\"@type\":\"QuantitativeValue\",\"minValue\":\"11\",\"maxValue\":\"50\"}}]}<\/script>\n<!-- \/ Yoast SEO Premium plugin. -->","yoast_head_json":{"title":"Metal Corner Protectors COC701 - https:\/\/sxflightcase.com \ud83d\udc97","description":"Prot\u00e8ge-coins en m\u00e9tal, en direct de l'usine ! Protection durable et de haute qualit\u00e9 pour les bords de la valise. Id\u00e9ale pour \u00e9viter les chocs pendant le transport","robots":{"index":"index","follow":"follow","max-snippet":"max-snippet:-1","max-image-preview":"max-image-preview:large","max-video-preview":"max-video-preview:-1"},"canonical":"https:\/\/sxflightcase.com\/fr\/produit\/protecteurs-dangle-metalliques-coc701-2\/","og_locale":"fr_FR","og_type":"article","og_title":"Metal Corner Protectors COC701","og_description":"Metal corner protectors, factory direct! High-quality, durable protection for case edges. Ideal for safeguarding against impact during transport","og_url":"https:\/\/sxflightcase.com\/fr\/produit\/protecteurs-dangle-metalliques-coc701-2\/","og_site_name":"https:\/\/sxflightcase.com","article_publisher":"https:\/\/www.facebook.com\/profile.php?id=61560407257971","article_modified_time":"2024-08-21T06:45:29+00:00","og_image":[{"width":520,"height":520,"url":"https:\/\/sxflightcase.com\/wp-content\/uploads\/2024\/08\/COC701.jpg","type":"image\/jpeg"}],"twitter_card":"summary_large_image","twitter_misc":{"Dur\u00e9e de lecture estim\u00e9e":"3 minutes"},"schema":{"@context":"https:\/\/schema.org","@graph":[{"@type":"WebPage","@id":"https:\/\/sxflightcase.com\/product\/metal-corner-protectors-coc701\/","url":"https:\/\/sxflightcase.com\/product\/metal-corner-protectors-coc701\/","name":"Metal Corner Protectors COC701 - https:\/\/sxflightcase.com \ud83d\udc97","isPartOf":{"@id":"https:\/\/sxflightcase.com\/th\/#website"},"primaryImageOfPage":{"@id":"https:\/\/sxflightcase.com\/product\/metal-corner-protectors-coc701\/#primaryimage"},"image":{"@id":"https:\/\/sxflightcase.com\/product\/metal-corner-protectors-coc701\/#primaryimage"},"thumbnailUrl":"https:\/\/sxflightcase.com\/wp-content\/uploads\/2024\/08\/COC701.jpg","datePublished":"2024-08-21T06:45:28+00:00","dateModified":"2024-08-21T06:45:29+00:00","description":"Prot\u00e8ge-coins en m\u00e9tal, en direct de l'usine ! Protection durable et de haute qualit\u00e9 pour les bords de la valise. Id\u00e9ale pour \u00e9viter les chocs pendant le transport","breadcrumb":{"@id":"https:\/\/sxflightcase.com\/product\/metal-corner-protectors-coc701\/#breadcrumb"},"inLanguage":"fr-FR","potentialAction":[{"@type":"ReadAction","target":["https:\/\/sxflightcase.com\/product\/metal-corner-protectors-coc701\/"]}]},{"@type":"ImageObject","inLanguage":"fr-FR","@id":"https:\/\/sxflightcase.com\/product\/metal-corner-protectors-coc701\/#primaryimage","url":"https:\/\/sxflightcase.com\/wp-content\/uploads\/2024\/08\/COC701.jpg","contentUrl":"https:\/\/sxflightcase.com\/wp-content\/uploads\/2024\/08\/COC701.jpg","width":520,"height":520,"caption":"Metal Corner Protectors"},{"@type":"BreadcrumbList","@id":"https:\/\/sxflightcase.com\/product\/metal-corner-protectors-coc701\/#breadcrumb","itemListElement":[{"@type":"ListItem","position":1,"name":"Home","item":"https:\/\/sxflightcase.com\/"},{"@type":"ListItem","position":2,"name":"\u0e2a\u0e34\u0e19\u0e04\u0e49\u0e32","item":"https:\/\/sxflightcase.com\/th\/shop\/"},{"@type":"ListItem","position":3,"name":"Metal Corner Protectors COC701"}]},{"@type":"WebSite","@id":"https:\/\/sxflightcase.com\/th\/#website","url":"https:\/\/sxflightcase.com\/th\/","name":"sxpowercase.com","description":"Flight Case Factory","publisher":{"@id":"https:\/\/sxflightcase.com\/th\/#organization"},"potentialAction":[{"@type":"SearchAction","target":{"@type":"EntryPoint","urlTemplate":"https:\/\/sxflightcase.com\/th\/?s={search_term_string}"},"query-input":{"@type":"PropertyValueSpecification","valueRequired":true,"valueName":"search_term_string"}}],"inLanguage":"fr-FR"},{"@type":"Organization","@id":"https:\/\/sxflightcase.com\/th\/#organization","name":"sxpowercase.com","url":"https:\/\/sxflightcase.com\/th\/","logo":{"@type":"ImageObject","inLanguage":"fr-FR","@id":"https:\/\/sxflightcase.com\/th\/#\/schema\/logo\/image\/","url":"https:\/\/sxflightcase.com\/wp-content\/uploads\/2024\/04\/1713919036007.jpg","contentUrl":"https:\/\/sxflightcase.com\/wp-content\/uploads\/2024\/04\/1713919036007.jpg","width":382,"height":388,"caption":"sxpowercase.com"},"image":{"@id":"https:\/\/sxflightcase.com\/th\/#\/schema\/logo\/image\/"},"sameAs":["https:\/\/www.facebook.com\/profile.php?id=61560407257971"],"numberOfEmployees":{"@type":"QuantitativeValue","minValue":"11","maxValue":"50"}}]}},"_links":{"self":[{"href":"https:\/\/sxflightcase.com\/fr\/wp-json\/wp\/v2\/product\/4160","targetHints":{"allow":["GET"]}}],"collection":[{"href":"https:\/\/sxflightcase.com\/fr\/wp-json\/wp\/v2\/product"}],"about":[{"href":"https:\/\/sxflightcase.com\/fr\/wp-json\/wp\/v2\/types\/product"}],"replies":[{"embeddable":true,"href":"https:\/\/sxflightcase.com\/fr\/wp-json\/wp\/v2\/comments?post=4160"}],"version-history":[{"count":0,"href":"https:\/\/sxflightcase.com\/fr\/wp-json\/wp\/v2\/product\/4160\/revisions"}],"wp:featuredmedia":[{"embeddable":true,"href":"https:\/\/sxflightcase.com\/fr\/wp-json\/wp\/v2\/media\/4095"}],"wp:attachment":[{"href":"https:\/\/sxflightcase.com\/fr\/wp-json\/wp\/v2\/media?parent=4160"}],"wp:term":[{"taxonomy":"product_brand","embeddable":true,"href":"https:\/\/sxflightcase.com\/fr\/wp-json\/wp\/v2\/product_brand?post=4160"},{"taxonomy":"product_cat","embeddable":true,"href":"https:\/\/sxflightcase.com\/fr\/wp-json\/wp\/v2\/product_cat?post=4160"},{"taxonomy":"product_tag","embeddable":true,"href":"https:\/\/sxflightcase.com\/fr\/wp-json\/wp\/v2\/product_tag?post=4160"}],"curies":[{"name":"wp","href":"https:\/\/api.w.org\/{rel}","templated":true}]}}