{"id":4161,"date":"2024-08-21T07:51:36","date_gmt":"2024-08-21T06:51:36","guid":{"rendered":"https:\/\/sxpowercase.com\/?post_type=product&#038;p=4161"},"modified":"2024-08-21T07:51:37","modified_gmt":"2024-08-21T06:51:37","slug":"metal-corner-protectors-cod101","status":"publish","type":"product","link":"https:\/\/sxflightcase.com\/fr\/produit\/protecteurs-dangle-metalliques-cod101\/","title":{"rendered":"Protecteurs d&#039;angle en m\u00e9tal COD101"},"content":{"rendered":"<h3>Protection in\u00e9gal\u00e9e gr\u00e2ce aux corni\u00e8res m\u00e9talliques SX<\/h3>\n<h4>Une d\u00e9fense fiable pour votre mat\u00e9riel<\/h4>\n<p>Lorsqu'il s'agit de prot\u00e9ger votre \u00e9quipement de valeur, SX <span style=\"color: #3366ff;\"><a style=\"color: #3366ff;\" href=\"https:\/\/sxpowercase.com\/product\/metal-corner-protectors-coc701\/\"><strong>Prot\u00e8ge-coins en m\u00e9tal<\/strong><\/a><\/span> offrent la durabilit\u00e9 et la fiabilit\u00e9 dont vous avez besoin. Con\u00e7us sp\u00e9cifiquement pour les flight cases, les road cases et autres bo\u00eetiers r\u00e9sistants, ces protecteurs offrent un renforcement essentiel aux points d'impact cl\u00e9s. Avec SX, vous b\u00e9n\u00e9ficiez non seulement de la qualit\u00e9, mais aussi d'un prix direct usine qui permet de maintenir les co\u00fbts \u00e0 un niveau bas tout en garantissant une protection robuste.<\/p>\n<h4>Construit pour r\u00e9sister aux conditions difficiles<\/h4>\n<p><a href=\"https:\/\/sxpowercase.com\/\" target=\"_blank\" rel=\"noopener\" title=\"SX\" data-wpil-monitor-id=\"682\">SX<\/a> <strong>Prot\u00e8ge-coins en m\u00e9tal<\/strong> sont fabriqu\u00e9s \u00e0 partir de mat\u00e9riaux de haute qualit\u00e9, ce qui leur permet de r\u00e9sister aux manipulations brutales et de prot\u00e9ger votre \u00e9quipement en cas d'utilisation constante. Que ce soit pour les tourn\u00e9es professionnelles, la logistique ou les environnements industriels, ces protections conservent leur solidit\u00e9 au fil du temps. Les ventes directes en usine vous permettent de b\u00e9n\u00e9ficier d'une protection de qualit\u00e9 sup\u00e9rieure \u00e0 des prix comp\u00e9titifs, ce qui en fait un investissement judicieux pour toute entreprise.<\/p>\n<h4>Une demande facile pour une protection imm\u00e9diate<\/h4>\n<p>Le processus d'installation de SX <strong>Prot\u00e8ge-coins en m\u00e9tal<\/strong> est simple et conviviale, ce qui vous permet d'am\u00e9liorer rapidement vos \u00e9tuis. Ces protections polyvalentes sont compatibles avec divers mod\u00e8les d'\u00e9tuis, offrant une adaptation fiable \u00e0 diff\u00e9rents mod\u00e8les. En achetant directement aupr\u00e8s de SX, vous b\u00e9n\u00e9ficiez de produits de qualit\u00e9 \u00e0 des prix bas, sans que des interm\u00e9diaires ne viennent gonfler les co\u00fbts.<\/p>\n<h4>Adapt\u00e9 \u00e0 vos besoins sp\u00e9cifiques<\/h4>\n<p>SX sait que chaque \u00e9quipement a des exigences particuli\u00e8res. C'est pourquoi nos <strong>Prot\u00e8ge-coins en m\u00e9tal<\/strong> peuvent \u00eatre personnalis\u00e9s en fonction des sp\u00e9cifications de votre valise, vous offrant ainsi la protection exacte dont vous avez besoin. Profitez \u00e0 la fois de la flexibilit\u00e9 et des \u00e9conomies offertes par la tarification directe, ce qui vous permet d'obtenir des solutions de qualit\u00e9 sup\u00e9rieure adapt\u00e9es \u00e0 votre budget.<\/p>\n<h4>La confiance des leaders de l'industrie<\/h4>\n<p>Les professionnels du monde entier font confiance \u00e0 SX <strong>Prot\u00e8ge-coins en m\u00e9tal<\/strong> pour assurer la s\u00e9curit\u00e9 de leur mat\u00e9riel. De l'industrie du divertissement aux op\u00e9rations logistiques, nos protecteurs sont r\u00e9put\u00e9s pour leur qualit\u00e9 et leur fiabilit\u00e9. Offrant des prix directs d'usine avec une assurance qualit\u00e9 constante, SX fournit une protection fiable qui r\u00e9siste \u00e0 l'\u00e9preuve du temps.<\/p>\n<h4>Qualit\u00e9 et prix abordables combin\u00e9s<\/h4>\n<p>SX <strong>Prot\u00e8ge-coins en m\u00e9tal<\/strong> offrent un m\u00e9lange parfait de construction de haute qualit\u00e9 et de prix avantageux. Les ventes directes en usine vous permettent de ne pas faire de compromis sur la protection tout en ma\u00eetrisant vos d\u00e9penses. Prot\u00e9gez votre \u00e9quipement \u00e0 un prix abordable gr\u00e2ce aux solutions robustes et durables propos\u00e9es par SX.<\/p>\n<h4>Investir dans la durabilit\u00e9 \u00e0 long terme<\/h4>\n<p>Lorsque vous choisissez SX <strong>Prot\u00e8ge-coins en m\u00e9tal<\/strong>vous investissez dans une solution con\u00e7ue pour durer. Offrant une protection robuste contre l'usure, ces protections contribuent \u00e0 prolonger la dur\u00e9e de vie de vos bo\u00eetiers. Les \u00e9conomies r\u00e9alis\u00e9es en usine et la qualit\u00e9 sans compromis font de SX un choix de confiance pour tous ceux qui recherchent une protection fiable \u00e0 un prix raisonnable.<\/p>\n<p>Contactez-nous maintenant :<span style=\"color: #0000ff;\"><a style=\"color: #0000ff;\" href=\"https:\/\/sxpowercase.com\/contact-us\/\">https:\/\/sxpowercase.com\/<\/a><\/span><\/p>\n<p>Catalogue de produits mat\u00e9riels :<span style=\"color: #3366ff;\"><a style=\"color: #3366ff;\" href=\"https:\/\/sxpowercase.com\/wp-content\/uploads\/2024\/07\/\u4e94\u91d1.pdf\">Catalogue d&#039;accessoires de quincaillerie<\/a><\/span><\/p>","protected":false},"excerpt":{"rendered":"<h3>Prot\u00e8ge-coins m\u00e9talliques SX : Une d\u00e9fense de premier ordre pour votre \u00e9quipement<\/h3>\n<p>Assurez-vous que votre \u00e9quipement reste en s\u00e9curit\u00e9 pendant le transport avec les corni\u00e8res m\u00e9talliques SX, con\u00e7ues pour fournir une protection de premier ordre \u00e0 des prix d'usine.<\/p>\n<h3>Protection durable et r\u00e9sistante<\/h3>\n<p>Fabriqu\u00e9s \u00e0 partir de mat\u00e9riaux de haute qualit\u00e9, les prot\u00e8ge-coins m\u00e9talliques SX offrent une r\u00e9sistance exceptionnelle aux chocs et \u00e0 l'usure, assurant ainsi une d\u00e9fense fiable et durable.<\/p>\n<h3>Personnalisable et facile \u00e0 installer<\/h3>\n<p>SX propose des protections d'angle personnalisables, faciles \u00e0 installer, qui s'adaptent \u00e0 diff\u00e9rents types de bo\u00eetiers tout en offrant une protection abordable et de haute qualit\u00e9, adapt\u00e9e \u00e0 vos besoins.<\/p>","protected":false},"featured_media":4096,"comment_status":"open","ping_status":"closed","template":"","meta":[],"product_brand":[],"product_cat":[63],"product_tag":[],"class_list":{"0":"post-4161","1":"product","2":"type-product","3":"status-publish","4":"has-post-thumbnail","6":"product_cat-corners","8":"first","9":"instock","10":"shipping-taxable","11":"product-type-simple"},"yoast_head":"<!-- This site is optimized with the Yoast SEO Premium plugin v27.1 (Yoast SEO v27.2) - https:\/\/yoast.com\/product\/yoast-seo-premium-wordpress\/ -->\n<title>Metal Corner Protectors COD101 - https:\/\/sxflightcase.com \ud83d\udc97<\/title>\n<meta name=\"description\" content=\"Metal corner protectors, factory direct! High-quality, durable protection for case edges. Ideal for safeguarding against impact during transport\" \/>\n<meta name=\"robots\" content=\"index, follow, max-snippet:-1, max-image-preview:large, max-video-preview:-1\" \/>\n<link rel=\"canonical\" href=\"https:\/\/sxflightcase.com\/fr\/produit\/protecteurs-dangle-metalliques-cod101\/\" \/>\n<meta property=\"og:locale\" content=\"fr_FR\" \/>\n<meta property=\"og:type\" content=\"article\" \/>\n<meta property=\"og:title\" content=\"Metal Corner Protectors COD101\" \/>\n<meta property=\"og:description\" content=\"Metal corner protectors, factory direct! High-quality, durable protection for case edges. Ideal for safeguarding against impact during transport\" \/>\n<meta property=\"og:url\" content=\"https:\/\/sxflightcase.com\/fr\/produit\/protecteurs-dangle-metalliques-cod101\/\" \/>\n<meta property=\"og:site_name\" content=\"https:\/\/sxflightcase.com\" \/>\n<meta property=\"article:publisher\" content=\"https:\/\/www.facebook.com\/profile.php?id=61560407257971\" \/>\n<meta property=\"article:modified_time\" content=\"2024-08-21T06:51:37+00:00\" \/>\n<meta property=\"og:image\" content=\"https:\/\/sxflightcase.com\/wp-content\/uploads\/2024\/08\/COD101.jpg\" \/>\n\t<meta property=\"og:image:width\" content=\"520\" \/>\n\t<meta property=\"og:image:height\" content=\"561\" \/>\n\t<meta property=\"og:image:type\" content=\"image\/jpeg\" \/>\n<meta name=\"twitter:card\" content=\"summary_large_image\" \/>\n<meta name=\"twitter:label1\" content=\"Dur\u00e9e de lecture estim\u00e9e\" \/>\n\t<meta name=\"twitter:data1\" content=\"3 minutes\" \/>\n<script type=\"application\/ld+json\" class=\"yoast-schema-graph\">{\"@context\":\"https:\/\/schema.org\",\"@graph\":[{\"@type\":\"WebPage\",\"@id\":\"https:\/\/sxflightcase.com\/product\/metal-corner-protectors-cod101\/\",\"url\":\"https:\/\/sxflightcase.com\/product\/metal-corner-protectors-cod101\/\",\"name\":\"Metal Corner Protectors COD101 - https:\/\/sxflightcase.com \ud83d\udc97\",\"isPartOf\":{\"@id\":\"https:\/\/sxflightcase.com\/th\/#website\"},\"primaryImageOfPage\":{\"@id\":\"https:\/\/sxflightcase.com\/product\/metal-corner-protectors-cod101\/#primaryimage\"},\"image\":{\"@id\":\"https:\/\/sxflightcase.com\/product\/metal-corner-protectors-cod101\/#primaryimage\"},\"thumbnailUrl\":\"https:\/\/sxflightcase.com\/wp-content\/uploads\/2024\/08\/COD101.jpg\",\"datePublished\":\"2024-08-21T06:51:36+00:00\",\"dateModified\":\"2024-08-21T06:51:37+00:00\",\"description\":\"Metal corner protectors, factory direct! High-quality, durable protection for case edges. Ideal for safeguarding against impact during transport\",\"breadcrumb\":{\"@id\":\"https:\/\/sxflightcase.com\/product\/metal-corner-protectors-cod101\/#breadcrumb\"},\"inLanguage\":\"fr-FR\",\"potentialAction\":[{\"@type\":\"ReadAction\",\"target\":[\"https:\/\/sxflightcase.com\/product\/metal-corner-protectors-cod101\/\"]}]},{\"@type\":\"ImageObject\",\"inLanguage\":\"fr-FR\",\"@id\":\"https:\/\/sxflightcase.com\/product\/metal-corner-protectors-cod101\/#primaryimage\",\"url\":\"https:\/\/sxflightcase.com\/wp-content\/uploads\/2024\/08\/COD101.jpg\",\"contentUrl\":\"https:\/\/sxflightcase.com\/wp-content\/uploads\/2024\/08\/COD101.jpg\",\"width\":520,\"height\":561,\"caption\":\"Metal Corner Protectors\"},{\"@type\":\"BreadcrumbList\",\"@id\":\"https:\/\/sxflightcase.com\/product\/metal-corner-protectors-cod101\/#breadcrumb\",\"itemListElement\":[{\"@type\":\"ListItem\",\"position\":1,\"name\":\"Home\",\"item\":\"https:\/\/sxflightcase.com\/\"},{\"@type\":\"ListItem\",\"position\":2,\"name\":\"\u0e2a\u0e34\u0e19\u0e04\u0e49\u0e32\",\"item\":\"https:\/\/sxflightcase.com\/th\/shop\/\"},{\"@type\":\"ListItem\",\"position\":3,\"name\":\"Metal Corner Protectors COD101\"}]},{\"@type\":\"WebSite\",\"@id\":\"https:\/\/sxflightcase.com\/th\/#website\",\"url\":\"https:\/\/sxflightcase.com\/th\/\",\"name\":\"sxpowercase.com\",\"description\":\"Flight Case Factory\",\"publisher\":{\"@id\":\"https:\/\/sxflightcase.com\/th\/#organization\"},\"potentialAction\":[{\"@type\":\"SearchAction\",\"target\":{\"@type\":\"EntryPoint\",\"urlTemplate\":\"https:\/\/sxflightcase.com\/th\/?s={search_term_string}\"},\"query-input\":{\"@type\":\"PropertyValueSpecification\",\"valueRequired\":true,\"valueName\":\"search_term_string\"}}],\"inLanguage\":\"fr-FR\"},{\"@type\":\"Organization\",\"@id\":\"https:\/\/sxflightcase.com\/th\/#organization\",\"name\":\"sxpowercase.com\",\"url\":\"https:\/\/sxflightcase.com\/th\/\",\"logo\":{\"@type\":\"ImageObject\",\"inLanguage\":\"fr-FR\",\"@id\":\"https:\/\/sxflightcase.com\/th\/#\/schema\/logo\/image\/\",\"url\":\"https:\/\/sxflightcase.com\/wp-content\/uploads\/2024\/04\/1713919036007.jpg\",\"contentUrl\":\"https:\/\/sxflightcase.com\/wp-content\/uploads\/2024\/04\/1713919036007.jpg\",\"width\":382,\"height\":388,\"caption\":\"sxpowercase.com\"},\"image\":{\"@id\":\"https:\/\/sxflightcase.com\/th\/#\/schema\/logo\/image\/\"},\"sameAs\":[\"https:\/\/www.facebook.com\/profile.php?id=61560407257971\"],\"numberOfEmployees\":{\"@type\":\"QuantitativeValue\",\"minValue\":\"11\",\"maxValue\":\"50\"}}]}<\/script>\n<!-- \/ Yoast SEO Premium plugin. -->","yoast_head_json":{"title":"Metal Corner Protectors COD101 - https:\/\/sxflightcase.com \ud83d\udc97","description":"Prot\u00e8ge-coins en m\u00e9tal, en direct de l'usine ! Protection durable et de haute qualit\u00e9 pour les bords de la valise. Id\u00e9ale pour \u00e9viter les chocs pendant le transport","robots":{"index":"index","follow":"follow","max-snippet":"max-snippet:-1","max-image-preview":"max-image-preview:large","max-video-preview":"max-video-preview:-1"},"canonical":"https:\/\/sxflightcase.com\/fr\/produit\/protecteurs-dangle-metalliques-cod101\/","og_locale":"fr_FR","og_type":"article","og_title":"Metal Corner Protectors COD101","og_description":"Metal corner protectors, factory direct! High-quality, durable protection for case edges. Ideal for safeguarding against impact during transport","og_url":"https:\/\/sxflightcase.com\/fr\/produit\/protecteurs-dangle-metalliques-cod101\/","og_site_name":"https:\/\/sxflightcase.com","article_publisher":"https:\/\/www.facebook.com\/profile.php?id=61560407257971","article_modified_time":"2024-08-21T06:51:37+00:00","og_image":[{"width":520,"height":561,"url":"https:\/\/sxflightcase.com\/wp-content\/uploads\/2024\/08\/COD101.jpg","type":"image\/jpeg"}],"twitter_card":"summary_large_image","twitter_misc":{"Dur\u00e9e de lecture estim\u00e9e":"3 minutes"},"schema":{"@context":"https:\/\/schema.org","@graph":[{"@type":"WebPage","@id":"https:\/\/sxflightcase.com\/product\/metal-corner-protectors-cod101\/","url":"https:\/\/sxflightcase.com\/product\/metal-corner-protectors-cod101\/","name":"Metal Corner Protectors COD101 - https:\/\/sxflightcase.com \ud83d\udc97","isPartOf":{"@id":"https:\/\/sxflightcase.com\/th\/#website"},"primaryImageOfPage":{"@id":"https:\/\/sxflightcase.com\/product\/metal-corner-protectors-cod101\/#primaryimage"},"image":{"@id":"https:\/\/sxflightcase.com\/product\/metal-corner-protectors-cod101\/#primaryimage"},"thumbnailUrl":"https:\/\/sxflightcase.com\/wp-content\/uploads\/2024\/08\/COD101.jpg","datePublished":"2024-08-21T06:51:36+00:00","dateModified":"2024-08-21T06:51:37+00:00","description":"Prot\u00e8ge-coins en m\u00e9tal, en direct de l'usine ! Protection durable et de haute qualit\u00e9 pour les bords de la valise. Id\u00e9ale pour \u00e9viter les chocs pendant le transport","breadcrumb":{"@id":"https:\/\/sxflightcase.com\/product\/metal-corner-protectors-cod101\/#breadcrumb"},"inLanguage":"fr-FR","potentialAction":[{"@type":"ReadAction","target":["https:\/\/sxflightcase.com\/product\/metal-corner-protectors-cod101\/"]}]},{"@type":"ImageObject","inLanguage":"fr-FR","@id":"https:\/\/sxflightcase.com\/product\/metal-corner-protectors-cod101\/#primaryimage","url":"https:\/\/sxflightcase.com\/wp-content\/uploads\/2024\/08\/COD101.jpg","contentUrl":"https:\/\/sxflightcase.com\/wp-content\/uploads\/2024\/08\/COD101.jpg","width":520,"height":561,"caption":"Metal Corner Protectors"},{"@type":"BreadcrumbList","@id":"https:\/\/sxflightcase.com\/product\/metal-corner-protectors-cod101\/#breadcrumb","itemListElement":[{"@type":"ListItem","position":1,"name":"Home","item":"https:\/\/sxflightcase.com\/"},{"@type":"ListItem","position":2,"name":"\u0e2a\u0e34\u0e19\u0e04\u0e49\u0e32","item":"https:\/\/sxflightcase.com\/th\/shop\/"},{"@type":"ListItem","position":3,"name":"Metal Corner Protectors COD101"}]},{"@type":"WebSite","@id":"https:\/\/sxflightcase.com\/th\/#website","url":"https:\/\/sxflightcase.com\/th\/","name":"sxpowercase.com","description":"Flight Case Factory","publisher":{"@id":"https:\/\/sxflightcase.com\/th\/#organization"},"potentialAction":[{"@type":"SearchAction","target":{"@type":"EntryPoint","urlTemplate":"https:\/\/sxflightcase.com\/th\/?s={search_term_string}"},"query-input":{"@type":"PropertyValueSpecification","valueRequired":true,"valueName":"search_term_string"}}],"inLanguage":"fr-FR"},{"@type":"Organization","@id":"https:\/\/sxflightcase.com\/th\/#organization","name":"sxpowercase.com","url":"https:\/\/sxflightcase.com\/th\/","logo":{"@type":"ImageObject","inLanguage":"fr-FR","@id":"https:\/\/sxflightcase.com\/th\/#\/schema\/logo\/image\/","url":"https:\/\/sxflightcase.com\/wp-content\/uploads\/2024\/04\/1713919036007.jpg","contentUrl":"https:\/\/sxflightcase.com\/wp-content\/uploads\/2024\/04\/1713919036007.jpg","width":382,"height":388,"caption":"sxpowercase.com"},"image":{"@id":"https:\/\/sxflightcase.com\/th\/#\/schema\/logo\/image\/"},"sameAs":["https:\/\/www.facebook.com\/profile.php?id=61560407257971"],"numberOfEmployees":{"@type":"QuantitativeValue","minValue":"11","maxValue":"50"}}]}},"_links":{"self":[{"href":"https:\/\/sxflightcase.com\/fr\/wp-json\/wp\/v2\/product\/4161","targetHints":{"allow":["GET"]}}],"collection":[{"href":"https:\/\/sxflightcase.com\/fr\/wp-json\/wp\/v2\/product"}],"about":[{"href":"https:\/\/sxflightcase.com\/fr\/wp-json\/wp\/v2\/types\/product"}],"replies":[{"embeddable":true,"href":"https:\/\/sxflightcase.com\/fr\/wp-json\/wp\/v2\/comments?post=4161"}],"version-history":[{"count":0,"href":"https:\/\/sxflightcase.com\/fr\/wp-json\/wp\/v2\/product\/4161\/revisions"}],"wp:featuredmedia":[{"embeddable":true,"href":"https:\/\/sxflightcase.com\/fr\/wp-json\/wp\/v2\/media\/4096"}],"wp:attachment":[{"href":"https:\/\/sxflightcase.com\/fr\/wp-json\/wp\/v2\/media?parent=4161"}],"wp:term":[{"taxonomy":"product_brand","embeddable":true,"href":"https:\/\/sxflightcase.com\/fr\/wp-json\/wp\/v2\/product_brand?post=4161"},{"taxonomy":"product_cat","embeddable":true,"href":"https:\/\/sxflightcase.com\/fr\/wp-json\/wp\/v2\/product_cat?post=4161"},{"taxonomy":"product_tag","embeddable":true,"href":"https:\/\/sxflightcase.com\/fr\/wp-json\/wp\/v2\/product_tag?post=4161"}],"curies":[{"name":"wp","href":"https:\/\/api.w.org\/{rel}","templated":true}]}}