{"id":4197,"date":"2024-08-22T07:42:06","date_gmt":"2024-08-22T06:42:06","guid":{"rendered":"https:\/\/sxpowercase.com\/?post_type=product&#038;p=4197"},"modified":"2024-08-22T07:42:07","modified_gmt":"2024-08-22T06:42:07","slug":"road-case-corner-clamp-cla102","status":"publish","type":"product","link":"https:\/\/sxflightcase.com\/fr\/produit\/pince-dangle-road-case-cla102-2\/","title":{"rendered":"Collier d'angle Road Case CLA102"},"content":{"rendered":"<h3>SX Road Case Corner Clamp : Une protection essentielle pour votre mat\u00e9riel<\/h3>\n<h4>S\u00e9curisez vos caisses routi\u00e8res en toute confiance<\/h4>\n<p>Le transport d'\u00e9quipements de valeur n\u00e9cessite une protection solide. Les <span style=\"color: #3366ff;\"><a style=\"color: #3366ff;\" href=\"https:\/\/sxpowercase.com\/product\/road-case-corner-clamp-cla101\/\"><strong>Collier d'angle pour caisse de route<\/strong><\/a><\/span>\u00a0de SX sont sp\u00e9cialement con\u00e7us pour assurer cette s\u00e9curit\u00e9. En renfor\u00e7ant fermement les coins de vos valises de route, ces pinces garantissent que votre mat\u00e9riel reste en s\u00e9curit\u00e9 et intact tout au long du voyage. <a href=\"https:\/\/sxpowercase.com\/\" target=\"_blank\" rel=\"noopener\" title=\"SX\" data-wpil-monitor-id=\"685\">SX<\/a> associe une qualit\u00e9 fiable \u00e0 un prix direct d'usine, offrant ainsi un mat\u00e9riel de qualit\u00e9 sup\u00e9rieure \u00e0 un co\u00fbt inf\u00e9rieur.<\/p>\n<h4>Conception robuste pour une utilisation durable<\/h4>\n<p>SX <strong>Pinces d'angle pour caisses de route<\/strong> sont con\u00e7ues pour r\u00e9sister aux conditions les plus difficiles. Fabriqu\u00e9es \u00e0 partir de mat\u00e9riaux tr\u00e8s r\u00e9sistants, ces pinces r\u00e9sistent \u00e0 l'usure et aux d\u00e9chirures, assurant une stabilit\u00e9 \u00e0 long terme \u00e0 vos caisses de route. Que vous soyez en tourn\u00e9e, en production ou que vous transportiez du mat\u00e9riel lourd, nos colliers offrent la durabilit\u00e9 n\u00e9cessaire pour garder vos valises intactes. SX vous garantit une protection de qualit\u00e9 sup\u00e9rieure sans le prix \u00e9lev\u00e9, gr\u00e2ce \u00e0 notre mod\u00e8le d'usine directe.<\/p>\n<h4>Installation simple, large compatibilit\u00e9<\/h4>\n<p>Installation du SX <strong>Pinces d'angle pour caisses de route<\/strong> est simple, ce qui en fait un ajout sans probl\u00e8me \u00e0 vos valises. Con\u00e7ues pour s'adapter \u00e0 un grand nombre de mod\u00e8les de mallettes, ces pinces sont polyvalentes et faciles \u00e0 ajuster \u00e0 votre configuration sp\u00e9cifique. Les \u00e9conomies r\u00e9alis\u00e9es en usine signifient que vous pouvez am\u00e9liorer la protection de votre valise sans d\u00e9passer votre budget, tout en vous assurant que vos valises sont solidement renforc\u00e9es.<\/p>\n<h4>Des solutions personnalis\u00e9es pour chaque application<\/h4>\n<p>Chaque configuration de caisse routi\u00e8re est unique, et SX offre la flexibilit\u00e9 n\u00e9cessaire pour r\u00e9pondre \u00e0 vos besoins sp\u00e9cifiques. Nos <strong>Pinces d'angle pour caisses de route<\/strong> peuvent \u00eatre adapt\u00e9es \u00e0 diff\u00e9rents types de bo\u00eetiers, garantissant ainsi une protection optimale de votre \u00e9quipement. Avec un acc\u00e8s direct aux prix d'usine, vous \u00e9conomisez sur les co\u00fbts tout en obtenant exactement ce dont vous avez besoin - des pinces fiables adapt\u00e9es \u00e0 vos sp\u00e9cifications.<\/p>\n<h4>Approuv\u00e9 par les professionnels du secteur<\/h4>\n<p>SX jouit d'une solide r\u00e9putation dans des secteurs tels que les \u00e9v\u00e9nements en direct, les tourn\u00e9es et la logistique. Notre <strong>Pinces d'angle pour caisses de route<\/strong> sont r\u00e9put\u00e9s pour leur fiabilit\u00e9 et leurs performances dans des situations exigeantes. En choisissant SX, vous b\u00e9n\u00e9ficiez d'une tarification directe, ce qui permet de r\u00e9duire les co\u00fbts tout en maintenant des normes \u00e9lev\u00e9es de qualit\u00e9 et de durabilit\u00e9. Les professionnels du monde entier font confiance \u00e0 SX pour des solutions mat\u00e9rielles s\u00fbres et abordables.<\/p>\n<h4>Qualit\u00e9 et prix abordables combin\u00e9s<\/h4>\n<p>SX s'engage \u00e0 fournir une valeur ajout\u00e9e et une qualit\u00e9 irr\u00e9prochables. Nos <strong>Pinces d'angle pour caisses de route<\/strong> sont fabriqu\u00e9s selon des normes rigoureuses et sont propos\u00e9s \u00e0 des prix d'usine, ce qui vous garantit une protection durable et rentable. Investir dans la quincaillerie SX, c'est investir dans des produits durables qui ne gr\u00e8veront pas votre budget.<\/p>\n<h4>Protection renforc\u00e9e pour toute installation<\/h4>\n<p>Lorsqu'il s'agit de prot\u00e9ger votre mat\u00e9riel, SX <strong>Pinces d'angle pour caisses de route<\/strong> offrent un \u00e9quilibre parfait entre solidit\u00e9 et prix. Con\u00e7us pour des conditions difficiles et faciles \u00e0 installer, ces colliers offrent une protection renforc\u00e9e pour toute valise de route. Gr\u00e2ce aux \u00e9conomies r\u00e9alis\u00e9es en usine, vous pouvez s\u00e9curiser votre \u00e9quipement sans faire de compromis sur la qualit\u00e9 ou le prix.<\/p>\n<p>Contactez-nous maintenant :<span style=\"color: #0000ff;\"><a style=\"color: #0000ff;\" href=\"https:\/\/sxpowercase.com\/contact-us\/\">https:\/\/sxpowercase.com\/<\/a><\/span><\/p>\n<p>Catalogue de produits mat\u00e9riels :<span style=\"color: #3366ff;\"><a style=\"color: #3366ff;\" href=\"https:\/\/sxpowercase.com\/wp-content\/uploads\/2024\/07\/\u4e94\u91d1.pdf\">Catalogue d&#039;accessoires de quincaillerie<\/a><\/span><\/p>","protected":false},"excerpt":{"rendered":"<h3>SX Road Case Corner Clamps : Support s\u00fbr et stable<\/h3>\n<p>Les pinces d'angle pour mallettes SX Road offrent une protection solide \u00e0 votre mat\u00e9riel pendant le transport. Con\u00e7us pour \u00eatre solides et pr\u00e9cis, ces colliers garantissent que vos valises restent solidement fix\u00e9es \u00e0 des prix d'usine.<\/p>\n<h3>Con\u00e7u pour la durabilit\u00e9 et l'utilisation intensive<\/h3>\n<p>Con\u00e7ues \u00e0 partir de mat\u00e9riaux durables, les pinces d'angle SX Road Case r\u00e9sistent aux rigueurs du voyage et aux manipulations intensives, offrant une fiabilit\u00e9 et une protection durables.<\/p>\n<h3>Installation facile et solutions personnalisables<\/h3>\n<p>Les pinces SX sont faciles \u00e0 installer et s'adaptent \u00e0 diff\u00e9rents mod\u00e8les de caisses. Des options personnalisables sont disponibles, vous garantissant des solutions sur mesure \u00e0 un prix abordable sans compromettre la qualit\u00e9.<\/p>","protected":false},"featured_media":4173,"comment_status":"open","ping_status":"closed","template":"","meta":[],"product_brand":[],"product_cat":[64],"product_tag":[],"class_list":{"0":"post-4197","1":"product","2":"type-product","3":"status-publish","4":"has-post-thumbnail","6":"product_cat-clamps","8":"first","9":"instock","10":"shipping-taxable","11":"product-type-simple"},"yoast_head":"<!-- This site is optimized with the Yoast SEO Premium plugin v27.1 (Yoast SEO v27.2) - https:\/\/yoast.com\/product\/yoast-seo-premium-wordpress\/ -->\n<title>Road Case Corner Clamp CLA102 - https:\/\/sxflightcase.com \ud83d\udc97<\/title>\n<meta name=\"description\" content=\"Road case corner clamp, factory direct! High-quality, durable clamps designed for secure assembly and reinforcement of case corners. Ideal for heavy-duty protection during transport.\" \/>\n<meta name=\"robots\" content=\"index, follow, max-snippet:-1, max-image-preview:large, max-video-preview:-1\" \/>\n<link rel=\"canonical\" href=\"https:\/\/sxflightcase.com\/fr\/produit\/pince-dangle-road-case-cla102-2\/\" \/>\n<meta property=\"og:locale\" content=\"fr_FR\" \/>\n<meta property=\"og:type\" content=\"article\" \/>\n<meta property=\"og:title\" content=\"Road Case Corner Clamp CLA102\" \/>\n<meta property=\"og:description\" content=\"Road case corner clamp, factory direct! High-quality, durable clamps designed for secure assembly and reinforcement of case corners. Ideal for heavy-duty protection during transport.\" \/>\n<meta property=\"og:url\" content=\"https:\/\/sxflightcase.com\/fr\/produit\/pince-dangle-road-case-cla102-2\/\" \/>\n<meta property=\"og:site_name\" content=\"https:\/\/sxflightcase.com\" \/>\n<meta property=\"article:publisher\" content=\"https:\/\/www.facebook.com\/profile.php?id=61560407257971\" \/>\n<meta property=\"article:modified_time\" content=\"2024-08-22T06:42:07+00:00\" \/>\n<meta property=\"og:image\" content=\"https:\/\/sxflightcase.com\/wp-content\/uploads\/2024\/08\/CLA102.jpg\" \/>\n\t<meta property=\"og:image:width\" content=\"520\" \/>\n\t<meta property=\"og:image:height\" content=\"520\" \/>\n\t<meta property=\"og:image:type\" content=\"image\/jpeg\" \/>\n<meta name=\"twitter:card\" content=\"summary_large_image\" \/>\n<meta name=\"twitter:label1\" content=\"Dur\u00e9e de lecture estim\u00e9e\" \/>\n\t<meta name=\"twitter:data1\" content=\"3 minutes\" \/>\n<script type=\"application\/ld+json\" class=\"yoast-schema-graph\">{\"@context\":\"https:\/\/schema.org\",\"@graph\":[{\"@type\":\"WebPage\",\"@id\":\"https:\/\/sxflightcase.com\/product\/road-case-corner-clamp-cla102\/\",\"url\":\"https:\/\/sxflightcase.com\/product\/road-case-corner-clamp-cla102\/\",\"name\":\"Road Case Corner Clamp CLA102 - https:\/\/sxflightcase.com \ud83d\udc97\",\"isPartOf\":{\"@id\":\"https:\/\/sxflightcase.com\/th\/#website\"},\"primaryImageOfPage\":{\"@id\":\"https:\/\/sxflightcase.com\/product\/road-case-corner-clamp-cla102\/#primaryimage\"},\"image\":{\"@id\":\"https:\/\/sxflightcase.com\/product\/road-case-corner-clamp-cla102\/#primaryimage\"},\"thumbnailUrl\":\"https:\/\/sxflightcase.com\/wp-content\/uploads\/2024\/08\/CLA102.jpg\",\"datePublished\":\"2024-08-22T06:42:06+00:00\",\"dateModified\":\"2024-08-22T06:42:07+00:00\",\"description\":\"Road case corner clamp, factory direct! High-quality, durable clamps designed for secure assembly and reinforcement of case corners. Ideal for heavy-duty protection during transport.\",\"breadcrumb\":{\"@id\":\"https:\/\/sxflightcase.com\/product\/road-case-corner-clamp-cla102\/#breadcrumb\"},\"inLanguage\":\"fr-FR\",\"potentialAction\":[{\"@type\":\"ReadAction\",\"target\":[\"https:\/\/sxflightcase.com\/product\/road-case-corner-clamp-cla102\/\"]}]},{\"@type\":\"ImageObject\",\"inLanguage\":\"fr-FR\",\"@id\":\"https:\/\/sxflightcase.com\/product\/road-case-corner-clamp-cla102\/#primaryimage\",\"url\":\"https:\/\/sxflightcase.com\/wp-content\/uploads\/2024\/08\/CLA102.jpg\",\"contentUrl\":\"https:\/\/sxflightcase.com\/wp-content\/uploads\/2024\/08\/CLA102.jpg\",\"width\":520,\"height\":520,\"caption\":\"Road Case Corner Clamp\"},{\"@type\":\"BreadcrumbList\",\"@id\":\"https:\/\/sxflightcase.com\/product\/road-case-corner-clamp-cla102\/#breadcrumb\",\"itemListElement\":[{\"@type\":\"ListItem\",\"position\":1,\"name\":\"Home\",\"item\":\"https:\/\/sxflightcase.com\/\"},{\"@type\":\"ListItem\",\"position\":2,\"name\":\"\u0e2a\u0e34\u0e19\u0e04\u0e49\u0e32\",\"item\":\"https:\/\/sxflightcase.com\/th\/shop\/\"},{\"@type\":\"ListItem\",\"position\":3,\"name\":\"Road Case Corner Clamp CLA102\"}]},{\"@type\":\"WebSite\",\"@id\":\"https:\/\/sxflightcase.com\/th\/#website\",\"url\":\"https:\/\/sxflightcase.com\/th\/\",\"name\":\"sxpowercase.com\",\"description\":\"Flight Case Factory\",\"publisher\":{\"@id\":\"https:\/\/sxflightcase.com\/th\/#organization\"},\"potentialAction\":[{\"@type\":\"SearchAction\",\"target\":{\"@type\":\"EntryPoint\",\"urlTemplate\":\"https:\/\/sxflightcase.com\/th\/?s={search_term_string}\"},\"query-input\":{\"@type\":\"PropertyValueSpecification\",\"valueRequired\":true,\"valueName\":\"search_term_string\"}}],\"inLanguage\":\"fr-FR\"},{\"@type\":\"Organization\",\"@id\":\"https:\/\/sxflightcase.com\/th\/#organization\",\"name\":\"sxpowercase.com\",\"url\":\"https:\/\/sxflightcase.com\/th\/\",\"logo\":{\"@type\":\"ImageObject\",\"inLanguage\":\"fr-FR\",\"@id\":\"https:\/\/sxflightcase.com\/th\/#\/schema\/logo\/image\/\",\"url\":\"https:\/\/sxflightcase.com\/wp-content\/uploads\/2024\/04\/1713919036007.jpg\",\"contentUrl\":\"https:\/\/sxflightcase.com\/wp-content\/uploads\/2024\/04\/1713919036007.jpg\",\"width\":382,\"height\":388,\"caption\":\"sxpowercase.com\"},\"image\":{\"@id\":\"https:\/\/sxflightcase.com\/th\/#\/schema\/logo\/image\/\"},\"sameAs\":[\"https:\/\/www.facebook.com\/profile.php?id=61560407257971\"],\"numberOfEmployees\":{\"@type\":\"QuantitativeValue\",\"minValue\":\"11\",\"maxValue\":\"50\"}}]}<\/script>\n<!-- \/ Yoast SEO Premium plugin. -->","yoast_head_json":{"title":"Road Case Corner Clamp CLA102 - https:\/\/sxflightcase.com \ud83d\udc97","description":"Pince de coin de caisse de route, direct usine ! Pinces de haute qualit\u00e9, durables, con\u00e7ues pour un assemblage s\u00fbr et un renforcement des coins de la valise. Id\u00e9ales pour une protection renforc\u00e9e pendant le transport.","robots":{"index":"index","follow":"follow","max-snippet":"max-snippet:-1","max-image-preview":"max-image-preview:large","max-video-preview":"max-video-preview:-1"},"canonical":"https:\/\/sxflightcase.com\/fr\/produit\/pince-dangle-road-case-cla102-2\/","og_locale":"fr_FR","og_type":"article","og_title":"Road Case Corner Clamp CLA102","og_description":"Road case corner clamp, factory direct! High-quality, durable clamps designed for secure assembly and reinforcement of case corners. Ideal for heavy-duty protection during transport.","og_url":"https:\/\/sxflightcase.com\/fr\/produit\/pince-dangle-road-case-cla102-2\/","og_site_name":"https:\/\/sxflightcase.com","article_publisher":"https:\/\/www.facebook.com\/profile.php?id=61560407257971","article_modified_time":"2024-08-22T06:42:07+00:00","og_image":[{"width":520,"height":520,"url":"https:\/\/sxflightcase.com\/wp-content\/uploads\/2024\/08\/CLA102.jpg","type":"image\/jpeg"}],"twitter_card":"summary_large_image","twitter_misc":{"Dur\u00e9e de lecture estim\u00e9e":"3 minutes"},"schema":{"@context":"https:\/\/schema.org","@graph":[{"@type":"WebPage","@id":"https:\/\/sxflightcase.com\/product\/road-case-corner-clamp-cla102\/","url":"https:\/\/sxflightcase.com\/product\/road-case-corner-clamp-cla102\/","name":"Road Case Corner Clamp CLA102 - https:\/\/sxflightcase.com \ud83d\udc97","isPartOf":{"@id":"https:\/\/sxflightcase.com\/th\/#website"},"primaryImageOfPage":{"@id":"https:\/\/sxflightcase.com\/product\/road-case-corner-clamp-cla102\/#primaryimage"},"image":{"@id":"https:\/\/sxflightcase.com\/product\/road-case-corner-clamp-cla102\/#primaryimage"},"thumbnailUrl":"https:\/\/sxflightcase.com\/wp-content\/uploads\/2024\/08\/CLA102.jpg","datePublished":"2024-08-22T06:42:06+00:00","dateModified":"2024-08-22T06:42:07+00:00","description":"Pince de coin de caisse de route, direct usine ! Pinces de haute qualit\u00e9, durables, con\u00e7ues pour un assemblage s\u00fbr et un renforcement des coins de la valise. Id\u00e9ales pour une protection renforc\u00e9e pendant le transport.","breadcrumb":{"@id":"https:\/\/sxflightcase.com\/product\/road-case-corner-clamp-cla102\/#breadcrumb"},"inLanguage":"fr-FR","potentialAction":[{"@type":"ReadAction","target":["https:\/\/sxflightcase.com\/product\/road-case-corner-clamp-cla102\/"]}]},{"@type":"ImageObject","inLanguage":"fr-FR","@id":"https:\/\/sxflightcase.com\/product\/road-case-corner-clamp-cla102\/#primaryimage","url":"https:\/\/sxflightcase.com\/wp-content\/uploads\/2024\/08\/CLA102.jpg","contentUrl":"https:\/\/sxflightcase.com\/wp-content\/uploads\/2024\/08\/CLA102.jpg","width":520,"height":520,"caption":"Road Case Corner Clamp"},{"@type":"BreadcrumbList","@id":"https:\/\/sxflightcase.com\/product\/road-case-corner-clamp-cla102\/#breadcrumb","itemListElement":[{"@type":"ListItem","position":1,"name":"Home","item":"https:\/\/sxflightcase.com\/"},{"@type":"ListItem","position":2,"name":"\u0e2a\u0e34\u0e19\u0e04\u0e49\u0e32","item":"https:\/\/sxflightcase.com\/th\/shop\/"},{"@type":"ListItem","position":3,"name":"Road Case Corner Clamp CLA102"}]},{"@type":"WebSite","@id":"https:\/\/sxflightcase.com\/th\/#website","url":"https:\/\/sxflightcase.com\/th\/","name":"sxpowercase.com","description":"Flight Case Factory","publisher":{"@id":"https:\/\/sxflightcase.com\/th\/#organization"},"potentialAction":[{"@type":"SearchAction","target":{"@type":"EntryPoint","urlTemplate":"https:\/\/sxflightcase.com\/th\/?s={search_term_string}"},"query-input":{"@type":"PropertyValueSpecification","valueRequired":true,"valueName":"search_term_string"}}],"inLanguage":"fr-FR"},{"@type":"Organization","@id":"https:\/\/sxflightcase.com\/th\/#organization","name":"sxpowercase.com","url":"https:\/\/sxflightcase.com\/th\/","logo":{"@type":"ImageObject","inLanguage":"fr-FR","@id":"https:\/\/sxflightcase.com\/th\/#\/schema\/logo\/image\/","url":"https:\/\/sxflightcase.com\/wp-content\/uploads\/2024\/04\/1713919036007.jpg","contentUrl":"https:\/\/sxflightcase.com\/wp-content\/uploads\/2024\/04\/1713919036007.jpg","width":382,"height":388,"caption":"sxpowercase.com"},"image":{"@id":"https:\/\/sxflightcase.com\/th\/#\/schema\/logo\/image\/"},"sameAs":["https:\/\/www.facebook.com\/profile.php?id=61560407257971"],"numberOfEmployees":{"@type":"QuantitativeValue","minValue":"11","maxValue":"50"}}]}},"_links":{"self":[{"href":"https:\/\/sxflightcase.com\/fr\/wp-json\/wp\/v2\/product\/4197","targetHints":{"allow":["GET"]}}],"collection":[{"href":"https:\/\/sxflightcase.com\/fr\/wp-json\/wp\/v2\/product"}],"about":[{"href":"https:\/\/sxflightcase.com\/fr\/wp-json\/wp\/v2\/types\/product"}],"replies":[{"embeddable":true,"href":"https:\/\/sxflightcase.com\/fr\/wp-json\/wp\/v2\/comments?post=4197"}],"version-history":[{"count":0,"href":"https:\/\/sxflightcase.com\/fr\/wp-json\/wp\/v2\/product\/4197\/revisions"}],"wp:featuredmedia":[{"embeddable":true,"href":"https:\/\/sxflightcase.com\/fr\/wp-json\/wp\/v2\/media\/4173"}],"wp:attachment":[{"href":"https:\/\/sxflightcase.com\/fr\/wp-json\/wp\/v2\/media?parent=4197"}],"wp:term":[{"taxonomy":"product_brand","embeddable":true,"href":"https:\/\/sxflightcase.com\/fr\/wp-json\/wp\/v2\/product_brand?post=4197"},{"taxonomy":"product_cat","embeddable":true,"href":"https:\/\/sxflightcase.com\/fr\/wp-json\/wp\/v2\/product_cat?post=4197"},{"taxonomy":"product_tag","embeddable":true,"href":"https:\/\/sxflightcase.com\/fr\/wp-json\/wp\/v2\/product_tag?post=4197"}],"curies":[{"name":"wp","href":"https:\/\/api.w.org\/{rel}","templated":true}]}}