{"id":4207,"date":"2024-08-23T07:18:45","date_gmt":"2024-08-23T06:18:45","guid":{"rendered":"https:\/\/sxpowercase.com\/?post_type=product&#038;p=4207"},"modified":"2024-08-23T07:18:46","modified_gmt":"2024-08-23T06:18:46","slug":"flight-case-corner-clamp-cla401","status":"publish","type":"product","link":"https:\/\/sxflightcase.com\/fr\/produit\/pince-dangle-pour-flight-case-cla401-2\/","title":{"rendered":"Pince d&#039;angle pour flight case CLA401"},"content":{"rendered":"<h3>SX Flight Case Corner Clamp : Un mat\u00e9riel s\u00fbr et abordable pour une protection fiable<\/h3>\n<h4>Durabilit\u00e9 accrue pour vos flight cases<\/h4>\n<p>Lorsqu'il s'agit de prot\u00e9ger des \u00e9quipements de valeur, SX's <span style=\"color: #3366ff;\"><a style=\"color: #3366ff;\" href=\"https:\/\/sxpowercase.com\/product\/corner-brackets\/\"><strong>Pince d'angle pour Flight Case<\/strong><\/a><\/span> est un \u00e9l\u00e9ment essentiel de la quincaillerie. Ces pinces sont con\u00e7ues pour renforcer les coins des flight cases, garantissant ainsi la s\u00e9curit\u00e9 de votre mat\u00e9riel pendant le transport. Gr\u00e2ce \u00e0 ses prix directs d'usine, SX fournit des colliers de serrage de haute qualit\u00e9 \u00e0 des prix avantageux, ce qui vous permet de b\u00e9n\u00e9ficier d'un mat\u00e9riel de qualit\u00e9 sup\u00e9rieure sans avoir \u00e0 payer trop cher.<\/p>\n<h4>Construit pour durer avec des mat\u00e9riaux de qualit\u00e9 sup\u00e9rieure<\/h4>\n<p><a href=\"https:\/\/sxpowercase.com\/\" target=\"_blank\" rel=\"noopener\" title=\"SX\" data-wpil-monitor-id=\"690\">SX<\/a> <strong>Pinces d'angle pour Flight Case<\/strong> sont fabriqu\u00e9s \u00e0 partir d'un m\u00e9tal robuste et durable, offrant une r\u00e9sistance \u00e0 long terme pour les applications exigeantes. Ces pinces sont con\u00e7ues pour r\u00e9sister \u00e0 l'usure d'une utilisation constante tout en conservant leur int\u00e9grit\u00e9 structurelle. L'approche directe de l'usine permet \u00e0 SX d'offrir des prix comp\u00e9titifs sans compromettre la qualit\u00e9 des mat\u00e9riaux ou de l'ex\u00e9cution.<\/p>\n<h4>Installation facile et performances fiables<\/h4>\n<p>SX <strong>Pinces d'angle pour Flight Case<\/strong> sont con\u00e7ues pour une installation rapide et simple, ce qui les rend id\u00e9ales pour les professionnels et les bricoleurs. Les pinces offrent un ajustement s\u00fbr qui garantit que les coins de votre flight case sont fermement maintenus en place, r\u00e9duisant ainsi le risque de dommages. En se concentrant sur la vente directe, SX garantit que vous obtenez du mat\u00e9riel fiable \u00e0 des prix bas, parfait pour les projets de toute envergure.<\/p>\n<h4>Une qualit\u00e9 de confiance avec des \u00e9conomies d'usine<\/h4>\n<p>Chez SX, la qualit\u00e9 est au c\u0153ur de tout ce que nous faisons. Nos <strong>Pinces d'angle pour Flight Case<\/strong> sont soumis \u00e0 des contr\u00f4les de qualit\u00e9 stricts afin de garantir qu'ils r\u00e9pondent aux normes les plus strictes. En nous approvisionnant directement aupr\u00e8s de notre usine, nous faisons r\u00e9aliser des \u00e9conomies \u00e0 nos clients tout en maintenant un niveau d'excellence constant. Vous b\u00e9n\u00e9ficiez d'un mat\u00e9riel fiable et rentable, ce qui vous permet de rentabiliser votre investissement.<\/p>\n<h4>Applications polyvalentes pour tous les flight cases<\/h4>\n<p>Que vous construisiez de nouveaux flight cases ou que vous am\u00e9lioriez des flight cases existants, SX <strong>Pinces d'angle pour Flight Case<\/strong> sont suffisamment polyvalents pour s'adapter \u00e0 diff\u00e9rentes conceptions et tailles. Les pinces offrent un renforcement solide pour les mallettes standard et personnalis\u00e9es, ce qui en fait un choix populaire dans diff\u00e9rents secteurs d'activit\u00e9. Gr\u00e2ce au prix direct usine, vous pouvez facilement \u00e9quiper vos mallettes de colliers de serrage de qualit\u00e9 sup\u00e9rieure pour une fraction des co\u00fbts habituels du march\u00e9.<\/p>\n<h4>Des solutions personnalis\u00e9es pour vos besoins uniques<\/h4>\n<p>SX comprend que chaque projet est unique, c'est pourquoi nous proposons des options personnalisables pour nos <strong>Pinces d'angle pour Flight Case<\/strong>. Que vous ayez besoin de dimensions, de finitions ou de mat\u00e9riaux sp\u00e9cifiques, nous pouvons adapter nos produits \u00e0 vos exigences exactes. Notre mod\u00e8le d'usine directe permet de maintenir ces personnalisations \u00e0 un prix abordable tout en offrant la qualit\u00e9 que vous attendez de SX.<\/p>\n<h4>La promesse SX : Qualit\u00e9 et prix abordables combin\u00e9s<\/h4>\n<p>Avec SX, vous n'avez jamais \u00e0 faire de compromis entre la qualit\u00e9 et le prix. Nos <strong>Pinces d'angle pour Flight Case<\/strong> offrent un m\u00e9lange parfait de solidit\u00e9, de durabilit\u00e9 et de prix abordable. Gr\u00e2ce \u00e0 notre mod\u00e8le de vente directe au client, vous obtenez du mat\u00e9riel de premi\u00e8re qualit\u00e9 sans les co\u00fbts suppl\u00e9mentaires des interm\u00e9diaires, ce qui vous assure de recevoir des pinces de haute qualit\u00e9 qui correspondent \u00e0 la fois \u00e0 vos besoins et \u00e0 votre budget.<\/p>\n<h4>Choisissez SX pour un mat\u00e9riel fiable pour Flight Case<\/h4>\n<p>Lorsqu'il s'agit de s\u00e9curiser vos flight cases, SX's <strong>Pinces d'angle pour Flight Case<\/strong> sont le choix id\u00e9al. Avec une installation facile, une construction durable et des prix imbattables, nos colliers sont reconnus par les professionnels et les bricoleurs. Choisissez SX pour votre prochain projet et d\u00e9couvrez les avantages d'une quincaillerie de qualit\u00e9 \u00e0 un prix abordable.<\/p>\n<p>Contactez-nous maintenant :<span style=\"color: #0000ff;\"><a style=\"color: #0000ff;\" href=\"https:\/\/sxpowercase.com\/contact-us\/\">https:\/\/sxpowercase.com\/<\/a><\/span><\/p>\n<p>Catalogue de produits mat\u00e9riels :<span style=\"color: #3366ff;\"><a style=\"color: #3366ff;\" href=\"https:\/\/sxpowercase.com\/wp-content\/uploads\/2024\/07\/\u4e94\u91d1.pdf\">Catalogue d&#039;accessoires de quincaillerie<\/a><\/span><\/p>","protected":false},"excerpt":{"rendered":"<h3>SX Flight Case Corner Clamps : Une protection abordable pour votre mat\u00e9riel<\/h3>\n<p>SX propose des pinces d'angle pour flight cases de haute qualit\u00e9 qui renforcent de mani\u00e8re fiable les angles de vos flight cases. Avec un prix direct usine, vous obtenez du mat\u00e9riel durable con\u00e7u pour prot\u00e9ger votre \u00e9quipement sans d\u00e9penser trop.<\/p>\n<h3>Construit pour durer, facile \u00e0 installer<\/h3>\n<p>Fabriqu\u00e9es en m\u00e9tal robuste, les pinces d'angle pour flight cases SX garantissent une durabilit\u00e9 \u00e0 long terme et sont rapides \u00e0 installer. Que vous soyez un professionnel ou un bricoleur, ces pinces offrent un support solide pour des flight cases s\u00fbrs et stables.<\/p>\n<h3>Options personnalisables \u00e0 des prix d'usine<\/h3>\n<p>SX propose des dimensions et des finitions personnalisables pour ses pinces d'angle pour Flight Case. Profitez d'un mat\u00e9riel de qualit\u00e9 sup\u00e9rieure adapt\u00e9 \u00e0 vos besoins \u00e0 des prix imbattables, gr\u00e2ce \u00e0 notre mod\u00e8le de vente directe au client.<\/p>","protected":false},"featured_media":4178,"comment_status":"open","ping_status":"closed","template":"","meta":[],"product_brand":[],"product_cat":[64],"product_tag":[],"class_list":{"0":"post-4207","1":"product","2":"type-product","3":"status-publish","4":"has-post-thumbnail","6":"product_cat-clamps","8":"first","9":"instock","10":"shipping-taxable","11":"product-type-simple"},"yoast_head":"<!-- This site is optimized with the Yoast SEO Premium plugin v27.1 (Yoast SEO v27.2) - https:\/\/yoast.com\/product\/yoast-seo-premium-wordpress\/ -->\n<title>Flight Case Corner Clamp CLA401 - https:\/\/sxflightcase.com \ud83d\udc97<\/title>\n<meta name=\"description\" content=\"Flight case corner clamp, factory direct! High-quality, durable clamps designed to reinforce and securely fasten flight case corners. Ideal for ensuring long-lasting protection during transport.\" \/>\n<meta name=\"robots\" content=\"index, follow, max-snippet:-1, max-image-preview:large, max-video-preview:-1\" \/>\n<link rel=\"canonical\" href=\"https:\/\/sxflightcase.com\/fr\/produit\/pince-dangle-pour-flight-case-cla401-2\/\" \/>\n<meta property=\"og:locale\" content=\"fr_FR\" \/>\n<meta property=\"og:type\" content=\"article\" \/>\n<meta property=\"og:title\" content=\"Flight Case Corner Clamp CLA401\" \/>\n<meta property=\"og:description\" content=\"Flight case corner clamp, factory direct! High-quality, durable clamps designed to reinforce and securely fasten flight case corners. Ideal for ensuring long-lasting protection during transport.\" \/>\n<meta property=\"og:url\" content=\"https:\/\/sxflightcase.com\/fr\/produit\/pince-dangle-pour-flight-case-cla401-2\/\" \/>\n<meta property=\"og:site_name\" content=\"https:\/\/sxflightcase.com\" \/>\n<meta property=\"article:publisher\" content=\"https:\/\/www.facebook.com\/profile.php?id=61560407257971\" \/>\n<meta property=\"article:modified_time\" content=\"2024-08-23T06:18:46+00:00\" \/>\n<meta property=\"og:image\" content=\"https:\/\/sxflightcase.com\/wp-content\/uploads\/2024\/08\/CLA401.jpg\" \/>\n\t<meta property=\"og:image:width\" content=\"700\" \/>\n\t<meta property=\"og:image:height\" content=\"700\" \/>\n\t<meta property=\"og:image:type\" content=\"image\/jpeg\" \/>\n<meta name=\"twitter:card\" content=\"summary_large_image\" \/>\n<meta name=\"twitter:label1\" content=\"Dur\u00e9e de lecture estim\u00e9e\" \/>\n\t<meta name=\"twitter:data1\" content=\"4 minutes\" \/>\n<script type=\"application\/ld+json\" class=\"yoast-schema-graph\">{\"@context\":\"https:\/\/schema.org\",\"@graph\":[{\"@type\":\"WebPage\",\"@id\":\"https:\/\/sxflightcase.com\/product\/flight-case-corner-clamp-cla401\/\",\"url\":\"https:\/\/sxflightcase.com\/product\/flight-case-corner-clamp-cla401\/\",\"name\":\"Flight Case Corner Clamp CLA401 - https:\/\/sxflightcase.com \ud83d\udc97\",\"isPartOf\":{\"@id\":\"https:\/\/sxflightcase.com\/th\/#website\"},\"primaryImageOfPage\":{\"@id\":\"https:\/\/sxflightcase.com\/product\/flight-case-corner-clamp-cla401\/#primaryimage\"},\"image\":{\"@id\":\"https:\/\/sxflightcase.com\/product\/flight-case-corner-clamp-cla401\/#primaryimage\"},\"thumbnailUrl\":\"https:\/\/sxflightcase.com\/wp-content\/uploads\/2024\/08\/CLA401.jpg\",\"datePublished\":\"2024-08-23T06:18:45+00:00\",\"dateModified\":\"2024-08-23T06:18:46+00:00\",\"description\":\"Flight case corner clamp, factory direct! High-quality, durable clamps designed to reinforce and securely fasten flight case corners. Ideal for ensuring long-lasting protection during transport.\",\"breadcrumb\":{\"@id\":\"https:\/\/sxflightcase.com\/product\/flight-case-corner-clamp-cla401\/#breadcrumb\"},\"inLanguage\":\"fr-FR\",\"potentialAction\":[{\"@type\":\"ReadAction\",\"target\":[\"https:\/\/sxflightcase.com\/product\/flight-case-corner-clamp-cla401\/\"]}]},{\"@type\":\"ImageObject\",\"inLanguage\":\"fr-FR\",\"@id\":\"https:\/\/sxflightcase.com\/product\/flight-case-corner-clamp-cla401\/#primaryimage\",\"url\":\"https:\/\/sxflightcase.com\/wp-content\/uploads\/2024\/08\/CLA401.jpg\",\"contentUrl\":\"https:\/\/sxflightcase.com\/wp-content\/uploads\/2024\/08\/CLA401.jpg\",\"width\":700,\"height\":700,\"caption\":\"Flight Case Corner Clamp\"},{\"@type\":\"BreadcrumbList\",\"@id\":\"https:\/\/sxflightcase.com\/product\/flight-case-corner-clamp-cla401\/#breadcrumb\",\"itemListElement\":[{\"@type\":\"ListItem\",\"position\":1,\"name\":\"Home\",\"item\":\"https:\/\/sxflightcase.com\/\"},{\"@type\":\"ListItem\",\"position\":2,\"name\":\"\u0e2a\u0e34\u0e19\u0e04\u0e49\u0e32\",\"item\":\"https:\/\/sxflightcase.com\/th\/shop\/\"},{\"@type\":\"ListItem\",\"position\":3,\"name\":\"Flight Case Corner Clamp CLA401\"}]},{\"@type\":\"WebSite\",\"@id\":\"https:\/\/sxflightcase.com\/th\/#website\",\"url\":\"https:\/\/sxflightcase.com\/th\/\",\"name\":\"sxpowercase.com\",\"description\":\"Flight Case Factory\",\"publisher\":{\"@id\":\"https:\/\/sxflightcase.com\/th\/#organization\"},\"potentialAction\":[{\"@type\":\"SearchAction\",\"target\":{\"@type\":\"EntryPoint\",\"urlTemplate\":\"https:\/\/sxflightcase.com\/th\/?s={search_term_string}\"},\"query-input\":{\"@type\":\"PropertyValueSpecification\",\"valueRequired\":true,\"valueName\":\"search_term_string\"}}],\"inLanguage\":\"fr-FR\"},{\"@type\":\"Organization\",\"@id\":\"https:\/\/sxflightcase.com\/th\/#organization\",\"name\":\"sxpowercase.com\",\"url\":\"https:\/\/sxflightcase.com\/th\/\",\"logo\":{\"@type\":\"ImageObject\",\"inLanguage\":\"fr-FR\",\"@id\":\"https:\/\/sxflightcase.com\/th\/#\/schema\/logo\/image\/\",\"url\":\"https:\/\/sxflightcase.com\/wp-content\/uploads\/2024\/04\/1713919036007.jpg\",\"contentUrl\":\"https:\/\/sxflightcase.com\/wp-content\/uploads\/2024\/04\/1713919036007.jpg\",\"width\":382,\"height\":388,\"caption\":\"sxpowercase.com\"},\"image\":{\"@id\":\"https:\/\/sxflightcase.com\/th\/#\/schema\/logo\/image\/\"},\"sameAs\":[\"https:\/\/www.facebook.com\/profile.php?id=61560407257971\"],\"numberOfEmployees\":{\"@type\":\"QuantitativeValue\",\"minValue\":\"11\",\"maxValue\":\"50\"}}]}<\/script>\n<!-- \/ Yoast SEO Premium plugin. -->","yoast_head_json":{"title":"Flight Case Corner Clamp CLA401 - https:\/\/sxflightcase.com \ud83d\udc97","description":"Pince d'angle pour flight case, en direct de l'usine ! Pinces de haute qualit\u00e9 et durables con\u00e7ues pour renforcer et fixer solidement les coins des flight cases. Id\u00e9ales pour assurer une protection durable pendant le transport.","robots":{"index":"index","follow":"follow","max-snippet":"max-snippet:-1","max-image-preview":"max-image-preview:large","max-video-preview":"max-video-preview:-1"},"canonical":"https:\/\/sxflightcase.com\/fr\/produit\/pince-dangle-pour-flight-case-cla401-2\/","og_locale":"fr_FR","og_type":"article","og_title":"Flight Case Corner Clamp CLA401","og_description":"Flight case corner clamp, factory direct! High-quality, durable clamps designed to reinforce and securely fasten flight case corners. Ideal for ensuring long-lasting protection during transport.","og_url":"https:\/\/sxflightcase.com\/fr\/produit\/pince-dangle-pour-flight-case-cla401-2\/","og_site_name":"https:\/\/sxflightcase.com","article_publisher":"https:\/\/www.facebook.com\/profile.php?id=61560407257971","article_modified_time":"2024-08-23T06:18:46+00:00","og_image":[{"width":700,"height":700,"url":"https:\/\/sxflightcase.com\/wp-content\/uploads\/2024\/08\/CLA401.jpg","type":"image\/jpeg"}],"twitter_card":"summary_large_image","twitter_misc":{"Dur\u00e9e de lecture estim\u00e9e":"4 minutes"},"schema":{"@context":"https:\/\/schema.org","@graph":[{"@type":"WebPage","@id":"https:\/\/sxflightcase.com\/product\/flight-case-corner-clamp-cla401\/","url":"https:\/\/sxflightcase.com\/product\/flight-case-corner-clamp-cla401\/","name":"Flight Case Corner Clamp CLA401 - https:\/\/sxflightcase.com \ud83d\udc97","isPartOf":{"@id":"https:\/\/sxflightcase.com\/th\/#website"},"primaryImageOfPage":{"@id":"https:\/\/sxflightcase.com\/product\/flight-case-corner-clamp-cla401\/#primaryimage"},"image":{"@id":"https:\/\/sxflightcase.com\/product\/flight-case-corner-clamp-cla401\/#primaryimage"},"thumbnailUrl":"https:\/\/sxflightcase.com\/wp-content\/uploads\/2024\/08\/CLA401.jpg","datePublished":"2024-08-23T06:18:45+00:00","dateModified":"2024-08-23T06:18:46+00:00","description":"Pince d'angle pour flight case, en direct de l'usine ! Pinces de haute qualit\u00e9 et durables con\u00e7ues pour renforcer et fixer solidement les coins des flight cases. Id\u00e9ales pour assurer une protection durable pendant le transport.","breadcrumb":{"@id":"https:\/\/sxflightcase.com\/product\/flight-case-corner-clamp-cla401\/#breadcrumb"},"inLanguage":"fr-FR","potentialAction":[{"@type":"ReadAction","target":["https:\/\/sxflightcase.com\/product\/flight-case-corner-clamp-cla401\/"]}]},{"@type":"ImageObject","inLanguage":"fr-FR","@id":"https:\/\/sxflightcase.com\/product\/flight-case-corner-clamp-cla401\/#primaryimage","url":"https:\/\/sxflightcase.com\/wp-content\/uploads\/2024\/08\/CLA401.jpg","contentUrl":"https:\/\/sxflightcase.com\/wp-content\/uploads\/2024\/08\/CLA401.jpg","width":700,"height":700,"caption":"Flight Case Corner Clamp"},{"@type":"BreadcrumbList","@id":"https:\/\/sxflightcase.com\/product\/flight-case-corner-clamp-cla401\/#breadcrumb","itemListElement":[{"@type":"ListItem","position":1,"name":"Home","item":"https:\/\/sxflightcase.com\/"},{"@type":"ListItem","position":2,"name":"\u0e2a\u0e34\u0e19\u0e04\u0e49\u0e32","item":"https:\/\/sxflightcase.com\/th\/shop\/"},{"@type":"ListItem","position":3,"name":"Flight Case Corner Clamp CLA401"}]},{"@type":"WebSite","@id":"https:\/\/sxflightcase.com\/th\/#website","url":"https:\/\/sxflightcase.com\/th\/","name":"sxpowercase.com","description":"Flight Case Factory","publisher":{"@id":"https:\/\/sxflightcase.com\/th\/#organization"},"potentialAction":[{"@type":"SearchAction","target":{"@type":"EntryPoint","urlTemplate":"https:\/\/sxflightcase.com\/th\/?s={search_term_string}"},"query-input":{"@type":"PropertyValueSpecification","valueRequired":true,"valueName":"search_term_string"}}],"inLanguage":"fr-FR"},{"@type":"Organization","@id":"https:\/\/sxflightcase.com\/th\/#organization","name":"sxpowercase.com","url":"https:\/\/sxflightcase.com\/th\/","logo":{"@type":"ImageObject","inLanguage":"fr-FR","@id":"https:\/\/sxflightcase.com\/th\/#\/schema\/logo\/image\/","url":"https:\/\/sxflightcase.com\/wp-content\/uploads\/2024\/04\/1713919036007.jpg","contentUrl":"https:\/\/sxflightcase.com\/wp-content\/uploads\/2024\/04\/1713919036007.jpg","width":382,"height":388,"caption":"sxpowercase.com"},"image":{"@id":"https:\/\/sxflightcase.com\/th\/#\/schema\/logo\/image\/"},"sameAs":["https:\/\/www.facebook.com\/profile.php?id=61560407257971"],"numberOfEmployees":{"@type":"QuantitativeValue","minValue":"11","maxValue":"50"}}]}},"_links":{"self":[{"href":"https:\/\/sxflightcase.com\/fr\/wp-json\/wp\/v2\/product\/4207","targetHints":{"allow":["GET"]}}],"collection":[{"href":"https:\/\/sxflightcase.com\/fr\/wp-json\/wp\/v2\/product"}],"about":[{"href":"https:\/\/sxflightcase.com\/fr\/wp-json\/wp\/v2\/types\/product"}],"replies":[{"embeddable":true,"href":"https:\/\/sxflightcase.com\/fr\/wp-json\/wp\/v2\/comments?post=4207"}],"version-history":[{"count":0,"href":"https:\/\/sxflightcase.com\/fr\/wp-json\/wp\/v2\/product\/4207\/revisions"}],"wp:featuredmedia":[{"embeddable":true,"href":"https:\/\/sxflightcase.com\/fr\/wp-json\/wp\/v2\/media\/4178"}],"wp:attachment":[{"href":"https:\/\/sxflightcase.com\/fr\/wp-json\/wp\/v2\/media?parent=4207"}],"wp:term":[{"taxonomy":"product_brand","embeddable":true,"href":"https:\/\/sxflightcase.com\/fr\/wp-json\/wp\/v2\/product_brand?post=4207"},{"taxonomy":"product_cat","embeddable":true,"href":"https:\/\/sxflightcase.com\/fr\/wp-json\/wp\/v2\/product_cat?post=4207"},{"taxonomy":"product_tag","embeddable":true,"href":"https:\/\/sxflightcase.com\/fr\/wp-json\/wp\/v2\/product_tag?post=4207"}],"curies":[{"name":"wp","href":"https:\/\/api.w.org\/{rel}","templated":true}]}}