{"id":4208,"date":"2024-08-23T07:20:31","date_gmt":"2024-08-23T06:20:31","guid":{"rendered":"https:\/\/sxpowercase.com\/?post_type=product&#038;p=4208"},"modified":"2024-08-23T07:20:32","modified_gmt":"2024-08-23T06:20:32","slug":"flight-case-corner-clamp-cla501","status":"publish","type":"product","link":"https:\/\/sxflightcase.com\/fr\/produit\/pince-dangle-pour-flight-case-cla501-2\/","title":{"rendered":"Pince d&#039;angle pour flight case CLA501"},"content":{"rendered":"<h3>SX Flight Case Corner Clamp : Mat\u00e9riel de haute qualit\u00e9 \u00e0 des prix abordables<\/h3>\n<h4>Renforcer vos flight cases avec des colliers de serrage fiables<\/h4>\n<p>Pour ceux qui ont besoin d'une protection durable pour leur \u00e9quipement, SX's <span style=\"color: #3366ff;\"><a style=\"color: #3366ff;\" href=\"https:\/\/sxpowercase.com\/product\/flight-case-corner-clamp-cla401\/\"><strong>Pince d'angle pour Flight Case<\/strong><\/a><\/span> est un \u00e9l\u00e9ment crucial. Con\u00e7ues pour ajouter de la stabilit\u00e9 et de la s\u00e9curit\u00e9, ces pinces sont parfaites pour renforcer les coins de vos flight cases. Gr\u00e2ce \u00e0 nos prix direct usine, SX vous assure de recevoir du mat\u00e9riel de premi\u00e8re qualit\u00e9 \u00e0 des prix comp\u00e9titifs, offrant un excellent rapport qualit\u00e9-prix sans sacrifier la qualit\u00e9.<\/p>\n<h4>Une construction durable sur laquelle vous pouvez compter<\/h4>\n<p><a href=\"https:\/\/sxpowercase.com\/\" target=\"_blank\" rel=\"noopener\" title=\"SX\" data-wpil-monitor-id=\"691\">SX<\/a> <strong>Pinces d'angle pour Flight Case<\/strong> sont fabriqu\u00e9es \u00e0 partir de mat\u00e9riaux m\u00e9talliques robustes con\u00e7us pour r\u00e9sister aux conditions les plus difficiles. Ces pinces offrent une protection sup\u00e9rieure, garantissant que votre \u00e9quipement reste en s\u00e9curit\u00e9 tout au long du transport. En fabriquant directement et en \u00e9liminant les interm\u00e9diaires inutiles, SX est en mesure de fournir ces produits de haute qualit\u00e9 \u00e0 des prix qui conviennent \u00e0 tous les budgets.<\/p>\n<h4>Installation rapide et protection maximale<\/h4>\n<p>La conception du syst\u00e8me SX <strong>Pince d'angle pour Flight Case<\/strong> permet une installation facile et rapide. Que vous soyez un constructeur professionnel ou un bricoleur, ces pinces offrent un ajustement parfait qui verrouille les coins de votre flight case en place. Cette stabilit\u00e9 minimise le risque de dommages, ce qui en fait un choix essentiel pour tous ceux qui cherchent \u00e0 prot\u00e9ger leur mat\u00e9riel de valeur. Gr\u00e2ce aux \u00e9conomies r\u00e9alis\u00e9es par SX en direct de l'usine, vous pouvez s\u00e9curiser vos mallettes \u00e0 un prix abordable.<\/p>\n<h4>Assurance qualit\u00e9 pour chaque achat<\/h4>\n<p>Chez SX, nous accordons une grande importance \u00e0 la fourniture de produits de haute qualit\u00e9. Nos <strong>Pinces d'angle pour Flight Case<\/strong> sont soumis \u00e0 des processus de contr\u00f4le de la qualit\u00e9 stricts afin de garantir qu'ils r\u00e9pondent aux normes de l'industrie. En g\u00e9rant la production et la distribution en interne, SX offre du mat\u00e9riel fiable \u00e0 des prix plus bas tout en maintenant la qualit\u00e9 \u00e0 laquelle les professionnels font confiance.<\/p>\n<h4>Mat\u00e9riel polyvalent pour divers mod\u00e8les de bo\u00eetiers<\/h4>\n<p>SX's <strong>Pinces d'angle pour Flight Case<\/strong> sont polyvalents et s'adaptent \u00e0 diff\u00e9rentes configurations de caisses. Que vous construisiez une nouvelle valise ou que vous renforciez une valise existante, ces pinces offrent un support d'angle fiable pour diff\u00e9rentes tailles de valise. Notre engagement de vente directe vous permet de b\u00e9n\u00e9ficier d'un mat\u00e9riel de qualit\u00e9 sup\u00e9rieure \u00e0 des prix abordables, ce qui facilite la r\u00e9alisation de vos projets dans le respect de votre budget.<\/p>\n<h4>Des solutions personnalis\u00e9es pour des besoins uniques<\/h4>\n<p>SX propose des options de personnalisation pour nos <strong>Pinces d'angle pour Flight Case<\/strong> pour r\u00e9pondre aux besoins sp\u00e9cifiques d'un projet. Que vous ayez besoin de mat\u00e9riaux, de finitions ou de dimensions sp\u00e9cifiques, nous pouvons adapter nos produits en cons\u00e9quence. Notre mod\u00e8le d'usine directe garantit que m\u00eame les pinces personnalis\u00e9es sont disponibles \u00e0 des prix comp\u00e9titifs, ce qui vous permet de b\u00e9n\u00e9ficier de solutions sur mesure sans co\u00fbts excessifs.<\/p>\n<h4>SX : Combiner qualit\u00e9 et prix abordable<\/h4>\n<p>SX s'efforce de proposer du mat\u00e9riel de haute qualit\u00e9 \u00e0 des prix avantageux. Notre <strong>Pinces d'angle pour Flight Case<\/strong> sont un excellent exemple de la fa\u00e7on dont nous assurons la durabilit\u00e9, la fiabilit\u00e9 et l'accessibilit\u00e9 en un seul paquet. En contr\u00f4lant le processus de production et en r\u00e9duisant les co\u00fbts inutiles, nous fournissons \u00e0 nos clients des pinces solides et fiables qui offrent un excellent rapport qualit\u00e9-prix.<\/p>\n<h4>S\u00e9curisez vos valises avec la quincaillerie SX Flight Case<\/h4>\n<p>Lorsqu'il s'agit de renforcer vos flight cases, faites confiance \u00e0 SX's <strong>Pinces d'angle pour Flight Case<\/strong>. Avec une installation simple, une construction durable et des prix comp\u00e9titifs, nos pinces sont le choix id\u00e9al pour les professionnels et les amateurs. Choisissez SX pour votre prochain projet et faites l'exp\u00e9rience de la qualit\u00e9 et des \u00e9conomies que seuls les produits fabriqu\u00e9s en usine peuvent offrir.<\/p>\n<p>Contactez-nous maintenant :<span style=\"color: #0000ff;\"><a style=\"color: #0000ff;\" href=\"https:\/\/sxpowercase.com\/contact-us\/\">https:\/\/sxpowercase.com\/<\/a><\/span><\/p>\n<p>Catalogue de produits mat\u00e9riels :<span style=\"color: #3366ff;\"><a style=\"color: #3366ff;\" href=\"https:\/\/sxpowercase.com\/wp-content\/uploads\/2024\/07\/\u4e94\u91d1.pdf\">Catalogue d&#039;accessoires de quincaillerie<\/a><\/span><\/p>","protected":false},"excerpt":{"rendered":"<h3>SX Flight Case Corner Clamps : Une protection abordable pour votre mat\u00e9riel<\/h3>\n<p>SX propose des pinces d'angle pour flight cases de haute qualit\u00e9 qui renforcent de mani\u00e8re fiable les angles de vos flight cases. Avec un prix direct usine, vous obtenez du mat\u00e9riel durable con\u00e7u pour prot\u00e9ger votre \u00e9quipement sans d\u00e9penser trop.<\/p>\n<h3>Construit pour durer, facile \u00e0 installer<\/h3>\n<p>Fabriqu\u00e9es en m\u00e9tal robuste, les pinces d'angle pour flight cases SX garantissent une durabilit\u00e9 \u00e0 long terme et sont rapides \u00e0 installer. Que vous soyez un professionnel ou un bricoleur, ces pinces offrent un support solide pour des flight cases s\u00fbrs et stables.<\/p>\n<h3>Options personnalisables \u00e0 des prix d'usine<\/h3>\n<p>SX propose des dimensions et des finitions personnalisables pour ses pinces d'angle pour Flight Case. Profitez d'un mat\u00e9riel de qualit\u00e9 sup\u00e9rieure adapt\u00e9 \u00e0 vos besoins \u00e0 des prix imbattables, gr\u00e2ce \u00e0 notre mod\u00e8le de vente directe au client.<\/p>","protected":false},"featured_media":4179,"comment_status":"open","ping_status":"closed","template":"","meta":[],"product_brand":[],"product_cat":[64],"product_tag":[],"class_list":{"0":"post-4208","1":"product","2":"type-product","3":"status-publish","4":"has-post-thumbnail","6":"product_cat-clamps","8":"first","9":"instock","10":"shipping-taxable","11":"product-type-simple"},"yoast_head":"<!-- This site is optimized with the Yoast SEO Premium plugin v27.1 (Yoast SEO v27.2) - https:\/\/yoast.com\/product\/yoast-seo-premium-wordpress\/ -->\n<title>Flight Case Corner Clamp CLA501 - https:\/\/sxflightcase.com \ud83d\udc97<\/title>\n<meta name=\"description\" content=\"Flight case corner clamp, factory direct! High-quality, durable clamps designed to reinforce and securely fasten flight case corners. Ideal for ensuring long-lasting protection during transport.\" \/>\n<meta name=\"robots\" content=\"index, follow, max-snippet:-1, max-image-preview:large, max-video-preview:-1\" \/>\n<link rel=\"canonical\" href=\"https:\/\/sxflightcase.com\/fr\/produit\/pince-dangle-pour-flight-case-cla501-2\/\" \/>\n<meta property=\"og:locale\" content=\"fr_FR\" \/>\n<meta property=\"og:type\" content=\"article\" \/>\n<meta property=\"og:title\" content=\"Flight Case Corner Clamp CLA501\" \/>\n<meta property=\"og:description\" content=\"Flight case corner clamp, factory direct! High-quality, durable clamps designed to reinforce and securely fasten flight case corners. Ideal for ensuring long-lasting protection during transport.\" \/>\n<meta property=\"og:url\" content=\"https:\/\/sxflightcase.com\/fr\/produit\/pince-dangle-pour-flight-case-cla501-2\/\" \/>\n<meta property=\"og:site_name\" content=\"https:\/\/sxflightcase.com\" \/>\n<meta property=\"article:publisher\" content=\"https:\/\/www.facebook.com\/profile.php?id=61560407257971\" \/>\n<meta property=\"article:modified_time\" content=\"2024-08-23T06:20:32+00:00\" \/>\n<meta property=\"og:image\" content=\"https:\/\/sxflightcase.com\/wp-content\/uploads\/2024\/08\/CLA501.jpg\" \/>\n\t<meta property=\"og:image:width\" content=\"700\" \/>\n\t<meta property=\"og:image:height\" content=\"700\" \/>\n\t<meta property=\"og:image:type\" content=\"image\/jpeg\" \/>\n<meta name=\"twitter:card\" content=\"summary_large_image\" \/>\n<meta name=\"twitter:label1\" content=\"Dur\u00e9e de lecture estim\u00e9e\" \/>\n\t<meta name=\"twitter:data1\" content=\"3 minutes\" \/>\n<script type=\"application\/ld+json\" class=\"yoast-schema-graph\">{\"@context\":\"https:\/\/schema.org\",\"@graph\":[{\"@type\":\"WebPage\",\"@id\":\"https:\/\/sxflightcase.com\/product\/flight-case-corner-clamp-cla501\/\",\"url\":\"https:\/\/sxflightcase.com\/product\/flight-case-corner-clamp-cla501\/\",\"name\":\"Flight Case Corner Clamp CLA501 - https:\/\/sxflightcase.com \ud83d\udc97\",\"isPartOf\":{\"@id\":\"https:\/\/sxflightcase.com\/th\/#website\"},\"primaryImageOfPage\":{\"@id\":\"https:\/\/sxflightcase.com\/product\/flight-case-corner-clamp-cla501\/#primaryimage\"},\"image\":{\"@id\":\"https:\/\/sxflightcase.com\/product\/flight-case-corner-clamp-cla501\/#primaryimage\"},\"thumbnailUrl\":\"https:\/\/sxflightcase.com\/wp-content\/uploads\/2024\/08\/CLA501.jpg\",\"datePublished\":\"2024-08-23T06:20:31+00:00\",\"dateModified\":\"2024-08-23T06:20:32+00:00\",\"description\":\"Flight case corner clamp, factory direct! High-quality, durable clamps designed to reinforce and securely fasten flight case corners. Ideal for ensuring long-lasting protection during transport.\",\"breadcrumb\":{\"@id\":\"https:\/\/sxflightcase.com\/product\/flight-case-corner-clamp-cla501\/#breadcrumb\"},\"inLanguage\":\"fr-FR\",\"potentialAction\":[{\"@type\":\"ReadAction\",\"target\":[\"https:\/\/sxflightcase.com\/product\/flight-case-corner-clamp-cla501\/\"]}]},{\"@type\":\"ImageObject\",\"inLanguage\":\"fr-FR\",\"@id\":\"https:\/\/sxflightcase.com\/product\/flight-case-corner-clamp-cla501\/#primaryimage\",\"url\":\"https:\/\/sxflightcase.com\/wp-content\/uploads\/2024\/08\/CLA501.jpg\",\"contentUrl\":\"https:\/\/sxflightcase.com\/wp-content\/uploads\/2024\/08\/CLA501.jpg\",\"width\":700,\"height\":700,\"caption\":\"Flight Case Corner Clamp\"},{\"@type\":\"BreadcrumbList\",\"@id\":\"https:\/\/sxflightcase.com\/product\/flight-case-corner-clamp-cla501\/#breadcrumb\",\"itemListElement\":[{\"@type\":\"ListItem\",\"position\":1,\"name\":\"Home\",\"item\":\"https:\/\/sxflightcase.com\/\"},{\"@type\":\"ListItem\",\"position\":2,\"name\":\"\u0e2a\u0e34\u0e19\u0e04\u0e49\u0e32\",\"item\":\"https:\/\/sxflightcase.com\/th\/shop\/\"},{\"@type\":\"ListItem\",\"position\":3,\"name\":\"Flight Case Corner Clamp CLA501\"}]},{\"@type\":\"WebSite\",\"@id\":\"https:\/\/sxflightcase.com\/th\/#website\",\"url\":\"https:\/\/sxflightcase.com\/th\/\",\"name\":\"sxpowercase.com\",\"description\":\"Flight Case Factory\",\"publisher\":{\"@id\":\"https:\/\/sxflightcase.com\/th\/#organization\"},\"potentialAction\":[{\"@type\":\"SearchAction\",\"target\":{\"@type\":\"EntryPoint\",\"urlTemplate\":\"https:\/\/sxflightcase.com\/th\/?s={search_term_string}\"},\"query-input\":{\"@type\":\"PropertyValueSpecification\",\"valueRequired\":true,\"valueName\":\"search_term_string\"}}],\"inLanguage\":\"fr-FR\"},{\"@type\":\"Organization\",\"@id\":\"https:\/\/sxflightcase.com\/th\/#organization\",\"name\":\"sxpowercase.com\",\"url\":\"https:\/\/sxflightcase.com\/th\/\",\"logo\":{\"@type\":\"ImageObject\",\"inLanguage\":\"fr-FR\",\"@id\":\"https:\/\/sxflightcase.com\/th\/#\/schema\/logo\/image\/\",\"url\":\"https:\/\/sxflightcase.com\/wp-content\/uploads\/2024\/04\/1713919036007.jpg\",\"contentUrl\":\"https:\/\/sxflightcase.com\/wp-content\/uploads\/2024\/04\/1713919036007.jpg\",\"width\":382,\"height\":388,\"caption\":\"sxpowercase.com\"},\"image\":{\"@id\":\"https:\/\/sxflightcase.com\/th\/#\/schema\/logo\/image\/\"},\"sameAs\":[\"https:\/\/www.facebook.com\/profile.php?id=61560407257971\"],\"numberOfEmployees\":{\"@type\":\"QuantitativeValue\",\"minValue\":\"11\",\"maxValue\":\"50\"}}]}<\/script>\n<!-- \/ Yoast SEO Premium plugin. -->","yoast_head_json":{"title":"Flight Case Corner Clamp CLA501 - https:\/\/sxflightcase.com \ud83d\udc97","description":"Pince d'angle pour flight case, en direct de l'usine ! Pinces de haute qualit\u00e9 et durables con\u00e7ues pour renforcer et fixer solidement les coins des flight cases. Id\u00e9ales pour assurer une protection durable pendant le transport.","robots":{"index":"index","follow":"follow","max-snippet":"max-snippet:-1","max-image-preview":"max-image-preview:large","max-video-preview":"max-video-preview:-1"},"canonical":"https:\/\/sxflightcase.com\/fr\/produit\/pince-dangle-pour-flight-case-cla501-2\/","og_locale":"fr_FR","og_type":"article","og_title":"Flight Case Corner Clamp CLA501","og_description":"Flight case corner clamp, factory direct! High-quality, durable clamps designed to reinforce and securely fasten flight case corners. Ideal for ensuring long-lasting protection during transport.","og_url":"https:\/\/sxflightcase.com\/fr\/produit\/pince-dangle-pour-flight-case-cla501-2\/","og_site_name":"https:\/\/sxflightcase.com","article_publisher":"https:\/\/www.facebook.com\/profile.php?id=61560407257971","article_modified_time":"2024-08-23T06:20:32+00:00","og_image":[{"width":700,"height":700,"url":"https:\/\/sxflightcase.com\/wp-content\/uploads\/2024\/08\/CLA501.jpg","type":"image\/jpeg"}],"twitter_card":"summary_large_image","twitter_misc":{"Dur\u00e9e de lecture estim\u00e9e":"3 minutes"},"schema":{"@context":"https:\/\/schema.org","@graph":[{"@type":"WebPage","@id":"https:\/\/sxflightcase.com\/product\/flight-case-corner-clamp-cla501\/","url":"https:\/\/sxflightcase.com\/product\/flight-case-corner-clamp-cla501\/","name":"Flight Case Corner Clamp CLA501 - https:\/\/sxflightcase.com \ud83d\udc97","isPartOf":{"@id":"https:\/\/sxflightcase.com\/th\/#website"},"primaryImageOfPage":{"@id":"https:\/\/sxflightcase.com\/product\/flight-case-corner-clamp-cla501\/#primaryimage"},"image":{"@id":"https:\/\/sxflightcase.com\/product\/flight-case-corner-clamp-cla501\/#primaryimage"},"thumbnailUrl":"https:\/\/sxflightcase.com\/wp-content\/uploads\/2024\/08\/CLA501.jpg","datePublished":"2024-08-23T06:20:31+00:00","dateModified":"2024-08-23T06:20:32+00:00","description":"Pince d'angle pour flight case, en direct de l'usine ! Pinces de haute qualit\u00e9 et durables con\u00e7ues pour renforcer et fixer solidement les coins des flight cases. Id\u00e9ales pour assurer une protection durable pendant le transport.","breadcrumb":{"@id":"https:\/\/sxflightcase.com\/product\/flight-case-corner-clamp-cla501\/#breadcrumb"},"inLanguage":"fr-FR","potentialAction":[{"@type":"ReadAction","target":["https:\/\/sxflightcase.com\/product\/flight-case-corner-clamp-cla501\/"]}]},{"@type":"ImageObject","inLanguage":"fr-FR","@id":"https:\/\/sxflightcase.com\/product\/flight-case-corner-clamp-cla501\/#primaryimage","url":"https:\/\/sxflightcase.com\/wp-content\/uploads\/2024\/08\/CLA501.jpg","contentUrl":"https:\/\/sxflightcase.com\/wp-content\/uploads\/2024\/08\/CLA501.jpg","width":700,"height":700,"caption":"Flight Case Corner Clamp"},{"@type":"BreadcrumbList","@id":"https:\/\/sxflightcase.com\/product\/flight-case-corner-clamp-cla501\/#breadcrumb","itemListElement":[{"@type":"ListItem","position":1,"name":"Home","item":"https:\/\/sxflightcase.com\/"},{"@type":"ListItem","position":2,"name":"\u0e2a\u0e34\u0e19\u0e04\u0e49\u0e32","item":"https:\/\/sxflightcase.com\/th\/shop\/"},{"@type":"ListItem","position":3,"name":"Flight Case Corner Clamp CLA501"}]},{"@type":"WebSite","@id":"https:\/\/sxflightcase.com\/th\/#website","url":"https:\/\/sxflightcase.com\/th\/","name":"sxpowercase.com","description":"Flight Case Factory","publisher":{"@id":"https:\/\/sxflightcase.com\/th\/#organization"},"potentialAction":[{"@type":"SearchAction","target":{"@type":"EntryPoint","urlTemplate":"https:\/\/sxflightcase.com\/th\/?s={search_term_string}"},"query-input":{"@type":"PropertyValueSpecification","valueRequired":true,"valueName":"search_term_string"}}],"inLanguage":"fr-FR"},{"@type":"Organization","@id":"https:\/\/sxflightcase.com\/th\/#organization","name":"sxpowercase.com","url":"https:\/\/sxflightcase.com\/th\/","logo":{"@type":"ImageObject","inLanguage":"fr-FR","@id":"https:\/\/sxflightcase.com\/th\/#\/schema\/logo\/image\/","url":"https:\/\/sxflightcase.com\/wp-content\/uploads\/2024\/04\/1713919036007.jpg","contentUrl":"https:\/\/sxflightcase.com\/wp-content\/uploads\/2024\/04\/1713919036007.jpg","width":382,"height":388,"caption":"sxpowercase.com"},"image":{"@id":"https:\/\/sxflightcase.com\/th\/#\/schema\/logo\/image\/"},"sameAs":["https:\/\/www.facebook.com\/profile.php?id=61560407257971"],"numberOfEmployees":{"@type":"QuantitativeValue","minValue":"11","maxValue":"50"}}]}},"_links":{"self":[{"href":"https:\/\/sxflightcase.com\/fr\/wp-json\/wp\/v2\/product\/4208","targetHints":{"allow":["GET"]}}],"collection":[{"href":"https:\/\/sxflightcase.com\/fr\/wp-json\/wp\/v2\/product"}],"about":[{"href":"https:\/\/sxflightcase.com\/fr\/wp-json\/wp\/v2\/types\/product"}],"replies":[{"embeddable":true,"href":"https:\/\/sxflightcase.com\/fr\/wp-json\/wp\/v2\/comments?post=4208"}],"version-history":[{"count":0,"href":"https:\/\/sxflightcase.com\/fr\/wp-json\/wp\/v2\/product\/4208\/revisions"}],"wp:featuredmedia":[{"embeddable":true,"href":"https:\/\/sxflightcase.com\/fr\/wp-json\/wp\/v2\/media\/4179"}],"wp:attachment":[{"href":"https:\/\/sxflightcase.com\/fr\/wp-json\/wp\/v2\/media?parent=4208"}],"wp:term":[{"taxonomy":"product_brand","embeddable":true,"href":"https:\/\/sxflightcase.com\/fr\/wp-json\/wp\/v2\/product_brand?post=4208"},{"taxonomy":"product_cat","embeddable":true,"href":"https:\/\/sxflightcase.com\/fr\/wp-json\/wp\/v2\/product_cat?post=4208"},{"taxonomy":"product_tag","embeddable":true,"href":"https:\/\/sxflightcase.com\/fr\/wp-json\/wp\/v2\/product_tag?post=4208"}],"curies":[{"name":"wp","href":"https:\/\/api.w.org\/{rel}","templated":true}]}}