{"id":4211,"date":"2024-08-24T07:59:50","date_gmt":"2024-08-24T06:59:50","guid":{"rendered":"https:\/\/sxpowercase.com\/?post_type=product&#038;p=4211"},"modified":"2024-08-24T07:59:51","modified_gmt":"2024-08-24T06:59:51","slug":"metal-corner-brace-cla502","status":"publish","type":"product","link":"https:\/\/sxflightcase.com\/fr\/produit\/corniere-metallique-cla502-2\/","title":{"rendered":"Corni\u00e8re m\u00e9tallique CLA502"},"content":{"rendered":"<h3>Corni\u00e8re m\u00e9tallique SX de haute qualit\u00e9 : Un soutien durable \u00e0 un prix abordable<\/h3>\n<h4>Des renforts d'angle fiables pour une meilleure stabilit\u00e9<\/h4>\n<p>Lorsqu'il s'agit de renforcer et d'\u00e9tayer diverses constructions, la <span style=\"color: #3366ff;\"><a style=\"color: #3366ff;\" href=\"https:\/\/sxpowercase.com\/product\/flight-case-corner-clamp-cla501\/\"><strong>Corni\u00e8re en m\u00e9tal<\/strong><\/a><\/span> de SX est un \u00e9l\u00e9ment essentiel. Qu'il s'agisse d'armoires, de caisses ou de meubles, nos renforts sont con\u00e7us pour offrir un soutien maximal \u00e0 faible co\u00fbt. En offrant des ventes directes, SX propose des prix imbattables sans compromettre la qualit\u00e9, ce qui vous assure d'obtenir le meilleur rapport qualit\u00e9-prix pour votre achat.<\/p>\n<h4>Construit pour la force et la long\u00e9vit\u00e9<\/h4>\n<p><a href=\"https:\/\/sxpowercase.com\/\" target=\"_blank\" rel=\"noopener\" title=\"SX\" data-wpil-monitor-id=\"692\">SX<\/a> <strong>Corni\u00e8res m\u00e9talliques<\/strong> sont fabriqu\u00e9s \u00e0 partir de mat\u00e9riaux m\u00e9talliques durables, con\u00e7us pour r\u00e9sister \u00e0 des charges lourdes et \u00e0 des environnements difficiles. Nos produits sont soumis \u00e0 des contr\u00f4les de qualit\u00e9 rigoureux pour s'assurer qu'ils r\u00e9pondent aux normes \u00e9lev\u00e9es de l'industrie. Gr\u00e2ce \u00e0 notre distribution directe, nous pouvons maintenir un contr\u00f4le strict sur la production tout en maintenant les co\u00fbts \u00e0 un niveau bas, ce qui vous permet de b\u00e9n\u00e9ficier \u00e0 la fois d'une qualit\u00e9 de premier ordre et de prix avantageux.<\/p>\n<h4>Installation simple et applications polyvalentes<\/h4>\n<p>Installation des SX <strong>Corni\u00e8re en m\u00e9tal<\/strong> est rapide et facile, et convient donc aussi bien aux constructeurs professionnels qu'aux bricoleurs. Ces renforts sont polyvalents et offrent un soutien fiable pour diff\u00e9rents projets, qu'il s'agisse de fixer des armoires ou de renforcer des flight cases. Gr\u00e2ce \u00e0 l'engagement de SX \u00e0 proposer des prix abordables, vous pouvez r\u00e9aliser vos projets efficacement sans d\u00e9penser trop.<\/p>\n<h4>Qualit\u00e9 garantie pour chaque achat<\/h4>\n<p>Chez SX, nous sommes fiers de fournir des produits sur lesquels nos clients peuvent compter. Nos <strong>Corni\u00e8res m\u00e9talliques<\/strong> sont fabriqu\u00e9s dans le cadre de mesures strictes de contr\u00f4le de la qualit\u00e9, ce qui garantit des performances constantes pour chaque pi\u00e8ce. En s'occupant directement de la fabrication et de la distribution, SX maintient des prix bas tout en conservant les normes \u00e9lev\u00e9es que nos clients attendent.<\/p>\n<h4>Des solutions sur mesure pour des besoins uniques<\/h4>\n<p>SX comprend que chaque projet est unique. Nous proposons des options de personnalisation pour nos <strong>Corni\u00e8res m\u00e9talliques<\/strong>Vous pouvez ainsi choisir la taille, le mat\u00e9riau ou la finition qui r\u00e9pond le mieux \u00e0 vos besoins. Bien que nous proposions des solutions personnalis\u00e9es, notre mod\u00e8le d'usine directe vous permet de b\u00e9n\u00e9ficier de prix comp\u00e9titifs, m\u00eame pour les commandes sp\u00e9cialis\u00e9es.<\/p>\n<h4>Mat\u00e9riel \u00e0 valeur ajout\u00e9e de SX<\/h4>\n<p>SX s'engage \u00e0 fournir du mat\u00e9riel de qualit\u00e9 \u00e0 des prix bas. En \u00e9liminant les interm\u00e9diaires, nous pouvons offrir \u00e0 nos clients des produits de qualit\u00e9. <strong>Corni\u00e8res m\u00e9talliques<\/strong> directement de l'usine, ce qui permet \u00e0 nos clients de r\u00e9aliser des \u00e9conomies significatives. Que vous g\u00e9riez des projets de grande envergure ou de petits travaux de bricolage, vous pouvez compter sur SX pour obtenir du mat\u00e9riel fiable et rentable.<\/p>\n<h4>Choisissez SX pour vos besoins en corni\u00e8res<\/h4>\n<p>Lorsqu'il s'agit de s\u00e9curiser et de renforcer vos projets, faites confiance \u00e0 SX's <strong>Corni\u00e8re en m\u00e9tal<\/strong>. Alliant durabilit\u00e9, facilit\u00e9 d'installation et prix abordable en usine, ces renforts offrent un m\u00e9lange parfait de qualit\u00e9 et de valeur. Pour un support polyvalent qui ne co\u00fbte pas cher, ne cherchez pas plus loin que SX, votre marque de r\u00e9f\u00e9rence pour des solutions de quincaillerie fiables.<\/p>\n<p>Contactez-nous maintenant :<span style=\"color: #0000ff;\"><a style=\"color: #0000ff;\" href=\"https:\/\/sxpowercase.com\/contact-us\/\">https:\/\/sxpowercase.com\/<\/a><\/span><\/p>\n<p>Catalogue de produits mat\u00e9riels :<span style=\"color: #3366ff;\"><a style=\"color: #3366ff;\" href=\"https:\/\/sxpowercase.com\/wp-content\/uploads\/2024\/07\/\u4e94\u91d1.pdf\">Catalogue d&#039;accessoires de quincaillerie<\/a><\/span><\/p>","protected":false},"excerpt":{"rendered":"<h3>Support d'angle m\u00e9tallique SX : Un soutien abordable et de haute qualit\u00e9<\/h3>\n<p>Renforcez vos constructions avec les corni\u00e8res m\u00e9talliques SX. Id\u00e9ales pour les armoires, les caisses et les meubles, ces renforts offrent une r\u00e9sistance fiable \u00e0 des prix d'usine, offrant une valeur imbattable sans compromettre la qualit\u00e9.<\/p>\n<h3>Durable et con\u00e7u pour durer<\/h3>\n<p>Fabriqu\u00e9es en m\u00e9tal robuste, les corni\u00e8res m\u00e9talliques SX sont con\u00e7ues pour supporter des charges lourdes et des conditions difficiles. Gr\u00e2ce \u00e0 des contr\u00f4les de qualit\u00e9 rigoureux et \u00e0 des ventes directes de l'usine, vous b\u00e9n\u00e9ficiez de performances durables \u00e0 des prix avantageux.<\/p>\n<h3>Facile \u00e0 installer, polyvalent pour tout projet<\/h3>\n<p>Les corni\u00e8res m\u00e9talliques SX sont rapides \u00e0 installer et conviennent \u00e0 diverses applications. Que vous soyez un professionnel ou un bricoleur, ces renforts polyvalents offrent un soutien fiable pour diff\u00e9rents besoins de construction, tout en maintenant les co\u00fbts \u00e0 un niveau bas.<\/p>","protected":false},"featured_media":4180,"comment_status":"open","ping_status":"closed","template":"","meta":[],"product_brand":[],"product_cat":[64],"product_tag":[],"class_list":{"0":"post-4211","1":"product","2":"type-product","3":"status-publish","4":"has-post-thumbnail","6":"product_cat-clamps","8":"first","9":"instock","10":"shipping-taxable","11":"product-type-simple"},"yoast_head":"<!-- This site is optimized with the Yoast SEO Premium plugin v27.1 (Yoast SEO v27.2) - https:\/\/yoast.com\/product\/yoast-seo-premium-wordpress\/ -->\n<title>Metal Corner Brace CLA502 - https:\/\/sxflightcase.com \ud83d\udc97<\/title>\n<meta name=\"description\" content=\"Metal corner brace, factory direct! High-quality, durable braces for reinforcing and securing corners in furniture, cases, and structures. Perfect for added stability and strength in various applications.\" \/>\n<meta name=\"robots\" content=\"index, follow, max-snippet:-1, max-image-preview:large, max-video-preview:-1\" \/>\n<link rel=\"canonical\" href=\"https:\/\/sxflightcase.com\/fr\/produit\/corniere-metallique-cla502-2\/\" \/>\n<meta property=\"og:locale\" content=\"fr_FR\" \/>\n<meta property=\"og:type\" content=\"article\" \/>\n<meta property=\"og:title\" content=\"Metal Corner Brace CLA502\" \/>\n<meta property=\"og:description\" content=\"Metal corner brace, factory direct! High-quality, durable braces for reinforcing and securing corners in furniture, cases, and structures. Perfect for added stability and strength in various applications.\" \/>\n<meta property=\"og:url\" content=\"https:\/\/sxflightcase.com\/fr\/produit\/corniere-metallique-cla502-2\/\" \/>\n<meta property=\"og:site_name\" content=\"https:\/\/sxflightcase.com\" \/>\n<meta property=\"article:publisher\" content=\"https:\/\/www.facebook.com\/profile.php?id=61560407257971\" \/>\n<meta property=\"article:modified_time\" content=\"2024-08-24T06:59:51+00:00\" \/>\n<meta property=\"og:image\" content=\"https:\/\/sxflightcase.com\/wp-content\/uploads\/2024\/08\/CLA502.jpg\" \/>\n\t<meta property=\"og:image:width\" content=\"700\" \/>\n\t<meta property=\"og:image:height\" content=\"700\" \/>\n\t<meta property=\"og:image:type\" content=\"image\/jpeg\" \/>\n<meta name=\"twitter:card\" content=\"summary_large_image\" \/>\n<meta name=\"twitter:label1\" content=\"Dur\u00e9e de lecture estim\u00e9e\" \/>\n\t<meta name=\"twitter:data1\" content=\"3 minutes\" \/>\n<script type=\"application\/ld+json\" class=\"yoast-schema-graph\">{\"@context\":\"https:\/\/schema.org\",\"@graph\":[{\"@type\":\"WebPage\",\"@id\":\"https:\/\/sxflightcase.com\/product\/metal-corner-brace-cla502\/\",\"url\":\"https:\/\/sxflightcase.com\/product\/metal-corner-brace-cla502\/\",\"name\":\"Metal Corner Brace CLA502 - https:\/\/sxflightcase.com \ud83d\udc97\",\"isPartOf\":{\"@id\":\"https:\/\/sxflightcase.com\/th\/#website\"},\"primaryImageOfPage\":{\"@id\":\"https:\/\/sxflightcase.com\/product\/metal-corner-brace-cla502\/#primaryimage\"},\"image\":{\"@id\":\"https:\/\/sxflightcase.com\/product\/metal-corner-brace-cla502\/#primaryimage\"},\"thumbnailUrl\":\"https:\/\/sxflightcase.com\/wp-content\/uploads\/2024\/08\/CLA502.jpg\",\"datePublished\":\"2024-08-24T06:59:50+00:00\",\"dateModified\":\"2024-08-24T06:59:51+00:00\",\"description\":\"Metal corner brace, factory direct! High-quality, durable braces for reinforcing and securing corners in furniture, cases, and structures. Perfect for added stability and strength in various applications.\",\"breadcrumb\":{\"@id\":\"https:\/\/sxflightcase.com\/product\/metal-corner-brace-cla502\/#breadcrumb\"},\"inLanguage\":\"fr-FR\",\"potentialAction\":[{\"@type\":\"ReadAction\",\"target\":[\"https:\/\/sxflightcase.com\/product\/metal-corner-brace-cla502\/\"]}]},{\"@type\":\"ImageObject\",\"inLanguage\":\"fr-FR\",\"@id\":\"https:\/\/sxflightcase.com\/product\/metal-corner-brace-cla502\/#primaryimage\",\"url\":\"https:\/\/sxflightcase.com\/wp-content\/uploads\/2024\/08\/CLA502.jpg\",\"contentUrl\":\"https:\/\/sxflightcase.com\/wp-content\/uploads\/2024\/08\/CLA502.jpg\",\"width\":700,\"height\":700,\"caption\":\"Metal Corner Brace\"},{\"@type\":\"BreadcrumbList\",\"@id\":\"https:\/\/sxflightcase.com\/product\/metal-corner-brace-cla502\/#breadcrumb\",\"itemListElement\":[{\"@type\":\"ListItem\",\"position\":1,\"name\":\"Home\",\"item\":\"https:\/\/sxflightcase.com\/\"},{\"@type\":\"ListItem\",\"position\":2,\"name\":\"\u0e2a\u0e34\u0e19\u0e04\u0e49\u0e32\",\"item\":\"https:\/\/sxflightcase.com\/th\/shop\/\"},{\"@type\":\"ListItem\",\"position\":3,\"name\":\"Metal Corner Brace CLA502\"}]},{\"@type\":\"WebSite\",\"@id\":\"https:\/\/sxflightcase.com\/th\/#website\",\"url\":\"https:\/\/sxflightcase.com\/th\/\",\"name\":\"sxpowercase.com\",\"description\":\"Flight Case Factory\",\"publisher\":{\"@id\":\"https:\/\/sxflightcase.com\/th\/#organization\"},\"potentialAction\":[{\"@type\":\"SearchAction\",\"target\":{\"@type\":\"EntryPoint\",\"urlTemplate\":\"https:\/\/sxflightcase.com\/th\/?s={search_term_string}\"},\"query-input\":{\"@type\":\"PropertyValueSpecification\",\"valueRequired\":true,\"valueName\":\"search_term_string\"}}],\"inLanguage\":\"fr-FR\"},{\"@type\":\"Organization\",\"@id\":\"https:\/\/sxflightcase.com\/th\/#organization\",\"name\":\"sxpowercase.com\",\"url\":\"https:\/\/sxflightcase.com\/th\/\",\"logo\":{\"@type\":\"ImageObject\",\"inLanguage\":\"fr-FR\",\"@id\":\"https:\/\/sxflightcase.com\/th\/#\/schema\/logo\/image\/\",\"url\":\"https:\/\/sxflightcase.com\/wp-content\/uploads\/2024\/04\/1713919036007.jpg\",\"contentUrl\":\"https:\/\/sxflightcase.com\/wp-content\/uploads\/2024\/04\/1713919036007.jpg\",\"width\":382,\"height\":388,\"caption\":\"sxpowercase.com\"},\"image\":{\"@id\":\"https:\/\/sxflightcase.com\/th\/#\/schema\/logo\/image\/\"},\"sameAs\":[\"https:\/\/www.facebook.com\/profile.php?id=61560407257971\"],\"numberOfEmployees\":{\"@type\":\"QuantitativeValue\",\"minValue\":\"11\",\"maxValue\":\"50\"}}]}<\/script>\n<!-- \/ Yoast SEO Premium plugin. -->","yoast_head_json":{"title":"Metal Corner Brace CLA502 - https:\/\/sxflightcase.com \ud83d\udc97","description":"Corni\u00e8re en m\u00e9tal, direct usine ! Renforts durables de haute qualit\u00e9 pour renforcer et s\u00e9curiser les angles des meubles, des caisses et des structures. Parfaites pour accro\u00eetre la stabilit\u00e9 et la solidit\u00e9 dans diverses applications.","robots":{"index":"index","follow":"follow","max-snippet":"max-snippet:-1","max-image-preview":"max-image-preview:large","max-video-preview":"max-video-preview:-1"},"canonical":"https:\/\/sxflightcase.com\/fr\/produit\/corniere-metallique-cla502-2\/","og_locale":"fr_FR","og_type":"article","og_title":"Metal Corner Brace CLA502","og_description":"Metal corner brace, factory direct! High-quality, durable braces for reinforcing and securing corners in furniture, cases, and structures. Perfect for added stability and strength in various applications.","og_url":"https:\/\/sxflightcase.com\/fr\/produit\/corniere-metallique-cla502-2\/","og_site_name":"https:\/\/sxflightcase.com","article_publisher":"https:\/\/www.facebook.com\/profile.php?id=61560407257971","article_modified_time":"2024-08-24T06:59:51+00:00","og_image":[{"width":700,"height":700,"url":"https:\/\/sxflightcase.com\/wp-content\/uploads\/2024\/08\/CLA502.jpg","type":"image\/jpeg"}],"twitter_card":"summary_large_image","twitter_misc":{"Dur\u00e9e de lecture estim\u00e9e":"3 minutes"},"schema":{"@context":"https:\/\/schema.org","@graph":[{"@type":"WebPage","@id":"https:\/\/sxflightcase.com\/product\/metal-corner-brace-cla502\/","url":"https:\/\/sxflightcase.com\/product\/metal-corner-brace-cla502\/","name":"Metal Corner Brace CLA502 - https:\/\/sxflightcase.com \ud83d\udc97","isPartOf":{"@id":"https:\/\/sxflightcase.com\/th\/#website"},"primaryImageOfPage":{"@id":"https:\/\/sxflightcase.com\/product\/metal-corner-brace-cla502\/#primaryimage"},"image":{"@id":"https:\/\/sxflightcase.com\/product\/metal-corner-brace-cla502\/#primaryimage"},"thumbnailUrl":"https:\/\/sxflightcase.com\/wp-content\/uploads\/2024\/08\/CLA502.jpg","datePublished":"2024-08-24T06:59:50+00:00","dateModified":"2024-08-24T06:59:51+00:00","description":"Corni\u00e8re en m\u00e9tal, direct usine ! Renforts durables de haute qualit\u00e9 pour renforcer et s\u00e9curiser les angles des meubles, des caisses et des structures. Parfaites pour accro\u00eetre la stabilit\u00e9 et la solidit\u00e9 dans diverses applications.","breadcrumb":{"@id":"https:\/\/sxflightcase.com\/product\/metal-corner-brace-cla502\/#breadcrumb"},"inLanguage":"fr-FR","potentialAction":[{"@type":"ReadAction","target":["https:\/\/sxflightcase.com\/product\/metal-corner-brace-cla502\/"]}]},{"@type":"ImageObject","inLanguage":"fr-FR","@id":"https:\/\/sxflightcase.com\/product\/metal-corner-brace-cla502\/#primaryimage","url":"https:\/\/sxflightcase.com\/wp-content\/uploads\/2024\/08\/CLA502.jpg","contentUrl":"https:\/\/sxflightcase.com\/wp-content\/uploads\/2024\/08\/CLA502.jpg","width":700,"height":700,"caption":"Metal Corner Brace"},{"@type":"BreadcrumbList","@id":"https:\/\/sxflightcase.com\/product\/metal-corner-brace-cla502\/#breadcrumb","itemListElement":[{"@type":"ListItem","position":1,"name":"Home","item":"https:\/\/sxflightcase.com\/"},{"@type":"ListItem","position":2,"name":"\u0e2a\u0e34\u0e19\u0e04\u0e49\u0e32","item":"https:\/\/sxflightcase.com\/th\/shop\/"},{"@type":"ListItem","position":3,"name":"Metal Corner Brace CLA502"}]},{"@type":"WebSite","@id":"https:\/\/sxflightcase.com\/th\/#website","url":"https:\/\/sxflightcase.com\/th\/","name":"sxpowercase.com","description":"Flight Case Factory","publisher":{"@id":"https:\/\/sxflightcase.com\/th\/#organization"},"potentialAction":[{"@type":"SearchAction","target":{"@type":"EntryPoint","urlTemplate":"https:\/\/sxflightcase.com\/th\/?s={search_term_string}"},"query-input":{"@type":"PropertyValueSpecification","valueRequired":true,"valueName":"search_term_string"}}],"inLanguage":"fr-FR"},{"@type":"Organization","@id":"https:\/\/sxflightcase.com\/th\/#organization","name":"sxpowercase.com","url":"https:\/\/sxflightcase.com\/th\/","logo":{"@type":"ImageObject","inLanguage":"fr-FR","@id":"https:\/\/sxflightcase.com\/th\/#\/schema\/logo\/image\/","url":"https:\/\/sxflightcase.com\/wp-content\/uploads\/2024\/04\/1713919036007.jpg","contentUrl":"https:\/\/sxflightcase.com\/wp-content\/uploads\/2024\/04\/1713919036007.jpg","width":382,"height":388,"caption":"sxpowercase.com"},"image":{"@id":"https:\/\/sxflightcase.com\/th\/#\/schema\/logo\/image\/"},"sameAs":["https:\/\/www.facebook.com\/profile.php?id=61560407257971"],"numberOfEmployees":{"@type":"QuantitativeValue","minValue":"11","maxValue":"50"}}]}},"_links":{"self":[{"href":"https:\/\/sxflightcase.com\/fr\/wp-json\/wp\/v2\/product\/4211","targetHints":{"allow":["GET"]}}],"collection":[{"href":"https:\/\/sxflightcase.com\/fr\/wp-json\/wp\/v2\/product"}],"about":[{"href":"https:\/\/sxflightcase.com\/fr\/wp-json\/wp\/v2\/types\/product"}],"replies":[{"embeddable":true,"href":"https:\/\/sxflightcase.com\/fr\/wp-json\/wp\/v2\/comments?post=4211"}],"version-history":[{"count":0,"href":"https:\/\/sxflightcase.com\/fr\/wp-json\/wp\/v2\/product\/4211\/revisions"}],"wp:featuredmedia":[{"embeddable":true,"href":"https:\/\/sxflightcase.com\/fr\/wp-json\/wp\/v2\/media\/4180"}],"wp:attachment":[{"href":"https:\/\/sxflightcase.com\/fr\/wp-json\/wp\/v2\/media?parent=4211"}],"wp:term":[{"taxonomy":"product_brand","embeddable":true,"href":"https:\/\/sxflightcase.com\/fr\/wp-json\/wp\/v2\/product_brand?post=4211"},{"taxonomy":"product_cat","embeddable":true,"href":"https:\/\/sxflightcase.com\/fr\/wp-json\/wp\/v2\/product_cat?post=4211"},{"taxonomy":"product_tag","embeddable":true,"href":"https:\/\/sxflightcase.com\/fr\/wp-json\/wp\/v2\/product_tag?post=4211"}],"curies":[{"name":"wp","href":"https:\/\/api.w.org\/{rel}","templated":true}]}}