{"id":4220,"date":"2024-08-26T08:22:55","date_gmt":"2024-08-26T07:22:55","guid":{"rendered":"https:\/\/sxpowercase.com\/?post_type=product&#038;p=4220"},"modified":"2024-08-26T08:22:56","modified_gmt":"2024-08-26T07:22:56","slug":"flight-case-corner-brace-cla801","status":"publish","type":"product","link":"https:\/\/sxflightcase.com\/fr\/produit\/support-dangle-pour-flight-case-cla801-2\/","title":{"rendered":"Renfort d&#039;angle pour flight case CLA801"},"content":{"rendered":"<h3>Support d'angle pour Flight Case SX : Une protection abordable et fiable pour votre mat\u00e9riel<\/h3>\n<h4>Renforcez vos bo\u00eetiers avec le renfort d'angle SX Flight Case<\/h4>\n<p>Lors de la construction ou de l'am\u00e9lioration d'un flight case, il est essentiel d'assurer une protection solide. SX offre une protection <span style=\"color: #3366ff;\"><a style=\"color: #3366ff;\" href=\"https:\/\/sxpowercase.com\/product\/road-case-clamp-cla701\/\"><strong>Support d'angle pour Flight Case<\/strong><\/a><\/span> con\u00e7us pour am\u00e9liorer l'int\u00e9grit\u00e9 structurelle de vos caisses. Que vous soyez un professionnel des tourn\u00e9es ou un bricoleur, nos renforts d'angle offrent le niveau de renforcement ad\u00e9quat sans vous ruiner.<\/p>\n<h4>Con\u00e7u pour les environnements difficiles<\/h4>\n<p>Notre <strong>Renforts d'angle pour Flight Case<\/strong> sont fabriqu\u00e9s en m\u00e9tal de haute qualit\u00e9, ce qui leur permet de r\u00e9sister aux rigueurs d'un transport constant. Con\u00e7us pour pr\u00e9venir les dommages et prolonger la dur\u00e9e de vie de votre valise, ces supports sont essentiels pour tous ceux qui souhaitent prot\u00e9ger leur \u00e9quipement. <a href=\"https:\/\/sxpowercase.com\/\" target=\"_blank\" rel=\"noopener\" title=\"SX\" data-wpil-monitor-id=\"698\">SX<\/a> donne la priorit\u00e9 \u00e0 la qualit\u00e9 \u00e0 chaque \u00e9tape, en fournissant du mat\u00e9riel fiable \u00e0 des prix qui restent accessibles.<\/p>\n<h4>Des prix directs d'usine pour des solutions rentables<\/h4>\n<p>Chez SX, nous comprenons que l'accessibilit\u00e9 financi\u00e8re est importante. C'est pourquoi notre <strong>Renforts d'angle pour Flight Case<\/strong> sont disponibles directement aupr\u00e8s de l'usine, ce qui \u00e9limine les frais d'interm\u00e9diaires. En vous adressant directement \u00e0 la source, vous b\u00e9n\u00e9ficiez de prix plus bas tout en recevant des produits de premi\u00e8re qualit\u00e9. Pour les acheteurs soucieux d'obtenir le meilleur rapport qualit\u00e9-prix sans compromettre la durabilit\u00e9, SX est le choix id\u00e9al.<\/p>\n<h4>Polyvalent et facile \u00e0 installer<\/h4>\n<p>SX's <strong>Renforts d'angle pour Flight Case<\/strong> sont suffisamment polyvalents pour s'adapter \u00e0 diff\u00e9rents mod\u00e8les de bo\u00eetiers, ce qui les rend adapt\u00e9s \u00e0 diff\u00e9rents projets. Le processus d'installation convivial signifie que vous pouvez rapidement et facilement ajouter ces renforts \u00e0 vos bo\u00eetiers, am\u00e9liorant ainsi la stabilit\u00e9 et la protection. Que vous souhaitiez am\u00e9liorer un bo\u00eetier existant ou en construire un nouveau \u00e0 partir de z\u00e9ro, SX est l\u00e0 pour vous aider.<\/p>\n<h4>Options de personnalisation pour r\u00e9pondre \u00e0 vos besoins<\/h4>\n<p>Chez SX, nous savons que chaque cas a des besoins uniques. C'est pourquoi nous proposons des options de personnalisation pour nos <strong>Renforts d'angle pour Flight Case<\/strong>. Vous pouvez s\u00e9lectionner diff\u00e9rentes tailles, finitions et mat\u00e9riaux pour r\u00e9pondre \u00e0 votre application sp\u00e9cifique. M\u00eame avec ces options personnalis\u00e9es, nous maintenons notre engagement \u00e0 pratiquer des prix d'usine bas, ce qui vous permet de personnaliser sans payer trop cher.<\/p>\n<h4>Pourquoi SX est le choix privil\u00e9gi\u00e9 pour le mat\u00e9riel de coffret<\/h4>\n<p>SX est r\u00e9put\u00e9 pour fournir des solutions mat\u00e9rielles de haute qualit\u00e9 \u00e0 un prix abordable. Nos <strong>Renforts d'angle pour Flight Case<\/strong> se distinguent par leur robustesse, leur fiabilit\u00e9 et leur rentabilit\u00e9. En mettant l'accent sur le contr\u00f4le de la qualit\u00e9 et la satisfaction du client, nous veillons \u00e0 ce que vous obteniez du mat\u00e9riel durable qui r\u00e9ponde exactement \u00e0 vos besoins.<\/p>\n<h4>S\u00e9curisez vos mallettes avec les renforts d'angle SX Flight Case<\/h4>\n<p>Lorsqu'il s'agit de prot\u00e9ger votre \u00e9quipement de valeur, chaque composant compte. Les <strong>Renforts d'angle pour Flight Case<\/strong> offrent un renforcement essentiel pour vos flight cases, garantissant que votre mat\u00e9riel reste en s\u00e9curit\u00e9, quelle que soit la difficult\u00e9 du voyage. Choisissez SX pour un mat\u00e9riel abordable, fabriqu\u00e9 en usine, qui ne fait aucun compromis sur la qualit\u00e9 ou la performance.<\/p>\n<p>Contactez-nous maintenant :<span style=\"color: #0000ff;\"><a style=\"color: #0000ff;\" href=\"https:\/\/sxpowercase.com\/contact-us\/\">https:\/\/sxpowercase.com\/<\/a><\/span><\/p>\n<p>Catalogue de produits mat\u00e9riels :<span style=\"color: #3366ff;\"><a style=\"color: #3366ff;\" href=\"https:\/\/sxpowercase.com\/wp-content\/uploads\/2024\/07\/\u4e94\u91d1.pdf\">Catalogue d&#039;accessoires de quincaillerie<\/a><\/span><\/p>","protected":false},"excerpt":{"rendered":"<h3>SX Flight Case Corner Brace : Protection renforc\u00e9e \u00e0 un prix abordable<\/h3>\n<p>SX propose des corni\u00e8res m\u00e9talliques de haute qualit\u00e9 pour renforcer vos caisses lors de transports fr\u00e9quents. Les ventes directes de l'usine garantissent un mat\u00e9riel durable \u00e0 des prix avantageux.<\/p>\n<h3>Renforts d'angle SX durables et faciles \u00e0 installer<\/h3>\n<p>Les renforts d'angle SX s'adaptent \u00e0 diff\u00e9rents mod\u00e8les de bo\u00eetiers et sont faciles \u00e0 installer, ce qui permet d'am\u00e9liorer la stabilit\u00e9. Qu'il s'agisse de moderniser d'anciennes caisses ou d'en construire de nouvelles, SX est un choix fiable.<\/p>\n<h3>Des solutions personnalis\u00e9es pour r\u00e9pondre \u00e0 vos besoins sp\u00e9cifiques<\/h3>\n<p>SX offre des options de personnalisation de la taille et du mat\u00e9riau tout en maintenant des prix directs d'usine, ce qui permet d'obtenir un mat\u00e9riel rentable adapt\u00e9 \u00e0 vos besoins uniques.<\/p>","protected":false},"featured_media":4186,"comment_status":"open","ping_status":"closed","template":"","meta":[],"product_brand":[],"product_cat":[64],"product_tag":[],"class_list":{"0":"post-4220","1":"product","2":"type-product","3":"status-publish","4":"has-post-thumbnail","6":"product_cat-clamps","8":"first","9":"instock","10":"shipping-taxable","11":"product-type-simple"},"yoast_head":"<!-- This site is optimized with the Yoast SEO Premium plugin v27.1 (Yoast SEO v27.2) - https:\/\/yoast.com\/product\/yoast-seo-premium-wordpress\/ -->\n<title>Flight Case Corner Brace CLA801 - https:\/\/sxflightcase.com \ud83d\udc97<\/title>\n<meta name=\"description\" content=\"Flight case corner brace, factory direct! Durable, high-quality braces designed to reinforce and secure flight case corners. Ideal for ensuring stability and long-lasting protection during transport.\" \/>\n<meta name=\"robots\" content=\"index, follow, max-snippet:-1, max-image-preview:large, max-video-preview:-1\" \/>\n<link rel=\"canonical\" href=\"https:\/\/sxflightcase.com\/fr\/produit\/support-dangle-pour-flight-case-cla801-2\/\" \/>\n<meta property=\"og:locale\" content=\"fr_FR\" \/>\n<meta property=\"og:type\" content=\"article\" \/>\n<meta property=\"og:title\" content=\"Flight Case Corner Brace CLA801\" \/>\n<meta property=\"og:description\" content=\"Flight case corner brace, factory direct! Durable, high-quality braces designed to reinforce and secure flight case corners. Ideal for ensuring stability and long-lasting protection during transport.\" \/>\n<meta property=\"og:url\" content=\"https:\/\/sxflightcase.com\/fr\/produit\/support-dangle-pour-flight-case-cla801-2\/\" \/>\n<meta property=\"og:site_name\" content=\"https:\/\/sxflightcase.com\" \/>\n<meta property=\"article:publisher\" content=\"https:\/\/www.facebook.com\/profile.php?id=61560407257971\" \/>\n<meta property=\"article:modified_time\" content=\"2024-08-26T07:22:56+00:00\" \/>\n<meta property=\"og:image\" content=\"https:\/\/sxflightcase.com\/wp-content\/uploads\/2024\/08\/CLA801.jpg\" \/>\n\t<meta property=\"og:image:width\" content=\"700\" \/>\n\t<meta property=\"og:image:height\" content=\"700\" \/>\n\t<meta property=\"og:image:type\" content=\"image\/jpeg\" \/>\n<meta name=\"twitter:card\" content=\"summary_large_image\" \/>\n<meta name=\"twitter:label1\" content=\"Dur\u00e9e de lecture estim\u00e9e\" \/>\n\t<meta name=\"twitter:data1\" content=\"3 minutes\" \/>\n<script type=\"application\/ld+json\" class=\"yoast-schema-graph\">{\"@context\":\"https:\/\/schema.org\",\"@graph\":[{\"@type\":\"WebPage\",\"@id\":\"https:\/\/sxflightcase.com\/product\/flight-case-corner-brace-cla801\/\",\"url\":\"https:\/\/sxflightcase.com\/product\/flight-case-corner-brace-cla801\/\",\"name\":\"Flight Case Corner Brace CLA801 - https:\/\/sxflightcase.com \ud83d\udc97\",\"isPartOf\":{\"@id\":\"https:\/\/sxflightcase.com\/th\/#website\"},\"primaryImageOfPage\":{\"@id\":\"https:\/\/sxflightcase.com\/product\/flight-case-corner-brace-cla801\/#primaryimage\"},\"image\":{\"@id\":\"https:\/\/sxflightcase.com\/product\/flight-case-corner-brace-cla801\/#primaryimage\"},\"thumbnailUrl\":\"https:\/\/sxflightcase.com\/wp-content\/uploads\/2024\/08\/CLA801.jpg\",\"datePublished\":\"2024-08-26T07:22:55+00:00\",\"dateModified\":\"2024-08-26T07:22:56+00:00\",\"description\":\"Flight case corner brace, factory direct! Durable, high-quality braces designed to reinforce and secure flight case corners. Ideal for ensuring stability and long-lasting protection during transport.\",\"breadcrumb\":{\"@id\":\"https:\/\/sxflightcase.com\/product\/flight-case-corner-brace-cla801\/#breadcrumb\"},\"inLanguage\":\"fr-FR\",\"potentialAction\":[{\"@type\":\"ReadAction\",\"target\":[\"https:\/\/sxflightcase.com\/product\/flight-case-corner-brace-cla801\/\"]}]},{\"@type\":\"ImageObject\",\"inLanguage\":\"fr-FR\",\"@id\":\"https:\/\/sxflightcase.com\/product\/flight-case-corner-brace-cla801\/#primaryimage\",\"url\":\"https:\/\/sxflightcase.com\/wp-content\/uploads\/2024\/08\/CLA801.jpg\",\"contentUrl\":\"https:\/\/sxflightcase.com\/wp-content\/uploads\/2024\/08\/CLA801.jpg\",\"width\":700,\"height\":700,\"caption\":\"Flight Case Corner Brace\"},{\"@type\":\"BreadcrumbList\",\"@id\":\"https:\/\/sxflightcase.com\/product\/flight-case-corner-brace-cla801\/#breadcrumb\",\"itemListElement\":[{\"@type\":\"ListItem\",\"position\":1,\"name\":\"Home\",\"item\":\"https:\/\/sxflightcase.com\/\"},{\"@type\":\"ListItem\",\"position\":2,\"name\":\"\u0e2a\u0e34\u0e19\u0e04\u0e49\u0e32\",\"item\":\"https:\/\/sxflightcase.com\/th\/shop\/\"},{\"@type\":\"ListItem\",\"position\":3,\"name\":\"Flight Case Corner Brace CLA801\"}]},{\"@type\":\"WebSite\",\"@id\":\"https:\/\/sxflightcase.com\/th\/#website\",\"url\":\"https:\/\/sxflightcase.com\/th\/\",\"name\":\"sxpowercase.com\",\"description\":\"Flight Case Factory\",\"publisher\":{\"@id\":\"https:\/\/sxflightcase.com\/th\/#organization\"},\"potentialAction\":[{\"@type\":\"SearchAction\",\"target\":{\"@type\":\"EntryPoint\",\"urlTemplate\":\"https:\/\/sxflightcase.com\/th\/?s={search_term_string}\"},\"query-input\":{\"@type\":\"PropertyValueSpecification\",\"valueRequired\":true,\"valueName\":\"search_term_string\"}}],\"inLanguage\":\"fr-FR\"},{\"@type\":\"Organization\",\"@id\":\"https:\/\/sxflightcase.com\/th\/#organization\",\"name\":\"sxpowercase.com\",\"url\":\"https:\/\/sxflightcase.com\/th\/\",\"logo\":{\"@type\":\"ImageObject\",\"inLanguage\":\"fr-FR\",\"@id\":\"https:\/\/sxflightcase.com\/th\/#\/schema\/logo\/image\/\",\"url\":\"https:\/\/sxflightcase.com\/wp-content\/uploads\/2024\/04\/1713919036007.jpg\",\"contentUrl\":\"https:\/\/sxflightcase.com\/wp-content\/uploads\/2024\/04\/1713919036007.jpg\",\"width\":382,\"height\":388,\"caption\":\"sxpowercase.com\"},\"image\":{\"@id\":\"https:\/\/sxflightcase.com\/th\/#\/schema\/logo\/image\/\"},\"sameAs\":[\"https:\/\/www.facebook.com\/profile.php?id=61560407257971\"],\"numberOfEmployees\":{\"@type\":\"QuantitativeValue\",\"minValue\":\"11\",\"maxValue\":\"50\"}}]}<\/script>\n<!-- \/ Yoast SEO Premium plugin. -->","yoast_head_json":{"title":"Flight Case Corner Brace CLA801 - https:\/\/sxflightcase.com \ud83d\udc97","description":"Renfort d'angle pour flight case, direct usine ! Renforts durables et de haute qualit\u00e9 con\u00e7us pour renforcer et s\u00e9curiser les coins des flight cases. Id\u00e9ales pour assurer la stabilit\u00e9 et une protection durable pendant le transport.","robots":{"index":"index","follow":"follow","max-snippet":"max-snippet:-1","max-image-preview":"max-image-preview:large","max-video-preview":"max-video-preview:-1"},"canonical":"https:\/\/sxflightcase.com\/fr\/produit\/support-dangle-pour-flight-case-cla801-2\/","og_locale":"fr_FR","og_type":"article","og_title":"Flight Case Corner Brace CLA801","og_description":"Flight case corner brace, factory direct! Durable, high-quality braces designed to reinforce and secure flight case corners. Ideal for ensuring stability and long-lasting protection during transport.","og_url":"https:\/\/sxflightcase.com\/fr\/produit\/support-dangle-pour-flight-case-cla801-2\/","og_site_name":"https:\/\/sxflightcase.com","article_publisher":"https:\/\/www.facebook.com\/profile.php?id=61560407257971","article_modified_time":"2024-08-26T07:22:56+00:00","og_image":[{"width":700,"height":700,"url":"https:\/\/sxflightcase.com\/wp-content\/uploads\/2024\/08\/CLA801.jpg","type":"image\/jpeg"}],"twitter_card":"summary_large_image","twitter_misc":{"Dur\u00e9e de lecture estim\u00e9e":"3 minutes"},"schema":{"@context":"https:\/\/schema.org","@graph":[{"@type":"WebPage","@id":"https:\/\/sxflightcase.com\/product\/flight-case-corner-brace-cla801\/","url":"https:\/\/sxflightcase.com\/product\/flight-case-corner-brace-cla801\/","name":"Flight Case Corner Brace CLA801 - https:\/\/sxflightcase.com \ud83d\udc97","isPartOf":{"@id":"https:\/\/sxflightcase.com\/th\/#website"},"primaryImageOfPage":{"@id":"https:\/\/sxflightcase.com\/product\/flight-case-corner-brace-cla801\/#primaryimage"},"image":{"@id":"https:\/\/sxflightcase.com\/product\/flight-case-corner-brace-cla801\/#primaryimage"},"thumbnailUrl":"https:\/\/sxflightcase.com\/wp-content\/uploads\/2024\/08\/CLA801.jpg","datePublished":"2024-08-26T07:22:55+00:00","dateModified":"2024-08-26T07:22:56+00:00","description":"Renfort d'angle pour flight case, direct usine ! Renforts durables et de haute qualit\u00e9 con\u00e7us pour renforcer et s\u00e9curiser les coins des flight cases. Id\u00e9ales pour assurer la stabilit\u00e9 et une protection durable pendant le transport.","breadcrumb":{"@id":"https:\/\/sxflightcase.com\/product\/flight-case-corner-brace-cla801\/#breadcrumb"},"inLanguage":"fr-FR","potentialAction":[{"@type":"ReadAction","target":["https:\/\/sxflightcase.com\/product\/flight-case-corner-brace-cla801\/"]}]},{"@type":"ImageObject","inLanguage":"fr-FR","@id":"https:\/\/sxflightcase.com\/product\/flight-case-corner-brace-cla801\/#primaryimage","url":"https:\/\/sxflightcase.com\/wp-content\/uploads\/2024\/08\/CLA801.jpg","contentUrl":"https:\/\/sxflightcase.com\/wp-content\/uploads\/2024\/08\/CLA801.jpg","width":700,"height":700,"caption":"Flight Case Corner Brace"},{"@type":"BreadcrumbList","@id":"https:\/\/sxflightcase.com\/product\/flight-case-corner-brace-cla801\/#breadcrumb","itemListElement":[{"@type":"ListItem","position":1,"name":"Home","item":"https:\/\/sxflightcase.com\/"},{"@type":"ListItem","position":2,"name":"\u0e2a\u0e34\u0e19\u0e04\u0e49\u0e32","item":"https:\/\/sxflightcase.com\/th\/shop\/"},{"@type":"ListItem","position":3,"name":"Flight Case Corner Brace CLA801"}]},{"@type":"WebSite","@id":"https:\/\/sxflightcase.com\/th\/#website","url":"https:\/\/sxflightcase.com\/th\/","name":"sxpowercase.com","description":"Flight Case Factory","publisher":{"@id":"https:\/\/sxflightcase.com\/th\/#organization"},"potentialAction":[{"@type":"SearchAction","target":{"@type":"EntryPoint","urlTemplate":"https:\/\/sxflightcase.com\/th\/?s={search_term_string}"},"query-input":{"@type":"PropertyValueSpecification","valueRequired":true,"valueName":"search_term_string"}}],"inLanguage":"fr-FR"},{"@type":"Organization","@id":"https:\/\/sxflightcase.com\/th\/#organization","name":"sxpowercase.com","url":"https:\/\/sxflightcase.com\/th\/","logo":{"@type":"ImageObject","inLanguage":"fr-FR","@id":"https:\/\/sxflightcase.com\/th\/#\/schema\/logo\/image\/","url":"https:\/\/sxflightcase.com\/wp-content\/uploads\/2024\/04\/1713919036007.jpg","contentUrl":"https:\/\/sxflightcase.com\/wp-content\/uploads\/2024\/04\/1713919036007.jpg","width":382,"height":388,"caption":"sxpowercase.com"},"image":{"@id":"https:\/\/sxflightcase.com\/th\/#\/schema\/logo\/image\/"},"sameAs":["https:\/\/www.facebook.com\/profile.php?id=61560407257971"],"numberOfEmployees":{"@type":"QuantitativeValue","minValue":"11","maxValue":"50"}}]}},"_links":{"self":[{"href":"https:\/\/sxflightcase.com\/fr\/wp-json\/wp\/v2\/product\/4220","targetHints":{"allow":["GET"]}}],"collection":[{"href":"https:\/\/sxflightcase.com\/fr\/wp-json\/wp\/v2\/product"}],"about":[{"href":"https:\/\/sxflightcase.com\/fr\/wp-json\/wp\/v2\/types\/product"}],"replies":[{"embeddable":true,"href":"https:\/\/sxflightcase.com\/fr\/wp-json\/wp\/v2\/comments?post=4220"}],"version-history":[{"count":0,"href":"https:\/\/sxflightcase.com\/fr\/wp-json\/wp\/v2\/product\/4220\/revisions"}],"wp:featuredmedia":[{"embeddable":true,"href":"https:\/\/sxflightcase.com\/fr\/wp-json\/wp\/v2\/media\/4186"}],"wp:attachment":[{"href":"https:\/\/sxflightcase.com\/fr\/wp-json\/wp\/v2\/media?parent=4220"}],"wp:term":[{"taxonomy":"product_brand","embeddable":true,"href":"https:\/\/sxflightcase.com\/fr\/wp-json\/wp\/v2\/product_brand?post=4220"},{"taxonomy":"product_cat","embeddable":true,"href":"https:\/\/sxflightcase.com\/fr\/wp-json\/wp\/v2\/product_cat?post=4220"},{"taxonomy":"product_tag","embeddable":true,"href":"https:\/\/sxflightcase.com\/fr\/wp-json\/wp\/v2\/product_tag?post=4220"}],"curies":[{"name":"wp","href":"https:\/\/api.w.org\/{rel}","templated":true}]}}