{"id":4221,"date":"2024-08-26T08:28:53","date_gmt":"2024-08-26T07:28:53","guid":{"rendered":"https:\/\/sxpowercase.com\/?post_type=product&#038;p=4221"},"modified":"2024-08-26T08:28:54","modified_gmt":"2024-08-26T07:28:54","slug":"flight-case-corner-brace-cla802","status":"publish","type":"product","link":"https:\/\/sxflightcase.com\/fr\/produit\/support-dangle-pour-flight-case-cla802-2\/","title":{"rendered":"Renfort d&#039;angle pour flight case CLA802"},"content":{"rendered":"<h3>Renfort d'angle pour Flight Case SX : Am\u00e9liorez la durabilit\u00e9 sans vous ruiner<\/h3>\n<h4>Protection sup\u00e9rieure avec le support d'angle SX Flight Case<\/h4>\n<p>Pour prot\u00e9ger votre \u00e9quipement de valeur, il est essentiel de disposer d'un mat\u00e9riel de mallette fiable. SX propose des <span style=\"color: #3366ff;\"><a style=\"color: #3366ff;\" href=\"https:\/\/sxpowercase.com\/product\/flight-case-corner-brace-cla801\/\"><strong>Support d'angle pour Flight Case<\/strong><\/a><\/span>\u00a0qui offrent une durabilit\u00e9 et une protection accrues pour votre mat\u00e9riel. Con\u00e7us pour les professionnels et les bricoleurs, ces renforts permettent de renforcer l'int\u00e9grit\u00e9 structurelle de vos mallettes tout en maintenant les co\u00fbts \u00e0 un niveau bas.<\/p>\n<h4>Con\u00e7ue pour des performances \u00e9lev\u00e9es<\/h4>\n<p>SX's <strong>Renforts d'angle pour Flight Case<\/strong> sont fabriqu\u00e9s \u00e0 partir de mat\u00e9riaux m\u00e9talliques robustes, ce qui leur permet de r\u00e9sister \u00e0 l'usure et \u00e0 la d\u00e9t\u00e9rioration dues \u00e0 une utilisation fr\u00e9quente. Ces renforts d'angle prot\u00e8gent vos mallettes contre les chocs et assurent la s\u00e9curit\u00e9 de votre mat\u00e9riel pendant le transport. L'accent est mis sur l'assurance qualit\u00e9, <a href=\"https:\/\/sxpowercase.com\/\" target=\"_blank\" rel=\"noopener\" title=\"SX\" data-wpil-monitor-id=\"699\">SX<\/a> fournit des solutions mat\u00e9rielles durables qui fonctionnent dans n'importe quel environnement.<\/p>\n<h4>Des prix directs pour plus d'\u00e9conomies<\/h4>\n<p>Chez SX, nous croyons qu'il est important d'offrir des produits de haute qualit\u00e9 sans pour autant en payer le prix fort. En nous approvisionnant directement aupr\u00e8s de notre usine, nous r\u00e9duisons les co\u00fbts et vous faisons b\u00e9n\u00e9ficier des \u00e9conomies r\u00e9alis\u00e9es. Nos produits <strong>Renforts d'angle pour Flight Case<\/strong> constituent une solution abordable pour ceux qui recherchent la durabilit\u00e9 et la qualit\u00e9 sans d\u00e9penser trop. Les prix directs d'usine vous permettent d'en avoir plus pour votre argent.<\/p>\n<h4>Installation facile et adaptation polyvalente<\/h4>\n<p>Le <strong>Renforts d'angle pour Flight Case<\/strong> de SX sont con\u00e7ues pour une installation rapide et facile, ce qui les rend id\u00e9ales pour diff\u00e9rents mod\u00e8les de bo\u00eetiers. Qu'il s'agisse d'am\u00e9liorer des bo\u00eetiers existants ou d'en assembler de nouveaux, nos renforts d'angle s'adaptent parfaitement, offrant la stabilit\u00e9 dont vous avez besoin. La polyvalence de notre mat\u00e9riel garantit la compatibilit\u00e9 avec de multiples configurations, r\u00e9pondant ainsi aux diff\u00e9rentes exigences des projets.<\/p>\n<h4>Des options de personnalisation adapt\u00e9es \u00e0 vos besoins<\/h4>\n<p>Chez SX, la personnalisation est essentielle. Nous proposons une gamme d'options pour nos <strong>Renforts d'angle pour Flight Case<\/strong>Vous pouvez ainsi choisir les sp\u00e9cifications qui conviennent le mieux \u00e0 votre cas. Des diff\u00e9rentes tailles aux finitions et mat\u00e9riaux, nous adaptons nos produits \u00e0 vos pr\u00e9f\u00e9rences exactes tout en maintenant des prix comp\u00e9titifs. Avec SX, les solutions personnalis\u00e9es ne sont pas n\u00e9cessairement co\u00fbteuses.<\/p>\n<h4>SX : votre partenaire de confiance pour le mat\u00e9riel de caisse<\/h4>\n<p>SX s'engage \u00e0 fournir du mat\u00e9riel fiable et rentable pour les flight cases. Notre <strong>Renforts d'angle pour Flight Case<\/strong> sont fabriqu\u00e9s avec le souci du d\u00e9tail, ce qui garantit une protection et des performances optimales. En choisissant SX, vous optez pour une marque reconnue pour son assurance qualit\u00e9, son prix abordable et la satisfaction de ses clients.<\/p>\n<h4>Prot\u00e9gez votre mat\u00e9riel avec les renforts d'angle SX Flight Case<\/h4>\n<p>Lors de la construction ou de la r\u00e9paration d'un flight case, chaque composant joue un r\u00f4le essentiel pour garantir la s\u00e9curit\u00e9 de votre \u00e9quipement. Le syst\u00e8me SX <strong>Renforts d'angle pour Flight Case<\/strong> ajoutent le renforcement suppl\u00e9mentaire n\u00e9cessaire pour maintenir vos valises en parfait \u00e9tat. Avec un m\u00e9lange de prix abordable, de qualit\u00e9 et de facilit\u00e9 d'utilisation, SX offre la solution parfaite pour tous ceux qui cherchent \u00e0 am\u00e9liorer leur flight case avec du mat\u00e9riel durable et fiable.<\/p>\n<p>Contactez-nous maintenant :<span style=\"color: #0000ff;\"><a style=\"color: #0000ff;\" href=\"https:\/\/sxpowercase.com\/contact-us\/\">https:\/\/sxpowercase.com\/<\/a><\/span><\/p>\n<p>Catalogue de produits mat\u00e9riels :<span style=\"color: #3366ff;\"><a style=\"color: #3366ff;\" href=\"https:\/\/sxpowercase.com\/wp-content\/uploads\/2024\/07\/\u4e94\u91d1.pdf\">Catalogue d&#039;accessoires de quincaillerie<\/a><\/span><\/p>","protected":false},"excerpt":{"rendered":"<h3>SX Flight Case Corner Brace : Protection renforc\u00e9e \u00e0 un prix abordable<\/h3>\n<p>SX propose des corni\u00e8res m\u00e9talliques de haute qualit\u00e9 pour renforcer vos caisses lors de transports fr\u00e9quents. Les ventes directes de l'usine garantissent un mat\u00e9riel durable \u00e0 des prix avantageux.<\/p>\n<h3>Renforts d'angle SX durables et faciles \u00e0 installer<\/h3>\n<p>Les renforts d'angle SX s'adaptent \u00e0 diff\u00e9rents mod\u00e8les de bo\u00eetiers et sont faciles \u00e0 installer, ce qui permet d'am\u00e9liorer la stabilit\u00e9. Qu'il s'agisse de moderniser d'anciennes caisses ou d'en construire de nouvelles, SX est un choix fiable.<\/p>\n<h3>Des solutions personnalis\u00e9es pour r\u00e9pondre \u00e0 vos besoins sp\u00e9cifiques<\/h3>\n<p>SX offre des options de personnalisation de la taille et du mat\u00e9riau tout en maintenant des prix directs d'usine, ce qui permet d'obtenir un mat\u00e9riel rentable adapt\u00e9 \u00e0 vos besoins uniques.<\/p>","protected":false},"featured_media":4187,"comment_status":"open","ping_status":"closed","template":"","meta":[],"product_brand":[],"product_cat":[64],"product_tag":[],"class_list":{"0":"post-4221","1":"product","2":"type-product","3":"status-publish","4":"has-post-thumbnail","6":"product_cat-clamps","8":"first","9":"instock","10":"shipping-taxable","11":"product-type-simple"},"yoast_head":"<!-- This site is optimized with the Yoast SEO Premium plugin v27.1 (Yoast SEO v27.2) - https:\/\/yoast.com\/product\/yoast-seo-premium-wordpress\/ -->\n<title>Flight Case Corner Brace CLA802 - https:\/\/sxflightcase.com \ud83d\udc97<\/title>\n<meta name=\"description\" content=\"Flight case corner brace, factory direct! Durable, high-quality braces designed to reinforce and secure flight case corners. Ideal for ensuring stability and long-lasting protection during transport.\" \/>\n<meta name=\"robots\" content=\"index, follow, max-snippet:-1, max-image-preview:large, max-video-preview:-1\" \/>\n<link rel=\"canonical\" href=\"https:\/\/sxflightcase.com\/fr\/produit\/support-dangle-pour-flight-case-cla802-2\/\" \/>\n<meta property=\"og:locale\" content=\"fr_FR\" \/>\n<meta property=\"og:type\" content=\"article\" \/>\n<meta property=\"og:title\" content=\"Flight Case Corner Brace CLA802\" \/>\n<meta property=\"og:description\" content=\"Flight case corner brace, factory direct! Durable, high-quality braces designed to reinforce and secure flight case corners. Ideal for ensuring stability and long-lasting protection during transport.\" \/>\n<meta property=\"og:url\" content=\"https:\/\/sxflightcase.com\/fr\/produit\/support-dangle-pour-flight-case-cla802-2\/\" \/>\n<meta property=\"og:site_name\" content=\"https:\/\/sxflightcase.com\" \/>\n<meta property=\"article:publisher\" content=\"https:\/\/www.facebook.com\/profile.php?id=61560407257971\" \/>\n<meta property=\"article:modified_time\" content=\"2024-08-26T07:28:54+00:00\" \/>\n<meta property=\"og:image\" content=\"https:\/\/sxflightcase.com\/wp-content\/uploads\/2024\/08\/CLA802.jpg\" \/>\n\t<meta property=\"og:image:width\" content=\"700\" \/>\n\t<meta property=\"og:image:height\" content=\"700\" \/>\n\t<meta property=\"og:image:type\" content=\"image\/jpeg\" \/>\n<meta name=\"twitter:card\" content=\"summary_large_image\" \/>\n<meta name=\"twitter:label1\" content=\"Dur\u00e9e de lecture estim\u00e9e\" \/>\n\t<meta name=\"twitter:data1\" content=\"3 minutes\" \/>\n<script type=\"application\/ld+json\" class=\"yoast-schema-graph\">{\"@context\":\"https:\/\/schema.org\",\"@graph\":[{\"@type\":\"WebPage\",\"@id\":\"https:\/\/sxflightcase.com\/product\/flight-case-corner-brace-cla802\/\",\"url\":\"https:\/\/sxflightcase.com\/product\/flight-case-corner-brace-cla802\/\",\"name\":\"Flight Case Corner Brace CLA802 - https:\/\/sxflightcase.com \ud83d\udc97\",\"isPartOf\":{\"@id\":\"https:\/\/sxflightcase.com\/th\/#website\"},\"primaryImageOfPage\":{\"@id\":\"https:\/\/sxflightcase.com\/product\/flight-case-corner-brace-cla802\/#primaryimage\"},\"image\":{\"@id\":\"https:\/\/sxflightcase.com\/product\/flight-case-corner-brace-cla802\/#primaryimage\"},\"thumbnailUrl\":\"https:\/\/sxflightcase.com\/wp-content\/uploads\/2024\/08\/CLA802.jpg\",\"datePublished\":\"2024-08-26T07:28:53+00:00\",\"dateModified\":\"2024-08-26T07:28:54+00:00\",\"description\":\"Flight case corner brace, factory direct! Durable, high-quality braces designed to reinforce and secure flight case corners. Ideal for ensuring stability and long-lasting protection during transport.\",\"breadcrumb\":{\"@id\":\"https:\/\/sxflightcase.com\/product\/flight-case-corner-brace-cla802\/#breadcrumb\"},\"inLanguage\":\"fr-FR\",\"potentialAction\":[{\"@type\":\"ReadAction\",\"target\":[\"https:\/\/sxflightcase.com\/product\/flight-case-corner-brace-cla802\/\"]}]},{\"@type\":\"ImageObject\",\"inLanguage\":\"fr-FR\",\"@id\":\"https:\/\/sxflightcase.com\/product\/flight-case-corner-brace-cla802\/#primaryimage\",\"url\":\"https:\/\/sxflightcase.com\/wp-content\/uploads\/2024\/08\/CLA802.jpg\",\"contentUrl\":\"https:\/\/sxflightcase.com\/wp-content\/uploads\/2024\/08\/CLA802.jpg\",\"width\":700,\"height\":700,\"caption\":\"Flight Case Corner Brace\"},{\"@type\":\"BreadcrumbList\",\"@id\":\"https:\/\/sxflightcase.com\/product\/flight-case-corner-brace-cla802\/#breadcrumb\",\"itemListElement\":[{\"@type\":\"ListItem\",\"position\":1,\"name\":\"Home\",\"item\":\"https:\/\/sxflightcase.com\/\"},{\"@type\":\"ListItem\",\"position\":2,\"name\":\"\u0e2a\u0e34\u0e19\u0e04\u0e49\u0e32\",\"item\":\"https:\/\/sxflightcase.com\/th\/shop\/\"},{\"@type\":\"ListItem\",\"position\":3,\"name\":\"Flight Case Corner Brace CLA802\"}]},{\"@type\":\"WebSite\",\"@id\":\"https:\/\/sxflightcase.com\/th\/#website\",\"url\":\"https:\/\/sxflightcase.com\/th\/\",\"name\":\"sxpowercase.com\",\"description\":\"Flight Case Factory\",\"publisher\":{\"@id\":\"https:\/\/sxflightcase.com\/th\/#organization\"},\"potentialAction\":[{\"@type\":\"SearchAction\",\"target\":{\"@type\":\"EntryPoint\",\"urlTemplate\":\"https:\/\/sxflightcase.com\/th\/?s={search_term_string}\"},\"query-input\":{\"@type\":\"PropertyValueSpecification\",\"valueRequired\":true,\"valueName\":\"search_term_string\"}}],\"inLanguage\":\"fr-FR\"},{\"@type\":\"Organization\",\"@id\":\"https:\/\/sxflightcase.com\/th\/#organization\",\"name\":\"sxpowercase.com\",\"url\":\"https:\/\/sxflightcase.com\/th\/\",\"logo\":{\"@type\":\"ImageObject\",\"inLanguage\":\"fr-FR\",\"@id\":\"https:\/\/sxflightcase.com\/th\/#\/schema\/logo\/image\/\",\"url\":\"https:\/\/sxflightcase.com\/wp-content\/uploads\/2024\/04\/1713919036007.jpg\",\"contentUrl\":\"https:\/\/sxflightcase.com\/wp-content\/uploads\/2024\/04\/1713919036007.jpg\",\"width\":382,\"height\":388,\"caption\":\"sxpowercase.com\"},\"image\":{\"@id\":\"https:\/\/sxflightcase.com\/th\/#\/schema\/logo\/image\/\"},\"sameAs\":[\"https:\/\/www.facebook.com\/profile.php?id=61560407257971\"],\"numberOfEmployees\":{\"@type\":\"QuantitativeValue\",\"minValue\":\"11\",\"maxValue\":\"50\"}}]}<\/script>\n<!-- \/ Yoast SEO Premium plugin. -->","yoast_head_json":{"title":"Flight Case Corner Brace CLA802 - https:\/\/sxflightcase.com \ud83d\udc97","description":"Renfort d'angle pour flight case, direct usine ! Renforts durables et de haute qualit\u00e9 con\u00e7us pour renforcer et s\u00e9curiser les coins des flight cases. Id\u00e9ales pour assurer la stabilit\u00e9 et une protection durable pendant le transport.","robots":{"index":"index","follow":"follow","max-snippet":"max-snippet:-1","max-image-preview":"max-image-preview:large","max-video-preview":"max-video-preview:-1"},"canonical":"https:\/\/sxflightcase.com\/fr\/produit\/support-dangle-pour-flight-case-cla802-2\/","og_locale":"fr_FR","og_type":"article","og_title":"Flight Case Corner Brace CLA802","og_description":"Flight case corner brace, factory direct! Durable, high-quality braces designed to reinforce and secure flight case corners. Ideal for ensuring stability and long-lasting protection during transport.","og_url":"https:\/\/sxflightcase.com\/fr\/produit\/support-dangle-pour-flight-case-cla802-2\/","og_site_name":"https:\/\/sxflightcase.com","article_publisher":"https:\/\/www.facebook.com\/profile.php?id=61560407257971","article_modified_time":"2024-08-26T07:28:54+00:00","og_image":[{"width":700,"height":700,"url":"https:\/\/sxflightcase.com\/wp-content\/uploads\/2024\/08\/CLA802.jpg","type":"image\/jpeg"}],"twitter_card":"summary_large_image","twitter_misc":{"Dur\u00e9e de lecture estim\u00e9e":"3 minutes"},"schema":{"@context":"https:\/\/schema.org","@graph":[{"@type":"WebPage","@id":"https:\/\/sxflightcase.com\/product\/flight-case-corner-brace-cla802\/","url":"https:\/\/sxflightcase.com\/product\/flight-case-corner-brace-cla802\/","name":"Flight Case Corner Brace CLA802 - https:\/\/sxflightcase.com \ud83d\udc97","isPartOf":{"@id":"https:\/\/sxflightcase.com\/th\/#website"},"primaryImageOfPage":{"@id":"https:\/\/sxflightcase.com\/product\/flight-case-corner-brace-cla802\/#primaryimage"},"image":{"@id":"https:\/\/sxflightcase.com\/product\/flight-case-corner-brace-cla802\/#primaryimage"},"thumbnailUrl":"https:\/\/sxflightcase.com\/wp-content\/uploads\/2024\/08\/CLA802.jpg","datePublished":"2024-08-26T07:28:53+00:00","dateModified":"2024-08-26T07:28:54+00:00","description":"Renfort d'angle pour flight case, direct usine ! Renforts durables et de haute qualit\u00e9 con\u00e7us pour renforcer et s\u00e9curiser les coins des flight cases. Id\u00e9ales pour assurer la stabilit\u00e9 et une protection durable pendant le transport.","breadcrumb":{"@id":"https:\/\/sxflightcase.com\/product\/flight-case-corner-brace-cla802\/#breadcrumb"},"inLanguage":"fr-FR","potentialAction":[{"@type":"ReadAction","target":["https:\/\/sxflightcase.com\/product\/flight-case-corner-brace-cla802\/"]}]},{"@type":"ImageObject","inLanguage":"fr-FR","@id":"https:\/\/sxflightcase.com\/product\/flight-case-corner-brace-cla802\/#primaryimage","url":"https:\/\/sxflightcase.com\/wp-content\/uploads\/2024\/08\/CLA802.jpg","contentUrl":"https:\/\/sxflightcase.com\/wp-content\/uploads\/2024\/08\/CLA802.jpg","width":700,"height":700,"caption":"Flight Case Corner Brace"},{"@type":"BreadcrumbList","@id":"https:\/\/sxflightcase.com\/product\/flight-case-corner-brace-cla802\/#breadcrumb","itemListElement":[{"@type":"ListItem","position":1,"name":"Home","item":"https:\/\/sxflightcase.com\/"},{"@type":"ListItem","position":2,"name":"\u0e2a\u0e34\u0e19\u0e04\u0e49\u0e32","item":"https:\/\/sxflightcase.com\/th\/shop\/"},{"@type":"ListItem","position":3,"name":"Flight Case Corner Brace CLA802"}]},{"@type":"WebSite","@id":"https:\/\/sxflightcase.com\/th\/#website","url":"https:\/\/sxflightcase.com\/th\/","name":"sxpowercase.com","description":"Flight Case Factory","publisher":{"@id":"https:\/\/sxflightcase.com\/th\/#organization"},"potentialAction":[{"@type":"SearchAction","target":{"@type":"EntryPoint","urlTemplate":"https:\/\/sxflightcase.com\/th\/?s={search_term_string}"},"query-input":{"@type":"PropertyValueSpecification","valueRequired":true,"valueName":"search_term_string"}}],"inLanguage":"fr-FR"},{"@type":"Organization","@id":"https:\/\/sxflightcase.com\/th\/#organization","name":"sxpowercase.com","url":"https:\/\/sxflightcase.com\/th\/","logo":{"@type":"ImageObject","inLanguage":"fr-FR","@id":"https:\/\/sxflightcase.com\/th\/#\/schema\/logo\/image\/","url":"https:\/\/sxflightcase.com\/wp-content\/uploads\/2024\/04\/1713919036007.jpg","contentUrl":"https:\/\/sxflightcase.com\/wp-content\/uploads\/2024\/04\/1713919036007.jpg","width":382,"height":388,"caption":"sxpowercase.com"},"image":{"@id":"https:\/\/sxflightcase.com\/th\/#\/schema\/logo\/image\/"},"sameAs":["https:\/\/www.facebook.com\/profile.php?id=61560407257971"],"numberOfEmployees":{"@type":"QuantitativeValue","minValue":"11","maxValue":"50"}}]}},"_links":{"self":[{"href":"https:\/\/sxflightcase.com\/fr\/wp-json\/wp\/v2\/product\/4221","targetHints":{"allow":["GET"]}}],"collection":[{"href":"https:\/\/sxflightcase.com\/fr\/wp-json\/wp\/v2\/product"}],"about":[{"href":"https:\/\/sxflightcase.com\/fr\/wp-json\/wp\/v2\/types\/product"}],"replies":[{"embeddable":true,"href":"https:\/\/sxflightcase.com\/fr\/wp-json\/wp\/v2\/comments?post=4221"}],"version-history":[{"count":0,"href":"https:\/\/sxflightcase.com\/fr\/wp-json\/wp\/v2\/product\/4221\/revisions"}],"wp:featuredmedia":[{"embeddable":true,"href":"https:\/\/sxflightcase.com\/fr\/wp-json\/wp\/v2\/media\/4187"}],"wp:attachment":[{"href":"https:\/\/sxflightcase.com\/fr\/wp-json\/wp\/v2\/media?parent=4221"}],"wp:term":[{"taxonomy":"product_brand","embeddable":true,"href":"https:\/\/sxflightcase.com\/fr\/wp-json\/wp\/v2\/product_brand?post=4221"},{"taxonomy":"product_cat","embeddable":true,"href":"https:\/\/sxflightcase.com\/fr\/wp-json\/wp\/v2\/product_cat?post=4221"},{"taxonomy":"product_tag","embeddable":true,"href":"https:\/\/sxflightcase.com\/fr\/wp-json\/wp\/v2\/product_tag?post=4221"}],"curies":[{"name":"wp","href":"https:\/\/api.w.org\/{rel}","templated":true}]}}