{"id":4224,"date":"2024-08-27T03:45:20","date_gmt":"2024-08-27T02:45:20","guid":{"rendered":"https:\/\/sxpowercase.com\/?post_type=product&#038;p=4224"},"modified":"2024-08-27T03:45:21","modified_gmt":"2024-08-27T02:45:21","slug":"road-case-corner-brace-cla803","status":"publish","type":"product","link":"https:\/\/sxflightcase.com\/fr\/produit\/etui-de-route-renfort-dangle-cla803-2\/","title":{"rendered":"Support d'angle pour bo\u00eetier de route CLA803"},"content":{"rendered":"<h3>Protection fiable avec la corni\u00e8re SX Road Case<\/h3>\n<p>Lors de la construction ou de la r\u00e9paration de caisses routi\u00e8res, la durabilit\u00e9 et la r\u00e9sistance sont essentielles. SX propose des <span style=\"color: #3366ff;\"><a style=\"color: #3366ff;\" href=\"https:\/\/sxpowercase.com\/product\/flight-case-corner-brace-cla802\/\"><strong>Renfort d'angle pour caisse de route<\/strong><\/a><\/span>\u00a0con\u00e7us pour offrir une protection optimale \u00e0 votre \u00e9quipement. Ces renforts d'angle ajoutent de la stabilit\u00e9 \u00e0 vos mallettes, garantissant qu'elles peuvent supporter les rigueurs d'un transport fr\u00e9quent. <a href=\"https:\/\/sxpowercase.com\/\" target=\"_blank\" rel=\"noopener\" title=\"SX\" data-wpil-monitor-id=\"700\">SX<\/a> associent des mat\u00e9riaux de premi\u00e8re qualit\u00e9 \u00e0 des prix d'usine, offrant ainsi un rapport qualit\u00e9-prix exceptionnel.<\/p>\n<h3>Construit pour durer avec des mat\u00e9riaux robustes<\/h3>\n<p>SX comprend que les dossiers routiers doivent \u00eatre suffisamment solides pour r\u00e9sister aux exigences de la route. Nos <strong>Renfort d'angle pour caisse de route<\/strong>\u00a0sont fabriqu\u00e9s en m\u00e9tal r\u00e9sistant, ce qui garantit des performances durables et une protection renforc\u00e9e de vos \u00e9tuis. La construction robuste offre un renforcement suppl\u00e9mentaire, prot\u00e9geant contre les chocs, les chutes et l'usure pendant les voyages. Avec SX, vous pouvez \u00eatre s\u00fbr que la qualit\u00e9 n'est jamais compromise, m\u00eame avec nos prix comp\u00e9titifs.<\/p>\n<h3>Une qualit\u00e9 abordable en provenance directe de l'usine<\/h3>\n<p>Chez SX, nous pensons que la qualit\u00e9 doit \u00eatre accessible. En achetant nos produits directement \u00e0 l'usine, nous r\u00e9duisons les co\u00fbts inutiles et offrons <strong>Renfort d'angle pour caisse de route<\/strong>\u00a0\u00e0 des prix imbattables. Cette approche directe vous permet de b\u00e9n\u00e9ficier d'un mat\u00e9riel durable et fiable sans payer de suppl\u00e9ment. L'assurance qualit\u00e9 est notre priorit\u00e9, et nous maintenons des normes strictes tout en gardant des prix bas.<\/p>\n<h3>Installation facile pour tout projet<\/h3>\n<p>SX's <strong>Renforts d'angle pour les caisses de route<\/strong> sont con\u00e7us pour une installation simple, que vous construisiez une nouvelle valise ou que vous renforciez une valise existante. Leur conception polyvalente garantit la compatibilit\u00e9 avec diverses configurations de caisses, ce qui vous permet d'am\u00e9liorer la durabilit\u00e9 de votre caisse avec un minimum d'efforts. Cette flexibilit\u00e9 fait de nos renforts d'angle la solution id\u00e9ale pour les professionnels et les bricoleurs.<\/p>\n<h3>Des options personnalisables pour r\u00e9pondre \u00e0 vos besoins<\/h3>\n<p>Nous reconnaissons que chaque projet est unique, c'est pourquoi SX propose des options personnalisables pour ses services d'assistance technique. <strong>Renforts d'angle pour les caisses de route<\/strong>. Qu'il s'agisse de tailles et de finitions diff\u00e9rentes ou de solutions sur mesure pour des bo\u00eetiers sp\u00e9cifiques, SX propose la vari\u00e9t\u00e9 dont vous avez besoin \u00e0 des prix abordables. Notre objectif est de fournir une personnalisation sans compromettre la qualit\u00e9 ou augmenter les co\u00fbts.<\/p>\n<h3>Des professionnels du monde entier lui font confiance<\/h3>\n<p>SX s'est forg\u00e9 une r\u00e9putation de fournisseur de solutions mat\u00e9rielles fiables, en direct de l'usine, pour l'industrie des caisses mobiles. Notre <strong>Renforts d'angle pour les caisses de route<\/strong> sont reconnus par les professionnels qui appr\u00e9cient \u00e0 la fois la qualit\u00e9 et le prix. Que vous assembliez des bo\u00eetiers pour une utilisation intensive ou une protection quotidienne, SX fournit la bonne solution pour vos besoins en mat\u00e9riel informatique.<\/p>\n<h3>Renforcez vos dossiers routiers avec SX<\/h3>\n<p>Lorsqu'il s'agit de s\u00e9curiser votre \u00e9quipement de valeur, chaque \u00e9l\u00e9ment compte. Les <strong>Renforts d'angle pour les caisses de route<\/strong> offrent le soutien suppl\u00e9mentaire n\u00e9cessaire pour maintenir vos valises intactes pendant le transport. En mettant l'accent sur les prix d'usine, la haute qualit\u00e9 et les conceptions conviviales, SX est votre marque de r\u00e9f\u00e9rence pour un mat\u00e9riel de caisse de route fiable et rentable. Prot\u00e9gez votre investissement en choisissant SX pour votre prochain projet.<\/p>\n<p>Contactez-nous maintenant :<span style=\"color: #0000ff;\"><a style=\"color: #0000ff;\" href=\"https:\/\/sxpowercase.com\/contact-us\/\">https:\/\/sxpowercase.com\/<\/a><\/span><\/p>\n<p>Catalogue de produits mat\u00e9riels :<span style=\"color: #3366ff;\"><a style=\"color: #3366ff;\" href=\"https:\/\/sxpowercase.com\/wp-content\/uploads\/2024\/07\/\u4e94\u91d1.pdf\">Catalogue d&#039;accessoires de quincaillerie<\/a><\/span><\/p>","protected":false},"excerpt":{"rendered":"<h3>SX Road Case Corner Brace : Protection durable et abordable<\/h3>\n<p>SX propose des renforts d'angle robustes qui assurent une stabilit\u00e9 fiable pour les caisses routi\u00e8res. Fabriqu\u00e9s en m\u00e9tal r\u00e9sistant, ces renforts garantissent des performances durables \u00e0 des prix d'usine.<\/p>\n<h3>Renforcez vos bo\u00eetiers avec les corni\u00e8res SX<\/h3>\n<p>Les corni\u00e8res SX sont con\u00e7ues pour une installation facile et sont id\u00e9ales pour les professionnels et les bricoleurs. Ils ajoutent une protection et une solidit\u00e9 suppl\u00e9mentaires aux caisses de route, les prot\u00e9geant contre l'usure et la d\u00e9t\u00e9rioration.<\/p>\n<h3>Mat\u00e9riel personnalisable et rentable de SX<\/h3>\n<p>SX propose des options personnalisables pour les renforts d'angle des caisses routi\u00e8res, r\u00e9pondant ainsi aux besoins uniques des projets tout en restant abordable. SX, qui jouit de la confiance des professionnels, allie qualit\u00e9 et valeur dans chacun de ses produits.<\/p>","protected":false},"featured_media":4188,"comment_status":"open","ping_status":"closed","template":"","meta":[],"product_brand":[],"product_cat":[64],"product_tag":[],"class_list":{"0":"post-4224","1":"product","2":"type-product","3":"status-publish","4":"has-post-thumbnail","6":"product_cat-clamps","8":"first","9":"instock","10":"shipping-taxable","11":"product-type-simple"},"yoast_head":"<!-- This site is optimized with the Yoast SEO Premium plugin v27.1 (Yoast SEO v27.2) - https:\/\/yoast.com\/product\/yoast-seo-premium-wordpress\/ -->\n<title>Road Case Corner Brace CLA803 - https:\/\/sxflightcase.com \ud83d\udc97<\/title>\n<meta name=\"description\" content=\"Road case corner brace, factory direct! High-quality, durable braces designed to reinforce and secure road case corners. Ideal for added stability and protection during heavy-duty transport.\" \/>\n<meta name=\"robots\" content=\"index, follow, max-snippet:-1, max-image-preview:large, max-video-preview:-1\" \/>\n<link rel=\"canonical\" href=\"https:\/\/sxflightcase.com\/fr\/produit\/etui-de-route-renfort-dangle-cla803-2\/\" \/>\n<meta property=\"og:locale\" content=\"fr_FR\" \/>\n<meta property=\"og:type\" content=\"article\" \/>\n<meta property=\"og:title\" content=\"Road Case Corner Brace CLA803\" \/>\n<meta property=\"og:description\" content=\"Road case corner brace, factory direct! High-quality, durable braces designed to reinforce and secure road case corners. Ideal for added stability and protection during heavy-duty transport.\" \/>\n<meta property=\"og:url\" content=\"https:\/\/sxflightcase.com\/fr\/produit\/etui-de-route-renfort-dangle-cla803-2\/\" \/>\n<meta property=\"og:site_name\" content=\"https:\/\/sxflightcase.com\" \/>\n<meta property=\"article:publisher\" content=\"https:\/\/www.facebook.com\/profile.php?id=61560407257971\" \/>\n<meta property=\"article:modified_time\" content=\"2024-08-27T02:45:21+00:00\" \/>\n<meta property=\"og:image\" content=\"https:\/\/sxflightcase.com\/wp-content\/uploads\/2024\/08\/CLA803.jpg\" \/>\n\t<meta property=\"og:image:width\" content=\"700\" \/>\n\t<meta property=\"og:image:height\" content=\"700\" \/>\n\t<meta property=\"og:image:type\" content=\"image\/jpeg\" \/>\n<meta name=\"twitter:card\" content=\"summary_large_image\" \/>\n<meta name=\"twitter:label1\" content=\"Dur\u00e9e de lecture estim\u00e9e\" \/>\n\t<meta name=\"twitter:data1\" content=\"3 minutes\" \/>\n<script type=\"application\/ld+json\" class=\"yoast-schema-graph\">{\"@context\":\"https:\/\/schema.org\",\"@graph\":[{\"@type\":\"WebPage\",\"@id\":\"https:\/\/sxflightcase.com\/product\/road-case-corner-brace-cla803\/\",\"url\":\"https:\/\/sxflightcase.com\/product\/road-case-corner-brace-cla803\/\",\"name\":\"Road Case Corner Brace CLA803 - https:\/\/sxflightcase.com \ud83d\udc97\",\"isPartOf\":{\"@id\":\"https:\/\/sxflightcase.com\/th\/#website\"},\"primaryImageOfPage\":{\"@id\":\"https:\/\/sxflightcase.com\/product\/road-case-corner-brace-cla803\/#primaryimage\"},\"image\":{\"@id\":\"https:\/\/sxflightcase.com\/product\/road-case-corner-brace-cla803\/#primaryimage\"},\"thumbnailUrl\":\"https:\/\/sxflightcase.com\/wp-content\/uploads\/2024\/08\/CLA803.jpg\",\"datePublished\":\"2024-08-27T02:45:20+00:00\",\"dateModified\":\"2024-08-27T02:45:21+00:00\",\"description\":\"Road case corner brace, factory direct! High-quality, durable braces designed to reinforce and secure road case corners. Ideal for added stability and protection during heavy-duty transport.\",\"breadcrumb\":{\"@id\":\"https:\/\/sxflightcase.com\/product\/road-case-corner-brace-cla803\/#breadcrumb\"},\"inLanguage\":\"fr-FR\",\"potentialAction\":[{\"@type\":\"ReadAction\",\"target\":[\"https:\/\/sxflightcase.com\/product\/road-case-corner-brace-cla803\/\"]}]},{\"@type\":\"ImageObject\",\"inLanguage\":\"fr-FR\",\"@id\":\"https:\/\/sxflightcase.com\/product\/road-case-corner-brace-cla803\/#primaryimage\",\"url\":\"https:\/\/sxflightcase.com\/wp-content\/uploads\/2024\/08\/CLA803.jpg\",\"contentUrl\":\"https:\/\/sxflightcase.com\/wp-content\/uploads\/2024\/08\/CLA803.jpg\",\"width\":700,\"height\":700,\"caption\":\"Road Case Corner Brace\"},{\"@type\":\"BreadcrumbList\",\"@id\":\"https:\/\/sxflightcase.com\/product\/road-case-corner-brace-cla803\/#breadcrumb\",\"itemListElement\":[{\"@type\":\"ListItem\",\"position\":1,\"name\":\"Home\",\"item\":\"https:\/\/sxflightcase.com\/\"},{\"@type\":\"ListItem\",\"position\":2,\"name\":\"\u0e2a\u0e34\u0e19\u0e04\u0e49\u0e32\",\"item\":\"https:\/\/sxflightcase.com\/th\/shop\/\"},{\"@type\":\"ListItem\",\"position\":3,\"name\":\"Road Case Corner Brace CLA803\"}]},{\"@type\":\"WebSite\",\"@id\":\"https:\/\/sxflightcase.com\/th\/#website\",\"url\":\"https:\/\/sxflightcase.com\/th\/\",\"name\":\"sxpowercase.com\",\"description\":\"Flight Case Factory\",\"publisher\":{\"@id\":\"https:\/\/sxflightcase.com\/th\/#organization\"},\"potentialAction\":[{\"@type\":\"SearchAction\",\"target\":{\"@type\":\"EntryPoint\",\"urlTemplate\":\"https:\/\/sxflightcase.com\/th\/?s={search_term_string}\"},\"query-input\":{\"@type\":\"PropertyValueSpecification\",\"valueRequired\":true,\"valueName\":\"search_term_string\"}}],\"inLanguage\":\"fr-FR\"},{\"@type\":\"Organization\",\"@id\":\"https:\/\/sxflightcase.com\/th\/#organization\",\"name\":\"sxpowercase.com\",\"url\":\"https:\/\/sxflightcase.com\/th\/\",\"logo\":{\"@type\":\"ImageObject\",\"inLanguage\":\"fr-FR\",\"@id\":\"https:\/\/sxflightcase.com\/th\/#\/schema\/logo\/image\/\",\"url\":\"https:\/\/sxflightcase.com\/wp-content\/uploads\/2024\/04\/1713919036007.jpg\",\"contentUrl\":\"https:\/\/sxflightcase.com\/wp-content\/uploads\/2024\/04\/1713919036007.jpg\",\"width\":382,\"height\":388,\"caption\":\"sxpowercase.com\"},\"image\":{\"@id\":\"https:\/\/sxflightcase.com\/th\/#\/schema\/logo\/image\/\"},\"sameAs\":[\"https:\/\/www.facebook.com\/profile.php?id=61560407257971\"],\"numberOfEmployees\":{\"@type\":\"QuantitativeValue\",\"minValue\":\"11\",\"maxValue\":\"50\"}}]}<\/script>\n<!-- \/ Yoast SEO Premium plugin. -->","yoast_head_json":{"title":"Road Case Corner Brace CLA803 - https:\/\/sxflightcase.com \ud83d\udc97","description":"Renfort d'angle Road Case, direct usine ! Renforts durables de haute qualit\u00e9 con\u00e7us pour renforcer et s\u00e9curiser les coins de la valise. Id\u00e9ales pour renforcer la stabilit\u00e9 et la protection pendant le transport de charges lourdes.","robots":{"index":"index","follow":"follow","max-snippet":"max-snippet:-1","max-image-preview":"max-image-preview:large","max-video-preview":"max-video-preview:-1"},"canonical":"https:\/\/sxflightcase.com\/fr\/produit\/etui-de-route-renfort-dangle-cla803-2\/","og_locale":"fr_FR","og_type":"article","og_title":"Road Case Corner Brace CLA803","og_description":"Road case corner brace, factory direct! High-quality, durable braces designed to reinforce and secure road case corners. Ideal for added stability and protection during heavy-duty transport.","og_url":"https:\/\/sxflightcase.com\/fr\/produit\/etui-de-route-renfort-dangle-cla803-2\/","og_site_name":"https:\/\/sxflightcase.com","article_publisher":"https:\/\/www.facebook.com\/profile.php?id=61560407257971","article_modified_time":"2024-08-27T02:45:21+00:00","og_image":[{"width":700,"height":700,"url":"https:\/\/sxflightcase.com\/wp-content\/uploads\/2024\/08\/CLA803.jpg","type":"image\/jpeg"}],"twitter_card":"summary_large_image","twitter_misc":{"Dur\u00e9e de lecture estim\u00e9e":"3 minutes"},"schema":{"@context":"https:\/\/schema.org","@graph":[{"@type":"WebPage","@id":"https:\/\/sxflightcase.com\/product\/road-case-corner-brace-cla803\/","url":"https:\/\/sxflightcase.com\/product\/road-case-corner-brace-cla803\/","name":"Road Case Corner Brace CLA803 - https:\/\/sxflightcase.com \ud83d\udc97","isPartOf":{"@id":"https:\/\/sxflightcase.com\/th\/#website"},"primaryImageOfPage":{"@id":"https:\/\/sxflightcase.com\/product\/road-case-corner-brace-cla803\/#primaryimage"},"image":{"@id":"https:\/\/sxflightcase.com\/product\/road-case-corner-brace-cla803\/#primaryimage"},"thumbnailUrl":"https:\/\/sxflightcase.com\/wp-content\/uploads\/2024\/08\/CLA803.jpg","datePublished":"2024-08-27T02:45:20+00:00","dateModified":"2024-08-27T02:45:21+00:00","description":"Renfort d'angle Road Case, direct usine ! Renforts durables de haute qualit\u00e9 con\u00e7us pour renforcer et s\u00e9curiser les coins de la valise. Id\u00e9ales pour renforcer la stabilit\u00e9 et la protection pendant le transport de charges lourdes.","breadcrumb":{"@id":"https:\/\/sxflightcase.com\/product\/road-case-corner-brace-cla803\/#breadcrumb"},"inLanguage":"fr-FR","potentialAction":[{"@type":"ReadAction","target":["https:\/\/sxflightcase.com\/product\/road-case-corner-brace-cla803\/"]}]},{"@type":"ImageObject","inLanguage":"fr-FR","@id":"https:\/\/sxflightcase.com\/product\/road-case-corner-brace-cla803\/#primaryimage","url":"https:\/\/sxflightcase.com\/wp-content\/uploads\/2024\/08\/CLA803.jpg","contentUrl":"https:\/\/sxflightcase.com\/wp-content\/uploads\/2024\/08\/CLA803.jpg","width":700,"height":700,"caption":"Road Case Corner Brace"},{"@type":"BreadcrumbList","@id":"https:\/\/sxflightcase.com\/product\/road-case-corner-brace-cla803\/#breadcrumb","itemListElement":[{"@type":"ListItem","position":1,"name":"Home","item":"https:\/\/sxflightcase.com\/"},{"@type":"ListItem","position":2,"name":"\u0e2a\u0e34\u0e19\u0e04\u0e49\u0e32","item":"https:\/\/sxflightcase.com\/th\/shop\/"},{"@type":"ListItem","position":3,"name":"Road Case Corner Brace CLA803"}]},{"@type":"WebSite","@id":"https:\/\/sxflightcase.com\/th\/#website","url":"https:\/\/sxflightcase.com\/th\/","name":"sxpowercase.com","description":"Flight Case Factory","publisher":{"@id":"https:\/\/sxflightcase.com\/th\/#organization"},"potentialAction":[{"@type":"SearchAction","target":{"@type":"EntryPoint","urlTemplate":"https:\/\/sxflightcase.com\/th\/?s={search_term_string}"},"query-input":{"@type":"PropertyValueSpecification","valueRequired":true,"valueName":"search_term_string"}}],"inLanguage":"fr-FR"},{"@type":"Organization","@id":"https:\/\/sxflightcase.com\/th\/#organization","name":"sxpowercase.com","url":"https:\/\/sxflightcase.com\/th\/","logo":{"@type":"ImageObject","inLanguage":"fr-FR","@id":"https:\/\/sxflightcase.com\/th\/#\/schema\/logo\/image\/","url":"https:\/\/sxflightcase.com\/wp-content\/uploads\/2024\/04\/1713919036007.jpg","contentUrl":"https:\/\/sxflightcase.com\/wp-content\/uploads\/2024\/04\/1713919036007.jpg","width":382,"height":388,"caption":"sxpowercase.com"},"image":{"@id":"https:\/\/sxflightcase.com\/th\/#\/schema\/logo\/image\/"},"sameAs":["https:\/\/www.facebook.com\/profile.php?id=61560407257971"],"numberOfEmployees":{"@type":"QuantitativeValue","minValue":"11","maxValue":"50"}}]}},"_links":{"self":[{"href":"https:\/\/sxflightcase.com\/fr\/wp-json\/wp\/v2\/product\/4224","targetHints":{"allow":["GET"]}}],"collection":[{"href":"https:\/\/sxflightcase.com\/fr\/wp-json\/wp\/v2\/product"}],"about":[{"href":"https:\/\/sxflightcase.com\/fr\/wp-json\/wp\/v2\/types\/product"}],"replies":[{"embeddable":true,"href":"https:\/\/sxflightcase.com\/fr\/wp-json\/wp\/v2\/comments?post=4224"}],"version-history":[{"count":0,"href":"https:\/\/sxflightcase.com\/fr\/wp-json\/wp\/v2\/product\/4224\/revisions"}],"wp:featuredmedia":[{"embeddable":true,"href":"https:\/\/sxflightcase.com\/fr\/wp-json\/wp\/v2\/media\/4188"}],"wp:attachment":[{"href":"https:\/\/sxflightcase.com\/fr\/wp-json\/wp\/v2\/media?parent=4224"}],"wp:term":[{"taxonomy":"product_brand","embeddable":true,"href":"https:\/\/sxflightcase.com\/fr\/wp-json\/wp\/v2\/product_brand?post=4224"},{"taxonomy":"product_cat","embeddable":true,"href":"https:\/\/sxflightcase.com\/fr\/wp-json\/wp\/v2\/product_cat?post=4224"},{"taxonomy":"product_tag","embeddable":true,"href":"https:\/\/sxflightcase.com\/fr\/wp-json\/wp\/v2\/product_tag?post=4224"}],"curies":[{"name":"wp","href":"https:\/\/api.w.org\/{rel}","templated":true}]}}