{"id":4225,"date":"2024-08-27T03:50:31","date_gmt":"2024-08-27T02:50:31","guid":{"rendered":"https:\/\/sxpowercase.com\/?post_type=product&#038;p=4225"},"modified":"2024-08-27T03:50:32","modified_gmt":"2024-08-27T02:50:32","slug":"road-case-corner-brace-cla804","status":"publish","type":"product","link":"https:\/\/sxflightcase.com\/fr\/produit\/etui-de-route-renfort-dangle-cla804-2\/","title":{"rendered":"Support d'angle pour bo\u00eetier de route CLA804"},"content":{"rendered":"<h3>Renfort d'angle durable de la valise routi\u00e8re de SX<\/h3>\n<p>Lorsqu'il s'agit de prot\u00e9ger votre \u00e9quipement pendant le transport, chaque d\u00e9tail compte. Le syst\u00e8me SX <span style=\"color: #3366ff;\"><a style=\"color: #3366ff;\" href=\"https:\/\/sxpowercase.com\/product\/road-case-corner-brace-cla803\/\"><strong>Renfort d'angle pour caisse de route<\/strong><\/a><\/span>\u00a0sont con\u00e7us pour offrir une protection et une stabilit\u00e9 accrues \u00e0 vos mallettes. Ces supports sont con\u00e7us pour r\u00e9sister aux mouvements constants, garantissant ainsi la s\u00e9curit\u00e9 de votre mat\u00e9riel, m\u00eame dans des conditions difficiles. Avec <a href=\"https:\/\/sxpowercase.com\/\" target=\"_blank\" rel=\"noopener\" title=\"SX\" data-wpil-monitor-id=\"701\">SX<\/a>Vous pouvez compter sur une qualit\u00e9 sup\u00e9rieure \u00e0 des prix d'usine, ce qui rend nos produits \u00e0 la fois fiables et abordables.<\/p>\n<h3>Construction robuste pour une durabilit\u00e9 maximale<\/h3>\n<p>Notre <strong>Renforts d'angle pour les caisses de route<\/strong> sont fabriqu\u00e9es en m\u00e9tal de haute qualit\u00e9, ce qui garantit qu'elles fournissent le renforcement robuste n\u00e9cessaire pour une utilisation exigeante. La solidit\u00e9 de la construction permet d'\u00e9viter les dommages dus aux chocs, aux rayures et \u00e0 l'usure g\u00e9n\u00e9rale, ce qui prolonge la dur\u00e9e de vie de vos bo\u00eetiers. Avec SX, vous n'obtenez pas seulement des produits durables, vous les obtenez \u00e0 des prix raisonnables, gr\u00e2ce \u00e0 notre mod\u00e8le d'approvisionnement direct.<\/p>\n<h3>Des solutions rentables avec l'assurance de la qualit\u00e9<\/h3>\n<p>Chez SX, nous croyons qu'il est important d'offrir des produits de haute qualit\u00e9 sans pour autant en payer le prix fort. Notre approche directe \u00e9limine les interm\u00e9diaires, ce qui nous permet d'offrir <strong>Renfort d'angle pour caisse de route<\/strong>\u00a0\u00e0 des prix exceptionnellement bas sans sacrifier la qualit\u00e9. Ainsi, vos \u00e9tuis b\u00e9n\u00e9ficient d'une protection de premier ordre sans grever votre budget, ce qui fait de SX un choix rentable pour n'importe quel projet.<\/p>\n<h3>Polyvalent et facile \u00e0 installer<\/h3>\n<p>SX's <strong>Renforts d'angle pour les caisses de route<\/strong> sont con\u00e7us pour s'int\u00e9grer facilement dans diff\u00e9rents mod\u00e8les de bo\u00eetiers. Que vous construisiez une nouvelle mallette ou que vous renforciez une mallette existante, nos renforts sont simples \u00e0 installer, ce qui vous permet d'\u00e9conomiser du temps et des efforts. La flexibilit\u00e9 de nos produits leur permet de s'adapter \u00e0 un large \u00e9ventail d'applications, des mallettes de qualit\u00e9 professionnelle aux projets de bricolage personnalis\u00e9s.<\/p>\n<h3>Des options personnalisables pour r\u00e9pondre \u00e0 vos besoins<\/h3>\n<p>Nous comprenons que des projets diff\u00e9rents n\u00e9cessitent des solutions diff\u00e9rentes. C'est pourquoi SX propose des options personnalisables pour ses produits. <strong>Renforts d'angle pour les caisses de route<\/strong>Vous pouvez ainsi choisir la taille, la finition et le design qui conviennent le mieux \u00e0 vos besoins sp\u00e9cifiques. Notre gamme d'options vous permet de trouver exactement ce dont vous avez besoin, tout en conservant la qualit\u00e9 et le prix qui font la r\u00e9putation de SX.<\/p>\n<h3>Approuv\u00e9 par les professionnels du secteur<\/h3>\n<p>Les professionnels du monde entier font confiance \u00e0 SX pour leurs besoins en mat\u00e9riel de transport. Nos <strong>Renforts d'angle pour les caisses de route<\/strong> sont con\u00e7ues pour offrir une fiabilit\u00e9 \u00e0 long terme, ce qui en fait le choix par excellence pour ceux qui ont besoin d'un mat\u00e9riel fiable. Que vous prot\u00e9giez des instruments d\u00e9licats, du mat\u00e9riel audiovisuel ou d'autres \u00e9quipements de valeur, SX s'assure que vos mallettes sont pr\u00eates pour la route.<\/p>\n<h3>Choisissez SX pour une protection imbattable<\/h3>\n<p>Lorsqu'il s'agit de prot\u00e9ger votre investissement, faites confiance \u00e0 l'\u00e9quipe de SX. <strong>Renforts d'angle pour les caisses de route<\/strong>. En mettant l'accent sur la fourniture de produits de haute qualit\u00e9 \u00e0 des prix d'usine, nous offrons le bon \u00e9quilibre entre durabilit\u00e9 et accessibilit\u00e9. S\u00e9curisez votre \u00e9quipement en toute confiance et laissez SX \u00eatre votre partenaire en mati\u00e8re de mat\u00e9riel de transport fiable.<\/p>\n<p>en choisissant SX pour votre prochain projet.<\/p>\n<p>Contactez-nous maintenant :<span style=\"color: #0000ff;\"><a style=\"color: #0000ff;\" href=\"https:\/\/sxpowercase.com\/contact-us\/\">https:\/\/sxpowercase.com\/<\/a><\/span><\/p>\n<p>Catalogue de produits mat\u00e9riels :<span style=\"color: #3366ff;\"><a style=\"color: #3366ff;\" href=\"https:\/\/sxpowercase.com\/wp-content\/uploads\/2024\/07\/\u4e94\u91d1.pdf\">Catalogue d&#039;accessoires de quincaillerie<\/a><\/span><\/p>","protected":false},"excerpt":{"rendered":"<h3>SX Road Case Corner Brace : Protection durable et abordable<\/h3>\n<p>SX propose des renforts d'angle robustes qui assurent une stabilit\u00e9 fiable pour les caisses routi\u00e8res. Fabriqu\u00e9s en m\u00e9tal r\u00e9sistant, ces renforts garantissent des performances durables \u00e0 des prix d'usine.<\/p>\n<h3>Renforcez vos bo\u00eetiers avec les corni\u00e8res SX<\/h3>\n<p>Les corni\u00e8res SX sont con\u00e7ues pour une installation facile et sont id\u00e9ales pour les professionnels et les bricoleurs. Ils ajoutent une protection et une solidit\u00e9 suppl\u00e9mentaires aux caisses de route, les prot\u00e9geant contre l'usure et la d\u00e9t\u00e9rioration.<\/p>\n<h3>Mat\u00e9riel personnalisable et rentable de SX<\/h3>\n<p>SX propose des options personnalisables pour les renforts d'angle des caisses routi\u00e8res, r\u00e9pondant ainsi aux besoins uniques des projets tout en restant abordable. SX, qui jouit de la confiance des professionnels, allie qualit\u00e9 et valeur dans chacun de ses produits.<\/p>","protected":false},"featured_media":4189,"comment_status":"open","ping_status":"closed","template":"","meta":[],"product_brand":[],"product_cat":[64],"product_tag":[],"class_list":{"0":"post-4225","1":"product","2":"type-product","3":"status-publish","4":"has-post-thumbnail","6":"product_cat-clamps","8":"first","9":"instock","10":"shipping-taxable","11":"product-type-simple"},"yoast_head":"<!-- This site is optimized with the Yoast SEO Premium plugin v27.1 (Yoast SEO v27.2) - https:\/\/yoast.com\/product\/yoast-seo-premium-wordpress\/ -->\n<title>Road Case Corner Brace CLA804 - https:\/\/sxflightcase.com \ud83d\udc97<\/title>\n<meta name=\"description\" content=\"Road case corner brace, factory direct! High-quality, durable braces designed to reinforce and secure road case corners. Ideal for added stability and protection during heavy-duty transport.\" \/>\n<meta name=\"robots\" content=\"index, follow, max-snippet:-1, max-image-preview:large, max-video-preview:-1\" \/>\n<link rel=\"canonical\" href=\"https:\/\/sxflightcase.com\/fr\/produit\/etui-de-route-renfort-dangle-cla804-2\/\" \/>\n<meta property=\"og:locale\" content=\"fr_FR\" \/>\n<meta property=\"og:type\" content=\"article\" \/>\n<meta property=\"og:title\" content=\"Road Case Corner Brace CLA804\" \/>\n<meta property=\"og:description\" content=\"Road case corner brace, factory direct! High-quality, durable braces designed to reinforce and secure road case corners. Ideal for added stability and protection during heavy-duty transport.\" \/>\n<meta property=\"og:url\" content=\"https:\/\/sxflightcase.com\/fr\/produit\/etui-de-route-renfort-dangle-cla804-2\/\" \/>\n<meta property=\"og:site_name\" content=\"https:\/\/sxflightcase.com\" \/>\n<meta property=\"article:publisher\" content=\"https:\/\/www.facebook.com\/profile.php?id=61560407257971\" \/>\n<meta property=\"article:modified_time\" content=\"2024-08-27T02:50:32+00:00\" \/>\n<meta property=\"og:image\" content=\"https:\/\/sxflightcase.com\/wp-content\/uploads\/2024\/08\/CLA804.jpg\" \/>\n\t<meta property=\"og:image:width\" content=\"700\" \/>\n\t<meta property=\"og:image:height\" content=\"700\" \/>\n\t<meta property=\"og:image:type\" content=\"image\/jpeg\" \/>\n<meta name=\"twitter:card\" content=\"summary_large_image\" \/>\n<meta name=\"twitter:label1\" content=\"Dur\u00e9e de lecture estim\u00e9e\" \/>\n\t<meta name=\"twitter:data1\" content=\"3 minutes\" \/>\n<script type=\"application\/ld+json\" class=\"yoast-schema-graph\">{\"@context\":\"https:\/\/schema.org\",\"@graph\":[{\"@type\":\"WebPage\",\"@id\":\"https:\/\/sxflightcase.com\/product\/road-case-corner-brace-cla804\/\",\"url\":\"https:\/\/sxflightcase.com\/product\/road-case-corner-brace-cla804\/\",\"name\":\"Road Case Corner Brace CLA804 - https:\/\/sxflightcase.com \ud83d\udc97\",\"isPartOf\":{\"@id\":\"https:\/\/sxflightcase.com\/th\/#website\"},\"primaryImageOfPage\":{\"@id\":\"https:\/\/sxflightcase.com\/product\/road-case-corner-brace-cla804\/#primaryimage\"},\"image\":{\"@id\":\"https:\/\/sxflightcase.com\/product\/road-case-corner-brace-cla804\/#primaryimage\"},\"thumbnailUrl\":\"https:\/\/sxflightcase.com\/wp-content\/uploads\/2024\/08\/CLA804.jpg\",\"datePublished\":\"2024-08-27T02:50:31+00:00\",\"dateModified\":\"2024-08-27T02:50:32+00:00\",\"description\":\"Road case corner brace, factory direct! High-quality, durable braces designed to reinforce and secure road case corners. Ideal for added stability and protection during heavy-duty transport.\",\"breadcrumb\":{\"@id\":\"https:\/\/sxflightcase.com\/product\/road-case-corner-brace-cla804\/#breadcrumb\"},\"inLanguage\":\"fr-FR\",\"potentialAction\":[{\"@type\":\"ReadAction\",\"target\":[\"https:\/\/sxflightcase.com\/product\/road-case-corner-brace-cla804\/\"]}]},{\"@type\":\"ImageObject\",\"inLanguage\":\"fr-FR\",\"@id\":\"https:\/\/sxflightcase.com\/product\/road-case-corner-brace-cla804\/#primaryimage\",\"url\":\"https:\/\/sxflightcase.com\/wp-content\/uploads\/2024\/08\/CLA804.jpg\",\"contentUrl\":\"https:\/\/sxflightcase.com\/wp-content\/uploads\/2024\/08\/CLA804.jpg\",\"width\":700,\"height\":700,\"caption\":\"Road Case Corner Brace\"},{\"@type\":\"BreadcrumbList\",\"@id\":\"https:\/\/sxflightcase.com\/product\/road-case-corner-brace-cla804\/#breadcrumb\",\"itemListElement\":[{\"@type\":\"ListItem\",\"position\":1,\"name\":\"Home\",\"item\":\"https:\/\/sxflightcase.com\/\"},{\"@type\":\"ListItem\",\"position\":2,\"name\":\"\u0e2a\u0e34\u0e19\u0e04\u0e49\u0e32\",\"item\":\"https:\/\/sxflightcase.com\/th\/shop\/\"},{\"@type\":\"ListItem\",\"position\":3,\"name\":\"Road Case Corner Brace CLA804\"}]},{\"@type\":\"WebSite\",\"@id\":\"https:\/\/sxflightcase.com\/th\/#website\",\"url\":\"https:\/\/sxflightcase.com\/th\/\",\"name\":\"sxpowercase.com\",\"description\":\"Flight Case Factory\",\"publisher\":{\"@id\":\"https:\/\/sxflightcase.com\/th\/#organization\"},\"potentialAction\":[{\"@type\":\"SearchAction\",\"target\":{\"@type\":\"EntryPoint\",\"urlTemplate\":\"https:\/\/sxflightcase.com\/th\/?s={search_term_string}\"},\"query-input\":{\"@type\":\"PropertyValueSpecification\",\"valueRequired\":true,\"valueName\":\"search_term_string\"}}],\"inLanguage\":\"fr-FR\"},{\"@type\":\"Organization\",\"@id\":\"https:\/\/sxflightcase.com\/th\/#organization\",\"name\":\"sxpowercase.com\",\"url\":\"https:\/\/sxflightcase.com\/th\/\",\"logo\":{\"@type\":\"ImageObject\",\"inLanguage\":\"fr-FR\",\"@id\":\"https:\/\/sxflightcase.com\/th\/#\/schema\/logo\/image\/\",\"url\":\"https:\/\/sxflightcase.com\/wp-content\/uploads\/2024\/04\/1713919036007.jpg\",\"contentUrl\":\"https:\/\/sxflightcase.com\/wp-content\/uploads\/2024\/04\/1713919036007.jpg\",\"width\":382,\"height\":388,\"caption\":\"sxpowercase.com\"},\"image\":{\"@id\":\"https:\/\/sxflightcase.com\/th\/#\/schema\/logo\/image\/\"},\"sameAs\":[\"https:\/\/www.facebook.com\/profile.php?id=61560407257971\"],\"numberOfEmployees\":{\"@type\":\"QuantitativeValue\",\"minValue\":\"11\",\"maxValue\":\"50\"}}]}<\/script>\n<!-- \/ Yoast SEO Premium plugin. -->","yoast_head_json":{"title":"Road Case Corner Brace CLA804 - https:\/\/sxflightcase.com \ud83d\udc97","description":"Renfort d'angle Road Case, direct usine ! Renforts durables de haute qualit\u00e9 con\u00e7us pour renforcer et s\u00e9curiser les coins de la valise. Id\u00e9ales pour renforcer la stabilit\u00e9 et la protection pendant le transport de charges lourdes.","robots":{"index":"index","follow":"follow","max-snippet":"max-snippet:-1","max-image-preview":"max-image-preview:large","max-video-preview":"max-video-preview:-1"},"canonical":"https:\/\/sxflightcase.com\/fr\/produit\/etui-de-route-renfort-dangle-cla804-2\/","og_locale":"fr_FR","og_type":"article","og_title":"Road Case Corner Brace CLA804","og_description":"Road case corner brace, factory direct! High-quality, durable braces designed to reinforce and secure road case corners. Ideal for added stability and protection during heavy-duty transport.","og_url":"https:\/\/sxflightcase.com\/fr\/produit\/etui-de-route-renfort-dangle-cla804-2\/","og_site_name":"https:\/\/sxflightcase.com","article_publisher":"https:\/\/www.facebook.com\/profile.php?id=61560407257971","article_modified_time":"2024-08-27T02:50:32+00:00","og_image":[{"width":700,"height":700,"url":"https:\/\/sxflightcase.com\/wp-content\/uploads\/2024\/08\/CLA804.jpg","type":"image\/jpeg"}],"twitter_card":"summary_large_image","twitter_misc":{"Dur\u00e9e de lecture estim\u00e9e":"3 minutes"},"schema":{"@context":"https:\/\/schema.org","@graph":[{"@type":"WebPage","@id":"https:\/\/sxflightcase.com\/product\/road-case-corner-brace-cla804\/","url":"https:\/\/sxflightcase.com\/product\/road-case-corner-brace-cla804\/","name":"Road Case Corner Brace CLA804 - https:\/\/sxflightcase.com \ud83d\udc97","isPartOf":{"@id":"https:\/\/sxflightcase.com\/th\/#website"},"primaryImageOfPage":{"@id":"https:\/\/sxflightcase.com\/product\/road-case-corner-brace-cla804\/#primaryimage"},"image":{"@id":"https:\/\/sxflightcase.com\/product\/road-case-corner-brace-cla804\/#primaryimage"},"thumbnailUrl":"https:\/\/sxflightcase.com\/wp-content\/uploads\/2024\/08\/CLA804.jpg","datePublished":"2024-08-27T02:50:31+00:00","dateModified":"2024-08-27T02:50:32+00:00","description":"Renfort d'angle Road Case, direct usine ! Renforts durables de haute qualit\u00e9 con\u00e7us pour renforcer et s\u00e9curiser les coins de la valise. Id\u00e9ales pour renforcer la stabilit\u00e9 et la protection pendant le transport de charges lourdes.","breadcrumb":{"@id":"https:\/\/sxflightcase.com\/product\/road-case-corner-brace-cla804\/#breadcrumb"},"inLanguage":"fr-FR","potentialAction":[{"@type":"ReadAction","target":["https:\/\/sxflightcase.com\/product\/road-case-corner-brace-cla804\/"]}]},{"@type":"ImageObject","inLanguage":"fr-FR","@id":"https:\/\/sxflightcase.com\/product\/road-case-corner-brace-cla804\/#primaryimage","url":"https:\/\/sxflightcase.com\/wp-content\/uploads\/2024\/08\/CLA804.jpg","contentUrl":"https:\/\/sxflightcase.com\/wp-content\/uploads\/2024\/08\/CLA804.jpg","width":700,"height":700,"caption":"Road Case Corner Brace"},{"@type":"BreadcrumbList","@id":"https:\/\/sxflightcase.com\/product\/road-case-corner-brace-cla804\/#breadcrumb","itemListElement":[{"@type":"ListItem","position":1,"name":"Home","item":"https:\/\/sxflightcase.com\/"},{"@type":"ListItem","position":2,"name":"\u0e2a\u0e34\u0e19\u0e04\u0e49\u0e32","item":"https:\/\/sxflightcase.com\/th\/shop\/"},{"@type":"ListItem","position":3,"name":"Road Case Corner Brace CLA804"}]},{"@type":"WebSite","@id":"https:\/\/sxflightcase.com\/th\/#website","url":"https:\/\/sxflightcase.com\/th\/","name":"sxpowercase.com","description":"Flight Case Factory","publisher":{"@id":"https:\/\/sxflightcase.com\/th\/#organization"},"potentialAction":[{"@type":"SearchAction","target":{"@type":"EntryPoint","urlTemplate":"https:\/\/sxflightcase.com\/th\/?s={search_term_string}"},"query-input":{"@type":"PropertyValueSpecification","valueRequired":true,"valueName":"search_term_string"}}],"inLanguage":"fr-FR"},{"@type":"Organization","@id":"https:\/\/sxflightcase.com\/th\/#organization","name":"sxpowercase.com","url":"https:\/\/sxflightcase.com\/th\/","logo":{"@type":"ImageObject","inLanguage":"fr-FR","@id":"https:\/\/sxflightcase.com\/th\/#\/schema\/logo\/image\/","url":"https:\/\/sxflightcase.com\/wp-content\/uploads\/2024\/04\/1713919036007.jpg","contentUrl":"https:\/\/sxflightcase.com\/wp-content\/uploads\/2024\/04\/1713919036007.jpg","width":382,"height":388,"caption":"sxpowercase.com"},"image":{"@id":"https:\/\/sxflightcase.com\/th\/#\/schema\/logo\/image\/"},"sameAs":["https:\/\/www.facebook.com\/profile.php?id=61560407257971"],"numberOfEmployees":{"@type":"QuantitativeValue","minValue":"11","maxValue":"50"}}]}},"_links":{"self":[{"href":"https:\/\/sxflightcase.com\/fr\/wp-json\/wp\/v2\/product\/4225","targetHints":{"allow":["GET"]}}],"collection":[{"href":"https:\/\/sxflightcase.com\/fr\/wp-json\/wp\/v2\/product"}],"about":[{"href":"https:\/\/sxflightcase.com\/fr\/wp-json\/wp\/v2\/types\/product"}],"replies":[{"embeddable":true,"href":"https:\/\/sxflightcase.com\/fr\/wp-json\/wp\/v2\/comments?post=4225"}],"version-history":[{"count":0,"href":"https:\/\/sxflightcase.com\/fr\/wp-json\/wp\/v2\/product\/4225\/revisions"}],"wp:featuredmedia":[{"embeddable":true,"href":"https:\/\/sxflightcase.com\/fr\/wp-json\/wp\/v2\/media\/4189"}],"wp:attachment":[{"href":"https:\/\/sxflightcase.com\/fr\/wp-json\/wp\/v2\/media?parent=4225"}],"wp:term":[{"taxonomy":"product_brand","embeddable":true,"href":"https:\/\/sxflightcase.com\/fr\/wp-json\/wp\/v2\/product_brand?post=4225"},{"taxonomy":"product_cat","embeddable":true,"href":"https:\/\/sxflightcase.com\/fr\/wp-json\/wp\/v2\/product_cat?post=4225"},{"taxonomy":"product_tag","embeddable":true,"href":"https:\/\/sxflightcase.com\/fr\/wp-json\/wp\/v2\/product_tag?post=4225"}],"curies":[{"name":"wp","href":"https:\/\/api.w.org\/{rel}","templated":true}]}}