{"id":4226,"date":"2024-08-27T03:54:31","date_gmt":"2024-08-27T02:54:31","guid":{"rendered":"https:\/\/sxpowercase.com\/?post_type=product&#038;p=4226"},"modified":"2024-08-27T03:54:32","modified_gmt":"2024-08-27T02:54:32","slug":"flight-case-brace-clb101","status":"publish","type":"product","link":"https:\/\/sxflightcase.com\/fr\/produit\/support-de-flight-case-clb101-2\/","title":{"rendered":"Support pour valise de transport CLB101"},"content":{"rendered":"<h3>Support de Flight Case de haute qualit\u00e9 de SX<\/h3>\n<p>Lors de la construction ou de l'am\u00e9lioration de vos flight cases, un renforcement solide est essentiel. SX propose un <span style=\"color: #3366ff;\"><a style=\"color: #3366ff;\" href=\"https:\/\/sxpowercase.com\/product\/road-case-corner-brace-cla804\/\"><strong>Support pour Flight Case<\/strong><\/a><\/span> con\u00e7us pour offrir un soutien fiable et une durabilit\u00e9 accrue. Que vous ayez besoin de s\u00e9curiser des \u00e9quipements d\u00e9licats ou de r\u00e9sister \u00e0 un usage intensif, nos supports sont con\u00e7us pour offrir des performances de premier ordre. Avec <a href=\"https:\/\/sxpowercase.com\/\" target=\"_blank\" rel=\"noopener\" title=\"SX\" data-wpil-monitor-id=\"702\">SX<\/a>Vous b\u00e9n\u00e9ficiez de prix d'usine, ce qui vous garantit une protection de qualit\u00e9 \u00e0 un co\u00fbt abordable.<\/p>\n<h3>Construit pour la force et la long\u00e9vit\u00e9<\/h3>\n<p>Notre <strong>Support pour Flight Case<\/strong> est fabriqu\u00e9 en m\u00e9tal tr\u00e8s r\u00e9sistant, con\u00e7u pour renforcer efficacement la structure de votre valise. Cette construction robuste permet d'\u00e9viter les d\u00e9formations, les dommages et d'autres probl\u00e8mes courants pendant le transport. Avec SX, vous obtenez du mat\u00e9riel de qualit\u00e9 qui est construit pour durer, tout en maintenant des prix bas gr\u00e2ce \u00e0 notre mod\u00e8le d'usine directe. Profitez des avantages de produits de qualit\u00e9 sup\u00e9rieure sans les prix \u00e9lev\u00e9s.<\/p>\n<h3>Une protection fiable \u00e0 des prix directs d'usine<\/h3>\n<p>Chez SX, nous nous effor\u00e7ons de fournir des produits de haute qualit\u00e9 tout en respectant votre budget. Nos <strong>Support pour Flight Case<\/strong> offre la solidit\u00e9 et la stabilit\u00e9 dont vous avez besoin pour une fraction du co\u00fbt. En \u00e9liminant les interm\u00e9diaires, nous garantissons \u00e0 nos clients des solutions \u00e0 bas prix sans compromettre la qualit\u00e9. Faites confiance \u00e0 SX pour un mat\u00e9riel durable qui offre une protection fiable, le tout \u00e0 des prix comp\u00e9titifs.<\/p>\n<h3>Installation facile et conception polyvalente<\/h3>\n<p>SX's <strong>Support pour Flight Case<\/strong> est con\u00e7u pour une installation rapide et sans probl\u00e8me. Qu'il s'agisse d'assembler une nouvelle valise ou de moderniser une valise existante, notre renfort s'adapte parfaitement \u00e0 diff\u00e9rents mod\u00e8les. Sa conception polyvalente lui permet de s'adapter \u00e0 diff\u00e9rents types de mallettes et de fournir le renfort n\u00e9cessaire pour assurer la s\u00e9curit\u00e9 de votre \u00e9quipement. Avec SX, vous \u00e9conomisez du temps et des efforts tout en obtenant un produit fiable qui r\u00e9pond \u00e0 vos besoins.<\/p>\n<h3>Personnalisation pour vos besoins sp\u00e9cifiques<\/h3>\n<p>Chez SX, nous comprenons que chaque projet est unique. C'est pourquoi nous proposons des options personnalisables pour nos <strong>Support pour Flight Case<\/strong>. Vous pouvez choisir parmi diff\u00e9rentes tailles, finitions et conceptions pour r\u00e9pondre \u00e0 vos besoins sp\u00e9cifiques. Qu'il s'agisse de renforts robustes ou d'une option plus l\u00e9g\u00e8re, SX propose des solutions sur mesure qui correspondent aux objectifs de votre projet.<\/p>\n<h3>Des professionnels du monde entier lui font confiance<\/h3>\n<p>Les professionnels de diverses industries font confiance \u00e0 SX pour leurs besoins en mat\u00e9riel de flight case. Nos <strong>Support pour Flight Case<\/strong> est con\u00e7ue pour r\u00e9sister aux rigueurs des voyages fr\u00e9quents et d'une utilisation intensive, ce qui en fait un choix de premier ordre pour ceux qui privil\u00e9gient la durabilit\u00e9 et la performance. Qu'il s'agisse de mat\u00e9riel audiovisuel, d'instruments de musique ou d'autres \u00e9quipements de valeur, SX offre une protection \u00e0 laquelle vous pouvez faire confiance.<\/p>\n<h3>Choisissez SX pour un mat\u00e9riel fiable pour Flight Case<\/h3>\n<p>Lorsqu'il s'agit de s\u00e9curiser votre investissement, SX's <strong>Support pour Flight Case<\/strong> est le choix id\u00e9al. En mettant l'accent sur les prix directs d'usine, l'assurance qualit\u00e9 et la durabilit\u00e9, nous fournissons du mat\u00e9riel sur lequel vous pouvez compter. Prot\u00e9gez votre mat\u00e9riel en toute confiance et ayez l'esprit tranquille en sachant que vos mallettes sont renforc\u00e9es par les solutions fiables de SX.<\/p>\n<p>Contactez-nous maintenant :<span style=\"color: #0000ff;\"><a style=\"color: #0000ff;\" href=\"https:\/\/sxpowercase.com\/contact-us\/\">https:\/\/sxpowercase.com\/<\/a><\/span><\/p>\n<p>Catalogue de produits mat\u00e9riels :<span style=\"color: #3366ff;\"><a style=\"color: #3366ff;\" href=\"https:\/\/sxpowercase.com\/wp-content\/uploads\/2024\/07\/\u4e94\u91d1.pdf\">Catalogue d&#039;accessoires de quincaillerie<\/a><\/span><\/p>","protected":false},"excerpt":{"rendered":"<h3>Support pour Flight Case SX : Protection durable \u00e0 des prix directs d'usine<\/h3>\n<p>Renforcez vos flight cases avec les renforts m\u00e9talliques haute r\u00e9sistance de SX, con\u00e7us pour un soutien durable et des performances fiables. B\u00e9n\u00e9ficiez d'une protection de qualit\u00e9 sans vous ruiner.<\/p>\n<h3>Renforcez vos valises avec SX Flight Case Brace<\/h3>\n<p>SX propose des supports de flight case robustes qui emp\u00eachent les d\u00e9formations et les dommages pendant le transport. Faciles \u00e0 installer et polyvalents, ils s'int\u00e8grent parfaitement dans diff\u00e9rents types de bo\u00eetiers.<\/p>\n<h3>Supports de Flight Case personnalisables et abordables de SX<\/h3>\n<p>Choisissez parmi des options adapt\u00e9es \u00e0 vos besoins sp\u00e9cifiques. SX propose des solutions rentables, fabriqu\u00e9es directement en usine, auxquelles les professionnels du monde entier font confiance pour leur durabilit\u00e9 et leurs performances.<\/p>","protected":false},"featured_media":4190,"comment_status":"open","ping_status":"closed","template":"","meta":[],"product_brand":[],"product_cat":[64],"product_tag":[],"class_list":{"0":"post-4226","1":"product","2":"type-product","3":"status-publish","4":"has-post-thumbnail","6":"product_cat-clamps","8":"first","9":"instock","10":"shipping-taxable","11":"product-type-simple"},"yoast_head":"<!-- This site is optimized with the Yoast SEO Premium plugin v27.1 (Yoast SEO v27.2) - https:\/\/yoast.com\/product\/yoast-seo-premium-wordpress\/ -->\n<title>Flight Case Brace CLB101 - https:\/\/sxflightcase.com \ud83d\udc97<\/title>\n<meta name=\"description\" content=\"Flight case brace, factory direct! High-quality, durable braces designed to reinforce and secure flight case panels and corners. Perfect for ensuring stability and long-lasting protection.\" \/>\n<meta name=\"robots\" content=\"index, follow, max-snippet:-1, max-image-preview:large, max-video-preview:-1\" \/>\n<link rel=\"canonical\" href=\"https:\/\/sxflightcase.com\/fr\/produit\/support-de-flight-case-clb101-2\/\" \/>\n<meta property=\"og:locale\" content=\"fr_FR\" \/>\n<meta property=\"og:type\" content=\"article\" \/>\n<meta property=\"og:title\" content=\"Flight Case Brace CLB101\" \/>\n<meta property=\"og:description\" content=\"Flight case brace, factory direct! High-quality, durable braces designed to reinforce and secure flight case panels and corners. Perfect for ensuring stability and long-lasting protection.\" \/>\n<meta property=\"og:url\" content=\"https:\/\/sxflightcase.com\/fr\/produit\/support-de-flight-case-clb101-2\/\" \/>\n<meta property=\"og:site_name\" content=\"https:\/\/sxflightcase.com\" \/>\n<meta property=\"article:publisher\" content=\"https:\/\/www.facebook.com\/profile.php?id=61560407257971\" \/>\n<meta property=\"article:modified_time\" content=\"2024-08-27T02:54:32+00:00\" \/>\n<meta property=\"og:image\" content=\"https:\/\/sxflightcase.com\/wp-content\/uploads\/2024\/08\/CLB101.jpg\" \/>\n\t<meta property=\"og:image:width\" content=\"520\" \/>\n\t<meta property=\"og:image:height\" content=\"520\" \/>\n\t<meta property=\"og:image:type\" content=\"image\/jpeg\" \/>\n<meta name=\"twitter:card\" content=\"summary_large_image\" \/>\n<meta name=\"twitter:label1\" content=\"Dur\u00e9e de lecture estim\u00e9e\" \/>\n\t<meta name=\"twitter:data1\" content=\"3 minutes\" \/>\n<script type=\"application\/ld+json\" class=\"yoast-schema-graph\">{\"@context\":\"https:\/\/schema.org\",\"@graph\":[{\"@type\":\"WebPage\",\"@id\":\"https:\/\/sxflightcase.com\/product\/flight-case-brace-clb101\/\",\"url\":\"https:\/\/sxflightcase.com\/product\/flight-case-brace-clb101\/\",\"name\":\"Flight Case Brace CLB101 - https:\/\/sxflightcase.com \ud83d\udc97\",\"isPartOf\":{\"@id\":\"https:\/\/sxflightcase.com\/th\/#website\"},\"primaryImageOfPage\":{\"@id\":\"https:\/\/sxflightcase.com\/product\/flight-case-brace-clb101\/#primaryimage\"},\"image\":{\"@id\":\"https:\/\/sxflightcase.com\/product\/flight-case-brace-clb101\/#primaryimage\"},\"thumbnailUrl\":\"https:\/\/sxflightcase.com\/wp-content\/uploads\/2024\/08\/CLB101.jpg\",\"datePublished\":\"2024-08-27T02:54:31+00:00\",\"dateModified\":\"2024-08-27T02:54:32+00:00\",\"description\":\"Flight case brace, factory direct! High-quality, durable braces designed to reinforce and secure flight case panels and corners. Perfect for ensuring stability and long-lasting protection.\",\"breadcrumb\":{\"@id\":\"https:\/\/sxflightcase.com\/product\/flight-case-brace-clb101\/#breadcrumb\"},\"inLanguage\":\"fr-FR\",\"potentialAction\":[{\"@type\":\"ReadAction\",\"target\":[\"https:\/\/sxflightcase.com\/product\/flight-case-brace-clb101\/\"]}]},{\"@type\":\"ImageObject\",\"inLanguage\":\"fr-FR\",\"@id\":\"https:\/\/sxflightcase.com\/product\/flight-case-brace-clb101\/#primaryimage\",\"url\":\"https:\/\/sxflightcase.com\/wp-content\/uploads\/2024\/08\/CLB101.jpg\",\"contentUrl\":\"https:\/\/sxflightcase.com\/wp-content\/uploads\/2024\/08\/CLB101.jpg\",\"width\":520,\"height\":520,\"caption\":\"Flight Case Brace\"},{\"@type\":\"BreadcrumbList\",\"@id\":\"https:\/\/sxflightcase.com\/product\/flight-case-brace-clb101\/#breadcrumb\",\"itemListElement\":[{\"@type\":\"ListItem\",\"position\":1,\"name\":\"Home\",\"item\":\"https:\/\/sxflightcase.com\/\"},{\"@type\":\"ListItem\",\"position\":2,\"name\":\"\u0e2a\u0e34\u0e19\u0e04\u0e49\u0e32\",\"item\":\"https:\/\/sxflightcase.com\/th\/shop\/\"},{\"@type\":\"ListItem\",\"position\":3,\"name\":\"Flight Case Brace CLB101\"}]},{\"@type\":\"WebSite\",\"@id\":\"https:\/\/sxflightcase.com\/th\/#website\",\"url\":\"https:\/\/sxflightcase.com\/th\/\",\"name\":\"sxpowercase.com\",\"description\":\"Flight Case Factory\",\"publisher\":{\"@id\":\"https:\/\/sxflightcase.com\/th\/#organization\"},\"potentialAction\":[{\"@type\":\"SearchAction\",\"target\":{\"@type\":\"EntryPoint\",\"urlTemplate\":\"https:\/\/sxflightcase.com\/th\/?s={search_term_string}\"},\"query-input\":{\"@type\":\"PropertyValueSpecification\",\"valueRequired\":true,\"valueName\":\"search_term_string\"}}],\"inLanguage\":\"fr-FR\"},{\"@type\":\"Organization\",\"@id\":\"https:\/\/sxflightcase.com\/th\/#organization\",\"name\":\"sxpowercase.com\",\"url\":\"https:\/\/sxflightcase.com\/th\/\",\"logo\":{\"@type\":\"ImageObject\",\"inLanguage\":\"fr-FR\",\"@id\":\"https:\/\/sxflightcase.com\/th\/#\/schema\/logo\/image\/\",\"url\":\"https:\/\/sxflightcase.com\/wp-content\/uploads\/2024\/04\/1713919036007.jpg\",\"contentUrl\":\"https:\/\/sxflightcase.com\/wp-content\/uploads\/2024\/04\/1713919036007.jpg\",\"width\":382,\"height\":388,\"caption\":\"sxpowercase.com\"},\"image\":{\"@id\":\"https:\/\/sxflightcase.com\/th\/#\/schema\/logo\/image\/\"},\"sameAs\":[\"https:\/\/www.facebook.com\/profile.php?id=61560407257971\"],\"numberOfEmployees\":{\"@type\":\"QuantitativeValue\",\"minValue\":\"11\",\"maxValue\":\"50\"}}]}<\/script>\n<!-- \/ Yoast SEO Premium plugin. -->","yoast_head_json":{"title":"Flight Case Brace CLB101 - https:\/\/sxflightcase.com \ud83d\udc97","description":"Renfort pour flight case, direct usine ! Renforts durables de haute qualit\u00e9 con\u00e7us pour renforcer et s\u00e9curiser les panneaux et les coins des flight cases. Parfaites pour assurer la stabilit\u00e9 et une protection durable.","robots":{"index":"index","follow":"follow","max-snippet":"max-snippet:-1","max-image-preview":"max-image-preview:large","max-video-preview":"max-video-preview:-1"},"canonical":"https:\/\/sxflightcase.com\/fr\/produit\/support-de-flight-case-clb101-2\/","og_locale":"fr_FR","og_type":"article","og_title":"Flight Case Brace CLB101","og_description":"Flight case brace, factory direct! High-quality, durable braces designed to reinforce and secure flight case panels and corners. Perfect for ensuring stability and long-lasting protection.","og_url":"https:\/\/sxflightcase.com\/fr\/produit\/support-de-flight-case-clb101-2\/","og_site_name":"https:\/\/sxflightcase.com","article_publisher":"https:\/\/www.facebook.com\/profile.php?id=61560407257971","article_modified_time":"2024-08-27T02:54:32+00:00","og_image":[{"width":520,"height":520,"url":"https:\/\/sxflightcase.com\/wp-content\/uploads\/2024\/08\/CLB101.jpg","type":"image\/jpeg"}],"twitter_card":"summary_large_image","twitter_misc":{"Dur\u00e9e de lecture estim\u00e9e":"3 minutes"},"schema":{"@context":"https:\/\/schema.org","@graph":[{"@type":"WebPage","@id":"https:\/\/sxflightcase.com\/product\/flight-case-brace-clb101\/","url":"https:\/\/sxflightcase.com\/product\/flight-case-brace-clb101\/","name":"Flight Case Brace CLB101 - https:\/\/sxflightcase.com \ud83d\udc97","isPartOf":{"@id":"https:\/\/sxflightcase.com\/th\/#website"},"primaryImageOfPage":{"@id":"https:\/\/sxflightcase.com\/product\/flight-case-brace-clb101\/#primaryimage"},"image":{"@id":"https:\/\/sxflightcase.com\/product\/flight-case-brace-clb101\/#primaryimage"},"thumbnailUrl":"https:\/\/sxflightcase.com\/wp-content\/uploads\/2024\/08\/CLB101.jpg","datePublished":"2024-08-27T02:54:31+00:00","dateModified":"2024-08-27T02:54:32+00:00","description":"Renfort pour flight case, direct usine ! Renforts durables de haute qualit\u00e9 con\u00e7us pour renforcer et s\u00e9curiser les panneaux et les coins des flight cases. Parfaites pour assurer la stabilit\u00e9 et une protection durable.","breadcrumb":{"@id":"https:\/\/sxflightcase.com\/product\/flight-case-brace-clb101\/#breadcrumb"},"inLanguage":"fr-FR","potentialAction":[{"@type":"ReadAction","target":["https:\/\/sxflightcase.com\/product\/flight-case-brace-clb101\/"]}]},{"@type":"ImageObject","inLanguage":"fr-FR","@id":"https:\/\/sxflightcase.com\/product\/flight-case-brace-clb101\/#primaryimage","url":"https:\/\/sxflightcase.com\/wp-content\/uploads\/2024\/08\/CLB101.jpg","contentUrl":"https:\/\/sxflightcase.com\/wp-content\/uploads\/2024\/08\/CLB101.jpg","width":520,"height":520,"caption":"Flight Case Brace"},{"@type":"BreadcrumbList","@id":"https:\/\/sxflightcase.com\/product\/flight-case-brace-clb101\/#breadcrumb","itemListElement":[{"@type":"ListItem","position":1,"name":"Home","item":"https:\/\/sxflightcase.com\/"},{"@type":"ListItem","position":2,"name":"\u0e2a\u0e34\u0e19\u0e04\u0e49\u0e32","item":"https:\/\/sxflightcase.com\/th\/shop\/"},{"@type":"ListItem","position":3,"name":"Flight Case Brace CLB101"}]},{"@type":"WebSite","@id":"https:\/\/sxflightcase.com\/th\/#website","url":"https:\/\/sxflightcase.com\/th\/","name":"sxpowercase.com","description":"Flight Case Factory","publisher":{"@id":"https:\/\/sxflightcase.com\/th\/#organization"},"potentialAction":[{"@type":"SearchAction","target":{"@type":"EntryPoint","urlTemplate":"https:\/\/sxflightcase.com\/th\/?s={search_term_string}"},"query-input":{"@type":"PropertyValueSpecification","valueRequired":true,"valueName":"search_term_string"}}],"inLanguage":"fr-FR"},{"@type":"Organization","@id":"https:\/\/sxflightcase.com\/th\/#organization","name":"sxpowercase.com","url":"https:\/\/sxflightcase.com\/th\/","logo":{"@type":"ImageObject","inLanguage":"fr-FR","@id":"https:\/\/sxflightcase.com\/th\/#\/schema\/logo\/image\/","url":"https:\/\/sxflightcase.com\/wp-content\/uploads\/2024\/04\/1713919036007.jpg","contentUrl":"https:\/\/sxflightcase.com\/wp-content\/uploads\/2024\/04\/1713919036007.jpg","width":382,"height":388,"caption":"sxpowercase.com"},"image":{"@id":"https:\/\/sxflightcase.com\/th\/#\/schema\/logo\/image\/"},"sameAs":["https:\/\/www.facebook.com\/profile.php?id=61560407257971"],"numberOfEmployees":{"@type":"QuantitativeValue","minValue":"11","maxValue":"50"}}]}},"_links":{"self":[{"href":"https:\/\/sxflightcase.com\/fr\/wp-json\/wp\/v2\/product\/4226","targetHints":{"allow":["GET"]}}],"collection":[{"href":"https:\/\/sxflightcase.com\/fr\/wp-json\/wp\/v2\/product"}],"about":[{"href":"https:\/\/sxflightcase.com\/fr\/wp-json\/wp\/v2\/types\/product"}],"replies":[{"embeddable":true,"href":"https:\/\/sxflightcase.com\/fr\/wp-json\/wp\/v2\/comments?post=4226"}],"version-history":[{"count":0,"href":"https:\/\/sxflightcase.com\/fr\/wp-json\/wp\/v2\/product\/4226\/revisions"}],"wp:featuredmedia":[{"embeddable":true,"href":"https:\/\/sxflightcase.com\/fr\/wp-json\/wp\/v2\/media\/4190"}],"wp:attachment":[{"href":"https:\/\/sxflightcase.com\/fr\/wp-json\/wp\/v2\/media?parent=4226"}],"wp:term":[{"taxonomy":"product_brand","embeddable":true,"href":"https:\/\/sxflightcase.com\/fr\/wp-json\/wp\/v2\/product_brand?post=4226"},{"taxonomy":"product_cat","embeddable":true,"href":"https:\/\/sxflightcase.com\/fr\/wp-json\/wp\/v2\/product_cat?post=4226"},{"taxonomy":"product_tag","embeddable":true,"href":"https:\/\/sxflightcase.com\/fr\/wp-json\/wp\/v2\/product_tag?post=4226"}],"curies":[{"name":"wp","href":"https:\/\/api.w.org\/{rel}","templated":true}]}}