{"id":4232,"date":"2024-09-02T07:23:24","date_gmt":"2024-09-02T06:23:24","guid":{"rendered":"https:\/\/sxpowercase.com\/?post_type=product&#038;p=4232"},"modified":"2024-09-02T07:23:35","modified_gmt":"2024-09-02T06:23:35","slug":"road-case-brace","status":"publish","type":"product","link":"https:\/\/sxflightcase.com\/fr\/produit\/support-de-caisse-de-route-2\/","title":{"rendered":"Support d'\u00e9tui de route CLB103"},"content":{"rendered":"<h3>Renforcez vos valises de route avec SX Road Case Brace<\/h3>\n<p>Lorsque vous transportez des \u00e9quipements de valeur, la derni\u00e8re chose que vous souhaitez, c'est qu'ils soient endommag\u00e9s par une protection inad\u00e9quate. SX offre une solution durable et rentable avec ses <a href=\"https:\/\/sxpowercase.com\/product\/flight-case-brace-clb102\/\"><strong>Support d'\u00e9tui de route<\/strong><\/a>Le syst\u00e8me d'attache est con\u00e7u pour fournir un renfort suppl\u00e9mentaire \u00e0 vos caisses de route. Chez SX, nous croyons en la qualit\u00e9 et la fiabilit\u00e9 \u00e0 des prix d'usine, ce qui vous permet d'obtenir le meilleur rapport qualit\u00e9-prix pour votre investissement.<\/p>\n<h3>Une durabilit\u00e9 \u00e0 toute \u00e9preuve<\/h3>\n<p>Le <strong>Support d'\u00e9tui de route<\/strong> de <a title=\"SX\" href=\"https:\/\/sxpowercase.com\/\" target=\"_blank\" rel=\"noopener\" data-wpil-monitor-id=\"704\">SX<\/a> est fabriqu\u00e9 \u00e0 partir de mat\u00e9riaux de haute qualit\u00e9 qui peuvent r\u00e9sister aux rigueurs du voyage. Que vos valises soient soumises \u00e0 des manipulations fr\u00e9quentes ou \u00e0 des transports sur de longues distances, nos renforts garantissent que vos valises de route restent intactes et s\u00e9curis\u00e9es. La solidit\u00e9 et la durabilit\u00e9 de nos renforts vous offrent la tranquillit\u00e9 d'esprit, sachant que votre mat\u00e9riel est prot\u00e9g\u00e9 m\u00eame dans les conditions les plus exigeantes. Faites confiance \u00e0 SX pour vous fournir des produits con\u00e7us pour durer sans compromis sur la qualit\u00e9.<\/p>\n<h3>Une assurance de qualit\u00e9 \u00e0 des prix directs d'usine<\/h3>\n<p>SX s'engage \u00e0 fournir des produits de haute qualit\u00e9 en provenance directe de l'usine. Cela signifie que vous b\u00e9n\u00e9ficiez d'\u00e9conomies significatives sans sacrifier la qualit\u00e9 de vos produits. <strong>Support d'\u00e9tui de route<\/strong>. Notre approche directe de l'usine nous permet de maintenir des contr\u00f4les de qualit\u00e9 stricts, garantissant que chaque renfort r\u00e9pond \u00e0 nos normes \u00e9lev\u00e9es. Vous n'avez pas besoin de d\u00e9penser trop pour obtenir le renforcement dont vos caisses de route ont besoin ; SX rend la protection de haut niveau abordable.<\/p>\n<h3>Adapt\u00e9 \u00e0 vos besoins<\/h3>\n<p>Chaque cas de route est diff\u00e9rent, et chez SX, nous reconnaissons le besoin de flexibilit\u00e9. C'est pourquoi nos <strong>Support d'\u00e9tui de route<\/strong> est disponible en diff\u00e9rentes tailles et configurations, ce qui vous permet de choisir l'option qui r\u00e9pond le mieux \u00e0 vos besoins. Que vous ayez besoin d'une orth\u00e8se standard ou d'une solution personnalis\u00e9e, SX vous propose des options qui r\u00e9pondent \u00e0 vos besoins sp\u00e9cifiques, le tout \u00e0 des prix comp\u00e9titifs. Notre objectif est d'offrir des produits qui non seulement r\u00e9pondent \u00e0 vos attentes, mais les d\u00e9passent.<\/p>\n<h3>La confiance des professionnels<\/h3>\n<p>SX est devenu un nom de confiance parmi les professionnels qui comptent sur la protection de leur \u00e9quipement. Nos <strong>Support d'\u00e9tui de route<\/strong> est pl\u00e9biscit\u00e9 par les professionnels du divertissement, de la diffusion et de l'\u00e9v\u00e9nementiel pour sa robustesse et sa fiabilit\u00e9. En choisissant SX, vous optez pour une marque qui comprend l'importance de pr\u00e9server la s\u00e9curit\u00e9 et la solidit\u00e9 de votre \u00e9quipement pendant le transport.<\/p>\n<h3>Pourquoi choisir SX?<\/h3>\n<p>Chez SX, nous combinons la qualit\u00e9, le prix et la facilit\u00e9 d'utilisation dans nos produits. <strong>Support d'\u00e9tui de route<\/strong>. Notre engagement \u00e0 vendre en direct signifie que vous recevez un produit de haute qualit\u00e9 \u00e0 un prix bas, tout en b\u00e9n\u00e9ficiant de nos processus rigoureux d'assurance qualit\u00e9. Lorsqu'il s'agit de renforcer vos caisses de route, SX est le choix intelligent pour les professionnels qui exigent ce qu'il y a de mieux \u00e0 un prix raisonnable. Prot\u00e9gez votre mat\u00e9riel avec SX et d\u00e9couvrez la diff\u00e9rence que fait la qualit\u00e9.<\/p>\n<p>Contactez-nous maintenant :<span style=\"color: #0000ff;\"><a style=\"color: #0000ff;\" href=\"https:\/\/sxpowercase.com\/contact-us\/\">https:\/\/sxpowercase.com\/<\/a><\/span><\/p>\n<p>Catalogue de produits mat\u00e9riels :<span style=\"color: #3366ff;\"><a style=\"color: #3366ff;\" href=\"https:\/\/sxpowercase.com\/wp-content\/uploads\/2024\/07\/\u4e94\u91d1.pdf\">Catalogue d&#039;accessoires de quincaillerie<\/a><\/span><\/p>","protected":false},"excerpt":{"rendered":"<div class=\"flex max-w-full flex-col flex-grow\">\n<div class=\"min-h-[20px] text-message flex w-full flex-col items-end gap-2 break-words [.text-message+&amp;]:mt-5 overflow-x-auto whitespace-normal\" dir=\"auto\" data-message-author-role=\"assistant\" data-message-id=\"60de0853-cc30-4040-89ae-7656540583ea\">\n<div class=\"flex w-full flex-col gap-1 empty:hidden first:pt-[3px]\">\n<div class=\"markdown prose w-full break-words dark:prose-invert light\">\n<h3>SX Road Case Brace: Affordable, Durable Protection<\/h3>\n<p>Ensure your road cases are secure with SX\u2019s high-grade braces, designed to withstand the toughest travel conditions. Quality and durability at factory-direct prices.<\/p>\n<h3>Reinforce Your Road Cases with SX Braces<\/h3>\n<p>SX offers robust, reliable road case braces that protect your valuable gear during transport. Benefit from customizable options and unbeatable value.<\/p>\n<h3>Trusted by Professionals: SX Road Case Brace<\/h3>\n<p>Favored by industry experts, SX\u2019s Road Case Brace provides top-tier reinforcement at low costs. Choose SX for dependable protection and peace of mind.<\/p>\n<\/div>\n<\/div>\n<\/div>\n<\/div>\n","protected":false},"featured_media":4192,"comment_status":"open","ping_status":"closed","template":"","meta":[],"product_brand":[],"product_cat":[64],"product_tag":[],"class_list":{"0":"post-4232","1":"product","2":"type-product","3":"status-publish","4":"has-post-thumbnail","6":"product_cat-clamps","8":"first","9":"instock","10":"shipping-taxable","11":"product-type-simple"},"yoast_head":"<!-- This site is optimized with the Yoast SEO Premium plugin v27.1 (Yoast SEO v27.2) - https:\/\/yoast.com\/product\/yoast-seo-premium-wordpress\/ -->\n<title>Road Case Brace CLB103 - https:\/\/sxflightcase.com \ud83d\udc97<\/title>\n<meta name=\"description\" content=\"Road case brace, factory direct! High-quality, durable braces designed to reinforce and secure road case panels and corners. Ideal for ensuring stability and protection during heavy-duty transport.\" \/>\n<meta name=\"robots\" content=\"index, follow, max-snippet:-1, max-image-preview:large, max-video-preview:-1\" \/>\n<link rel=\"canonical\" href=\"https:\/\/sxflightcase.com\/fr\/produit\/support-de-caisse-de-route-2\/\" \/>\n<meta property=\"og:locale\" content=\"fr_FR\" \/>\n<meta property=\"og:type\" content=\"article\" \/>\n<meta property=\"og:title\" content=\"Road Case Brace CLB103\" \/>\n<meta property=\"og:description\" content=\"Road case brace, factory direct! High-quality, durable braces designed to reinforce and secure road case panels and corners. Ideal for ensuring stability and protection during heavy-duty transport.\" \/>\n<meta property=\"og:url\" content=\"https:\/\/sxflightcase.com\/fr\/produit\/support-de-caisse-de-route-2\/\" \/>\n<meta property=\"og:site_name\" content=\"https:\/\/sxflightcase.com\" \/>\n<meta property=\"article:publisher\" content=\"https:\/\/www.facebook.com\/profile.php?id=61560407257971\" \/>\n<meta property=\"article:modified_time\" content=\"2024-09-02T06:23:35+00:00\" \/>\n<meta property=\"og:image\" content=\"https:\/\/sxflightcase.com\/wp-content\/uploads\/2024\/08\/CLB103.jpg\" \/>\n\t<meta property=\"og:image:width\" content=\"700\" \/>\n\t<meta property=\"og:image:height\" content=\"700\" \/>\n\t<meta property=\"og:image:type\" content=\"image\/jpeg\" \/>\n<meta name=\"twitter:card\" content=\"summary_large_image\" \/>\n<meta name=\"twitter:label1\" content=\"Dur\u00e9e de lecture estim\u00e9e\" \/>\n\t<meta name=\"twitter:data1\" content=\"3 minutes\" \/>\n<script type=\"application\/ld+json\" class=\"yoast-schema-graph\">{\"@context\":\"https:\/\/schema.org\",\"@graph\":[{\"@type\":\"WebPage\",\"@id\":\"https:\/\/sxflightcase.com\/product\/road-case-brace\/\",\"url\":\"https:\/\/sxflightcase.com\/product\/road-case-brace\/\",\"name\":\"Road Case Brace CLB103 - https:\/\/sxflightcase.com \ud83d\udc97\",\"isPartOf\":{\"@id\":\"https:\/\/sxflightcase.com\/th\/#website\"},\"primaryImageOfPage\":{\"@id\":\"https:\/\/sxflightcase.com\/product\/road-case-brace\/#primaryimage\"},\"image\":{\"@id\":\"https:\/\/sxflightcase.com\/product\/road-case-brace\/#primaryimage\"},\"thumbnailUrl\":\"https:\/\/sxflightcase.com\/wp-content\/uploads\/2024\/08\/CLB103.jpg\",\"datePublished\":\"2024-09-02T06:23:24+00:00\",\"dateModified\":\"2024-09-02T06:23:35+00:00\",\"description\":\"Road case brace, factory direct! High-quality, durable braces designed to reinforce and secure road case panels and corners. Ideal for ensuring stability and protection during heavy-duty transport.\",\"breadcrumb\":{\"@id\":\"https:\/\/sxflightcase.com\/product\/road-case-brace\/#breadcrumb\"},\"inLanguage\":\"fr-FR\",\"potentialAction\":[{\"@type\":\"ReadAction\",\"target\":[\"https:\/\/sxflightcase.com\/product\/road-case-brace\/\"]}]},{\"@type\":\"ImageObject\",\"inLanguage\":\"fr-FR\",\"@id\":\"https:\/\/sxflightcase.com\/product\/road-case-brace\/#primaryimage\",\"url\":\"https:\/\/sxflightcase.com\/wp-content\/uploads\/2024\/08\/CLB103.jpg\",\"contentUrl\":\"https:\/\/sxflightcase.com\/wp-content\/uploads\/2024\/08\/CLB103.jpg\",\"width\":700,\"height\":700,\"caption\":\"Road Case Brace\"},{\"@type\":\"BreadcrumbList\",\"@id\":\"https:\/\/sxflightcase.com\/product\/road-case-brace\/#breadcrumb\",\"itemListElement\":[{\"@type\":\"ListItem\",\"position\":1,\"name\":\"Home\",\"item\":\"https:\/\/sxflightcase.com\/\"},{\"@type\":\"ListItem\",\"position\":2,\"name\":\"\u0e2a\u0e34\u0e19\u0e04\u0e49\u0e32\",\"item\":\"https:\/\/sxflightcase.com\/th\/shop\/\"},{\"@type\":\"ListItem\",\"position\":3,\"name\":\"Road Case Brace CLB103\"}]},{\"@type\":\"WebSite\",\"@id\":\"https:\/\/sxflightcase.com\/th\/#website\",\"url\":\"https:\/\/sxflightcase.com\/th\/\",\"name\":\"sxpowercase.com\",\"description\":\"Flight Case Factory\",\"publisher\":{\"@id\":\"https:\/\/sxflightcase.com\/th\/#organization\"},\"potentialAction\":[{\"@type\":\"SearchAction\",\"target\":{\"@type\":\"EntryPoint\",\"urlTemplate\":\"https:\/\/sxflightcase.com\/th\/?s={search_term_string}\"},\"query-input\":{\"@type\":\"PropertyValueSpecification\",\"valueRequired\":true,\"valueName\":\"search_term_string\"}}],\"inLanguage\":\"fr-FR\"},{\"@type\":\"Organization\",\"@id\":\"https:\/\/sxflightcase.com\/th\/#organization\",\"name\":\"sxpowercase.com\",\"url\":\"https:\/\/sxflightcase.com\/th\/\",\"logo\":{\"@type\":\"ImageObject\",\"inLanguage\":\"fr-FR\",\"@id\":\"https:\/\/sxflightcase.com\/th\/#\/schema\/logo\/image\/\",\"url\":\"https:\/\/sxflightcase.com\/wp-content\/uploads\/2024\/04\/1713919036007.jpg\",\"contentUrl\":\"https:\/\/sxflightcase.com\/wp-content\/uploads\/2024\/04\/1713919036007.jpg\",\"width\":382,\"height\":388,\"caption\":\"sxpowercase.com\"},\"image\":{\"@id\":\"https:\/\/sxflightcase.com\/th\/#\/schema\/logo\/image\/\"},\"sameAs\":[\"https:\/\/www.facebook.com\/profile.php?id=61560407257971\"],\"numberOfEmployees\":{\"@type\":\"QuantitativeValue\",\"minValue\":\"11\",\"maxValue\":\"50\"}}]}<\/script>\n<!-- \/ Yoast SEO Premium plugin. -->","yoast_head_json":{"title":"Road Case Brace CLB103 - https:\/\/sxflightcase.com \ud83d\udc97","description":"Renfort de caisse, direct usine ! Renforts durables de haute qualit\u00e9 con\u00e7us pour renforcer et s\u00e9curiser les panneaux et les coins de la valise. Id\u00e9ales pour assurer la stabilit\u00e9 et la protection pendant le transport de charges lourdes.","robots":{"index":"index","follow":"follow","max-snippet":"max-snippet:-1","max-image-preview":"max-image-preview:large","max-video-preview":"max-video-preview:-1"},"canonical":"https:\/\/sxflightcase.com\/fr\/produit\/support-de-caisse-de-route-2\/","og_locale":"fr_FR","og_type":"article","og_title":"Road Case Brace CLB103","og_description":"Road case brace, factory direct! High-quality, durable braces designed to reinforce and secure road case panels and corners. Ideal for ensuring stability and protection during heavy-duty transport.","og_url":"https:\/\/sxflightcase.com\/fr\/produit\/support-de-caisse-de-route-2\/","og_site_name":"https:\/\/sxflightcase.com","article_publisher":"https:\/\/www.facebook.com\/profile.php?id=61560407257971","article_modified_time":"2024-09-02T06:23:35+00:00","og_image":[{"width":700,"height":700,"url":"https:\/\/sxflightcase.com\/wp-content\/uploads\/2024\/08\/CLB103.jpg","type":"image\/jpeg"}],"twitter_card":"summary_large_image","twitter_misc":{"Dur\u00e9e de lecture estim\u00e9e":"3 minutes"},"schema":{"@context":"https:\/\/schema.org","@graph":[{"@type":"WebPage","@id":"https:\/\/sxflightcase.com\/product\/road-case-brace\/","url":"https:\/\/sxflightcase.com\/product\/road-case-brace\/","name":"Road Case Brace CLB103 - https:\/\/sxflightcase.com \ud83d\udc97","isPartOf":{"@id":"https:\/\/sxflightcase.com\/th\/#website"},"primaryImageOfPage":{"@id":"https:\/\/sxflightcase.com\/product\/road-case-brace\/#primaryimage"},"image":{"@id":"https:\/\/sxflightcase.com\/product\/road-case-brace\/#primaryimage"},"thumbnailUrl":"https:\/\/sxflightcase.com\/wp-content\/uploads\/2024\/08\/CLB103.jpg","datePublished":"2024-09-02T06:23:24+00:00","dateModified":"2024-09-02T06:23:35+00:00","description":"Renfort de caisse, direct usine ! Renforts durables de haute qualit\u00e9 con\u00e7us pour renforcer et s\u00e9curiser les panneaux et les coins de la valise. Id\u00e9ales pour assurer la stabilit\u00e9 et la protection pendant le transport de charges lourdes.","breadcrumb":{"@id":"https:\/\/sxflightcase.com\/product\/road-case-brace\/#breadcrumb"},"inLanguage":"fr-FR","potentialAction":[{"@type":"ReadAction","target":["https:\/\/sxflightcase.com\/product\/road-case-brace\/"]}]},{"@type":"ImageObject","inLanguage":"fr-FR","@id":"https:\/\/sxflightcase.com\/product\/road-case-brace\/#primaryimage","url":"https:\/\/sxflightcase.com\/wp-content\/uploads\/2024\/08\/CLB103.jpg","contentUrl":"https:\/\/sxflightcase.com\/wp-content\/uploads\/2024\/08\/CLB103.jpg","width":700,"height":700,"caption":"Road Case Brace"},{"@type":"BreadcrumbList","@id":"https:\/\/sxflightcase.com\/product\/road-case-brace\/#breadcrumb","itemListElement":[{"@type":"ListItem","position":1,"name":"Home","item":"https:\/\/sxflightcase.com\/"},{"@type":"ListItem","position":2,"name":"\u0e2a\u0e34\u0e19\u0e04\u0e49\u0e32","item":"https:\/\/sxflightcase.com\/th\/shop\/"},{"@type":"ListItem","position":3,"name":"Road Case Brace CLB103"}]},{"@type":"WebSite","@id":"https:\/\/sxflightcase.com\/th\/#website","url":"https:\/\/sxflightcase.com\/th\/","name":"sxpowercase.com","description":"Flight Case Factory","publisher":{"@id":"https:\/\/sxflightcase.com\/th\/#organization"},"potentialAction":[{"@type":"SearchAction","target":{"@type":"EntryPoint","urlTemplate":"https:\/\/sxflightcase.com\/th\/?s={search_term_string}"},"query-input":{"@type":"PropertyValueSpecification","valueRequired":true,"valueName":"search_term_string"}}],"inLanguage":"fr-FR"},{"@type":"Organization","@id":"https:\/\/sxflightcase.com\/th\/#organization","name":"sxpowercase.com","url":"https:\/\/sxflightcase.com\/th\/","logo":{"@type":"ImageObject","inLanguage":"fr-FR","@id":"https:\/\/sxflightcase.com\/th\/#\/schema\/logo\/image\/","url":"https:\/\/sxflightcase.com\/wp-content\/uploads\/2024\/04\/1713919036007.jpg","contentUrl":"https:\/\/sxflightcase.com\/wp-content\/uploads\/2024\/04\/1713919036007.jpg","width":382,"height":388,"caption":"sxpowercase.com"},"image":{"@id":"https:\/\/sxflightcase.com\/th\/#\/schema\/logo\/image\/"},"sameAs":["https:\/\/www.facebook.com\/profile.php?id=61560407257971"],"numberOfEmployees":{"@type":"QuantitativeValue","minValue":"11","maxValue":"50"}}]}},"_links":{"self":[{"href":"https:\/\/sxflightcase.com\/fr\/wp-json\/wp\/v2\/product\/4232","targetHints":{"allow":["GET"]}}],"collection":[{"href":"https:\/\/sxflightcase.com\/fr\/wp-json\/wp\/v2\/product"}],"about":[{"href":"https:\/\/sxflightcase.com\/fr\/wp-json\/wp\/v2\/types\/product"}],"replies":[{"embeddable":true,"href":"https:\/\/sxflightcase.com\/fr\/wp-json\/wp\/v2\/comments?post=4232"}],"version-history":[{"count":0,"href":"https:\/\/sxflightcase.com\/fr\/wp-json\/wp\/v2\/product\/4232\/revisions"}],"wp:featuredmedia":[{"embeddable":true,"href":"https:\/\/sxflightcase.com\/fr\/wp-json\/wp\/v2\/media\/4192"}],"wp:attachment":[{"href":"https:\/\/sxflightcase.com\/fr\/wp-json\/wp\/v2\/media?parent=4232"}],"wp:term":[{"taxonomy":"product_brand","embeddable":true,"href":"https:\/\/sxflightcase.com\/fr\/wp-json\/wp\/v2\/product_brand?post=4232"},{"taxonomy":"product_cat","embeddable":true,"href":"https:\/\/sxflightcase.com\/fr\/wp-json\/wp\/v2\/product_cat?post=4232"},{"taxonomy":"product_tag","embeddable":true,"href":"https:\/\/sxflightcase.com\/fr\/wp-json\/wp\/v2\/product_tag?post=4232"}],"curies":[{"name":"wp","href":"https:\/\/api.w.org\/{rel}","templated":true}]}}