{"id":4233,"date":"2024-09-02T07:27:59","date_gmt":"2024-09-02T06:27:59","guid":{"rendered":"https:\/\/sxpowercase.com\/?post_type=product&#038;p=4233"},"modified":"2024-09-02T07:28:00","modified_gmt":"2024-09-02T06:28:00","slug":"road-case-brace-clb201","status":"publish","type":"product","link":"https:\/\/sxflightcase.com\/fr\/produit\/etui-de-route-clb201-2\/","title":{"rendered":"Support d'\u00e9tui de route CLB201"},"content":{"rendered":"<h3>Renforcer la durabilit\u00e9 avec l'\u00e9tui de route SX<\/h3>\n<p>Lorsqu'il s'agit de prot\u00e9ger votre \u00e9quipement de valeur, on ne saurait trop insister sur l'importance d'une solide mallette de transport. Les <a href=\"https:\/\/sxpowercase.com\/product\/road-case-brace\/\"><strong>Support d'\u00e9tui de route<\/strong><\/a> de SX est con\u00e7u pour fournir un renforcement suppl\u00e9mentaire, garantissant que votre \u00e9quipement reste s\u00e9curis\u00e9 et prot\u00e9g\u00e9. Chez SX, nous combinons qualit\u00e9 et prix abordable, en offrant des produits qui r\u00e9pondent aux normes les plus \u00e9lev\u00e9es \u00e0 des prix d'usine.<\/p>\n<h3>Con\u00e7u pour durer<\/h3>\n<p>Le <strong>Support d'\u00e9tui de route<\/strong> de <a href=\"https:\/\/sxpowercase.com\/\" target=\"_blank\" rel=\"noopener\" title=\"SX\" data-wpil-monitor-id=\"705\">SX<\/a> est fabriqu\u00e9 \u00e0 partir de mat\u00e9riaux de haute qualit\u00e9 qui peuvent r\u00e9sister aux rigueurs des voyages fr\u00e9quents. Que vous transportiez votre \u00e9quipement \u00e0 travers la ville ou le pays, ce support ajoute une durabilit\u00e9 essentielle \u00e0 vos valises de route, gardant votre \u00e9quipement intact \u00e0 chaque voyage.<\/p>\n<h3>Prix directs d'usine<\/h3>\n<p>En s'approvisionnant directement aupr\u00e8s de notre usine, SX est en mesure de vous offrir des produits de qualit\u00e9 sup\u00e9rieure. <strong>Bretelles de cas de route<\/strong> \u00e0 des prix imbattables. Nous pensons qu'une protection de haute qualit\u00e9 ne doit pas s'accompagner d'un prix \u00e9lev\u00e9. Avec SX, vous obtenez le meilleur rapport qualit\u00e9-prix sans faire de compromis sur la qualit\u00e9.<\/p>\n<h3>Installation facile<\/h3>\n<p>Le <strong>Support d'\u00e9tui de route<\/strong> est con\u00e7u pour une installation facile, s'adaptant parfaitement \u00e0 vos bo\u00eetiers existants. Cette caract\u00e9ristique conviviale vous permet d'am\u00e9liorer rapidement vos bo\u00eetiers, ce qui vous laisse plus de temps pour vous concentrer sur votre travail plut\u00f4t que sur des assemblages compliqu\u00e9s.<\/p>\n<h3>Des performances fiables<\/h3>\n<p>SX s'engage \u00e0 fournir des produits qui offrent des performances fiables. Nos <strong>Support d'\u00e9tui de route<\/strong> Les professionnels de divers secteurs d'activit\u00e9 font confiance \u00e0 SX pour sa capacit\u00e9 \u00e0 offrir une protection et une stabilit\u00e9 constantes. Vous pouvez compter sur SX pour assurer la s\u00e9curit\u00e9 de votre \u00e9quipement, quel que soit l'endroit o\u00f9 vous travaillez.<\/p>\n<h3>Options de personnalisation<\/h3>\n<p>Sachant que chaque cas est unique, SX propose une vari\u00e9t\u00e9 de services de conseil et de formation. <strong>Bretelles de cas de route<\/strong> pour r\u00e9pondre \u00e0 diff\u00e9rents besoins. Que vous ayez besoin d'une taille sp\u00e9cifique ou de raccords personnalis\u00e9s, nous fournissons des solutions qui r\u00e9pondent \u00e0 vos exigences exactes, tout en maintenant des prix comp\u00e9titifs.<\/p>\n<h3>Choisir SX pour la qualit\u00e9<\/h3>\n<p>SX s'attache \u00e0 fournir des produits qui allient robustesse, prix abordable et facilit\u00e9 d'utilisation. Les <strong>Support d'\u00e9tui de route<\/strong> illustre cet engagement, en vous offrant un moyen fiable d'am\u00e9liorer la protection de votre \u00e9quipement. Gr\u00e2ce \u00e0 nos prix directs d'usine, vous n'avez pas \u00e0 sacrifier la qualit\u00e9 au co\u00fbt.<\/p>\n<h3>Conclusion<\/h3>\n<p>Investir dans un <strong>Support d'\u00e9tui de route<\/strong> de SX, c'est investir dans la tranquillit\u00e9 d'esprit. Nos solutions de renfort garantissent la durabilit\u00e9 et la fiabilit\u00e9 de vos mallettes, offrant ainsi la protection que m\u00e9rite votre pr\u00e9cieux \u00e9quipement. Choisissez SX et faites l'exp\u00e9rience de la qualit\u00e9, de l'abordabilit\u00e9 et d'un excellent service \u00e0 la client\u00e8le \u00e0 chaque achat.<\/p>\n<p>Contactez-nous maintenant :<span style=\"color: #0000ff;\"><a style=\"color: #0000ff;\" href=\"https:\/\/sxpowercase.com\/contact-us\/\">https:\/\/sxpowercase.com\/<\/a><\/span><\/p>\n<p>Catalogue de produits mat\u00e9riels :<span style=\"color: #3366ff;\"><a style=\"color: #3366ff;\" href=\"https:\/\/sxpowercase.com\/wp-content\/uploads\/2024\/07\/\u4e94\u91d1.pdf\">Catalogue d&#039;accessoires de quincaillerie<\/a><\/span><\/p>","protected":false},"excerpt":{"rendered":"<div class=\"flex max-w-full flex-col flex-grow\">\n<div class=\"min-h-[20px] text-message flex w-full flex-col items-end gap-2 break-words [.text-message+&amp;]:mt-5 overflow-x-auto whitespace-normal\" dir=\"auto\" data-message-author-role=\"assistant\" data-message-id=\"60de0853-cc30-4040-89ae-7656540583ea\">\n<div class=\"flex w-full flex-col gap-1 empty:hidden first:pt-[3px]\">\n<div class=\"markdown prose w-full break-words dark:prose-invert light\">\n<h3>SX Road Case Brace: Affordable, Durable Protection<\/h3>\n<p>Ensure your road cases are secure with SX\u2019s high-grade braces, designed to withstand the toughest travel conditions. Quality and durability at factory-direct prices.<\/p>\n<h3>Reinforce Your Road Cases with SX Braces<\/h3>\n<p>SX offers robust, reliable road case braces that protect your valuable gear during transport. Benefit from customizable options and unbeatable value.<\/p>\n<h3>Trusted by Professionals: SX Road Case Brace<\/h3>\n<p>Favored by industry experts, SX\u2019s Road Case Brace provides top-tier reinforcement at low costs. Choose SX for dependable protection and peace of mind.<\/p>\n<\/div>\n<\/div>\n<\/div>\n<\/div>\n","protected":false},"featured_media":4193,"comment_status":"open","ping_status":"closed","template":"","meta":[],"product_brand":[],"product_cat":[64],"product_tag":[],"class_list":{"0":"post-4233","1":"product","2":"type-product","3":"status-publish","4":"has-post-thumbnail","6":"product_cat-clamps","8":"first","9":"instock","10":"shipping-taxable","11":"product-type-simple"},"yoast_head":"<!-- This site is optimized with the Yoast SEO Premium plugin v27.1 (Yoast SEO v27.2) - https:\/\/yoast.com\/product\/yoast-seo-premium-wordpress\/ -->\n<title>Road Case Brace CLB201 - https:\/\/sxflightcase.com \ud83d\udc97<\/title>\n<meta name=\"description\" content=\"Road case brace, factory direct! High-quality, durable braces designed to reinforce and secure road case panels and corners. Ideal for ensuring stability and protection during heavy-duty transport.\" \/>\n<meta name=\"robots\" content=\"index, follow, max-snippet:-1, max-image-preview:large, max-video-preview:-1\" \/>\n<link rel=\"canonical\" href=\"https:\/\/sxflightcase.com\/fr\/produit\/etui-de-route-clb201-2\/\" \/>\n<meta property=\"og:locale\" content=\"fr_FR\" \/>\n<meta property=\"og:type\" content=\"article\" \/>\n<meta property=\"og:title\" content=\"Road Case Brace CLB201\" \/>\n<meta property=\"og:description\" content=\"Road case brace, factory direct! High-quality, durable braces designed to reinforce and secure road case panels and corners. Ideal for ensuring stability and protection during heavy-duty transport.\" \/>\n<meta property=\"og:url\" content=\"https:\/\/sxflightcase.com\/fr\/produit\/etui-de-route-clb201-2\/\" \/>\n<meta property=\"og:site_name\" content=\"https:\/\/sxflightcase.com\" \/>\n<meta property=\"article:publisher\" content=\"https:\/\/www.facebook.com\/profile.php?id=61560407257971\" \/>\n<meta property=\"article:modified_time\" content=\"2024-09-02T06:28:00+00:00\" \/>\n<meta property=\"og:image\" content=\"https:\/\/sxflightcase.com\/wp-content\/uploads\/2024\/08\/CLB201.jpg\" \/>\n\t<meta property=\"og:image:width\" content=\"517\" \/>\n\t<meta property=\"og:image:height\" content=\"517\" \/>\n\t<meta property=\"og:image:type\" content=\"image\/jpeg\" \/>\n<meta name=\"twitter:card\" content=\"summary_large_image\" \/>\n<meta name=\"twitter:label1\" content=\"Dur\u00e9e de lecture estim\u00e9e\" \/>\n\t<meta name=\"twitter:data1\" content=\"3 minutes\" \/>\n<script type=\"application\/ld+json\" class=\"yoast-schema-graph\">{\"@context\":\"https:\/\/schema.org\",\"@graph\":[{\"@type\":\"WebPage\",\"@id\":\"https:\/\/sxflightcase.com\/product\/road-case-brace-clb201\/\",\"url\":\"https:\/\/sxflightcase.com\/product\/road-case-brace-clb201\/\",\"name\":\"Road Case Brace CLB201 - https:\/\/sxflightcase.com \ud83d\udc97\",\"isPartOf\":{\"@id\":\"https:\/\/sxflightcase.com\/th\/#website\"},\"primaryImageOfPage\":{\"@id\":\"https:\/\/sxflightcase.com\/product\/road-case-brace-clb201\/#primaryimage\"},\"image\":{\"@id\":\"https:\/\/sxflightcase.com\/product\/road-case-brace-clb201\/#primaryimage\"},\"thumbnailUrl\":\"https:\/\/sxflightcase.com\/wp-content\/uploads\/2024\/08\/CLB201.jpg\",\"datePublished\":\"2024-09-02T06:27:59+00:00\",\"dateModified\":\"2024-09-02T06:28:00+00:00\",\"description\":\"Road case brace, factory direct! High-quality, durable braces designed to reinforce and secure road case panels and corners. Ideal for ensuring stability and protection during heavy-duty transport.\",\"breadcrumb\":{\"@id\":\"https:\/\/sxflightcase.com\/product\/road-case-brace-clb201\/#breadcrumb\"},\"inLanguage\":\"fr-FR\",\"potentialAction\":[{\"@type\":\"ReadAction\",\"target\":[\"https:\/\/sxflightcase.com\/product\/road-case-brace-clb201\/\"]}]},{\"@type\":\"ImageObject\",\"inLanguage\":\"fr-FR\",\"@id\":\"https:\/\/sxflightcase.com\/product\/road-case-brace-clb201\/#primaryimage\",\"url\":\"https:\/\/sxflightcase.com\/wp-content\/uploads\/2024\/08\/CLB201.jpg\",\"contentUrl\":\"https:\/\/sxflightcase.com\/wp-content\/uploads\/2024\/08\/CLB201.jpg\",\"width\":517,\"height\":517,\"caption\":\"Road Case Brace\"},{\"@type\":\"BreadcrumbList\",\"@id\":\"https:\/\/sxflightcase.com\/product\/road-case-brace-clb201\/#breadcrumb\",\"itemListElement\":[{\"@type\":\"ListItem\",\"position\":1,\"name\":\"Home\",\"item\":\"https:\/\/sxflightcase.com\/\"},{\"@type\":\"ListItem\",\"position\":2,\"name\":\"\u0e2a\u0e34\u0e19\u0e04\u0e49\u0e32\",\"item\":\"https:\/\/sxflightcase.com\/th\/shop\/\"},{\"@type\":\"ListItem\",\"position\":3,\"name\":\"Road Case Brace CLB201\"}]},{\"@type\":\"WebSite\",\"@id\":\"https:\/\/sxflightcase.com\/th\/#website\",\"url\":\"https:\/\/sxflightcase.com\/th\/\",\"name\":\"sxpowercase.com\",\"description\":\"Flight Case Factory\",\"publisher\":{\"@id\":\"https:\/\/sxflightcase.com\/th\/#organization\"},\"potentialAction\":[{\"@type\":\"SearchAction\",\"target\":{\"@type\":\"EntryPoint\",\"urlTemplate\":\"https:\/\/sxflightcase.com\/th\/?s={search_term_string}\"},\"query-input\":{\"@type\":\"PropertyValueSpecification\",\"valueRequired\":true,\"valueName\":\"search_term_string\"}}],\"inLanguage\":\"fr-FR\"},{\"@type\":\"Organization\",\"@id\":\"https:\/\/sxflightcase.com\/th\/#organization\",\"name\":\"sxpowercase.com\",\"url\":\"https:\/\/sxflightcase.com\/th\/\",\"logo\":{\"@type\":\"ImageObject\",\"inLanguage\":\"fr-FR\",\"@id\":\"https:\/\/sxflightcase.com\/th\/#\/schema\/logo\/image\/\",\"url\":\"https:\/\/sxflightcase.com\/wp-content\/uploads\/2024\/04\/1713919036007.jpg\",\"contentUrl\":\"https:\/\/sxflightcase.com\/wp-content\/uploads\/2024\/04\/1713919036007.jpg\",\"width\":382,\"height\":388,\"caption\":\"sxpowercase.com\"},\"image\":{\"@id\":\"https:\/\/sxflightcase.com\/th\/#\/schema\/logo\/image\/\"},\"sameAs\":[\"https:\/\/www.facebook.com\/profile.php?id=61560407257971\"],\"numberOfEmployees\":{\"@type\":\"QuantitativeValue\",\"minValue\":\"11\",\"maxValue\":\"50\"}}]}<\/script>\n<!-- \/ Yoast SEO Premium plugin. -->","yoast_head_json":{"title":"Road Case Brace CLB201 - https:\/\/sxflightcase.com \ud83d\udc97","description":"Renfort de caisse, direct usine ! Renforts durables de haute qualit\u00e9 con\u00e7us pour renforcer et s\u00e9curiser les panneaux et les coins de la valise. Id\u00e9ales pour assurer la stabilit\u00e9 et la protection pendant le transport de charges lourdes.","robots":{"index":"index","follow":"follow","max-snippet":"max-snippet:-1","max-image-preview":"max-image-preview:large","max-video-preview":"max-video-preview:-1"},"canonical":"https:\/\/sxflightcase.com\/fr\/produit\/etui-de-route-clb201-2\/","og_locale":"fr_FR","og_type":"article","og_title":"Road Case Brace CLB201","og_description":"Road case brace, factory direct! High-quality, durable braces designed to reinforce and secure road case panels and corners. Ideal for ensuring stability and protection during heavy-duty transport.","og_url":"https:\/\/sxflightcase.com\/fr\/produit\/etui-de-route-clb201-2\/","og_site_name":"https:\/\/sxflightcase.com","article_publisher":"https:\/\/www.facebook.com\/profile.php?id=61560407257971","article_modified_time":"2024-09-02T06:28:00+00:00","og_image":[{"width":517,"height":517,"url":"https:\/\/sxflightcase.com\/wp-content\/uploads\/2024\/08\/CLB201.jpg","type":"image\/jpeg"}],"twitter_card":"summary_large_image","twitter_misc":{"Dur\u00e9e de lecture estim\u00e9e":"3 minutes"},"schema":{"@context":"https:\/\/schema.org","@graph":[{"@type":"WebPage","@id":"https:\/\/sxflightcase.com\/product\/road-case-brace-clb201\/","url":"https:\/\/sxflightcase.com\/product\/road-case-brace-clb201\/","name":"Road Case Brace CLB201 - https:\/\/sxflightcase.com \ud83d\udc97","isPartOf":{"@id":"https:\/\/sxflightcase.com\/th\/#website"},"primaryImageOfPage":{"@id":"https:\/\/sxflightcase.com\/product\/road-case-brace-clb201\/#primaryimage"},"image":{"@id":"https:\/\/sxflightcase.com\/product\/road-case-brace-clb201\/#primaryimage"},"thumbnailUrl":"https:\/\/sxflightcase.com\/wp-content\/uploads\/2024\/08\/CLB201.jpg","datePublished":"2024-09-02T06:27:59+00:00","dateModified":"2024-09-02T06:28:00+00:00","description":"Renfort de caisse, direct usine ! Renforts durables de haute qualit\u00e9 con\u00e7us pour renforcer et s\u00e9curiser les panneaux et les coins de la valise. Id\u00e9ales pour assurer la stabilit\u00e9 et la protection pendant le transport de charges lourdes.","breadcrumb":{"@id":"https:\/\/sxflightcase.com\/product\/road-case-brace-clb201\/#breadcrumb"},"inLanguage":"fr-FR","potentialAction":[{"@type":"ReadAction","target":["https:\/\/sxflightcase.com\/product\/road-case-brace-clb201\/"]}]},{"@type":"ImageObject","inLanguage":"fr-FR","@id":"https:\/\/sxflightcase.com\/product\/road-case-brace-clb201\/#primaryimage","url":"https:\/\/sxflightcase.com\/wp-content\/uploads\/2024\/08\/CLB201.jpg","contentUrl":"https:\/\/sxflightcase.com\/wp-content\/uploads\/2024\/08\/CLB201.jpg","width":517,"height":517,"caption":"Road Case Brace"},{"@type":"BreadcrumbList","@id":"https:\/\/sxflightcase.com\/product\/road-case-brace-clb201\/#breadcrumb","itemListElement":[{"@type":"ListItem","position":1,"name":"Home","item":"https:\/\/sxflightcase.com\/"},{"@type":"ListItem","position":2,"name":"\u0e2a\u0e34\u0e19\u0e04\u0e49\u0e32","item":"https:\/\/sxflightcase.com\/th\/shop\/"},{"@type":"ListItem","position":3,"name":"Road Case Brace CLB201"}]},{"@type":"WebSite","@id":"https:\/\/sxflightcase.com\/th\/#website","url":"https:\/\/sxflightcase.com\/th\/","name":"sxpowercase.com","description":"Flight Case Factory","publisher":{"@id":"https:\/\/sxflightcase.com\/th\/#organization"},"potentialAction":[{"@type":"SearchAction","target":{"@type":"EntryPoint","urlTemplate":"https:\/\/sxflightcase.com\/th\/?s={search_term_string}"},"query-input":{"@type":"PropertyValueSpecification","valueRequired":true,"valueName":"search_term_string"}}],"inLanguage":"fr-FR"},{"@type":"Organization","@id":"https:\/\/sxflightcase.com\/th\/#organization","name":"sxpowercase.com","url":"https:\/\/sxflightcase.com\/th\/","logo":{"@type":"ImageObject","inLanguage":"fr-FR","@id":"https:\/\/sxflightcase.com\/th\/#\/schema\/logo\/image\/","url":"https:\/\/sxflightcase.com\/wp-content\/uploads\/2024\/04\/1713919036007.jpg","contentUrl":"https:\/\/sxflightcase.com\/wp-content\/uploads\/2024\/04\/1713919036007.jpg","width":382,"height":388,"caption":"sxpowercase.com"},"image":{"@id":"https:\/\/sxflightcase.com\/th\/#\/schema\/logo\/image\/"},"sameAs":["https:\/\/www.facebook.com\/profile.php?id=61560407257971"],"numberOfEmployees":{"@type":"QuantitativeValue","minValue":"11","maxValue":"50"}}]}},"_links":{"self":[{"href":"https:\/\/sxflightcase.com\/fr\/wp-json\/wp\/v2\/product\/4233","targetHints":{"allow":["GET"]}}],"collection":[{"href":"https:\/\/sxflightcase.com\/fr\/wp-json\/wp\/v2\/product"}],"about":[{"href":"https:\/\/sxflightcase.com\/fr\/wp-json\/wp\/v2\/types\/product"}],"replies":[{"embeddable":true,"href":"https:\/\/sxflightcase.com\/fr\/wp-json\/wp\/v2\/comments?post=4233"}],"version-history":[{"count":0,"href":"https:\/\/sxflightcase.com\/fr\/wp-json\/wp\/v2\/product\/4233\/revisions"}],"wp:featuredmedia":[{"embeddable":true,"href":"https:\/\/sxflightcase.com\/fr\/wp-json\/wp\/v2\/media\/4193"}],"wp:attachment":[{"href":"https:\/\/sxflightcase.com\/fr\/wp-json\/wp\/v2\/media?parent=4233"}],"wp:term":[{"taxonomy":"product_brand","embeddable":true,"href":"https:\/\/sxflightcase.com\/fr\/wp-json\/wp\/v2\/product_brand?post=4233"},{"taxonomy":"product_cat","embeddable":true,"href":"https:\/\/sxflightcase.com\/fr\/wp-json\/wp\/v2\/product_cat?post=4233"},{"taxonomy":"product_tag","embeddable":true,"href":"https:\/\/sxflightcase.com\/fr\/wp-json\/wp\/v2\/product_tag?post=4233"}],"curies":[{"name":"wp","href":"https:\/\/api.w.org\/{rel}","templated":true}]}}