{"id":4234,"date":"2024-09-02T07:37:21","date_gmt":"2024-09-02T06:37:21","guid":{"rendered":"https:\/\/sxpowercase.com\/?post_type=product&#038;p=4234"},"modified":"2024-09-02T07:37:22","modified_gmt":"2024-09-02T06:37:22","slug":"flight-case-clamps-clb202","status":"publish","type":"product","link":"https:\/\/sxflightcase.com\/fr\/produit\/pinces-pour-flight-case-clb202-2\/","title":{"rendered":"Colliers de serrage pour flight case CLB202"},"content":{"rendered":"<h3>Pinces de qualit\u00e9 sup\u00e9rieure pour Flight Case par SX<\/h3>\n<p>Lorsqu'il s'agit de s\u00e9curiser vos flight cases, la qualit\u00e9 est essentielle. Chez SX, nous proposons des<a href=\"https:\/\/sxpowercase.com\/product\/road-case-brace-clb201\/\"> <strong>Pinces pour Flight Case<\/strong><\/a> con\u00e7us pour offrir un soutien fiable et une durabilit\u00e9 \u00e0 toute \u00e9preuve. Nos pinces sont fabriqu\u00e9es avec pr\u00e9cision pour garantir la protection de votre pr\u00e9cieux \u00e9quipement pendant le transport. Avec <a href=\"https:\/\/sxpowercase.com\/\" target=\"_blank\" rel=\"noopener\" title=\"SX\" data-wpil-monitor-id=\"706\">SX<\/a>Vous obtenez ainsi un \u00e9quilibre parfait entre une qualit\u00e9 de premier ordre et un prix abordable.<\/p>\n<h3>Construit pour une protection et une durabilit\u00e9 maximales<\/h3>\n<p>SX's <strong>Pinces pour Flight Case<\/strong> sont construites avec les normes les plus \u00e9lev\u00e9es \u00e0 l'esprit. Que vous soyez un professionnel du tourisme, un organisateur d'\u00e9v\u00e9nements ou que vous ayez simplement besoin de garder votre mat\u00e9riel en s\u00e9curit\u00e9, nos colliers de serrage sont le choix id\u00e9al. Fabriqu\u00e9es \u00e0 partir de mat\u00e9riaux solides et durables, elles sont con\u00e7ues pour r\u00e9sister \u00e0 une utilisation intensive tout en maintenant vos valises solidement ferm\u00e9es. Cela signifie que votre \u00e9quipement arrivera \u00e0 bon port, m\u00eame si le voyage est difficile.<\/p>\n<h3>Ventes directes \u00e0 des prix imbattables<\/h3>\n<p>L'une des principales caract\u00e9ristiques de SX est son engagement \u00e0 vendre directement \u00e0 l'usine. En \u00e9liminant les interm\u00e9diaires, nous offrons <strong>Pinces pour Flight Case<\/strong> \u00e0 des prix difficiles \u00e0 battre. Notre approche directe au consommateur vous garantit le meilleur rapport qualit\u00e9-prix, sans sacrifier la qualit\u00e9. Lorsque vous achetez chez SX, vous n'obtenez pas seulement des prix bas, mais aussi l'assurance que chaque pince est fabriqu\u00e9e selon les normes les plus strictes.<\/p>\n<h3>Un contr\u00f4le de qualit\u00e9 rigoureux pour des performances fiables<\/h3>\n<p>En plus de ses prix comp\u00e9titifs, SX garantit la qualit\u00e9 de tous les produits qu'elle vend. Nos <strong>Pinces pour Flight Case<\/strong> sont soumis \u00e0 des processus de contr\u00f4le de la qualit\u00e9 stricts afin de garantir qu'ils r\u00e9pondent \u00e0 nos normes rigoureuses. Cela signifie que vous pouvez \u00eatre s\u00fbr que chaque pince que vous achetez fonctionnera de mani\u00e8re fiable au fil du temps, vous donnant la tranquillit\u00e9 d'esprit que vous m\u00e9ritez.<\/p>\n<h3>Satisfaction client garantie<\/h3>\n<p>Chez SX, nous comprenons l'importance de la satisfaction du client. C'est pourquoi nous offrons non seulement des prix abordables, mais aussi une garantie de satisfaction sur tous nos produits. <strong>Pinces pour Flight Case<\/strong>. Nous garantissons la durabilit\u00e9 et la performance de nos produits, et notre \u00e9quipe est toujours pr\u00eate \u00e0 vous aider si vous avez des questions ou des pr\u00e9occupations.<\/p>\n<h3>Faites confiance \u00e0 SX pour tous vos besoins en Flight Case<\/h3>\n<p>Choisir SX, c'est choisir une marque qui valorise vos besoins. Qu'il s'agisse d'\u00e9quiper un nouvel ensemble de bo\u00eetiers ou de remplacer du mat\u00e9riel ancien, notre <strong>Pince pour Flight Case<\/strong>\u00a0offrent la solidit\u00e9 et la fiabilit\u00e9 dont vous avez besoin. D\u00e9couvrez pourquoi les professionnels du monde entier font confiance \u00e0 SX pour leurs flight cases et profitez d\u00e8s aujourd'hui de nos prix imbattables en direct de l'usine.<\/p>\n<p>Contactez-nous maintenant :<span style=\"color: #0000ff;\"><a style=\"color: #0000ff;\" href=\"https:\/\/sxpowercase.com\/contact-us\/\">https:\/\/sxpowercase.com\/<\/a><\/span><\/p>\n<p>Catalogue de produits mat\u00e9riels :<span style=\"color: #3366ff;\"><a style=\"color: #3366ff;\" href=\"https:\/\/sxpowercase.com\/wp-content\/uploads\/2024\/07\/\u4e94\u91d1.pdf\">Catalogue d&#039;accessoires de quincaillerie<\/a><\/span><\/p>","protected":false},"excerpt":{"rendered":"<div class=\"flex max-w-full flex-col flex-grow\">\n<div class=\"min-h-[20px] text-message flex w-full flex-col items-end gap-2 break-words [.text-message+&amp;]:mt-5 overflow-x-auto whitespace-normal\" dir=\"auto\" data-message-author-role=\"assistant\" data-message-id=\"d91c7d02-28cb-40d5-842f-74035d9988ba\">\n<div class=\"flex w-full flex-col gap-1 empty:hidden first:pt-[3px]\">\n<div class=\"markdown prose w-full break-words dark:prose-invert light\">\n<h3>SX Flight Case Clamps: Top-Quality Protection at Affordable Prices<\/h3>\n<p>Secure your gear with SX\u2019s durable Flight Case Clamps, designed for maximum protection during transport. Enjoy factory-direct pricing without sacrificing quality.<\/p>\n<h3>Reliable Flight Case Clamps by SX<\/h3>\n<p>SX offers precision-crafted Flight Case Clamps that ensure your equipment stays safe. Trusted by professionals, our clamps deliver long-lasting performance.<\/p>\n<h3>Factory-Direct Savings with SX Flight Case Clamps<\/h3>\n<p>Get premium Flight Case Clamps at unbeatable prices from SX. Our commitment to quality control guarantees reliable, durable protection for your gear.<\/p>\n<\/div>\n<\/div>\n<\/div>\n<\/div>\n","protected":false},"featured_media":4194,"comment_status":"open","ping_status":"closed","template":"","meta":[],"product_brand":[],"product_cat":[64],"product_tag":[],"class_list":{"0":"post-4234","1":"product","2":"type-product","3":"status-publish","4":"has-post-thumbnail","6":"product_cat-clamps","8":"first","9":"instock","10":"shipping-taxable","11":"product-type-simple"},"yoast_head":"<!-- This site is optimized with the Yoast SEO Premium plugin v27.1 (Yoast SEO v27.2) - https:\/\/yoast.com\/product\/yoast-seo-premium-wordpress\/ -->\n<title>Flight Case Clamps CLB202 - https:\/\/sxflightcase.com \ud83d\udc97<\/title>\n<meta name=\"description\" content=\"Flight case clamps, factory direct! High-quality, durable clamps designed for securely assembling and reinforcing flight case panels and corners. Perfect for ensuring long-lasting protection and stability.\" \/>\n<meta name=\"robots\" content=\"index, follow, max-snippet:-1, max-image-preview:large, max-video-preview:-1\" \/>\n<link rel=\"canonical\" href=\"https:\/\/sxflightcase.com\/fr\/produit\/pinces-pour-flight-case-clb202-2\/\" \/>\n<meta property=\"og:locale\" content=\"fr_FR\" \/>\n<meta property=\"og:type\" content=\"article\" \/>\n<meta property=\"og:title\" content=\"Flight Case Clamps CLB202\" \/>\n<meta property=\"og:description\" content=\"Flight case clamps, factory direct! High-quality, durable clamps designed for securely assembling and reinforcing flight case panels and corners. Perfect for ensuring long-lasting protection and stability.\" \/>\n<meta property=\"og:url\" content=\"https:\/\/sxflightcase.com\/fr\/produit\/pinces-pour-flight-case-clb202-2\/\" \/>\n<meta property=\"og:site_name\" content=\"https:\/\/sxflightcase.com\" \/>\n<meta property=\"article:publisher\" content=\"https:\/\/www.facebook.com\/profile.php?id=61560407257971\" \/>\n<meta property=\"article:modified_time\" content=\"2024-09-02T06:37:22+00:00\" \/>\n<meta property=\"og:image\" content=\"https:\/\/sxflightcase.com\/wp-content\/uploads\/2024\/08\/CLB202.jpg\" \/>\n\t<meta property=\"og:image:width\" content=\"700\" \/>\n\t<meta property=\"og:image:height\" content=\"700\" \/>\n\t<meta property=\"og:image:type\" content=\"image\/jpeg\" \/>\n<meta name=\"twitter:card\" content=\"summary_large_image\" \/>\n<meta name=\"twitter:label1\" content=\"Dur\u00e9e de lecture estim\u00e9e\" \/>\n\t<meta name=\"twitter:data1\" content=\"3 minutes\" \/>\n<script type=\"application\/ld+json\" class=\"yoast-schema-graph\">{\"@context\":\"https:\/\/schema.org\",\"@graph\":[{\"@type\":\"WebPage\",\"@id\":\"https:\/\/sxflightcase.com\/product\/flight-case-clamps-clb202\/\",\"url\":\"https:\/\/sxflightcase.com\/product\/flight-case-clamps-clb202\/\",\"name\":\"Flight Case Clamps CLB202 - https:\/\/sxflightcase.com \ud83d\udc97\",\"isPartOf\":{\"@id\":\"https:\/\/sxflightcase.com\/th\/#website\"},\"primaryImageOfPage\":{\"@id\":\"https:\/\/sxflightcase.com\/product\/flight-case-clamps-clb202\/#primaryimage\"},\"image\":{\"@id\":\"https:\/\/sxflightcase.com\/product\/flight-case-clamps-clb202\/#primaryimage\"},\"thumbnailUrl\":\"https:\/\/sxflightcase.com\/wp-content\/uploads\/2024\/08\/CLB202.jpg\",\"datePublished\":\"2024-09-02T06:37:21+00:00\",\"dateModified\":\"2024-09-02T06:37:22+00:00\",\"description\":\"Flight case clamps, factory direct! High-quality, durable clamps designed for securely assembling and reinforcing flight case panels and corners. Perfect for ensuring long-lasting protection and stability.\",\"breadcrumb\":{\"@id\":\"https:\/\/sxflightcase.com\/product\/flight-case-clamps-clb202\/#breadcrumb\"},\"inLanguage\":\"fr-FR\",\"potentialAction\":[{\"@type\":\"ReadAction\",\"target\":[\"https:\/\/sxflightcase.com\/product\/flight-case-clamps-clb202\/\"]}]},{\"@type\":\"ImageObject\",\"inLanguage\":\"fr-FR\",\"@id\":\"https:\/\/sxflightcase.com\/product\/flight-case-clamps-clb202\/#primaryimage\",\"url\":\"https:\/\/sxflightcase.com\/wp-content\/uploads\/2024\/08\/CLB202.jpg\",\"contentUrl\":\"https:\/\/sxflightcase.com\/wp-content\/uploads\/2024\/08\/CLB202.jpg\",\"width\":700,\"height\":700,\"caption\":\"Flight Case Clamps\"},{\"@type\":\"BreadcrumbList\",\"@id\":\"https:\/\/sxflightcase.com\/product\/flight-case-clamps-clb202\/#breadcrumb\",\"itemListElement\":[{\"@type\":\"ListItem\",\"position\":1,\"name\":\"Home\",\"item\":\"https:\/\/sxflightcase.com\/\"},{\"@type\":\"ListItem\",\"position\":2,\"name\":\"\u0e2a\u0e34\u0e19\u0e04\u0e49\u0e32\",\"item\":\"https:\/\/sxflightcase.com\/th\/shop\/\"},{\"@type\":\"ListItem\",\"position\":3,\"name\":\"Flight Case Clamps CLB202\"}]},{\"@type\":\"WebSite\",\"@id\":\"https:\/\/sxflightcase.com\/th\/#website\",\"url\":\"https:\/\/sxflightcase.com\/th\/\",\"name\":\"sxpowercase.com\",\"description\":\"Flight Case Factory\",\"publisher\":{\"@id\":\"https:\/\/sxflightcase.com\/th\/#organization\"},\"potentialAction\":[{\"@type\":\"SearchAction\",\"target\":{\"@type\":\"EntryPoint\",\"urlTemplate\":\"https:\/\/sxflightcase.com\/th\/?s={search_term_string}\"},\"query-input\":{\"@type\":\"PropertyValueSpecification\",\"valueRequired\":true,\"valueName\":\"search_term_string\"}}],\"inLanguage\":\"fr-FR\"},{\"@type\":\"Organization\",\"@id\":\"https:\/\/sxflightcase.com\/th\/#organization\",\"name\":\"sxpowercase.com\",\"url\":\"https:\/\/sxflightcase.com\/th\/\",\"logo\":{\"@type\":\"ImageObject\",\"inLanguage\":\"fr-FR\",\"@id\":\"https:\/\/sxflightcase.com\/th\/#\/schema\/logo\/image\/\",\"url\":\"https:\/\/sxflightcase.com\/wp-content\/uploads\/2024\/04\/1713919036007.jpg\",\"contentUrl\":\"https:\/\/sxflightcase.com\/wp-content\/uploads\/2024\/04\/1713919036007.jpg\",\"width\":382,\"height\":388,\"caption\":\"sxpowercase.com\"},\"image\":{\"@id\":\"https:\/\/sxflightcase.com\/th\/#\/schema\/logo\/image\/\"},\"sameAs\":[\"https:\/\/www.facebook.com\/profile.php?id=61560407257971\"],\"numberOfEmployees\":{\"@type\":\"QuantitativeValue\",\"minValue\":\"11\",\"maxValue\":\"50\"}}]}<\/script>\n<!-- \/ Yoast SEO Premium plugin. -->","yoast_head_json":{"title":"Flight Case Clamps CLB202 - https:\/\/sxflightcase.com \ud83d\udc97","description":"Pinces pour flight cases, direct usine ! Pinces de qualit\u00e9 sup\u00e9rieure et durables con\u00e7ues pour assembler et renforcer en toute s\u00e9curit\u00e9 les panneaux et les coins des flight cases. Parfaites pour assurer une protection et une stabilit\u00e9 durables.","robots":{"index":"index","follow":"follow","max-snippet":"max-snippet:-1","max-image-preview":"max-image-preview:large","max-video-preview":"max-video-preview:-1"},"canonical":"https:\/\/sxflightcase.com\/fr\/produit\/pinces-pour-flight-case-clb202-2\/","og_locale":"fr_FR","og_type":"article","og_title":"Flight Case Clamps CLB202","og_description":"Flight case clamps, factory direct! High-quality, durable clamps designed for securely assembling and reinforcing flight case panels and corners. Perfect for ensuring long-lasting protection and stability.","og_url":"https:\/\/sxflightcase.com\/fr\/produit\/pinces-pour-flight-case-clb202-2\/","og_site_name":"https:\/\/sxflightcase.com","article_publisher":"https:\/\/www.facebook.com\/profile.php?id=61560407257971","article_modified_time":"2024-09-02T06:37:22+00:00","og_image":[{"width":700,"height":700,"url":"https:\/\/sxflightcase.com\/wp-content\/uploads\/2024\/08\/CLB202.jpg","type":"image\/jpeg"}],"twitter_card":"summary_large_image","twitter_misc":{"Dur\u00e9e de lecture estim\u00e9e":"3 minutes"},"schema":{"@context":"https:\/\/schema.org","@graph":[{"@type":"WebPage","@id":"https:\/\/sxflightcase.com\/product\/flight-case-clamps-clb202\/","url":"https:\/\/sxflightcase.com\/product\/flight-case-clamps-clb202\/","name":"Flight Case Clamps CLB202 - https:\/\/sxflightcase.com \ud83d\udc97","isPartOf":{"@id":"https:\/\/sxflightcase.com\/th\/#website"},"primaryImageOfPage":{"@id":"https:\/\/sxflightcase.com\/product\/flight-case-clamps-clb202\/#primaryimage"},"image":{"@id":"https:\/\/sxflightcase.com\/product\/flight-case-clamps-clb202\/#primaryimage"},"thumbnailUrl":"https:\/\/sxflightcase.com\/wp-content\/uploads\/2024\/08\/CLB202.jpg","datePublished":"2024-09-02T06:37:21+00:00","dateModified":"2024-09-02T06:37:22+00:00","description":"Pinces pour flight cases, direct usine ! Pinces de qualit\u00e9 sup\u00e9rieure et durables con\u00e7ues pour assembler et renforcer en toute s\u00e9curit\u00e9 les panneaux et les coins des flight cases. Parfaites pour assurer une protection et une stabilit\u00e9 durables.","breadcrumb":{"@id":"https:\/\/sxflightcase.com\/product\/flight-case-clamps-clb202\/#breadcrumb"},"inLanguage":"fr-FR","potentialAction":[{"@type":"ReadAction","target":["https:\/\/sxflightcase.com\/product\/flight-case-clamps-clb202\/"]}]},{"@type":"ImageObject","inLanguage":"fr-FR","@id":"https:\/\/sxflightcase.com\/product\/flight-case-clamps-clb202\/#primaryimage","url":"https:\/\/sxflightcase.com\/wp-content\/uploads\/2024\/08\/CLB202.jpg","contentUrl":"https:\/\/sxflightcase.com\/wp-content\/uploads\/2024\/08\/CLB202.jpg","width":700,"height":700,"caption":"Flight Case Clamps"},{"@type":"BreadcrumbList","@id":"https:\/\/sxflightcase.com\/product\/flight-case-clamps-clb202\/#breadcrumb","itemListElement":[{"@type":"ListItem","position":1,"name":"Home","item":"https:\/\/sxflightcase.com\/"},{"@type":"ListItem","position":2,"name":"\u0e2a\u0e34\u0e19\u0e04\u0e49\u0e32","item":"https:\/\/sxflightcase.com\/th\/shop\/"},{"@type":"ListItem","position":3,"name":"Flight Case Clamps CLB202"}]},{"@type":"WebSite","@id":"https:\/\/sxflightcase.com\/th\/#website","url":"https:\/\/sxflightcase.com\/th\/","name":"sxpowercase.com","description":"Flight Case Factory","publisher":{"@id":"https:\/\/sxflightcase.com\/th\/#organization"},"potentialAction":[{"@type":"SearchAction","target":{"@type":"EntryPoint","urlTemplate":"https:\/\/sxflightcase.com\/th\/?s={search_term_string}"},"query-input":{"@type":"PropertyValueSpecification","valueRequired":true,"valueName":"search_term_string"}}],"inLanguage":"fr-FR"},{"@type":"Organization","@id":"https:\/\/sxflightcase.com\/th\/#organization","name":"sxpowercase.com","url":"https:\/\/sxflightcase.com\/th\/","logo":{"@type":"ImageObject","inLanguage":"fr-FR","@id":"https:\/\/sxflightcase.com\/th\/#\/schema\/logo\/image\/","url":"https:\/\/sxflightcase.com\/wp-content\/uploads\/2024\/04\/1713919036007.jpg","contentUrl":"https:\/\/sxflightcase.com\/wp-content\/uploads\/2024\/04\/1713919036007.jpg","width":382,"height":388,"caption":"sxpowercase.com"},"image":{"@id":"https:\/\/sxflightcase.com\/th\/#\/schema\/logo\/image\/"},"sameAs":["https:\/\/www.facebook.com\/profile.php?id=61560407257971"],"numberOfEmployees":{"@type":"QuantitativeValue","minValue":"11","maxValue":"50"}}]}},"_links":{"self":[{"href":"https:\/\/sxflightcase.com\/fr\/wp-json\/wp\/v2\/product\/4234","targetHints":{"allow":["GET"]}}],"collection":[{"href":"https:\/\/sxflightcase.com\/fr\/wp-json\/wp\/v2\/product"}],"about":[{"href":"https:\/\/sxflightcase.com\/fr\/wp-json\/wp\/v2\/types\/product"}],"replies":[{"embeddable":true,"href":"https:\/\/sxflightcase.com\/fr\/wp-json\/wp\/v2\/comments?post=4234"}],"version-history":[{"count":0,"href":"https:\/\/sxflightcase.com\/fr\/wp-json\/wp\/v2\/product\/4234\/revisions"}],"wp:featuredmedia":[{"embeddable":true,"href":"https:\/\/sxflightcase.com\/fr\/wp-json\/wp\/v2\/media\/4194"}],"wp:attachment":[{"href":"https:\/\/sxflightcase.com\/fr\/wp-json\/wp\/v2\/media?parent=4234"}],"wp:term":[{"taxonomy":"product_brand","embeddable":true,"href":"https:\/\/sxflightcase.com\/fr\/wp-json\/wp\/v2\/product_brand?post=4234"},{"taxonomy":"product_cat","embeddable":true,"href":"https:\/\/sxflightcase.com\/fr\/wp-json\/wp\/v2\/product_cat?post=4234"},{"taxonomy":"product_tag","embeddable":true,"href":"https:\/\/sxflightcase.com\/fr\/wp-json\/wp\/v2\/product_tag?post=4234"}],"curies":[{"name":"wp","href":"https:\/\/api.w.org\/{rel}","templated":true}]}}