{"id":4249,"date":"2024-09-03T07:22:33","date_gmt":"2024-09-03T06:22:33","guid":{"rendered":"https:\/\/sxpowercase.com\/?post_type=product&#038;p=4249"},"modified":"2024-09-03T07:22:33","modified_gmt":"2024-09-03T06:22:33","slug":"flight-case-dishes-dia201","status":"publish","type":"product","link":"https:\/\/sxflightcase.com\/fr\/produit\/flight-case-plats-dia201-2\/","title":{"rendered":"Flight Case Plats DIA201"},"content":{"rendered":"<h3>Am\u00e9liorez votre \u00e9quipement avec les coupelles SX Flight Case<\/h3>\n<p>Lorsqu'il s'agit de prot\u00e9ger votre mat\u00e9riel de valeur, <span style=\"color: #3366ff;\"><a style=\"color: #3366ff;\" href=\"https:\/\/sxpowercase.com\/product\/flight-case-dishes-dia101\/\"><strong>SX Flight Case Dishes<\/strong><\/a><\/span> sont un accessoire essentiel. Con\u00e7us pour \u00eatre durables et fonctionnels, ces supports permettent d'accueillir en toute s\u00e9curit\u00e9 l'ensemble de votre \u00e9quipement et garantissent que tout reste en place pendant le transport. Que vous soyez artiste, technicien ou DJ, nos bo\u00eetes de transport vous aident \u00e0 organiser et \u00e0 prot\u00e9ger votre mat\u00e9riel, pour une plus grande tranquillit\u00e9 d'esprit lors de vos d\u00e9placements.<\/p>\n<h3>Une qualit\u00e9 in\u00e9gal\u00e9e \u00e0 des prix d'usine<\/h3>\n<p>\u00c0 <strong><a href=\"https:\/\/sxpowercase.com\/\" target=\"_blank\" rel=\"noopener\" title=\"SX\" data-wpil-monitor-id=\"710\">SX<\/a><\/strong>Nous nous engageons \u00e0 fournir des produits de qualit\u00e9 sup\u00e9rieure \u00e0 des prix imbattables. Nos services <strong>Vaisselle Flight Case<\/strong> sont fabriqu\u00e9s \u00e0 partir de mat\u00e9riaux de premi\u00e8re qualit\u00e9, ce qui leur permet de r\u00e9sister \u00e0 l'\u00e9preuve du temps. En proposant des prix directs d'usine, nous \u00e9liminons les co\u00fbts inutiles, ce qui vous permet d'investir dans la qualit\u00e9 sans vous ruiner. Nos plats sont rigoureusement test\u00e9s pour s'assurer qu'ils r\u00e9pondent \u00e0 nos normes \u00e9lev\u00e9es, de sorte que vous pouvez avoir confiance en la performance de chaque pi\u00e8ce.<\/p>\n<h3>Des solutions rentables et fiables<\/h3>\n<p>Pourquoi se contenter de moins quand on peut avoir ce qu'il y a de mieux \u00e0 une fraction du prix ? <strong>SX<\/strong> fournit des solutions rentables pour tous vos besoins en mati\u00e8re de flight cases. Nos <strong>Vaisselle Flight Case<\/strong> offrent des performances fiables sans le prix d'un produit haut de gamme. Con\u00e7ues pour une installation facile et une utilisation durable, ces paraboles offrent un excellent rapport qualit\u00e9-prix, ce qui en fait un choix judicieux pour les professionnels qui ont besoin d'un \u00e9quipement durable et abordable.<\/p>\n<h3>Polyvalent et facile \u00e0 installer<\/h3>\n<p>Notre <strong>Route<\/strong> <strong>Plats en \u00e9tui<\/strong> sont suffisamment polyvalents pour r\u00e9pondre \u00e0 un large \u00e9ventail de besoins. Qu'il s'agisse d'organiser des c\u00e2bles, de fixer des accessoires ou de prot\u00e9ger des \u00e9quipements d\u00e9licats, SX a le support qu'il vous faut. Con\u00e7us pour une installation facile, nos supports s'int\u00e8grent parfaitement dans n'importe quel flight case. Gr\u00e2ce aux multiples options disponibles, vous pouvez personnaliser votre installation en fonction de vos besoins sp\u00e9cifiques, tout en profitant de la tranquillit\u00e9 d'esprit que procure une valise bien organis\u00e9e.<\/p>\n<h3>Satisfaction garantie pour chaque achat<\/h3>\n<p>\u00c0 <strong>SX<\/strong>Votre satisfaction est notre priorit\u00e9. Nous garantissons nos <strong>Route<\/strong> <strong>Plats en \u00e9tui<\/strong> avec une garantie qui vous assure d'\u00eatre enti\u00e8rement satisfait de votre achat. Si vous n'\u00eates pas satisfait, notre \u00e9quipe d'assistance \u00e0 la client\u00e8le est pr\u00eate \u00e0 vous aider. Nous croyons en la qualit\u00e9 de nos produits et en la valeur qu'ils offrent, et nous sommes convaincus qu'une fois que vous aurez choisi SX, vous ne reviendrez jamais en arri\u00e8re. Faites l'exp\u00e9rience de la diff\u00e9rence que la qualit\u00e9 et le prix peuvent faire - choisissez SX pour vos besoins en flight cases.<\/p>\n<p>Contactez-nous maintenant :<span style=\"color: #0000ff;\"><a style=\"color: #0000ff;\" href=\"https:\/\/sxpowercase.com\/contact-us\/\">https:\/\/sxpowercase.com\/<\/a><\/span><\/p>\n<p>Catalogue de produits mat\u00e9riels :<span style=\"color: #3366ff;\"><a style=\"color: #3366ff;\" href=\"https:\/\/sxpowercase.com\/wp-content\/uploads\/2024\/07\/\u4e94\u91d1.pdf\">Catalogue d&#039;accessoires de quincaillerie<\/a><\/span><\/p>","protected":false},"excerpt":{"rendered":"<div class=\"flex max-w-full flex-col flex-grow\">\n<div class=\"min-h-[20px] text-message flex w-full flex-col items-end gap-2 break-words [.text-message+&amp;]:mt-5 overflow-x-auto whitespace-normal\" dir=\"auto\" data-message-author-role=\"assistant\" data-message-id=\"42bf8b70-78ed-45dc-bd0a-25747a65912a\">\n<div class=\"flex w-full flex-col gap-1 empty:hidden first:pt-[3px]\">\n<div class=\"markdown prose w-full break-words dark:prose-invert light\">\n<h3>SX Flight Case Dishes: Durable and Stylish<\/h3>\n<p>Customize your flight case with SX\u2019s high-quality Flight Case Dishes. Designed for durability and easy organization, they\u2019re perfect for protecting your gear.<\/p>\n<h3>Factory-Direct Savings on SX Flight Case Dishes<\/h3>\n<p>Get top-grade Flight Case Dishes from SX at unbeatable factory-direct prices. Enjoy quality and reliability without overpaying, all backed by a satisfaction guarantee.<\/p>\n<h3>Versatile Flight Case Dishes by SX<\/h3>\n<p>SX offers versatile Flight Case Dishes that fit a variety of cases, ensuring a secure fit and easy installation. Trust SX for durable solutions that meet your needs.<\/p>\n<\/div>\n<\/div>\n<\/div>\n<\/div>\n","protected":false},"featured_media":4242,"comment_status":"open","ping_status":"closed","template":"","meta":[],"product_brand":[],"product_cat":[65],"product_tag":[],"class_list":{"0":"post-4249","1":"product","2":"type-product","3":"status-publish","4":"has-post-thumbnail","6":"product_cat-dishes","8":"first","9":"instock","10":"shipping-taxable","11":"product-type-simple"},"yoast_head":"<!-- This site is optimized with the Yoast SEO Premium plugin v27.1 (Yoast SEO v27.2) - https:\/\/yoast.com\/product\/yoast-seo-premium-wordpress\/ -->\n<title>Flight Case Dishes DIA201 - https:\/\/sxflightcase.com \ud83d\udc97<\/title>\n<meta name=\"description\" content=\"Flight case dishes, factory direct! High-quality, durable dishes designed for mounting handles, latches, and other hardware in flight cases. Ideal for a flush, professional finish and long-lasting use.\" \/>\n<meta name=\"robots\" content=\"index, follow, max-snippet:-1, max-image-preview:large, max-video-preview:-1\" \/>\n<link rel=\"canonical\" href=\"https:\/\/sxflightcase.com\/fr\/produit\/flight-case-plats-dia201-2\/\" \/>\n<meta property=\"og:locale\" content=\"fr_FR\" \/>\n<meta property=\"og:type\" content=\"article\" \/>\n<meta property=\"og:title\" content=\"Flight Case Dishes DIA201\" \/>\n<meta property=\"og:description\" content=\"Flight case dishes, factory direct! High-quality, durable dishes designed for mounting handles, latches, and other hardware in flight cases. Ideal for a flush, professional finish and long-lasting use.\" \/>\n<meta property=\"og:url\" content=\"https:\/\/sxflightcase.com\/fr\/produit\/flight-case-plats-dia201-2\/\" \/>\n<meta property=\"og:site_name\" content=\"https:\/\/sxflightcase.com\" \/>\n<meta property=\"article:publisher\" content=\"https:\/\/www.facebook.com\/profile.php?id=61560407257971\" \/>\n<meta property=\"og:image\" content=\"https:\/\/sxflightcase.com\/wp-content\/uploads\/2024\/09\/DIA201.jpg\" \/>\n\t<meta property=\"og:image:width\" content=\"700\" \/>\n\t<meta property=\"og:image:height\" content=\"700\" \/>\n\t<meta property=\"og:image:type\" content=\"image\/jpeg\" \/>\n<meta name=\"twitter:card\" content=\"summary_large_image\" \/>\n<meta name=\"twitter:label1\" content=\"Dur\u00e9e de lecture estim\u00e9e\" \/>\n\t<meta name=\"twitter:data1\" content=\"3 minutes\" \/>\n<script type=\"application\/ld+json\" class=\"yoast-schema-graph\">{\"@context\":\"https:\/\/schema.org\",\"@graph\":[{\"@type\":\"WebPage\",\"@id\":\"https:\/\/sxflightcase.com\/product\/flight-case-dishes-dia201\/\",\"url\":\"https:\/\/sxflightcase.com\/product\/flight-case-dishes-dia201\/\",\"name\":\"Flight Case Dishes DIA201 - https:\/\/sxflightcase.com \ud83d\udc97\",\"isPartOf\":{\"@id\":\"https:\/\/sxflightcase.com\/th\/#website\"},\"primaryImageOfPage\":{\"@id\":\"https:\/\/sxflightcase.com\/product\/flight-case-dishes-dia201\/#primaryimage\"},\"image\":{\"@id\":\"https:\/\/sxflightcase.com\/product\/flight-case-dishes-dia201\/#primaryimage\"},\"thumbnailUrl\":\"https:\/\/sxflightcase.com\/wp-content\/uploads\/2024\/09\/DIA201.jpg\",\"datePublished\":\"2024-09-03T06:22:33+00:00\",\"description\":\"Flight case dishes, factory direct! High-quality, durable dishes designed for mounting handles, latches, and other hardware in flight cases. Ideal for a flush, professional finish and long-lasting use.\",\"breadcrumb\":{\"@id\":\"https:\/\/sxflightcase.com\/product\/flight-case-dishes-dia201\/#breadcrumb\"},\"inLanguage\":\"fr-FR\",\"potentialAction\":[{\"@type\":\"ReadAction\",\"target\":[\"https:\/\/sxflightcase.com\/product\/flight-case-dishes-dia201\/\"]}]},{\"@type\":\"ImageObject\",\"inLanguage\":\"fr-FR\",\"@id\":\"https:\/\/sxflightcase.com\/product\/flight-case-dishes-dia201\/#primaryimage\",\"url\":\"https:\/\/sxflightcase.com\/wp-content\/uploads\/2024\/09\/DIA201.jpg\",\"contentUrl\":\"https:\/\/sxflightcase.com\/wp-content\/uploads\/2024\/09\/DIA201.jpg\",\"width\":700,\"height\":700,\"caption\":\"Flight Case Dishes\"},{\"@type\":\"BreadcrumbList\",\"@id\":\"https:\/\/sxflightcase.com\/product\/flight-case-dishes-dia201\/#breadcrumb\",\"itemListElement\":[{\"@type\":\"ListItem\",\"position\":1,\"name\":\"Home\",\"item\":\"https:\/\/sxflightcase.com\/\"},{\"@type\":\"ListItem\",\"position\":2,\"name\":\"\u0e2a\u0e34\u0e19\u0e04\u0e49\u0e32\",\"item\":\"https:\/\/sxflightcase.com\/th\/shop\/\"},{\"@type\":\"ListItem\",\"position\":3,\"name\":\"Flight Case Dishes DIA201\"}]},{\"@type\":\"WebSite\",\"@id\":\"https:\/\/sxflightcase.com\/th\/#website\",\"url\":\"https:\/\/sxflightcase.com\/th\/\",\"name\":\"sxpowercase.com\",\"description\":\"Flight Case Factory\",\"publisher\":{\"@id\":\"https:\/\/sxflightcase.com\/th\/#organization\"},\"potentialAction\":[{\"@type\":\"SearchAction\",\"target\":{\"@type\":\"EntryPoint\",\"urlTemplate\":\"https:\/\/sxflightcase.com\/th\/?s={search_term_string}\"},\"query-input\":{\"@type\":\"PropertyValueSpecification\",\"valueRequired\":true,\"valueName\":\"search_term_string\"}}],\"inLanguage\":\"fr-FR\"},{\"@type\":\"Organization\",\"@id\":\"https:\/\/sxflightcase.com\/th\/#organization\",\"name\":\"sxpowercase.com\",\"url\":\"https:\/\/sxflightcase.com\/th\/\",\"logo\":{\"@type\":\"ImageObject\",\"inLanguage\":\"fr-FR\",\"@id\":\"https:\/\/sxflightcase.com\/th\/#\/schema\/logo\/image\/\",\"url\":\"https:\/\/sxflightcase.com\/wp-content\/uploads\/2024\/04\/1713919036007.jpg\",\"contentUrl\":\"https:\/\/sxflightcase.com\/wp-content\/uploads\/2024\/04\/1713919036007.jpg\",\"width\":382,\"height\":388,\"caption\":\"sxpowercase.com\"},\"image\":{\"@id\":\"https:\/\/sxflightcase.com\/th\/#\/schema\/logo\/image\/\"},\"sameAs\":[\"https:\/\/www.facebook.com\/profile.php?id=61560407257971\"],\"numberOfEmployees\":{\"@type\":\"QuantitativeValue\",\"minValue\":\"11\",\"maxValue\":\"50\"}}]}<\/script>\n<!-- \/ Yoast SEO Premium plugin. -->","yoast_head_json":{"title":"Flight Case Dishes DIA201 - https:\/\/sxflightcase.com \ud83d\udc97","description":"Plaques de fixation pour flight cases, en direct de l'usine ! Plaques de haute qualit\u00e9 et durables con\u00e7ues pour le montage de poign\u00e9es, de loquets et d'autres \u00e9l\u00e9ments de quincaillerie dans les flight cases. Id\u00e9ales pour une finition professionnelle et une utilisation durable.","robots":{"index":"index","follow":"follow","max-snippet":"max-snippet:-1","max-image-preview":"max-image-preview:large","max-video-preview":"max-video-preview:-1"},"canonical":"https:\/\/sxflightcase.com\/fr\/produit\/flight-case-plats-dia201-2\/","og_locale":"fr_FR","og_type":"article","og_title":"Flight Case Dishes DIA201","og_description":"Flight case dishes, factory direct! High-quality, durable dishes designed for mounting handles, latches, and other hardware in flight cases. Ideal for a flush, professional finish and long-lasting use.","og_url":"https:\/\/sxflightcase.com\/fr\/produit\/flight-case-plats-dia201-2\/","og_site_name":"https:\/\/sxflightcase.com","article_publisher":"https:\/\/www.facebook.com\/profile.php?id=61560407257971","og_image":[{"width":700,"height":700,"url":"https:\/\/sxflightcase.com\/wp-content\/uploads\/2024\/09\/DIA201.jpg","type":"image\/jpeg"}],"twitter_card":"summary_large_image","twitter_misc":{"Dur\u00e9e de lecture estim\u00e9e":"3 minutes"},"schema":{"@context":"https:\/\/schema.org","@graph":[{"@type":"WebPage","@id":"https:\/\/sxflightcase.com\/product\/flight-case-dishes-dia201\/","url":"https:\/\/sxflightcase.com\/product\/flight-case-dishes-dia201\/","name":"Flight Case Dishes DIA201 - https:\/\/sxflightcase.com \ud83d\udc97","isPartOf":{"@id":"https:\/\/sxflightcase.com\/th\/#website"},"primaryImageOfPage":{"@id":"https:\/\/sxflightcase.com\/product\/flight-case-dishes-dia201\/#primaryimage"},"image":{"@id":"https:\/\/sxflightcase.com\/product\/flight-case-dishes-dia201\/#primaryimage"},"thumbnailUrl":"https:\/\/sxflightcase.com\/wp-content\/uploads\/2024\/09\/DIA201.jpg","datePublished":"2024-09-03T06:22:33+00:00","description":"Plaques de fixation pour flight cases, en direct de l'usine ! Plaques de haute qualit\u00e9 et durables con\u00e7ues pour le montage de poign\u00e9es, de loquets et d'autres \u00e9l\u00e9ments de quincaillerie dans les flight cases. Id\u00e9ales pour une finition professionnelle et une utilisation durable.","breadcrumb":{"@id":"https:\/\/sxflightcase.com\/product\/flight-case-dishes-dia201\/#breadcrumb"},"inLanguage":"fr-FR","potentialAction":[{"@type":"ReadAction","target":["https:\/\/sxflightcase.com\/product\/flight-case-dishes-dia201\/"]}]},{"@type":"ImageObject","inLanguage":"fr-FR","@id":"https:\/\/sxflightcase.com\/product\/flight-case-dishes-dia201\/#primaryimage","url":"https:\/\/sxflightcase.com\/wp-content\/uploads\/2024\/09\/DIA201.jpg","contentUrl":"https:\/\/sxflightcase.com\/wp-content\/uploads\/2024\/09\/DIA201.jpg","width":700,"height":700,"caption":"Flight Case Dishes"},{"@type":"BreadcrumbList","@id":"https:\/\/sxflightcase.com\/product\/flight-case-dishes-dia201\/#breadcrumb","itemListElement":[{"@type":"ListItem","position":1,"name":"Home","item":"https:\/\/sxflightcase.com\/"},{"@type":"ListItem","position":2,"name":"\u0e2a\u0e34\u0e19\u0e04\u0e49\u0e32","item":"https:\/\/sxflightcase.com\/th\/shop\/"},{"@type":"ListItem","position":3,"name":"Flight Case Dishes DIA201"}]},{"@type":"WebSite","@id":"https:\/\/sxflightcase.com\/th\/#website","url":"https:\/\/sxflightcase.com\/th\/","name":"sxpowercase.com","description":"Flight Case Factory","publisher":{"@id":"https:\/\/sxflightcase.com\/th\/#organization"},"potentialAction":[{"@type":"SearchAction","target":{"@type":"EntryPoint","urlTemplate":"https:\/\/sxflightcase.com\/th\/?s={search_term_string}"},"query-input":{"@type":"PropertyValueSpecification","valueRequired":true,"valueName":"search_term_string"}}],"inLanguage":"fr-FR"},{"@type":"Organization","@id":"https:\/\/sxflightcase.com\/th\/#organization","name":"sxpowercase.com","url":"https:\/\/sxflightcase.com\/th\/","logo":{"@type":"ImageObject","inLanguage":"fr-FR","@id":"https:\/\/sxflightcase.com\/th\/#\/schema\/logo\/image\/","url":"https:\/\/sxflightcase.com\/wp-content\/uploads\/2024\/04\/1713919036007.jpg","contentUrl":"https:\/\/sxflightcase.com\/wp-content\/uploads\/2024\/04\/1713919036007.jpg","width":382,"height":388,"caption":"sxpowercase.com"},"image":{"@id":"https:\/\/sxflightcase.com\/th\/#\/schema\/logo\/image\/"},"sameAs":["https:\/\/www.facebook.com\/profile.php?id=61560407257971"],"numberOfEmployees":{"@type":"QuantitativeValue","minValue":"11","maxValue":"50"}}]}},"_links":{"self":[{"href":"https:\/\/sxflightcase.com\/fr\/wp-json\/wp\/v2\/product\/4249","targetHints":{"allow":["GET"]}}],"collection":[{"href":"https:\/\/sxflightcase.com\/fr\/wp-json\/wp\/v2\/product"}],"about":[{"href":"https:\/\/sxflightcase.com\/fr\/wp-json\/wp\/v2\/types\/product"}],"replies":[{"embeddable":true,"href":"https:\/\/sxflightcase.com\/fr\/wp-json\/wp\/v2\/comments?post=4249"}],"version-history":[{"count":0,"href":"https:\/\/sxflightcase.com\/fr\/wp-json\/wp\/v2\/product\/4249\/revisions"}],"wp:featuredmedia":[{"embeddable":true,"href":"https:\/\/sxflightcase.com\/fr\/wp-json\/wp\/v2\/media\/4242"}],"wp:attachment":[{"href":"https:\/\/sxflightcase.com\/fr\/wp-json\/wp\/v2\/media?parent=4249"}],"wp:term":[{"taxonomy":"product_brand","embeddable":true,"href":"https:\/\/sxflightcase.com\/fr\/wp-json\/wp\/v2\/product_brand?post=4249"},{"taxonomy":"product_cat","embeddable":true,"href":"https:\/\/sxflightcase.com\/fr\/wp-json\/wp\/v2\/product_cat?post=4249"},{"taxonomy":"product_tag","embeddable":true,"href":"https:\/\/sxflightcase.com\/fr\/wp-json\/wp\/v2\/product_tag?post=4249"}],"curies":[{"name":"wp","href":"https:\/\/api.w.org\/{rel}","templated":true}]}}