{"id":4250,"date":"2024-09-03T07:29:04","date_gmt":"2024-09-03T06:29:04","guid":{"rendered":"https:\/\/sxpowercase.com\/?post_type=product&#038;p=4250"},"modified":"2024-09-03T07:29:05","modified_gmt":"2024-09-03T06:29:05","slug":"flight-case-wheel-hub-dia301","status":"publish","type":"product","link":"https:\/\/sxflightcase.com\/fr\/produit\/moyeu-de-roue-de-flight-case-dia301-2\/","title":{"rendered":"Moyeu de roue de Flight Case DIA301"},"content":{"rendered":"<h3>D\u00e9couvrez la durabilit\u00e9 des moyeux de roue SX Flight Case<\/h3>\n<p>Lorsqu'il s'agit de transporter votre \u00e9quipement de valeur, la fiabilit\u00e9 de votre flight case est cruciale. Les <strong>Moyeu de roue de la valise de vol SX<\/strong> est con\u00e7u pour offrir la mobilit\u00e9 douce et s\u00fbre dont votre mat\u00e9riel a besoin. Con\u00e7us avec des mat\u00e9riaux de qualit\u00e9 sup\u00e9rieure, ces moyeux de roue garantissent que vos flight cases glissent sans effort, r\u00e9duisant ainsi l'usure de la valise et de son contenu. Avec <a href=\"https:\/\/sxpowercase.com\/\" target=\"_blank\" rel=\"noopener\" title=\"SX\" data-wpil-monitor-id=\"711\">SX<\/a>Gr\u00e2ce \u00e0 l'utilisation d'un syst\u00e8me d'entra\u00eenement, vous b\u00e9n\u00e9ficiez d'une combinaison parfaite de solidit\u00e9 et de performance, ce qui vous permet de transporter vos marchandises sans souci.<\/p>\n<h3>Des prix directs pour une valeur in\u00e9gal\u00e9e<\/h3>\n<p>\u00c0 <strong>SX<\/strong>Nous sommes convaincus qu'il est possible d'offrir une qualit\u00e9 sup\u00e9rieure sans avoir \u00e0 payer le prix fort. Notre <a href=\"https:\/\/sxpowercase.com\/product\/flight-case-dishes-dia201\/\"><strong>Moyeux de roue Flight Case<\/strong><\/a> sont disponibles \u00e0 des prix directs d'usine, ce qui vous garantit le meilleur rapport qualit\u00e9-prix. En supprimant les interm\u00e9diaires, nous vous faisons b\u00e9n\u00e9ficier directement des \u00e9conomies r\u00e9alis\u00e9es, ce qui vous permet d'investir dans des produits de premi\u00e8re qualit\u00e9 \u00e0 des prix abordables. Chaque concentrateur est m\u00e9ticuleusement con\u00e7u pour r\u00e9pondre \u00e0 des normes \u00e9lev\u00e9es, ce qui garantit que votre \u00e9quipement est toujours en mouvement et b\u00e9n\u00e9ficie de la meilleure assistance.<\/p>\n<h3>Une qualit\u00e9 \u00e0 laquelle vous pouvez faire confiance<\/h3>\n<p><strong>Moyeux de roue SX Flight Case<\/strong> sont construits pour durer, en mettant l'accent sur la durabilit\u00e9 et la performance. Nous comprenons que la s\u00e9curit\u00e9 de votre \u00e9quipement n'est pas n\u00e9gociable, c'est pourquoi nous n'utilisons que des mat\u00e9riaux de haute qualit\u00e9 dans nos moyeux. Chaque produit est soumis \u00e0 des tests rigoureux pour s'assurer qu'il r\u00e9pond \u00e0 nos directives strictes en mati\u00e8re de qualit\u00e9. Avec <strong>SX<\/strong>vous pouvez \u00eatre s\u00fbr que votre flight case fonctionnera de mani\u00e8re optimale, voyage apr\u00e8s voyage.<\/p>\n<h3>Installation facile et utilisation polyvalente<\/h3>\n<p>Installation de la <strong>Moyeu de roue de la valise de vol SX<\/strong> est un jeu d'enfant. Con\u00e7us pour s'int\u00e9grer facilement dans une large gamme de flight cases, ces moyeux offrent une base s\u00fbre et stable pour tout votre mat\u00e9riel. Que vous \u00e9quipiez une nouvelle valise ou que vous am\u00e9lioriez une valise existante, nos moyeux de roue sont le choix id\u00e9al. Gr\u00e2ce \u00e0 leur polyvalence, ils conviennent \u00e0 diverses applications et garantissent que votre \u00e9quipement est toujours bien maintenu, quel que soit le trajet.<\/p>\n<h3>Satisfaction garantie avec SX<\/h3>\n<p>Votre satisfaction est notre priorit\u00e9 absolue chez <strong>SX<\/strong>. Nous nous engageons sur la qualit\u00e9 de nos <strong>Moyeux de roue Flight Case<\/strong> et nous nous engageons \u00e0 ce que vous soyez enti\u00e8rement satisfait de votre achat. Si, pour quelque raison que ce soit, vous n'\u00eates pas satisfait, notre \u00e9quipe d'assistance \u00e0 la client\u00e8le est l\u00e0 pour vous aider. Nous sommes convaincus qu'une fois que vous aurez exp\u00e9riment\u00e9 la durabilit\u00e9 et la performance de nos moyeux de roue, vous comprendrez pourquoi SX est la marque de r\u00e9f\u00e9rence pour les accessoires de flight case. Choisissez SX pour votre prochaine mise \u00e0 niveau et profitez d'une performance fiable \u00e0 un prix qui ne vous ruinera pas.<\/p>\n<p>Contactez-nous maintenant :<span style=\"color: #0000ff;\"><a style=\"color: #0000ff;\" href=\"https:\/\/sxpowercase.com\/contact-us\/\">https:\/\/sxpowercase.com\/<\/a><\/span><\/p>\n<p>Catalogue de produits mat\u00e9riels :<span style=\"color: #3366ff;\"><a style=\"color: #3366ff;\" href=\"https:\/\/sxpowercase.com\/wp-content\/uploads\/2024\/07\/\u4e94\u91d1.pdf\">Catalogue d&#039;accessoires de quincaillerie<\/a><\/span><\/p>","protected":false},"excerpt":{"rendered":"<h3>Moyeux de roue SX Flight Case : Mobilit\u00e9 souple et s\u00fbre<\/h3>\n<p>Transportez votre mat\u00e9riel sans effort avec les moyeux de roue SX Flight Case. Fabriqu\u00e9s avec des mat\u00e9riaux de qualit\u00e9 sup\u00e9rieure, ces moyeux offrent des performances fiables, voyage apr\u00e8s voyage.<\/p>\n<h3>Une qualit\u00e9 abordable avec des prix SX directs \u00e0 l'usine<\/h3>\n<p>Obtenez des moyeux de roue Flight Case de premi\u00e8re qualit\u00e9 \u00e0 des prix imbattables de SX. Profitez d'une durabilit\u00e9 et d'une performance de premier ordre sans le co\u00fbt \u00e9lev\u00e9.<\/p>\n<h3>Installation facile et soutien fiable<\/h3>\n<p>Les moyeux de roue SX Flight Case sont faciles \u00e0 installer et polyvalents pour diverses applications. Faites confiance \u00e0 SX pour que votre \u00e9quipement soit bien support\u00e9 et se d\u00e9place en douceur.<\/p>","protected":false},"featured_media":4243,"comment_status":"open","ping_status":"closed","template":"","meta":[],"product_brand":[],"product_cat":[65],"product_tag":[],"class_list":{"0":"post-4250","1":"product","2":"type-product","3":"status-publish","4":"has-post-thumbnail","6":"product_cat-dishes","8":"first","9":"instock","10":"shipping-taxable","11":"product-type-simple"},"yoast_head":"<!-- This site is optimized with the Yoast SEO Premium plugin v27.1 (Yoast SEO v27.2) - https:\/\/yoast.com\/product\/yoast-seo-premium-wordpress\/ -->\n<title>Flight Case Wheel Hub DIA301 - https:\/\/sxflightcase.com \ud83d\udc97<\/title>\n<meta name=\"description\" content=\"Flight case wheel hub, factory direct! High-quality, durable hubs designed for smooth and reliable mobility of flight cases. Perfect for ensuring easy transport and long-lasting performance.\" \/>\n<meta name=\"robots\" content=\"index, follow, max-snippet:-1, max-image-preview:large, max-video-preview:-1\" \/>\n<link rel=\"canonical\" href=\"https:\/\/sxflightcase.com\/fr\/produit\/moyeu-de-roue-de-flight-case-dia301-2\/\" \/>\n<meta property=\"og:locale\" content=\"fr_FR\" \/>\n<meta property=\"og:type\" content=\"article\" \/>\n<meta property=\"og:title\" content=\"Flight Case Wheel Hub DIA301\" \/>\n<meta property=\"og:description\" content=\"Flight case wheel hub, factory direct! High-quality, durable hubs designed for smooth and reliable mobility of flight cases. Perfect for ensuring easy transport and long-lasting performance.\" \/>\n<meta property=\"og:url\" content=\"https:\/\/sxflightcase.com\/fr\/produit\/moyeu-de-roue-de-flight-case-dia301-2\/\" \/>\n<meta property=\"og:site_name\" content=\"https:\/\/sxflightcase.com\" \/>\n<meta property=\"article:publisher\" content=\"https:\/\/www.facebook.com\/profile.php?id=61560407257971\" \/>\n<meta property=\"article:modified_time\" content=\"2024-09-03T06:29:05+00:00\" \/>\n<meta property=\"og:image\" content=\"https:\/\/sxflightcase.com\/wp-content\/uploads\/2024\/09\/DIA301.jpg\" \/>\n\t<meta property=\"og:image:width\" content=\"700\" \/>\n\t<meta property=\"og:image:height\" content=\"700\" \/>\n\t<meta property=\"og:image:type\" content=\"image\/jpeg\" \/>\n<meta name=\"twitter:card\" content=\"summary_large_image\" \/>\n<meta name=\"twitter:label1\" content=\"Dur\u00e9e de lecture estim\u00e9e\" \/>\n\t<meta name=\"twitter:data1\" content=\"3 minutes\" \/>\n<script type=\"application\/ld+json\" class=\"yoast-schema-graph\">{\"@context\":\"https:\/\/schema.org\",\"@graph\":[{\"@type\":\"WebPage\",\"@id\":\"https:\/\/sxflightcase.com\/product\/flight-case-wheel-hub-dia301\/\",\"url\":\"https:\/\/sxflightcase.com\/product\/flight-case-wheel-hub-dia301\/\",\"name\":\"Flight Case Wheel Hub DIA301 - https:\/\/sxflightcase.com \ud83d\udc97\",\"isPartOf\":{\"@id\":\"https:\/\/sxflightcase.com\/th\/#website\"},\"primaryImageOfPage\":{\"@id\":\"https:\/\/sxflightcase.com\/product\/flight-case-wheel-hub-dia301\/#primaryimage\"},\"image\":{\"@id\":\"https:\/\/sxflightcase.com\/product\/flight-case-wheel-hub-dia301\/#primaryimage\"},\"thumbnailUrl\":\"https:\/\/sxflightcase.com\/wp-content\/uploads\/2024\/09\/DIA301.jpg\",\"datePublished\":\"2024-09-03T06:29:04+00:00\",\"dateModified\":\"2024-09-03T06:29:05+00:00\",\"description\":\"Flight case wheel hub, factory direct! High-quality, durable hubs designed for smooth and reliable mobility of flight cases. Perfect for ensuring easy transport and long-lasting performance.\",\"breadcrumb\":{\"@id\":\"https:\/\/sxflightcase.com\/product\/flight-case-wheel-hub-dia301\/#breadcrumb\"},\"inLanguage\":\"fr-FR\",\"potentialAction\":[{\"@type\":\"ReadAction\",\"target\":[\"https:\/\/sxflightcase.com\/product\/flight-case-wheel-hub-dia301\/\"]}]},{\"@type\":\"ImageObject\",\"inLanguage\":\"fr-FR\",\"@id\":\"https:\/\/sxflightcase.com\/product\/flight-case-wheel-hub-dia301\/#primaryimage\",\"url\":\"https:\/\/sxflightcase.com\/wp-content\/uploads\/2024\/09\/DIA301.jpg\",\"contentUrl\":\"https:\/\/sxflightcase.com\/wp-content\/uploads\/2024\/09\/DIA301.jpg\",\"width\":700,\"height\":700,\"caption\":\"Flight Case Wheel Hub\"},{\"@type\":\"BreadcrumbList\",\"@id\":\"https:\/\/sxflightcase.com\/product\/flight-case-wheel-hub-dia301\/#breadcrumb\",\"itemListElement\":[{\"@type\":\"ListItem\",\"position\":1,\"name\":\"Home\",\"item\":\"https:\/\/sxflightcase.com\/\"},{\"@type\":\"ListItem\",\"position\":2,\"name\":\"\u0e2a\u0e34\u0e19\u0e04\u0e49\u0e32\",\"item\":\"https:\/\/sxflightcase.com\/th\/shop\/\"},{\"@type\":\"ListItem\",\"position\":3,\"name\":\"Flight Case Wheel Hub DIA301\"}]},{\"@type\":\"WebSite\",\"@id\":\"https:\/\/sxflightcase.com\/th\/#website\",\"url\":\"https:\/\/sxflightcase.com\/th\/\",\"name\":\"sxpowercase.com\",\"description\":\"Flight Case Factory\",\"publisher\":{\"@id\":\"https:\/\/sxflightcase.com\/th\/#organization\"},\"potentialAction\":[{\"@type\":\"SearchAction\",\"target\":{\"@type\":\"EntryPoint\",\"urlTemplate\":\"https:\/\/sxflightcase.com\/th\/?s={search_term_string}\"},\"query-input\":{\"@type\":\"PropertyValueSpecification\",\"valueRequired\":true,\"valueName\":\"search_term_string\"}}],\"inLanguage\":\"fr-FR\"},{\"@type\":\"Organization\",\"@id\":\"https:\/\/sxflightcase.com\/th\/#organization\",\"name\":\"sxpowercase.com\",\"url\":\"https:\/\/sxflightcase.com\/th\/\",\"logo\":{\"@type\":\"ImageObject\",\"inLanguage\":\"fr-FR\",\"@id\":\"https:\/\/sxflightcase.com\/th\/#\/schema\/logo\/image\/\",\"url\":\"https:\/\/sxflightcase.com\/wp-content\/uploads\/2024\/04\/1713919036007.jpg\",\"contentUrl\":\"https:\/\/sxflightcase.com\/wp-content\/uploads\/2024\/04\/1713919036007.jpg\",\"width\":382,\"height\":388,\"caption\":\"sxpowercase.com\"},\"image\":{\"@id\":\"https:\/\/sxflightcase.com\/th\/#\/schema\/logo\/image\/\"},\"sameAs\":[\"https:\/\/www.facebook.com\/profile.php?id=61560407257971\"],\"numberOfEmployees\":{\"@type\":\"QuantitativeValue\",\"minValue\":\"11\",\"maxValue\":\"50\"}}]}<\/script>\n<!-- \/ Yoast SEO Premium plugin. -->","yoast_head_json":{"title":"Flight Case Wheel Hub DIA301 - https:\/\/sxflightcase.com \ud83d\udc97","description":"Moyeu de roue pour flight case, direct usine ! Moyeux de haute qualit\u00e9, durables, con\u00e7us pour une mobilit\u00e9 fluide et fiable des flight cases. Ils sont parfaits pour garantir un transport ais\u00e9 et des performances durables.","robots":{"index":"index","follow":"follow","max-snippet":"max-snippet:-1","max-image-preview":"max-image-preview:large","max-video-preview":"max-video-preview:-1"},"canonical":"https:\/\/sxflightcase.com\/fr\/produit\/moyeu-de-roue-de-flight-case-dia301-2\/","og_locale":"fr_FR","og_type":"article","og_title":"Flight Case Wheel Hub DIA301","og_description":"Flight case wheel hub, factory direct! High-quality, durable hubs designed for smooth and reliable mobility of flight cases. Perfect for ensuring easy transport and long-lasting performance.","og_url":"https:\/\/sxflightcase.com\/fr\/produit\/moyeu-de-roue-de-flight-case-dia301-2\/","og_site_name":"https:\/\/sxflightcase.com","article_publisher":"https:\/\/www.facebook.com\/profile.php?id=61560407257971","article_modified_time":"2024-09-03T06:29:05+00:00","og_image":[{"width":700,"height":700,"url":"https:\/\/sxflightcase.com\/wp-content\/uploads\/2024\/09\/DIA301.jpg","type":"image\/jpeg"}],"twitter_card":"summary_large_image","twitter_misc":{"Dur\u00e9e de lecture estim\u00e9e":"3 minutes"},"schema":{"@context":"https:\/\/schema.org","@graph":[{"@type":"WebPage","@id":"https:\/\/sxflightcase.com\/product\/flight-case-wheel-hub-dia301\/","url":"https:\/\/sxflightcase.com\/product\/flight-case-wheel-hub-dia301\/","name":"Flight Case Wheel Hub DIA301 - https:\/\/sxflightcase.com \ud83d\udc97","isPartOf":{"@id":"https:\/\/sxflightcase.com\/th\/#website"},"primaryImageOfPage":{"@id":"https:\/\/sxflightcase.com\/product\/flight-case-wheel-hub-dia301\/#primaryimage"},"image":{"@id":"https:\/\/sxflightcase.com\/product\/flight-case-wheel-hub-dia301\/#primaryimage"},"thumbnailUrl":"https:\/\/sxflightcase.com\/wp-content\/uploads\/2024\/09\/DIA301.jpg","datePublished":"2024-09-03T06:29:04+00:00","dateModified":"2024-09-03T06:29:05+00:00","description":"Moyeu de roue pour flight case, direct usine ! Moyeux de haute qualit\u00e9, durables, con\u00e7us pour une mobilit\u00e9 fluide et fiable des flight cases. Ils sont parfaits pour garantir un transport ais\u00e9 et des performances durables.","breadcrumb":{"@id":"https:\/\/sxflightcase.com\/product\/flight-case-wheel-hub-dia301\/#breadcrumb"},"inLanguage":"fr-FR","potentialAction":[{"@type":"ReadAction","target":["https:\/\/sxflightcase.com\/product\/flight-case-wheel-hub-dia301\/"]}]},{"@type":"ImageObject","inLanguage":"fr-FR","@id":"https:\/\/sxflightcase.com\/product\/flight-case-wheel-hub-dia301\/#primaryimage","url":"https:\/\/sxflightcase.com\/wp-content\/uploads\/2024\/09\/DIA301.jpg","contentUrl":"https:\/\/sxflightcase.com\/wp-content\/uploads\/2024\/09\/DIA301.jpg","width":700,"height":700,"caption":"Flight Case Wheel Hub"},{"@type":"BreadcrumbList","@id":"https:\/\/sxflightcase.com\/product\/flight-case-wheel-hub-dia301\/#breadcrumb","itemListElement":[{"@type":"ListItem","position":1,"name":"Home","item":"https:\/\/sxflightcase.com\/"},{"@type":"ListItem","position":2,"name":"\u0e2a\u0e34\u0e19\u0e04\u0e49\u0e32","item":"https:\/\/sxflightcase.com\/th\/shop\/"},{"@type":"ListItem","position":3,"name":"Flight Case Wheel Hub DIA301"}]},{"@type":"WebSite","@id":"https:\/\/sxflightcase.com\/th\/#website","url":"https:\/\/sxflightcase.com\/th\/","name":"sxpowercase.com","description":"Flight Case Factory","publisher":{"@id":"https:\/\/sxflightcase.com\/th\/#organization"},"potentialAction":[{"@type":"SearchAction","target":{"@type":"EntryPoint","urlTemplate":"https:\/\/sxflightcase.com\/th\/?s={search_term_string}"},"query-input":{"@type":"PropertyValueSpecification","valueRequired":true,"valueName":"search_term_string"}}],"inLanguage":"fr-FR"},{"@type":"Organization","@id":"https:\/\/sxflightcase.com\/th\/#organization","name":"sxpowercase.com","url":"https:\/\/sxflightcase.com\/th\/","logo":{"@type":"ImageObject","inLanguage":"fr-FR","@id":"https:\/\/sxflightcase.com\/th\/#\/schema\/logo\/image\/","url":"https:\/\/sxflightcase.com\/wp-content\/uploads\/2024\/04\/1713919036007.jpg","contentUrl":"https:\/\/sxflightcase.com\/wp-content\/uploads\/2024\/04\/1713919036007.jpg","width":382,"height":388,"caption":"sxpowercase.com"},"image":{"@id":"https:\/\/sxflightcase.com\/th\/#\/schema\/logo\/image\/"},"sameAs":["https:\/\/www.facebook.com\/profile.php?id=61560407257971"],"numberOfEmployees":{"@type":"QuantitativeValue","minValue":"11","maxValue":"50"}}]}},"_links":{"self":[{"href":"https:\/\/sxflightcase.com\/fr\/wp-json\/wp\/v2\/product\/4250","targetHints":{"allow":["GET"]}}],"collection":[{"href":"https:\/\/sxflightcase.com\/fr\/wp-json\/wp\/v2\/product"}],"about":[{"href":"https:\/\/sxflightcase.com\/fr\/wp-json\/wp\/v2\/types\/product"}],"replies":[{"embeddable":true,"href":"https:\/\/sxflightcase.com\/fr\/wp-json\/wp\/v2\/comments?post=4250"}],"version-history":[{"count":0,"href":"https:\/\/sxflightcase.com\/fr\/wp-json\/wp\/v2\/product\/4250\/revisions"}],"wp:featuredmedia":[{"embeddable":true,"href":"https:\/\/sxflightcase.com\/fr\/wp-json\/wp\/v2\/media\/4243"}],"wp:attachment":[{"href":"https:\/\/sxflightcase.com\/fr\/wp-json\/wp\/v2\/media?parent=4250"}],"wp:term":[{"taxonomy":"product_brand","embeddable":true,"href":"https:\/\/sxflightcase.com\/fr\/wp-json\/wp\/v2\/product_brand?post=4250"},{"taxonomy":"product_cat","embeddable":true,"href":"https:\/\/sxflightcase.com\/fr\/wp-json\/wp\/v2\/product_cat?post=4250"},{"taxonomy":"product_tag","embeddable":true,"href":"https:\/\/sxflightcase.com\/fr\/wp-json\/wp\/v2\/product_tag?post=4250"}],"curies":[{"name":"wp","href":"https:\/\/api.w.org\/{rel}","templated":true}]}}