{"id":4313,"date":"2024-09-06T07:42:52","date_gmt":"2024-09-06T06:42:52","guid":{"rendered":"https:\/\/sxpowercase.com\/?post_type=product&#038;p=4313"},"modified":"2024-09-06T07:42:53","modified_gmt":"2024-09-06T06:42:53","slug":"rack-rail-pair-raa402","status":"publish","type":"product","link":"https:\/\/sxflightcase.com\/fr\/produit\/paire-de-rails-a-cremaillere-raa402\/","title":{"rendered":"Paire de rails RAA402"},"content":{"rendered":"<h3>S\u00e9curisez votre \u00e9quipement avec la paire de rails SX Rack<\/h3>\n<p>Lorsqu'il s'agit de fixer votre \u00e9quipement en toute s\u00e9curit\u00e9, le <a href=\"https:\/\/sxpowercase.com\/product\/punched-rack-panel-raa401\/\"><strong>Paire de rails \u00e0 cr\u00e9maill\u00e8re SX<\/strong><\/a> est le choix id\u00e9al. Con\u00e7u pour offrir un support solide, ce produit garantit que votre mat\u00e9riel est install\u00e9 en toute s\u00e9curit\u00e9, offrant \u00e0 la fois stabilit\u00e9 et fiabilit\u00e9. <strong>SX<\/strong> propose cette solution \u00e0 des prix directs d'usine, ce qui vous permet de b\u00e9n\u00e9ficier d'une qualit\u00e9 sup\u00e9rieure sans en payer le prix fort.<\/p>\n<h3>Mat\u00e9riau de haute qualit\u00e9 pour des performances durables<\/h3>\n<p>Notre <strong>Paire de rails \u00e0 cr\u00e9maill\u00e8re<\/strong> est fabriqu\u00e9 \u00e0 partir de mat\u00e9riaux durables et de qualit\u00e9 sup\u00e9rieure, garantissant des performances durables. Qu'il s'agisse d'un studio professionnel ou d'un bureau \u00e0 domicile, ces rails sont con\u00e7us pour r\u00e9sister \u00e0 un usage intensif. A <strong><a href=\"https:\/\/sxpowercase.com\/\" target=\"_blank\" rel=\"noopener\" title=\"SX\" data-wpil-monitor-id=\"728\">SX<\/a><\/strong>Nous donnons la priorit\u00e9 \u00e0 l'assurance qualit\u00e9 afin de garantir que nos produits r\u00e9pondent aux normes strictes de l'industrie.<\/p>\n<h3>Facilit\u00e9 d'installation et polyvalence<\/h3>\n<p>Le <strong>Paire de rails \u00e0 cr\u00e9maill\u00e8re SX<\/strong> est con\u00e7u pour une installation rapide et facile, s'adaptant \u00e0 la plupart des syst\u00e8mes de racks. Sa conception polyvalente lui permet d'accueillir une large gamme d'appareils, ce qui en fait la solution id\u00e9ale pour toute installation. Gr\u00e2ce \u00e0 son ing\u00e9nierie de pr\u00e9cision, vous pouvez l'installer facilement, ce qui vous permet d'\u00e9conomiser du temps et des efforts.<\/p>\n<h3>Des prix directs pour une valeur maximale<\/h3>\n<p>\u00c0 <strong>SX<\/strong>Nous sommes convaincus qu'il est possible d'offrir des produits de premier ordre \u00e0 des prix comp\u00e9titifs. Nos <strong>Paire de rails \u00e0 cr\u00e9maill\u00e8re<\/strong> provient directement de notre usine, ce qui \u00e9limine les interm\u00e9diaires et nous permet de vous faire b\u00e9n\u00e9ficier des \u00e9conomies r\u00e9alis\u00e9es. Cela signifie que vous b\u00e9n\u00e9ficiez d'une qualit\u00e9 sup\u00e9rieure \u00e0 un prix abordable. <strong>SX<\/strong> le choix privil\u00e9gi\u00e9 des acheteurs soucieux de leur budget.<\/p>\n<h3>Une fiabilit\u00e9 \u00e0 toute \u00e9preuve<\/h3>\n<p>Avec la <strong>Paire de rails \u00e0 cr\u00e9maill\u00e8re SX<\/strong>Vous pouvez donc compter sur des performances fiables \u00e0 tout moment. Qu'il s'agisse de monter des serveurs lourds, des \u00e9quipements audio ou d'autres appareils, ces rails offrent le support dont vous avez besoin. Con\u00e7us pour une fixation s\u00fbre et un mouvement minimal, ils contribuent \u00e0 prot\u00e9ger votre \u00e9quipement de valeur.<\/p>\n<h3>Id\u00e9al pour tout type d'environnement<\/h3>\n<p>Des centres de donn\u00e9es aux studios d'enregistrement, les <strong>Paires de rails \u00e0 cr\u00e9maill\u00e8re SX<\/strong> offre des fonctionnalit\u00e9s polyvalentes. Sa conception robuste et sa facilit\u00e9 d'adaptation lui permettent de convenir \u00e0 une grande vari\u00e9t\u00e9 d'applications. Quel que soit l'endroit o\u00f9 vous les utilisez, ces rails offrent un \u00e9quilibre parfait entre prix et durabilit\u00e9.<\/p>\n<h3>Une qualit\u00e9 sur laquelle vous pouvez compter<\/h3>\n<p>\u00c0 <strong>SX<\/strong>Nous nous engageons \u00e0 fournir des produits auxquels vous pouvez faire confiance. Chaque <strong>Paires de rails \u00e0 cr\u00e9maill\u00e8re<\/strong> subit des contr\u00f4les de qualit\u00e9 stricts avant de quitter notre usine, ce qui vous garantit un produit qui d\u00e9passe vos attentes. Avec <strong>SX<\/strong>Vous avez ainsi l'assurance d'un travail de qualit\u00e9 \u00e0 un prix avantageux.<\/p>\n<p>Am\u00e9liorez votre rack d'\u00e9quipement avec le <strong>Paires de rails \u00e0 cr\u00e9maill\u00e8re SX<\/strong> et profitez de fonctions haut de gamme, d'une assurance qualit\u00e9 et d'un rapport qualit\u00e9-prix imbattable, le tout sous la houlette d'une marque sur laquelle vous pouvez compter.<\/p>\n<p>Contactez-nous maintenant :<span style=\"color: #0000ff;\"><a style=\"color: #0000ff;\" href=\"https:\/\/sxpowercase.com\/contact-us\/\">https:\/\/sxpowercase.com\/<\/a><\/span><\/p>\n<p>Catalogue de produits mat\u00e9riels :<span style=\"color: #3366ff;\"><a style=\"color: #3366ff;\" href=\"https:\/\/sxpowercase.com\/wp-content\/uploads\/2024\/07\/\u4e94\u91d1.pdf\">Catalogue d&#039;accessoires de quincaillerie<\/a><\/span><\/p>","protected":false},"excerpt":{"rendered":"<h3>S\u00e9curisez votre installation avec la paire de rails SX Rack<\/h3>\n<p>La paire de rails SX Rack offre un support fiable et stable pour monter votre \u00e9quipement en toute s\u00e9curit\u00e9, garantissant des performances durables \u00e0 des prix d'usine.<\/p>\n<h3>Construction durable pour une utilisation intensive<\/h3>\n<p>Fabriqu\u00e9e \u00e0 partir de mat\u00e9riaux de haute qualit\u00e9, la paire de rails SX Rack est con\u00e7ue pour supporter de lourdes charges, ce qui la rend id\u00e9ale pour les studios professionnels ou les bureaux \u00e0 domicile.<\/p>\n<h3>Installation facile et valeur maximale<\/h3>\n<p>Avec une installation rapide et un design polyvalent, la paire de rails SX s'adapte \u00e0 la plupart des syst\u00e8mes d'\u00e9tag\u00e8res. Profitez d'une qualit\u00e9 sup\u00e9rieure \u00e0 un prix abordable, direct usine.<\/p>","protected":false},"featured_media":4274,"comment_status":"open","ping_status":"closed","template":"","meta":[],"product_brand":[],"product_cat":[66],"product_tag":[],"class_list":{"0":"post-4313","1":"product","2":"type-product","3":"status-publish","4":"has-post-thumbnail","6":"product_cat-rack-hardware","8":"first","9":"instock","10":"shipping-taxable","11":"product-type-simple"},"yoast_head":"<!-- This site is optimized with the Yoast SEO Premium plugin v27.1 (Yoast SEO v27.2) - https:\/\/yoast.com\/product\/yoast-seo-premium-wordpress\/ -->\n<title>Rack Rail Pair RAA402 - https:\/\/sxflightcase.com \ud83d\udc97<\/title>\n<meta name=\"description\" content=\"Rack rail pair, factory direct! High-quality, durable rails designed for secure mounting of rack equipment. Ideal for professional setups in cases, server racks, and more.\" \/>\n<meta name=\"robots\" content=\"index, follow, max-snippet:-1, max-image-preview:large, max-video-preview:-1\" \/>\n<link rel=\"canonical\" href=\"https:\/\/sxflightcase.com\/fr\/produk\/pasangan-rel-rak-raa402-2\/\" \/>\n<meta property=\"og:locale\" content=\"fr_FR\" \/>\n<meta property=\"og:type\" content=\"article\" \/>\n<meta property=\"og:title\" content=\"Rack Rail Pair RAA402\" \/>\n<meta property=\"og:description\" content=\"Rack rail pair, factory direct! High-quality, durable rails designed for secure mounting of rack equipment. Ideal for professional setups in cases, server racks, and more.\" \/>\n<meta property=\"og:url\" content=\"https:\/\/sxflightcase.com\/fr\/produk\/pasangan-rel-rak-raa402-2\/\" \/>\n<meta property=\"og:site_name\" content=\"https:\/\/sxflightcase.com\" \/>\n<meta property=\"article:publisher\" content=\"https:\/\/www.facebook.com\/profile.php?id=61560407257971\" \/>\n<meta property=\"article:modified_time\" content=\"2024-09-06T06:42:53+00:00\" \/>\n<meta property=\"og:image\" content=\"https:\/\/sxflightcase.com\/wp-content\/uploads\/2024\/09\/RAA402.jpg\" \/>\n\t<meta property=\"og:image:width\" content=\"700\" \/>\n\t<meta property=\"og:image:height\" content=\"700\" \/>\n\t<meta property=\"og:image:type\" content=\"image\/jpeg\" \/>\n<meta name=\"twitter:card\" content=\"summary_large_image\" \/>\n<meta name=\"twitter:label1\" content=\"Dur\u00e9e de lecture estim\u00e9e\" \/>\n\t<meta name=\"twitter:data1\" content=\"3 minutes\" \/>\n<script type=\"application\/ld+json\" class=\"yoast-schema-graph\">{\"@context\":\"https:\/\/schema.org\",\"@graph\":[{\"@type\":\"WebPage\",\"@id\":\"https:\/\/sxflightcase.com\/id\/produk\/pasangan-rel-rak-raa402-2\/\",\"url\":\"https:\/\/sxflightcase.com\/id\/produk\/pasangan-rel-rak-raa402-2\/\",\"name\":\"Rack Rail Pair RAA402 - https:\/\/sxflightcase.com \ud83d\udc97\",\"isPartOf\":{\"@id\":\"https:\/\/sxflightcase.com\/th\/#website\"},\"primaryImageOfPage\":{\"@id\":\"https:\/\/sxflightcase.com\/id\/produk\/pasangan-rel-rak-raa402-2\/#primaryimage\"},\"image\":{\"@id\":\"https:\/\/sxflightcase.com\/id\/produk\/pasangan-rel-rak-raa402-2\/#primaryimage\"},\"thumbnailUrl\":\"https:\/\/sxflightcase.com\/wp-content\/uploads\/2024\/09\/RAA402.jpg\",\"datePublished\":\"2024-09-06T06:42:52+00:00\",\"dateModified\":\"2024-09-06T06:42:53+00:00\",\"description\":\"Rack rail pair, factory direct! High-quality, durable rails designed for secure mounting of rack equipment. Ideal for professional setups in cases, server racks, and more.\",\"breadcrumb\":{\"@id\":\"https:\/\/sxflightcase.com\/id\/produk\/pasangan-rel-rak-raa402-2\/#breadcrumb\"},\"inLanguage\":\"fr-FR\",\"potentialAction\":[{\"@type\":\"ReadAction\",\"target\":[\"https:\/\/sxflightcase.com\/id\/produk\/pasangan-rel-rak-raa402-2\/\"]}]},{\"@type\":\"ImageObject\",\"inLanguage\":\"fr-FR\",\"@id\":\"https:\/\/sxflightcase.com\/id\/produk\/pasangan-rel-rak-raa402-2\/#primaryimage\",\"url\":\"https:\/\/sxflightcase.com\/wp-content\/uploads\/2024\/09\/RAA402.jpg\",\"contentUrl\":\"https:\/\/sxflightcase.com\/wp-content\/uploads\/2024\/09\/RAA402.jpg\",\"width\":700,\"height\":700,\"caption\":\"Rack Rail Pair\"},{\"@type\":\"BreadcrumbList\",\"@id\":\"https:\/\/sxflightcase.com\/id\/produk\/pasangan-rel-rak-raa402-2\/#breadcrumb\",\"itemListElement\":[{\"@type\":\"ListItem\",\"position\":1,\"name\":\"Home\",\"item\":\"https:\/\/sxflightcase.com\/\"},{\"@type\":\"ListItem\",\"position\":2,\"name\":\"\u0e2a\u0e34\u0e19\u0e04\u0e49\u0e32\",\"item\":\"https:\/\/sxflightcase.com\/th\/shop\/\"},{\"@type\":\"ListItem\",\"position\":3,\"name\":\"Rack Rail Pair RAA402\"}]},{\"@type\":\"WebSite\",\"@id\":\"https:\/\/sxflightcase.com\/th\/#website\",\"url\":\"https:\/\/sxflightcase.com\/th\/\",\"name\":\"sxpowercase.com\",\"description\":\"Flight Case Factory\",\"publisher\":{\"@id\":\"https:\/\/sxflightcase.com\/th\/#organization\"},\"potentialAction\":[{\"@type\":\"SearchAction\",\"target\":{\"@type\":\"EntryPoint\",\"urlTemplate\":\"https:\/\/sxflightcase.com\/th\/?s={search_term_string}\"},\"query-input\":{\"@type\":\"PropertyValueSpecification\",\"valueRequired\":true,\"valueName\":\"search_term_string\"}}],\"inLanguage\":\"fr-FR\"},{\"@type\":\"Organization\",\"@id\":\"https:\/\/sxflightcase.com\/th\/#organization\",\"name\":\"sxpowercase.com\",\"url\":\"https:\/\/sxflightcase.com\/th\/\",\"logo\":{\"@type\":\"ImageObject\",\"inLanguage\":\"fr-FR\",\"@id\":\"https:\/\/sxflightcase.com\/th\/#\/schema\/logo\/image\/\",\"url\":\"https:\/\/sxflightcase.com\/wp-content\/uploads\/2024\/04\/1713919036007.jpg\",\"contentUrl\":\"https:\/\/sxflightcase.com\/wp-content\/uploads\/2024\/04\/1713919036007.jpg\",\"width\":382,\"height\":388,\"caption\":\"sxpowercase.com\"},\"image\":{\"@id\":\"https:\/\/sxflightcase.com\/th\/#\/schema\/logo\/image\/\"},\"sameAs\":[\"https:\/\/www.facebook.com\/profile.php?id=61560407257971\"],\"numberOfEmployees\":{\"@type\":\"QuantitativeValue\",\"minValue\":\"11\",\"maxValue\":\"50\"}}]}<\/script>\n<!-- \/ Yoast SEO Premium plugin. -->","yoast_head_json":{"title":"Rack Rail Pair RAA402 - https:\/\/sxflightcase.com \ud83d\udc97","description":"Paire de rails \u00e0 cr\u00e9maill\u00e8re, en direct de l'usine ! Rails durables de haute qualit\u00e9 con\u00e7us pour un montage s\u00e9curis\u00e9 des \u00e9quipements en rack. Id\u00e9al pour les installations professionnelles dans les coffrets, les baies de serveurs, etc.","robots":{"index":"index","follow":"follow","max-snippet":"max-snippet:-1","max-image-preview":"max-image-preview:large","max-video-preview":"max-video-preview:-1"},"canonical":"https:\/\/sxflightcase.com\/fr\/produk\/pasangan-rel-rak-raa402-2\/","og_locale":"fr_FR","og_type":"article","og_title":"Rack Rail Pair RAA402","og_description":"Rack rail pair, factory direct! High-quality, durable rails designed for secure mounting of rack equipment. Ideal for professional setups in cases, server racks, and more.","og_url":"https:\/\/sxflightcase.com\/fr\/produk\/pasangan-rel-rak-raa402-2\/","og_site_name":"https:\/\/sxflightcase.com","article_publisher":"https:\/\/www.facebook.com\/profile.php?id=61560407257971","article_modified_time":"2024-09-06T06:42:53+00:00","og_image":[{"width":700,"height":700,"url":"https:\/\/sxflightcase.com\/wp-content\/uploads\/2024\/09\/RAA402.jpg","type":"image\/jpeg"}],"twitter_card":"summary_large_image","twitter_misc":{"Dur\u00e9e de lecture estim\u00e9e":"3 minutes"},"schema":{"@context":"https:\/\/schema.org","@graph":[{"@type":"WebPage","@id":"https:\/\/sxflightcase.com\/id\/produk\/pasangan-rel-rak-raa402-2\/","url":"https:\/\/sxflightcase.com\/id\/produk\/pasangan-rel-rak-raa402-2\/","name":"Rack Rail Pair RAA402 - https:\/\/sxflightcase.com \ud83d\udc97","isPartOf":{"@id":"https:\/\/sxflightcase.com\/th\/#website"},"primaryImageOfPage":{"@id":"https:\/\/sxflightcase.com\/id\/produk\/pasangan-rel-rak-raa402-2\/#primaryimage"},"image":{"@id":"https:\/\/sxflightcase.com\/id\/produk\/pasangan-rel-rak-raa402-2\/#primaryimage"},"thumbnailUrl":"https:\/\/sxflightcase.com\/wp-content\/uploads\/2024\/09\/RAA402.jpg","datePublished":"2024-09-06T06:42:52+00:00","dateModified":"2024-09-06T06:42:53+00:00","description":"Paire de rails \u00e0 cr\u00e9maill\u00e8re, en direct de l'usine ! Rails durables de haute qualit\u00e9 con\u00e7us pour un montage s\u00e9curis\u00e9 des \u00e9quipements en rack. Id\u00e9al pour les installations professionnelles dans les coffrets, les baies de serveurs, etc.","breadcrumb":{"@id":"https:\/\/sxflightcase.com\/id\/produk\/pasangan-rel-rak-raa402-2\/#breadcrumb"},"inLanguage":"fr-FR","potentialAction":[{"@type":"ReadAction","target":["https:\/\/sxflightcase.com\/id\/produk\/pasangan-rel-rak-raa402-2\/"]}]},{"@type":"ImageObject","inLanguage":"fr-FR","@id":"https:\/\/sxflightcase.com\/id\/produk\/pasangan-rel-rak-raa402-2\/#primaryimage","url":"https:\/\/sxflightcase.com\/wp-content\/uploads\/2024\/09\/RAA402.jpg","contentUrl":"https:\/\/sxflightcase.com\/wp-content\/uploads\/2024\/09\/RAA402.jpg","width":700,"height":700,"caption":"Rack Rail Pair"},{"@type":"BreadcrumbList","@id":"https:\/\/sxflightcase.com\/id\/produk\/pasangan-rel-rak-raa402-2\/#breadcrumb","itemListElement":[{"@type":"ListItem","position":1,"name":"Home","item":"https:\/\/sxflightcase.com\/"},{"@type":"ListItem","position":2,"name":"\u0e2a\u0e34\u0e19\u0e04\u0e49\u0e32","item":"https:\/\/sxflightcase.com\/th\/shop\/"},{"@type":"ListItem","position":3,"name":"Rack Rail Pair RAA402"}]},{"@type":"WebSite","@id":"https:\/\/sxflightcase.com\/th\/#website","url":"https:\/\/sxflightcase.com\/th\/","name":"sxpowercase.com","description":"Flight Case Factory","publisher":{"@id":"https:\/\/sxflightcase.com\/th\/#organization"},"potentialAction":[{"@type":"SearchAction","target":{"@type":"EntryPoint","urlTemplate":"https:\/\/sxflightcase.com\/th\/?s={search_term_string}"},"query-input":{"@type":"PropertyValueSpecification","valueRequired":true,"valueName":"search_term_string"}}],"inLanguage":"fr-FR"},{"@type":"Organization","@id":"https:\/\/sxflightcase.com\/th\/#organization","name":"sxpowercase.com","url":"https:\/\/sxflightcase.com\/th\/","logo":{"@type":"ImageObject","inLanguage":"fr-FR","@id":"https:\/\/sxflightcase.com\/th\/#\/schema\/logo\/image\/","url":"https:\/\/sxflightcase.com\/wp-content\/uploads\/2024\/04\/1713919036007.jpg","contentUrl":"https:\/\/sxflightcase.com\/wp-content\/uploads\/2024\/04\/1713919036007.jpg","width":382,"height":388,"caption":"sxpowercase.com"},"image":{"@id":"https:\/\/sxflightcase.com\/th\/#\/schema\/logo\/image\/"},"sameAs":["https:\/\/www.facebook.com\/profile.php?id=61560407257971"],"numberOfEmployees":{"@type":"QuantitativeValue","minValue":"11","maxValue":"50"}}]}},"_links":{"self":[{"href":"https:\/\/sxflightcase.com\/fr\/wp-json\/wp\/v2\/product\/4313","targetHints":{"allow":["GET"]}}],"collection":[{"href":"https:\/\/sxflightcase.com\/fr\/wp-json\/wp\/v2\/product"}],"about":[{"href":"https:\/\/sxflightcase.com\/fr\/wp-json\/wp\/v2\/types\/product"}],"replies":[{"embeddable":true,"href":"https:\/\/sxflightcase.com\/fr\/wp-json\/wp\/v2\/comments?post=4313"}],"version-history":[{"count":0,"href":"https:\/\/sxflightcase.com\/fr\/wp-json\/wp\/v2\/product\/4313\/revisions"}],"wp:featuredmedia":[{"embeddable":true,"href":"https:\/\/sxflightcase.com\/fr\/wp-json\/wp\/v2\/media\/4274"}],"wp:attachment":[{"href":"https:\/\/sxflightcase.com\/fr\/wp-json\/wp\/v2\/media?parent=4313"}],"wp:term":[{"taxonomy":"product_brand","embeddable":true,"href":"https:\/\/sxflightcase.com\/fr\/wp-json\/wp\/v2\/product_brand?post=4313"},{"taxonomy":"product_cat","embeddable":true,"href":"https:\/\/sxflightcase.com\/fr\/wp-json\/wp\/v2\/product_cat?post=4313"},{"taxonomy":"product_tag","embeddable":true,"href":"https:\/\/sxflightcase.com\/fr\/wp-json\/wp\/v2\/product_tag?post=4313"}],"curies":[{"name":"wp","href":"https:\/\/api.w.org\/{rel}","templated":true}]}}