{"id":4314,"date":"2024-09-06T07:49:10","date_gmt":"2024-09-06T06:49:10","guid":{"rendered":"https:\/\/sxpowercase.com\/?post_type=product&#038;p=4314"},"modified":"2024-09-09T05:01:14","modified_gmt":"2024-09-09T04:01:14","slug":"rack-rail-rab101","status":"publish","type":"product","link":"https:\/\/sxflightcase.com\/fr\/produit\/rail-a-cremaillere-rab101-2\/","title":{"rendered":"Rail \u00e0 cr\u00e9maill\u00e8re RAB101"},"content":{"rendered":"<h3>Support solide avec le rail SX Rack<\/h3>\n<p>Lorsqu'il s'agit de s\u00e9curiser votre \u00e9quipement, la <strong>SX <a href=\"https:\/\/sxpowercase.com\/product\/rack-rail-rab101\/\">Rail \u00e0 cr\u00e9maill\u00e8re<\/a><\/strong> constitue la solution id\u00e9ale. Con\u00e7u pour \u00eatre solide et durable, il garantit que votre \u00e9quipement reste en place et offre un soutien fiable. <strong>SX<\/strong> vous permet de b\u00e9n\u00e9ficier d'un prix direct d'usine, ce qui vous permet d'obtenir un produit de haute qualit\u00e9 \u00e0 un prix r\u00e9duit, id\u00e9al pour les professionnels soucieux de leur budget.<\/p>\n<h3>Mat\u00e9riau de haute qualit\u00e9 pour une utilisation \u00e0 long terme<\/h3>\n<p>Le <strong><a title=\"SX\" href=\"https:\/\/sxpowercase.com\/\" target=\"_blank\" rel=\"noopener\" data-wpil-monitor-id=\"729\">SX<\/a> Rail \u00e0 cr\u00e9maill\u00e8re<\/strong> est fabriqu\u00e9 \u00e0 partir de mat\u00e9riaux de premi\u00e8re qualit\u00e9, con\u00e7us pour r\u00e9sister \u00e0 une utilisation intensive au fil du temps. Que vous travailliez avec des \u00e9quipements audio, informatiques ou de diffusion, ce rail pour rack garantit des performances solides et une fiabilit\u00e9 durable. A <strong>SX<\/strong>Nous croyons en l'assurance qualit\u00e9 et nous nous assurons que chaque produit r\u00e9pond aux normes de l'industrie avant de vous \u00eatre livr\u00e9.<\/p>\n<h3>Facilit\u00e9 d'installation et d'adaptation<\/h3>\n<p>Avec <strong>Rails \u00e0 cr\u00e9maill\u00e8re SX<\/strong>L'installation est rapide et facile. Ces rails s'int\u00e8grent parfaitement dans la plupart des syst\u00e8mes de racks, offrant ainsi une grande flexibilit\u00e9 dans les diff\u00e9rentes configurations. Qu'il s'agisse d'\u00e9quiper un home studio, un bureau ou un centre de donn\u00e9es, la polyvalence de ces rails en fait le choix id\u00e9al pour toutes les applications.<\/p>\n<h3>Des prix directs pour une plus grande valeur<\/h3>\n<p>\u00c0 <strong>SX<\/strong>Gr\u00e2ce \u00e0 notre syst\u00e8me de gestion des stocks, nous nous assurons que nos clients b\u00e9n\u00e9ficient de prix d'usine directs. En \u00e9liminant les interm\u00e9diaires, nous fournissons des produits de premi\u00e8re qualit\u00e9 tels que le <strong>Rail \u00e0 cr\u00e9maill\u00e8re<\/strong> \u00e0 un prix comp\u00e9titif. Vous obtenez le meilleur rapport qualit\u00e9\/prix sans sacrifier la qualit\u00e9, ce qui facilite l'\u00e9quipement de vos racks avec un budget limit\u00e9.<\/p>\n<h3>Stabilit\u00e9 et protection<\/h3>\n<p>Le <strong>Rail SX<\/strong> offre une excellente stabilit\u00e9, s\u00e9curisant vos appareils en place et emp\u00eachant tout mouvement ind\u00e9sirable. Vos \u00e9quipements de valeur sont ainsi prot\u00e9g\u00e9s, m\u00eame dans les environnements tr\u00e8s fr\u00e9quent\u00e9s. Qu'il s'agisse d'\u00e9quipements l\u00e9gers ou de serveurs lourds, ces rails assurent la tranquillit\u00e9 d'esprit.<\/p>\n<h3>Con\u00e7u pour des applications polyvalentes<\/h3>\n<p>Que ce soit dans un cadre professionnel ou \u00e0 la maison, les <strong>Rails \u00e0 cr\u00e9maill\u00e8re SX<\/strong> est con\u00e7u pour un large \u00e9ventail d'utilisations. Des studios aux centres de donn\u00e9es, l'adaptabilit\u00e9 et la solidit\u00e9 de ces rails leur permettent de s'adapter \u00e0 tous les sc\u00e9narios. Sa construction solide et son int\u00e9gration facile en font un compl\u00e9ment fiable \u00e0 votre installation.<\/p>\n<h3>Une qualit\u00e9 \u00e0 laquelle vous pouvez faire confiance<\/h3>\n<p><strong>SX<\/strong> s'engage \u00e0 fournir des produits fiables et de haute qualit\u00e9. Nos <strong>Rail \u00e0 cr\u00e9maill\u00e8re<\/strong> est rigoureusement test\u00e9 en termes de performance et de durabilit\u00e9, ce qui vous garantit le meilleur. Avec des prix directs d'usine et l'accent mis sur l'assurance de la qualit\u00e9, vous pouvez faire confiance \u00e0 l'assurance de la qualit\u00e9. <strong>SX<\/strong> pour apporter de la valeur \u00e0 chaque fois.<\/p>\n<ol>\n<li>Contactez-nous maintenant :<span style=\"color: #0000ff;\"><a style=\"color: #0000ff;\" href=\"https:\/\/sxpowercase.com\/contact-us\/\">https:\/\/sxpowercase.com\/<\/a><\/span><\/li>\n<li>Catalogue de produits mat\u00e9riels :<span style=\"color: #3366ff;\"><a style=\"color: #3366ff;\" href=\"https:\/\/sxpowercase.com\/wp-content\/uploads\/2024\/07\/\u4e94\u91d1.pdf\">Catalogue d&#039;accessoires de quincaillerie<\/a><\/span><\/li>\n<\/ol>","protected":false},"excerpt":{"rendered":"<h3>Support fiable avec le rail SX Rack<\/h3>\n<p>Le rail SX Rack offre un support solide et durable pour s\u00e9curiser votre \u00e9quipement, offrant des performances fiables \u00e0 un prix abordable, direct usine.<\/p>\n<h3>Mat\u00e9riaux de haute qualit\u00e9 pour une utilisation \u00e0 long terme<\/h3>\n<p>Fabriqu\u00e9 \u00e0 partir de mat\u00e9riaux de premi\u00e8re qualit\u00e9, le rail SX Rack garantit une durabilit\u00e9 durable, parfaite pour les applications lourdes dans les installations informatiques, audio ou de radiodiffusion.<\/p>\n<h3>Installation facile et polyvalence maximale<\/h3>\n<p>Con\u00e7us pour une installation sans faille, les rails SX Rack s'adaptent \u00e0 la plupart des syst\u00e8mes de rack, ce qui en fait un choix id\u00e9al pour les environnements professionnels et domestiques.<\/p>","protected":false},"featured_media":4275,"comment_status":"open","ping_status":"closed","template":"","meta":[],"product_brand":[],"product_cat":[66],"product_tag":[],"class_list":{"0":"post-4314","1":"product","2":"type-product","3":"status-publish","4":"has-post-thumbnail","6":"product_cat-rack-hardware","8":"first","9":"instock","10":"shipping-taxable","11":"product-type-simple"},"yoast_head":"<!-- This site is optimized with the Yoast SEO Premium plugin v27.1 (Yoast SEO v27.2) - https:\/\/yoast.com\/product\/yoast-seo-premium-wordpress\/ -->\n<title>Rack Rail RAB101 - https:\/\/sxflightcase.com \ud83d\udc97<\/title>\n<meta name=\"description\" content=\"Rack rail, factory direct! High-quality, durable rail designed for secure and organized mounting of rack equipment. Perfect for professional use in cases, server racks, and AV setups.\" \/>\n<meta name=\"robots\" content=\"index, follow, max-snippet:-1, max-image-preview:large, max-video-preview:-1\" \/>\n<link rel=\"canonical\" href=\"https:\/\/sxflightcase.com\/fr\/produit\/rail-a-cremaillere-rab101-2\/\" \/>\n<meta property=\"og:locale\" content=\"fr_FR\" \/>\n<meta property=\"og:type\" content=\"article\" \/>\n<meta property=\"og:title\" content=\"Rack Rail RAB101\" \/>\n<meta property=\"og:description\" content=\"Rack rail, factory direct! High-quality, durable rail designed for secure and organized mounting of rack equipment. Perfect for professional use in cases, server racks, and AV setups.\" \/>\n<meta property=\"og:url\" content=\"https:\/\/sxflightcase.com\/fr\/produit\/rail-a-cremaillere-rab101-2\/\" \/>\n<meta property=\"og:site_name\" content=\"https:\/\/sxflightcase.com\" \/>\n<meta property=\"article:publisher\" content=\"https:\/\/www.facebook.com\/profile.php?id=61560407257971\" \/>\n<meta property=\"article:modified_time\" content=\"2024-09-09T04:01:14+00:00\" \/>\n<meta property=\"og:image\" content=\"https:\/\/sxflightcase.com\/wp-content\/uploads\/2024\/09\/RAB101.jpg\" \/>\n\t<meta property=\"og:image:width\" content=\"700\" \/>\n\t<meta property=\"og:image:height\" content=\"700\" \/>\n\t<meta property=\"og:image:type\" content=\"image\/jpeg\" \/>\n<meta name=\"twitter:card\" content=\"summary_large_image\" \/>\n<meta name=\"twitter:label1\" content=\"Dur\u00e9e de lecture estim\u00e9e\" \/>\n\t<meta name=\"twitter:data1\" content=\"3 minutes\" \/>\n<script type=\"application\/ld+json\" class=\"yoast-schema-graph\">{\"@context\":\"https:\/\/schema.org\",\"@graph\":[{\"@type\":\"WebPage\",\"@id\":\"https:\/\/sxflightcase.com\/product\/rack-rail-rab101\/\",\"url\":\"https:\/\/sxflightcase.com\/product\/rack-rail-rab101\/\",\"name\":\"Rack Rail RAB101 - https:\/\/sxflightcase.com \ud83d\udc97\",\"isPartOf\":{\"@id\":\"https:\/\/sxflightcase.com\/th\/#website\"},\"primaryImageOfPage\":{\"@id\":\"https:\/\/sxflightcase.com\/product\/rack-rail-rab101\/#primaryimage\"},\"image\":{\"@id\":\"https:\/\/sxflightcase.com\/product\/rack-rail-rab101\/#primaryimage\"},\"thumbnailUrl\":\"https:\/\/sxflightcase.com\/wp-content\/uploads\/2024\/09\/RAB101.jpg\",\"datePublished\":\"2024-09-06T06:49:10+00:00\",\"dateModified\":\"2024-09-09T04:01:14+00:00\",\"description\":\"Rack rail, factory direct! High-quality, durable rail designed for secure and organized mounting of rack equipment. Perfect for professional use in cases, server racks, and AV setups.\",\"breadcrumb\":{\"@id\":\"https:\/\/sxflightcase.com\/product\/rack-rail-rab101\/#breadcrumb\"},\"inLanguage\":\"fr-FR\",\"potentialAction\":[{\"@type\":\"ReadAction\",\"target\":[\"https:\/\/sxflightcase.com\/product\/rack-rail-rab101\/\"]}]},{\"@type\":\"ImageObject\",\"inLanguage\":\"fr-FR\",\"@id\":\"https:\/\/sxflightcase.com\/product\/rack-rail-rab101\/#primaryimage\",\"url\":\"https:\/\/sxflightcase.com\/wp-content\/uploads\/2024\/09\/RAB101.jpg\",\"contentUrl\":\"https:\/\/sxflightcase.com\/wp-content\/uploads\/2024\/09\/RAB101.jpg\",\"width\":700,\"height\":700,\"caption\":\"Rack Rail\"},{\"@type\":\"BreadcrumbList\",\"@id\":\"https:\/\/sxflightcase.com\/product\/rack-rail-rab101\/#breadcrumb\",\"itemListElement\":[{\"@type\":\"ListItem\",\"position\":1,\"name\":\"Home\",\"item\":\"https:\/\/sxflightcase.com\/\"},{\"@type\":\"ListItem\",\"position\":2,\"name\":\"\u0e2a\u0e34\u0e19\u0e04\u0e49\u0e32\",\"item\":\"https:\/\/sxflightcase.com\/th\/shop\/\"},{\"@type\":\"ListItem\",\"position\":3,\"name\":\"Rack Rail RAB101\"}]},{\"@type\":\"WebSite\",\"@id\":\"https:\/\/sxflightcase.com\/th\/#website\",\"url\":\"https:\/\/sxflightcase.com\/th\/\",\"name\":\"sxpowercase.com\",\"description\":\"Flight Case Factory\",\"publisher\":{\"@id\":\"https:\/\/sxflightcase.com\/th\/#organization\"},\"potentialAction\":[{\"@type\":\"SearchAction\",\"target\":{\"@type\":\"EntryPoint\",\"urlTemplate\":\"https:\/\/sxflightcase.com\/th\/?s={search_term_string}\"},\"query-input\":{\"@type\":\"PropertyValueSpecification\",\"valueRequired\":true,\"valueName\":\"search_term_string\"}}],\"inLanguage\":\"fr-FR\"},{\"@type\":\"Organization\",\"@id\":\"https:\/\/sxflightcase.com\/th\/#organization\",\"name\":\"sxpowercase.com\",\"url\":\"https:\/\/sxflightcase.com\/th\/\",\"logo\":{\"@type\":\"ImageObject\",\"inLanguage\":\"fr-FR\",\"@id\":\"https:\/\/sxflightcase.com\/th\/#\/schema\/logo\/image\/\",\"url\":\"https:\/\/sxflightcase.com\/wp-content\/uploads\/2024\/04\/1713919036007.jpg\",\"contentUrl\":\"https:\/\/sxflightcase.com\/wp-content\/uploads\/2024\/04\/1713919036007.jpg\",\"width\":382,\"height\":388,\"caption\":\"sxpowercase.com\"},\"image\":{\"@id\":\"https:\/\/sxflightcase.com\/th\/#\/schema\/logo\/image\/\"},\"sameAs\":[\"https:\/\/www.facebook.com\/profile.php?id=61560407257971\"],\"numberOfEmployees\":{\"@type\":\"QuantitativeValue\",\"minValue\":\"11\",\"maxValue\":\"50\"}}]}<\/script>\n<!-- \/ Yoast SEO Premium plugin. -->","yoast_head_json":{"title":"Rack Rail RAB101 - https:\/\/sxflightcase.com \ud83d\udc97","description":"Rail pour rack, direct usine ! Rail de haute qualit\u00e9, durable, con\u00e7u pour un montage s\u00fbr et organis\u00e9 de l'\u00e9quipement en rack. Parfait pour une utilisation professionnelle dans les coffrets, les baies de serveurs et les installations audiovisuelles.","robots":{"index":"index","follow":"follow","max-snippet":"max-snippet:-1","max-image-preview":"max-image-preview:large","max-video-preview":"max-video-preview:-1"},"canonical":"https:\/\/sxflightcase.com\/fr\/produit\/rail-a-cremaillere-rab101-2\/","og_locale":"fr_FR","og_type":"article","og_title":"Rack Rail RAB101","og_description":"Rack rail, factory direct! High-quality, durable rail designed for secure and organized mounting of rack equipment. Perfect for professional use in cases, server racks, and AV setups.","og_url":"https:\/\/sxflightcase.com\/fr\/produit\/rail-a-cremaillere-rab101-2\/","og_site_name":"https:\/\/sxflightcase.com","article_publisher":"https:\/\/www.facebook.com\/profile.php?id=61560407257971","article_modified_time":"2024-09-09T04:01:14+00:00","og_image":[{"width":700,"height":700,"url":"https:\/\/sxflightcase.com\/wp-content\/uploads\/2024\/09\/RAB101.jpg","type":"image\/jpeg"}],"twitter_card":"summary_large_image","twitter_misc":{"Dur\u00e9e de lecture estim\u00e9e":"3 minutes"},"schema":{"@context":"https:\/\/schema.org","@graph":[{"@type":"WebPage","@id":"https:\/\/sxflightcase.com\/product\/rack-rail-rab101\/","url":"https:\/\/sxflightcase.com\/product\/rack-rail-rab101\/","name":"Rack Rail RAB101 - https:\/\/sxflightcase.com \ud83d\udc97","isPartOf":{"@id":"https:\/\/sxflightcase.com\/th\/#website"},"primaryImageOfPage":{"@id":"https:\/\/sxflightcase.com\/product\/rack-rail-rab101\/#primaryimage"},"image":{"@id":"https:\/\/sxflightcase.com\/product\/rack-rail-rab101\/#primaryimage"},"thumbnailUrl":"https:\/\/sxflightcase.com\/wp-content\/uploads\/2024\/09\/RAB101.jpg","datePublished":"2024-09-06T06:49:10+00:00","dateModified":"2024-09-09T04:01:14+00:00","description":"Rail pour rack, direct usine ! Rail de haute qualit\u00e9, durable, con\u00e7u pour un montage s\u00fbr et organis\u00e9 de l'\u00e9quipement en rack. Parfait pour une utilisation professionnelle dans les coffrets, les baies de serveurs et les installations audiovisuelles.","breadcrumb":{"@id":"https:\/\/sxflightcase.com\/product\/rack-rail-rab101\/#breadcrumb"},"inLanguage":"fr-FR","potentialAction":[{"@type":"ReadAction","target":["https:\/\/sxflightcase.com\/product\/rack-rail-rab101\/"]}]},{"@type":"ImageObject","inLanguage":"fr-FR","@id":"https:\/\/sxflightcase.com\/product\/rack-rail-rab101\/#primaryimage","url":"https:\/\/sxflightcase.com\/wp-content\/uploads\/2024\/09\/RAB101.jpg","contentUrl":"https:\/\/sxflightcase.com\/wp-content\/uploads\/2024\/09\/RAB101.jpg","width":700,"height":700,"caption":"Rack Rail"},{"@type":"BreadcrumbList","@id":"https:\/\/sxflightcase.com\/product\/rack-rail-rab101\/#breadcrumb","itemListElement":[{"@type":"ListItem","position":1,"name":"Home","item":"https:\/\/sxflightcase.com\/"},{"@type":"ListItem","position":2,"name":"\u0e2a\u0e34\u0e19\u0e04\u0e49\u0e32","item":"https:\/\/sxflightcase.com\/th\/shop\/"},{"@type":"ListItem","position":3,"name":"Rack Rail RAB101"}]},{"@type":"WebSite","@id":"https:\/\/sxflightcase.com\/th\/#website","url":"https:\/\/sxflightcase.com\/th\/","name":"sxpowercase.com","description":"Flight Case Factory","publisher":{"@id":"https:\/\/sxflightcase.com\/th\/#organization"},"potentialAction":[{"@type":"SearchAction","target":{"@type":"EntryPoint","urlTemplate":"https:\/\/sxflightcase.com\/th\/?s={search_term_string}"},"query-input":{"@type":"PropertyValueSpecification","valueRequired":true,"valueName":"search_term_string"}}],"inLanguage":"fr-FR"},{"@type":"Organization","@id":"https:\/\/sxflightcase.com\/th\/#organization","name":"sxpowercase.com","url":"https:\/\/sxflightcase.com\/th\/","logo":{"@type":"ImageObject","inLanguage":"fr-FR","@id":"https:\/\/sxflightcase.com\/th\/#\/schema\/logo\/image\/","url":"https:\/\/sxflightcase.com\/wp-content\/uploads\/2024\/04\/1713919036007.jpg","contentUrl":"https:\/\/sxflightcase.com\/wp-content\/uploads\/2024\/04\/1713919036007.jpg","width":382,"height":388,"caption":"sxpowercase.com"},"image":{"@id":"https:\/\/sxflightcase.com\/th\/#\/schema\/logo\/image\/"},"sameAs":["https:\/\/www.facebook.com\/profile.php?id=61560407257971"],"numberOfEmployees":{"@type":"QuantitativeValue","minValue":"11","maxValue":"50"}}]}},"_links":{"self":[{"href":"https:\/\/sxflightcase.com\/fr\/wp-json\/wp\/v2\/product\/4314","targetHints":{"allow":["GET"]}}],"collection":[{"href":"https:\/\/sxflightcase.com\/fr\/wp-json\/wp\/v2\/product"}],"about":[{"href":"https:\/\/sxflightcase.com\/fr\/wp-json\/wp\/v2\/types\/product"}],"replies":[{"embeddable":true,"href":"https:\/\/sxflightcase.com\/fr\/wp-json\/wp\/v2\/comments?post=4314"}],"version-history":[{"count":0,"href":"https:\/\/sxflightcase.com\/fr\/wp-json\/wp\/v2\/product\/4314\/revisions"}],"wp:featuredmedia":[{"embeddable":true,"href":"https:\/\/sxflightcase.com\/fr\/wp-json\/wp\/v2\/media\/4275"}],"wp:attachment":[{"href":"https:\/\/sxflightcase.com\/fr\/wp-json\/wp\/v2\/media?parent=4314"}],"wp:term":[{"taxonomy":"product_brand","embeddable":true,"href":"https:\/\/sxflightcase.com\/fr\/wp-json\/wp\/v2\/product_brand?post=4314"},{"taxonomy":"product_cat","embeddable":true,"href":"https:\/\/sxflightcase.com\/fr\/wp-json\/wp\/v2\/product_cat?post=4314"},{"taxonomy":"product_tag","embeddable":true,"href":"https:\/\/sxflightcase.com\/fr\/wp-json\/wp\/v2\/product_tag?post=4314"}],"curies":[{"name":"wp","href":"https:\/\/api.w.org\/{rel}","templated":true}]}}