{"id":4320,"date":"2024-09-09T07:11:30","date_gmt":"2024-09-09T06:11:30","guid":{"rendered":"https:\/\/sxpowercase.com\/?post_type=product&#038;p=4320"},"modified":"2024-09-09T07:11:31","modified_gmt":"2024-09-09T06:11:31","slug":"rack-mounting-rails-rab102","status":"publish","type":"product","link":"https:\/\/sxflightcase.com\/fr\/produit\/rails-de-montage-en-rack-rab102-2\/","title":{"rendered":"Rails de montage en rack RAB102"},"content":{"rendered":"<h3>Am\u00e9liorez votre installation avec les rails de montage en rack SX<\/h3>\n<p>Lorsqu'il s'agit de fixer votre \u00e9quipement en toute s\u00e9curit\u00e9, <strong>SX <a href=\"https:\/\/sxpowercase.com\/product\/rack-rail-rab101\/\">Rails de montage en rack<\/a><\/strong> sont un \u00e9l\u00e9ment essentiel de toute installation professionnelle. Ces rails sont con\u00e7us pour \u00eatre robustes et fiables, ce qui facilite le support de votre mat\u00e9riel de valeur. Avec <strong>SX<\/strong>Vous b\u00e9n\u00e9ficiez d'un prix direct d'usine, garantissant une qualit\u00e9 optimale \u00e0 un prix adapt\u00e9 \u00e0 votre budget.<\/p>\n<h3>Une durabilit\u00e9 sur laquelle vous pouvez compter<\/h3>\n<p>Notre <strong>Rails de montage en rack<\/strong> sont fabriqu\u00e9s \u00e0 partir de mat\u00e9riaux de premi\u00e8re qualit\u00e9, con\u00e7us pour r\u00e9sister aux rigueurs d'une utilisation quotidienne. Qu'il s'agisse d'un studio, d'une salle de serveurs ou d'un atelier, ces rails offrent des performances durables. <strong><a href=\"https:\/\/sxpowercase.com\/\" target=\"_blank\" rel=\"noopener\" title=\"SX\" data-wpil-monitor-id=\"731\">SX<\/a><\/strong> garantit que tous les produits r\u00e9pondent \u00e0 des normes de qualit\u00e9 strictes, ce qui vous permet de faire confiance \u00e0 la durabilit\u00e9 et \u00e0 la r\u00e9sistance de chaque rail.<\/p>\n<h3>Int\u00e9gration et personnalisation faciles<\/h3>\n<p>SX <strong>Rails de montage en rack<\/strong> sont compatibles avec la plupart des syst\u00e8mes de rack standard, ce qui permet de les int\u00e9grer facilement \u00e0 votre installation existante. Que vous travailliez avec des \u00e9quipements audio, du mat\u00e9riel informatique ou des outils industriels, ces rails offrent la polyvalence n\u00e9cessaire pour supporter n'importe quel type d'\u00e9quipement. De plus, leur conception adaptable permet une installation rapide et simple, ce qui vous fait gagner du temps.<\/p>\n<h3>Des prix directs pour une valeur maximale<\/h3>\n<p>\u00c0 <strong>SX<\/strong>Nous \u00e9liminons les interm\u00e9diaires pour vous fournir <strong>Rail de montage en rack<\/strong>\u00a0\u00e0 des prix imbattables. Cela signifie que vous obtenez une qualit\u00e9 sup\u00e9rieure pour moins cher, sans compromis sur la performance ou la fiabilit\u00e9. Pour les entreprises qui cherchent \u00e0 maximiser la valeur sans d\u00e9penser trop, <strong>SX<\/strong> est le choix id\u00e9al.<\/p>\n<h3>Une stabilit\u00e9 fiable pour votre \u00e9quipement<\/h3>\n<p>La stabilit\u00e9 est essentielle lors du montage d'\u00e9quipements lourds, et <strong>Rail de montage en rack SX<\/strong>\u00a0sont con\u00e7us pour maintenir vos appareils en place en toute s\u00e9curit\u00e9. Qu'il s'agisse de serveurs lourds ou de mat\u00e9riel audio d\u00e9licat, ces rails garantissent que tout reste en place. Ce niveau de support contribue \u00e0 prot\u00e9ger vos biens pr\u00e9cieux contre les dommages accidentels.<\/p>\n<h3>Polyvalent et fiable<\/h3>\n<p>De l'\u00e9quipement de radiodiffusion \u00e0 l'infrastructure informatique, <strong>Rail de montage en rack SX<\/strong>\u00a0sont con\u00e7us pour toute une s\u00e9rie d'applications. Leur flexibilit\u00e9, associ\u00e9e \u00e0 une grande durabilit\u00e9, leur permet d'\u00eatre utilis\u00e9s dans n'importe quel environnement. Les professionnels font confiance <strong>SX<\/strong> pour leur robustesse et leur facilit\u00e9 d'adaptation.<\/p>\n<h3>Qualit\u00e9 et assurance<\/h3>\n<p>\u00c0 <strong>SX<\/strong>Nous sommes fiers d'offrir une qualit\u00e9 \u00e0 laquelle vous pouvez faire confiance. Chaque <strong>Rail de montage en rack<\/strong> sont soumis \u00e0 des tests rigoureux pour s'assurer qu'ils r\u00e9pondent \u00e0 nos normes \u00e9lev\u00e9es. Avec des prix directs d'usine et une attention particuli\u00e8re port\u00e9e aux mat\u00e9riaux de premi\u00e8re qualit\u00e9, <strong>SX<\/strong> est votre marque de r\u00e9f\u00e9rence pour des solutions de montage en rack fiables et \u00e9conomiques.<\/p>\n<p>Pour une solution fiable, durable et abordable, choisissez <strong>Rail de montage en rack SX<\/strong>\u00a0pour soutenir votre \u00e9quipement en toute confiance.<\/p>\n<ol>\n<li>Contactez-nous maintenant :<span style=\"color: #0000ff;\"><a style=\"color: #0000ff;\" href=\"https:\/\/sxpowercase.com\/contact-us\/\">https:\/\/sxpowercase.com\/<\/a><\/span><\/li>\n<li>Catalogue de produits mat\u00e9riels :<span style=\"color: #3366ff;\"><a style=\"color: #3366ff;\" href=\"https:\/\/sxpowercase.com\/wp-content\/uploads\/2024\/07\/\u4e94\u91d1.pdf\">Catalogue d&#039;accessoires de quincaillerie<\/a><\/span><\/li>\n<\/ol>","protected":false},"excerpt":{"rendered":"<h3>S\u00e9curisez votre \u00e9quipement avec les rails de montage en rack SX<\/h3>\n<p>Les rails de montage en rack SX offrent un support solide et fiable pour votre installation professionnelle, garantissant la stabilit\u00e9 et la s\u00e9curit\u00e9 de votre mat\u00e9riel \u00e0 des prix d'usine.<\/p>\n<h3>Durable et con\u00e7u pour durer<\/h3>\n<p>Fabriqu\u00e9s \u00e0 partir de mat\u00e9riaux de premi\u00e8re qualit\u00e9, les rails de montage pour rack SX sont con\u00e7us pour r\u00e9sister \u00e0 une utilisation intensive et offrir des performances durables dans n'importe quel environnement.<\/p>\n<h3>Installation facile et compatibilit\u00e9 polyvalente<\/h3>\n<p>Compatibles avec la plupart des syst\u00e8mes de rack standard, les rails de montage pour rack SX garantissent une installation rapide et un support adaptable \u00e0 une large gamme d'\u00e9quipements.<\/p>","protected":false},"featured_media":4276,"comment_status":"open","ping_status":"closed","template":"","meta":[],"product_brand":[],"product_cat":[66],"product_tag":[],"class_list":{"0":"post-4320","1":"product","2":"type-product","3":"status-publish","4":"has-post-thumbnail","6":"product_cat-rack-hardware","8":"first","9":"instock","10":"shipping-taxable","11":"product-type-simple"},"yoast_head":"<!-- This site is optimized with the Yoast SEO Premium plugin v27.1 (Yoast SEO v27.2) - https:\/\/yoast.com\/product\/yoast-seo-premium-wordpress\/ -->\n<title>Rack Mounting Rails RAB102 - https:\/\/sxflightcase.com \ud83d\udc97<\/title>\n<meta name=\"description\" content=\"Rack mounting rails, factory direct! High-quality, durable rails designed for securely mounting and organizing equipment in racks.\" \/>\n<meta name=\"robots\" content=\"index, follow, max-snippet:-1, max-image-preview:large, max-video-preview:-1\" \/>\n<link rel=\"canonical\" href=\"https:\/\/sxflightcase.com\/fr\/produit\/rails-de-montage-en-rack-rab102-2\/\" \/>\n<meta property=\"og:locale\" content=\"fr_FR\" \/>\n<meta property=\"og:type\" content=\"article\" \/>\n<meta property=\"og:title\" content=\"Rack Mounting Rails RAB102\" \/>\n<meta property=\"og:description\" content=\"Rack mounting rails, factory direct! High-quality, durable rails designed for securely mounting and organizing equipment in racks.\" \/>\n<meta property=\"og:url\" content=\"https:\/\/sxflightcase.com\/fr\/produit\/rails-de-montage-en-rack-rab102-2\/\" \/>\n<meta property=\"og:site_name\" content=\"https:\/\/sxflightcase.com\" \/>\n<meta property=\"article:publisher\" content=\"https:\/\/www.facebook.com\/profile.php?id=61560407257971\" \/>\n<meta property=\"article:modified_time\" content=\"2024-09-09T06:11:31+00:00\" \/>\n<meta property=\"og:image\" content=\"https:\/\/sxflightcase.com\/wp-content\/uploads\/2024\/09\/RAB102.jpg\" \/>\n\t<meta property=\"og:image:width\" content=\"700\" \/>\n\t<meta property=\"og:image:height\" content=\"700\" \/>\n\t<meta property=\"og:image:type\" content=\"image\/jpeg\" \/>\n<meta name=\"twitter:card\" content=\"summary_large_image\" \/>\n<meta name=\"twitter:label1\" content=\"Dur\u00e9e de lecture estim\u00e9e\" \/>\n\t<meta name=\"twitter:data1\" content=\"3 minutes\" \/>\n<script type=\"application\/ld+json\" class=\"yoast-schema-graph\">{\"@context\":\"https:\/\/schema.org\",\"@graph\":[{\"@type\":\"WebPage\",\"@id\":\"https:\/\/sxflightcase.com\/product\/rack-mounting-rails-rab102\/\",\"url\":\"https:\/\/sxflightcase.com\/product\/rack-mounting-rails-rab102\/\",\"name\":\"Rack Mounting Rails RAB102 - https:\/\/sxflightcase.com \ud83d\udc97\",\"isPartOf\":{\"@id\":\"https:\/\/sxflightcase.com\/th\/#website\"},\"primaryImageOfPage\":{\"@id\":\"https:\/\/sxflightcase.com\/product\/rack-mounting-rails-rab102\/#primaryimage\"},\"image\":{\"@id\":\"https:\/\/sxflightcase.com\/product\/rack-mounting-rails-rab102\/#primaryimage\"},\"thumbnailUrl\":\"https:\/\/sxflightcase.com\/wp-content\/uploads\/2024\/09\/RAB102.jpg\",\"datePublished\":\"2024-09-09T06:11:30+00:00\",\"dateModified\":\"2024-09-09T06:11:31+00:00\",\"description\":\"Rack mounting rails, factory direct! High-quality, durable rails designed for securely mounting and organizing equipment in racks.\",\"breadcrumb\":{\"@id\":\"https:\/\/sxflightcase.com\/product\/rack-mounting-rails-rab102\/#breadcrumb\"},\"inLanguage\":\"fr-FR\",\"potentialAction\":[{\"@type\":\"ReadAction\",\"target\":[\"https:\/\/sxflightcase.com\/product\/rack-mounting-rails-rab102\/\"]}]},{\"@type\":\"ImageObject\",\"inLanguage\":\"fr-FR\",\"@id\":\"https:\/\/sxflightcase.com\/product\/rack-mounting-rails-rab102\/#primaryimage\",\"url\":\"https:\/\/sxflightcase.com\/wp-content\/uploads\/2024\/09\/RAB102.jpg\",\"contentUrl\":\"https:\/\/sxflightcase.com\/wp-content\/uploads\/2024\/09\/RAB102.jpg\",\"width\":700,\"height\":700,\"caption\":\"Rack Mounting Rails\"},{\"@type\":\"BreadcrumbList\",\"@id\":\"https:\/\/sxflightcase.com\/product\/rack-mounting-rails-rab102\/#breadcrumb\",\"itemListElement\":[{\"@type\":\"ListItem\",\"position\":1,\"name\":\"Home\",\"item\":\"https:\/\/sxflightcase.com\/\"},{\"@type\":\"ListItem\",\"position\":2,\"name\":\"\u0e2a\u0e34\u0e19\u0e04\u0e49\u0e32\",\"item\":\"https:\/\/sxflightcase.com\/th\/shop\/\"},{\"@type\":\"ListItem\",\"position\":3,\"name\":\"Rack Mounting Rails RAB102\"}]},{\"@type\":\"WebSite\",\"@id\":\"https:\/\/sxflightcase.com\/th\/#website\",\"url\":\"https:\/\/sxflightcase.com\/th\/\",\"name\":\"sxpowercase.com\",\"description\":\"Flight Case Factory\",\"publisher\":{\"@id\":\"https:\/\/sxflightcase.com\/th\/#organization\"},\"potentialAction\":[{\"@type\":\"SearchAction\",\"target\":{\"@type\":\"EntryPoint\",\"urlTemplate\":\"https:\/\/sxflightcase.com\/th\/?s={search_term_string}\"},\"query-input\":{\"@type\":\"PropertyValueSpecification\",\"valueRequired\":true,\"valueName\":\"search_term_string\"}}],\"inLanguage\":\"fr-FR\"},{\"@type\":\"Organization\",\"@id\":\"https:\/\/sxflightcase.com\/th\/#organization\",\"name\":\"sxpowercase.com\",\"url\":\"https:\/\/sxflightcase.com\/th\/\",\"logo\":{\"@type\":\"ImageObject\",\"inLanguage\":\"fr-FR\",\"@id\":\"https:\/\/sxflightcase.com\/th\/#\/schema\/logo\/image\/\",\"url\":\"https:\/\/sxflightcase.com\/wp-content\/uploads\/2024\/04\/1713919036007.jpg\",\"contentUrl\":\"https:\/\/sxflightcase.com\/wp-content\/uploads\/2024\/04\/1713919036007.jpg\",\"width\":382,\"height\":388,\"caption\":\"sxpowercase.com\"},\"image\":{\"@id\":\"https:\/\/sxflightcase.com\/th\/#\/schema\/logo\/image\/\"},\"sameAs\":[\"https:\/\/www.facebook.com\/profile.php?id=61560407257971\"],\"numberOfEmployees\":{\"@type\":\"QuantitativeValue\",\"minValue\":\"11\",\"maxValue\":\"50\"}}]}<\/script>\n<!-- \/ Yoast SEO Premium plugin. -->","yoast_head_json":{"title":"Rack Mounting Rails RAB102 - https:\/\/sxflightcase.com \ud83d\udc97","description":"Rails de montage en rack, direct usine ! Rails de haute qualit\u00e9 et durables con\u00e7us pour fixer et organiser en toute s\u00e9curit\u00e9 l'\u00e9quipement dans les racks.","robots":{"index":"index","follow":"follow","max-snippet":"max-snippet:-1","max-image-preview":"max-image-preview:large","max-video-preview":"max-video-preview:-1"},"canonical":"https:\/\/sxflightcase.com\/fr\/produit\/rails-de-montage-en-rack-rab102-2\/","og_locale":"fr_FR","og_type":"article","og_title":"Rack Mounting Rails RAB102","og_description":"Rack mounting rails, factory direct! High-quality, durable rails designed for securely mounting and organizing equipment in racks.","og_url":"https:\/\/sxflightcase.com\/fr\/produit\/rails-de-montage-en-rack-rab102-2\/","og_site_name":"https:\/\/sxflightcase.com","article_publisher":"https:\/\/www.facebook.com\/profile.php?id=61560407257971","article_modified_time":"2024-09-09T06:11:31+00:00","og_image":[{"width":700,"height":700,"url":"https:\/\/sxflightcase.com\/wp-content\/uploads\/2024\/09\/RAB102.jpg","type":"image\/jpeg"}],"twitter_card":"summary_large_image","twitter_misc":{"Dur\u00e9e de lecture estim\u00e9e":"3 minutes"},"schema":{"@context":"https:\/\/schema.org","@graph":[{"@type":"WebPage","@id":"https:\/\/sxflightcase.com\/product\/rack-mounting-rails-rab102\/","url":"https:\/\/sxflightcase.com\/product\/rack-mounting-rails-rab102\/","name":"Rack Mounting Rails RAB102 - https:\/\/sxflightcase.com \ud83d\udc97","isPartOf":{"@id":"https:\/\/sxflightcase.com\/th\/#website"},"primaryImageOfPage":{"@id":"https:\/\/sxflightcase.com\/product\/rack-mounting-rails-rab102\/#primaryimage"},"image":{"@id":"https:\/\/sxflightcase.com\/product\/rack-mounting-rails-rab102\/#primaryimage"},"thumbnailUrl":"https:\/\/sxflightcase.com\/wp-content\/uploads\/2024\/09\/RAB102.jpg","datePublished":"2024-09-09T06:11:30+00:00","dateModified":"2024-09-09T06:11:31+00:00","description":"Rails de montage en rack, direct usine ! Rails de haute qualit\u00e9 et durables con\u00e7us pour fixer et organiser en toute s\u00e9curit\u00e9 l'\u00e9quipement dans les racks.","breadcrumb":{"@id":"https:\/\/sxflightcase.com\/product\/rack-mounting-rails-rab102\/#breadcrumb"},"inLanguage":"fr-FR","potentialAction":[{"@type":"ReadAction","target":["https:\/\/sxflightcase.com\/product\/rack-mounting-rails-rab102\/"]}]},{"@type":"ImageObject","inLanguage":"fr-FR","@id":"https:\/\/sxflightcase.com\/product\/rack-mounting-rails-rab102\/#primaryimage","url":"https:\/\/sxflightcase.com\/wp-content\/uploads\/2024\/09\/RAB102.jpg","contentUrl":"https:\/\/sxflightcase.com\/wp-content\/uploads\/2024\/09\/RAB102.jpg","width":700,"height":700,"caption":"Rack Mounting Rails"},{"@type":"BreadcrumbList","@id":"https:\/\/sxflightcase.com\/product\/rack-mounting-rails-rab102\/#breadcrumb","itemListElement":[{"@type":"ListItem","position":1,"name":"Home","item":"https:\/\/sxflightcase.com\/"},{"@type":"ListItem","position":2,"name":"\u0e2a\u0e34\u0e19\u0e04\u0e49\u0e32","item":"https:\/\/sxflightcase.com\/th\/shop\/"},{"@type":"ListItem","position":3,"name":"Rack Mounting Rails RAB102"}]},{"@type":"WebSite","@id":"https:\/\/sxflightcase.com\/th\/#website","url":"https:\/\/sxflightcase.com\/th\/","name":"sxpowercase.com","description":"Flight Case Factory","publisher":{"@id":"https:\/\/sxflightcase.com\/th\/#organization"},"potentialAction":[{"@type":"SearchAction","target":{"@type":"EntryPoint","urlTemplate":"https:\/\/sxflightcase.com\/th\/?s={search_term_string}"},"query-input":{"@type":"PropertyValueSpecification","valueRequired":true,"valueName":"search_term_string"}}],"inLanguage":"fr-FR"},{"@type":"Organization","@id":"https:\/\/sxflightcase.com\/th\/#organization","name":"sxpowercase.com","url":"https:\/\/sxflightcase.com\/th\/","logo":{"@type":"ImageObject","inLanguage":"fr-FR","@id":"https:\/\/sxflightcase.com\/th\/#\/schema\/logo\/image\/","url":"https:\/\/sxflightcase.com\/wp-content\/uploads\/2024\/04\/1713919036007.jpg","contentUrl":"https:\/\/sxflightcase.com\/wp-content\/uploads\/2024\/04\/1713919036007.jpg","width":382,"height":388,"caption":"sxpowercase.com"},"image":{"@id":"https:\/\/sxflightcase.com\/th\/#\/schema\/logo\/image\/"},"sameAs":["https:\/\/www.facebook.com\/profile.php?id=61560407257971"],"numberOfEmployees":{"@type":"QuantitativeValue","minValue":"11","maxValue":"50"}}]}},"_links":{"self":[{"href":"https:\/\/sxflightcase.com\/fr\/wp-json\/wp\/v2\/product\/4320","targetHints":{"allow":["GET"]}}],"collection":[{"href":"https:\/\/sxflightcase.com\/fr\/wp-json\/wp\/v2\/product"}],"about":[{"href":"https:\/\/sxflightcase.com\/fr\/wp-json\/wp\/v2\/types\/product"}],"replies":[{"embeddable":true,"href":"https:\/\/sxflightcase.com\/fr\/wp-json\/wp\/v2\/comments?post=4320"}],"version-history":[{"count":0,"href":"https:\/\/sxflightcase.com\/fr\/wp-json\/wp\/v2\/product\/4320\/revisions"}],"wp:featuredmedia":[{"embeddable":true,"href":"https:\/\/sxflightcase.com\/fr\/wp-json\/wp\/v2\/media\/4276"}],"wp:attachment":[{"href":"https:\/\/sxflightcase.com\/fr\/wp-json\/wp\/v2\/media?parent=4320"}],"wp:term":[{"taxonomy":"product_brand","embeddable":true,"href":"https:\/\/sxflightcase.com\/fr\/wp-json\/wp\/v2\/product_brand?post=4320"},{"taxonomy":"product_cat","embeddable":true,"href":"https:\/\/sxflightcase.com\/fr\/wp-json\/wp\/v2\/product_cat?post=4320"},{"taxonomy":"product_tag","embeddable":true,"href":"https:\/\/sxflightcase.com\/fr\/wp-json\/wp\/v2\/product_tag?post=4320"}],"curies":[{"name":"wp","href":"https:\/\/api.w.org\/{rel}","templated":true}]}}