{"id":4321,"date":"2024-09-09T07:19:35","date_gmt":"2024-09-09T06:19:35","guid":{"rendered":"https:\/\/sxpowercase.com\/?post_type=product&#038;p=4321"},"modified":"2024-09-09T07:19:36","modified_gmt":"2024-09-09T06:19:36","slug":"rack-mounting-rails-rab103","status":"publish","type":"product","link":"https:\/\/sxflightcase.com\/fr\/produit\/rails-de-montage-en-rack-rab103-2\/","title":{"rendered":"Rails de montage en rack RAB103"},"content":{"rendered":"<h3>Rails de montage en rack SX de premi\u00e8re qualit\u00e9 pour chaque configuration<\/h3>\n<p>Vous cherchez un moyen fiable et rentable de monter votre \u00e9quipement ? <strong>SX <a href=\"https:\/\/sxpowercase.com\/product\/rack-mounting-rails-rab102\/\">Rails de montage en rack<\/a><\/strong> constituent la solution id\u00e9ale pour les installations professionnelles, qu'il s'agisse de studios, de salles de serveurs ou d'espaces industriels. <strong>SX<\/strong> offre des prix directs d'usine, garantissant des produits de haute qualit\u00e9 sans les co\u00fbts \u00e9lev\u00e9s.<\/p>\n<h3>Construit pour une durabilit\u00e9 maximale<\/h3>\n<p>Chaque <strong>Rail de montage en rack<\/strong> de <strong><a href=\"https:\/\/sxpowercase.com\/\" target=\"_blank\" rel=\"noopener\" title=\"SX\" data-wpil-monitor-id=\"732\">SX<\/a><\/strong> sont construits avec des mat\u00e9riaux robustes, offrant une durabilit\u00e9 \u00e0 long terme, m\u00eame sous de lourdes charges. Con\u00e7us pour r\u00e9sister aux conditions les plus difficiles, ces rails offrent un support fiable pour tous vos besoins de montage. Confiance <strong>SX<\/strong> pour la solidit\u00e9 et la stabilit\u00e9 de chaque produit.<\/p>\n<h3>Simplicit\u00e9 d'installation et d'adaptation<\/h3>\n<p>Notre <strong>Rails de montage en rack<\/strong> sont faciles \u00e0 installer et s'adaptent \u00e0 un large \u00e9ventail de configurations. Qu'il s'agisse de monter des \u00e9quipements audio, des serveurs informatiques ou du mat\u00e9riel industriel, <strong>SX<\/strong> rendent le processus fluide et efficace. De conception polyvalente, ils s'int\u00e8grent parfaitement \u00e0 tout syst\u00e8me de rack standard.<\/p>\n<h3>\u00c9conomies directes \u00e0 l'usine<\/h3>\n<p>\u00c0 <strong>SX<\/strong>En outre, nous proposons des prix directs d'usine, ce qui signifie que vous b\u00e9n\u00e9ficiez d'une qualit\u00e9 sup\u00e9rieure \u00e0 moindre co\u00fbt. Il n'est pas n\u00e9cessaire de faire des compromis sur la qualit\u00e9 lorsque vous pouvez acc\u00e9der \u00e0 des solutions abordables directement \u00e0 la source. Avec <strong>SX<\/strong>vous trouverez le meilleur rapport qualit\u00e9-prix pour votre budget, c'est garanti.<\/p>\n<h3>Montage s\u00fbr et s\u00e9curis\u00e9 des \u00e9quipements<\/h3>\n<p>Le <strong>Rails de montage en rack<\/strong> par <strong>SX<\/strong> offrent la stabilit\u00e9 et la s\u00e9curit\u00e9 n\u00e9cessaires aux \u00e9quipements lourds ou d\u00e9licats. Vous pouvez \u00eatre s\u00fbr que vos appareils sont maintenus fermement en place, ce qui r\u00e9duit le risque de chutes accidentelles ou de dommages. Cette fiabilit\u00e9 garantit la s\u00e9curit\u00e9 de votre mat\u00e9riel de valeur pendant son utilisation.<\/p>\n<h3>Id\u00e9al pour une vari\u00e9t\u00e9 d'applications<\/h3>\n<p>Quel que soit le type d'installation avec lequel vous travaillez, <strong>Rails de montage en rack SX<\/strong> offrent la flexibilit\u00e9 et la r\u00e9sistance n\u00e9cessaires. Des centres de donn\u00e9es aux studios de diffusion, nos rails sont con\u00e7us pour la polyvalence. Avec une r\u00e9putation de qualit\u00e9 et de r\u00e9sistance, <strong>SX<\/strong> font l'objet de la confiance des professionnels du monde entier.<\/p>\n<h3>Une assurance qualit\u00e9 \u00e0 laquelle vous pouvez faire confiance<\/h3>\n<p>\u00c0 <strong>SX<\/strong>Nous nous engageons \u00e0 offrir ce qu'il y a de mieux. Chaque <strong>Rail de montage en rack<\/strong> est soumis \u00e0 des contr\u00f4les de qualit\u00e9 rigoureux, ce qui garantit qu'il r\u00e9pond aux normes les plus strictes. Vous pouvez \u00eatre s\u00fbr que lorsque vous choisissez <strong>SX<\/strong>vous investissez dans un produit qui allie durabilit\u00e9, fiabilit\u00e9 et prix abordable.<\/p>\n<p>Faites le bon choix pour votre prochain projet avec <strong>Rails de montage en rack SX<\/strong>-une qualit\u00e9 sur laquelle vous pouvez compter \u00e0 un prix abordable.<\/p>\n<ol>\n<li>Contactez-nous maintenant :<span style=\"color: #0000ff;\"><a style=\"color: #0000ff;\" href=\"https:\/\/sxpowercase.com\/contact-us\/\">https:\/\/sxpowercase.com\/<\/a><\/span><\/li>\n<li>Catalogue de produits mat\u00e9riels :<span style=\"color: #3366ff;\"><a style=\"color: #3366ff;\" href=\"https:\/\/sxpowercase.com\/wp-content\/uploads\/2024\/07\/\u4e94\u91d1.pdf\">Catalogue d&#039;accessoires de quincaillerie<\/a><\/span><\/li>\n<\/ol>","protected":false},"excerpt":{"rendered":"<h3>S\u00e9curisez votre \u00e9quipement avec les rails de montage en rack SX<\/h3>\n<p>Les rails de montage en rack SX offrent un support solide et fiable pour votre installation professionnelle, garantissant la stabilit\u00e9 et la s\u00e9curit\u00e9 de votre mat\u00e9riel \u00e0 des prix d'usine.<\/p>\n<h3>Durable et con\u00e7u pour durer<\/h3>\n<p>Fabriqu\u00e9s \u00e0 partir de mat\u00e9riaux de premi\u00e8re qualit\u00e9, les rails de montage pour rack SX sont con\u00e7us pour r\u00e9sister \u00e0 une utilisation intensive et offrir des performances durables dans n'importe quel environnement.<\/p>\n<h3>Installation facile et compatibilit\u00e9 polyvalente<\/h3>\n<p>Compatibles avec la plupart des syst\u00e8mes de rack standard, les rails de montage pour rack SX garantissent une installation rapide et un support adaptable \u00e0 une large gamme d'\u00e9quipements.<\/p>","protected":false},"featured_media":4277,"comment_status":"open","ping_status":"closed","template":"","meta":[],"product_brand":[],"product_cat":[66],"product_tag":[],"class_list":{"0":"post-4321","1":"product","2":"type-product","3":"status-publish","4":"has-post-thumbnail","6":"product_cat-rack-hardware","8":"first","9":"instock","10":"shipping-taxable","11":"product-type-simple"},"yoast_head":"<!-- This site is optimized with the Yoast SEO Premium plugin v27.1 (Yoast SEO v27.2) - https:\/\/yoast.com\/product\/yoast-seo-premium-wordpress\/ -->\n<title>Rack Mounting Rails RAB103 - https:\/\/sxflightcase.com \ud83d\udc97<\/title>\n<meta name=\"description\" content=\"Rack mounting rails, factory direct! High-quality, durable rails designed for securely mounting and organizing equipment in racks.\" \/>\n<meta name=\"robots\" content=\"index, follow, max-snippet:-1, max-image-preview:large, max-video-preview:-1\" \/>\n<link rel=\"canonical\" href=\"https:\/\/sxflightcase.com\/fr\/produit\/rails-de-montage-en-rack-rab103-2\/\" \/>\n<meta property=\"og:locale\" content=\"fr_FR\" \/>\n<meta property=\"og:type\" content=\"article\" \/>\n<meta property=\"og:title\" content=\"Rack Mounting Rails RAB103\" \/>\n<meta property=\"og:description\" content=\"Rack mounting rails, factory direct! High-quality, durable rails designed for securely mounting and organizing equipment in racks.\" \/>\n<meta property=\"og:url\" content=\"https:\/\/sxflightcase.com\/fr\/produit\/rails-de-montage-en-rack-rab103-2\/\" \/>\n<meta property=\"og:site_name\" content=\"https:\/\/sxflightcase.com\" \/>\n<meta property=\"article:publisher\" content=\"https:\/\/www.facebook.com\/profile.php?id=61560407257971\" \/>\n<meta property=\"article:modified_time\" content=\"2024-09-09T06:19:36+00:00\" \/>\n<meta property=\"og:image\" content=\"https:\/\/sxflightcase.com\/wp-content\/uploads\/2024\/09\/RAB103.jpg\" \/>\n\t<meta property=\"og:image:width\" content=\"700\" \/>\n\t<meta property=\"og:image:height\" content=\"700\" \/>\n\t<meta property=\"og:image:type\" content=\"image\/jpeg\" \/>\n<meta name=\"twitter:card\" content=\"summary_large_image\" \/>\n<meta name=\"twitter:label1\" content=\"Dur\u00e9e de lecture estim\u00e9e\" \/>\n\t<meta name=\"twitter:data1\" content=\"3 minutes\" \/>\n<script type=\"application\/ld+json\" class=\"yoast-schema-graph\">{\"@context\":\"https:\/\/schema.org\",\"@graph\":[{\"@type\":\"WebPage\",\"@id\":\"https:\/\/sxflightcase.com\/product\/rack-mounting-rails-rab103\/\",\"url\":\"https:\/\/sxflightcase.com\/product\/rack-mounting-rails-rab103\/\",\"name\":\"Rack Mounting Rails RAB103 - https:\/\/sxflightcase.com \ud83d\udc97\",\"isPartOf\":{\"@id\":\"https:\/\/sxflightcase.com\/th\/#website\"},\"primaryImageOfPage\":{\"@id\":\"https:\/\/sxflightcase.com\/product\/rack-mounting-rails-rab103\/#primaryimage\"},\"image\":{\"@id\":\"https:\/\/sxflightcase.com\/product\/rack-mounting-rails-rab103\/#primaryimage\"},\"thumbnailUrl\":\"https:\/\/sxflightcase.com\/wp-content\/uploads\/2024\/09\/RAB103.jpg\",\"datePublished\":\"2024-09-09T06:19:35+00:00\",\"dateModified\":\"2024-09-09T06:19:36+00:00\",\"description\":\"Rack mounting rails, factory direct! High-quality, durable rails designed for securely mounting and organizing equipment in racks.\",\"breadcrumb\":{\"@id\":\"https:\/\/sxflightcase.com\/product\/rack-mounting-rails-rab103\/#breadcrumb\"},\"inLanguage\":\"fr-FR\",\"potentialAction\":[{\"@type\":\"ReadAction\",\"target\":[\"https:\/\/sxflightcase.com\/product\/rack-mounting-rails-rab103\/\"]}]},{\"@type\":\"ImageObject\",\"inLanguage\":\"fr-FR\",\"@id\":\"https:\/\/sxflightcase.com\/product\/rack-mounting-rails-rab103\/#primaryimage\",\"url\":\"https:\/\/sxflightcase.com\/wp-content\/uploads\/2024\/09\/RAB103.jpg\",\"contentUrl\":\"https:\/\/sxflightcase.com\/wp-content\/uploads\/2024\/09\/RAB103.jpg\",\"width\":700,\"height\":700,\"caption\":\"Rack Mounting Rails\"},{\"@type\":\"BreadcrumbList\",\"@id\":\"https:\/\/sxflightcase.com\/product\/rack-mounting-rails-rab103\/#breadcrumb\",\"itemListElement\":[{\"@type\":\"ListItem\",\"position\":1,\"name\":\"Home\",\"item\":\"https:\/\/sxflightcase.com\/\"},{\"@type\":\"ListItem\",\"position\":2,\"name\":\"\u0e2a\u0e34\u0e19\u0e04\u0e49\u0e32\",\"item\":\"https:\/\/sxflightcase.com\/th\/shop\/\"},{\"@type\":\"ListItem\",\"position\":3,\"name\":\"Rack Mounting Rails RAB103\"}]},{\"@type\":\"WebSite\",\"@id\":\"https:\/\/sxflightcase.com\/th\/#website\",\"url\":\"https:\/\/sxflightcase.com\/th\/\",\"name\":\"sxpowercase.com\",\"description\":\"Flight Case Factory\",\"publisher\":{\"@id\":\"https:\/\/sxflightcase.com\/th\/#organization\"},\"potentialAction\":[{\"@type\":\"SearchAction\",\"target\":{\"@type\":\"EntryPoint\",\"urlTemplate\":\"https:\/\/sxflightcase.com\/th\/?s={search_term_string}\"},\"query-input\":{\"@type\":\"PropertyValueSpecification\",\"valueRequired\":true,\"valueName\":\"search_term_string\"}}],\"inLanguage\":\"fr-FR\"},{\"@type\":\"Organization\",\"@id\":\"https:\/\/sxflightcase.com\/th\/#organization\",\"name\":\"sxpowercase.com\",\"url\":\"https:\/\/sxflightcase.com\/th\/\",\"logo\":{\"@type\":\"ImageObject\",\"inLanguage\":\"fr-FR\",\"@id\":\"https:\/\/sxflightcase.com\/th\/#\/schema\/logo\/image\/\",\"url\":\"https:\/\/sxflightcase.com\/wp-content\/uploads\/2024\/04\/1713919036007.jpg\",\"contentUrl\":\"https:\/\/sxflightcase.com\/wp-content\/uploads\/2024\/04\/1713919036007.jpg\",\"width\":382,\"height\":388,\"caption\":\"sxpowercase.com\"},\"image\":{\"@id\":\"https:\/\/sxflightcase.com\/th\/#\/schema\/logo\/image\/\"},\"sameAs\":[\"https:\/\/www.facebook.com\/profile.php?id=61560407257971\"],\"numberOfEmployees\":{\"@type\":\"QuantitativeValue\",\"minValue\":\"11\",\"maxValue\":\"50\"}}]}<\/script>\n<!-- \/ Yoast SEO Premium plugin. -->","yoast_head_json":{"title":"Rack Mounting Rails RAB103 - https:\/\/sxflightcase.com \ud83d\udc97","description":"Rails de montage en rack, direct usine ! Rails de haute qualit\u00e9 et durables con\u00e7us pour fixer et organiser en toute s\u00e9curit\u00e9 l'\u00e9quipement dans les racks.","robots":{"index":"index","follow":"follow","max-snippet":"max-snippet:-1","max-image-preview":"max-image-preview:large","max-video-preview":"max-video-preview:-1"},"canonical":"https:\/\/sxflightcase.com\/fr\/produit\/rails-de-montage-en-rack-rab103-2\/","og_locale":"fr_FR","og_type":"article","og_title":"Rack Mounting Rails RAB103","og_description":"Rack mounting rails, factory direct! High-quality, durable rails designed for securely mounting and organizing equipment in racks.","og_url":"https:\/\/sxflightcase.com\/fr\/produit\/rails-de-montage-en-rack-rab103-2\/","og_site_name":"https:\/\/sxflightcase.com","article_publisher":"https:\/\/www.facebook.com\/profile.php?id=61560407257971","article_modified_time":"2024-09-09T06:19:36+00:00","og_image":[{"width":700,"height":700,"url":"https:\/\/sxflightcase.com\/wp-content\/uploads\/2024\/09\/RAB103.jpg","type":"image\/jpeg"}],"twitter_card":"summary_large_image","twitter_misc":{"Dur\u00e9e de lecture estim\u00e9e":"3 minutes"},"schema":{"@context":"https:\/\/schema.org","@graph":[{"@type":"WebPage","@id":"https:\/\/sxflightcase.com\/product\/rack-mounting-rails-rab103\/","url":"https:\/\/sxflightcase.com\/product\/rack-mounting-rails-rab103\/","name":"Rack Mounting Rails RAB103 - https:\/\/sxflightcase.com \ud83d\udc97","isPartOf":{"@id":"https:\/\/sxflightcase.com\/th\/#website"},"primaryImageOfPage":{"@id":"https:\/\/sxflightcase.com\/product\/rack-mounting-rails-rab103\/#primaryimage"},"image":{"@id":"https:\/\/sxflightcase.com\/product\/rack-mounting-rails-rab103\/#primaryimage"},"thumbnailUrl":"https:\/\/sxflightcase.com\/wp-content\/uploads\/2024\/09\/RAB103.jpg","datePublished":"2024-09-09T06:19:35+00:00","dateModified":"2024-09-09T06:19:36+00:00","description":"Rails de montage en rack, direct usine ! Rails de haute qualit\u00e9 et durables con\u00e7us pour fixer et organiser en toute s\u00e9curit\u00e9 l'\u00e9quipement dans les racks.","breadcrumb":{"@id":"https:\/\/sxflightcase.com\/product\/rack-mounting-rails-rab103\/#breadcrumb"},"inLanguage":"fr-FR","potentialAction":[{"@type":"ReadAction","target":["https:\/\/sxflightcase.com\/product\/rack-mounting-rails-rab103\/"]}]},{"@type":"ImageObject","inLanguage":"fr-FR","@id":"https:\/\/sxflightcase.com\/product\/rack-mounting-rails-rab103\/#primaryimage","url":"https:\/\/sxflightcase.com\/wp-content\/uploads\/2024\/09\/RAB103.jpg","contentUrl":"https:\/\/sxflightcase.com\/wp-content\/uploads\/2024\/09\/RAB103.jpg","width":700,"height":700,"caption":"Rack Mounting Rails"},{"@type":"BreadcrumbList","@id":"https:\/\/sxflightcase.com\/product\/rack-mounting-rails-rab103\/#breadcrumb","itemListElement":[{"@type":"ListItem","position":1,"name":"Home","item":"https:\/\/sxflightcase.com\/"},{"@type":"ListItem","position":2,"name":"\u0e2a\u0e34\u0e19\u0e04\u0e49\u0e32","item":"https:\/\/sxflightcase.com\/th\/shop\/"},{"@type":"ListItem","position":3,"name":"Rack Mounting Rails RAB103"}]},{"@type":"WebSite","@id":"https:\/\/sxflightcase.com\/th\/#website","url":"https:\/\/sxflightcase.com\/th\/","name":"sxpowercase.com","description":"Flight Case Factory","publisher":{"@id":"https:\/\/sxflightcase.com\/th\/#organization"},"potentialAction":[{"@type":"SearchAction","target":{"@type":"EntryPoint","urlTemplate":"https:\/\/sxflightcase.com\/th\/?s={search_term_string}"},"query-input":{"@type":"PropertyValueSpecification","valueRequired":true,"valueName":"search_term_string"}}],"inLanguage":"fr-FR"},{"@type":"Organization","@id":"https:\/\/sxflightcase.com\/th\/#organization","name":"sxpowercase.com","url":"https:\/\/sxflightcase.com\/th\/","logo":{"@type":"ImageObject","inLanguage":"fr-FR","@id":"https:\/\/sxflightcase.com\/th\/#\/schema\/logo\/image\/","url":"https:\/\/sxflightcase.com\/wp-content\/uploads\/2024\/04\/1713919036007.jpg","contentUrl":"https:\/\/sxflightcase.com\/wp-content\/uploads\/2024\/04\/1713919036007.jpg","width":382,"height":388,"caption":"sxpowercase.com"},"image":{"@id":"https:\/\/sxflightcase.com\/th\/#\/schema\/logo\/image\/"},"sameAs":["https:\/\/www.facebook.com\/profile.php?id=61560407257971"],"numberOfEmployees":{"@type":"QuantitativeValue","minValue":"11","maxValue":"50"}}]}},"_links":{"self":[{"href":"https:\/\/sxflightcase.com\/fr\/wp-json\/wp\/v2\/product\/4321","targetHints":{"allow":["GET"]}}],"collection":[{"href":"https:\/\/sxflightcase.com\/fr\/wp-json\/wp\/v2\/product"}],"about":[{"href":"https:\/\/sxflightcase.com\/fr\/wp-json\/wp\/v2\/types\/product"}],"replies":[{"embeddable":true,"href":"https:\/\/sxflightcase.com\/fr\/wp-json\/wp\/v2\/comments?post=4321"}],"version-history":[{"count":0,"href":"https:\/\/sxflightcase.com\/fr\/wp-json\/wp\/v2\/product\/4321\/revisions"}],"wp:featuredmedia":[{"embeddable":true,"href":"https:\/\/sxflightcase.com\/fr\/wp-json\/wp\/v2\/media\/4277"}],"wp:attachment":[{"href":"https:\/\/sxflightcase.com\/fr\/wp-json\/wp\/v2\/media?parent=4321"}],"wp:term":[{"taxonomy":"product_brand","embeddable":true,"href":"https:\/\/sxflightcase.com\/fr\/wp-json\/wp\/v2\/product_brand?post=4321"},{"taxonomy":"product_cat","embeddable":true,"href":"https:\/\/sxflightcase.com\/fr\/wp-json\/wp\/v2\/product_cat?post=4321"},{"taxonomy":"product_tag","embeddable":true,"href":"https:\/\/sxflightcase.com\/fr\/wp-json\/wp\/v2\/product_tag?post=4321"}],"curies":[{"name":"wp","href":"https:\/\/api.w.org\/{rel}","templated":true}]}}